{"id":39699,"date":"2020-08-18T14:20:23","date_gmt":"2020-08-18T12:20:23","guid":{"rendered":"https:\/\/tierpark-bern.ch\/impressum\/"},"modified":"2023-11-21T12:13:47","modified_gmt":"2023-11-21T11:13:47","slug":"mentions-legales","status":"publish","type":"page","link":"https:\/\/tierpark-bern.ch\/fr\/mentions-legales\/","title":{"rendered":"Mentions l\u00e9gales"},"content":{"rendered":"<div class=\"wpb-content-wrapper\"><p>[vc_row][vc_column][vc_column_text]<\/p>\n<h1>Mentions l\u00e9gales<\/h1>\n<p>[\/vc_column_text][vc_column_text]<\/p>\n<h2>Adresse de contact<\/h2>\n<p>Tierpark Bern<br \/>\nTierparkweg 1<br \/>\n3005 Berne<\/p>\n<p>T\u00e9l\u00e9phone: +41 31 321 15 15<br \/>\nE-Mail: tierpark-bern@bern.ch<\/p>\n<p><a class=\"button button--tierpark\" href=\"https:\/\/tierpark-bern.ch\/fr\/parc-zoologique-de-berne\/contact\/\">Contact<\/a><\/p>\n<p>&nbsp;<\/p>\n<h2>Ces mentions l\u00e9gales s&#8217;appliquent \u00e9galement \u00e0 nos canaux de m\u00e9dias sociaux sur<\/h2>\n<p>YouTube: <a href=\"https:\/\/www.youtube.com\/c\/TierparkBernD\u00e4hlh\u00f6lzliB\u00e4renPark\" target=\"_blank\" rel=\"noopener\">https:\/\/www.youtube.com\/c\/TierparkBernD\u00e4hlh\u00f6lzliB\u00e4renPark<\/a><\/p>\n<p>Twitter: <a href=\"https:\/\/twitter.com\/tierparkbern\" target=\"_blank\" rel=\"noopener\">https:\/\/twitter.com\/tierparkbern<\/a><\/p>\n<p>Facebook: <a href=\"https:\/\/www.facebook.com\/tierparkbern\" target=\"_blank\" rel=\"noopener\">https:\/\/www.facebook.com\/tierparkbern<\/a><\/p>\n<p>Instagram: <a href=\"https:\/\/www.instagram.com\/tierparkbern\" target=\"_blank\" rel=\"noopener\">https:\/\/www.instagram.com\/tierparkbern<\/a><\/p>\n<p>&nbsp;<\/p>\n<h2>Droits d&#8217;auteur du contenu<\/h2>\n<p>Les droits d&#8217;auteur et tous les autres droits li\u00e9s aux contenus, images, photos ou autres fichiers pr\u00e9sents sur le site Internet appartiennent exclusivement au parc zoologique de Berne ou aux d\u00e9tenteurs de droits sp\u00e9cialement cit\u00e9s et sont destin\u00e9s \u00e0 l&#8217;information personnelle des visiteurs et non \u00e0 un usage commercial. Pour la reproduction de contenus en dehors des communiqu\u00e9s de presse, l&#8217;accord \u00e9crit des d\u00e9tenteurs des droits d&#8217;auteur doit \u00eatre demand\u00e9 au pr\u00e9alable au parc zoologique de Berne. M\u00eame si l&#8217;autorisation est accord\u00e9e, parc zoologique de Berne doit \u00eatre express\u00e9ment mentionn\u00e9 comme auteur. Sauf mention contraire, les droits des photos et des images appartiennent \u00e0 RANDO ou au parc zoologique de Berne.<\/p>\n<p>Dans la mesure o\u00f9 les contenus de ce site Internet n&#8217;ont pas \u00e9t\u00e9 cr\u00e9\u00e9s par le parc zoologique de Berne, les droits d&#8217;auteur de tiers sont respect\u00e9s. Les contenus de tiers sont notamment signal\u00e9s comme tels. Si vous deviez malgr\u00e9 tout constater une violation des droits d&#8217;auteur, nous vous prions de nous en informer. D\u00e8s que nous aurons connaissance d&#8217;une violation de la loi, nous supprimerons imm\u00e9diatement les contenus en question.<\/p>\n<p><a class=\"button button--tierpark\" href=\"https:\/\/tierpark-bern.ch\/fr\/parc-zoologique-de-berne\/contact\/\">Donner son avis sur le site web<\/a><\/p>\n<p>&nbsp;<\/p>\n<h2>Clause de non-responsabilit\u00e9<\/h2>\n<p>Le parc zoologique de Berne n&#8217;assume aucune responsabilit\u00e9 quant \u00e0 la v\u00e9racit\u00e9, l&#8217;exactitude, l&#8217;actualit\u00e9, la fiabilit\u00e9 et l&#8217;exhaustivit\u00e9 des informations contenues sur www.tierpark-bern.ch.<\/p>\n<p>Le parc zoologique de Berne ne saurait \u00eatre tenu pour responsable des dommages mat\u00e9riels ou immat\u00e9riels qui pourraient \u00eatre caus\u00e9s par l&#8217;acc\u00e8s aux informations diffus\u00e9es ou par leur utilisation ou non-utilisation, par le mauvais usage de la connexion ou par des probl\u00e8mes techniques.<\/p>\n<p>Toutes les offres sont sans engagement. Le parc zoologique de Berne se r\u00e9serve express\u00e9ment le droit de modifier, de compl\u00e9ter ou de supprimer des parties de pages ou l&#8217;ensemble de l&#8217;offre sans avis pr\u00e9alable, ou d&#8217;en suspendre temporairement ou d\u00e9finitivement la publication.<\/p>\n<p>Les renvois et liens vers des sites Internet de tiers ne rel\u00e8vent pas de la responsabilit\u00e9 du Tierpark Bern. Il d\u00e9cline toute responsabilit\u00e9 pour de tels sites. L&#8217;acc\u00e8s \u00e0 de tels sites et leur utilisation se font aux risques et p\u00e9rils de l&#8217;utilisateur ou de l&#8217;utilisatrice.<\/p>\n<p>&nbsp;<\/p>\n<h2>Commentaires sur l\u2019accessibilit\u00e9 du site web<\/h2>\n<p>Si vous avez constat\u00e9 des lacunes dans l\u2019accessibilit\u00e9 des contenus de notre site Internet, veuillez remplir le formulaire ad hoc. Gr\u00e2ce aux remarques qui nous sont adress\u00e9es, nous disposons d\u2019informations indispensables pour continuer \u00e0 supprimer les obstacles \u00e0 l\u2019accessibilit\u00e9.<\/p>\n<p><a class=\"button button--tierpark\" href=\"https:\/\/tierpark-bern.ch\/fr\/visite-au-zoo\/accessibilite-du-parc-zoologique\/retours-dinformation-sur-laccessibilite\/\">Donner son avis sur le site web<\/a>[\/vc_column_text][\/vc_column][\/vc_row]<\/p>\n<\/div>","protected":false},"excerpt":{"rendered":"<p>Si vous avez constat\u00e9 des lacunes dans l\u2019accessibilit\u00e9 des contenus de notre site Internet, veuillez remplir le formulaire ad hoc<\/p>\n","protected":false},"author":1,"featured_media":24249,"parent":0,"menu_order":0,"comment_status":"closed","ping_status":"closed","template":"","meta":{"_acf_changed":false,"footnotes":""},"class_list":["post-39699","page","type-page","status-publish","has-post-thumbnail","hentry"],"acf":[],"yoast_head":"<title>Mentions l\u00e9gales | Tierpark Bern<\/title>\n<meta name=\"description\" content=\"Si vous avez constat\u00e9 des lacunes dans l\u2019accessibilit\u00e9 des contenus de notre site Internet, veuillez remplir le formulaire ad hoc\" \/>\n<meta name=\"robots\" content=\"index, follow, max-snippet:-1, max-image-preview:large, max-video-preview:-1\" \/>\n<link rel=\"canonical\" href=\"https:\/\/tierpark-bern.ch\/fr\/mentions-legales\/\" \/>\n<meta property=\"og:locale\" content=\"fr_FR\" \/>\n<meta property=\"og:type\" content=\"article\" \/>\n<meta property=\"og:title\" content=\"Mentions l\u00e9gales | Tierpark Bern\" \/>\n<meta property=\"og:description\" content=\"Si vous avez constat\u00e9 des lacunes dans l\u2019accessibilit\u00e9 des contenus de notre site Internet, veuillez remplir le formulaire ad hoc\" \/>\n<meta property=\"og:url\" content=\"https:\/\/tierpark-bern.ch\/fr\/mentions-legales\/\" \/>\n<meta property=\"og:site_name\" content=\"Tierpark Bern\" \/>\n<meta property=\"article:publisher\" content=\"https:\/\/www.facebook.com\/tierparkbern\/\" \/>\n<meta property=\"article:modified_time\" content=\"2023-11-21T11:13:47+00:00\" \/>\n<meta property=\"og:image\" content=\"https:\/\/tierpark-bern.ch\/web\/app\/uploads\/2022\/02\/Acanthurus-olivaceus-2.jpg\" \/>\n\t<meta property=\"og:image:width\" content=\"1500\" \/>\n\t<meta property=\"og:image:height\" content=\"998\" \/>\n\t<meta property=\"og:image:type\" content=\"image\/jpeg\" \/>\n<script type=\"application\/ld+json\" class=\"yoast-schema-graph\">{\"@context\":\"https:\/\/schema.org\",\"@graph\":[{\"@type\":\"WebPage\",\"@id\":\"https:\/\/tierpark-bern.ch\/fr\/mentions-legales\/\",\"url\":\"https:\/\/tierpark-bern.ch\/fr\/mentions-legales\/\",\"name\":\"Mentions l\u00e9gales | Tierpark Bern\",\"isPartOf\":{\"@id\":\"https:\/\/tierpark-bern.ch\/fr\/#website\"},\"primaryImageOfPage\":{\"@id\":\"https:\/\/tierpark-bern.ch\/fr\/mentions-legales\/#primaryimage\"},\"image\":{\"@id\":\"https:\/\/tierpark-bern.ch\/fr\/mentions-legales\/#primaryimage\"},\"thumbnailUrl\":\"https:\/\/tierpark-bern.ch\/web\/app\/uploads\/2022\/02\/Acanthurus-olivaceus-2.jpg\",\"datePublished\":\"2020-08-18T12:20:23+00:00\",\"dateModified\":\"2023-11-21T11:13:47+00:00\",\"description\":\"Si vous avez constat\u00e9 des lacunes dans l\u2019accessibilit\u00e9 des contenus de notre site Internet, veuillez remplir le formulaire ad hoc\",\"breadcrumb\":{\"@id\":\"https:\/\/tierpark-bern.ch\/fr\/mentions-legales\/#breadcrumb\"},\"inLanguage\":\"fr-FR\",\"potentialAction\":[{\"@type\":\"ReadAction\",\"target\":[\"https:\/\/tierpark-bern.ch\/fr\/mentions-legales\/\"]}]},{\"@type\":\"ImageObject\",\"inLanguage\":\"fr-FR\",\"@id\":\"https:\/\/tierpark-bern.ch\/fr\/mentions-legales\/#primaryimage\",\"url\":\"https:\/\/tierpark-bern.ch\/web\/app\/uploads\/2022\/02\/Acanthurus-olivaceus-2.jpg\",\"contentUrl\":\"https:\/\/tierpark-bern.ch\/web\/app\/uploads\/2022\/02\/Acanthurus-olivaceus-2.jpg\",\"width\":1500,\"height\":998},{\"@type\":\"BreadcrumbList\",\"@id\":\"https:\/\/tierpark-bern.ch\/fr\/mentions-legales\/#breadcrumb\",\"itemListElement\":[{\"@type\":\"ListItem\",\"position\":1,\"name\":\"Home\",\"item\":\"https:\/\/tierpark-bern.ch\/fr\/home\/\"},{\"@type\":\"ListItem\",\"position\":2,\"name\":\"Mentions l\u00e9gales\"}]},{\"@type\":\"WebSite\",\"@id\":\"https:\/\/tierpark-bern.ch\/fr\/#website\",\"url\":\"https:\/\/tierpark-bern.ch\/fr\/\",\"name\":\"Tierpark Bern\",\"description\":\"\",\"publisher\":{\"@id\":\"https:\/\/tierpark-bern.ch\/fr\/#organization\"},\"potentialAction\":[{\"@type\":\"SearchAction\",\"target\":{\"@type\":\"EntryPoint\",\"urlTemplate\":\"https:\/\/tierpark-bern.ch\/fr\/?s={search_term_string}\"},\"query-input\":{\"@type\":\"PropertyValueSpecification\",\"valueRequired\":true,\"valueName\":\"search_term_string\"}}],\"inLanguage\":\"fr-FR\"},{\"@type\":\"Organization\",\"@id\":\"https:\/\/tierpark-bern.ch\/fr\/#organization\",\"name\":\"Tierpark Bern | D\u00e4hlh\u00f6lzli + B\u00e4renPark\",\"alternateName\":\"Tierpark Bern\",\"url\":\"https:\/\/tierpark-bern.ch\/fr\/\",\"logo\":{\"@type\":\"ImageObject\",\"inLanguage\":\"fr-FR\",\"@id\":\"https:\/\/tierpark-bern.ch\/fr\/#\/schema\/logo\/image\/\",\"url\":\"https:\/\/tierpark-bern.ch\/web\/app\/uploads\/2024\/04\/tierpark-bern-696x696-1.jpg\",\"contentUrl\":\"https:\/\/tierpark-bern.ch\/web\/app\/uploads\/2024\/04\/tierpark-bern-696x696-1.jpg\",\"width\":696,\"height\":696,\"caption\":\"Tierpark Bern | D\u00e4hlh\u00f6lzli + B\u00e4renPark\"},\"image\":{\"@id\":\"https:\/\/tierpark-bern.ch\/fr\/#\/schema\/logo\/image\/\"},\"sameAs\":[\"https:\/\/www.facebook.com\/tierparkbern\/\",\"https:\/\/x.com\/tierparkbern\",\"https:\/\/www.instagram.com\/tierparkbern\/\"]}]}<\/script>","yoast_head_json":{"title":"Mentions l\u00e9gales | Tierpark Bern","description":"Si vous avez constat\u00e9 des lacunes dans l\u2019accessibilit\u00e9 des contenus de notre site Internet, veuillez remplir le formulaire ad hoc","robots":{"index":"index","follow":"follow","max-snippet":"max-snippet:-1","max-image-preview":"max-image-preview:large","max-video-preview":"max-video-preview:-1"},"canonical":"https:\/\/tierpark-bern.ch\/fr\/mentions-legales\/","og_locale":"fr_FR","og_type":"article","og_title":"Mentions l\u00e9gales | Tierpark Bern","og_description":"Si vous avez constat\u00e9 des lacunes dans l\u2019accessibilit\u00e9 des contenus de notre site Internet, veuillez remplir le formulaire ad hoc","og_url":"https:\/\/tierpark-bern.ch\/fr\/mentions-legales\/","og_site_name":"Tierpark Bern","article_publisher":"https:\/\/www.facebook.com\/tierparkbern\/","article_modified_time":"2023-11-21T11:13:47+00:00","og_image":[{"width":1500,"height":998,"url":"https:\/\/tierpark-bern.ch\/web\/app\/uploads\/2022\/02\/Acanthurus-olivaceus-2.jpg","type":"image\/jpeg"}],"schema":{"@context":"https:\/\/schema.org","@graph":[{"@type":"WebPage","@id":"https:\/\/tierpark-bern.ch\/fr\/mentions-legales\/","url":"https:\/\/tierpark-bern.ch\/fr\/mentions-legales\/","name":"Mentions l\u00e9gales | Tierpark Bern","isPartOf":{"@id":"https:\/\/tierpark-bern.ch\/fr\/#website"},"primaryImageOfPage":{"@id":"https:\/\/tierpark-bern.ch\/fr\/mentions-legales\/#primaryimage"},"image":{"@id":"https:\/\/tierpark-bern.ch\/fr\/mentions-legales\/#primaryimage"},"thumbnailUrl":"https:\/\/tierpark-bern.ch\/web\/app\/uploads\/2022\/02\/Acanthurus-olivaceus-2.jpg","datePublished":"2020-08-18T12:20:23+00:00","dateModified":"2023-11-21T11:13:47+00:00","description":"Si vous avez constat\u00e9 des lacunes dans l\u2019accessibilit\u00e9 des contenus de notre site Internet, veuillez remplir le formulaire ad hoc","breadcrumb":{"@id":"https:\/\/tierpark-bern.ch\/fr\/mentions-legales\/#breadcrumb"},"inLanguage":"fr-FR","potentialAction":[{"@type":"ReadAction","target":["https:\/\/tierpark-bern.ch\/fr\/mentions-legales\/"]}]},{"@type":"ImageObject","inLanguage":"fr-FR","@id":"https:\/\/tierpark-bern.ch\/fr\/mentions-legales\/#primaryimage","url":"https:\/\/tierpark-bern.ch\/web\/app\/uploads\/2022\/02\/Acanthurus-olivaceus-2.jpg","contentUrl":"https:\/\/tierpark-bern.ch\/web\/app\/uploads\/2022\/02\/Acanthurus-olivaceus-2.jpg","width":1500,"height":998},{"@type":"BreadcrumbList","@id":"https:\/\/tierpark-bern.ch\/fr\/mentions-legales\/#breadcrumb","itemListElement":[{"@type":"ListItem","position":1,"name":"Home","item":"https:\/\/tierpark-bern.ch\/fr\/home\/"},{"@type":"ListItem","position":2,"name":"Mentions l\u00e9gales"}]},{"@type":"WebSite","@id":"https:\/\/tierpark-bern.ch\/fr\/#website","url":"https:\/\/tierpark-bern.ch\/fr\/","name":"Tierpark Bern","description":"","publisher":{"@id":"https:\/\/tierpark-bern.ch\/fr\/#organization"},"potentialAction":[{"@type":"SearchAction","target":{"@type":"EntryPoint","urlTemplate":"https:\/\/tierpark-bern.ch\/fr\/?s={search_term_string}"},"query-input":{"@type":"PropertyValueSpecification","valueRequired":true,"valueName":"search_term_string"}}],"inLanguage":"fr-FR"},{"@type":"Organization","@id":"https:\/\/tierpark-bern.ch\/fr\/#organization","name":"Tierpark Bern | D\u00e4hlh\u00f6lzli + B\u00e4renPark","alternateName":"Tierpark Bern","url":"https:\/\/tierpark-bern.ch\/fr\/","logo":{"@type":"ImageObject","inLanguage":"fr-FR","@id":"https:\/\/tierpark-bern.ch\/fr\/#\/schema\/logo\/image\/","url":"https:\/\/tierpark-bern.ch\/web\/app\/uploads\/2024\/04\/tierpark-bern-696x696-1.jpg","contentUrl":"https:\/\/tierpark-bern.ch\/web\/app\/uploads\/2024\/04\/tierpark-bern-696x696-1.jpg","width":696,"height":696,"caption":"Tierpark Bern | D\u00e4hlh\u00f6lzli + B\u00e4renPark"},"image":{"@id":"https:\/\/tierpark-bern.ch\/fr\/#\/schema\/logo\/image\/"},"sameAs":["https:\/\/www.facebook.com\/tierparkbern\/","https:\/\/x.com\/tierparkbern","https:\/\/www.instagram.com\/tierparkbern\/"]}]}},"_links":{"self":[{"href":"https:\/\/tierpark-bern.ch\/fr\/wp-json\/wp\/v2\/pages\/39699","targetHints":{"allow":["GET"]}}],"collection":[{"href":"https:\/\/tierpark-bern.ch\/fr\/wp-json\/wp\/v2\/pages"}],"about":[{"href":"https:\/\/tierpark-bern.ch\/fr\/wp-json\/wp\/v2\/types\/page"}],"author":[{"embeddable":true,"href":"https:\/\/tierpark-bern.ch\/fr\/wp-json\/wp\/v2\/users\/1"}],"replies":[{"embeddable":true,"href":"https:\/\/tierpark-bern.ch\/fr\/wp-json\/wp\/v2\/comments?post=39699"}],"version-history":[{"count":0,"href":"https:\/\/tierpark-bern.ch\/fr\/wp-json\/wp\/v2\/pages\/39699\/revisions"}],"wp:featuredmedia":[{"embeddable":true,"href":"https:\/\/tierpark-bern.ch\/fr\/wp-json\/wp\/v2\/media\/24249"}],"wp:attachment":[{"href":"https:\/\/tierpark-bern.ch\/fr\/wp-json\/wp\/v2\/media?parent=39699"}],"curies":[{"name":"wp","href":"https:\/\/api.w.org\/{rel}","templated":true}]}}