{"id":45663,"date":"2020-08-28T12:07:45","date_gmt":"2020-08-28T10:07:45","guid":{"rendered":"https:\/\/tierpark-bern.ch\/?page_id=45663"},"modified":"2022-12-22T12:56:16","modified_gmt":"2022-12-22T11:56:16","slug":"berne-et-les-ours","status":"publish","type":"page","link":"https:\/\/tierpark-bern.ch\/fr\/parc-aux-ours\/berne-et-les-ours\/","title":{"rendered":"Berne et les ours"},"content":{"rendered":"<div class=\"wpb-content-wrapper\"><p>[vc_row][vc_column][vc_column_text]<\/p>\n<h1>La longue histoire des ours \u00e0 Berne<\/h1>\n<p>[\/vc_column_text][vc_column_text]La relation entre la ville de Berne et son animal embl\u00e9matique a une tr\u00e8s longue histoire. Selon la l\u00e9gende, la ville doit son nom \u00e0 un ours (B\u00e4r en allemand), premier animal que le duc Berchtold V de Z\u00e4hringen, fondateur de la cit\u00e9, aurait abattu sur le lieu d\u2019implantation de la ville. Cependant, des recherches r\u00e9centes en toponymie accr\u00e9ditent plut\u00f4t l\u2019hypoth\u00e8se selon laquelle le mot celte \u00abBerna\u00bb (gouffre, gorge) a donn\u00e9 son nom \u00e0 la ville. La premi\u00e8re colonie celte de peuplement se trouvait en effet sur la presqu\u2019\u00eele d\u2019Enge, o\u00f9 l\u2019Aar forme une sorte de gorge.<\/p>\n<p>Le chroniqueur bernois Valerius Anshelm rapporte en 1513 comment, revenus victorieux de la bataille de Novare, les Bernois avaient, lors leur marche triomphale, ramen\u00e9 avec les \u00e9tendards conquis un ours vivant en guise de prise de guerre. L\u2019animal fut alors d\u00e9tenu dans les foss\u00e9s de la ville, devant la Tour des Prisons (K\u00e4figturm). La premi\u00e8re fosse aux ours resta \u00e0 cet endroit, qui porte encore aujourd\u2019hui le nom de B\u00e4renplatz, jusqu\u2019en 1764 o\u00f9 il fallut la d\u00e9placer aux portes de la ville (actuel Schanzengraben pr\u00e8s du Bollwerk) en raison de la croissance de la cit\u00e9. De l\u00e0, les ours furent transport\u00e9s en 1857 vers le bas de la vieille ville, \u00e0 l\u2019endroit o\u00f9 se trouve encore aujourd\u2019hui le Parc aux ours.[\/vc_column_text][\/vc_column][\/vc_row][vc_row][vc_column][vc_tta_accordion shape=&#8221;square&#8221; gap=&#8221;15&#8243; c_position=&#8221;right&#8221; active_section=&#8221;-1&#8243; collapsible_all=&#8221;true&#8221; el_class=&#8221;bern-accordion&#8221;][vc_tta_section title=&#8221;Histoire de la fosse aux ours, de 1515 \u00e0 1857&#8243; tab_id=&#8221;1637624979076-2d623d33-7808&#8243;][vc_column_text]En 1515, la fosse aux ours initiale est mise en service sur l\u2019actuelle B\u00e4renplatz de Berne. Son premier pensionnaire est l\u2019ours captur\u00e9 en 1513 lors de la bataille de Novare (Italie du Nord) par les mercenaires conf\u00e9d\u00e9r\u00e9s luttant contre le roi de France dans le cadre de la Sainte Alliance conduite par le pape Jules II. Cet ours avait \u00e9t\u00e9 ramen\u00e9 en grande pompe dans la ville par Bartholom\u00e4us May, le Bernois le plus c\u00e9l\u00e8bre de l\u2019\u00e9poque. \u00c0 partir de 1764, la fosse aux ours de la B\u00e4renplatz ainsi que les deux installations qui lui succ\u00e8dent, \u00e0 la porte de Golattenmattgass d\u2019abord, puis dans le secteur de la Grosse Schanze (\u00e0 partir de 1820) ensuite, doivent encore \u00eatre d\u00e9plac\u00e9es en raison de la poursuite de l\u2019expansion de la ville. [\/vc_column_text][\/vc_tta_section][vc_tta_section title=&#8221;Histoire de la fosse aux ours, de 1857 \u00e0 2009&#8243; tab_id=&#8221;1645477760009-2244e3c9-a20a&#8221;][vc_column_text]Depuis 1857, les ours \u00e9taient gard\u00e9s dans une fosse en deux parties construite au-del\u00e0 du pont de Nydegg, lui-m\u00eame situ\u00e9 \u00e0 l\u2019extr\u00e9mit\u00e9 inf\u00e9rieure de la vieille ville. Afin d\u2019am\u00e9liorer les conditions de captivit\u00e9 des ours, l\u2019ouvrage historique, un monument d\u2019importance nationale, a \u00e9t\u00e9 enti\u00e8rement r\u00e9nov\u00e9 de 1994 \u00e0 1996.<\/p>\n<p>Un soubassement en blocs de molasse a compens\u00e9 l\u2019inclinaison de la pente. D\u2019autres blocs ont cr\u00e9\u00e9 des endroits ombrag\u00e9s et ensoleill\u00e9s, des abris et des rochers pour l\u2019escalade. Les ours pouvaient d\u00e9sormais nager, jouer et se rafra\u00eechir dans des bassins. Une rigole rappelait l\u2019antique mur qui s\u00e9parait la fosse en deux.<\/p>\n<p>L\u2019ancien sol en b\u00e9ton a fait place \u00e0 un m\u00e9lange de gravier et de sable. Les ours pouvaient y creuser des abris, s\u2019y prot\u00e9ger du froid ou au contraire y trouver de la fra\u00eecheur humide. Le sol s\u2019est couvert spontan\u00e9ment de v\u00e9g\u00e9tation, des mousses et des lichens ont recouvert les blocs de pierre et des plantes sauvages ont pouss\u00e9 dans les fissures.<\/p>\n<p>Malgr\u00e9 toutes ces am\u00e9liorations, le site est rest\u00e9 une \u00abfosse\u00bb. De nombreuses plaintes provenant de Suisse et de l\u2019\u00e9tranger, mais aussi un changement l\u00e9gislatif, ont incit\u00e9 la Ville \u00e0 repenser fondamentalement les conditions de d\u00e9tention des ours \u00e0 Berne.[\/vc_column_text][vc_single_image image=&#8221;16105&#8243; el_class=&#8221;article-image&#8221;][vc_column_text]<\/p>\n<div class=\"image-element__description\">L\u2019ours \u00abPedro\u00bb dans l\u2019ancienne fosse aux ours<\/div>\n<p>[\/vc_column_text][\/vc_tta_section][vc_tta_section title=&#8221;Le projet de Parc aux ours&#8221; tab_id=&#8221;1637624947567-3de73722-86bd&#8221;][vc_column_text]Une \u00e9quipe de projet du parc zoologique de Berne a \u00e9labor\u00e9, avec le soutien du service des b\u00e2timents de la Ville, une \u00e9tude qui a \u00e9t\u00e9 pr\u00e9sent\u00e9e au public le 2 mars 2001. Cette \u00e9tude a d\u00e9bouch\u00e9 sur un concours de projets, et le projet gagnant a \u00e9t\u00e9 d\u00e9voil\u00e9 le 7 novembre 2003.<\/p>\n<p><a class=\"button button--barenpark d-lg-inline-block\" title=\"Information sur le concours de projet Parc aux ours\" href=\"https:\/\/tierpark-bern.ch\/web\/app\/uploads\/2020\/08\/projektwettbewerb_baerenpark_2003_02.pdf\" target=\"_blank\" rel=\"noopener noreferrer\">Concours de projet (pdf, env. 1.4 MB)<\/a><\/p>\n<p>Le 30 ao\u00fbt 2006, la municipalit\u00e9 de Berne a pr\u00e9sent\u00e9 le rapport final du projet de Parc aux ours et, en 2007, la population de la ville a donn\u00e9, avec 80 % de voix favorables, son feu vert \u00e0 la construction du nouveau Parc aux ours. Celui-ci a ouvert ses portes le 22 octobre 2009.<\/p>\n<p><a class=\"button button--barenpark d-lg-inline-block\" title=\"Gesamtbericht Projekt B\u00e4renPark\" href=\"https:\/\/tierpark-bern.ch\/web\/app\/uploads\/2020\/08\/gesamtbericht_baerenpark_2006_02.pdf\" target=\"_blank\" rel=\"noopener noreferrer\">Rapport final (pdf, env. 4 MB)<\/a>[\/vc_column_text][\/vc_tta_section][vc_tta_section title=&#8221;Le \u00abParc aux ours\u00bb aujourd\u2019hui&#8221; tab_id=&#8221;1640005941671-b04143cf-b7b3&#8243;][vc_column_text]Le \u00abParc aux ours\u00bb de Berne est une attraction connue bien au-del\u00e0 des fronti\u00e8res nationales. Depuis 2009, les ours bernois disposent d\u2019un parc de 6000 m\u00e8tres carr\u00e9s r\u00e9pondant aux besoins des animaux, dans lequel ils s\u00e9journent 365 jours par an, 24 heures sur 24, et o\u00f9 ils peuvent adopter un mode de vie naturel.[\/vc_column_text][\/vc_tta_section][vc_tta_section title=&#8221;Le Parc aux ours \u00e0 l\u2019avenir&#8221; tab_id=&#8221;1637624947574-08e4907a-f6aa&#8221;][vc_column_text]En automne 2021, une \u00e9tude de faisabilit\u00e9 a clarifi\u00e9 la question de savoir si une extension de l\u2019installation en direction du sud \u00e9tait possible du point de vue de la g\u00e9ologie, de la construction ainsi que de la protection du paysage et des monuments. Suivant les conclusions l\u2019\u00e9tude, il convient de renoncer pour l\u2019instant \u00e0 une extension, car les co\u00fbts en seraient trop \u00e9lev\u00e9s au regard du b\u00e9n\u00e9fice modeste attendu pour les ours.[\/vc_column_text][\/vc_tta_section][\/vc_tta_accordion][vc_empty_space][\/vc_column][\/vc_row][vc_row][vc_column width=&#8221;1\/2&#8243;][vc_single_image image=&#8221;22295&#8243; img_size=&#8221;570&#215;379&#8243; el_class=&#8221;article-image&#8221;][\/vc_column][vc_column width=&#8221;1\/2&#8243;][vc_single_image image=&#8221;22329&#8243; img_size=&#8221;570&#215;379&#8243; el_class=&#8221;article-image&#8221;][\/vc_column][\/vc_row][vc_row][vc_column][vc_empty_space][vc_column_text]<\/p>\n<div class=\"zoo-link-info\">\n<div class=\"container\">\n<div class=\"row\">\n<div class=\"col-md-8 col-sm-12\">\n<div class=\"zoo-link-text-container\"><span class=\"zoo-link-text\">D\u00e9sirez-vous en apprendre davantage sur les habitants du Parc aux ours?<\/span><\/div>\n<\/div>\n<div class=\"col-md-4 col-sm-12 zoo-link-btn-container\"><span class=\"zoo-link-btn\"><a class=\"button button-zoo-info\" href=\"https:\/\/tierpark-bern.ch\/fr\/parc-aux-ours\/les-habitants-du-parc-aux-ours\/\">Nos ours dans leur Parc\u00a0<i class=\"fa fa-long-arrow-right\"><\/i><\/a><\/span><\/div>\n<\/div>\n<\/div>\n<\/div>\n<p>[\/vc_column_text][\/vc_column][\/vc_row][vc_row][vc_column][vc_column_text]<section class=\"section no-padding-bottom page-suggestion-container\">\n            <div class=\"container\">\n                <div class=\"row bottom-50\">\n                    <div class=\"col-12\">\n                        <div class=\"heading heading--primary heading--center\">\n                            <h2 class=\"heading__title no-margin-bottom\"><span>Autres Th\u00e8mes<\/span><\/h2>\n                        <\/div>\n                    <\/div>\n                <\/div>\n                <div class=\"row\"><div class=\"col-md-6 col-xl-4 \">\n                        <div class=\"service-content\" tabindex=\"0\" role=\"link\" onclick=\"suggestionLinkfunction(this);\" data-href=\"https:\/\/tierpark-bern.ch\/fr\/experiences\/votre-evenement\/baerenpark\/\">\n                            <img decoding=\"async\" src=\"https:\/\/tierpark-bern.ch\/web\/app\/uploads\/2020\/08\/Apero-im-kleinen-B\u00e4rengraben.jpg\" alt=\"\"\/>\n                                <div class=\"service-desc\">\n                                    <div class=\"vcenter\">\n                                        <div class=\"titel\">Ihr Anlass im B\u00e4renPark (derzeit in \u00dcberarbeitung)<\/div>\n                                    <\/div>\n                                <\/div>\n                        <\/div>\n                    <\/div><div class=\"col-md-6 col-xl-4 \">\n                        <div class=\"service-content\" tabindex=\"0\" role=\"link\" onclick=\"suggestionLinkfunction(this);\" data-href=\"https:\/\/tierpark-bern.ch\/fr\/parc-aux-ours\/acces\/\">\n                            <img decoding=\"async\" src=\"https:\/\/tierpark-bern.ch\/web\/app\/uploads\/2020\/07\/finn-baerenpark-53-bern-schweiz-386x230.jpg\" alt=\"\"\/>\n                                <div class=\"service-desc\">\n                                    <div class=\"vcenter\">\n                                        <div class=\"titel\">Acc\u00e8s au Parc aux ours<\/div>\n                                    <\/div>\n                                <\/div>\n                        <\/div>\n                    <\/div><div class=\"col-md-6 col-xl-4 \">\n                        <div class=\"service-content\" tabindex=\"0\" role=\"link\" onclick=\"suggestionLinkfunction(this);\" data-href=\"https:\/\/tierpark-bern.ch\/fr\/parc-aux-ours\/restauration\/\">\n                            <img decoding=\"async\" src=\"https:\/\/tierpark-bern.ch\/web\/app\/uploads\/2020\/07\/ursina-baerenpark-46-bern-schweiz-386x230.jpg\" alt=\"\"\/>\n                                <div class=\"service-desc\">\n                                    <div class=\"vcenter\">\n                                        <div class=\"titel\">Restauration<\/div>\n                                    <\/div>\n                                <\/div>\n                        <\/div>\n                    <\/div><\/div>\n            <\/div>\n        <\/section>[\/vc_column_text][\/vc_column][\/vc_row]<\/p>\n<\/div>","protected":false},"excerpt":{"rendered":"<p>La relation entre la ville de Berne et son animal embl\u00e9matique a une tr\u00e8s longue histoire. <\/p>\n","protected":false},"author":1,"featured_media":22295,"parent":46577,"menu_order":0,"comment_status":"closed","ping_status":"closed","template":"","meta":{"_acf_changed":false,"footnotes":""},"class_list":["post-45663","page","type-page","status-publish","has-post-thumbnail","hentry"],"acf":[],"yoast_head":"<title>Berne et les ours | Tierpark Bern<\/title>\n<meta name=\"description\" content=\"La relation entre la ville de Berne et son animal embl\u00e9matique a une tr\u00e8s longue histoire.\" \/>\n<meta name=\"robots\" content=\"index, follow, max-snippet:-1, max-image-preview:large, max-video-preview:-1\" \/>\n<link rel=\"canonical\" href=\"https:\/\/tierpark-bern.ch\/fr\/parc-aux-ours\/berne-et-les-ours\/\" \/>\n<meta property=\"og:locale\" content=\"fr_FR\" \/>\n<meta property=\"og:type\" content=\"article\" \/>\n<meta property=\"og:title\" content=\"Berne et les ours | Tierpark Bern\" \/>\n<meta property=\"og:description\" content=\"La relation entre la ville de Berne et son animal embl\u00e9matique a une tr\u00e8s longue histoire.\" \/>\n<meta property=\"og:url\" content=\"https:\/\/tierpark-bern.ch\/fr\/parc-aux-ours\/berne-et-les-ours\/\" \/>\n<meta property=\"og:site_name\" content=\"Tierpark Bern\" \/>\n<meta property=\"article:publisher\" content=\"https:\/\/www.facebook.com\/tierparkbern\/\" \/>\n<meta property=\"article:modified_time\" content=\"2022-12-22T11:56:16+00:00\" \/>\n<meta property=\"og:image\" content=\"https:\/\/tierpark-bern.ch\/web\/app\/uploads\/2020\/07\/ursina-baerenpark-51-bern-schweiz.jpg\" \/>\n\t<meta property=\"og:image:width\" content=\"1500\" \/>\n\t<meta property=\"og:image:height\" content=\"998\" \/>\n\t<meta property=\"og:image:type\" content=\"image\/jpeg\" \/>\n<script type=\"application\/ld+json\" class=\"yoast-schema-graph\">{\"@context\":\"https:\/\/schema.org\",\"@graph\":[{\"@type\":\"WebPage\",\"@id\":\"https:\/\/tierpark-bern.ch\/fr\/parc-aux-ours\/berne-et-les-ours\/\",\"url\":\"https:\/\/tierpark-bern.ch\/fr\/parc-aux-ours\/berne-et-les-ours\/\",\"name\":\"Berne et les ours | Tierpark Bern\",\"isPartOf\":{\"@id\":\"https:\/\/tierpark-bern.ch\/fr\/#website\"},\"primaryImageOfPage\":{\"@id\":\"https:\/\/tierpark-bern.ch\/fr\/parc-aux-ours\/berne-et-les-ours\/#primaryimage\"},\"image\":{\"@id\":\"https:\/\/tierpark-bern.ch\/fr\/parc-aux-ours\/berne-et-les-ours\/#primaryimage\"},\"thumbnailUrl\":\"https:\/\/tierpark-bern.ch\/web\/app\/uploads\/2020\/07\/ursina-baerenpark-51-bern-schweiz.jpg\",\"datePublished\":\"2020-08-28T10:07:45+00:00\",\"dateModified\":\"2022-12-22T11:56:16+00:00\",\"description\":\"La relation entre la ville de Berne et son animal embl\u00e9matique a une tr\u00e8s longue histoire.\",\"breadcrumb\":{\"@id\":\"https:\/\/tierpark-bern.ch\/fr\/parc-aux-ours\/berne-et-les-ours\/#breadcrumb\"},\"inLanguage\":\"fr-FR\",\"potentialAction\":[{\"@type\":\"ReadAction\",\"target\":[\"https:\/\/tierpark-bern.ch\/fr\/parc-aux-ours\/berne-et-les-ours\/\"]}]},{\"@type\":\"ImageObject\",\"inLanguage\":\"fr-FR\",\"@id\":\"https:\/\/tierpark-bern.ch\/fr\/parc-aux-ours\/berne-et-les-ours\/#primaryimage\",\"url\":\"https:\/\/tierpark-bern.ch\/web\/app\/uploads\/2020\/07\/ursina-baerenpark-51-bern-schweiz.jpg\",\"contentUrl\":\"https:\/\/tierpark-bern.ch\/web\/app\/uploads\/2020\/07\/ursina-baerenpark-51-bern-schweiz.jpg\",\"width\":1500,\"height\":998,\"caption\":\"Ursina im Wasser (September 2015)\"},{\"@type\":\"BreadcrumbList\",\"@id\":\"https:\/\/tierpark-bern.ch\/fr\/parc-aux-ours\/berne-et-les-ours\/#breadcrumb\",\"itemListElement\":[{\"@type\":\"ListItem\",\"position\":1,\"name\":\"Home\",\"item\":\"https:\/\/tierpark-bern.ch\/fr\/home\/\"},{\"@type\":\"ListItem\",\"position\":2,\"name\":\"Parc aux ours\",\"item\":\"https:\/\/tierpark-bern.ch\/fr\/parc-aux-ours\/\"},{\"@type\":\"ListItem\",\"position\":3,\"name\":\"Berne et les ours\"}]},{\"@type\":\"WebSite\",\"@id\":\"https:\/\/tierpark-bern.ch\/fr\/#website\",\"url\":\"https:\/\/tierpark-bern.ch\/fr\/\",\"name\":\"Tierpark Bern\",\"description\":\"\",\"publisher\":{\"@id\":\"https:\/\/tierpark-bern.ch\/fr\/#organization\"},\"potentialAction\":[{\"@type\":\"SearchAction\",\"target\":{\"@type\":\"EntryPoint\",\"urlTemplate\":\"https:\/\/tierpark-bern.ch\/fr\/?s={search_term_string}\"},\"query-input\":{\"@type\":\"PropertyValueSpecification\",\"valueRequired\":true,\"valueName\":\"search_term_string\"}}],\"inLanguage\":\"fr-FR\"},{\"@type\":\"Organization\",\"@id\":\"https:\/\/tierpark-bern.ch\/fr\/#organization\",\"name\":\"Tierpark Bern | D\u00e4hlh\u00f6lzli + B\u00e4renPark\",\"alternateName\":\"Tierpark Bern\",\"url\":\"https:\/\/tierpark-bern.ch\/fr\/\",\"logo\":{\"@type\":\"ImageObject\",\"inLanguage\":\"fr-FR\",\"@id\":\"https:\/\/tierpark-bern.ch\/fr\/#\/schema\/logo\/image\/\",\"url\":\"https:\/\/tierpark-bern.ch\/web\/app\/uploads\/2024\/04\/tierpark-bern-696x696-1.jpg\",\"contentUrl\":\"https:\/\/tierpark-bern.ch\/web\/app\/uploads\/2024\/04\/tierpark-bern-696x696-1.jpg\",\"width\":696,\"height\":696,\"caption\":\"Tierpark Bern | D\u00e4hlh\u00f6lzli + B\u00e4renPark\"},\"image\":{\"@id\":\"https:\/\/tierpark-bern.ch\/fr\/#\/schema\/logo\/image\/\"},\"sameAs\":[\"https:\/\/www.facebook.com\/tierparkbern\/\",\"https:\/\/x.com\/tierparkbern\",\"https:\/\/www.instagram.com\/tierparkbern\/\"]}]}<\/script>","yoast_head_json":{"title":"Berne et les ours | Tierpark Bern","description":"La relation entre la ville de Berne et son animal embl\u00e9matique a une tr\u00e8s longue histoire.","robots":{"index":"index","follow":"follow","max-snippet":"max-snippet:-1","max-image-preview":"max-image-preview:large","max-video-preview":"max-video-preview:-1"},"canonical":"https:\/\/tierpark-bern.ch\/fr\/parc-aux-ours\/berne-et-les-ours\/","og_locale":"fr_FR","og_type":"article","og_title":"Berne et les ours | Tierpark Bern","og_description":"La relation entre la ville de Berne et son animal embl\u00e9matique a une tr\u00e8s longue histoire.","og_url":"https:\/\/tierpark-bern.ch\/fr\/parc-aux-ours\/berne-et-les-ours\/","og_site_name":"Tierpark Bern","article_publisher":"https:\/\/www.facebook.com\/tierparkbern\/","article_modified_time":"2022-12-22T11:56:16+00:00","og_image":[{"width":1500,"height":998,"url":"https:\/\/tierpark-bern.ch\/web\/app\/uploads\/2020\/07\/ursina-baerenpark-51-bern-schweiz.jpg","type":"image\/jpeg"}],"schema":{"@context":"https:\/\/schema.org","@graph":[{"@type":"WebPage","@id":"https:\/\/tierpark-bern.ch\/fr\/parc-aux-ours\/berne-et-les-ours\/","url":"https:\/\/tierpark-bern.ch\/fr\/parc-aux-ours\/berne-et-les-ours\/","name":"Berne et les ours | Tierpark Bern","isPartOf":{"@id":"https:\/\/tierpark-bern.ch\/fr\/#website"},"primaryImageOfPage":{"@id":"https:\/\/tierpark-bern.ch\/fr\/parc-aux-ours\/berne-et-les-ours\/#primaryimage"},"image":{"@id":"https:\/\/tierpark-bern.ch\/fr\/parc-aux-ours\/berne-et-les-ours\/#primaryimage"},"thumbnailUrl":"https:\/\/tierpark-bern.ch\/web\/app\/uploads\/2020\/07\/ursina-baerenpark-51-bern-schweiz.jpg","datePublished":"2020-08-28T10:07:45+00:00","dateModified":"2022-12-22T11:56:16+00:00","description":"La relation entre la ville de Berne et son animal embl\u00e9matique a une tr\u00e8s longue histoire.","breadcrumb":{"@id":"https:\/\/tierpark-bern.ch\/fr\/parc-aux-ours\/berne-et-les-ours\/#breadcrumb"},"inLanguage":"fr-FR","potentialAction":[{"@type":"ReadAction","target":["https:\/\/tierpark-bern.ch\/fr\/parc-aux-ours\/berne-et-les-ours\/"]}]},{"@type":"ImageObject","inLanguage":"fr-FR","@id":"https:\/\/tierpark-bern.ch\/fr\/parc-aux-ours\/berne-et-les-ours\/#primaryimage","url":"https:\/\/tierpark-bern.ch\/web\/app\/uploads\/2020\/07\/ursina-baerenpark-51-bern-schweiz.jpg","contentUrl":"https:\/\/tierpark-bern.ch\/web\/app\/uploads\/2020\/07\/ursina-baerenpark-51-bern-schweiz.jpg","width":1500,"height":998,"caption":"Ursina im Wasser (September 2015)"},{"@type":"BreadcrumbList","@id":"https:\/\/tierpark-bern.ch\/fr\/parc-aux-ours\/berne-et-les-ours\/#breadcrumb","itemListElement":[{"@type":"ListItem","position":1,"name":"Home","item":"https:\/\/tierpark-bern.ch\/fr\/home\/"},{"@type":"ListItem","position":2,"name":"Parc aux ours","item":"https:\/\/tierpark-bern.ch\/fr\/parc-aux-ours\/"},{"@type":"ListItem","position":3,"name":"Berne et les ours"}]},{"@type":"WebSite","@id":"https:\/\/tierpark-bern.ch\/fr\/#website","url":"https:\/\/tierpark-bern.ch\/fr\/","name":"Tierpark Bern","description":"","publisher":{"@id":"https:\/\/tierpark-bern.ch\/fr\/#organization"},"potentialAction":[{"@type":"SearchAction","target":{"@type":"EntryPoint","urlTemplate":"https:\/\/tierpark-bern.ch\/fr\/?s={search_term_string}"},"query-input":{"@type":"PropertyValueSpecification","valueRequired":true,"valueName":"search_term_string"}}],"inLanguage":"fr-FR"},{"@type":"Organization","@id":"https:\/\/tierpark-bern.ch\/fr\/#organization","name":"Tierpark Bern | D\u00e4hlh\u00f6lzli + B\u00e4renPark","alternateName":"Tierpark Bern","url":"https:\/\/tierpark-bern.ch\/fr\/","logo":{"@type":"ImageObject","inLanguage":"fr-FR","@id":"https:\/\/tierpark-bern.ch\/fr\/#\/schema\/logo\/image\/","url":"https:\/\/tierpark-bern.ch\/web\/app\/uploads\/2024\/04\/tierpark-bern-696x696-1.jpg","contentUrl":"https:\/\/tierpark-bern.ch\/web\/app\/uploads\/2024\/04\/tierpark-bern-696x696-1.jpg","width":696,"height":696,"caption":"Tierpark Bern | D\u00e4hlh\u00f6lzli + B\u00e4renPark"},"image":{"@id":"https:\/\/tierpark-bern.ch\/fr\/#\/schema\/logo\/image\/"},"sameAs":["https:\/\/www.facebook.com\/tierparkbern\/","https:\/\/x.com\/tierparkbern","https:\/\/www.instagram.com\/tierparkbern\/"]}]}},"_links":{"self":[{"href":"https:\/\/tierpark-bern.ch\/fr\/wp-json\/wp\/v2\/pages\/45663","targetHints":{"allow":["GET"]}}],"collection":[{"href":"https:\/\/tierpark-bern.ch\/fr\/wp-json\/wp\/v2\/pages"}],"about":[{"href":"https:\/\/tierpark-bern.ch\/fr\/wp-json\/wp\/v2\/types\/page"}],"author":[{"embeddable":true,"href":"https:\/\/tierpark-bern.ch\/fr\/wp-json\/wp\/v2\/users\/1"}],"replies":[{"embeddable":true,"href":"https:\/\/tierpark-bern.ch\/fr\/wp-json\/wp\/v2\/comments?post=45663"}],"version-history":[{"count":0,"href":"https:\/\/tierpark-bern.ch\/fr\/wp-json\/wp\/v2\/pages\/45663\/revisions"}],"up":[{"embeddable":true,"href":"https:\/\/tierpark-bern.ch\/fr\/wp-json\/wp\/v2\/pages\/46577"}],"wp:featuredmedia":[{"embeddable":true,"href":"https:\/\/tierpark-bern.ch\/fr\/wp-json\/wp\/v2\/media\/22295"}],"wp:attachment":[{"href":"https:\/\/tierpark-bern.ch\/fr\/wp-json\/wp\/v2\/media?parent=45663"}],"curies":[{"name":"wp","href":"https:\/\/api.w.org\/{rel}","templated":true}]}}