{"id":46031,"date":"2021-12-15T01:39:46","date_gmt":"2021-12-15T00:39:46","guid":{"rendered":"https:\/\/tierpark-bern.ch\/?page_id=46031"},"modified":"2023-07-03T09:06:41","modified_gmt":"2023-07-03T07:06:41","slug":"reductions","status":"publish","type":"page","link":"https:\/\/tierpark-bern.ch\/fr\/visite-au-zoo\/billets-prix\/reductions\/","title":{"rendered":"R\u00e9ductions"},"content":{"rendered":"<div class=\"wpb-content-wrapper\"><p>[vc_row][vc_column][vc_column_text]<\/p>\n<h1>Billets &amp; Prix<\/h1>\n<p>[\/vc_column_text][vc_column_text]<\/p>\n<h2>R\u00e9ductions<\/h2>\n<p>Profitez des nombreux rabais pr\u00e9vus, sur pr\u00e9sentation d\u2019un justificatif valable.[\/vc_column_text][\/vc_column][\/vc_row][vc_row][vc_column width=&#8221;3\/4&#8243;][vc_column_text]<\/p>\n<table class=\"tbl-ticket-list\">\n<tbody>\n<tr>\n<th class=\"tbl-title\">Billet journalier<\/th>\n<th class=\"tbl-price\">Prix<\/th>\n<\/tr>\n<tr>\n<td>AVS\/AI, apprentis et \u00e9tudiants<\/td>\n<td>CHF 9.-*<\/td>\n<\/tr>\n<\/tbody>\n<\/table>\n<p>[\/vc_column_text][vc_column_text]<\/p>\n<h2>Billets journaliers pour membres de l\u2019Association des amis du zoo de Berne<\/h2>\n<p>Les membres de l\u2019Association des amis du zoo (TPV) b\u00e9n\u00e9ficient d\u2019une r\u00e9duction sur le prix d\u2019entr\u00e9e au zoo. <a href=\"https:\/\/www.tierparkverein.ch\/mitgliedschaft\/\" target=\"_blank\" rel=\"noopener\">Une adh\u00e9sion vous tente? (en allemand seulement) <\/a>[\/vc_column_text][vc_column_text]<\/p>\n<table class=\"tbl-ticket-list\">\n<tbody>\n<tr>\n<th class=\"tbl-title\">Billet journalier<\/th>\n<th class=\"tbl-price\">Prix<\/th>\n<\/tr>\n<tr>\n<td>TPV: membres de l&#8217;Association des amis du zoo de Berne, adultes<\/td>\n<td>CHF 9.-*<\/td>\n<\/tr>\n<tr>\n<td>TPV: enfants de 6 \u00e0 15 ans (membre familial du TPV)<\/td>\n<td>CHF 6.-*<\/td>\n<\/tr>\n<\/tbody>\n<\/table>\n<p>[\/vc_column_text][vc_column_text]<strong>*Les prix comprennent <a href=\"https:\/\/tierpark-bern.ch\/fr\/soutenir\/naturschutzfranken\/\">le franc de protection de la nature<\/a> (* CHF 1.00 \/ ** CHF 10.00\/ *** CHF 4.00, **** CHF 5.00). Les visiteurs qui ne souhaitent pas payer ce montant peuvent le faire savoir \u00e0 la caisse.<\/strong>[\/vc_column_text][vc_empty_space][vc_column_text]<\/p>\n<h2>Rabais CFF RailAway<\/h2>\n<p>Faites le trajet en transports publics et profitez d\u2019une offre combin\u00e9e \u00e0 prix r\u00e9duit au parc zoologique de Berne.[\/vc_column_text][vc_column_text]<\/p>\n<table class=\"tbl-ticket-list\">\n<tbody>\n<tr>\n<th class=\"tbl-title\">Nature du rabais<\/th>\n<\/tr>\n<tr>\n<td>Vous b\u00e9n\u00e9ficierez gr\u00e2ce \u00e0 RailAway de 10% de r\u00e9duction sur l\u2019entr\u00e9e au parc zoologique de Berne et de 20% de r\u00e9duction sur le voyage en transports publics aller et retour \u00e0 Berne.<\/td>\n<\/tr>\n<\/tbody>\n<\/table>\n<p>[\/vc_column_text][vc_column_text]<a class=\"button button--dahlholzli d-lg-inline-block\" href=\"https:\/\/www.sbb.ch\/fr\/loisirs-et-vacances\/idees\/offre.html\/tagesausflug\/parc-animalier-berne-daehlhoelzli\" target=\"_blank\" rel=\"noopener\">PROFITEZ-EN MAINTENANT<\/a>[\/vc_column_text][vc_empty_space][vc_column_text]<\/p>\n<h2>Rabais des BLS<\/h2>\n<p>En cas d\u2019achat simultan\u00e9 d\u2019un billet aller et retour en transports publics, vous b\u00e9n\u00e9ficierez d\u2019un rabais d\u2019offre d\u2019excursion au parc zoologique de Berne.[\/vc_column_text][vc_column_text]<\/p>\n<table class=\"tbl-ticket-list\">\n<tbody>\n<tr>\n<th class=\"tbl-title\">Nature du rabais<\/th>\n<\/tr>\n<tr>\n<td>Vous b\u00e9n\u00e9ficierez de 10% de r\u00e9duction sur l\u2019entr\u00e9e au parc zoologique de Berne et de 20% de r\u00e9duction sur votre voyage aller et retour \u00e0 Berne.<\/td>\n<\/tr>\n<\/tbody>\n<\/table>\n<p>[\/vc_column_text][vc_column_text]<a class=\"button button--dahlholzli d-lg-inline-block\" href=\"https:\/\/www.bls.ch\/fr\/freizeit-und-ferien\/ausfluege\/tierpark-bern\" target=\"_blank\" rel=\"noopener\">PROFITEZ-EN MAINTENANT<\/a>[\/vc_column_text][vc_empty_space][vc_column_text]<\/p>\n<h2>Rabais de Zoosuisse<\/h2>\n<p>Les propri\u00e9taires d\u2019une carte annuelle d\u2019un autre \u00e9tablissement membre de Zoosuisse b\u00e9n\u00e9ficieront du tarif r\u00e9duit.[\/vc_column_text][vc_column_text]<\/p>\n<table class=\"tbl-ticket-list\">\n<thead>\n<tr>\n<th class=\"tbl-title\">Nature du rabais<\/th>\n<th><\/th>\n<\/tr>\n<\/thead>\n<tbody>\n<tr>\n<td>Adultes<\/td>\n<td>CHF 9.-*<\/td>\n<\/tr>\n<tr>\n<td>Enfant de 6 \u00e0 16 ans<\/td>\n<td>CHF 6.-*<\/td>\n<\/tr>\n<tr>\n<td>Adultes \u00e0 l\u2019AVS\/AI<\/td>\n<td>CHF 7.-*<\/td>\n<\/tr>\n<\/tbody>\n<\/table>\n<p>[\/vc_column_text][vc_column_text]<strong>*Les prix comprennent<a href=\"https:\/\/tierpark-bern.ch\/fr\/soutenir\/naturschutzfranken\/\"> le franc de protection de la nature<\/a> (* CHF 1.00 \/ ** CHF 10.00\/ *** CHF 4.00, **** CHF 5.00). Les visiteurs qui ne souhaitent pas payer ce montant peuvent le faire savoir \u00e0 la caisse.<\/strong>[\/vc_column_text][vc_column_text]<a class=\"button button--dahlholzli d-lg-inline-block\" href=\"https:\/\/zoos.ch\/qui-sommes-nous-notre-mission\/?lang=fr\" target=\"_blank\" rel=\"noopener\">MEMBRES DE ZOOSUISSE<\/a>[\/vc_column_text][vc_empty_space][vc_column_text]<\/p>\n<h2>Commande de bons en ligne<\/h2>\n<p>Vous aimeriez offrir une exp\u00e9rience unique? <a href=\"https:\/\/shop.e-guma.ch\/tierpark-bern\/fr\/bons-cadeaux\" target=\"_blank\" rel=\"noopener\">Commandez ici des bons<\/a>, afin que les personnes qui vous tiennent \u00e0 c\u0153ur puissent faire un voyage autour du monde, le temps d\u2019une journ\u00e9e pass\u00e9e au parc zoologique de Berne.[\/vc_column_text][vc_column_text]<a class=\"button button--dahlholzli d-lg-inline-block\" href=\"https:\/\/shop.e-guma.ch\/tierpark-bern\/fr\/bons-cadeaux\" target=\"_blank\" rel=\"noopener\">COMMANDE DE BONS<\/a>[\/vc_column_text][vc_empty_space][vc_column_text]<\/p>\n<h2>Questions fr\u00e9quentes sur les rabais<\/h2>\n<div class=\"faq-section top-20\">\n                <div class=\"row\">\n                    <div class=\"col-12\"><div class=\"accordion accordion--bordered\">\n                                  <div class=\"accordion__title-block\" role=\"button\">\n                                      <span class=\"accordion__title\">Un rabais est-il accord\u00e9 aux membres de mibon.ch?<\/span>\n                                      <span class=\"accordion__close\"><\/span>\n                                  <\/div>\n                                  <div class=\"accordion__text-block\">\n                                       <p><p>Oui, nous accordons aux membres de mibon.ch un rabais de 50% sur le billet famille. Vous comprendrez que chaque membre ne peut en profiter qu\u2019une fois par ann\u00e9e civile. Des pr\u00e9cisions sur cette offre figurent sur le site de <a href=\"https:\/\/mibon.ch\" target=\"_blank\" rel=\"noopener\">mibon.ch<\/a><\/p>\n<\/p>\n                                  <\/div>\n                              <\/div><div class=\"accordion accordion--bordered\">\n                                  <div class=\"accordion__title-block\" role=\"button\">\n                                      <span class=\"accordion__title\">La Carte \u00c9toile filante d\u00e9livr\u00e9e par la fondation \u00c9toile filante me permet-elle d\u2019acc\u00e9der gratuitement au zoo du D\u00e4hlh\u00f6lzli?<\/span>\n                                      <span class=\"accordion__close\"><\/span>\n                                  <\/div>\n                                  <div class=\"accordion__text-block\">\n                                       <p><p>Oui, l\u2019entr\u00e9e au zoo du D\u00e4hlh\u00f6lzli est gratuite avec la Carte \u00c9toile filante. La fondation \u00c9toile filante offre des loisirs et des moments de bonheur aux enfants atteints d\u2019une maladie ou d\u2019un handicap.<\/p>\n<\/p>\n                                  <\/div>\n                              <\/div><\/div>\n                <\/div>\n            <\/div>[\/vc_column_text][\/vc_column][vc_column width=&#8221;1\/4&#8243;][vc_column_text el_class=&#8221;ticket-side-wrapper&#8221;]<\/p>\n<div class=\"ticket-side-container\"><img decoding=\"async\" class=\"ticket-side-img\" src=\"https:\/\/tierpark-bern.ch\/web\/app\/uploads\/2020\/07\/luchs-tierpark-bern.jpg\" alt=\"\" \/><a href=\"https:\/\/tierpark-bern.ch\/fr\/visite-au-zoo\/billets-prix\/billet-journalier\/\"><span class=\"ticket-side-desc\"><span class=\"ticket-side-center\"><span class=\"title\">Billet journalier<\/span><\/span><\/span><\/a><\/div>\n<div class=\"ticket-side-container top-20\"><img decoding=\"async\" class=\"ticket-side-img\" src=\"https:\/\/tierpark-bern.ch\/web\/app\/uploads\/2020\/07\/Totenkopfaffen-ds-Tierpark-Bern-122-1.jpg\" alt=\"\" \/><a href=\"https:\/\/tierpark-bern.ch\/fr\/visite-au-zoo\/billets-prix\/reductions\/\"><span class=\"ticket-side-desc\"><span class=\"ticket-side-center\"><span class=\"title\"> R\u00e9ductions <\/span><\/span><\/span><\/a><\/div>\n<div class=\"ticket-side-container top-20\"><img decoding=\"async\" class=\"ticket-side-img\" src=\"https:\/\/tierpark-bern.ch\/web\/app\/uploads\/2020\/07\/Kleinkantschil-Tierpark-Bern-1.jpg\" alt=\"\" \/><a href=\"https:\/\/tierpark-bern.ch\/fr\/visite-au-zoo\/billets-prix\/classes-decole\/\"><span class=\"ticket-side-desc\"><span class=\"ticket-side-center\"><span class=\"title\">Classes d\u2019\u00e9cole<\/span><\/span><\/span><\/a><\/div>\n<div class=\"ticket-side-container top-20\"><img decoding=\"async\" class=\"ticket-side-img\" src=\"https:\/\/tierpark-bern.ch\/web\/app\/uploads\/2020\/07\/Moschusochse-Tierpark-Bern-1.jpg\" alt=\"\" \/><a href=\"https:\/\/tierpark-bern.ch\/fr\/visite-au-zoo\/billets-prix\/prix-de-groupe\/\"><span class=\"ticket-side-desc\"><span class=\"ticket-side-center\"><span class=\"title\">Prix de groupe<\/span><\/span><\/span><\/a><\/div>\n<p>[\/vc_column_text][\/vc_column][\/vc_row]<\/p>\n<\/div>","protected":false},"excerpt":{"rendered":"<p>Profitez des nombreux rabais pr\u00e9vus, sur pr\u00e9sentation d\u2019un justificatif valable.<\/p>\n","protected":false},"author":1,"featured_media":21988,"parent":46217,"menu_order":0,"comment_status":"closed","ping_status":"closed","template":"","meta":{"_acf_changed":false,"footnotes":""},"class_list":["post-46031","page","type-page","status-publish","has-post-thumbnail","hentry"],"acf":[],"yoast_head":"<title>R\u00e9ductions | Tierpark Bern<\/title>\n<meta name=\"description\" content=\"Profitez des nombreux rabais pr\u00e9vus, sur pr\u00e9sentation d\u2019un justificatif valable.\" \/>\n<meta name=\"robots\" content=\"index, follow, max-snippet:-1, max-image-preview:large, max-video-preview:-1\" \/>\n<link rel=\"canonical\" href=\"https:\/\/tierpark-bern.ch\/fr\/visite-au-zoo\/billets-prix\/reductions\/\" \/>\n<meta property=\"og:locale\" content=\"fr_FR\" \/>\n<meta property=\"og:type\" content=\"article\" \/>\n<meta property=\"og:title\" content=\"R\u00e9ductions | Tierpark Bern\" \/>\n<meta property=\"og:description\" content=\"Profitez des nombreux rabais pr\u00e9vus, sur pr\u00e9sentation d\u2019un justificatif valable.\" \/>\n<meta property=\"og:url\" content=\"https:\/\/tierpark-bern.ch\/fr\/visite-au-zoo\/billets-prix\/reductions\/\" \/>\n<meta property=\"og:site_name\" content=\"Tierpark Bern\" \/>\n<meta property=\"article:publisher\" content=\"https:\/\/www.facebook.com\/tierparkbern\/\" \/>\n<meta property=\"article:modified_time\" content=\"2023-07-03T07:06:41+00:00\" \/>\n<meta property=\"og:image\" content=\"https:\/\/tierpark-bern.ch\/web\/app\/uploads\/2020\/07\/balistar-rando-Tierpark-Bern-99.jpg\" \/>\n\t<meta property=\"og:image:width\" content=\"1500\" \/>\n\t<meta property=\"og:image:height\" content=\"998\" \/>\n\t<meta property=\"og:image:type\" content=\"image\/jpeg\" \/>\n<script type=\"application\/ld+json\" class=\"yoast-schema-graph\">{\"@context\":\"https:\/\/schema.org\",\"@graph\":[{\"@type\":\"WebPage\",\"@id\":\"https:\/\/tierpark-bern.ch\/fr\/visite-au-zoo\/billets-prix\/reductions\/\",\"url\":\"https:\/\/tierpark-bern.ch\/fr\/visite-au-zoo\/billets-prix\/reductions\/\",\"name\":\"R\u00e9ductions | Tierpark Bern\",\"isPartOf\":{\"@id\":\"https:\/\/tierpark-bern.ch\/fr\/#website\"},\"primaryImageOfPage\":{\"@id\":\"https:\/\/tierpark-bern.ch\/fr\/visite-au-zoo\/billets-prix\/reductions\/#primaryimage\"},\"image\":{\"@id\":\"https:\/\/tierpark-bern.ch\/fr\/visite-au-zoo\/billets-prix\/reductions\/#primaryimage\"},\"thumbnailUrl\":\"https:\/\/tierpark-bern.ch\/web\/app\/uploads\/2020\/07\/balistar-rando-Tierpark-Bern-99.jpg\",\"datePublished\":\"2021-12-15T00:39:46+00:00\",\"dateModified\":\"2023-07-03T07:06:41+00:00\",\"description\":\"Profitez des nombreux rabais pr\u00e9vus, sur pr\u00e9sentation d\u2019un justificatif valable.\",\"breadcrumb\":{\"@id\":\"https:\/\/tierpark-bern.ch\/fr\/visite-au-zoo\/billets-prix\/reductions\/#breadcrumb\"},\"inLanguage\":\"fr-FR\",\"potentialAction\":[{\"@type\":\"ReadAction\",\"target\":[\"https:\/\/tierpark-bern.ch\/fr\/visite-au-zoo\/billets-prix\/reductions\/\"]}]},{\"@type\":\"ImageObject\",\"inLanguage\":\"fr-FR\",\"@id\":\"https:\/\/tierpark-bern.ch\/fr\/visite-au-zoo\/billets-prix\/reductions\/#primaryimage\",\"url\":\"https:\/\/tierpark-bern.ch\/web\/app\/uploads\/2020\/07\/balistar-rando-Tierpark-Bern-99.jpg\",\"contentUrl\":\"https:\/\/tierpark-bern.ch\/web\/app\/uploads\/2020\/07\/balistar-rando-Tierpark-Bern-99.jpg\",\"width\":1500,\"height\":998},{\"@type\":\"BreadcrumbList\",\"@id\":\"https:\/\/tierpark-bern.ch\/fr\/visite-au-zoo\/billets-prix\/reductions\/#breadcrumb\",\"itemListElement\":[{\"@type\":\"ListItem\",\"position\":1,\"name\":\"Home\",\"item\":\"https:\/\/tierpark-bern.ch\/fr\/home\/\"},{\"@type\":\"ListItem\",\"position\":2,\"name\":\"Visite au zoo\",\"item\":\"https:\/\/tierpark-bern.ch\/fr\/visite-au-zoo\/\"},{\"@type\":\"ListItem\",\"position\":3,\"name\":\"Billets &#038; Prix\",\"item\":\"https:\/\/tierpark-bern.ch\/fr\/visite-au-zoo\/billets-prix\/\"},{\"@type\":\"ListItem\",\"position\":4,\"name\":\"R\u00e9ductions\"}]},{\"@type\":\"WebSite\",\"@id\":\"https:\/\/tierpark-bern.ch\/fr\/#website\",\"url\":\"https:\/\/tierpark-bern.ch\/fr\/\",\"name\":\"Tierpark Bern\",\"description\":\"\",\"publisher\":{\"@id\":\"https:\/\/tierpark-bern.ch\/fr\/#organization\"},\"potentialAction\":[{\"@type\":\"SearchAction\",\"target\":{\"@type\":\"EntryPoint\",\"urlTemplate\":\"https:\/\/tierpark-bern.ch\/fr\/?s={search_term_string}\"},\"query-input\":{\"@type\":\"PropertyValueSpecification\",\"valueRequired\":true,\"valueName\":\"search_term_string\"}}],\"inLanguage\":\"fr-FR\"},{\"@type\":\"Organization\",\"@id\":\"https:\/\/tierpark-bern.ch\/fr\/#organization\",\"name\":\"Tierpark Bern | D\u00e4hlh\u00f6lzli + B\u00e4renPark\",\"alternateName\":\"Tierpark Bern\",\"url\":\"https:\/\/tierpark-bern.ch\/fr\/\",\"logo\":{\"@type\":\"ImageObject\",\"inLanguage\":\"fr-FR\",\"@id\":\"https:\/\/tierpark-bern.ch\/fr\/#\/schema\/logo\/image\/\",\"url\":\"https:\/\/tierpark-bern.ch\/web\/app\/uploads\/2024\/04\/tierpark-bern-696x696-1.jpg\",\"contentUrl\":\"https:\/\/tierpark-bern.ch\/web\/app\/uploads\/2024\/04\/tierpark-bern-696x696-1.jpg\",\"width\":696,\"height\":696,\"caption\":\"Tierpark Bern | D\u00e4hlh\u00f6lzli + B\u00e4renPark\"},\"image\":{\"@id\":\"https:\/\/tierpark-bern.ch\/fr\/#\/schema\/logo\/image\/\"},\"sameAs\":[\"https:\/\/www.facebook.com\/tierparkbern\/\",\"https:\/\/x.com\/tierparkbern\",\"https:\/\/www.instagram.com\/tierparkbern\/\"]}]}<\/script>","yoast_head_json":{"title":"R\u00e9ductions | Tierpark Bern","description":"Profitez des nombreux rabais pr\u00e9vus, sur pr\u00e9sentation d\u2019un justificatif valable.","robots":{"index":"index","follow":"follow","max-snippet":"max-snippet:-1","max-image-preview":"max-image-preview:large","max-video-preview":"max-video-preview:-1"},"canonical":"https:\/\/tierpark-bern.ch\/fr\/visite-au-zoo\/billets-prix\/reductions\/","og_locale":"fr_FR","og_type":"article","og_title":"R\u00e9ductions | Tierpark Bern","og_description":"Profitez des nombreux rabais pr\u00e9vus, sur pr\u00e9sentation d\u2019un justificatif valable.","og_url":"https:\/\/tierpark-bern.ch\/fr\/visite-au-zoo\/billets-prix\/reductions\/","og_site_name":"Tierpark Bern","article_publisher":"https:\/\/www.facebook.com\/tierparkbern\/","article_modified_time":"2023-07-03T07:06:41+00:00","og_image":[{"width":1500,"height":998,"url":"https:\/\/tierpark-bern.ch\/web\/app\/uploads\/2020\/07\/balistar-rando-Tierpark-Bern-99.jpg","type":"image\/jpeg"}],"schema":{"@context":"https:\/\/schema.org","@graph":[{"@type":"WebPage","@id":"https:\/\/tierpark-bern.ch\/fr\/visite-au-zoo\/billets-prix\/reductions\/","url":"https:\/\/tierpark-bern.ch\/fr\/visite-au-zoo\/billets-prix\/reductions\/","name":"R\u00e9ductions | Tierpark Bern","isPartOf":{"@id":"https:\/\/tierpark-bern.ch\/fr\/#website"},"primaryImageOfPage":{"@id":"https:\/\/tierpark-bern.ch\/fr\/visite-au-zoo\/billets-prix\/reductions\/#primaryimage"},"image":{"@id":"https:\/\/tierpark-bern.ch\/fr\/visite-au-zoo\/billets-prix\/reductions\/#primaryimage"},"thumbnailUrl":"https:\/\/tierpark-bern.ch\/web\/app\/uploads\/2020\/07\/balistar-rando-Tierpark-Bern-99.jpg","datePublished":"2021-12-15T00:39:46+00:00","dateModified":"2023-07-03T07:06:41+00:00","description":"Profitez des nombreux rabais pr\u00e9vus, sur pr\u00e9sentation d\u2019un justificatif valable.","breadcrumb":{"@id":"https:\/\/tierpark-bern.ch\/fr\/visite-au-zoo\/billets-prix\/reductions\/#breadcrumb"},"inLanguage":"fr-FR","potentialAction":[{"@type":"ReadAction","target":["https:\/\/tierpark-bern.ch\/fr\/visite-au-zoo\/billets-prix\/reductions\/"]}]},{"@type":"ImageObject","inLanguage":"fr-FR","@id":"https:\/\/tierpark-bern.ch\/fr\/visite-au-zoo\/billets-prix\/reductions\/#primaryimage","url":"https:\/\/tierpark-bern.ch\/web\/app\/uploads\/2020\/07\/balistar-rando-Tierpark-Bern-99.jpg","contentUrl":"https:\/\/tierpark-bern.ch\/web\/app\/uploads\/2020\/07\/balistar-rando-Tierpark-Bern-99.jpg","width":1500,"height":998},{"@type":"BreadcrumbList","@id":"https:\/\/tierpark-bern.ch\/fr\/visite-au-zoo\/billets-prix\/reductions\/#breadcrumb","itemListElement":[{"@type":"ListItem","position":1,"name":"Home","item":"https:\/\/tierpark-bern.ch\/fr\/home\/"},{"@type":"ListItem","position":2,"name":"Visite au zoo","item":"https:\/\/tierpark-bern.ch\/fr\/visite-au-zoo\/"},{"@type":"ListItem","position":3,"name":"Billets &#038; Prix","item":"https:\/\/tierpark-bern.ch\/fr\/visite-au-zoo\/billets-prix\/"},{"@type":"ListItem","position":4,"name":"R\u00e9ductions"}]},{"@type":"WebSite","@id":"https:\/\/tierpark-bern.ch\/fr\/#website","url":"https:\/\/tierpark-bern.ch\/fr\/","name":"Tierpark Bern","description":"","publisher":{"@id":"https:\/\/tierpark-bern.ch\/fr\/#organization"},"potentialAction":[{"@type":"SearchAction","target":{"@type":"EntryPoint","urlTemplate":"https:\/\/tierpark-bern.ch\/fr\/?s={search_term_string}"},"query-input":{"@type":"PropertyValueSpecification","valueRequired":true,"valueName":"search_term_string"}}],"inLanguage":"fr-FR"},{"@type":"Organization","@id":"https:\/\/tierpark-bern.ch\/fr\/#organization","name":"Tierpark Bern | D\u00e4hlh\u00f6lzli + B\u00e4renPark","alternateName":"Tierpark Bern","url":"https:\/\/tierpark-bern.ch\/fr\/","logo":{"@type":"ImageObject","inLanguage":"fr-FR","@id":"https:\/\/tierpark-bern.ch\/fr\/#\/schema\/logo\/image\/","url":"https:\/\/tierpark-bern.ch\/web\/app\/uploads\/2024\/04\/tierpark-bern-696x696-1.jpg","contentUrl":"https:\/\/tierpark-bern.ch\/web\/app\/uploads\/2024\/04\/tierpark-bern-696x696-1.jpg","width":696,"height":696,"caption":"Tierpark Bern | D\u00e4hlh\u00f6lzli + B\u00e4renPark"},"image":{"@id":"https:\/\/tierpark-bern.ch\/fr\/#\/schema\/logo\/image\/"},"sameAs":["https:\/\/www.facebook.com\/tierparkbern\/","https:\/\/x.com\/tierparkbern","https:\/\/www.instagram.com\/tierparkbern\/"]}]}},"_links":{"self":[{"href":"https:\/\/tierpark-bern.ch\/fr\/wp-json\/wp\/v2\/pages\/46031","targetHints":{"allow":["GET"]}}],"collection":[{"href":"https:\/\/tierpark-bern.ch\/fr\/wp-json\/wp\/v2\/pages"}],"about":[{"href":"https:\/\/tierpark-bern.ch\/fr\/wp-json\/wp\/v2\/types\/page"}],"author":[{"embeddable":true,"href":"https:\/\/tierpark-bern.ch\/fr\/wp-json\/wp\/v2\/users\/1"}],"replies":[{"embeddable":true,"href":"https:\/\/tierpark-bern.ch\/fr\/wp-json\/wp\/v2\/comments?post=46031"}],"version-history":[{"count":0,"href":"https:\/\/tierpark-bern.ch\/fr\/wp-json\/wp\/v2\/pages\/46031\/revisions"}],"up":[{"embeddable":true,"href":"https:\/\/tierpark-bern.ch\/fr\/wp-json\/wp\/v2\/pages\/46217"}],"wp:featuredmedia":[{"embeddable":true,"href":"https:\/\/tierpark-bern.ch\/fr\/wp-json\/wp\/v2\/media\/21988"}],"wp:attachment":[{"href":"https:\/\/tierpark-bern.ch\/fr\/wp-json\/wp\/v2\/media?parent=46031"}],"curies":[{"name":"wp","href":"https:\/\/api.w.org\/{rel}","templated":true}]}}