{"id":46037,"date":"2020-09-03T15:14:03","date_gmt":"2020-09-03T13:14:03","guid":{"rendered":"https:\/\/tierpark-bern.ch\/?page_id=46037"},"modified":"2023-12-25T17:24:52","modified_gmt":"2023-12-25T16:24:52","slug":"restaurant-du-zoo-du-daehlhoelzli","status":"publish","type":"page","link":"https:\/\/tierpark-bern.ch\/fr\/visite-au-zoo\/restauration\/restaurant-du-zoo-du-daehlhoelzli\/","title":{"rendered":"Restaurant du zoo du D\u00e4hlh\u00f6lzli"},"content":{"rendered":"<div class=\"wpb-content-wrapper\"><p>[vc_row][vc_column][vc_column_text]<\/p>\n<h1>Restaurant du zoo du D\u00e4hlh\u00f6lzli<\/h1>\n<p>[\/vc_column_text][vc_message message_box_color=&#8221;sandy_brown&#8221;]A partir du 25 d\u00e9cembre 2023, le Restaurant du zoo du D\u00e4hlh\u00f6lzli sera ferm\u00e9 en raison de travaux de r\u00e9novation. Pendant l&#8217;hiver, le Eulen Bistro se chargera de vous restaurer. <a href=\"https:\/\/tierpark-bern.ch\/fr\/visite-au-zoo\/restauration\/eulen-bistro\/\">En savoir plus<\/a>[\/vc_message][vc_column_text]Le restaurant du parc zoologique du D\u00e4hlh\u00f6lzli est situ\u00e9 au bord de l\u2019Aar, \u00e0 proximit\u00e9 de l\u2019entr\u00e9e du zoo. Votre famille et vous pourrez au choix vous faire dorloter au restaurant situ\u00e9 \u00e0 l\u2019\u00e9tage, ou composer vous-m\u00eames votre menu au self-service bien pratique de plain-pied.<\/p>\n<p>Le restaurant du parc zoologique du D\u00e4hlh\u00f6lzli est un \u00e9tablissement distinct et autonome.<br \/>\n[\/vc_column_text][vc_column_text]<a class=\"button button--tierpark\" href=\"https:\/\/daehlhoelzli.ch\" target=\"_blank\" rel=\"noopener\">Site Web du Restaurant du parc zoologique du D\u00e4hlh\u00f6lzli<\/a>[\/vc_column_text][vc_empty_space][\/vc_column][\/vc_row][vc_row][vc_column width=&#8221;1\/2&#8243;][vc_single_image image=&#8221;20979&#8243; el_class=&#8221;article-image&#8221;][\/vc_column][\/vc_row][vc_row][vc_column][vc_empty_space][\/vc_column][\/vc_row][vc_row][vc_column][vc_column_text]<\/p>\n<h2>Acc\u00e8s<\/h2>\n<p>[\/vc_column_text][vc_column_text]<iframe loading=\"lazy\" style=\"border: 0;\" title=\"Tierpark-Restaurant D\u00e4hlh\u00f6lzli map\" src=\"https:\/\/www.google.com\/maps\/embed?pb=!1m14!1m8!1m3!1d10897.683062349544!2d7.4487234!3d46.9337688!3m2!1i1024!2i768!4f13.1!3m3!1m2!1s0x0%3A0x127d72efa71b4d11!2sTierpark-Restaurant%20D%C3%A4hlh%C3%B6lzli!5e0!3m2!1sde!2sde!4v1634502153157!5m2!1sde!2sde\" width=\"100%\" height=\"450\" allowfullscreen=\"allowfullscreen\"><\/iframe>[\/vc_column_text][vc_column_text]<\/p>\n<h2>Adresse<\/h2>\n<p>Tierpark-Restaurant D\u00e4hlh\u00f6lzli<br \/>\nTierparkweg 2, 3005 Bern<\/p>\n<h2>T\u00e9l\u00e9phone<\/h2>\n<p>+41 31 351 18 94<\/p>\n<h2>E-Mail<\/h2>\n<p>info@daehlhoelzli.ch[\/vc_column_text][\/vc_column][\/vc_row][vc_row][vc_column][vc_column_text]<section class=\"section no-padding-bottom page-suggestion-container\">\n            <div class=\"container\">\n                <div class=\"row bottom-50\">\n                    <div class=\"col-12\">\n                        <div class=\"heading heading--primary heading--center\">\n                            <h2 class=\"heading__title no-margin-bottom\"><span>Autres Th\u00e8mes<\/span><\/h2>\n                        <\/div>\n                    <\/div>\n                <\/div>\n                <div class=\"row\"><div class=\"col-md-6 col-xl-4 offset-xl-2\">\n                        <div class=\"service-content\" tabindex=\"0\" role=\"link\" onclick=\"suggestionLinkfunction(this);\" data-href=\"https:\/\/tierpark-bern.ch\/fr\/experiences\/votre-evenement\/daehlhoelzli\/\">\n                            <img decoding=\"async\" src=\"https:\/\/tierpark-bern.ch\/web\/app\/uploads\/2021\/10\/anlass-im-Tierpark-Bern-1-2-386x230.jpg\" alt=\"\"\/>\n                                <div class=\"service-desc\">\n                                    <div class=\"vcenter\">\n                                        <div class=\"titel\">Ihr Anlass im D\u00e4hlh\u00f6lzli<\/div>\n                                    <\/div>\n                                <\/div>\n                        <\/div>\n                    <\/div><div class=\"col-md-6 col-xl-4 \">\n                        <div class=\"service-content\" tabindex=\"0\" role=\"link\" onclick=\"suggestionLinkfunction(this);\" data-href=\"https:\/\/tierpark-bern.ch\/fr\/visite-au-zoo\/restauration\/coin-grillades\/\">\n                            <img decoding=\"async\" src=\"https:\/\/tierpark-bern.ch\/web\/app\/uploads\/2022\/02\/grillplatz-tierpark-bern-122-2-386x230.jpg\" alt=\"\"\/>\n                                <div class=\"service-desc\">\n                                    <div class=\"vcenter\">\n                                        <div class=\"titel\">Coin grillades<\/div>\n                                    <\/div>\n                                <\/div>\n                        <\/div>\n                    <\/div><\/div>\n            <\/div>\n        <\/section>[\/vc_column_text][\/vc_column][\/vc_row]<\/p>\n<\/div>","protected":false},"excerpt":{"rendered":"<p>Le restaurant du parc zoologique du D\u00e4hlh\u00f6lzli est un \u00e9tablissement distinct et autonome.<\/p>\n","protected":false},"author":1,"featured_media":15633,"parent":46117,"menu_order":0,"comment_status":"closed","ping_status":"closed","template":"","meta":{"_acf_changed":false,"footnotes":""},"class_list":["post-46037","page","type-page","status-publish","has-post-thumbnail","hentry"],"acf":[],"yoast_head":"<title>Restaurant du zoo du D\u00e4hlh\u00f6lzli | Tierpark Bern<\/title>\n<meta name=\"description\" content=\"Le restaurant du parc zoologique du D\u00e4hlh\u00f6lzli est un \u00e9tablissement distinct et autonome.\" \/>\n<meta name=\"robots\" content=\"index, follow, max-snippet:-1, max-image-preview:large, max-video-preview:-1\" \/>\n<link rel=\"canonical\" href=\"https:\/\/tierpark-bern.ch\/fr\/visite-au-zoo\/restauration\/restaurant-du-zoo-du-daehlhoelzli\/\" \/>\n<meta property=\"og:locale\" content=\"fr_FR\" \/>\n<meta property=\"og:type\" content=\"article\" \/>\n<meta property=\"og:title\" content=\"Restaurant du zoo du D\u00e4hlh\u00f6lzli | Tierpark Bern\" \/>\n<meta property=\"og:description\" content=\"Le restaurant du parc zoologique du D\u00e4hlh\u00f6lzli est un \u00e9tablissement distinct et autonome.\" \/>\n<meta property=\"og:url\" content=\"https:\/\/tierpark-bern.ch\/fr\/visite-au-zoo\/restauration\/restaurant-du-zoo-du-daehlhoelzli\/\" \/>\n<meta property=\"og:site_name\" content=\"Tierpark Bern\" \/>\n<meta property=\"article:publisher\" content=\"https:\/\/www.facebook.com\/tierparkbern\/\" \/>\n<meta property=\"article:modified_time\" content=\"2023-12-25T16:24:52+00:00\" \/>\n<meta property=\"og:image\" content=\"https:\/\/tierpark-bern.ch\/web\/app\/uploads\/2020\/08\/Gastronomie-Tierpark-Bern.jpg\" \/>\n\t<meta property=\"og:image:width\" content=\"799\" \/>\n\t<meta property=\"og:image:height\" content=\"533\" \/>\n\t<meta property=\"og:image:type\" content=\"image\/jpeg\" \/>\n<script type=\"application\/ld+json\" class=\"yoast-schema-graph\">{\"@context\":\"https:\/\/schema.org\",\"@graph\":[{\"@type\":\"WebPage\",\"@id\":\"https:\/\/tierpark-bern.ch\/fr\/visite-au-zoo\/restauration\/restaurant-du-zoo-du-daehlhoelzli\/\",\"url\":\"https:\/\/tierpark-bern.ch\/fr\/visite-au-zoo\/restauration\/restaurant-du-zoo-du-daehlhoelzli\/\",\"name\":\"Restaurant du zoo du D\u00e4hlh\u00f6lzli | Tierpark Bern\",\"isPartOf\":{\"@id\":\"https:\/\/tierpark-bern.ch\/fr\/#website\"},\"primaryImageOfPage\":{\"@id\":\"https:\/\/tierpark-bern.ch\/fr\/visite-au-zoo\/restauration\/restaurant-du-zoo-du-daehlhoelzli\/#primaryimage\"},\"image\":{\"@id\":\"https:\/\/tierpark-bern.ch\/fr\/visite-au-zoo\/restauration\/restaurant-du-zoo-du-daehlhoelzli\/#primaryimage\"},\"thumbnailUrl\":\"https:\/\/tierpark-bern.ch\/web\/app\/uploads\/2020\/08\/Gastronomie-Tierpark-Bern.jpg\",\"datePublished\":\"2020-09-03T13:14:03+00:00\",\"dateModified\":\"2023-12-25T16:24:52+00:00\",\"description\":\"Le restaurant du parc zoologique du D\u00e4hlh\u00f6lzli est un \u00e9tablissement distinct et autonome.\",\"breadcrumb\":{\"@id\":\"https:\/\/tierpark-bern.ch\/fr\/visite-au-zoo\/restauration\/restaurant-du-zoo-du-daehlhoelzli\/#breadcrumb\"},\"inLanguage\":\"fr-FR\",\"potentialAction\":[{\"@type\":\"ReadAction\",\"target\":[\"https:\/\/tierpark-bern.ch\/fr\/visite-au-zoo\/restauration\/restaurant-du-zoo-du-daehlhoelzli\/\"]}]},{\"@type\":\"ImageObject\",\"inLanguage\":\"fr-FR\",\"@id\":\"https:\/\/tierpark-bern.ch\/fr\/visite-au-zoo\/restauration\/restaurant-du-zoo-du-daehlhoelzli\/#primaryimage\",\"url\":\"https:\/\/tierpark-bern.ch\/web\/app\/uploads\/2020\/08\/Gastronomie-Tierpark-Bern.jpg\",\"contentUrl\":\"https:\/\/tierpark-bern.ch\/web\/app\/uploads\/2020\/08\/Gastronomie-Tierpark-Bern.jpg\",\"width\":799,\"height\":533},{\"@type\":\"BreadcrumbList\",\"@id\":\"https:\/\/tierpark-bern.ch\/fr\/visite-au-zoo\/restauration\/restaurant-du-zoo-du-daehlhoelzli\/#breadcrumb\",\"itemListElement\":[{\"@type\":\"ListItem\",\"position\":1,\"name\":\"Home\",\"item\":\"https:\/\/tierpark-bern.ch\/fr\/home\/\"},{\"@type\":\"ListItem\",\"position\":2,\"name\":\"Visite au zoo\",\"item\":\"https:\/\/tierpark-bern.ch\/fr\/visite-au-zoo\/\"},{\"@type\":\"ListItem\",\"position\":3,\"name\":\"Restauration\",\"item\":\"https:\/\/tierpark-bern.ch\/fr\/visite-au-zoo\/restauration\/\"},{\"@type\":\"ListItem\",\"position\":4,\"name\":\"Restaurant du zoo du D\u00e4hlh\u00f6lzli\"}]},{\"@type\":\"WebSite\",\"@id\":\"https:\/\/tierpark-bern.ch\/fr\/#website\",\"url\":\"https:\/\/tierpark-bern.ch\/fr\/\",\"name\":\"Tierpark Bern\",\"description\":\"\",\"publisher\":{\"@id\":\"https:\/\/tierpark-bern.ch\/fr\/#organization\"},\"potentialAction\":[{\"@type\":\"SearchAction\",\"target\":{\"@type\":\"EntryPoint\",\"urlTemplate\":\"https:\/\/tierpark-bern.ch\/fr\/?s={search_term_string}\"},\"query-input\":{\"@type\":\"PropertyValueSpecification\",\"valueRequired\":true,\"valueName\":\"search_term_string\"}}],\"inLanguage\":\"fr-FR\"},{\"@type\":\"Organization\",\"@id\":\"https:\/\/tierpark-bern.ch\/fr\/#organization\",\"name\":\"Tierpark Bern | D\u00e4hlh\u00f6lzli + B\u00e4renPark\",\"alternateName\":\"Tierpark Bern\",\"url\":\"https:\/\/tierpark-bern.ch\/fr\/\",\"logo\":{\"@type\":\"ImageObject\",\"inLanguage\":\"fr-FR\",\"@id\":\"https:\/\/tierpark-bern.ch\/fr\/#\/schema\/logo\/image\/\",\"url\":\"https:\/\/tierpark-bern.ch\/web\/app\/uploads\/2024\/04\/tierpark-bern-696x696-1.jpg\",\"contentUrl\":\"https:\/\/tierpark-bern.ch\/web\/app\/uploads\/2024\/04\/tierpark-bern-696x696-1.jpg\",\"width\":696,\"height\":696,\"caption\":\"Tierpark Bern | D\u00e4hlh\u00f6lzli + B\u00e4renPark\"},\"image\":{\"@id\":\"https:\/\/tierpark-bern.ch\/fr\/#\/schema\/logo\/image\/\"},\"sameAs\":[\"https:\/\/www.facebook.com\/tierparkbern\/\",\"https:\/\/x.com\/tierparkbern\",\"https:\/\/www.instagram.com\/tierparkbern\/\"]}]}<\/script>","yoast_head_json":{"title":"Restaurant du zoo du D\u00e4hlh\u00f6lzli | Tierpark Bern","description":"Le restaurant du parc zoologique du D\u00e4hlh\u00f6lzli est un \u00e9tablissement distinct et autonome.","robots":{"index":"index","follow":"follow","max-snippet":"max-snippet:-1","max-image-preview":"max-image-preview:large","max-video-preview":"max-video-preview:-1"},"canonical":"https:\/\/tierpark-bern.ch\/fr\/visite-au-zoo\/restauration\/restaurant-du-zoo-du-daehlhoelzli\/","og_locale":"fr_FR","og_type":"article","og_title":"Restaurant du zoo du D\u00e4hlh\u00f6lzli | Tierpark Bern","og_description":"Le restaurant du parc zoologique du D\u00e4hlh\u00f6lzli est un \u00e9tablissement distinct et autonome.","og_url":"https:\/\/tierpark-bern.ch\/fr\/visite-au-zoo\/restauration\/restaurant-du-zoo-du-daehlhoelzli\/","og_site_name":"Tierpark Bern","article_publisher":"https:\/\/www.facebook.com\/tierparkbern\/","article_modified_time":"2023-12-25T16:24:52+00:00","og_image":[{"width":799,"height":533,"url":"https:\/\/tierpark-bern.ch\/web\/app\/uploads\/2020\/08\/Gastronomie-Tierpark-Bern.jpg","type":"image\/jpeg"}],"schema":{"@context":"https:\/\/schema.org","@graph":[{"@type":"WebPage","@id":"https:\/\/tierpark-bern.ch\/fr\/visite-au-zoo\/restauration\/restaurant-du-zoo-du-daehlhoelzli\/","url":"https:\/\/tierpark-bern.ch\/fr\/visite-au-zoo\/restauration\/restaurant-du-zoo-du-daehlhoelzli\/","name":"Restaurant du zoo du D\u00e4hlh\u00f6lzli | Tierpark Bern","isPartOf":{"@id":"https:\/\/tierpark-bern.ch\/fr\/#website"},"primaryImageOfPage":{"@id":"https:\/\/tierpark-bern.ch\/fr\/visite-au-zoo\/restauration\/restaurant-du-zoo-du-daehlhoelzli\/#primaryimage"},"image":{"@id":"https:\/\/tierpark-bern.ch\/fr\/visite-au-zoo\/restauration\/restaurant-du-zoo-du-daehlhoelzli\/#primaryimage"},"thumbnailUrl":"https:\/\/tierpark-bern.ch\/web\/app\/uploads\/2020\/08\/Gastronomie-Tierpark-Bern.jpg","datePublished":"2020-09-03T13:14:03+00:00","dateModified":"2023-12-25T16:24:52+00:00","description":"Le restaurant du parc zoologique du D\u00e4hlh\u00f6lzli est un \u00e9tablissement distinct et autonome.","breadcrumb":{"@id":"https:\/\/tierpark-bern.ch\/fr\/visite-au-zoo\/restauration\/restaurant-du-zoo-du-daehlhoelzli\/#breadcrumb"},"inLanguage":"fr-FR","potentialAction":[{"@type":"ReadAction","target":["https:\/\/tierpark-bern.ch\/fr\/visite-au-zoo\/restauration\/restaurant-du-zoo-du-daehlhoelzli\/"]}]},{"@type":"ImageObject","inLanguage":"fr-FR","@id":"https:\/\/tierpark-bern.ch\/fr\/visite-au-zoo\/restauration\/restaurant-du-zoo-du-daehlhoelzli\/#primaryimage","url":"https:\/\/tierpark-bern.ch\/web\/app\/uploads\/2020\/08\/Gastronomie-Tierpark-Bern.jpg","contentUrl":"https:\/\/tierpark-bern.ch\/web\/app\/uploads\/2020\/08\/Gastronomie-Tierpark-Bern.jpg","width":799,"height":533},{"@type":"BreadcrumbList","@id":"https:\/\/tierpark-bern.ch\/fr\/visite-au-zoo\/restauration\/restaurant-du-zoo-du-daehlhoelzli\/#breadcrumb","itemListElement":[{"@type":"ListItem","position":1,"name":"Home","item":"https:\/\/tierpark-bern.ch\/fr\/home\/"},{"@type":"ListItem","position":2,"name":"Visite au zoo","item":"https:\/\/tierpark-bern.ch\/fr\/visite-au-zoo\/"},{"@type":"ListItem","position":3,"name":"Restauration","item":"https:\/\/tierpark-bern.ch\/fr\/visite-au-zoo\/restauration\/"},{"@type":"ListItem","position":4,"name":"Restaurant du zoo du D\u00e4hlh\u00f6lzli"}]},{"@type":"WebSite","@id":"https:\/\/tierpark-bern.ch\/fr\/#website","url":"https:\/\/tierpark-bern.ch\/fr\/","name":"Tierpark Bern","description":"","publisher":{"@id":"https:\/\/tierpark-bern.ch\/fr\/#organization"},"potentialAction":[{"@type":"SearchAction","target":{"@type":"EntryPoint","urlTemplate":"https:\/\/tierpark-bern.ch\/fr\/?s={search_term_string}"},"query-input":{"@type":"PropertyValueSpecification","valueRequired":true,"valueName":"search_term_string"}}],"inLanguage":"fr-FR"},{"@type":"Organization","@id":"https:\/\/tierpark-bern.ch\/fr\/#organization","name":"Tierpark Bern | D\u00e4hlh\u00f6lzli + B\u00e4renPark","alternateName":"Tierpark Bern","url":"https:\/\/tierpark-bern.ch\/fr\/","logo":{"@type":"ImageObject","inLanguage":"fr-FR","@id":"https:\/\/tierpark-bern.ch\/fr\/#\/schema\/logo\/image\/","url":"https:\/\/tierpark-bern.ch\/web\/app\/uploads\/2024\/04\/tierpark-bern-696x696-1.jpg","contentUrl":"https:\/\/tierpark-bern.ch\/web\/app\/uploads\/2024\/04\/tierpark-bern-696x696-1.jpg","width":696,"height":696,"caption":"Tierpark Bern | D\u00e4hlh\u00f6lzli + B\u00e4renPark"},"image":{"@id":"https:\/\/tierpark-bern.ch\/fr\/#\/schema\/logo\/image\/"},"sameAs":["https:\/\/www.facebook.com\/tierparkbern\/","https:\/\/x.com\/tierparkbern","https:\/\/www.instagram.com\/tierparkbern\/"]}]}},"_links":{"self":[{"href":"https:\/\/tierpark-bern.ch\/fr\/wp-json\/wp\/v2\/pages\/46037","targetHints":{"allow":["GET"]}}],"collection":[{"href":"https:\/\/tierpark-bern.ch\/fr\/wp-json\/wp\/v2\/pages"}],"about":[{"href":"https:\/\/tierpark-bern.ch\/fr\/wp-json\/wp\/v2\/types\/page"}],"author":[{"embeddable":true,"href":"https:\/\/tierpark-bern.ch\/fr\/wp-json\/wp\/v2\/users\/1"}],"replies":[{"embeddable":true,"href":"https:\/\/tierpark-bern.ch\/fr\/wp-json\/wp\/v2\/comments?post=46037"}],"version-history":[{"count":0,"href":"https:\/\/tierpark-bern.ch\/fr\/wp-json\/wp\/v2\/pages\/46037\/revisions"}],"up":[{"embeddable":true,"href":"https:\/\/tierpark-bern.ch\/fr\/wp-json\/wp\/v2\/pages\/46117"}],"wp:featuredmedia":[{"embeddable":true,"href":"https:\/\/tierpark-bern.ch\/fr\/wp-json\/wp\/v2\/media\/15633"}],"wp:attachment":[{"href":"https:\/\/tierpark-bern.ch\/fr\/wp-json\/wp\/v2\/media?parent=46037"}],"curies":[{"name":"wp","href":"https:\/\/api.w.org\/{rel}","templated":true}]}}