{"id":46043,"date":"2021-12-15T01:44:10","date_gmt":"2021-12-15T00:44:10","guid":{"rendered":"https:\/\/tierpark-bern.ch\/?page_id=46043"},"modified":"2022-08-17T09:28:05","modified_gmt":"2022-08-17T07:28:05","slug":"classes-decole","status":"publish","type":"page","link":"https:\/\/tierpark-bern.ch\/fr\/visite-au-zoo\/billets-prix\/classes-decole\/","title":{"rendered":"Classes d\u2019\u00e9cole"},"content":{"rendered":"<div class=\"wpb-content-wrapper\"><p>[vc_row][vc_column][vc_column_text]<\/p>\n<h1>Billets &amp; Prix<\/h1>\n<h2>Classes d\u2019\u00e9cole<\/h2>\n<p>Profitez de nos nombreux rabais destin\u00e9s aux classes d\u2019\u00e9cole.[\/vc_column_text][\/vc_column][\/vc_row][vc_row][vc_column width=&#8221;3\/4&#8243;][vc_column_text]<\/p>\n<table class=\"tbl-ticket-list\">\n<tbody>\n<tr>\n<th class=\"tbl-title\">Billet journalier<\/th>\n<th class=\"tbl-price\">Prix<\/th>\n<\/tr>\n<tr>\n<td>\u00c9coles de la Ville, enfants d\u00e8s 6 ans, 1 enseignant gratuit<\/td>\n<td>Facturation BSS<\/td>\n<\/tr>\n<tr>\n<td>Autres classes, enfants d\u00e8s 6 ans, 1 enseignant gratuit<\/td>\n<td>CHF 6.-<\/td>\n<\/tr>\n<tr>\n<td>Formation initiale, 1 enseignant gratuit<\/td>\n<td>CHF 6.-<\/td>\n<\/tr>\n<tr>\n<td>Accompagnants de classes scolaires<\/td>\n<td>CHF 8.-<\/td>\n<\/tr>\n<\/tbody>\n<\/table>\n<p>[\/vc_column_text][\/vc_column][vc_column width=&#8221;1\/4&#8243;][vc_column_text el_class=&#8221;ticket-side-wrapper&#8221;]<\/p>\n<div class=\"ticket-side-container\"><img decoding=\"async\" class=\"ticket-side-img\" src=\"https:\/\/tierpark-bern.ch\/web\/app\/uploads\/2020\/07\/luchs-tierpark-bern.jpg\" alt=\"\" \/><a href=\"https:\/\/tierpark-bern.ch\/fr\/visite-au-zoo\/billets-prix\/billet-journalier\/\"><span class=\"ticket-side-desc\"><span class=\"ticket-side-center\"><span class=\"title\">Billet journalier<\/span><\/span><\/span><\/a><\/div>\n<div class=\"ticket-side-container top-20\"><img decoding=\"async\" class=\"ticket-side-img\" src=\"https:\/\/tierpark-bern.ch\/web\/app\/uploads\/2020\/07\/Totenkopfaffen-ds-Tierpark-Bern-122-1.jpg\" alt=\"\" \/><a href=\"https:\/\/tierpark-bern.ch\/fr\/visite-au-zoo\/billets-prix\/reductions\/\"><span class=\"ticket-side-desc\"><span class=\"ticket-side-center\"><span class=\"title\"> R\u00e9ductions <\/span><\/span><\/span><\/a><\/div>\n<div class=\"ticket-side-container top-20\"><img decoding=\"async\" class=\"ticket-side-img\" src=\"https:\/\/tierpark-bern.ch\/web\/app\/uploads\/2020\/07\/Kleinkantschil-Tierpark-Bern-1.jpg\" alt=\"\" \/><a href=\"https:\/\/tierpark-bern.ch\/fr\/visite-au-zoo\/billets-prix\/classes-decole\/\"><span class=\"ticket-side-desc\"><span class=\"ticket-side-center\"><span class=\"title\">Classes d\u2019\u00e9cole<\/span><\/span><\/span><\/a><\/div>\n<div class=\"ticket-side-container top-20\"><img decoding=\"async\" class=\"ticket-side-img\" src=\"https:\/\/tierpark-bern.ch\/web\/app\/uploads\/2020\/07\/Moschusochse-Tierpark-Bern-1.jpg\" alt=\"\" \/><a href=\"https:\/\/tierpark-bern.ch\/fr\/visite-au-zoo\/billets-prix\/prix-de-groupe\/\"><span class=\"ticket-side-desc\"><span class=\"ticket-side-center\"><span class=\"title\">Prix de groupe<\/span><\/span><\/span><\/a><\/div>\n<p>[\/vc_column_text][\/vc_column][\/vc_row]<\/p>\n<\/div>","protected":false},"excerpt":{"rendered":"<p>Profitez de nos nombreux rabais destin\u00e9s aux classes d\u2019\u00e9cole.<\/p>\n","protected":false},"author":1,"featured_media":22838,"parent":46217,"menu_order":0,"comment_status":"closed","ping_status":"closed","template":"","meta":{"_acf_changed":false,"footnotes":""},"class_list":["post-46043","page","type-page","status-publish","has-post-thumbnail","hentry"],"acf":[],"yoast_head":"<title>Classes d\u2019\u00e9cole | Tierpark Bern<\/title>\n<meta name=\"description\" content=\"Profitez de nos nombreux rabais destin\u00e9s aux classes d\u2019\u00e9cole.\" \/>\n<meta name=\"robots\" content=\"index, follow, max-snippet:-1, max-image-preview:large, max-video-preview:-1\" \/>\n<link rel=\"canonical\" href=\"https:\/\/tierpark-bern.ch\/fr\/visite-au-zoo\/billets-prix\/classes-decole\/\" \/>\n<meta property=\"og:locale\" content=\"fr_FR\" \/>\n<meta property=\"og:type\" content=\"article\" \/>\n<meta property=\"og:title\" content=\"Classes d\u2019\u00e9cole | Tierpark Bern\" \/>\n<meta property=\"og:description\" content=\"Profitez de nos nombreux rabais destin\u00e9s aux classes d\u2019\u00e9cole.\" \/>\n<meta property=\"og:url\" content=\"https:\/\/tierpark-bern.ch\/fr\/visite-au-zoo\/billets-prix\/classes-decole\/\" \/>\n<meta property=\"og:site_name\" content=\"Tierpark Bern\" \/>\n<meta property=\"article:publisher\" content=\"https:\/\/www.facebook.com\/tierparkbern\/\" \/>\n<meta property=\"article:modified_time\" content=\"2022-08-17T07:28:05+00:00\" \/>\n<meta property=\"og:image\" content=\"https:\/\/tierpark-bern.ch\/web\/app\/uploads\/2022\/02\/kleinkantschil-tierpark-bern-67.jpg\" \/>\n\t<meta property=\"og:image:width\" content=\"1500\" \/>\n\t<meta property=\"og:image:height\" content=\"998\" \/>\n\t<meta property=\"og:image:type\" content=\"image\/jpeg\" \/>\n<script type=\"application\/ld+json\" class=\"yoast-schema-graph\">{\"@context\":\"https:\/\/schema.org\",\"@graph\":[{\"@type\":\"WebPage\",\"@id\":\"https:\/\/tierpark-bern.ch\/fr\/visite-au-zoo\/billets-prix\/classes-decole\/\",\"url\":\"https:\/\/tierpark-bern.ch\/fr\/visite-au-zoo\/billets-prix\/classes-decole\/\",\"name\":\"Classes d\u2019\u00e9cole | Tierpark Bern\",\"isPartOf\":{\"@id\":\"https:\/\/tierpark-bern.ch\/fr\/#website\"},\"primaryImageOfPage\":{\"@id\":\"https:\/\/tierpark-bern.ch\/fr\/visite-au-zoo\/billets-prix\/classes-decole\/#primaryimage\"},\"image\":{\"@id\":\"https:\/\/tierpark-bern.ch\/fr\/visite-au-zoo\/billets-prix\/classes-decole\/#primaryimage\"},\"thumbnailUrl\":\"https:\/\/tierpark-bern.ch\/web\/app\/uploads\/2022\/02\/kleinkantschil-tierpark-bern-67.jpg\",\"datePublished\":\"2021-12-15T00:44:10+00:00\",\"dateModified\":\"2022-08-17T07:28:05+00:00\",\"description\":\"Profitez de nos nombreux rabais destin\u00e9s aux classes d\u2019\u00e9cole.\",\"breadcrumb\":{\"@id\":\"https:\/\/tierpark-bern.ch\/fr\/visite-au-zoo\/billets-prix\/classes-decole\/#breadcrumb\"},\"inLanguage\":\"fr-FR\",\"potentialAction\":[{\"@type\":\"ReadAction\",\"target\":[\"https:\/\/tierpark-bern.ch\/fr\/visite-au-zoo\/billets-prix\/classes-decole\/\"]}]},{\"@type\":\"ImageObject\",\"inLanguage\":\"fr-FR\",\"@id\":\"https:\/\/tierpark-bern.ch\/fr\/visite-au-zoo\/billets-prix\/classes-decole\/#primaryimage\",\"url\":\"https:\/\/tierpark-bern.ch\/web\/app\/uploads\/2022\/02\/kleinkantschil-tierpark-bern-67.jpg\",\"contentUrl\":\"https:\/\/tierpark-bern.ch\/web\/app\/uploads\/2022\/02\/kleinkantschil-tierpark-bern-67.jpg\",\"width\":1500,\"height\":998},{\"@type\":\"BreadcrumbList\",\"@id\":\"https:\/\/tierpark-bern.ch\/fr\/visite-au-zoo\/billets-prix\/classes-decole\/#breadcrumb\",\"itemListElement\":[{\"@type\":\"ListItem\",\"position\":1,\"name\":\"Home\",\"item\":\"https:\/\/tierpark-bern.ch\/fr\/home\/\"},{\"@type\":\"ListItem\",\"position\":2,\"name\":\"Visite au zoo\",\"item\":\"https:\/\/tierpark-bern.ch\/fr\/visite-au-zoo\/\"},{\"@type\":\"ListItem\",\"position\":3,\"name\":\"Billets &#038; Prix\",\"item\":\"https:\/\/tierpark-bern.ch\/fr\/visite-au-zoo\/billets-prix\/\"},{\"@type\":\"ListItem\",\"position\":4,\"name\":\"Classes d\u2019\u00e9cole\"}]},{\"@type\":\"WebSite\",\"@id\":\"https:\/\/tierpark-bern.ch\/fr\/#website\",\"url\":\"https:\/\/tierpark-bern.ch\/fr\/\",\"name\":\"Tierpark Bern\",\"description\":\"\",\"publisher\":{\"@id\":\"https:\/\/tierpark-bern.ch\/fr\/#organization\"},\"potentialAction\":[{\"@type\":\"SearchAction\",\"target\":{\"@type\":\"EntryPoint\",\"urlTemplate\":\"https:\/\/tierpark-bern.ch\/fr\/?s={search_term_string}\"},\"query-input\":{\"@type\":\"PropertyValueSpecification\",\"valueRequired\":true,\"valueName\":\"search_term_string\"}}],\"inLanguage\":\"fr-FR\"},{\"@type\":\"Organization\",\"@id\":\"https:\/\/tierpark-bern.ch\/fr\/#organization\",\"name\":\"Tierpark Bern | D\u00e4hlh\u00f6lzli + B\u00e4renPark\",\"alternateName\":\"Tierpark Bern\",\"url\":\"https:\/\/tierpark-bern.ch\/fr\/\",\"logo\":{\"@type\":\"ImageObject\",\"inLanguage\":\"fr-FR\",\"@id\":\"https:\/\/tierpark-bern.ch\/fr\/#\/schema\/logo\/image\/\",\"url\":\"https:\/\/tierpark-bern.ch\/web\/app\/uploads\/2024\/04\/tierpark-bern-696x696-1.jpg\",\"contentUrl\":\"https:\/\/tierpark-bern.ch\/web\/app\/uploads\/2024\/04\/tierpark-bern-696x696-1.jpg\",\"width\":696,\"height\":696,\"caption\":\"Tierpark Bern | D\u00e4hlh\u00f6lzli + B\u00e4renPark\"},\"image\":{\"@id\":\"https:\/\/tierpark-bern.ch\/fr\/#\/schema\/logo\/image\/\"},\"sameAs\":[\"https:\/\/www.facebook.com\/tierparkbern\/\",\"https:\/\/x.com\/tierparkbern\",\"https:\/\/www.instagram.com\/tierparkbern\/\"]}]}<\/script>","yoast_head_json":{"title":"Classes d\u2019\u00e9cole | Tierpark Bern","description":"Profitez de nos nombreux rabais destin\u00e9s aux classes d\u2019\u00e9cole.","robots":{"index":"index","follow":"follow","max-snippet":"max-snippet:-1","max-image-preview":"max-image-preview:large","max-video-preview":"max-video-preview:-1"},"canonical":"https:\/\/tierpark-bern.ch\/fr\/visite-au-zoo\/billets-prix\/classes-decole\/","og_locale":"fr_FR","og_type":"article","og_title":"Classes d\u2019\u00e9cole | Tierpark Bern","og_description":"Profitez de nos nombreux rabais destin\u00e9s aux classes d\u2019\u00e9cole.","og_url":"https:\/\/tierpark-bern.ch\/fr\/visite-au-zoo\/billets-prix\/classes-decole\/","og_site_name":"Tierpark Bern","article_publisher":"https:\/\/www.facebook.com\/tierparkbern\/","article_modified_time":"2022-08-17T07:28:05+00:00","og_image":[{"width":1500,"height":998,"url":"https:\/\/tierpark-bern.ch\/web\/app\/uploads\/2022\/02\/kleinkantschil-tierpark-bern-67.jpg","type":"image\/jpeg"}],"schema":{"@context":"https:\/\/schema.org","@graph":[{"@type":"WebPage","@id":"https:\/\/tierpark-bern.ch\/fr\/visite-au-zoo\/billets-prix\/classes-decole\/","url":"https:\/\/tierpark-bern.ch\/fr\/visite-au-zoo\/billets-prix\/classes-decole\/","name":"Classes d\u2019\u00e9cole | Tierpark Bern","isPartOf":{"@id":"https:\/\/tierpark-bern.ch\/fr\/#website"},"primaryImageOfPage":{"@id":"https:\/\/tierpark-bern.ch\/fr\/visite-au-zoo\/billets-prix\/classes-decole\/#primaryimage"},"image":{"@id":"https:\/\/tierpark-bern.ch\/fr\/visite-au-zoo\/billets-prix\/classes-decole\/#primaryimage"},"thumbnailUrl":"https:\/\/tierpark-bern.ch\/web\/app\/uploads\/2022\/02\/kleinkantschil-tierpark-bern-67.jpg","datePublished":"2021-12-15T00:44:10+00:00","dateModified":"2022-08-17T07:28:05+00:00","description":"Profitez de nos nombreux rabais destin\u00e9s aux classes d\u2019\u00e9cole.","breadcrumb":{"@id":"https:\/\/tierpark-bern.ch\/fr\/visite-au-zoo\/billets-prix\/classes-decole\/#breadcrumb"},"inLanguage":"fr-FR","potentialAction":[{"@type":"ReadAction","target":["https:\/\/tierpark-bern.ch\/fr\/visite-au-zoo\/billets-prix\/classes-decole\/"]}]},{"@type":"ImageObject","inLanguage":"fr-FR","@id":"https:\/\/tierpark-bern.ch\/fr\/visite-au-zoo\/billets-prix\/classes-decole\/#primaryimage","url":"https:\/\/tierpark-bern.ch\/web\/app\/uploads\/2022\/02\/kleinkantschil-tierpark-bern-67.jpg","contentUrl":"https:\/\/tierpark-bern.ch\/web\/app\/uploads\/2022\/02\/kleinkantschil-tierpark-bern-67.jpg","width":1500,"height":998},{"@type":"BreadcrumbList","@id":"https:\/\/tierpark-bern.ch\/fr\/visite-au-zoo\/billets-prix\/classes-decole\/#breadcrumb","itemListElement":[{"@type":"ListItem","position":1,"name":"Home","item":"https:\/\/tierpark-bern.ch\/fr\/home\/"},{"@type":"ListItem","position":2,"name":"Visite au zoo","item":"https:\/\/tierpark-bern.ch\/fr\/visite-au-zoo\/"},{"@type":"ListItem","position":3,"name":"Billets &#038; Prix","item":"https:\/\/tierpark-bern.ch\/fr\/visite-au-zoo\/billets-prix\/"},{"@type":"ListItem","position":4,"name":"Classes d\u2019\u00e9cole"}]},{"@type":"WebSite","@id":"https:\/\/tierpark-bern.ch\/fr\/#website","url":"https:\/\/tierpark-bern.ch\/fr\/","name":"Tierpark Bern","description":"","publisher":{"@id":"https:\/\/tierpark-bern.ch\/fr\/#organization"},"potentialAction":[{"@type":"SearchAction","target":{"@type":"EntryPoint","urlTemplate":"https:\/\/tierpark-bern.ch\/fr\/?s={search_term_string}"},"query-input":{"@type":"PropertyValueSpecification","valueRequired":true,"valueName":"search_term_string"}}],"inLanguage":"fr-FR"},{"@type":"Organization","@id":"https:\/\/tierpark-bern.ch\/fr\/#organization","name":"Tierpark Bern | D\u00e4hlh\u00f6lzli + B\u00e4renPark","alternateName":"Tierpark Bern","url":"https:\/\/tierpark-bern.ch\/fr\/","logo":{"@type":"ImageObject","inLanguage":"fr-FR","@id":"https:\/\/tierpark-bern.ch\/fr\/#\/schema\/logo\/image\/","url":"https:\/\/tierpark-bern.ch\/web\/app\/uploads\/2024\/04\/tierpark-bern-696x696-1.jpg","contentUrl":"https:\/\/tierpark-bern.ch\/web\/app\/uploads\/2024\/04\/tierpark-bern-696x696-1.jpg","width":696,"height":696,"caption":"Tierpark Bern | D\u00e4hlh\u00f6lzli + B\u00e4renPark"},"image":{"@id":"https:\/\/tierpark-bern.ch\/fr\/#\/schema\/logo\/image\/"},"sameAs":["https:\/\/www.facebook.com\/tierparkbern\/","https:\/\/x.com\/tierparkbern","https:\/\/www.instagram.com\/tierparkbern\/"]}]}},"_links":{"self":[{"href":"https:\/\/tierpark-bern.ch\/fr\/wp-json\/wp\/v2\/pages\/46043","targetHints":{"allow":["GET"]}}],"collection":[{"href":"https:\/\/tierpark-bern.ch\/fr\/wp-json\/wp\/v2\/pages"}],"about":[{"href":"https:\/\/tierpark-bern.ch\/fr\/wp-json\/wp\/v2\/types\/page"}],"author":[{"embeddable":true,"href":"https:\/\/tierpark-bern.ch\/fr\/wp-json\/wp\/v2\/users\/1"}],"replies":[{"embeddable":true,"href":"https:\/\/tierpark-bern.ch\/fr\/wp-json\/wp\/v2\/comments?post=46043"}],"version-history":[{"count":0,"href":"https:\/\/tierpark-bern.ch\/fr\/wp-json\/wp\/v2\/pages\/46043\/revisions"}],"up":[{"embeddable":true,"href":"https:\/\/tierpark-bern.ch\/fr\/wp-json\/wp\/v2\/pages\/46217"}],"wp:featuredmedia":[{"embeddable":true,"href":"https:\/\/tierpark-bern.ch\/fr\/wp-json\/wp\/v2\/media\/22838"}],"wp:attachment":[{"href":"https:\/\/tierpark-bern.ch\/fr\/wp-json\/wp\/v2\/media?parent=46043"}],"curies":[{"name":"wp","href":"https:\/\/api.w.org\/{rel}","templated":true}]}}