{"id":46062,"date":"2021-08-02T18:38:42","date_gmt":"2021-08-02T16:38:42","guid":{"rendered":"https:\/\/tierpark-bern.ch\/?page_id=46062"},"modified":"2023-10-27T19:34:28","modified_gmt":"2023-10-27T17:34:28","slug":"experiences-du-zoo","status":"publish","type":"page","link":"https:\/\/tierpark-bern.ch\/fr\/experiences-du-zoo\/","title":{"rendered":"Exp\u00e9riences du zoo"},"content":{"rendered":"<div class=\"wpb-content-wrapper\"><p>[vc_row][vc_column][vc_column_text]<\/p>\n<h1>De l\u2019espace pour la d\u00e9couverte des animaux \u2013 comprendre la diversit\u00e9<\/h1>\n<p>Faites de votre visite au parc zoologique ou au Parc aux ours une exp\u00e9rience m\u00e9morable! Participez \u00e0 une visite guid\u00e9e au Parc animalier, passez une nuit au D\u00e4hlh\u00f6lzli, regardez par-dessus l\u2019\u00e9paule des gardiens d\u2019animaux pendant leur travail, c\u00e9l\u00e9brez un anniversaire pour enfants au Parc aux ours ou compl\u00e9tez et approfondissez l\u2019enseignement scolaire lors de nos ateliers cibl\u00e9s. Au zoo de Berne, le terme \u00abcom-prendre\u00bb illustre bien la nature de vos contacts avec les animaux \u00e0 \u00e9cailles, \u00e0 plumes ou \u00e0 piquants: vous y d\u00e9couvrirez avec tous vos sens et comprendrez d\u2019autant mieux les rapports complexes du r\u00e8gne animal, et vous vous instruirez tout en vous amusant.[\/vc_column_text][\/vc_column][\/vc_row][vc_row css=&#8221;.vc_custom_1644160779946{margin-right: 0px !important;margin-left: 0px !important;padding-top: 35px !important;padding-right: 30px !important;padding-bottom: 35px !important;padding-left: 30px !important;background-color: #e5efee !important;}&#8221; el_class=&#8221;zoo-erlebnisse-main-section&#8221;][vc_column css=&#8221;.vc_custom_1633524410594{padding-top: 0px !important;}&#8221; el_class=&#8221;zoo-wrapper&#8221;][vc_row_inner equal_height=&#8221;yes&#8221; gap=&#8221;30&#8243;][vc_column_inner width=&#8221;1\/2&#8243; css=&#8221;.vc_custom_1630586530980{padding-top: 0px !important;padding-right: 0px !important;padding-bottom: 0px !important;padding-left: 0px !important;background-color: #ae5e5f !important;}&#8221;][vc_single_image image=&#8221;22163&#8243; img_size=&#8221;540 x 320&#8243; alignment=&#8221;center&#8221; onclick=&#8221;custom_link&#8221; link=&#8221;https:\/\/tierpark-bern.ch\/fr\/votre-experience-privee\/&#8221;][vc_column_text css=&#8221;.vc_custom_1660592460604{padding-right: 30px !important;padding-left: 30px !important;}&#8221;]<\/p>\n<div class=\"zoo-dahlholzli-section\">\n<h2>Votre exp\u00e9rience exclusive<\/h2>\n<p>Vous aimeriez \u00eatre sur place lors des repas des animaux? F\u00eater dignement l\u2019anniversaire de votre enfant au zoo? Ou r\u00e9server un tour en cal\u00e8che pour une occasion importante? Une chose est s\u00fbre: vous vivrez une exp\u00e9rience exclusive et inoubliable, gr\u00e2ce \u00e0 la riche offre du D\u00e4hlh\u00f6lzli et du Parc aux ours.<\/p>\n<div><strong>Lieu: <\/strong>D\u00e4hlh\u00f6lzli ou Parc aux ours<\/div>\n<\/div>\n<p>[\/vc_column_text][vc_btn title=&#8221;Exp\u00e9riences exclusives (en allemand seulement)&#8221; style=&#8221;flat&#8221; shape=&#8221;square&#8221; color=&#8221;white&#8221; size=&#8221;lg&#8221; align=&#8221;center&#8221; i_align=&#8221;right&#8221; i_icon_fontawesome=&#8221;fas fa-arrow-right&#8221; add_icon=&#8221;true&#8221; link=&#8221;url:https%3A%2F%2Ftierpark-bern.ch%2Ffr%2Fvotre-experience-privee%2F&#8221; el_class=&#8221;btn-zoo-dahlholzli&#8221; css=&#8221;.vc_custom_1661937225457{padding-right: 30px !important;padding-left: 30px !important;}&#8221;][\/vc_column_inner][vc_column_inner width=&#8221;1\/2&#8243; css=&#8221;.vc_custom_1630586538101{padding-top: 0px !important;padding-right: 0px !important;padding-bottom: 0px !important;padding-left: 0px !important;background-color: #ae5e5f !important;}&#8221;][vc_single_image image=&#8221;25706&#8243; img_size=&#8221;540 x 320&#8243; alignment=&#8221;center&#8221; onclick=&#8221;custom_link&#8221; link=&#8221;https:\/\/tierpark-bern.ch\/fr\/experiences-pour-enfants\/&#8221;][vc_column_text css=&#8221;.vc_custom_1660592503263{padding-right: 30px !important;padding-left: 30px !important;}&#8221;]<\/p>\n<div class=\"zoo-dahlholzli-section\">\n<h2>Exp\u00e9riences pour enfants<\/h2>\n<p>Le parc zoologique de Berne propose aux jeunes amis des animaux quantit\u00e9 de temps forts, de stimulantes d\u00e9couvertes et d\u2019exp\u00e9riences en direct. Il est en tout temps permis et souhaitable de bien observer les animaux.<\/p>\n<div><strong>Lieu: <\/strong>D\u00e4hlh\u00f6lzli ou Parc aux ours<\/div>\n<\/div>\n<p>[\/vc_column_text][vc_btn title=&#8221;Exp\u00e9riences pour enfants (en allemand seulement)&#8221; style=&#8221;flat&#8221; shape=&#8221;square&#8221; color=&#8221;white&#8221; size=&#8221;lg&#8221; i_align=&#8221;right&#8221; i_icon_fontawesome=&#8221;fas fa-arrow-right&#8221; add_icon=&#8221;true&#8221; link=&#8221;url:https%3A%2F%2Ftierpark-bern.ch%2Ffr%2Fexperiences-pour-enfants%2F&#8221; el_class=&#8221;btn-zoo-dahlholzli&#8221; css=&#8221;.vc_custom_1661937271568{padding-right: 30px !important;padding-left: 30px !important;}&#8221;][\/vc_column_inner][\/vc_row_inner][vc_row_inner equal_height=&#8221;yes&#8221; gap=&#8221;30&#8243;][vc_column_inner width=&#8221;1\/2&#8243; css=&#8221;.vc_custom_1630586547308{padding-top: 0px !important;padding-right: 0px !important;padding-bottom: 0px !important;padding-left: 0px !important;background-color: #ae5e5f !important;}&#8221;][vc_single_image image=&#8221;22363&#8243; img_size=&#8221;540 x 320&#8243; alignment=&#8221;center&#8221; onclick=&#8221;custom_link&#8221; link=&#8221;https:\/\/tierpark-bern.ch\/fr\/experiences\/private-fuehrung\/&#8221;][vc_column_text css=&#8221;.vc_custom_1660592596255{padding-right: 30px !important;padding-left: 30px !important;}&#8221;]<\/p>\n<div class=\"zoo-dahlholzli-section\">\n<h2>Votre visite guid\u00e9e<\/h2>\n<p>Nos visites guid\u00e9es procurent joie et plaisir, sont instructives et propos\u00e9es tant aux adultes qu\u2019aux enfants, sous la direction de sp\u00e9cialistes. Lors d\u2019une visite guid\u00e9e du D\u00e4hlh\u00f6lzli ou du Parc aux ours, vous acquerrez en vous divertissant d\u2019utiles connaissances de base sur les animaux et leur milieu naturel.<\/p>\n<div><strong>Lieu: <\/strong>D\u00e4hlh\u00f6lzli ou Parc aux ours<\/div>\n<\/div>\n<p>[\/vc_column_text][vc_btn title=&#8221;Visite guid\u00e9e priv\u00e9e (en allemand seulement)&#8221; style=&#8221;flat&#8221; shape=&#8221;square&#8221; color=&#8221;white&#8221; size=&#8221;lg&#8221; i_align=&#8221;right&#8221; i_icon_fontawesome=&#8221;fas fa-arrow-right&#8221; add_icon=&#8221;true&#8221; link=&#8221;url:https%3A%2F%2Ftierpark-bern.ch%2Ffr%2Fexperiences%2Fprivate-fuehrung%2F&#8221; el_class=&#8221;btn-zoo-dahlholzli&#8221; css=&#8221;.vc_custom_1662096546577{padding-right: 30px !important;padding-left: 30px !important;}&#8221;][\/vc_column_inner][vc_column_inner width=&#8221;1\/2&#8243; css=&#8221;.vc_custom_1630586556132{padding-top: 0px !important;padding-right: 0px !important;padding-bottom: 0px !important;padding-left: 0px !important;background-color: #ae5e5f !important;}&#8221;][vc_single_image image=&#8221;19024&#8243; img_size=&#8221;540 x 320&#8243; alignment=&#8221;center&#8221; onclick=&#8221;custom_link&#8221; link=&#8221;https:\/\/tierpark-bern.ch\/fr\/experiences\/votre-evenement\/&#8221;][vc_column_text css=&#8221;.vc_custom_1660592652537{padding-right: 30px !important;padding-left: 30px !important;}&#8221;]<\/p>\n<div class=\"zoo-dahlholzli-section\">\n<h2>Votre \u00e9v\u00e9nement<\/h2>\n<p>Le D\u00e4hlh\u00f6lzli constitue l\u2019endroit id\u00e9al pour un ap\u00e9ritif, pour votre sortie d\u2019entreprise ou pour une f\u00eate priv\u00e9e \u2013 avec son vivarium, la maison des ours, la halle des macareux moines ou le pavillon d\u2019observation des bisons.<\/p>\n<div><strong>Lieu: <\/strong>D\u00e4hlh\u00f6lzli ou Parc aux ours<\/div>\n<\/div>\n<p>[\/vc_column_text][vc_btn title=&#8221;Votre \u00e9v\u00e9nement (en allemand seulement)&#8221; style=&#8221;flat&#8221; shape=&#8221;square&#8221; color=&#8221;white&#8221; size=&#8221;lg&#8221; i_align=&#8221;right&#8221; i_icon_fontawesome=&#8221;fas fa-arrow-right&#8221; add_icon=&#8221;true&#8221; link=&#8221;url:https%3A%2F%2Ftierpark-bern.ch%2Ffr%2Fexperiences%2Fvotre-evenement%2F&#8221; el_class=&#8221;btn-zoo-dahlholzli&#8221; css=&#8221;.vc_custom_1662728043648{padding-right: 30px !important;padding-left: 30px !important;}&#8221;][\/vc_column_inner][\/vc_row_inner][vc_row_inner equal_height=&#8221;yes&#8221; gap=&#8221;30&#8243;][vc_column_inner width=&#8221;1\/2&#8243; css=&#8221;.vc_custom_1630586570514{padding-top: 0px !important;padding-right: 0px !important;padding-bottom: 0px !important;padding-left: 0px !important;background-color: #ae5e5f !important;}&#8221;][vc_single_image image=&#8221;19002&#8243; img_size=&#8221;540 x 320&#8243; alignment=&#8221;center&#8221; onclick=&#8221;custom_link&#8221; link=&#8221;https:\/\/tierpark-bern.ch\/fr\/manifestations\/&#8221;][vc_column_text css=&#8221;.vc_custom_1660592711701{padding-right: 30px !important;padding-left: 30px !important;}&#8221;]<\/p>\n<div class=\"zoo-dahlholzli-section\">\n<h2>Manifestations<\/h2>\n<p>Avez-vous d\u00e9j\u00e0 visit\u00e9 le parc animalier un soir de pleine lune? Que diriez-vous d\u2019une visite en coulisses du Parc aux ours? Vous en apprendrez plus ici sur nos diverses visites th\u00e9matiques et sur les autres manifestations publiques organis\u00e9es au D\u00e4hlh\u00f6lzli et au Parc aux ours. Nous attendons votre visite avec impatience.<\/p>\n<div><strong>Lieu: <\/strong>D\u00e4hlh\u00f6lzli ou Parc aux ours<\/div>\n<\/div>\n<p>[\/vc_column_text][vc_btn title=&#8221;Manifestations (en allemand seulement)&#8221; style=&#8221;flat&#8221; shape=&#8221;square&#8221; color=&#8221;white&#8221; size=&#8221;lg&#8221; i_align=&#8221;right&#8221; i_icon_fontawesome=&#8221;fas fa-arrow-right&#8221; add_icon=&#8221;true&#8221; link=&#8221;url:https%3A%2F%2Ftierpark-bern.ch%2Ffr%2Fmanifestations%2F&#8221; el_class=&#8221;btn-zoo-dahlholzli&#8221; css=&#8221;.vc_custom_1662115144953{padding-right: 30px !important;padding-left: 30px !important;}&#8221;][\/vc_column_inner][vc_column_inner width=&#8221;1\/2&#8243; css=&#8221;.vc_custom_1630586577041{padding-top: 0px !important;padding-right: 0px !important;padding-bottom: 0px !important;padding-left: 0px !important;background-color: #ae5e5f !important;}&#8221;][vc_single_image image=&#8221;17664&#8243; img_size=&#8221;540 x 320&#8243; alignment=&#8221;center&#8221; onclick=&#8221;custom_link&#8221; link=&#8221;https:\/\/tierpark-bern.ch\/fr\/ecoles\/&#8221;][vc_column_text css=&#8221;.vc_custom_1660592769536{padding-right: 30px !important;padding-left: 30px !important;}&#8221;]<\/p>\n<div class=\"zoo-dahlholzli-section\">\n<h2>\u00c9coles<\/h2>\n<p>Le parc zoologique est un endroit o\u00f9 l\u2019on apprend toujours quelque chose, parfois m\u00eame sans s\u2019en apercevoir! Les sorties scolaires au zoo contribuent \u00e0 une meilleure compr\u00e9hension des animaux et de leur milieu naturel, et procurent des exp\u00e9riences inoubliables.<\/p>\n<div><strong>Lieu: <\/strong>D\u00e4hlh\u00f6lzli ou Parc aux ours<\/div>\n<\/div>\n<p>[\/vc_column_text][vc_btn title=&#8221;\u00c9coles (en allemand seulement)&#8221; style=&#8221;flat&#8221; shape=&#8221;square&#8221; color=&#8221;white&#8221; size=&#8221;lg&#8221; i_align=&#8221;right&#8221; i_icon_fontawesome=&#8221;fas fa-arrow-right&#8221; add_icon=&#8221;true&#8221; link=&#8221;url:https%3A%2F%2Ftierpark-bern.ch%2Ffr%2Fecoles%2F&#8221; el_class=&#8221;btn-zoo-dahlholzli&#8221; css=&#8221;.vc_custom_1662122334665{padding-right: 30px !important;padding-left: 30px !important;}&#8221;][\/vc_column_inner][\/vc_row_inner][vc_row_inner equal_height=&#8221;yes&#8221; gap=&#8221;30&#8243;][vc_column_inner width=&#8221;1\/2&#8243; css=&#8221;.vc_custom_1630586570514{padding-top: 0px !important;padding-right: 0px !important;padding-bottom: 0px !important;padding-left: 0px !important;background-color: #ae5e5f !important;}&#8221;][vc_single_image image=&#8221;25684&#8243; img_size=&#8221;540 x 320&#8243; alignment=&#8221;center&#8221; onclick=&#8221;custom_link&#8221; link=&#8221;https:\/\/tierpark-bern.ch\/fr\/experiences\/promenade-en-caleche\/&#8221;][vc_column_text css=&#8221;.vc_custom_1660680156362{padding-right: 30px !important;padding-left: 30px !important;}&#8221;]<\/p>\n<div class=\"zoo-dahlholzli-section\">\n<h2>Promenade en cal\u00e8che au D\u00e4hlh\u00f6lzli<\/h2>\n<p>Le mardi et le vendredi apr\u00e8s-midi, uniquement par beau temps.<\/p>\n<p><strong>Quand: <\/strong>Il n'y a PAS de balades en cal\u00e8che aujourd'hui.<\/p>\n<div><strong>Lieu: <\/strong>D\u00e4hlh\u00f6lzli<\/div>\n<\/div>\n<p>[\/vc_column_text][vc_btn title=&#8221;Promenade en cal\u00e8che (en allemand seulement)&#8221; style=&#8221;flat&#8221; shape=&#8221;square&#8221; color=&#8221;white&#8221; size=&#8221;lg&#8221; i_align=&#8221;right&#8221; i_icon_fontawesome=&#8221;fas fa-arrow-right&#8221; add_icon=&#8221;true&#8221; link=&#8221;url:https%3A%2F%2Ftierpark-bern.ch%2Ffr%2Fexperiences%2Fpromenade-en-caleche%2F&#8221; el_class=&#8221;btn-zoo-dahlholzli&#8221; css=&#8221;.vc_custom_1662473207249{padding-right: 30px !important;padding-left: 30px !important;}&#8221;][\/vc_column_inner][vc_column_inner width=&#8221;1\/2&#8243; css=&#8221;.vc_custom_1630586577041{padding-top: 0px !important;padding-right: 0px !important;padding-bottom: 0px !important;padding-left: 0px !important;background-color: #ae5e5f !important;}&#8221;][vc_single_image image=&#8221;62912&#8243; img_size=&#8221;540 x 320&#8243; alignment=&#8221;center&#8221; onclick=&#8221;custom_link&#8221; link=&#8221;https:\/\/tierpark-bern.ch\/fr\/experiences-du-zoo\/infomobil\/&#8221;][vc_column_text css=&#8221;.vc_custom_1698428057422{padding-right: 30px !important;padding-left: 30px !important;}&#8221;]<\/p>\n<div class=\"zoo-dahlholzli-section\">\n<h2>Infomobile<\/h2>\n<p>Nos collaborateurs Infomobil se r\u00e9jouissent de votre visite et ont les r\u00e9ponses \u00e0 presque toutes les questions. Une visite du parc animalier vaut toujours la peine.<\/p>\n<p><strong>Lieu:<\/strong> D\u00e4hlh\u00f6lzli<\/p>\n<\/div>\n<p>[\/vc_column_text][vc_btn title=&#8221;Infomobile (en allemand uniquement)&#8221; style=&#8221;flat&#8221; shape=&#8221;square&#8221; color=&#8221;white&#8221; size=&#8221;lg&#8221; i_align=&#8221;right&#8221; i_icon_fontawesome=&#8221;fas fa-arrow-right&#8221; add_icon=&#8221;true&#8221; link=&#8221;url:https%3A%2F%2Ftierpark-bern.ch%2Ffr%2Fexperiences-du-zoo%2Finfomobil%2F&#8221; el_class=&#8221;btn-zoo-dahlholzli&#8221; css=&#8221;.vc_custom_1698427861887{padding-right: 30px !important;padding-left: 30px !important;}&#8221;][\/vc_column_inner][\/vc_row_inner][\/vc_column][\/vc_row]<\/p>\n<\/div>","protected":false},"excerpt":{"rendered":"<p>Faites de votre visite au zoo une exp\u00e9rience inoubliable. Notre large offre animali\u00e8re s\u00e9duira petits et grands.<\/p>\n","protected":false},"author":1,"featured_media":24841,"parent":0,"menu_order":0,"comment_status":"closed","ping_status":"closed","template":"","meta":{"_acf_changed":false,"footnotes":""},"class_list":["post-46062","page","type-page","status-publish","has-post-thumbnail","hentry"],"acf":[],"yoast_head":"<title>Exp\u00e9riences du zoo | Tierpark Bern<\/title>\n<meta name=\"description\" content=\"Faites de votre visite au zoo une exp\u00e9rience inoubliable. Notre large offre animali\u00e8re s\u00e9duira petits et grands.\" \/>\n<meta name=\"robots\" content=\"index, follow, max-snippet:-1, max-image-preview:large, max-video-preview:-1\" \/>\n<link rel=\"canonical\" href=\"https:\/\/tierpark-bern.ch\/fr\/experiences-du-zoo\/\" \/>\n<meta property=\"og:locale\" content=\"fr_FR\" \/>\n<meta property=\"og:type\" content=\"article\" \/>\n<meta property=\"og:title\" content=\"Exp\u00e9riences du zoo | Tierpark Bern\" \/>\n<meta property=\"og:description\" content=\"Faites de votre visite au zoo une exp\u00e9rience inoubliable. Notre large offre animali\u00e8re s\u00e9duira petits et grands.\" \/>\n<meta property=\"og:url\" content=\"https:\/\/tierpark-bern.ch\/fr\/experiences-du-zoo\/\" \/>\n<meta property=\"og:site_name\" content=\"Tierpark Bern\" \/>\n<meta property=\"article:publisher\" content=\"https:\/\/www.facebook.com\/tierparkbern\/\" \/>\n<meta property=\"article:modified_time\" content=\"2023-10-27T17:34:28+00:00\" \/>\n<meta property=\"og:image\" content=\"https:\/\/tierpark-bern.ch\/web\/app\/uploads\/2020\/07\/chamaeleon-tierpark-bern.jpg\" \/>\n\t<meta property=\"og:image:width\" content=\"1500\" \/>\n\t<meta property=\"og:image:height\" content=\"998\" \/>\n\t<meta property=\"og:image:type\" content=\"image\/jpeg\" \/>\n<script type=\"application\/ld+json\" class=\"yoast-schema-graph\">{\"@context\":\"https:\/\/schema.org\",\"@graph\":[{\"@type\":\"WebPage\",\"@id\":\"https:\/\/tierpark-bern.ch\/fr\/experiences-du-zoo\/\",\"url\":\"https:\/\/tierpark-bern.ch\/fr\/experiences-du-zoo\/\",\"name\":\"Exp\u00e9riences du zoo | Tierpark Bern\",\"isPartOf\":{\"@id\":\"https:\/\/tierpark-bern.ch\/fr\/#website\"},\"primaryImageOfPage\":{\"@id\":\"https:\/\/tierpark-bern.ch\/fr\/experiences-du-zoo\/#primaryimage\"},\"image\":{\"@id\":\"https:\/\/tierpark-bern.ch\/fr\/experiences-du-zoo\/#primaryimage\"},\"thumbnailUrl\":\"https:\/\/tierpark-bern.ch\/web\/app\/uploads\/2020\/07\/chamaeleon-tierpark-bern.jpg\",\"datePublished\":\"2021-08-02T16:38:42+00:00\",\"dateModified\":\"2023-10-27T17:34:28+00:00\",\"description\":\"Faites de votre visite au zoo une exp\u00e9rience inoubliable. Notre large offre animali\u00e8re s\u00e9duira petits et grands.\",\"breadcrumb\":{\"@id\":\"https:\/\/tierpark-bern.ch\/fr\/experiences-du-zoo\/#breadcrumb\"},\"inLanguage\":\"fr-FR\",\"potentialAction\":[{\"@type\":\"ReadAction\",\"target\":[\"https:\/\/tierpark-bern.ch\/fr\/experiences-du-zoo\/\"]}]},{\"@type\":\"ImageObject\",\"inLanguage\":\"fr-FR\",\"@id\":\"https:\/\/tierpark-bern.ch\/fr\/experiences-du-zoo\/#primaryimage\",\"url\":\"https:\/\/tierpark-bern.ch\/web\/app\/uploads\/2020\/07\/chamaeleon-tierpark-bern.jpg\",\"contentUrl\":\"https:\/\/tierpark-bern.ch\/web\/app\/uploads\/2020\/07\/chamaeleon-tierpark-bern.jpg\",\"width\":1500,\"height\":998,\"caption\":\"2\"},{\"@type\":\"BreadcrumbList\",\"@id\":\"https:\/\/tierpark-bern.ch\/fr\/experiences-du-zoo\/#breadcrumb\",\"itemListElement\":[{\"@type\":\"ListItem\",\"position\":1,\"name\":\"Home\",\"item\":\"https:\/\/tierpark-bern.ch\/fr\/home\/\"},{\"@type\":\"ListItem\",\"position\":2,\"name\":\"Exp\u00e9riences du zoo\"}]},{\"@type\":\"WebSite\",\"@id\":\"https:\/\/tierpark-bern.ch\/fr\/#website\",\"url\":\"https:\/\/tierpark-bern.ch\/fr\/\",\"name\":\"Tierpark Bern\",\"description\":\"\",\"publisher\":{\"@id\":\"https:\/\/tierpark-bern.ch\/fr\/#organization\"},\"potentialAction\":[{\"@type\":\"SearchAction\",\"target\":{\"@type\":\"EntryPoint\",\"urlTemplate\":\"https:\/\/tierpark-bern.ch\/fr\/?s={search_term_string}\"},\"query-input\":{\"@type\":\"PropertyValueSpecification\",\"valueRequired\":true,\"valueName\":\"search_term_string\"}}],\"inLanguage\":\"fr-FR\"},{\"@type\":\"Organization\",\"@id\":\"https:\/\/tierpark-bern.ch\/fr\/#organization\",\"name\":\"Tierpark Bern | D\u00e4hlh\u00f6lzli + B\u00e4renPark\",\"alternateName\":\"Tierpark Bern\",\"url\":\"https:\/\/tierpark-bern.ch\/fr\/\",\"logo\":{\"@type\":\"ImageObject\",\"inLanguage\":\"fr-FR\",\"@id\":\"https:\/\/tierpark-bern.ch\/fr\/#\/schema\/logo\/image\/\",\"url\":\"https:\/\/tierpark-bern.ch\/web\/app\/uploads\/2024\/04\/tierpark-bern-696x696-1.jpg\",\"contentUrl\":\"https:\/\/tierpark-bern.ch\/web\/app\/uploads\/2024\/04\/tierpark-bern-696x696-1.jpg\",\"width\":696,\"height\":696,\"caption\":\"Tierpark Bern | D\u00e4hlh\u00f6lzli + B\u00e4renPark\"},\"image\":{\"@id\":\"https:\/\/tierpark-bern.ch\/fr\/#\/schema\/logo\/image\/\"},\"sameAs\":[\"https:\/\/www.facebook.com\/tierparkbern\/\",\"https:\/\/x.com\/tierparkbern\",\"https:\/\/www.instagram.com\/tierparkbern\/\"]}]}<\/script>","yoast_head_json":{"title":"Exp\u00e9riences du zoo | Tierpark Bern","description":"Faites de votre visite au zoo une exp\u00e9rience inoubliable. Notre large offre animali\u00e8re s\u00e9duira petits et grands.","robots":{"index":"index","follow":"follow","max-snippet":"max-snippet:-1","max-image-preview":"max-image-preview:large","max-video-preview":"max-video-preview:-1"},"canonical":"https:\/\/tierpark-bern.ch\/fr\/experiences-du-zoo\/","og_locale":"fr_FR","og_type":"article","og_title":"Exp\u00e9riences du zoo | Tierpark Bern","og_description":"Faites de votre visite au zoo une exp\u00e9rience inoubliable. Notre large offre animali\u00e8re s\u00e9duira petits et grands.","og_url":"https:\/\/tierpark-bern.ch\/fr\/experiences-du-zoo\/","og_site_name":"Tierpark Bern","article_publisher":"https:\/\/www.facebook.com\/tierparkbern\/","article_modified_time":"2023-10-27T17:34:28+00:00","og_image":[{"width":1500,"height":998,"url":"https:\/\/tierpark-bern.ch\/web\/app\/uploads\/2020\/07\/chamaeleon-tierpark-bern.jpg","type":"image\/jpeg"}],"schema":{"@context":"https:\/\/schema.org","@graph":[{"@type":"WebPage","@id":"https:\/\/tierpark-bern.ch\/fr\/experiences-du-zoo\/","url":"https:\/\/tierpark-bern.ch\/fr\/experiences-du-zoo\/","name":"Exp\u00e9riences du zoo | Tierpark Bern","isPartOf":{"@id":"https:\/\/tierpark-bern.ch\/fr\/#website"},"primaryImageOfPage":{"@id":"https:\/\/tierpark-bern.ch\/fr\/experiences-du-zoo\/#primaryimage"},"image":{"@id":"https:\/\/tierpark-bern.ch\/fr\/experiences-du-zoo\/#primaryimage"},"thumbnailUrl":"https:\/\/tierpark-bern.ch\/web\/app\/uploads\/2020\/07\/chamaeleon-tierpark-bern.jpg","datePublished":"2021-08-02T16:38:42+00:00","dateModified":"2023-10-27T17:34:28+00:00","description":"Faites de votre visite au zoo une exp\u00e9rience inoubliable. Notre large offre animali\u00e8re s\u00e9duira petits et grands.","breadcrumb":{"@id":"https:\/\/tierpark-bern.ch\/fr\/experiences-du-zoo\/#breadcrumb"},"inLanguage":"fr-FR","potentialAction":[{"@type":"ReadAction","target":["https:\/\/tierpark-bern.ch\/fr\/experiences-du-zoo\/"]}]},{"@type":"ImageObject","inLanguage":"fr-FR","@id":"https:\/\/tierpark-bern.ch\/fr\/experiences-du-zoo\/#primaryimage","url":"https:\/\/tierpark-bern.ch\/web\/app\/uploads\/2020\/07\/chamaeleon-tierpark-bern.jpg","contentUrl":"https:\/\/tierpark-bern.ch\/web\/app\/uploads\/2020\/07\/chamaeleon-tierpark-bern.jpg","width":1500,"height":998,"caption":"2"},{"@type":"BreadcrumbList","@id":"https:\/\/tierpark-bern.ch\/fr\/experiences-du-zoo\/#breadcrumb","itemListElement":[{"@type":"ListItem","position":1,"name":"Home","item":"https:\/\/tierpark-bern.ch\/fr\/home\/"},{"@type":"ListItem","position":2,"name":"Exp\u00e9riences du zoo"}]},{"@type":"WebSite","@id":"https:\/\/tierpark-bern.ch\/fr\/#website","url":"https:\/\/tierpark-bern.ch\/fr\/","name":"Tierpark Bern","description":"","publisher":{"@id":"https:\/\/tierpark-bern.ch\/fr\/#organization"},"potentialAction":[{"@type":"SearchAction","target":{"@type":"EntryPoint","urlTemplate":"https:\/\/tierpark-bern.ch\/fr\/?s={search_term_string}"},"query-input":{"@type":"PropertyValueSpecification","valueRequired":true,"valueName":"search_term_string"}}],"inLanguage":"fr-FR"},{"@type":"Organization","@id":"https:\/\/tierpark-bern.ch\/fr\/#organization","name":"Tierpark Bern | D\u00e4hlh\u00f6lzli + B\u00e4renPark","alternateName":"Tierpark Bern","url":"https:\/\/tierpark-bern.ch\/fr\/","logo":{"@type":"ImageObject","inLanguage":"fr-FR","@id":"https:\/\/tierpark-bern.ch\/fr\/#\/schema\/logo\/image\/","url":"https:\/\/tierpark-bern.ch\/web\/app\/uploads\/2024\/04\/tierpark-bern-696x696-1.jpg","contentUrl":"https:\/\/tierpark-bern.ch\/web\/app\/uploads\/2024\/04\/tierpark-bern-696x696-1.jpg","width":696,"height":696,"caption":"Tierpark Bern | D\u00e4hlh\u00f6lzli + B\u00e4renPark"},"image":{"@id":"https:\/\/tierpark-bern.ch\/fr\/#\/schema\/logo\/image\/"},"sameAs":["https:\/\/www.facebook.com\/tierparkbern\/","https:\/\/x.com\/tierparkbern","https:\/\/www.instagram.com\/tierparkbern\/"]}]}},"_links":{"self":[{"href":"https:\/\/tierpark-bern.ch\/fr\/wp-json\/wp\/v2\/pages\/46062","targetHints":{"allow":["GET"]}}],"collection":[{"href":"https:\/\/tierpark-bern.ch\/fr\/wp-json\/wp\/v2\/pages"}],"about":[{"href":"https:\/\/tierpark-bern.ch\/fr\/wp-json\/wp\/v2\/types\/page"}],"author":[{"embeddable":true,"href":"https:\/\/tierpark-bern.ch\/fr\/wp-json\/wp\/v2\/users\/1"}],"replies":[{"embeddable":true,"href":"https:\/\/tierpark-bern.ch\/fr\/wp-json\/wp\/v2\/comments?post=46062"}],"version-history":[{"count":0,"href":"https:\/\/tierpark-bern.ch\/fr\/wp-json\/wp\/v2\/pages\/46062\/revisions"}],"wp:featuredmedia":[{"embeddable":true,"href":"https:\/\/tierpark-bern.ch\/fr\/wp-json\/wp\/v2\/media\/24841"}],"wp:attachment":[{"href":"https:\/\/tierpark-bern.ch\/fr\/wp-json\/wp\/v2\/media?parent=46062"}],"curies":[{"name":"wp","href":"https:\/\/api.w.org\/{rel}","templated":true}]}}