{"id":46076,"date":"2021-12-08T13:58:20","date_gmt":"2021-12-08T12:58:20","guid":{"rendered":"https:\/\/tierpark-bern.ch\/?page_id=46076"},"modified":"2022-08-16T15:28:09","modified_gmt":"2022-08-16T13:28:09","slug":"developpement-durable","status":"publish","type":"page","link":"https:\/\/tierpark-bern.ch\/fr\/parc-zoologique-de-berne\/notre-engagement\/developpement-durable\/","title":{"rendered":"D\u00e9veloppement durable"},"content":{"rendered":"<div class=\"wpb-content-wrapper\"><p>[vc_row][vc_column][vc_column_text]<\/p>\n<h1>D\u00e9veloppement durable<\/h1>\n<p>Le parc zoologique de Berne remplit sa mission sociale au sein <a href=\"https:\/\/www.bern.ch\/rahmenstrategie-nachhaltige-entwicklung\" target=\"_blank\" rel=\"noopener\">de la strat\u00e9gie de d\u00e9veloppement durable de la Ville de Berne (RAN2030). <\/a><\/p>\n<p>La Ville de Berne a d\u00e9fini six champs d\u2019action prioritaires. Vous apprendrez ici ce que le parc zoologique fait d\u00e9j\u00e0 et o\u00f9 il compte s\u2019engager davantage.[\/vc_column_text][\/vc_column][\/vc_row][vc_row][vc_column][vc_column_text]<div class=\"faq-section top-20 bottom-50\"><div class=\"accordion accordion--bordered\">\n                                        <div class=\"accordion__title-block\" role=\"button\">\n                                            <span class=\"accordion__title\">Coh\u00e9sion sociale et \u00e9galit\u00e9 des chances<\/span>\n                                            <span class=\"accordion__close\"><\/span>\n                                        <\/div>\n                                        <div class=\"accordion__text-block\">\n                                            <p><p>Le parc zoologique de Berne est un lieu de d\u00e9tente et de formation, offrant aux enfants comme aux adultes de nombreuses possibilit\u00e9s de d\u00e9couvrir la nature. Deux tiers de son p\u00e9rim\u00e8tre sont accessibles gratuitement et permettent \u00e0 tout un chacun d\u2019observer des animaux sauvages \u00e0 Berne, \u00e0 toute heure du jour et de la nuit.<\/p>\n<p>Les offres vont des \u00abpetits chercheurs du D\u00e4hlh\u00f6lzli\u00bb (chlini D\u00e4hlh\u00f6lzli Forscher, d\u00e8s 3 ans) \u00e0 divers mod\u00e8les visant \u00e0 transmettre de mani\u00e8re ludique et sympathique aux enfants et aux adolescents, en dehors du cadre scolaire, des connaissances sur la nature et sa gestion durable.<br \/>\nLe parc zoologique et un endroit o\u00f9 tout un chacun, petits et grands, peut s\u2019adonner \u00e0 la culture ainsi qu\u2019\u00e0 l\u2019exercice physique. Son emplacement idyllique, \u00e0 proximit\u00e9 de la ville, contribue au bon climat urbain.<\/p>\n<p><a class=\"button button--tierpark\" href=\"https:\/\/www.bern.ch\/rahmenstrategie-nachhaltige-entwicklung\/das-macht-bern\/hsp-1\" target=\"_blank\" rel=\"noopener\">Pour en savoir plus sur la coh\u00e9sion sociale et l\u2019\u00e9galit\u00e9 des chances en ville de Berne<\/a><\/p>\n<\/p>\n                                        <\/div>\n                                      <\/div><div class=\"accordion accordion--bordered\">\n                                        <div class=\"accordion__title-block\" role=\"button\">\n                                            <span class=\"accordion__title\">Espaces publics et biodiversit\u00e9<\/span>\n                                            <span class=\"accordion__close\"><\/span>\n                                        <\/div>\n                                        <div class=\"accordion__text-block\">\n                                            <p><p>Le Parc zoologique de Berne est l\u2019endroit par excellence en ville de Berne o\u00f9 il r\u00e8gne une grande biodiversit\u00e9, dont les animaux ne sont pas seuls \u00e0 b\u00e9n\u00e9ficier dans leurs vastes enclos. Les deux tiers de son p\u00e9rim\u00e8tre sont accessibles gratuitement et permettent ainsi \u00e0 tout le monde de faire des rencontres propices \u00e0 la d\u00e9tente avec la nature.<\/p>\n<p>Le Parc zoologique de Berne g\u00e8re durablement ses ressources et entretient les enclos longeant l\u2019Aar, qui font partie du concept de d\u00e9veloppement des cours d\u2019eau.<\/p>\n<p><a class=\"button button--tierpark\" href=\"https:\/\/www.bern.ch\/rahmenstrategie-nachhaltige-entwicklung\/das-macht-bern\/handlungsschwerpunkt-2\" target=\"_blank\" rel=\"noopener\">Pour en savoir plus sur les espaces publics et la biodiversit\u00e9 en ville de Berne<\/a><\/p>\n<\/p>\n                                        <\/div>\n                                      <\/div><div class=\"accordion accordion--bordered\">\n                                        <div class=\"accordion__title-block\" role=\"button\">\n                                            <span class=\"accordion__title\">Protection du climat et adaptation au climat<\/span>\n                                            <span class=\"accordion__close\"><\/span>\n                                        <\/div>\n                                        <div class=\"accordion__text-block\">\n                                            <p><p>Le Parc zoologique de Berne veille \u00e0 son empreinte \u00e9cologique. La plupart de ses v\u00e9hicules sont \u00e9lectriques, toujours plus d\u2019enclos sont \u00e9quip\u00e9s d\u2019installations photovolta\u00efques, des turbines install\u00e9es au vivarium tirent parti de l\u2019\u00e9nergie hydraulique et l\u2019\u00e9clairage est adapt\u00e9 pour garantir le bien-\u00eatre des animaux, tout en permettant des \u00e9conomies durables d\u2019\u00e9lectricit\u00e9.<\/p>\n<p>Le passage aux nouvelles technologies est un gage de durabilit\u00e9 future pour le parc zoologique.<\/p>\n<p><a class=\"button button--tierpark\" href=\"https:\/\/www.bern.ch\/rahmenstrategie-nachhaltige-entwicklung\/das-macht-bern\/handlungsschwerpunkt-3\" target=\"_blank\" rel=\"noopener\">Pour en savoir plus sur la protection du climat et l\u2019adaptation au climat en ville de Berne<\/a><\/p>\n<\/p>\n                                        <\/div>\n                                      <\/div><div class=\"accordion accordion--bordered\">\n                                        <div class=\"accordion__title-block\" role=\"button\">\n                                            <span class=\"accordion__title\">Un p\u00f4le \u00e9conomique soucieux d\u2019\u00e9cologie, de crit\u00e8res sociaux et d\u2019innovation<\/span>\n                                            <span class=\"accordion__close\"><\/span>\n                                        <\/div>\n                                        <div class=\"accordion__text-block\">\n                                            <p><p>Le Parc zoologique de Berne veille dans ses achats de produits \u00e0 leur caract\u00e8re r\u00e9gional, \u00e0 leur saisonnalit\u00e9 et \u00e0 leur durabilit\u00e9. Le foin et la paille viennent de la r\u00e9gion, tout comme la viande, le poisson, les l\u00e9gumes et la plupart des fruits.<br \/>\nLa pr\u00e9f\u00e9rence est donn\u00e9e aux artisans ou consultants de la r\u00e9gion, qui contribuent \u00e0 assurer l\u2019avenir du parc zoologique.<\/p>\n<p><a class=\"button button--tierpark\" href=\"https:\/\/www.bern.ch\/rahmenstrategie-nachhaltige-entwicklung\/das-macht-bern\/handlungsschwerpunkt-4\" target=\"_blank\" rel=\"noopener\">Pour en savoir plus sur le p\u00f4le \u00e9conomique soucieux d\u2019\u00e9cologie, de crit\u00e8res sociaux et d\u2019innovation en ville de Berne<\/a><\/p>\n<\/p>\n                                        <\/div>\n                                      <\/div><div class=\"accordion accordion--bordered\">\n                                        <div class=\"accordion__title-block\" role=\"button\">\n                                            <span class=\"accordion__title\">Finances municipales<\/span>\n                                            <span class=\"accordion__close\"><\/span>\n                                        <\/div>\n                                        <div class=\"accordion__text-block\">\n                                            <p><p>Le Parc zoologique de Berne, financ\u00e9 par les contribuables bernois, est dot\u00e9 d\u2019un compte sp\u00e9cial. Il pourra continuer de se d\u00e9velopper gr\u00e2ce aux fonds de tiers (collectes de fonds, dons). La voie \u00e0 suivre consiste \u00e0 int\u00e9grer dans sa planification globale tous les champs d\u2019action prioritaires de la Ville de Berne. Comme pr\u00e9curseur montrant l\u2019exemple, le Parc zoologique de Berne pourra ainsi envisager un avenir moderne et durable.<\/p>\n<p><a class=\"button button--tierpark\" href=\"https:\/\/www.bern.ch\/rahmenstrategie-nachhaltige-entwicklung\/das-macht-bern\/handlungsschwerpunkt-5\" target=\"_blank\" rel=\"noopener\">Pour en savoir plus sur les finances de la Ville de Berne<\/a><\/p>\n<\/p>\n                                        <\/div>\n                                      <\/div><div class=\"accordion accordion--bordered\">\n                                        <div class=\"accordion__title-block\" role=\"button\">\n                                            <span class=\"accordion__title\">Participation et partenariats<\/span>\n                                            <span class=\"accordion__close\"><\/span>\n                                        <\/div>\n                                        <div class=\"accordion__text-block\">\n                                            <p><p>Le Parc zoologique de Berne s\u2019est fix\u00e9 pour objectif d\u2019\u00eatre un des zoos les plus attachants et les plus novateurs de Suisse, d\u2019apporter une contribution durable \u00e0 la protection r\u00e9gionale de la nature et des esp\u00e8ces, mais aussi d\u2019investir dans la formation, dans la promotion de la jeunesse ainsi que dans la collaboration avec les personnes engag\u00e9es et int\u00e9ress\u00e9es.<br \/>\nAvec son offre vari\u00e9e, le Parc zoologique de Berne contribue au bon climat urbain.<\/p>\n<p><a class=\"button button--tierpark\" href=\"https:\/\/www.bern.ch\/rahmenstrategie-nachhaltige-entwicklung\/das-macht-bern\/handlungsschwerpunkt-6\" target=\"_blank\" rel=\"noopener\">Pour en savoir plus sur la participation et les partenariats de la Ville de Berne<\/a><\/p>\n<\/p>\n                                        <\/div>\n                                      <\/div><\/div>[\/vc_column_text][\/vc_column][\/vc_row]<\/p>\n<\/div>","protected":false},"excerpt":{"rendered":"<p>Le parc zoologique de Berne remplit sa mission sociale au sein de la strat\u00e9gie de d\u00e9veloppement durable de la Ville de Berne (RAN2030).<\/p>\n","protected":false},"author":1,"featured_media":24474,"parent":46095,"menu_order":0,"comment_status":"closed","ping_status":"closed","template":"","meta":{"_acf_changed":false,"footnotes":""},"class_list":["post-46076","page","type-page","status-publish","has-post-thumbnail","hentry"],"acf":[],"yoast_head":"<title>D\u00e9veloppement durable | Tierpark Bern<\/title>\n<meta name=\"description\" content=\"Le parc zoologique de Berne remplit sa mission sociale au sein de la strat\u00e9gie de d\u00e9veloppement durable de la Ville de Berne (RAN2030).\" \/>\n<meta name=\"robots\" content=\"index, follow, max-snippet:-1, max-image-preview:large, max-video-preview:-1\" \/>\n<link rel=\"canonical\" href=\"https:\/\/tierpark-bern.ch\/fr\/parc-zoologique-de-berne\/notre-engagement\/developpement-durable\/\" \/>\n<meta property=\"og:locale\" content=\"fr_FR\" \/>\n<meta property=\"og:type\" content=\"article\" \/>\n<meta property=\"og:title\" content=\"D\u00e9veloppement durable | Tierpark Bern\" \/>\n<meta property=\"og:description\" content=\"Le parc zoologique de Berne remplit sa mission sociale au sein de la strat\u00e9gie de d\u00e9veloppement durable de la Ville de Berne (RAN2030).\" \/>\n<meta property=\"og:url\" content=\"https:\/\/tierpark-bern.ch\/fr\/parc-zoologique-de-berne\/notre-engagement\/developpement-durable\/\" \/>\n<meta property=\"og:site_name\" content=\"Tierpark Bern\" \/>\n<meta property=\"article:publisher\" content=\"https:\/\/www.facebook.com\/tierparkbern\/\" \/>\n<meta property=\"article:modified_time\" content=\"2022-08-16T13:28:09+00:00\" \/>\n<meta property=\"og:image\" content=\"https:\/\/tierpark-bern.ch\/web\/app\/uploads\/2020\/07\/Weisse-Nymphe-5-tierpark-bern.jpg\" \/>\n\t<meta property=\"og:image:width\" content=\"1500\" \/>\n\t<meta property=\"og:image:height\" content=\"998\" \/>\n\t<meta property=\"og:image:type\" content=\"image\/jpeg\" \/>\n<script type=\"application\/ld+json\" class=\"yoast-schema-graph\">{\"@context\":\"https:\/\/schema.org\",\"@graph\":[{\"@type\":\"WebPage\",\"@id\":\"https:\/\/tierpark-bern.ch\/fr\/parc-zoologique-de-berne\/notre-engagement\/developpement-durable\/\",\"url\":\"https:\/\/tierpark-bern.ch\/fr\/parc-zoologique-de-berne\/notre-engagement\/developpement-durable\/\",\"name\":\"D\u00e9veloppement durable | Tierpark Bern\",\"isPartOf\":{\"@id\":\"https:\/\/tierpark-bern.ch\/fr\/#website\"},\"primaryImageOfPage\":{\"@id\":\"https:\/\/tierpark-bern.ch\/fr\/parc-zoologique-de-berne\/notre-engagement\/developpement-durable\/#primaryimage\"},\"image\":{\"@id\":\"https:\/\/tierpark-bern.ch\/fr\/parc-zoologique-de-berne\/notre-engagement\/developpement-durable\/#primaryimage\"},\"thumbnailUrl\":\"https:\/\/tierpark-bern.ch\/web\/app\/uploads\/2020\/07\/Weisse-Nymphe-5-tierpark-bern.jpg\",\"datePublished\":\"2021-12-08T12:58:20+00:00\",\"dateModified\":\"2022-08-16T13:28:09+00:00\",\"description\":\"Le parc zoologique de Berne remplit sa mission sociale au sein de la strat\u00e9gie de d\u00e9veloppement durable de la Ville de Berne (RAN2030).\",\"breadcrumb\":{\"@id\":\"https:\/\/tierpark-bern.ch\/fr\/parc-zoologique-de-berne\/notre-engagement\/developpement-durable\/#breadcrumb\"},\"inLanguage\":\"fr-FR\",\"potentialAction\":[{\"@type\":\"ReadAction\",\"target\":[\"https:\/\/tierpark-bern.ch\/fr\/parc-zoologique-de-berne\/notre-engagement\/developpement-durable\/\"]}]},{\"@type\":\"ImageObject\",\"inLanguage\":\"fr-FR\",\"@id\":\"https:\/\/tierpark-bern.ch\/fr\/parc-zoologique-de-berne\/notre-engagement\/developpement-durable\/#primaryimage\",\"url\":\"https:\/\/tierpark-bern.ch\/web\/app\/uploads\/2020\/07\/Weisse-Nymphe-5-tierpark-bern.jpg\",\"contentUrl\":\"https:\/\/tierpark-bern.ch\/web\/app\/uploads\/2020\/07\/Weisse-Nymphe-5-tierpark-bern.jpg\",\"width\":1500,\"height\":998},{\"@type\":\"BreadcrumbList\",\"@id\":\"https:\/\/tierpark-bern.ch\/fr\/parc-zoologique-de-berne\/notre-engagement\/developpement-durable\/#breadcrumb\",\"itemListElement\":[{\"@type\":\"ListItem\",\"position\":1,\"name\":\"Home\",\"item\":\"https:\/\/tierpark-bern.ch\/fr\/home\/\"},{\"@type\":\"ListItem\",\"position\":2,\"name\":\"Parc zoologique de Berne\",\"item\":\"https:\/\/tierpark-bern.ch\/fr\/parc-zoologique-de-berne\/\"},{\"@type\":\"ListItem\",\"position\":3,\"name\":\"Notre engagement\",\"item\":\"https:\/\/tierpark-bern.ch\/fr\/parc-zoologique-de-berne\/notre-engagement\/\"},{\"@type\":\"ListItem\",\"position\":4,\"name\":\"D\u00e9veloppement durable\"}]},{\"@type\":\"WebSite\",\"@id\":\"https:\/\/tierpark-bern.ch\/fr\/#website\",\"url\":\"https:\/\/tierpark-bern.ch\/fr\/\",\"name\":\"Tierpark Bern\",\"description\":\"\",\"publisher\":{\"@id\":\"https:\/\/tierpark-bern.ch\/fr\/#organization\"},\"potentialAction\":[{\"@type\":\"SearchAction\",\"target\":{\"@type\":\"EntryPoint\",\"urlTemplate\":\"https:\/\/tierpark-bern.ch\/fr\/?s={search_term_string}\"},\"query-input\":{\"@type\":\"PropertyValueSpecification\",\"valueRequired\":true,\"valueName\":\"search_term_string\"}}],\"inLanguage\":\"fr-FR\"},{\"@type\":\"Organization\",\"@id\":\"https:\/\/tierpark-bern.ch\/fr\/#organization\",\"name\":\"Tierpark Bern | D\u00e4hlh\u00f6lzli + B\u00e4renPark\",\"alternateName\":\"Tierpark Bern\",\"url\":\"https:\/\/tierpark-bern.ch\/fr\/\",\"logo\":{\"@type\":\"ImageObject\",\"inLanguage\":\"fr-FR\",\"@id\":\"https:\/\/tierpark-bern.ch\/fr\/#\/schema\/logo\/image\/\",\"url\":\"https:\/\/tierpark-bern.ch\/web\/app\/uploads\/2024\/04\/tierpark-bern-696x696-1.jpg\",\"contentUrl\":\"https:\/\/tierpark-bern.ch\/web\/app\/uploads\/2024\/04\/tierpark-bern-696x696-1.jpg\",\"width\":696,\"height\":696,\"caption\":\"Tierpark Bern | D\u00e4hlh\u00f6lzli + B\u00e4renPark\"},\"image\":{\"@id\":\"https:\/\/tierpark-bern.ch\/fr\/#\/schema\/logo\/image\/\"},\"sameAs\":[\"https:\/\/www.facebook.com\/tierparkbern\/\",\"https:\/\/x.com\/tierparkbern\",\"https:\/\/www.instagram.com\/tierparkbern\/\"]}]}<\/script>","yoast_head_json":{"title":"D\u00e9veloppement durable | Tierpark Bern","description":"Le parc zoologique de Berne remplit sa mission sociale au sein de la strat\u00e9gie de d\u00e9veloppement durable de la Ville de Berne (RAN2030).","robots":{"index":"index","follow":"follow","max-snippet":"max-snippet:-1","max-image-preview":"max-image-preview:large","max-video-preview":"max-video-preview:-1"},"canonical":"https:\/\/tierpark-bern.ch\/fr\/parc-zoologique-de-berne\/notre-engagement\/developpement-durable\/","og_locale":"fr_FR","og_type":"article","og_title":"D\u00e9veloppement durable | Tierpark Bern","og_description":"Le parc zoologique de Berne remplit sa mission sociale au sein de la strat\u00e9gie de d\u00e9veloppement durable de la Ville de Berne (RAN2030).","og_url":"https:\/\/tierpark-bern.ch\/fr\/parc-zoologique-de-berne\/notre-engagement\/developpement-durable\/","og_site_name":"Tierpark Bern","article_publisher":"https:\/\/www.facebook.com\/tierparkbern\/","article_modified_time":"2022-08-16T13:28:09+00:00","og_image":[{"width":1500,"height":998,"url":"https:\/\/tierpark-bern.ch\/web\/app\/uploads\/2020\/07\/Weisse-Nymphe-5-tierpark-bern.jpg","type":"image\/jpeg"}],"schema":{"@context":"https:\/\/schema.org","@graph":[{"@type":"WebPage","@id":"https:\/\/tierpark-bern.ch\/fr\/parc-zoologique-de-berne\/notre-engagement\/developpement-durable\/","url":"https:\/\/tierpark-bern.ch\/fr\/parc-zoologique-de-berne\/notre-engagement\/developpement-durable\/","name":"D\u00e9veloppement durable | Tierpark Bern","isPartOf":{"@id":"https:\/\/tierpark-bern.ch\/fr\/#website"},"primaryImageOfPage":{"@id":"https:\/\/tierpark-bern.ch\/fr\/parc-zoologique-de-berne\/notre-engagement\/developpement-durable\/#primaryimage"},"image":{"@id":"https:\/\/tierpark-bern.ch\/fr\/parc-zoologique-de-berne\/notre-engagement\/developpement-durable\/#primaryimage"},"thumbnailUrl":"https:\/\/tierpark-bern.ch\/web\/app\/uploads\/2020\/07\/Weisse-Nymphe-5-tierpark-bern.jpg","datePublished":"2021-12-08T12:58:20+00:00","dateModified":"2022-08-16T13:28:09+00:00","description":"Le parc zoologique de Berne remplit sa mission sociale au sein de la strat\u00e9gie de d\u00e9veloppement durable de la Ville de Berne (RAN2030).","breadcrumb":{"@id":"https:\/\/tierpark-bern.ch\/fr\/parc-zoologique-de-berne\/notre-engagement\/developpement-durable\/#breadcrumb"},"inLanguage":"fr-FR","potentialAction":[{"@type":"ReadAction","target":["https:\/\/tierpark-bern.ch\/fr\/parc-zoologique-de-berne\/notre-engagement\/developpement-durable\/"]}]},{"@type":"ImageObject","inLanguage":"fr-FR","@id":"https:\/\/tierpark-bern.ch\/fr\/parc-zoologique-de-berne\/notre-engagement\/developpement-durable\/#primaryimage","url":"https:\/\/tierpark-bern.ch\/web\/app\/uploads\/2020\/07\/Weisse-Nymphe-5-tierpark-bern.jpg","contentUrl":"https:\/\/tierpark-bern.ch\/web\/app\/uploads\/2020\/07\/Weisse-Nymphe-5-tierpark-bern.jpg","width":1500,"height":998},{"@type":"BreadcrumbList","@id":"https:\/\/tierpark-bern.ch\/fr\/parc-zoologique-de-berne\/notre-engagement\/developpement-durable\/#breadcrumb","itemListElement":[{"@type":"ListItem","position":1,"name":"Home","item":"https:\/\/tierpark-bern.ch\/fr\/home\/"},{"@type":"ListItem","position":2,"name":"Parc zoologique de Berne","item":"https:\/\/tierpark-bern.ch\/fr\/parc-zoologique-de-berne\/"},{"@type":"ListItem","position":3,"name":"Notre engagement","item":"https:\/\/tierpark-bern.ch\/fr\/parc-zoologique-de-berne\/notre-engagement\/"},{"@type":"ListItem","position":4,"name":"D\u00e9veloppement durable"}]},{"@type":"WebSite","@id":"https:\/\/tierpark-bern.ch\/fr\/#website","url":"https:\/\/tierpark-bern.ch\/fr\/","name":"Tierpark Bern","description":"","publisher":{"@id":"https:\/\/tierpark-bern.ch\/fr\/#organization"},"potentialAction":[{"@type":"SearchAction","target":{"@type":"EntryPoint","urlTemplate":"https:\/\/tierpark-bern.ch\/fr\/?s={search_term_string}"},"query-input":{"@type":"PropertyValueSpecification","valueRequired":true,"valueName":"search_term_string"}}],"inLanguage":"fr-FR"},{"@type":"Organization","@id":"https:\/\/tierpark-bern.ch\/fr\/#organization","name":"Tierpark Bern | D\u00e4hlh\u00f6lzli + B\u00e4renPark","alternateName":"Tierpark Bern","url":"https:\/\/tierpark-bern.ch\/fr\/","logo":{"@type":"ImageObject","inLanguage":"fr-FR","@id":"https:\/\/tierpark-bern.ch\/fr\/#\/schema\/logo\/image\/","url":"https:\/\/tierpark-bern.ch\/web\/app\/uploads\/2024\/04\/tierpark-bern-696x696-1.jpg","contentUrl":"https:\/\/tierpark-bern.ch\/web\/app\/uploads\/2024\/04\/tierpark-bern-696x696-1.jpg","width":696,"height":696,"caption":"Tierpark Bern | D\u00e4hlh\u00f6lzli + B\u00e4renPark"},"image":{"@id":"https:\/\/tierpark-bern.ch\/fr\/#\/schema\/logo\/image\/"},"sameAs":["https:\/\/www.facebook.com\/tierparkbern\/","https:\/\/x.com\/tierparkbern","https:\/\/www.instagram.com\/tierparkbern\/"]}]}},"_links":{"self":[{"href":"https:\/\/tierpark-bern.ch\/fr\/wp-json\/wp\/v2\/pages\/46076","targetHints":{"allow":["GET"]}}],"collection":[{"href":"https:\/\/tierpark-bern.ch\/fr\/wp-json\/wp\/v2\/pages"}],"about":[{"href":"https:\/\/tierpark-bern.ch\/fr\/wp-json\/wp\/v2\/types\/page"}],"author":[{"embeddable":true,"href":"https:\/\/tierpark-bern.ch\/fr\/wp-json\/wp\/v2\/users\/1"}],"replies":[{"embeddable":true,"href":"https:\/\/tierpark-bern.ch\/fr\/wp-json\/wp\/v2\/comments?post=46076"}],"version-history":[{"count":0,"href":"https:\/\/tierpark-bern.ch\/fr\/wp-json\/wp\/v2\/pages\/46076\/revisions"}],"up":[{"embeddable":true,"href":"https:\/\/tierpark-bern.ch\/fr\/wp-json\/wp\/v2\/pages\/46095"}],"wp:featuredmedia":[{"embeddable":true,"href":"https:\/\/tierpark-bern.ch\/fr\/wp-json\/wp\/v2\/media\/24474"}],"wp:attachment":[{"href":"https:\/\/tierpark-bern.ch\/fr\/wp-json\/wp\/v2\/media?parent=46076"}],"curies":[{"name":"wp","href":"https:\/\/api.w.org\/{rel}","templated":true}]}}