{"id":46082,"date":"2020-08-18T14:43:46","date_gmt":"2020-08-18T12:43:46","guid":{"rendered":"https:\/\/tierpark-bern.ch\/?page_id=46082"},"modified":"2024-02-12T07:04:23","modified_gmt":"2024-02-12T06:04:23","slug":"dreamnight","status":"publish","type":"page","link":"https:\/\/tierpark-bern.ch\/fr\/parc-zoologique-de-berne\/notre-engagement\/dreamnight\/","title":{"rendered":"Dreamnight"},"content":{"rendered":"<div class=\"wpb-content-wrapper\"><p>[vc_row][vc_column][vc_column_text]<\/p>\n<h1>Dreamnight<\/h1>\n<p><strong>\u00abDreamnight at the Zoo\u00bb est une initiative lanc\u00e9e \u00e0 Rotterdam en 1996, qui consiste \u00e0 privatiser le zoo le temps d\u2019une soir\u00e9e, avec des animations destin\u00e9es aux enfants atteints d\u2019un cancer. Alors que 175 enfants en avaient b\u00e9n\u00e9fici\u00e9 au d\u00e9part, pr\u00e8s de 300 zoos r\u00e9partis sur les cinq continents participent entre-temps au projet et accueillent chaque ann\u00e9e plus d\u2019un quart de million d\u2019enfants.<\/strong><\/p>\n<p>C\u2019est ainsi que le premier vendredi soir de juin, une bonne \u00e9toile brille sur le parc zoologique de Berne. Chaque ann\u00e9e, cette soir\u00e9e est r\u00e9serv\u00e9e aux enfants handicap\u00e9s ou atteints de maladies chroniques, \u00e0 leurs fr\u00e8res et s\u0153urs et \u00e0 leurs parents.<\/p>\n<p>Cette soir\u00e9e au programme adapt\u00e9 aux besoins des familles invit\u00e9es est organis\u00e9e par les collaboratrices et collaborateurs de la section Formation et exp\u00e9riences. Il s\u2019agit de moments inoubliables, tant pour les h\u00f4tes que pour les invit\u00e9s. De nombreuses r\u00e9actions nous confirment que les familles sont heureuses de ne pas se faire remarquer avec leur enfant, mais de pouvoir s\u2019immerger dans le monde animal avec d\u2019autres personnes connaissant une situation analogue.<\/p>\n<p>La participation \u00e0 la Dreamnight n\u2019est possible que sur invitation. Pour toute question \u00e0 ce sujet, veuillez vous adresser \u00e0 Cornelia Mainini, responsable de la section Formation et exp\u00e9riences (t\u00e9l. +41 31 321 15 26).[\/vc_column_text][\/vc_column][\/vc_row][vc_row][vc_column][vc_column_text]<a class=\"button button--tierpark\" href=\"https:\/\/tierpark-bern.ch\/event\/dreamnight\/\">Open Dreamnight au Zoo<\/a>[\/vc_column_text][\/vc_column][\/vc_row][vc_row][vc_column width=&#8221;1\/2&#8243;][vc_single_image image=&#8221;16935&#8243; img_size=&#8221;full&#8221; el_class=&#8221;article-image&#8221;][\/vc_column][vc_column width=&#8221;1\/2&#8243;][vc_single_image image=&#8221;25840&#8243; img_size=&#8221;full&#8221; el_class=&#8221;article-image&#8221;][\/vc_column][\/vc_row]<\/p>\n<\/div>","protected":false},"excerpt":{"rendered":"<p>\u00abDreamnight at the Zoo\u00bb est une initiative lanc\u00e9e \u00e0 Rotterdam en 1996, qui consiste \u00e0 privatiser le zoo le temps d\u2019une soir\u00e9e, avec des animations destin\u00e9es<\/p>\n","protected":false},"author":1,"featured_media":16935,"parent":46095,"menu_order":0,"comment_status":"closed","ping_status":"closed","template":"","meta":{"_acf_changed":false,"footnotes":""},"class_list":["post-46082","page","type-page","status-publish","has-post-thumbnail","hentry"],"acf":[],"yoast_head":"<title>Dreamnight | Tierpark Bern<\/title>\n<meta name=\"description\" content=\"\u00abDreamnight at the Zoo\u00bb est une initiative lanc\u00e9e \u00e0 Rotterdam en 1996, qui consiste \u00e0 privatiser le zoo le temps d\u2019une soir\u00e9e, avec des animations destin\u00e9es aux enfants atteints d\u2019un cancer.\" \/>\n<meta name=\"robots\" content=\"index, follow, max-snippet:-1, max-image-preview:large, max-video-preview:-1\" \/>\n<link rel=\"canonical\" href=\"https:\/\/tierpark-bern.ch\/fr\/parc-zoologique-de-berne\/notre-engagement\/dreamnight\/\" \/>\n<meta property=\"og:locale\" content=\"fr_FR\" \/>\n<meta property=\"og:type\" content=\"article\" \/>\n<meta property=\"og:title\" content=\"Dreamnight | Tierpark Bern\" \/>\n<meta property=\"og:description\" content=\"\u00abDreamnight at the Zoo\u00bb est une initiative lanc\u00e9e \u00e0 Rotterdam en 1996, qui consiste \u00e0 privatiser le zoo le temps d\u2019une soir\u00e9e, avec des animations destin\u00e9es aux enfants atteints d\u2019un cancer.\" \/>\n<meta property=\"og:url\" content=\"https:\/\/tierpark-bern.ch\/fr\/parc-zoologique-de-berne\/notre-engagement\/dreamnight\/\" \/>\n<meta property=\"og:site_name\" content=\"Tierpark Bern\" \/>\n<meta property=\"article:publisher\" content=\"https:\/\/www.facebook.com\/tierparkbern\/\" \/>\n<meta property=\"article:modified_time\" content=\"2024-02-12T06:04:23+00:00\" \/>\n<meta property=\"og:image\" content=\"https:\/\/tierpark-bern.ch\/web\/app\/uploads\/2021\/12\/dreamnight-tierpark-bern.jpeg\" \/>\n\t<meta property=\"og:image:width\" content=\"1280\" \/>\n\t<meta property=\"og:image:height\" content=\"853\" \/>\n\t<meta property=\"og:image:type\" content=\"image\/jpeg\" \/>\n<script type=\"application\/ld+json\" class=\"yoast-schema-graph\">{\"@context\":\"https:\/\/schema.org\",\"@graph\":[{\"@type\":\"WebPage\",\"@id\":\"https:\/\/tierpark-bern.ch\/fr\/parc-zoologique-de-berne\/notre-engagement\/dreamnight\/\",\"url\":\"https:\/\/tierpark-bern.ch\/fr\/parc-zoologique-de-berne\/notre-engagement\/dreamnight\/\",\"name\":\"Dreamnight | Tierpark Bern\",\"isPartOf\":{\"@id\":\"https:\/\/tierpark-bern.ch\/fr\/#website\"},\"primaryImageOfPage\":{\"@id\":\"https:\/\/tierpark-bern.ch\/fr\/parc-zoologique-de-berne\/notre-engagement\/dreamnight\/#primaryimage\"},\"image\":{\"@id\":\"https:\/\/tierpark-bern.ch\/fr\/parc-zoologique-de-berne\/notre-engagement\/dreamnight\/#primaryimage\"},\"thumbnailUrl\":\"https:\/\/tierpark-bern.ch\/web\/app\/uploads\/2021\/12\/dreamnight-tierpark-bern.jpeg\",\"datePublished\":\"2020-08-18T12:43:46+00:00\",\"dateModified\":\"2024-02-12T06:04:23+00:00\",\"description\":\"\u00abDreamnight at the Zoo\u00bb est une initiative lanc\u00e9e \u00e0 Rotterdam en 1996, qui consiste \u00e0 privatiser le zoo le temps d\u2019une soir\u00e9e, avec des animations destin\u00e9es aux enfants atteints d\u2019un cancer.\",\"breadcrumb\":{\"@id\":\"https:\/\/tierpark-bern.ch\/fr\/parc-zoologique-de-berne\/notre-engagement\/dreamnight\/#breadcrumb\"},\"inLanguage\":\"fr-FR\",\"potentialAction\":[{\"@type\":\"ReadAction\",\"target\":[\"https:\/\/tierpark-bern.ch\/fr\/parc-zoologique-de-berne\/notre-engagement\/dreamnight\/\"]}]},{\"@type\":\"ImageObject\",\"inLanguage\":\"fr-FR\",\"@id\":\"https:\/\/tierpark-bern.ch\/fr\/parc-zoologique-de-berne\/notre-engagement\/dreamnight\/#primaryimage\",\"url\":\"https:\/\/tierpark-bern.ch\/web\/app\/uploads\/2021\/12\/dreamnight-tierpark-bern.jpeg\",\"contentUrl\":\"https:\/\/tierpark-bern.ch\/web\/app\/uploads\/2021\/12\/dreamnight-tierpark-bern.jpeg\",\"width\":1280,\"height\":853},{\"@type\":\"BreadcrumbList\",\"@id\":\"https:\/\/tierpark-bern.ch\/fr\/parc-zoologique-de-berne\/notre-engagement\/dreamnight\/#breadcrumb\",\"itemListElement\":[{\"@type\":\"ListItem\",\"position\":1,\"name\":\"Home\",\"item\":\"https:\/\/tierpark-bern.ch\/fr\/home\/\"},{\"@type\":\"ListItem\",\"position\":2,\"name\":\"Parc zoologique de Berne\",\"item\":\"https:\/\/tierpark-bern.ch\/fr\/parc-zoologique-de-berne\/\"},{\"@type\":\"ListItem\",\"position\":3,\"name\":\"Notre engagement\",\"item\":\"https:\/\/tierpark-bern.ch\/fr\/parc-zoologique-de-berne\/notre-engagement\/\"},{\"@type\":\"ListItem\",\"position\":4,\"name\":\"Dreamnight\"}]},{\"@type\":\"WebSite\",\"@id\":\"https:\/\/tierpark-bern.ch\/fr\/#website\",\"url\":\"https:\/\/tierpark-bern.ch\/fr\/\",\"name\":\"Tierpark Bern\",\"description\":\"\",\"publisher\":{\"@id\":\"https:\/\/tierpark-bern.ch\/fr\/#organization\"},\"potentialAction\":[{\"@type\":\"SearchAction\",\"target\":{\"@type\":\"EntryPoint\",\"urlTemplate\":\"https:\/\/tierpark-bern.ch\/fr\/?s={search_term_string}\"},\"query-input\":{\"@type\":\"PropertyValueSpecification\",\"valueRequired\":true,\"valueName\":\"search_term_string\"}}],\"inLanguage\":\"fr-FR\"},{\"@type\":\"Organization\",\"@id\":\"https:\/\/tierpark-bern.ch\/fr\/#organization\",\"name\":\"Tierpark Bern | D\u00e4hlh\u00f6lzli + B\u00e4renPark\",\"alternateName\":\"Tierpark Bern\",\"url\":\"https:\/\/tierpark-bern.ch\/fr\/\",\"logo\":{\"@type\":\"ImageObject\",\"inLanguage\":\"fr-FR\",\"@id\":\"https:\/\/tierpark-bern.ch\/fr\/#\/schema\/logo\/image\/\",\"url\":\"https:\/\/tierpark-bern.ch\/web\/app\/uploads\/2024\/04\/tierpark-bern-696x696-1.jpg\",\"contentUrl\":\"https:\/\/tierpark-bern.ch\/web\/app\/uploads\/2024\/04\/tierpark-bern-696x696-1.jpg\",\"width\":696,\"height\":696,\"caption\":\"Tierpark Bern | D\u00e4hlh\u00f6lzli + B\u00e4renPark\"},\"image\":{\"@id\":\"https:\/\/tierpark-bern.ch\/fr\/#\/schema\/logo\/image\/\"},\"sameAs\":[\"https:\/\/www.facebook.com\/tierparkbern\/\",\"https:\/\/x.com\/tierparkbern\",\"https:\/\/www.instagram.com\/tierparkbern\/\"]}]}<\/script>","yoast_head_json":{"title":"Dreamnight | Tierpark Bern","description":"\u00abDreamnight at the Zoo\u00bb est une initiative lanc\u00e9e \u00e0 Rotterdam en 1996, qui consiste \u00e0 privatiser le zoo le temps d\u2019une soir\u00e9e, avec des animations destin\u00e9es aux enfants atteints d\u2019un cancer.","robots":{"index":"index","follow":"follow","max-snippet":"max-snippet:-1","max-image-preview":"max-image-preview:large","max-video-preview":"max-video-preview:-1"},"canonical":"https:\/\/tierpark-bern.ch\/fr\/parc-zoologique-de-berne\/notre-engagement\/dreamnight\/","og_locale":"fr_FR","og_type":"article","og_title":"Dreamnight | Tierpark Bern","og_description":"\u00abDreamnight at the Zoo\u00bb est une initiative lanc\u00e9e \u00e0 Rotterdam en 1996, qui consiste \u00e0 privatiser le zoo le temps d\u2019une soir\u00e9e, avec des animations destin\u00e9es aux enfants atteints d\u2019un cancer.","og_url":"https:\/\/tierpark-bern.ch\/fr\/parc-zoologique-de-berne\/notre-engagement\/dreamnight\/","og_site_name":"Tierpark Bern","article_publisher":"https:\/\/www.facebook.com\/tierparkbern\/","article_modified_time":"2024-02-12T06:04:23+00:00","og_image":[{"width":1280,"height":853,"url":"https:\/\/tierpark-bern.ch\/web\/app\/uploads\/2021\/12\/dreamnight-tierpark-bern.jpeg","type":"image\/jpeg"}],"schema":{"@context":"https:\/\/schema.org","@graph":[{"@type":"WebPage","@id":"https:\/\/tierpark-bern.ch\/fr\/parc-zoologique-de-berne\/notre-engagement\/dreamnight\/","url":"https:\/\/tierpark-bern.ch\/fr\/parc-zoologique-de-berne\/notre-engagement\/dreamnight\/","name":"Dreamnight | Tierpark Bern","isPartOf":{"@id":"https:\/\/tierpark-bern.ch\/fr\/#website"},"primaryImageOfPage":{"@id":"https:\/\/tierpark-bern.ch\/fr\/parc-zoologique-de-berne\/notre-engagement\/dreamnight\/#primaryimage"},"image":{"@id":"https:\/\/tierpark-bern.ch\/fr\/parc-zoologique-de-berne\/notre-engagement\/dreamnight\/#primaryimage"},"thumbnailUrl":"https:\/\/tierpark-bern.ch\/web\/app\/uploads\/2021\/12\/dreamnight-tierpark-bern.jpeg","datePublished":"2020-08-18T12:43:46+00:00","dateModified":"2024-02-12T06:04:23+00:00","description":"\u00abDreamnight at the Zoo\u00bb est une initiative lanc\u00e9e \u00e0 Rotterdam en 1996, qui consiste \u00e0 privatiser le zoo le temps d\u2019une soir\u00e9e, avec des animations destin\u00e9es aux enfants atteints d\u2019un cancer.","breadcrumb":{"@id":"https:\/\/tierpark-bern.ch\/fr\/parc-zoologique-de-berne\/notre-engagement\/dreamnight\/#breadcrumb"},"inLanguage":"fr-FR","potentialAction":[{"@type":"ReadAction","target":["https:\/\/tierpark-bern.ch\/fr\/parc-zoologique-de-berne\/notre-engagement\/dreamnight\/"]}]},{"@type":"ImageObject","inLanguage":"fr-FR","@id":"https:\/\/tierpark-bern.ch\/fr\/parc-zoologique-de-berne\/notre-engagement\/dreamnight\/#primaryimage","url":"https:\/\/tierpark-bern.ch\/web\/app\/uploads\/2021\/12\/dreamnight-tierpark-bern.jpeg","contentUrl":"https:\/\/tierpark-bern.ch\/web\/app\/uploads\/2021\/12\/dreamnight-tierpark-bern.jpeg","width":1280,"height":853},{"@type":"BreadcrumbList","@id":"https:\/\/tierpark-bern.ch\/fr\/parc-zoologique-de-berne\/notre-engagement\/dreamnight\/#breadcrumb","itemListElement":[{"@type":"ListItem","position":1,"name":"Home","item":"https:\/\/tierpark-bern.ch\/fr\/home\/"},{"@type":"ListItem","position":2,"name":"Parc zoologique de Berne","item":"https:\/\/tierpark-bern.ch\/fr\/parc-zoologique-de-berne\/"},{"@type":"ListItem","position":3,"name":"Notre engagement","item":"https:\/\/tierpark-bern.ch\/fr\/parc-zoologique-de-berne\/notre-engagement\/"},{"@type":"ListItem","position":4,"name":"Dreamnight"}]},{"@type":"WebSite","@id":"https:\/\/tierpark-bern.ch\/fr\/#website","url":"https:\/\/tierpark-bern.ch\/fr\/","name":"Tierpark Bern","description":"","publisher":{"@id":"https:\/\/tierpark-bern.ch\/fr\/#organization"},"potentialAction":[{"@type":"SearchAction","target":{"@type":"EntryPoint","urlTemplate":"https:\/\/tierpark-bern.ch\/fr\/?s={search_term_string}"},"query-input":{"@type":"PropertyValueSpecification","valueRequired":true,"valueName":"search_term_string"}}],"inLanguage":"fr-FR"},{"@type":"Organization","@id":"https:\/\/tierpark-bern.ch\/fr\/#organization","name":"Tierpark Bern | D\u00e4hlh\u00f6lzli + B\u00e4renPark","alternateName":"Tierpark Bern","url":"https:\/\/tierpark-bern.ch\/fr\/","logo":{"@type":"ImageObject","inLanguage":"fr-FR","@id":"https:\/\/tierpark-bern.ch\/fr\/#\/schema\/logo\/image\/","url":"https:\/\/tierpark-bern.ch\/web\/app\/uploads\/2024\/04\/tierpark-bern-696x696-1.jpg","contentUrl":"https:\/\/tierpark-bern.ch\/web\/app\/uploads\/2024\/04\/tierpark-bern-696x696-1.jpg","width":696,"height":696,"caption":"Tierpark Bern | D\u00e4hlh\u00f6lzli + B\u00e4renPark"},"image":{"@id":"https:\/\/tierpark-bern.ch\/fr\/#\/schema\/logo\/image\/"},"sameAs":["https:\/\/www.facebook.com\/tierparkbern\/","https:\/\/x.com\/tierparkbern","https:\/\/www.instagram.com\/tierparkbern\/"]}]}},"_links":{"self":[{"href":"https:\/\/tierpark-bern.ch\/fr\/wp-json\/wp\/v2\/pages\/46082","targetHints":{"allow":["GET"]}}],"collection":[{"href":"https:\/\/tierpark-bern.ch\/fr\/wp-json\/wp\/v2\/pages"}],"about":[{"href":"https:\/\/tierpark-bern.ch\/fr\/wp-json\/wp\/v2\/types\/page"}],"author":[{"embeddable":true,"href":"https:\/\/tierpark-bern.ch\/fr\/wp-json\/wp\/v2\/users\/1"}],"replies":[{"embeddable":true,"href":"https:\/\/tierpark-bern.ch\/fr\/wp-json\/wp\/v2\/comments?post=46082"}],"version-history":[{"count":0,"href":"https:\/\/tierpark-bern.ch\/fr\/wp-json\/wp\/v2\/pages\/46082\/revisions"}],"up":[{"embeddable":true,"href":"https:\/\/tierpark-bern.ch\/fr\/wp-json\/wp\/v2\/pages\/46095"}],"wp:featuredmedia":[{"embeddable":true,"href":"https:\/\/tierpark-bern.ch\/fr\/wp-json\/wp\/v2\/media\/16935"}],"wp:attachment":[{"href":"https:\/\/tierpark-bern.ch\/fr\/wp-json\/wp\/v2\/media?parent=46082"}],"curies":[{"name":"wp","href":"https:\/\/api.w.org\/{rel}","templated":true}]}}