{"id":46088,"date":"2020-08-19T08:22:03","date_gmt":"2020-08-19T06:22:03","guid":{"rendered":"https:\/\/tierpark-bern.ch\/?page_id=46088"},"modified":"2022-12-22T13:25:42","modified_gmt":"2022-12-22T12:25:42","slug":"notre-devise","status":"publish","type":"page","link":"https:\/\/tierpark-bern.ch\/fr\/parc-zoologique-de-berne\/notre-devise\/","title":{"rendered":"Notre devise"},"content":{"rendered":"<div class=\"wpb-content-wrapper\"><p>[vc_row][vc_column][vc_column_text]<\/p>\n<h1>Notre devise<\/h1>\n<h2>Plus d\u2019espace pour la diversit\u00e9<\/h2>\n<p>[\/vc_column_text][vc_column_text]\u00c0 une \u00e9poque o\u00f9 l\u2019humain s\u2019\u00e9loigne toujours plus de la nature et o\u00f9 la biodiversit\u00e9 diminue dans le monde entier, les occasions de rencontre avec la nature et sa biodiversit\u00e9 rev\u00eatent une importance croissante.<\/p>\n<p>Le parc zoologique de Berne joue \u00e0 cet \u00e9gard, avec ses vastes enclos, un r\u00f4le central et offre sur l\u2019ensemble de son p\u00e9rim\u00e8tre davantage d\u2019espace pour vivre \u00e0 de nombreuses esp\u00e8ces indig\u00e8nes ou exotiques. En plus d\u2019apporter d\u00e9tente et plaisir au public, nous mettons l\u2019accent sur le bien-\u00eatre des animaux, sur les exp\u00e9riences interactives, ainsi que sur la protection de la nature et des esp\u00e8ces.<\/p>\n<p>En tant que parc zoologique municipal, le zoo du D\u00e4hlh\u00f6lzli est un espace de collaboration actif \u00e0 diff\u00e9rents niveaux. Les jardins d\u2019enfants, les \u00e9coles, mais aussi des universit\u00e9s, des mus\u00e9es, des organisations pour la protection de la nature ainsi que des partenaires forts issus de l\u2019\u00e9conomie relaient son message en faveur de la diversit\u00e9 et contribuent avec le parc zoologique \u00e0 sa mise en \u0153uvre, en s\u2019engageant \u00e0 long terme et de mani\u00e8re durable pour la diversit\u00e9, \u00e0 Berne m\u00eame et dans ses environs.[\/vc_column_text][\/vc_column][\/vc_row][vc_row gap=&#8221;15&#8243; title_tag=&#8221;h2&#8243; section_title_tag=&#8221;h4&#8243; style=&#8221;classic&#8221; shape=&#8221;square&#8221; color=&#8221;grey&#8221; no_fill=&#8221;&#8221; spacing=&#8221;&#8221; c_align=&#8221;left&#8221; autoplay=&#8221;none&#8221; collapsible_all=&#8221;true&#8221; c_icon=&#8221;plus&#8221; c_position=&#8221;right&#8221; active_section=&#8221;-1&#8243; el_class=&#8221;my-faqs-accordion&#8221; title=&#8221;&#8221;][vc_column][vc_tta_accordion shape=&#8221;square&#8221; gap=&#8221;15&#8243; c_position=&#8221;right&#8221; active_section=&#8221;-1&#8243; collapsible_all=&#8221;true&#8221; el_class=&#8221;tauben-biologie-accordion&#8221;][vc_tta_section title=&#8221;Passage de \u00abPlus d\u2019espace pour moins d\u2019animaux\u00bb \u00e0 \u00abPlus d\u2019espace pour la diversit\u00e9&#8221; tab_id=&#8221;1650009385703-c0fc0bef-f4f8&#8243;][vc_column_text]Pendant des ann\u00e9es, le Parc zoologique de Berne s\u2019est inspir\u00e9 avec succ\u00e8s de la devise \u00abPlus d\u2019espace pour moins d\u2019animaux\u00bb. Les vastes enclos dans la for\u00eat ou au bord de l\u2019Aar ont un caract\u00e8re unique et contribuent au bien-\u00eatre des animaux. Pour parvenir \u00e0 ce r\u00e9sultat, il a fallu renoncer \u00e0 \u00e9lever diverses esp\u00e8ces. C\u2019est ainsi qu\u2019un moins grand nombre d\u2019esp\u00e8ces disposent de davantage de place. Dans leurs enclos g\u00e9n\u00e9reux et bien structur\u00e9s, nos animaux sont de dignes ambassadeurs de leur esp\u00e8ce, mettant en \u00e9veil les sens des visiteurs qu\u2019ils sensibilisent \u00e0 l\u2019importance d\u2019une gestion respectueuse de la nature.<br \/>\nAujourd\u2019hui o\u00f9 la diversit\u00e9 des esp\u00e8ces indig\u00e8nes est en constante diminution, l\u2019espace dont les animaux peuvent disposer rev\u00eat une importance croissante. Le parc zoologique de Berne n\u2019h\u00e9berge pas seulement les pensionnaires de ses enclos, mais sert de cadre de vie \u00e0 de nombreuses esp\u00e8ces indig\u00e8nes. Il pourrait potentiellement s\u2019engager davantage sur ce plan et, par l\u00e0, contribuer directement \u00e0 la protection de la nature et des esp\u00e8ces. En plus d\u2019offrir plus de place aux animaux, le parc zoologique de Berne est un espace qui r\u00e9pond aux besoins des gens: il permet des exp\u00e9riences fascinantes et des rencontres uniques, procurant d\u00e9tente et plaisir. Et il constitue un espace de collaboration. Le parc zoologique de Berne sert en effet de tremplin \u00e0 de nombreuses personnes actives dans la recherche, la formation, la protection des esp\u00e8ces et les sciences citoyennes, encourageant des partenariats qui, \u00e0 long terme, contribuent \u00e0 prot\u00e9ger et encourager la biodiversit\u00e9.<\/p>\n<p><strong>Le parc zoologique de Berne offre \u00abPlus d\u2019espace pour la diversit\u00e9\u00bb \u00e0 Berne et dans ses environs.<\/strong><br \/>\n[\/vc_column_text][\/vc_tta_section][\/vc_tta_accordion][\/vc_column][\/vc_row][vc_row][vc_column][vc_empty_space][\/vc_column][\/vc_row][vc_row][vc_column width=&#8221;1\/2&#8243;][vc_single_image image=&#8221;23469&#8243; img_size=&#8221;570&#215;379&#8243;][\/vc_column][vc_column width=&#8221;1\/2&#8243;][vc_single_image image=&#8221;27767&#8243;][\/vc_column][\/vc_row][vc_row][vc_column][vc_column_text el_class=&#8221;mission-container&#8221;]<\/p>\n<h2>Nous sommes un espace<\/h2>\n<div class=\"mission\">\n<h3>pour les animaux<\/h3>\n<p>Leur bien-\u00eatre est notre priorit\u00e9 absolue.<\/p>\n<h3>pour les exp\u00e9riences<\/h3>\n<p>Nous communiquons de mani\u00e8re novatrice et interactive les faits complexes du monde animal, nous encourageons les exp\u00e9riences \u00e9motionnelles et incitons \u00e0 une approche respectueuse de la nature.<\/p>\n<h3>pour la protection de la nature et des esp\u00e8ces<\/h3>\n<p>Nous nous engageons activement dans la protection des esp\u00e8ces r\u00e9gionales ou internationales ainsi que de leur cadre de vie.<\/p>\n<h3>pour la collaboration<\/h3>\n<p>Nous ouvrons aux individus des perspectives, nous cr\u00e9ons des synergies et encourageons les possibilit\u00e9s de penser et d\u2019agir au-del\u00e0 des fronti\u00e8res.<\/p>\n<h3>pour le d\u00e9veloppement<\/h3>\n<p>Nous nous engageons dans la recherche et mettons en \u0153uvre les nouvelles connaissances scientifiques de mani\u00e8re innovante et cibl\u00e9e.<\/p>\n<h3>pour la durabilit\u00e9<\/h3>\n<p>Nous encourageons l\u2019offre r\u00e9gionale dans tous les domaines et y faisons appel, dans le respect du climat et de l\u2019environnement.<\/p>\n<h3>pour la d\u00e9tente et le plaisir<\/h3>\n<p>nous aidons les gens \u00e0 ralentir et leur inspirons de nouvelles pens\u00e9es.<\/p>\n<h3>\u00e0 Berne<\/h3>\n<p>Berne ne serait pas Berne sans son parc zoologique, et vice-versa.<\/p><\/div>\n<p>[\/vc_column_text][\/vc_column][\/vc_row][vc_row][vc_column][vc_column_text]<section class=\"section no-padding-bottom page-suggestion-container\">\n            <div class=\"container\">\n                <div class=\"row bottom-50\">\n                    <div class=\"col-12\">\n                        <div class=\"heading heading--primary heading--center\">\n                            <h2 class=\"heading__title no-margin-bottom\"><span>Autres Th\u00e8mes<\/span><\/h2>\n                        <\/div>\n                    <\/div>\n                <\/div>\n                <div class=\"row\"><div class=\"col-md-6 col-xl-4 \">\n                        <div class=\"service-content\" tabindex=\"0\" role=\"link\" onclick=\"suggestionLinkfunction(this);\" data-href=\"https:\/\/tierpark-bern.ch\/fr\/parc-zoologique-de-berne\/notre-histoire\/\">\n                            <img decoding=\"async\" src=\"https:\/\/tierpark-bern.ch\/web\/app\/uploads\/2020\/07\/historische-bilder-tierpark-bern-waschbaer-386x230.jpg\" alt=\"\"\/>\n                                <div class=\"service-desc\">\n                                    <div class=\"vcenter\">\n                                        <div class=\"titel\">Notre histoire<\/div>\n                                    <\/div>\n                                <\/div>\n                        <\/div>\n                    <\/div><div class=\"col-md-6 col-xl-4 \">\n                        <div class=\"service-content\" tabindex=\"0\" role=\"link\" onclick=\"suggestionLinkfunction(this);\" data-href=\"https:\/\/tierpark-bern.ch\/fr\/parc-zoologique-de-berne\/organisation\/\">\n                            <img decoding=\"async\" src=\"https:\/\/tierpark-bern.ch\/web\/app\/uploads\/2022\/04\/wolf-tierpark-bern-2-2-386x230.jpg\" alt=\"\"\/>\n                                <div class=\"service-desc\">\n                                    <div class=\"vcenter\">\n                                        <div class=\"titel\">Organisation<\/div>\n                                    <\/div>\n                                <\/div>\n                        <\/div>\n                    <\/div><div class=\"col-md-6 col-xl-4 \">\n                        <div class=\"service-content\" tabindex=\"0\" role=\"link\" onclick=\"suggestionLinkfunction(this);\" data-href=\"https:\/\/tierpark-bern.ch\/fr\/parc-zoologique-de-berne\/notre-engagement\/\">\n                            <img decoding=\"async\" src=\"https:\/\/tierpark-bern.ch\/web\/app\/uploads\/2021\/12\/dreamnight-tierpark-bern-386x230.jpeg\" alt=\"\"\/>\n                                <div class=\"service-desc\">\n                                    <div class=\"vcenter\">\n                                        <div class=\"titel\">Notre engagement<\/div>\n                                    <\/div>\n                                <\/div>\n                        <\/div>\n                    <\/div><\/div>\n            <\/div>\n        <\/section>[\/vc_column_text][\/vc_column][\/vc_row]<\/p>\n<\/div>","protected":false},"excerpt":{"rendered":"<p>Passage de \u00abPlus d\u2019espace pour moins d\u2019animaux\u00ae\u00bb \u00e0 \u00abPlus d\u2019espace pour la diversit\u00e9\u00bb<\/p>\n","protected":false},"author":1,"featured_media":24040,"parent":46114,"menu_order":0,"comment_status":"closed","ping_status":"closed","template":"","meta":{"_acf_changed":false,"footnotes":""},"class_list":["post-46088","page","type-page","status-publish","has-post-thumbnail","hentry"],"acf":[],"yoast_head":"<title>Notre devise | Tierpark Bern<\/title>\n<meta name=\"description\" content=\"Passage de \u00abPlus d\u2019espace pour moins d\u2019animaux\u00ae\u00bb \u00e0 \u00abPlus d\u2019espace pour la diversit\u00e9\u00bb\" \/>\n<meta name=\"robots\" content=\"index, follow, max-snippet:-1, max-image-preview:large, max-video-preview:-1\" \/>\n<link rel=\"canonical\" href=\"https:\/\/tierpark-bern.ch\/fr\/parc-zoologique-de-berne\/notre-devise\/\" \/>\n<meta property=\"og:locale\" content=\"fr_FR\" \/>\n<meta property=\"og:type\" content=\"article\" \/>\n<meta property=\"og:title\" content=\"Notre devise | Tierpark Bern\" \/>\n<meta property=\"og:description\" content=\"Passage de \u00abPlus d\u2019espace pour moins d\u2019animaux\u00ae\u00bb \u00e0 \u00abPlus d\u2019espace pour la diversit\u00e9\u00bb\" \/>\n<meta property=\"og:url\" content=\"https:\/\/tierpark-bern.ch\/fr\/parc-zoologique-de-berne\/notre-devise\/\" \/>\n<meta property=\"og:site_name\" content=\"Tierpark Bern\" \/>\n<meta property=\"article:publisher\" content=\"https:\/\/www.facebook.com\/tierparkbern\/\" \/>\n<meta property=\"article:modified_time\" content=\"2022-12-22T12:25:42+00:00\" \/>\n<meta property=\"og:image\" content=\"https:\/\/tierpark-bern.ch\/web\/app\/uploads\/2020\/07\/Anemonenfisch-2.jpg\" \/>\n\t<meta property=\"og:image:width\" content=\"1500\" \/>\n\t<meta property=\"og:image:height\" content=\"998\" \/>\n\t<meta property=\"og:image:type\" content=\"image\/jpeg\" \/>\n<script type=\"application\/ld+json\" class=\"yoast-schema-graph\">{\"@context\":\"https:\/\/schema.org\",\"@graph\":[{\"@type\":\"WebPage\",\"@id\":\"https:\/\/tierpark-bern.ch\/fr\/parc-zoologique-de-berne\/notre-devise\/\",\"url\":\"https:\/\/tierpark-bern.ch\/fr\/parc-zoologique-de-berne\/notre-devise\/\",\"name\":\"Notre devise | Tierpark Bern\",\"isPartOf\":{\"@id\":\"https:\/\/tierpark-bern.ch\/fr\/#website\"},\"primaryImageOfPage\":{\"@id\":\"https:\/\/tierpark-bern.ch\/fr\/parc-zoologique-de-berne\/notre-devise\/#primaryimage\"},\"image\":{\"@id\":\"https:\/\/tierpark-bern.ch\/fr\/parc-zoologique-de-berne\/notre-devise\/#primaryimage\"},\"thumbnailUrl\":\"https:\/\/tierpark-bern.ch\/web\/app\/uploads\/2020\/07\/Anemonenfisch-2.jpg\",\"datePublished\":\"2020-08-19T06:22:03+00:00\",\"dateModified\":\"2022-12-22T12:25:42+00:00\",\"description\":\"Passage de \u00abPlus d\u2019espace pour moins d\u2019animaux\u00ae\u00bb \u00e0 \u00abPlus d\u2019espace pour la diversit\u00e9\u00bb\",\"breadcrumb\":{\"@id\":\"https:\/\/tierpark-bern.ch\/fr\/parc-zoologique-de-berne\/notre-devise\/#breadcrumb\"},\"inLanguage\":\"fr-FR\",\"potentialAction\":[{\"@type\":\"ReadAction\",\"target\":[\"https:\/\/tierpark-bern.ch\/fr\/parc-zoologique-de-berne\/notre-devise\/\"]}]},{\"@type\":\"ImageObject\",\"inLanguage\":\"fr-FR\",\"@id\":\"https:\/\/tierpark-bern.ch\/fr\/parc-zoologique-de-berne\/notre-devise\/#primaryimage\",\"url\":\"https:\/\/tierpark-bern.ch\/web\/app\/uploads\/2020\/07\/Anemonenfisch-2.jpg\",\"contentUrl\":\"https:\/\/tierpark-bern.ch\/web\/app\/uploads\/2020\/07\/Anemonenfisch-2.jpg\",\"width\":1500,\"height\":998},{\"@type\":\"BreadcrumbList\",\"@id\":\"https:\/\/tierpark-bern.ch\/fr\/parc-zoologique-de-berne\/notre-devise\/#breadcrumb\",\"itemListElement\":[{\"@type\":\"ListItem\",\"position\":1,\"name\":\"Home\",\"item\":\"https:\/\/tierpark-bern.ch\/fr\/home\/\"},{\"@type\":\"ListItem\",\"position\":2,\"name\":\"Parc zoologique de Berne\",\"item\":\"https:\/\/tierpark-bern.ch\/fr\/parc-zoologique-de-berne\/\"},{\"@type\":\"ListItem\",\"position\":3,\"name\":\"Notre devise\"}]},{\"@type\":\"WebSite\",\"@id\":\"https:\/\/tierpark-bern.ch\/fr\/#website\",\"url\":\"https:\/\/tierpark-bern.ch\/fr\/\",\"name\":\"Tierpark Bern\",\"description\":\"\",\"publisher\":{\"@id\":\"https:\/\/tierpark-bern.ch\/fr\/#organization\"},\"potentialAction\":[{\"@type\":\"SearchAction\",\"target\":{\"@type\":\"EntryPoint\",\"urlTemplate\":\"https:\/\/tierpark-bern.ch\/fr\/?s={search_term_string}\"},\"query-input\":{\"@type\":\"PropertyValueSpecification\",\"valueRequired\":true,\"valueName\":\"search_term_string\"}}],\"inLanguage\":\"fr-FR\"},{\"@type\":\"Organization\",\"@id\":\"https:\/\/tierpark-bern.ch\/fr\/#organization\",\"name\":\"Tierpark Bern | D\u00e4hlh\u00f6lzli + B\u00e4renPark\",\"alternateName\":\"Tierpark Bern\",\"url\":\"https:\/\/tierpark-bern.ch\/fr\/\",\"logo\":{\"@type\":\"ImageObject\",\"inLanguage\":\"fr-FR\",\"@id\":\"https:\/\/tierpark-bern.ch\/fr\/#\/schema\/logo\/image\/\",\"url\":\"https:\/\/tierpark-bern.ch\/web\/app\/uploads\/2024\/04\/tierpark-bern-696x696-1.jpg\",\"contentUrl\":\"https:\/\/tierpark-bern.ch\/web\/app\/uploads\/2024\/04\/tierpark-bern-696x696-1.jpg\",\"width\":696,\"height\":696,\"caption\":\"Tierpark Bern | D\u00e4hlh\u00f6lzli + B\u00e4renPark\"},\"image\":{\"@id\":\"https:\/\/tierpark-bern.ch\/fr\/#\/schema\/logo\/image\/\"},\"sameAs\":[\"https:\/\/www.facebook.com\/tierparkbern\/\",\"https:\/\/x.com\/tierparkbern\",\"https:\/\/www.instagram.com\/tierparkbern\/\"]}]}<\/script>","yoast_head_json":{"title":"Notre devise | Tierpark Bern","description":"Passage de \u00abPlus d\u2019espace pour moins d\u2019animaux\u00ae\u00bb \u00e0 \u00abPlus d\u2019espace pour la diversit\u00e9\u00bb","robots":{"index":"index","follow":"follow","max-snippet":"max-snippet:-1","max-image-preview":"max-image-preview:large","max-video-preview":"max-video-preview:-1"},"canonical":"https:\/\/tierpark-bern.ch\/fr\/parc-zoologique-de-berne\/notre-devise\/","og_locale":"fr_FR","og_type":"article","og_title":"Notre devise | Tierpark Bern","og_description":"Passage de \u00abPlus d\u2019espace pour moins d\u2019animaux\u00ae\u00bb \u00e0 \u00abPlus d\u2019espace pour la diversit\u00e9\u00bb","og_url":"https:\/\/tierpark-bern.ch\/fr\/parc-zoologique-de-berne\/notre-devise\/","og_site_name":"Tierpark Bern","article_publisher":"https:\/\/www.facebook.com\/tierparkbern\/","article_modified_time":"2022-12-22T12:25:42+00:00","og_image":[{"width":1500,"height":998,"url":"https:\/\/tierpark-bern.ch\/web\/app\/uploads\/2020\/07\/Anemonenfisch-2.jpg","type":"image\/jpeg"}],"schema":{"@context":"https:\/\/schema.org","@graph":[{"@type":"WebPage","@id":"https:\/\/tierpark-bern.ch\/fr\/parc-zoologique-de-berne\/notre-devise\/","url":"https:\/\/tierpark-bern.ch\/fr\/parc-zoologique-de-berne\/notre-devise\/","name":"Notre devise | Tierpark Bern","isPartOf":{"@id":"https:\/\/tierpark-bern.ch\/fr\/#website"},"primaryImageOfPage":{"@id":"https:\/\/tierpark-bern.ch\/fr\/parc-zoologique-de-berne\/notre-devise\/#primaryimage"},"image":{"@id":"https:\/\/tierpark-bern.ch\/fr\/parc-zoologique-de-berne\/notre-devise\/#primaryimage"},"thumbnailUrl":"https:\/\/tierpark-bern.ch\/web\/app\/uploads\/2020\/07\/Anemonenfisch-2.jpg","datePublished":"2020-08-19T06:22:03+00:00","dateModified":"2022-12-22T12:25:42+00:00","description":"Passage de \u00abPlus d\u2019espace pour moins d\u2019animaux\u00ae\u00bb \u00e0 \u00abPlus d\u2019espace pour la diversit\u00e9\u00bb","breadcrumb":{"@id":"https:\/\/tierpark-bern.ch\/fr\/parc-zoologique-de-berne\/notre-devise\/#breadcrumb"},"inLanguage":"fr-FR","potentialAction":[{"@type":"ReadAction","target":["https:\/\/tierpark-bern.ch\/fr\/parc-zoologique-de-berne\/notre-devise\/"]}]},{"@type":"ImageObject","inLanguage":"fr-FR","@id":"https:\/\/tierpark-bern.ch\/fr\/parc-zoologique-de-berne\/notre-devise\/#primaryimage","url":"https:\/\/tierpark-bern.ch\/web\/app\/uploads\/2020\/07\/Anemonenfisch-2.jpg","contentUrl":"https:\/\/tierpark-bern.ch\/web\/app\/uploads\/2020\/07\/Anemonenfisch-2.jpg","width":1500,"height":998},{"@type":"BreadcrumbList","@id":"https:\/\/tierpark-bern.ch\/fr\/parc-zoologique-de-berne\/notre-devise\/#breadcrumb","itemListElement":[{"@type":"ListItem","position":1,"name":"Home","item":"https:\/\/tierpark-bern.ch\/fr\/home\/"},{"@type":"ListItem","position":2,"name":"Parc zoologique de Berne","item":"https:\/\/tierpark-bern.ch\/fr\/parc-zoologique-de-berne\/"},{"@type":"ListItem","position":3,"name":"Notre devise"}]},{"@type":"WebSite","@id":"https:\/\/tierpark-bern.ch\/fr\/#website","url":"https:\/\/tierpark-bern.ch\/fr\/","name":"Tierpark Bern","description":"","publisher":{"@id":"https:\/\/tierpark-bern.ch\/fr\/#organization"},"potentialAction":[{"@type":"SearchAction","target":{"@type":"EntryPoint","urlTemplate":"https:\/\/tierpark-bern.ch\/fr\/?s={search_term_string}"},"query-input":{"@type":"PropertyValueSpecification","valueRequired":true,"valueName":"search_term_string"}}],"inLanguage":"fr-FR"},{"@type":"Organization","@id":"https:\/\/tierpark-bern.ch\/fr\/#organization","name":"Tierpark Bern | D\u00e4hlh\u00f6lzli + B\u00e4renPark","alternateName":"Tierpark Bern","url":"https:\/\/tierpark-bern.ch\/fr\/","logo":{"@type":"ImageObject","inLanguage":"fr-FR","@id":"https:\/\/tierpark-bern.ch\/fr\/#\/schema\/logo\/image\/","url":"https:\/\/tierpark-bern.ch\/web\/app\/uploads\/2024\/04\/tierpark-bern-696x696-1.jpg","contentUrl":"https:\/\/tierpark-bern.ch\/web\/app\/uploads\/2024\/04\/tierpark-bern-696x696-1.jpg","width":696,"height":696,"caption":"Tierpark Bern | D\u00e4hlh\u00f6lzli + B\u00e4renPark"},"image":{"@id":"https:\/\/tierpark-bern.ch\/fr\/#\/schema\/logo\/image\/"},"sameAs":["https:\/\/www.facebook.com\/tierparkbern\/","https:\/\/x.com\/tierparkbern","https:\/\/www.instagram.com\/tierparkbern\/"]}]}},"_links":{"self":[{"href":"https:\/\/tierpark-bern.ch\/fr\/wp-json\/wp\/v2\/pages\/46088","targetHints":{"allow":["GET"]}}],"collection":[{"href":"https:\/\/tierpark-bern.ch\/fr\/wp-json\/wp\/v2\/pages"}],"about":[{"href":"https:\/\/tierpark-bern.ch\/fr\/wp-json\/wp\/v2\/types\/page"}],"author":[{"embeddable":true,"href":"https:\/\/tierpark-bern.ch\/fr\/wp-json\/wp\/v2\/users\/1"}],"replies":[{"embeddable":true,"href":"https:\/\/tierpark-bern.ch\/fr\/wp-json\/wp\/v2\/comments?post=46088"}],"version-history":[{"count":0,"href":"https:\/\/tierpark-bern.ch\/fr\/wp-json\/wp\/v2\/pages\/46088\/revisions"}],"up":[{"embeddable":true,"href":"https:\/\/tierpark-bern.ch\/fr\/wp-json\/wp\/v2\/pages\/46114"}],"wp:featuredmedia":[{"embeddable":true,"href":"https:\/\/tierpark-bern.ch\/fr\/wp-json\/wp\/v2\/media\/24040"}],"wp:attachment":[{"href":"https:\/\/tierpark-bern.ch\/fr\/wp-json\/wp\/v2\/media?parent=46088"}],"curies":[{"name":"wp","href":"https:\/\/api.w.org\/{rel}","templated":true}]}}