{"id":46095,"date":"2020-08-18T14:35:46","date_gmt":"2020-08-18T12:35:46","guid":{"rendered":"https:\/\/tierpark-bern.ch\/?page_id=46095"},"modified":"2023-07-03T12:36:24","modified_gmt":"2023-07-03T10:36:24","slug":"notre-engagement","status":"publish","type":"page","link":"https:\/\/tierpark-bern.ch\/fr\/parc-zoologique-de-berne\/notre-engagement\/","title":{"rendered":"Notre engagement"},"content":{"rendered":"<div class=\"wpb-content-wrapper\"><p>[vc_row][vc_column][vc_column_text]<\/p>\n<h1>Notre engagement<\/h1>\n<p>Le Parc zoologique de Berne assume sa responsabilit\u00e9 soci\u00e9tale et s\u2019engage par exemple dans les domaines du d\u00e9veloppement durable, de l\u2019inclusion, de la formation et pour bien d\u2019autres causes encore.[\/vc_column_text][\/vc_column][\/vc_row][vc_row css=&#8221;.vc_custom_1643956515816{margin-right: 0px !important;margin-left: 0px !important;padding-top: 35px !important;padding-right: 30px !important;padding-bottom: 35px !important;padding-left: 30px !important;background-color: #e5efee !important;}&#8221; el_class=&#8221;unser-engagement-main-section&#8221;][vc_column css=&#8221;.vc_custom_1633585281108{padding-top: 0px !important;}&#8221; el_class=&#8221;zoo-wrapper&#8221;][vc_row_inner equal_height=&#8221;yes&#8221; gap=&#8221;30&#8243;][vc_column_inner width=&#8221;1\/2&#8243; css=&#8221;.vc_custom_1629372311438{padding-top: 0px !important;padding-right: 0px !important;padding-bottom: 0px !important;padding-left: 0px !important;background-color: #006558 !important;}&#8221;][vc_single_image image=&#8221;25840&#8243; img_size=&#8221;540 x 320&#8243; alignment=&#8221;center&#8221; onclick=&#8221;custom_link&#8221; link=&#8221;https:\/\/tierpark-bern.ch\/fr\/parc-zoologique-de-berne\/notre-engagement\/dreamnight\/&#8221;][vc_column_text css=&#8221;.vc_custom_1660599018278{padding-right: 30px !important;padding-left: 30px !important;}&#8221;]<\/p>\n<div class=\"zoo-news-section\">\n<h2>Dreamnight<\/h2>\n<p>Le concept \u00abDreamnight at the Zoo\u00bb, lanc\u00e9 en 1996 au zoo de Rotterdam pour 175 enfants atteints du cancer, s\u2019est entre-temps r\u00e9pandu dans le monde entier.<\/p><\/div>\n<p>[\/vc_column_text][vc_btn title=&#8221;Dreamnight&#8221; style=&#8221;flat&#8221; shape=&#8221;square&#8221; color=&#8221;white&#8221; size=&#8221;lg&#8221; i_align=&#8221;right&#8221; i_icon_fontawesome=&#8221;fas fa-arrow-right&#8221; add_icon=&#8221;true&#8221; link=&#8221;url:https%3A%2F%2Ftierpark-bern.ch%2Ffr%2Fparc-zoologique-de-berne%2Fnotre-engagement%2Fdreamnight%2F&#8221; el_class=&#8221;btn-zoo&#8221; css=&#8221;.vc_custom_1660780999467{padding-right: 30px !important;padding-left: 30px !important;}&#8221;][\/vc_column_inner][vc_column_inner width=&#8221;1\/2&#8243; css=&#8221;.vc_custom_1629372434723{padding-top: 0px !important;padding-right: 0px !important;padding-bottom: 0px !important;padding-left: 0px !important;background-color: #006558 !important;}&#8221;][vc_single_image image=&#8221;24483&#8243; img_size=&#8221;540 x 320&#8243; alignment=&#8221;center&#8221; onclick=&#8221;custom_link&#8221; link=&#8221;https:\/\/tierpark-bern.ch\/fr\/parc-zoologique-de-berne\/notre-engagement\/developpement-durable\/&#8221;][vc_column_text css=&#8221;.vc_custom_1660599044512{padding-right: 30px !important;padding-left: 30px !important;}&#8221;]<\/p>\n<div class=\"zoo-news-section\">\n<h2>Durabilit\u00e9<\/h2>\n<p>Un d\u00e9veloppement durable est un d\u00e9veloppement qui r\u00e9pond aux besoins de la g\u00e9n\u00e9ration actuelle, sans compromettre la capacit\u00e9 des g\u00e9n\u00e9rations futures \u00e0 r\u00e9pondre aux leurs.<\/p><\/div>\n<p>[\/vc_column_text][vc_btn title=&#8221;Durabilit\u00e9&#8221; style=&#8221;flat&#8221; shape=&#8221;square&#8221; color=&#8221;white&#8221; size=&#8221;lg&#8221; i_align=&#8221;right&#8221; i_icon_fontawesome=&#8221;fas fa-arrow-right&#8221; add_icon=&#8221;true&#8221; link=&#8221;url:https%3A%2F%2Ftierpark-bern.ch%2Ffr%2Fparc-zoologique-de-berne%2Fnotre-engagement%2Fdeveloppement-durable%2F&#8221; el_class=&#8221;btn-zoo&#8221; css=&#8221;.vc_custom_1660781026546{padding-right: 30px !important;padding-left: 30px !important;}&#8221;][\/vc_column_inner][\/vc_row_inner][vc_row_inner equal_height=&#8221;yes&#8221; gap=&#8221;30&#8243;][vc_column_inner width=&#8221;1\/2&#8243; css=&#8221;.vc_custom_1629372311438{padding-top: 0px !important;padding-right: 0px !important;padding-bottom: 0px !important;padding-left: 0px !important;background-color: #006558 !important;}&#8221;][vc_single_image image=&#8221;23695&#8243; img_size=&#8221;540 x 320&#8243; alignment=&#8221;center&#8221; onclick=&#8221;custom_link&#8221; link=&#8221;https:\/\/tierpark-bern.ch\/zoobesuch\/barrierefreiheit\/&#8221;][vc_column_text css=&#8221;.vc_custom_1660599076802{padding-right: 30px !important;padding-left: 30px !important;}&#8221;]<\/p>\n<div class=\"zoo-news-section\">\n<h2>Accessibilit\u00e9<\/h2>\n<p>Comme lieu de loisirs ayant un r\u00f4le \u00e9ducatif, le parc zoologique de Berne s\u2019efforce de garantir une accessibilit\u00e9 sans encombre et de s\u2019am\u00e9liorer encore \u00e0 ce point de vue.<\/p><\/div>\n<p>[\/vc_column_text][vc_btn title=&#8221;Accessibilit\u00e9&#8221; style=&#8221;flat&#8221; shape=&#8221;square&#8221; color=&#8221;white&#8221; size=&#8221;lg&#8221; i_align=&#8221;right&#8221; i_icon_fontawesome=&#8221;fas fa-arrow-right&#8221; add_icon=&#8221;true&#8221; link=&#8221;url:https%3A%2F%2Ftierpark-bern.ch%2Ffr%2Fvisite-au-zoo%2Faccessibilite-du-parc-zoologique%2F&#8221; el_class=&#8221;btn-zoo&#8221; css=&#8221;.vc_custom_1660781043334{padding-right: 30px !important;padding-left: 30px !important;}&#8221;][\/vc_column_inner][vc_column_inner width=&#8221;1\/2&#8243; css=&#8221;.vc_custom_1629372434723{padding-top: 0px !important;padding-right: 0px !important;padding-bottom: 0px !important;padding-left: 0px !important;background-color: #006558 !important;}&#8221;][vc_single_image image=&#8221;19435&#8243; img_size=&#8221;540 x 320&#8243; alignment=&#8221;center&#8221; onclick=&#8221;custom_link&#8221; link=&#8221;https:\/\/tierpark-bern.ch\/bildung\/bildung-fuer-nachhaltige-entwicklung\/&#8221;][vc_column_text css=&#8221;.vc_custom_1661287733714{padding-right: 30px !important;padding-left: 30px !important;}&#8221;]<\/p>\n<div class=\"zoo-news-section\">\n<h2>Formation au d\u00e9veloppement durable<\/h2>\n<p>Le parc zoologique de Berne permet \u00e0 tous les visiteurs de se familiariser avec les animaux, leurs besoins et leur habitat, et de s\u2019informer sur la protection des esp\u00e8ces (en allemand seulement).<\/p><\/div>\n<p>[\/vc_column_text][vc_btn title=&#8221;Formation au d\u00e9veloppement durable&#8221; style=&#8221;flat&#8221; shape=&#8221;square&#8221; color=&#8221;white&#8221; size=&#8221;lg&#8221; i_align=&#8221;right&#8221; i_icon_fontawesome=&#8221;fas fa-arrow-right&#8221; add_icon=&#8221;true&#8221; link=&#8221;url:https%3A%2F%2Ftierpark-bern.ch%2Fbildung%2Fbildung-fuer-nachhaltige-entwicklung%2F&#8221; el_class=&#8221;btn-zoo&#8221; css=&#8221;.vc_custom_1688380568543{padding-right: 30px !important;padding-left: 30px !important;}&#8221;][\/vc_column_inner][\/vc_row_inner][\/vc_column][\/vc_row]<\/p>\n<\/div>","protected":false},"excerpt":{"rendered":"<p>Le Parc zoologique de Berne assume sa responsabilit\u00e9 soci\u00e9tale et s\u2019engage par exemple dans les domaines du d\u00e9veloppement durable.<\/p>\n","protected":false},"author":1,"featured_media":16935,"parent":46114,"menu_order":0,"comment_status":"closed","ping_status":"closed","template":"","meta":{"_acf_changed":false,"footnotes":""},"class_list":["post-46095","page","type-page","status-publish","has-post-thumbnail","hentry"],"acf":[],"yoast_head":"<title>Notre engagement | Tierpark Bern<\/title>\n<meta name=\"description\" content=\"Le Parc zoologique de Berne assume sa responsabilit\u00e9 soci\u00e9tale et s\u2019engage par exemple dans les domaines du d\u00e9veloppement durable.\" \/>\n<meta name=\"robots\" content=\"index, follow, max-snippet:-1, max-image-preview:large, max-video-preview:-1\" \/>\n<link rel=\"canonical\" href=\"https:\/\/tierpark-bern.ch\/fr\/parc-zoologique-de-berne\/notre-engagement\/\" \/>\n<meta property=\"og:locale\" content=\"fr_FR\" \/>\n<meta property=\"og:type\" content=\"article\" \/>\n<meta property=\"og:title\" content=\"Notre engagement | Tierpark Bern\" \/>\n<meta property=\"og:description\" content=\"Le Parc zoologique de Berne assume sa responsabilit\u00e9 soci\u00e9tale et s\u2019engage par exemple dans les domaines du d\u00e9veloppement durable.\" \/>\n<meta property=\"og:url\" content=\"https:\/\/tierpark-bern.ch\/fr\/parc-zoologique-de-berne\/notre-engagement\/\" \/>\n<meta property=\"og:site_name\" content=\"Tierpark Bern\" \/>\n<meta property=\"article:publisher\" content=\"https:\/\/www.facebook.com\/tierparkbern\/\" \/>\n<meta property=\"article:modified_time\" content=\"2023-07-03T10:36:24+00:00\" \/>\n<meta property=\"og:image\" content=\"https:\/\/tierpark-bern.ch\/web\/app\/uploads\/2021\/12\/dreamnight-tierpark-bern.jpeg\" \/>\n\t<meta property=\"og:image:width\" content=\"1280\" \/>\n\t<meta property=\"og:image:height\" content=\"853\" \/>\n\t<meta property=\"og:image:type\" content=\"image\/jpeg\" \/>\n<script type=\"application\/ld+json\" class=\"yoast-schema-graph\">{\"@context\":\"https:\/\/schema.org\",\"@graph\":[{\"@type\":\"WebPage\",\"@id\":\"https:\/\/tierpark-bern.ch\/fr\/parc-zoologique-de-berne\/notre-engagement\/\",\"url\":\"https:\/\/tierpark-bern.ch\/fr\/parc-zoologique-de-berne\/notre-engagement\/\",\"name\":\"Notre engagement | Tierpark Bern\",\"isPartOf\":{\"@id\":\"https:\/\/tierpark-bern.ch\/fr\/#website\"},\"primaryImageOfPage\":{\"@id\":\"https:\/\/tierpark-bern.ch\/fr\/parc-zoologique-de-berne\/notre-engagement\/#primaryimage\"},\"image\":{\"@id\":\"https:\/\/tierpark-bern.ch\/fr\/parc-zoologique-de-berne\/notre-engagement\/#primaryimage\"},\"thumbnailUrl\":\"https:\/\/tierpark-bern.ch\/web\/app\/uploads\/2021\/12\/dreamnight-tierpark-bern.jpeg\",\"datePublished\":\"2020-08-18T12:35:46+00:00\",\"dateModified\":\"2023-07-03T10:36:24+00:00\",\"description\":\"Le Parc zoologique de Berne assume sa responsabilit\u00e9 soci\u00e9tale et s\u2019engage par exemple dans les domaines du d\u00e9veloppement durable.\",\"breadcrumb\":{\"@id\":\"https:\/\/tierpark-bern.ch\/fr\/parc-zoologique-de-berne\/notre-engagement\/#breadcrumb\"},\"inLanguage\":\"fr-FR\",\"potentialAction\":[{\"@type\":\"ReadAction\",\"target\":[\"https:\/\/tierpark-bern.ch\/fr\/parc-zoologique-de-berne\/notre-engagement\/\"]}]},{\"@type\":\"ImageObject\",\"inLanguage\":\"fr-FR\",\"@id\":\"https:\/\/tierpark-bern.ch\/fr\/parc-zoologique-de-berne\/notre-engagement\/#primaryimage\",\"url\":\"https:\/\/tierpark-bern.ch\/web\/app\/uploads\/2021\/12\/dreamnight-tierpark-bern.jpeg\",\"contentUrl\":\"https:\/\/tierpark-bern.ch\/web\/app\/uploads\/2021\/12\/dreamnight-tierpark-bern.jpeg\",\"width\":1280,\"height\":853},{\"@type\":\"BreadcrumbList\",\"@id\":\"https:\/\/tierpark-bern.ch\/fr\/parc-zoologique-de-berne\/notre-engagement\/#breadcrumb\",\"itemListElement\":[{\"@type\":\"ListItem\",\"position\":1,\"name\":\"Home\",\"item\":\"https:\/\/tierpark-bern.ch\/fr\/home\/\"},{\"@type\":\"ListItem\",\"position\":2,\"name\":\"Parc zoologique de Berne\",\"item\":\"https:\/\/tierpark-bern.ch\/fr\/parc-zoologique-de-berne\/\"},{\"@type\":\"ListItem\",\"position\":3,\"name\":\"Notre engagement\"}]},{\"@type\":\"WebSite\",\"@id\":\"https:\/\/tierpark-bern.ch\/fr\/#website\",\"url\":\"https:\/\/tierpark-bern.ch\/fr\/\",\"name\":\"Tierpark Bern\",\"description\":\"\",\"publisher\":{\"@id\":\"https:\/\/tierpark-bern.ch\/fr\/#organization\"},\"potentialAction\":[{\"@type\":\"SearchAction\",\"target\":{\"@type\":\"EntryPoint\",\"urlTemplate\":\"https:\/\/tierpark-bern.ch\/fr\/?s={search_term_string}\"},\"query-input\":{\"@type\":\"PropertyValueSpecification\",\"valueRequired\":true,\"valueName\":\"search_term_string\"}}],\"inLanguage\":\"fr-FR\"},{\"@type\":\"Organization\",\"@id\":\"https:\/\/tierpark-bern.ch\/fr\/#organization\",\"name\":\"Tierpark Bern | D\u00e4hlh\u00f6lzli + B\u00e4renPark\",\"alternateName\":\"Tierpark Bern\",\"url\":\"https:\/\/tierpark-bern.ch\/fr\/\",\"logo\":{\"@type\":\"ImageObject\",\"inLanguage\":\"fr-FR\",\"@id\":\"https:\/\/tierpark-bern.ch\/fr\/#\/schema\/logo\/image\/\",\"url\":\"https:\/\/tierpark-bern.ch\/web\/app\/uploads\/2024\/04\/tierpark-bern-696x696-1.jpg\",\"contentUrl\":\"https:\/\/tierpark-bern.ch\/web\/app\/uploads\/2024\/04\/tierpark-bern-696x696-1.jpg\",\"width\":696,\"height\":696,\"caption\":\"Tierpark Bern | D\u00e4hlh\u00f6lzli + B\u00e4renPark\"},\"image\":{\"@id\":\"https:\/\/tierpark-bern.ch\/fr\/#\/schema\/logo\/image\/\"},\"sameAs\":[\"https:\/\/www.facebook.com\/tierparkbern\/\",\"https:\/\/x.com\/tierparkbern\",\"https:\/\/www.instagram.com\/tierparkbern\/\"]}]}<\/script>","yoast_head_json":{"title":"Notre engagement | Tierpark Bern","description":"Le Parc zoologique de Berne assume sa responsabilit\u00e9 soci\u00e9tale et s\u2019engage par exemple dans les domaines du d\u00e9veloppement durable.","robots":{"index":"index","follow":"follow","max-snippet":"max-snippet:-1","max-image-preview":"max-image-preview:large","max-video-preview":"max-video-preview:-1"},"canonical":"https:\/\/tierpark-bern.ch\/fr\/parc-zoologique-de-berne\/notre-engagement\/","og_locale":"fr_FR","og_type":"article","og_title":"Notre engagement | Tierpark Bern","og_description":"Le Parc zoologique de Berne assume sa responsabilit\u00e9 soci\u00e9tale et s\u2019engage par exemple dans les domaines du d\u00e9veloppement durable.","og_url":"https:\/\/tierpark-bern.ch\/fr\/parc-zoologique-de-berne\/notre-engagement\/","og_site_name":"Tierpark Bern","article_publisher":"https:\/\/www.facebook.com\/tierparkbern\/","article_modified_time":"2023-07-03T10:36:24+00:00","og_image":[{"width":1280,"height":853,"url":"https:\/\/tierpark-bern.ch\/web\/app\/uploads\/2021\/12\/dreamnight-tierpark-bern.jpeg","type":"image\/jpeg"}],"schema":{"@context":"https:\/\/schema.org","@graph":[{"@type":"WebPage","@id":"https:\/\/tierpark-bern.ch\/fr\/parc-zoologique-de-berne\/notre-engagement\/","url":"https:\/\/tierpark-bern.ch\/fr\/parc-zoologique-de-berne\/notre-engagement\/","name":"Notre engagement | Tierpark Bern","isPartOf":{"@id":"https:\/\/tierpark-bern.ch\/fr\/#website"},"primaryImageOfPage":{"@id":"https:\/\/tierpark-bern.ch\/fr\/parc-zoologique-de-berne\/notre-engagement\/#primaryimage"},"image":{"@id":"https:\/\/tierpark-bern.ch\/fr\/parc-zoologique-de-berne\/notre-engagement\/#primaryimage"},"thumbnailUrl":"https:\/\/tierpark-bern.ch\/web\/app\/uploads\/2021\/12\/dreamnight-tierpark-bern.jpeg","datePublished":"2020-08-18T12:35:46+00:00","dateModified":"2023-07-03T10:36:24+00:00","description":"Le Parc zoologique de Berne assume sa responsabilit\u00e9 soci\u00e9tale et s\u2019engage par exemple dans les domaines du d\u00e9veloppement durable.","breadcrumb":{"@id":"https:\/\/tierpark-bern.ch\/fr\/parc-zoologique-de-berne\/notre-engagement\/#breadcrumb"},"inLanguage":"fr-FR","potentialAction":[{"@type":"ReadAction","target":["https:\/\/tierpark-bern.ch\/fr\/parc-zoologique-de-berne\/notre-engagement\/"]}]},{"@type":"ImageObject","inLanguage":"fr-FR","@id":"https:\/\/tierpark-bern.ch\/fr\/parc-zoologique-de-berne\/notre-engagement\/#primaryimage","url":"https:\/\/tierpark-bern.ch\/web\/app\/uploads\/2021\/12\/dreamnight-tierpark-bern.jpeg","contentUrl":"https:\/\/tierpark-bern.ch\/web\/app\/uploads\/2021\/12\/dreamnight-tierpark-bern.jpeg","width":1280,"height":853},{"@type":"BreadcrumbList","@id":"https:\/\/tierpark-bern.ch\/fr\/parc-zoologique-de-berne\/notre-engagement\/#breadcrumb","itemListElement":[{"@type":"ListItem","position":1,"name":"Home","item":"https:\/\/tierpark-bern.ch\/fr\/home\/"},{"@type":"ListItem","position":2,"name":"Parc zoologique de Berne","item":"https:\/\/tierpark-bern.ch\/fr\/parc-zoologique-de-berne\/"},{"@type":"ListItem","position":3,"name":"Notre engagement"}]},{"@type":"WebSite","@id":"https:\/\/tierpark-bern.ch\/fr\/#website","url":"https:\/\/tierpark-bern.ch\/fr\/","name":"Tierpark Bern","description":"","publisher":{"@id":"https:\/\/tierpark-bern.ch\/fr\/#organization"},"potentialAction":[{"@type":"SearchAction","target":{"@type":"EntryPoint","urlTemplate":"https:\/\/tierpark-bern.ch\/fr\/?s={search_term_string}"},"query-input":{"@type":"PropertyValueSpecification","valueRequired":true,"valueName":"search_term_string"}}],"inLanguage":"fr-FR"},{"@type":"Organization","@id":"https:\/\/tierpark-bern.ch\/fr\/#organization","name":"Tierpark Bern | D\u00e4hlh\u00f6lzli + B\u00e4renPark","alternateName":"Tierpark Bern","url":"https:\/\/tierpark-bern.ch\/fr\/","logo":{"@type":"ImageObject","inLanguage":"fr-FR","@id":"https:\/\/tierpark-bern.ch\/fr\/#\/schema\/logo\/image\/","url":"https:\/\/tierpark-bern.ch\/web\/app\/uploads\/2024\/04\/tierpark-bern-696x696-1.jpg","contentUrl":"https:\/\/tierpark-bern.ch\/web\/app\/uploads\/2024\/04\/tierpark-bern-696x696-1.jpg","width":696,"height":696,"caption":"Tierpark Bern | D\u00e4hlh\u00f6lzli + B\u00e4renPark"},"image":{"@id":"https:\/\/tierpark-bern.ch\/fr\/#\/schema\/logo\/image\/"},"sameAs":["https:\/\/www.facebook.com\/tierparkbern\/","https:\/\/x.com\/tierparkbern","https:\/\/www.instagram.com\/tierparkbern\/"]}]}},"_links":{"self":[{"href":"https:\/\/tierpark-bern.ch\/fr\/wp-json\/wp\/v2\/pages\/46095","targetHints":{"allow":["GET"]}}],"collection":[{"href":"https:\/\/tierpark-bern.ch\/fr\/wp-json\/wp\/v2\/pages"}],"about":[{"href":"https:\/\/tierpark-bern.ch\/fr\/wp-json\/wp\/v2\/types\/page"}],"author":[{"embeddable":true,"href":"https:\/\/tierpark-bern.ch\/fr\/wp-json\/wp\/v2\/users\/1"}],"replies":[{"embeddable":true,"href":"https:\/\/tierpark-bern.ch\/fr\/wp-json\/wp\/v2\/comments?post=46095"}],"version-history":[{"count":0,"href":"https:\/\/tierpark-bern.ch\/fr\/wp-json\/wp\/v2\/pages\/46095\/revisions"}],"up":[{"embeddable":true,"href":"https:\/\/tierpark-bern.ch\/fr\/wp-json\/wp\/v2\/pages\/46114"}],"wp:featuredmedia":[{"embeddable":true,"href":"https:\/\/tierpark-bern.ch\/fr\/wp-json\/wp\/v2\/media\/16935"}],"wp:attachment":[{"href":"https:\/\/tierpark-bern.ch\/fr\/wp-json\/wp\/v2\/media?parent=46095"}],"curies":[{"name":"wp","href":"https:\/\/api.w.org\/{rel}","templated":true}]}}