{"id":46107,"date":"2020-08-27T10:02:53","date_gmt":"2020-08-27T08:02:53","guid":{"rendered":"https:\/\/tierpark-bern.ch\/?page_id=46107"},"modified":"2022-10-23T22:21:29","modified_gmt":"2022-10-23T20:21:29","slug":"personne-de-contact","status":"publish","type":"page","link":"https:\/\/tierpark-bern.ch\/fr\/parc-zoologique-de-berne\/personne-de-contact\/","title":{"rendered":"Personne de contact"},"content":{"rendered":"<div class=\"wpb-content-wrapper\"><p>[vc_row][vc_column][vc_column_text]<\/p>\n<h1>Nous sommes l\u00e0 pour vous!<\/h1>\n<p>L\u2019\u00e9quipe du parc zoologique de Berne veille au bien-\u00eatre des animaux ainsi que des visiteurs en faisant preuve d\u2019enthousiasme, d\u2019\u00e9gards et d\u2019expertise au profit de ce pr\u00e9cieux espace de diversit\u00e9.[\/vc_column_text][\/vc_column][\/vc_row][vc_row][vc_column][vc_column_text el_class=&#8221;partner-box&#8221;]<\/p>\n<div class=\"person-list\"><strong>Directrice: <span style=\"color: #006558;\">Dr. Friederike von Houwald<\/span><\/strong><\/div>\n<div class=\"person-list\"><strong>Directeur suppl\u00e9ant et responsable de la section Projets: <span style=\"color: #006558;\">J\u00fcrg Hadorn<\/span><\/strong><br \/>\nTeam Projekte<\/div>\n<div class=\"person-list\"><strong>V\u00e9t\u00e9rinaire: <span style=\"color: #006558;\">Dr. Stefan Hoby<\/span><\/strong><\/div>\n<div class=\"person-list\"><strong>Conservatrice et coresponsable de la section Animaux: <span style=\"color: #006558;\">Meret Huwiler<\/span><\/strong><br \/>\n\u00c9quipe de soins aux animaux n\u00b0 1<\/div>\n<div class=\"person-list\"><strong>Conservatrice et coresponsable de la section Animaux: <span style=\"color: #006558;\">Dina Gebhardt<\/span><\/strong><br \/>\n\u00c9quipe de soins aux animaux n\u00b0 2<\/div>\n<div class=\"person-list\"><strong>Responsable de la section Communication et marketing: <span style=\"color: #006558;\">Dr. Doris Slezak<\/span><\/strong><br \/>\n\u00c9quipe Communication et marketing<\/div>\n<div class=\"person-list\"><strong>Responsable de la section Personnel et finances: <span style=\"color: #006558;\">Manuela K\u00fcnzi<\/span><br \/>\n<\/strong>\u00c9quipe Personnel et finances et \u00e9quipe de la caisse<\/div>\n<div class=\"person-list\"><strong>Responsable de la section Formation et exp\u00e9riences: <span style=\"color: #006558;\">Cornelia Mainini<\/span><\/strong><br \/>\n\u00c9quipe Formation et exp\u00e9riences<br \/>\n\u00c9quipe de b\u00e9n\u00e9voles du D\u00e4hlh\u00f6lzli<\/div>\n<div class=\"person-list\"><strong>Responsable de la section Parc aux ours: <span style=\"color: #006558;\">Peter Schlup<\/span><\/strong><br \/>\n\u00c9quipe de b\u00e9n\u00e9voles du Parc aux ours<\/div>\n<p>[\/vc_column_text][vc_column_text]<a class=\"button button--primary button--tierpark\" title=\"Organigramm Tierpark Bern\" href=\"https:\/\/tierpark-bern.ch\/web\/app\/uploads\/2020\/07\/Organigramm-Tierpark-Bern-2022.pdf\" target=\"_blank\" rel=\"noopener noreferrer\">L&#8217;organigramme (PDF, 449 KB, pas accessible \u00e0 tous)<\/a>[\/vc_column_text][\/vc_column][\/vc_row][vc_row][vc_column][vc_column_text]<section class=\"section no-padding-bottom page-suggestion-container\">\n            <div class=\"container\">\n                <div class=\"row bottom-50\">\n                    <div class=\"col-12\">\n                        <div class=\"heading heading--primary heading--center\">\n                            <h2 class=\"heading__title no-margin-bottom\"><span>Autres Th\u00e8mes<\/span><\/h2>\n                        <\/div>\n                    <\/div>\n                <\/div>\n                <div class=\"row\"><div class=\"col-md-6 col-xl-4 \">\n                        <div class=\"service-content\" tabindex=\"0\" role=\"link\" onclick=\"suggestionLinkfunction(this);\" data-href=\"https:\/\/tierpark-bern.ch\/fr\/parc-zoologique-de-berne\/contact\/\">\n                            <img decoding=\"async\" src=\"https:\/\/tierpark-bern.ch\/web\/app\/uploads\/2020\/07\/tierpark-bern-daehlhoelzli-zoo-323-386x230.jpg\" alt=\"\"\/>\n                                <div class=\"service-desc\">\n                                    <div class=\"vcenter\">\n                                        <div class=\"titel\">Contact<\/div>\n                                    <\/div>\n                                <\/div>\n                        <\/div>\n                    <\/div><div class=\"col-md-6 col-xl-4 \">\n                        <div class=\"service-content\" tabindex=\"0\" role=\"link\" onclick=\"suggestionLinkfunction(this);\" data-href=\"https:\/\/tierpark-bern.ch\/fr\/parc-zoologique-de-berne\/notre-histoire\/\">\n                            <img decoding=\"async\" src=\"https:\/\/tierpark-bern.ch\/web\/app\/uploads\/2020\/07\/historische-bilder-tierpark-bern-waschbaer-386x230.jpg\" alt=\"\"\/>\n                                <div class=\"service-desc\">\n                                    <div class=\"vcenter\">\n                                        <div class=\"titel\">Notre histoire<\/div>\n                                    <\/div>\n                                <\/div>\n                        <\/div>\n                    <\/div><div class=\"col-md-6 col-xl-4 \">\n                        <div class=\"service-content\" tabindex=\"0\" role=\"link\" onclick=\"suggestionLinkfunction(this);\" data-href=\"https:\/\/tierpark-bern.ch\/fr\/parc-zoologique-de-berne\/organisation\/\">\n                            <img decoding=\"async\" src=\"https:\/\/tierpark-bern.ch\/web\/app\/uploads\/2022\/04\/wolf-tierpark-bern-2-2-386x230.jpg\" alt=\"\"\/>\n                                <div class=\"service-desc\">\n                                    <div class=\"vcenter\">\n                                        <div class=\"titel\">Organisation<\/div>\n                                    <\/div>\n                                <\/div>\n                        <\/div>\n                    <\/div><\/div>\n            <\/div>\n        <\/section>[\/vc_column_text][\/vc_column][\/vc_row]<\/p>\n<\/div>","protected":false},"excerpt":{"rendered":"<p>L\u2019\u00e9quipe du parc zoologique de Berne veille au bien-\u00eatre des animaux ainsi que des visiteurs en faisant preuve d\u2019enthousiasme.<\/p>\n","protected":false},"author":1,"featured_media":24346,"parent":46114,"menu_order":0,"comment_status":"closed","ping_status":"closed","template":"","meta":{"_acf_changed":false,"footnotes":""},"class_list":["post-46107","page","type-page","status-publish","has-post-thumbnail","hentry"],"acf":[],"yoast_head":"<title>Personne de contact | Tierpark Bern<\/title>\n<meta name=\"description\" content=\"L\u2019\u00e9quipe du parc zoologique de Berne veille au bien-\u00eatre des animaux ainsi que des visiteurs en faisant preuve d\u2019enthousiasme.\" \/>\n<meta name=\"robots\" content=\"index, follow, max-snippet:-1, max-image-preview:large, max-video-preview:-1\" \/>\n<link rel=\"canonical\" href=\"https:\/\/tierpark-bern.ch\/fr\/parc-zoologique-de-berne\/personne-de-contact\/\" \/>\n<meta property=\"og:locale\" content=\"fr_FR\" \/>\n<meta property=\"og:type\" content=\"article\" \/>\n<meta property=\"og:title\" content=\"Personne de contact | Tierpark Bern\" \/>\n<meta property=\"og:description\" content=\"L\u2019\u00e9quipe du parc zoologique de Berne veille au bien-\u00eatre des animaux ainsi que des visiteurs en faisant preuve d\u2019enthousiasme.\" \/>\n<meta property=\"og:url\" content=\"https:\/\/tierpark-bern.ch\/fr\/parc-zoologique-de-berne\/personne-de-contact\/\" \/>\n<meta property=\"og:site_name\" content=\"Tierpark Bern\" \/>\n<meta property=\"article:publisher\" content=\"https:\/\/www.facebook.com\/tierparkbern\/\" \/>\n<meta property=\"article:modified_time\" content=\"2022-10-23T20:21:29+00:00\" \/>\n<meta property=\"og:image\" content=\"https:\/\/tierpark-bern.ch\/web\/app\/uploads\/2020\/07\/braun-bear.jpg\" \/>\n\t<meta property=\"og:image:width\" content=\"1500\" \/>\n\t<meta property=\"og:image:height\" content=\"998\" \/>\n\t<meta property=\"og:image:type\" content=\"image\/jpeg\" \/>\n<script type=\"application\/ld+json\" class=\"yoast-schema-graph\">{\"@context\":\"https:\/\/schema.org\",\"@graph\":[{\"@type\":\"WebPage\",\"@id\":\"https:\/\/tierpark-bern.ch\/fr\/parc-zoologique-de-berne\/personne-de-contact\/\",\"url\":\"https:\/\/tierpark-bern.ch\/fr\/parc-zoologique-de-berne\/personne-de-contact\/\",\"name\":\"Personne de contact | Tierpark Bern\",\"isPartOf\":{\"@id\":\"https:\/\/tierpark-bern.ch\/fr\/#website\"},\"primaryImageOfPage\":{\"@id\":\"https:\/\/tierpark-bern.ch\/fr\/parc-zoologique-de-berne\/personne-de-contact\/#primaryimage\"},\"image\":{\"@id\":\"https:\/\/tierpark-bern.ch\/fr\/parc-zoologique-de-berne\/personne-de-contact\/#primaryimage\"},\"thumbnailUrl\":\"https:\/\/tierpark-bern.ch\/web\/app\/uploads\/2020\/07\/braun-bear.jpg\",\"datePublished\":\"2020-08-27T08:02:53+00:00\",\"dateModified\":\"2022-10-23T20:21:29+00:00\",\"description\":\"L\u2019\u00e9quipe du parc zoologique de Berne veille au bien-\u00eatre des animaux ainsi que des visiteurs en faisant preuve d\u2019enthousiasme.\",\"breadcrumb\":{\"@id\":\"https:\/\/tierpark-bern.ch\/fr\/parc-zoologique-de-berne\/personne-de-contact\/#breadcrumb\"},\"inLanguage\":\"fr-FR\",\"potentialAction\":[{\"@type\":\"ReadAction\",\"target\":[\"https:\/\/tierpark-bern.ch\/fr\/parc-zoologique-de-berne\/personne-de-contact\/\"]}]},{\"@type\":\"ImageObject\",\"inLanguage\":\"fr-FR\",\"@id\":\"https:\/\/tierpark-bern.ch\/fr\/parc-zoologique-de-berne\/personne-de-contact\/#primaryimage\",\"url\":\"https:\/\/tierpark-bern.ch\/web\/app\/uploads\/2020\/07\/braun-bear.jpg\",\"contentUrl\":\"https:\/\/tierpark-bern.ch\/web\/app\/uploads\/2020\/07\/braun-bear.jpg\",\"width\":1500,\"height\":998},{\"@type\":\"BreadcrumbList\",\"@id\":\"https:\/\/tierpark-bern.ch\/fr\/parc-zoologique-de-berne\/personne-de-contact\/#breadcrumb\",\"itemListElement\":[{\"@type\":\"ListItem\",\"position\":1,\"name\":\"Home\",\"item\":\"https:\/\/tierpark-bern.ch\/fr\/home\/\"},{\"@type\":\"ListItem\",\"position\":2,\"name\":\"Parc zoologique de Berne\",\"item\":\"https:\/\/tierpark-bern.ch\/fr\/parc-zoologique-de-berne\/\"},{\"@type\":\"ListItem\",\"position\":3,\"name\":\"Personne de contact\"}]},{\"@type\":\"WebSite\",\"@id\":\"https:\/\/tierpark-bern.ch\/fr\/#website\",\"url\":\"https:\/\/tierpark-bern.ch\/fr\/\",\"name\":\"Tierpark Bern\",\"description\":\"\",\"publisher\":{\"@id\":\"https:\/\/tierpark-bern.ch\/fr\/#organization\"},\"potentialAction\":[{\"@type\":\"SearchAction\",\"target\":{\"@type\":\"EntryPoint\",\"urlTemplate\":\"https:\/\/tierpark-bern.ch\/fr\/?s={search_term_string}\"},\"query-input\":{\"@type\":\"PropertyValueSpecification\",\"valueRequired\":true,\"valueName\":\"search_term_string\"}}],\"inLanguage\":\"fr-FR\"},{\"@type\":\"Organization\",\"@id\":\"https:\/\/tierpark-bern.ch\/fr\/#organization\",\"name\":\"Tierpark Bern | D\u00e4hlh\u00f6lzli + B\u00e4renPark\",\"alternateName\":\"Tierpark Bern\",\"url\":\"https:\/\/tierpark-bern.ch\/fr\/\",\"logo\":{\"@type\":\"ImageObject\",\"inLanguage\":\"fr-FR\",\"@id\":\"https:\/\/tierpark-bern.ch\/fr\/#\/schema\/logo\/image\/\",\"url\":\"https:\/\/tierpark-bern.ch\/web\/app\/uploads\/2024\/04\/tierpark-bern-696x696-1.jpg\",\"contentUrl\":\"https:\/\/tierpark-bern.ch\/web\/app\/uploads\/2024\/04\/tierpark-bern-696x696-1.jpg\",\"width\":696,\"height\":696,\"caption\":\"Tierpark Bern | D\u00e4hlh\u00f6lzli + B\u00e4renPark\"},\"image\":{\"@id\":\"https:\/\/tierpark-bern.ch\/fr\/#\/schema\/logo\/image\/\"},\"sameAs\":[\"https:\/\/www.facebook.com\/tierparkbern\/\",\"https:\/\/x.com\/tierparkbern\",\"https:\/\/www.instagram.com\/tierparkbern\/\"]}]}<\/script>","yoast_head_json":{"title":"Personne de contact | Tierpark Bern","description":"L\u2019\u00e9quipe du parc zoologique de Berne veille au bien-\u00eatre des animaux ainsi que des visiteurs en faisant preuve d\u2019enthousiasme.","robots":{"index":"index","follow":"follow","max-snippet":"max-snippet:-1","max-image-preview":"max-image-preview:large","max-video-preview":"max-video-preview:-1"},"canonical":"https:\/\/tierpark-bern.ch\/fr\/parc-zoologique-de-berne\/personne-de-contact\/","og_locale":"fr_FR","og_type":"article","og_title":"Personne de contact | Tierpark Bern","og_description":"L\u2019\u00e9quipe du parc zoologique de Berne veille au bien-\u00eatre des animaux ainsi que des visiteurs en faisant preuve d\u2019enthousiasme.","og_url":"https:\/\/tierpark-bern.ch\/fr\/parc-zoologique-de-berne\/personne-de-contact\/","og_site_name":"Tierpark Bern","article_publisher":"https:\/\/www.facebook.com\/tierparkbern\/","article_modified_time":"2022-10-23T20:21:29+00:00","og_image":[{"width":1500,"height":998,"url":"https:\/\/tierpark-bern.ch\/web\/app\/uploads\/2020\/07\/braun-bear.jpg","type":"image\/jpeg"}],"schema":{"@context":"https:\/\/schema.org","@graph":[{"@type":"WebPage","@id":"https:\/\/tierpark-bern.ch\/fr\/parc-zoologique-de-berne\/personne-de-contact\/","url":"https:\/\/tierpark-bern.ch\/fr\/parc-zoologique-de-berne\/personne-de-contact\/","name":"Personne de contact | Tierpark Bern","isPartOf":{"@id":"https:\/\/tierpark-bern.ch\/fr\/#website"},"primaryImageOfPage":{"@id":"https:\/\/tierpark-bern.ch\/fr\/parc-zoologique-de-berne\/personne-de-contact\/#primaryimage"},"image":{"@id":"https:\/\/tierpark-bern.ch\/fr\/parc-zoologique-de-berne\/personne-de-contact\/#primaryimage"},"thumbnailUrl":"https:\/\/tierpark-bern.ch\/web\/app\/uploads\/2020\/07\/braun-bear.jpg","datePublished":"2020-08-27T08:02:53+00:00","dateModified":"2022-10-23T20:21:29+00:00","description":"L\u2019\u00e9quipe du parc zoologique de Berne veille au bien-\u00eatre des animaux ainsi que des visiteurs en faisant preuve d\u2019enthousiasme.","breadcrumb":{"@id":"https:\/\/tierpark-bern.ch\/fr\/parc-zoologique-de-berne\/personne-de-contact\/#breadcrumb"},"inLanguage":"fr-FR","potentialAction":[{"@type":"ReadAction","target":["https:\/\/tierpark-bern.ch\/fr\/parc-zoologique-de-berne\/personne-de-contact\/"]}]},{"@type":"ImageObject","inLanguage":"fr-FR","@id":"https:\/\/tierpark-bern.ch\/fr\/parc-zoologique-de-berne\/personne-de-contact\/#primaryimage","url":"https:\/\/tierpark-bern.ch\/web\/app\/uploads\/2020\/07\/braun-bear.jpg","contentUrl":"https:\/\/tierpark-bern.ch\/web\/app\/uploads\/2020\/07\/braun-bear.jpg","width":1500,"height":998},{"@type":"BreadcrumbList","@id":"https:\/\/tierpark-bern.ch\/fr\/parc-zoologique-de-berne\/personne-de-contact\/#breadcrumb","itemListElement":[{"@type":"ListItem","position":1,"name":"Home","item":"https:\/\/tierpark-bern.ch\/fr\/home\/"},{"@type":"ListItem","position":2,"name":"Parc zoologique de Berne","item":"https:\/\/tierpark-bern.ch\/fr\/parc-zoologique-de-berne\/"},{"@type":"ListItem","position":3,"name":"Personne de contact"}]},{"@type":"WebSite","@id":"https:\/\/tierpark-bern.ch\/fr\/#website","url":"https:\/\/tierpark-bern.ch\/fr\/","name":"Tierpark Bern","description":"","publisher":{"@id":"https:\/\/tierpark-bern.ch\/fr\/#organization"},"potentialAction":[{"@type":"SearchAction","target":{"@type":"EntryPoint","urlTemplate":"https:\/\/tierpark-bern.ch\/fr\/?s={search_term_string}"},"query-input":{"@type":"PropertyValueSpecification","valueRequired":true,"valueName":"search_term_string"}}],"inLanguage":"fr-FR"},{"@type":"Organization","@id":"https:\/\/tierpark-bern.ch\/fr\/#organization","name":"Tierpark Bern | D\u00e4hlh\u00f6lzli + B\u00e4renPark","alternateName":"Tierpark Bern","url":"https:\/\/tierpark-bern.ch\/fr\/","logo":{"@type":"ImageObject","inLanguage":"fr-FR","@id":"https:\/\/tierpark-bern.ch\/fr\/#\/schema\/logo\/image\/","url":"https:\/\/tierpark-bern.ch\/web\/app\/uploads\/2024\/04\/tierpark-bern-696x696-1.jpg","contentUrl":"https:\/\/tierpark-bern.ch\/web\/app\/uploads\/2024\/04\/tierpark-bern-696x696-1.jpg","width":696,"height":696,"caption":"Tierpark Bern | D\u00e4hlh\u00f6lzli + B\u00e4renPark"},"image":{"@id":"https:\/\/tierpark-bern.ch\/fr\/#\/schema\/logo\/image\/"},"sameAs":["https:\/\/www.facebook.com\/tierparkbern\/","https:\/\/x.com\/tierparkbern","https:\/\/www.instagram.com\/tierparkbern\/"]}]}},"_links":{"self":[{"href":"https:\/\/tierpark-bern.ch\/fr\/wp-json\/wp\/v2\/pages\/46107","targetHints":{"allow":["GET"]}}],"collection":[{"href":"https:\/\/tierpark-bern.ch\/fr\/wp-json\/wp\/v2\/pages"}],"about":[{"href":"https:\/\/tierpark-bern.ch\/fr\/wp-json\/wp\/v2\/types\/page"}],"author":[{"embeddable":true,"href":"https:\/\/tierpark-bern.ch\/fr\/wp-json\/wp\/v2\/users\/1"}],"replies":[{"embeddable":true,"href":"https:\/\/tierpark-bern.ch\/fr\/wp-json\/wp\/v2\/comments?post=46107"}],"version-history":[{"count":0,"href":"https:\/\/tierpark-bern.ch\/fr\/wp-json\/wp\/v2\/pages\/46107\/revisions"}],"up":[{"embeddable":true,"href":"https:\/\/tierpark-bern.ch\/fr\/wp-json\/wp\/v2\/pages\/46114"}],"wp:featuredmedia":[{"embeddable":true,"href":"https:\/\/tierpark-bern.ch\/fr\/wp-json\/wp\/v2\/media\/24346"}],"wp:attachment":[{"href":"https:\/\/tierpark-bern.ch\/fr\/wp-json\/wp\/v2\/media?parent=46107"}],"curies":[{"name":"wp","href":"https:\/\/api.w.org\/{rel}","templated":true}]}}