{"id":46114,"date":"2020-08-19T08:15:55","date_gmt":"2020-08-19T06:15:55","guid":{"rendered":"https:\/\/tierpark-bern.ch\/?page_id=46114"},"modified":"2022-10-26T23:30:52","modified_gmt":"2022-10-26T21:30:52","slug":"parc-zoologique-de-berne","status":"publish","type":"page","link":"https:\/\/tierpark-bern.ch\/fr\/parc-zoologique-de-berne\/","title":{"rendered":"Parc zoologique de Berne"},"content":{"rendered":"<div class=\"wpb-content-wrapper\"><p>[vc_row][vc_column][vc_column_text]<\/p>\n<h1>Parc zoologique de Berne<\/h1>\n<p>Le parc zoologique de Berne est le zoo public de la ville. Il s\u2019agit d\u2019un lieu de d\u00e9tente et de formation, offrant aux enfants comme aux adultes de nombreuses possibilit\u00e9s de d\u00e9couvrir la nature. Le Parc zoologique de Berne se compose du parc animalier situ\u00e9 dans la for\u00eat du D\u00e4hlh\u00f6lzli (que les Bernoises et Bernois nomment dans un raccourci affectueux \u00able D\u00e4hlh\u00f6lzli\u00bb) et du Parc aux ours, s\u00e9par\u00e9 physiquement du reste du zoo.<\/p>\n<p>Depuis des ann\u00e9es, le bien-\u00eatre des animaux a la priorit\u00e9 absolue. Les animaux sauvages doivent pouvoir pratiquer le plus grand nombre possible de leurs activit\u00e9s habituelles et adopter leur comportement naturel. Les enclos sont spacieux, structur\u00e9s en fonction des besoins des animaux et am\u00e9nag\u00e9s de mani\u00e8re naturelle, et entretenus avec soin.<\/p>\n<p>Le parc zoologique comprend une partie accessible au public, form\u00e9e des enclos situ\u00e9s le long de l\u2019Aar, ainsi qu\u2019une partie payante o\u00f9 vivent les esp\u00e8ces nordiques ou exotiques.[\/vc_column_text][\/vc_column][\/vc_row][vc_row css=&#8221;.vc_custom_1643956435062{margin-right: 0px !important;margin-left: 0px !important;padding-top: 35px !important;padding-right: 30px !important;padding-bottom: 35px !important;padding-left: 30px !important;background-color: #e5efee !important;}&#8221; el_class=&#8221;ueber-uns-main-section&#8221;][vc_column css=&#8221;.vc_custom_1633524751907{padding-top: 0px !important;}&#8221; el_class=&#8221;zoo-wrapper&#8221;][vc_row_inner equal_height=&#8221;yes&#8221; gap=&#8221;30&#8243;][vc_column_inner width=&#8221;1\/3&#8243; css=&#8221;.vc_custom_1629372311438{padding-top: 0px !important;padding-right: 0px !important;padding-bottom: 0px !important;padding-left: 0px !important;background-color: #006558 !important;}&#8221;][vc_single_image image=&#8221;20237&#8243; img_size=&#8221;540 x 320&#8243; alignment=&#8221;center&#8221; onclick=&#8221;custom_link&#8221; link=&#8221;https:\/\/tierpark-bern.ch\/fr\/parc-zoologique-de-berne\/notre-devise\/&#8221;][vc_column_text css=&#8221;.vc_custom_1660601583051{padding-right: 30px !important;padding-left: 30px !important;}&#8221; el_class=&#8221;zoo-news-section&#8221;]<\/p>\n<div class=\"zoo-news-section\">\n<h2>Mission<\/h2>\n<p>Le Parc zoologique transmet des connaissances sur les animaux, en abordant la menace de destruction de leur habitat naturel, et contribue \u00e0 la biodiversit\u00e9.<\/p><\/div>\n<p>[\/vc_column_text][vc_btn title=&#8221;Mission&#8221; style=&#8221;flat&#8221; shape=&#8221;square&#8221; color=&#8221;white&#8221; size=&#8221;lg&#8221; i_align=&#8221;right&#8221; i_icon_fontawesome=&#8221;fas fa-arrow-right&#8221; add_icon=&#8221;true&#8221; link=&#8221;url:https%3A%2F%2Ftierpark-bern.ch%2Ffr%2Fparc-zoologique-de-berne%2Fnotre-devise%2F&#8221; el_class=&#8221;btn-zoo&#8221; css=&#8221;.vc_custom_1660781174002{padding-right: 30px !important;padding-left: 30px !important;}&#8221;][\/vc_column_inner][vc_column_inner width=&#8221;1\/3&#8243; css=&#8221;.vc_custom_1629372434723{padding-top: 0px !important;padding-right: 0px !important;padding-bottom: 0px !important;padding-left: 0px !important;background-color: #006558 !important;}&#8221;][vc_single_image image=&#8221;22850&#8243; img_size=&#8221;540 x 320&#8243; alignment=&#8221;center&#8221; onclick=&#8221;custom_link&#8221; link=&#8221;https:\/\/tierpark-bern.ch\/fr\/parc-zoologique-de-berne\/organisation\/&#8221;][vc_column_text css=&#8221;.vc_custom_1660601606507{padding-right: 30px !important;padding-left: 30px !important;}&#8221;]<\/p>\n<div class=\"zoo-news-section\">\n<h2>Organisation et finances<\/h2>\n<p>Le Parc zoologique de Berne est le zoo municipal de la capitale. Il comprend le zoo du D\u00e4hlh\u00f6lzli et le Parc aux ours, situ\u00e9 au centre-ville.<\/p><\/div>\n<p>[\/vc_column_text][vc_btn title=&#8221;Organisation&#8221; style=&#8221;flat&#8221; shape=&#8221;square&#8221; color=&#8221;white&#8221; size=&#8221;lg&#8221; i_align=&#8221;right&#8221; i_icon_fontawesome=&#8221;fas fa-arrow-right&#8221; add_icon=&#8221;true&#8221; link=&#8221;url:https%3A%2F%2Ftierpark-bern.ch%2Ffr%2Fparc-zoologique-de-berne%2Forganisation%2F&#8221; el_class=&#8221;btn-zoo&#8221; css=&#8221;.vc_custom_1660781212524{padding-right: 30px !important;padding-left: 30px !important;}&#8221;][\/vc_column_inner][vc_column_inner width=&#8221;1\/3&#8243; css=&#8221;.vc_custom_1629971036662{padding-top: 0px !important;padding-right: 0px !important;padding-bottom: 0px !important;padding-left: 0px !important;background-color: #006558 !important;}&#8221;][vc_single_image image=&#8221;19669&#8243; img_size=&#8221;540 x 320&#8243; alignment=&#8221;center&#8221; onclick=&#8221;custom_link&#8221; link=&#8221;https:\/\/tierpark-bern.ch\/fr\/parc-zoologique-de-berne\/personne-de-contact\/&#8221;][vc_column_text css=&#8221;.vc_custom_1660601630895{padding-right: 30px !important;padding-left: 30px !important;}&#8221;]<\/p>\n<div class=\"zoo-news-section\">\n<h2>Notre \u00e9quipe<\/h2>\n<p>L\u2019\u00e9quipe du Parc zoologique de Berne a un but commun: Plus d\u2019espace pour la diversit\u00e9! Nous sommes en tout temps \u00e0 votre disposition pour r\u00e9pondre \u00e0 vos questions!<\/p><\/div>\n<p>[\/vc_column_text][vc_btn title=&#8221;Vos interlocutrices et interlocuteurs&#8221; style=&#8221;flat&#8221; shape=&#8221;square&#8221; color=&#8221;white&#8221; size=&#8221;lg&#8221; i_align=&#8221;right&#8221; i_icon_fontawesome=&#8221;fas fa-arrow-right&#8221; add_icon=&#8221;true&#8221; link=&#8221;url:https%3A%2F%2Ftierpark-bern.ch%2Ffr%2Fparc-zoologique-de-berne%2Fpersonne-de-contact%2F&#8221; el_class=&#8221;btn-zoo&#8221; css=&#8221;.vc_custom_1660781240470{padding-right: 30px !important;padding-left: 30px !important;}&#8221;][\/vc_column_inner][\/vc_row_inner][vc_row_inner equal_height=&#8221;yes&#8221; gap=&#8221;30&#8243;][vc_column_inner width=&#8221;1\/3&#8243; css=&#8221;.vc_custom_1629372311438{padding-top: 0px !important;padding-right: 0px !important;padding-bottom: 0px !important;padding-left: 0px !important;background-color: #006558 !important;}&#8221;][vc_single_image image=&#8221;25223&#8243; img_size=&#8221;540 x 320&#8243; alignment=&#8221;center&#8221; onclick=&#8221;custom_link&#8221; link=&#8221;https:\/\/tierpark-bern.ch\/fr\/parc-zoologique-de-berne\/notre-histoire\/&#8221;][vc_column_text css=&#8221;.vc_custom_1661287561648{padding-right: 30px !important;padding-left: 30px !important;}&#8221;]<\/p>\n<div class=\"zoo-news-section\">\n<h2>Notre histoire<\/h2>\n<p>En 1873, les bases de ce qui allait devenir un des zoos les plus int\u00e9ressants de Suisse \u00e9taient jet\u00e9es, avec la cr\u00e9ation d\u2019un modeste parc aux biches (en allemand seulement).<\/p><\/div>\n<p>[\/vc_column_text][vc_btn title=&#8221;Histoire du parc zoologique&#8221; style=&#8221;flat&#8221; shape=&#8221;square&#8221; color=&#8221;white&#8221; size=&#8221;lg&#8221; i_align=&#8221;right&#8221; i_icon_fontawesome=&#8221;fas fa-arrow-right&#8221; add_icon=&#8221;true&#8221; link=&#8221;url:https%3A%2F%2Ftierpark-bern.ch%2Ffr%2Fparc-zoologique-de-berne%2Fnotre-histoire%2F&#8221; el_class=&#8221;btn-zoo&#8221; css=&#8221;.vc_custom_1666819836548{padding-right: 30px !important;padding-left: 30px !important;}&#8221;][\/vc_column_inner][vc_column_inner width=&#8221;1\/3&#8243; css=&#8221;.vc_custom_1629372434723{padding-top: 0px !important;padding-right: 0px !important;padding-bottom: 0px !important;padding-left: 0px !important;background-color: #006558 !important;}&#8221;][vc_single_image image=&#8221;20293&#8243; img_size=&#8221;540 x 320&#8243; alignment=&#8221;center&#8221; onclick=&#8221;custom_link&#8221; link=&#8221;https:\/\/tierpark-bern.ch\/fr\/parc-zoologique-de-berne\/contact\/&#8221;][vc_column_text css=&#8221;.vc_custom_1660601689261{padding-right: 30px !important;padding-left: 30px !important;}&#8221;]<\/p>\n<div class=\"zoo-news-section\">\n<h2>Contact<\/h2>\n<p>Vous aimeriez nous envoyer un courriel? Compl\u00e9tez notre formulaire de contact. Votre demande sera automatiquement transf\u00e9r\u00e9e \u00e0 la personne comp\u00e9tente.<\/p><\/div>\n<p>[\/vc_column_text][vc_btn title=&#8221;Prise de contact&#8221; style=&#8221;flat&#8221; shape=&#8221;square&#8221; color=&#8221;white&#8221; size=&#8221;lg&#8221; i_align=&#8221;right&#8221; i_icon_fontawesome=&#8221;fas fa-arrow-right&#8221; add_icon=&#8221;true&#8221; link=&#8221;url:https%3A%2F%2Ftierpark-bern.ch%2Ffr%2Fparc-zoologique-de-berne%2Fcontact%2F&#8221; el_class=&#8221;btn-zoo&#8221; css=&#8221;.vc_custom_1660781259165{padding-right: 30px !important;padding-left: 30px !important;}&#8221;][\/vc_column_inner][vc_column_inner width=&#8221;1\/3&#8243; css=&#8221;.vc_custom_1629971036662{padding-top: 0px !important;padding-right: 0px !important;padding-bottom: 0px !important;padding-left: 0px !important;background-color: #006558 !important;}&#8221;][vc_single_image image=&#8221;20859&#8243; img_size=&#8221;540 x 320&#8243; alignment=&#8221;center&#8221; onclick=&#8221;custom_link&#8221; link=&#8221;https:\/\/tierpark-bern.ch\/fr\/faq\/&#8221;][vc_column_text css=&#8221;.vc_custom_1660601713323{padding-right: 30px !important;padding-left: 30px !important;}&#8221;]<\/p>\n<div class=\"zoo-news-section\">\n<h2>Questions fr\u00e9quentes (FAQ)<\/h2>\n<p>Vous trouverez ici les r\u00e9ponses aux questions fr\u00e9quentes sur le parc zoologique, qui vous aideront \u00e0 bien pr\u00e9parer votre visite.<\/p><\/div>\n<p>[\/vc_column_text][vc_btn title=&#8221;R\u00e9ponses aux questions fr\u00e9quentes&#8221; style=&#8221;flat&#8221; shape=&#8221;square&#8221; color=&#8221;white&#8221; size=&#8221;lg&#8221; i_align=&#8221;right&#8221; i_icon_fontawesome=&#8221;fas fa-arrow-right&#8221; add_icon=&#8221;true&#8221; link=&#8221;url:https%3A%2F%2Ftierpark-bern.ch%2Ffr%2Ffaq%2F&#8221; el_class=&#8221;btn-zoo&#8221; css=&#8221;.vc_custom_1661287552142{padding-right: 30px !important;padding-left: 30px !important;}&#8221;][\/vc_column_inner][\/vc_row_inner][vc_row_inner equal_height=&#8221;yes&#8221; gap=&#8221;30&#8243;][vc_column_inner width=&#8221;1\/3&#8243; css=&#8221;.vc_custom_1629372311438{padding-top: 0px !important;padding-right: 0px !important;padding-bottom: 0px !important;padding-left: 0px !important;background-color: #006558 !important;}&#8221;][vc_single_image image=&#8221;22838&#8243; img_size=&#8221;540 x 320&#8243; alignment=&#8221;center&#8221; onclick=&#8221;custom_link&#8221; link=&#8221;https:\/\/tierpark-bern.ch\/fr\/parc-zoologique-de-berne\/communaute-des-zoos\/&#8221;][vc_column_text css=&#8221;.vc_custom_1660601739053{padding-right: 30px !important;padding-left: 30px !important;}&#8221;]<\/p>\n<div class=\"zoo-news-section\">\n<h2>Communaut\u00e9 des zoos<\/h2>\n<p>L\u2019engagement de la communaut\u00e9 internationale des zoos pr\u00e9vient l\u2019extinction de nombreuses esp\u00e8ces animales.<\/p><\/div>\n<p>[\/vc_column_text][vc_btn title=&#8221;Communaut\u00e9 des zoos&#8221; style=&#8221;flat&#8221; shape=&#8221;square&#8221; color=&#8221;white&#8221; size=&#8221;lg&#8221; i_align=&#8221;right&#8221; i_icon_fontawesome=&#8221;fas fa-arrow-right&#8221; add_icon=&#8221;true&#8221; link=&#8221;url:https%3A%2F%2Ftierpark-bern.ch%2Ffr%2Fparc-zoologique-de-berne%2Fcommunaute-des-zoos%2F&#8221; el_class=&#8221;btn-zoo&#8221; css=&#8221;.vc_custom_1660781276390{padding-right: 30px !important;padding-left: 30px !important;}&#8221;][\/vc_column_inner][vc_column_inner width=&#8221;1\/3&#8243; css=&#8221;.vc_custom_1629372434723{padding-top: 0px !important;padding-right: 0px !important;padding-bottom: 0px !important;padding-left: 0px !important;background-color: #006558 !important;}&#8221;][vc_single_image image=&#8221;22468&#8243; img_size=&#8221;540 x 320&#8243; alignment=&#8221;center&#8221; onclick=&#8221;custom_link&#8221; link=&#8221;https:\/\/tierpark-bern.ch\/fr\/parc-zoologique-de-berne\/emplois-et-formation\/&#8221;][vc_column_text css=&#8221;.vc_custom_1660601767369{padding-right: 30px !important;padding-left: 30px !important;}&#8221;]<\/p>\n<div class=\"zoo-news-section\">\n<h2>Travailler au parc zoologique<\/h2>\n<p>Faire carri\u00e8re au zoo! Les postes vacants sont publi\u00e9s dans le tous m\u00e9nages Amtsanzeiger Bern et sur le portail de l\u2019emploi de la Ville de Berne.<\/p><\/div>\n<p>[\/vc_column_text][vc_btn title=&#8221;Postes vacants&#8221; style=&#8221;flat&#8221; shape=&#8221;square&#8221; color=&#8221;white&#8221; size=&#8221;lg&#8221; i_align=&#8221;right&#8221; i_icon_fontawesome=&#8221;fas fa-arrow-right&#8221; add_icon=&#8221;true&#8221; link=&#8221;url:https%3A%2F%2Ftierpark-bern.ch%2Ffr%2Fparc-zoologique-de-berne%2Femplois-et-formation%2F&#8221; el_class=&#8221;btn-zoo&#8221; css=&#8221;.vc_custom_1660781302414{padding-right: 30px !important;padding-left: 30px !important;}&#8221;][\/vc_column_inner][vc_column_inner width=&#8221;1\/3&#8243; css=&#8221;.vc_custom_1629971036662{padding-top: 0px !important;padding-right: 0px !important;padding-bottom: 0px !important;padding-left: 0px !important;background-color: #006558 !important;}&#8221;][vc_single_image image=&#8221;16935&#8243; img_size=&#8221;540 x 320&#8243; alignment=&#8221;center&#8221; onclick=&#8221;custom_link&#8221; link=&#8221;https:\/\/tierpark-bern.ch\/fr\/parc-zoologique-de-berne\/notre-engagement\/&#8221;][vc_column_text css=&#8221;.vc_custom_1660601804539{padding-right: 30px !important;padding-left: 30px !important;}&#8221;]<\/p>\n<div class=\"zoo-news-section\">\n<h2>Notre engagement<\/h2>\n<p>Le parc zoologique de Berne assume sa responsabilit\u00e9 sociale et s\u2019engage dans de nombreux domaines, comme la protection des esp\u00e8ces et l\u2019\u00e9ducation \u00e0 l\u2019environnement.<\/p><\/div>\n<p>[\/vc_column_text][vc_btn title=&#8221;Engagement&#8221; style=&#8221;flat&#8221; shape=&#8221;square&#8221; color=&#8221;white&#8221; size=&#8221;lg&#8221; i_align=&#8221;right&#8221; i_icon_fontawesome=&#8221;fas fa-arrow-right&#8221; add_icon=&#8221;true&#8221; link=&#8221;url:https%3A%2F%2Ftierpark-bern.ch%2Ffr%2Fparc-zoologique-de-berne%2Fnotre-engagement%2F&#8221; el_class=&#8221;btn-zoo&#8221; css=&#8221;.vc_custom_1660781332429{padding-right: 30px !important;padding-left: 30px !important;}&#8221;][\/vc_column_inner][\/vc_row_inner][\/vc_column][\/vc_row]<\/p>\n<\/div>","protected":false},"excerpt":{"rendered":"<p>Le parc zoologique de Berne est le zoo public de la ville.<\/p>\n","protected":false},"author":1,"featured_media":24229,"parent":0,"menu_order":0,"comment_status":"closed","ping_status":"closed","template":"","meta":{"_acf_changed":false,"footnotes":""},"class_list":["post-46114","page","type-page","status-publish","has-post-thumbnail","hentry"],"acf":[],"yoast_head":"<title>Parc zoologique de Berne | Tierpark Bern<\/title>\n<meta name=\"description\" content=\"Le parc zoologique de Berne est le zoo public de la ville.\" \/>\n<meta name=\"robots\" content=\"index, follow, max-snippet:-1, max-image-preview:large, max-video-preview:-1\" \/>\n<link rel=\"canonical\" href=\"https:\/\/tierpark-bern.ch\/fr\/parc-zoologique-de-berne\/\" \/>\n<meta property=\"og:locale\" content=\"fr_FR\" \/>\n<meta property=\"og:type\" content=\"article\" \/>\n<meta property=\"og:title\" content=\"Parc zoologique de Berne | Tierpark Bern\" \/>\n<meta property=\"og:description\" content=\"Le parc zoologique de Berne est le zoo public de la ville.\" \/>\n<meta property=\"og:url\" content=\"https:\/\/tierpark-bern.ch\/fr\/parc-zoologique-de-berne\/\" \/>\n<meta property=\"og:site_name\" content=\"Tierpark Bern\" \/>\n<meta property=\"article:publisher\" content=\"https:\/\/www.facebook.com\/tierparkbern\/\" \/>\n<meta property=\"article:modified_time\" content=\"2022-10-26T21:30:52+00:00\" \/>\n<meta property=\"og:image\" content=\"https:\/\/tierpark-bern.ch\/web\/app\/uploads\/2022\/02\/Tangara-mexicana-2.jpg\" \/>\n\t<meta property=\"og:image:width\" content=\"1500\" \/>\n\t<meta property=\"og:image:height\" content=\"998\" \/>\n\t<meta property=\"og:image:type\" content=\"image\/jpeg\" \/>\n<script type=\"application\/ld+json\" class=\"yoast-schema-graph\">{\"@context\":\"https:\/\/schema.org\",\"@graph\":[{\"@type\":\"WebPage\",\"@id\":\"https:\/\/tierpark-bern.ch\/fr\/parc-zoologique-de-berne\/\",\"url\":\"https:\/\/tierpark-bern.ch\/fr\/parc-zoologique-de-berne\/\",\"name\":\"Parc zoologique de Berne | Tierpark Bern\",\"isPartOf\":{\"@id\":\"https:\/\/tierpark-bern.ch\/fr\/#website\"},\"primaryImageOfPage\":{\"@id\":\"https:\/\/tierpark-bern.ch\/fr\/parc-zoologique-de-berne\/#primaryimage\"},\"image\":{\"@id\":\"https:\/\/tierpark-bern.ch\/fr\/parc-zoologique-de-berne\/#primaryimage\"},\"thumbnailUrl\":\"https:\/\/tierpark-bern.ch\/web\/app\/uploads\/2022\/02\/Tangara-mexicana-2.jpg\",\"datePublished\":\"2020-08-19T06:15:55+00:00\",\"dateModified\":\"2022-10-26T21:30:52+00:00\",\"description\":\"Le parc zoologique de Berne est le zoo public de la ville.\",\"breadcrumb\":{\"@id\":\"https:\/\/tierpark-bern.ch\/fr\/parc-zoologique-de-berne\/#breadcrumb\"},\"inLanguage\":\"fr-FR\",\"potentialAction\":[{\"@type\":\"ReadAction\",\"target\":[\"https:\/\/tierpark-bern.ch\/fr\/parc-zoologique-de-berne\/\"]}]},{\"@type\":\"ImageObject\",\"inLanguage\":\"fr-FR\",\"@id\":\"https:\/\/tierpark-bern.ch\/fr\/parc-zoologique-de-berne\/#primaryimage\",\"url\":\"https:\/\/tierpark-bern.ch\/web\/app\/uploads\/2022\/02\/Tangara-mexicana-2.jpg\",\"contentUrl\":\"https:\/\/tierpark-bern.ch\/web\/app\/uploads\/2022\/02\/Tangara-mexicana-2.jpg\",\"width\":1500,\"height\":998,\"caption\":\"T\u00fcrkistangare\"},{\"@type\":\"BreadcrumbList\",\"@id\":\"https:\/\/tierpark-bern.ch\/fr\/parc-zoologique-de-berne\/#breadcrumb\",\"itemListElement\":[{\"@type\":\"ListItem\",\"position\":1,\"name\":\"Home\",\"item\":\"https:\/\/tierpark-bern.ch\/fr\/home\/\"},{\"@type\":\"ListItem\",\"position\":2,\"name\":\"Parc zoologique de Berne\"}]},{\"@type\":\"WebSite\",\"@id\":\"https:\/\/tierpark-bern.ch\/fr\/#website\",\"url\":\"https:\/\/tierpark-bern.ch\/fr\/\",\"name\":\"Tierpark Bern\",\"description\":\"\",\"publisher\":{\"@id\":\"https:\/\/tierpark-bern.ch\/fr\/#organization\"},\"potentialAction\":[{\"@type\":\"SearchAction\",\"target\":{\"@type\":\"EntryPoint\",\"urlTemplate\":\"https:\/\/tierpark-bern.ch\/fr\/?s={search_term_string}\"},\"query-input\":{\"@type\":\"PropertyValueSpecification\",\"valueRequired\":true,\"valueName\":\"search_term_string\"}}],\"inLanguage\":\"fr-FR\"},{\"@type\":\"Organization\",\"@id\":\"https:\/\/tierpark-bern.ch\/fr\/#organization\",\"name\":\"Tierpark Bern | D\u00e4hlh\u00f6lzli + B\u00e4renPark\",\"alternateName\":\"Tierpark Bern\",\"url\":\"https:\/\/tierpark-bern.ch\/fr\/\",\"logo\":{\"@type\":\"ImageObject\",\"inLanguage\":\"fr-FR\",\"@id\":\"https:\/\/tierpark-bern.ch\/fr\/#\/schema\/logo\/image\/\",\"url\":\"https:\/\/tierpark-bern.ch\/web\/app\/uploads\/2024\/04\/tierpark-bern-696x696-1.jpg\",\"contentUrl\":\"https:\/\/tierpark-bern.ch\/web\/app\/uploads\/2024\/04\/tierpark-bern-696x696-1.jpg\",\"width\":696,\"height\":696,\"caption\":\"Tierpark Bern | D\u00e4hlh\u00f6lzli + B\u00e4renPark\"},\"image\":{\"@id\":\"https:\/\/tierpark-bern.ch\/fr\/#\/schema\/logo\/image\/\"},\"sameAs\":[\"https:\/\/www.facebook.com\/tierparkbern\/\",\"https:\/\/x.com\/tierparkbern\",\"https:\/\/www.instagram.com\/tierparkbern\/\"]}]}<\/script>","yoast_head_json":{"title":"Parc zoologique de Berne | Tierpark Bern","description":"Le parc zoologique de Berne est le zoo public de la ville.","robots":{"index":"index","follow":"follow","max-snippet":"max-snippet:-1","max-image-preview":"max-image-preview:large","max-video-preview":"max-video-preview:-1"},"canonical":"https:\/\/tierpark-bern.ch\/fr\/parc-zoologique-de-berne\/","og_locale":"fr_FR","og_type":"article","og_title":"Parc zoologique de Berne | Tierpark Bern","og_description":"Le parc zoologique de Berne est le zoo public de la ville.","og_url":"https:\/\/tierpark-bern.ch\/fr\/parc-zoologique-de-berne\/","og_site_name":"Tierpark Bern","article_publisher":"https:\/\/www.facebook.com\/tierparkbern\/","article_modified_time":"2022-10-26T21:30:52+00:00","og_image":[{"width":1500,"height":998,"url":"https:\/\/tierpark-bern.ch\/web\/app\/uploads\/2022\/02\/Tangara-mexicana-2.jpg","type":"image\/jpeg"}],"schema":{"@context":"https:\/\/schema.org","@graph":[{"@type":"WebPage","@id":"https:\/\/tierpark-bern.ch\/fr\/parc-zoologique-de-berne\/","url":"https:\/\/tierpark-bern.ch\/fr\/parc-zoologique-de-berne\/","name":"Parc zoologique de Berne | Tierpark Bern","isPartOf":{"@id":"https:\/\/tierpark-bern.ch\/fr\/#website"},"primaryImageOfPage":{"@id":"https:\/\/tierpark-bern.ch\/fr\/parc-zoologique-de-berne\/#primaryimage"},"image":{"@id":"https:\/\/tierpark-bern.ch\/fr\/parc-zoologique-de-berne\/#primaryimage"},"thumbnailUrl":"https:\/\/tierpark-bern.ch\/web\/app\/uploads\/2022\/02\/Tangara-mexicana-2.jpg","datePublished":"2020-08-19T06:15:55+00:00","dateModified":"2022-10-26T21:30:52+00:00","description":"Le parc zoologique de Berne est le zoo public de la ville.","breadcrumb":{"@id":"https:\/\/tierpark-bern.ch\/fr\/parc-zoologique-de-berne\/#breadcrumb"},"inLanguage":"fr-FR","potentialAction":[{"@type":"ReadAction","target":["https:\/\/tierpark-bern.ch\/fr\/parc-zoologique-de-berne\/"]}]},{"@type":"ImageObject","inLanguage":"fr-FR","@id":"https:\/\/tierpark-bern.ch\/fr\/parc-zoologique-de-berne\/#primaryimage","url":"https:\/\/tierpark-bern.ch\/web\/app\/uploads\/2022\/02\/Tangara-mexicana-2.jpg","contentUrl":"https:\/\/tierpark-bern.ch\/web\/app\/uploads\/2022\/02\/Tangara-mexicana-2.jpg","width":1500,"height":998,"caption":"T\u00fcrkistangare"},{"@type":"BreadcrumbList","@id":"https:\/\/tierpark-bern.ch\/fr\/parc-zoologique-de-berne\/#breadcrumb","itemListElement":[{"@type":"ListItem","position":1,"name":"Home","item":"https:\/\/tierpark-bern.ch\/fr\/home\/"},{"@type":"ListItem","position":2,"name":"Parc zoologique de Berne"}]},{"@type":"WebSite","@id":"https:\/\/tierpark-bern.ch\/fr\/#website","url":"https:\/\/tierpark-bern.ch\/fr\/","name":"Tierpark Bern","description":"","publisher":{"@id":"https:\/\/tierpark-bern.ch\/fr\/#organization"},"potentialAction":[{"@type":"SearchAction","target":{"@type":"EntryPoint","urlTemplate":"https:\/\/tierpark-bern.ch\/fr\/?s={search_term_string}"},"query-input":{"@type":"PropertyValueSpecification","valueRequired":true,"valueName":"search_term_string"}}],"inLanguage":"fr-FR"},{"@type":"Organization","@id":"https:\/\/tierpark-bern.ch\/fr\/#organization","name":"Tierpark Bern | D\u00e4hlh\u00f6lzli + B\u00e4renPark","alternateName":"Tierpark Bern","url":"https:\/\/tierpark-bern.ch\/fr\/","logo":{"@type":"ImageObject","inLanguage":"fr-FR","@id":"https:\/\/tierpark-bern.ch\/fr\/#\/schema\/logo\/image\/","url":"https:\/\/tierpark-bern.ch\/web\/app\/uploads\/2024\/04\/tierpark-bern-696x696-1.jpg","contentUrl":"https:\/\/tierpark-bern.ch\/web\/app\/uploads\/2024\/04\/tierpark-bern-696x696-1.jpg","width":696,"height":696,"caption":"Tierpark Bern | D\u00e4hlh\u00f6lzli + B\u00e4renPark"},"image":{"@id":"https:\/\/tierpark-bern.ch\/fr\/#\/schema\/logo\/image\/"},"sameAs":["https:\/\/www.facebook.com\/tierparkbern\/","https:\/\/x.com\/tierparkbern","https:\/\/www.instagram.com\/tierparkbern\/"]}]}},"_links":{"self":[{"href":"https:\/\/tierpark-bern.ch\/fr\/wp-json\/wp\/v2\/pages\/46114","targetHints":{"allow":["GET"]}}],"collection":[{"href":"https:\/\/tierpark-bern.ch\/fr\/wp-json\/wp\/v2\/pages"}],"about":[{"href":"https:\/\/tierpark-bern.ch\/fr\/wp-json\/wp\/v2\/types\/page"}],"author":[{"embeddable":true,"href":"https:\/\/tierpark-bern.ch\/fr\/wp-json\/wp\/v2\/users\/1"}],"replies":[{"embeddable":true,"href":"https:\/\/tierpark-bern.ch\/fr\/wp-json\/wp\/v2\/comments?post=46114"}],"version-history":[{"count":0,"href":"https:\/\/tierpark-bern.ch\/fr\/wp-json\/wp\/v2\/pages\/46114\/revisions"}],"wp:featuredmedia":[{"embeddable":true,"href":"https:\/\/tierpark-bern.ch\/fr\/wp-json\/wp\/v2\/media\/24229"}],"wp:attachment":[{"href":"https:\/\/tierpark-bern.ch\/fr\/wp-json\/wp\/v2\/media?parent=46114"}],"curies":[{"name":"wp","href":"https:\/\/api.w.org\/{rel}","templated":true}]}}