{"id":46117,"date":"2020-08-14T11:08:53","date_gmt":"2020-08-14T09:08:53","guid":{"rendered":"https:\/\/tierpark-bern.ch\/?page_id=46117"},"modified":"2024-03-09T13:13:57","modified_gmt":"2024-03-09T12:13:57","slug":"restauration","status":"publish","type":"page","link":"https:\/\/tierpark-bern.ch\/fr\/visite-au-zoo\/restauration\/","title":{"rendered":"Restauration"},"content":{"rendered":"<div class=\"wpb-content-wrapper\"><p>[vc_row][vc_column][vc_column_text]<\/p>\n<h1>Restauration<\/h1>\n<p>Les visiteuses et visiteurs du parc zoologique ne resteront pas sur leur faim. Tandis que le \u00abRestaurant D\u00e4hlh\u00f6lzli\u00bb propose une bonne cuisine traditionnelle, notre spacieux coin grillades vous permet de pique-niquer pr\u00e8s de la for\u00eat. Nous nous r\u00e9jouissons de vous accueillir.[\/vc_column_text][\/vc_column][\/vc_row][vc_row css=&#8221;.vc_custom_1643955776368{margin-right: 0px !important;margin-left: 0px !important;padding-top: 35px !important;padding-right: 30px !important;padding-bottom: 35px !important;padding-left: 30px !important;background-color: #e5efee !important;}&#8221; el_class=&#8221;gastronomie-main-section&#8221;][vc_column css=&#8221;.vc_custom_1633589734666{padding-top: 0px !important;}&#8221; el_class=&#8221;zoo-wrapper&#8221;][vc_row_inner equal_height=&#8221;yes&#8221; gap=&#8221;30&#8243;][vc_column_inner width=&#8221;1\/2&#8243; css=&#8221;.vc_custom_1629372311438{padding-top: 0px !important;padding-right: 0px !important;padding-bottom: 0px !important;padding-left: 0px !important;background-color: #006558 !important;}&#8221;][vc_single_image image=&#8221;55154&#8243; img_size=&#8221;540 x 320&#8243; alignment=&#8221;center&#8221; onclick=&#8221;custom_link&#8221; link=&#8221;https:\/\/tierpark-bern.ch\/fr\/visite-au-zoo\/restauration\/eulen-bistro\/&#8221;][vc_column_text css=&#8221;.vc_custom_1677429295629{padding-right: 30px !important;padding-left: 30px !important;}&#8221;]<\/p>\n<div class=\"zoo-news-section\">\n<h2>Eulen Bistro<\/h2>\n<p>Prenez du bon temps au Eulen Bistro. Les plaisirs du palais, la durabilit\u00e9 et la r\u00e9gionalit\u00e9 nous tiennent \u00e0 c\u0153ur \u2013 dans notre offre sp\u00e9cialement con\u00e7ue pour Berne.<\/p>\n<\/div>\n<p>[\/vc_column_text][vc_btn title=&#8221;Pour en savoir plus sur l\u2019Eulen Bistro&#8221; style=&#8221;flat&#8221; shape=&#8221;square&#8221; color=&#8221;white&#8221; size=&#8221;lg&#8221; i_align=&#8221;right&#8221; i_icon_fontawesome=&#8221;fas fa-arrow-right&#8221; add_icon=&#8221;true&#8221; link=&#8221;url:https%3A%2F%2Ftierpark-bern.ch%2Ffr%2Fvisite-au-zoo%2Frestauration%2Feulen-bistro%2F&#8221; el_class=&#8221;btn-zoo&#8221; css=&#8221;.vc_custom_1661110821724{padding-right: 30px !important;padding-left: 30px !important;}&#8221;][\/vc_column_inner][vc_column_inner width=&#8221;1\/2&#8243; css=&#8221;.vc_custom_1629372434723{padding-top: 0px !important;padding-right: 0px !important;padding-bottom: 0px !important;padding-left: 0px !important;background-color: #006558 !important;}&#8221;][vc_single_image image=&#8221;44057&#8243; img_size=&#8221;540 x 320&#8243; alignment=&#8221;center&#8221; onclick=&#8221;custom_link&#8221;][vc_column_text css=&#8221;.vc_custom_1660602088464{padding-right: 30px !important;padding-left: 30px !important;}&#8221;]<\/p>\n<div class=\"zoo-news-section\">\n<h2>Coin caf\u00e9<\/h2>\n<p>Du caf\u00e9 et d\u2019autres boissons ainsi qu\u2019un choix de snacks sont propos\u00e9s au vivarium. Les automates ne fonctionnent qu\u2019avec des cartes.<\/p>\n<\/div>\n<p>[\/vc_column_text][\/vc_column_inner][\/vc_row_inner][vc_row_inner equal_height=&#8221;yes&#8221; gap=&#8221;30&#8243;][vc_column_inner width=&#8221;1\/2&#8243; css=&#8221;.vc_custom_1629372311438{padding-top: 0px !important;padding-right: 0px !important;padding-bottom: 0px !important;padding-left: 0px !important;background-color: #006558 !important;}&#8221;][vc_single_image image=&#8221;15611&#8243; img_size=&#8221;540 x 320&#8243; alignment=&#8221;center&#8221; onclick=&#8221;custom_link&#8221; link=&#8221;https:\/\/tierpark-bern.ch\/fr\/visite-au-zoo\/restauration\/coin-grillades\/&#8221;][vc_column_text css=&#8221;.vc_custom_1660602131452{padding-right: 30px !important;padding-left: 30px !important;}&#8221;]<\/p>\n<div class=\"zoo-news-section\">\n<h2>Coin grillades<\/h2>\n<p>Le coin grillades voisin de l\u2019enclos des loups invite au repos et \u00e0 la d\u00e9tente, tandis que les enfants peuvent se d\u00e9fouler sur la place de jeu voisine en grimpant comme des singes. Faites griller les aliments que vous avez apport\u00e9s, ou laissez-vous tenter par l\u2019offre culinaire du nouvel Eulen Bistro.<\/p>\n<\/div>\n<p>[\/vc_column_text][vc_btn title=&#8221;Pour en savoir plus sur le coin grillades du D\u00e4hlh\u00f6lzli&#8221; style=&#8221;flat&#8221; shape=&#8221;square&#8221; color=&#8221;white&#8221; size=&#8221;lg&#8221; i_align=&#8221;right&#8221; i_icon_fontawesome=&#8221;fas fa-arrow-right&#8221; add_icon=&#8221;true&#8221; link=&#8221;url:https%3A%2F%2Ftierpark-bern.ch%2Ffr%2Fvisite-au-zoo%2Frestauration%2Fcoin-grillades%2F&#8221; el_class=&#8221;btn-zoo&#8221; css=&#8221;.vc_custom_1661111014688{padding-right: 30px !important;padding-left: 30px !important;}&#8221;][\/vc_column_inner][vc_column_inner width=&#8221;1\/2&#8243; css=&#8221;.vc_custom_1629372434723{padding-top: 0px !important;padding-right: 0px !important;padding-bottom: 0px !important;padding-left: 0px !important;background-color: #006558 !important;}&#8221;][vc_single_image image=&#8221;19024&#8243; img_size=&#8221;540 x 320&#8243; alignment=&#8221;center&#8221; onclick=&#8221;custom_link&#8221; link=&#8221;https:\/\/tierpark-bern.ch\/erlebnisse\/ihr-anlass-im-zoo\/daehlhoelzli\/&#8221;][vc_column_text css=&#8221;.vc_custom_1661111125678{padding-right: 30px !important;padding-left: 30px !important;}&#8221;]<\/p>\n<div class=\"zoo-news-section\">\n<h2>Votre \u00e9v\u00e9nement au Parc zoologique<\/h2>\n<p>Anniversaire, mariage, sortie d\u2019entreprise ou f\u00eate de famille? Le D\u00e4hlh\u00f6lzli constitue avec son vivarium, la maison des ours, la halle des macareux moines ou le pavillon d\u2019observation des bisons l\u2019endroit id\u00e9al pour un ap\u00e9ritif ou une f\u00eate priv\u00e9e. Un syst\u00e8me modulaire vous permet de r\u00e9server en bloc de tels \u00e9v\u00e9nements aupr\u00e8s de l\u2019Eulen Bistro (en allemand seulement).<\/p>\n<\/div>\n<p>[\/vc_column_text][vc_btn title=&#8221;R\u00e9server son propre \u00e9v\u00e9nement au D\u00e4hlh\u00f6lzli&#8221; style=&#8221;flat&#8221; shape=&#8221;square&#8221; color=&#8221;white&#8221; size=&#8221;lg&#8221; i_align=&#8221;right&#8221; i_icon_fontawesome=&#8221;fas fa-arrow-right&#8221; add_icon=&#8221;true&#8221; link=&#8221;url:https%3A%2F%2Ftierpark-bern.ch%2Ferlebnisse%2Fihr-anlass-im-zoo%2Fdaehlhoelzli%2F&#8221; el_class=&#8221;btn-zoo&#8221; css=&#8221;.vc_custom_1660602165513{padding-right: 30px !important;padding-left: 30px !important;}&#8221;][\/vc_column_inner][\/vc_row_inner][vc_row_inner equal_height=&#8221;yes&#8221; gap=&#8221;30&#8243;][vc_column_inner width=&#8221;1\/2&#8243; css=&#8221;.vc_custom_1629372311438{padding-top: 0px !important;padding-right: 0px !important;padding-bottom: 0px !important;padding-left: 0px !important;background-color: #006558 !important;}&#8221;][vc_single_image image=&#8221;20979&#8243; img_size=&#8221;540 x 320&#8243; alignment=&#8221;center&#8221; onclick=&#8221;custom_link&#8221; link=&#8221;https:\/\/tierpark-bern.ch\/fr\/visite-au-zoo\/restauration\/restaurant-du-zoo-du-daehlhoelzli\/&#8221;][vc_column_text css=&#8221;.vc_custom_1709986432421{padding-right: 30px !important;padding-left: 30px !important;}&#8221;]<\/p>\n<div class=\"zoo-news-section\">\n<h2>Restaurant D\u00e4hlh\u00f6lzli<\/h2>\n<p>Le restaurant D\u00e4hlh\u00f6lzli est actuellement en r\u00e9novation et est ferm\u00e9.<\/p>\n<\/div>\n<p>[\/vc_column_text][vc_btn title=&#8221;Pour en savoir plus sur le restaurant du parc zoologique D\u00e4hlh\u00f6lzli&#8221; style=&#8221;flat&#8221; shape=&#8221;square&#8221; color=&#8221;white&#8221; size=&#8221;lg&#8221; i_align=&#8221;right&#8221; i_icon_fontawesome=&#8221;fas fa-arrow-right&#8221; add_icon=&#8221;true&#8221; link=&#8221;url:https%3A%2F%2Ftierpark-bern.ch%2Ffr%2Fvisite-au-zoo%2Frestauration%2Frestaurant-du-zoo-du-daehlhoelzli%2F&#8221; el_class=&#8221;btn-zoo&#8221; css=&#8221;.vc_custom_1661111163687{padding-right: 30px !important;padding-left: 30px !important;}&#8221;][\/vc_column_inner][vc_column_inner width=&#8221;1\/2&#8243; css=&#8221;.vc_custom_1629372434723{padding-top: 0px !important;padding-right: 0px !important;padding-bottom: 0px !important;padding-left: 0px !important;background-color: #006558 !important;}&#8221;][vc_single_image image=&#8221;25642&#8243; img_size=&#8221;540 x 320&#8243; alignment=&#8221;center&#8221; onclick=&#8221;custom_link&#8221; link=&#8221;https:\/\/tierpark-bern.ch\/fr\/faq\/&#8221;][vc_column_text css=&#8221;.vc_custom_1660602206184{padding-right: 30px !important;padding-left: 30px !important;}&#8221;]<\/p>\n<div class=\"zoo-news-section\">\n<h2>Questions fr\u00e9quentes (FAQ)<\/h2>\n<p>Vous trouverez ici les r\u00e9ponses aux questions fr\u00e9quentes sur le parc zoologique, qui vous aideront \u00e0 bien pr\u00e9parer votre visite.<\/p>\n<\/div>\n<p>[\/vc_column_text][vc_btn title=&#8221;R\u00e9ponses aux questions fr\u00e9quentes&#8221; style=&#8221;flat&#8221; shape=&#8221;square&#8221; color=&#8221;white&#8221; size=&#8221;lg&#8221; i_align=&#8221;right&#8221; i_icon_fontawesome=&#8221;fas fa-arrow-right&#8221; add_icon=&#8221;true&#8221; link=&#8221;url:https%3A%2F%2Ftierpark-bern.ch%2Ffr%2Ffaq%2F&#8221; el_class=&#8221;btn-zoo&#8221; css=&#8221;.vc_custom_1661286722211{padding-right: 30px !important;padding-left: 30px !important;}&#8221;][\/vc_column_inner][\/vc_row_inner][vc_column_inner width=&#8221;1\/2&#8243; css=&#8221;.vc_custom_1629372311438{padding-top: 0px !important;padding-right: 0px !important;padding-bottom: 0px !important;padding-left: 0px !important;background-color: #006558 !important;}&#8221;][\/vc_column_inner][\/vc_column][\/vc_row]<\/p>\n<\/div>","protected":false},"excerpt":{"rendered":"<p>Les visiteuses et visiteurs du parc zoologique ne resteront pas sur leur faim. <\/p>\n","protected":false},"author":1,"featured_media":20979,"parent":38558,"menu_order":0,"comment_status":"closed","ping_status":"closed","template":"","meta":{"_acf_changed":false,"footnotes":""},"class_list":["post-46117","page","type-page","status-publish","has-post-thumbnail","hentry"],"acf":[],"yoast_head":"<title>Restauration | Tierpark Bern<\/title>\n<meta name=\"description\" content=\"Les visiteuses et visiteurs du parc zoologique ne resteront pas sur leur faim.\" \/>\n<meta name=\"robots\" content=\"index, follow, max-snippet:-1, max-image-preview:large, max-video-preview:-1\" \/>\n<link rel=\"canonical\" href=\"https:\/\/tierpark-bern.ch\/fr\/visite-au-zoo\/restauration\/\" \/>\n<meta property=\"og:locale\" content=\"fr_FR\" \/>\n<meta property=\"og:type\" content=\"article\" \/>\n<meta property=\"og:title\" content=\"Restauration | Tierpark Bern\" \/>\n<meta property=\"og:description\" content=\"Les visiteuses et visiteurs du parc zoologique ne resteront pas sur leur faim.\" \/>\n<meta property=\"og:url\" content=\"https:\/\/tierpark-bern.ch\/fr\/visite-au-zoo\/restauration\/\" \/>\n<meta property=\"og:site_name\" content=\"Tierpark Bern\" \/>\n<meta property=\"article:publisher\" content=\"https:\/\/www.facebook.com\/tierparkbern\/\" \/>\n<meta property=\"article:modified_time\" content=\"2024-03-09T12:13:57+00:00\" \/>\n<meta property=\"og:image\" content=\"https:\/\/tierpark-bern.ch\/web\/app\/uploads\/2022\/02\/tierpark-restaurant-daehlhoelzli-schweiz-2.jpg\" \/>\n\t<meta property=\"og:image:width\" content=\"2255\" \/>\n\t<meta property=\"og:image:height\" content=\"1500\" \/>\n\t<meta property=\"og:image:type\" content=\"image\/jpeg\" \/>\n<script type=\"application\/ld+json\" class=\"yoast-schema-graph\">{\"@context\":\"https:\/\/schema.org\",\"@graph\":[{\"@type\":\"WebPage\",\"@id\":\"https:\/\/tierpark-bern.ch\/fr\/visite-au-zoo\/restauration\/\",\"url\":\"https:\/\/tierpark-bern.ch\/fr\/visite-au-zoo\/restauration\/\",\"name\":\"Restauration | Tierpark Bern\",\"isPartOf\":{\"@id\":\"https:\/\/tierpark-bern.ch\/fr\/#website\"},\"primaryImageOfPage\":{\"@id\":\"https:\/\/tierpark-bern.ch\/fr\/visite-au-zoo\/restauration\/#primaryimage\"},\"image\":{\"@id\":\"https:\/\/tierpark-bern.ch\/fr\/visite-au-zoo\/restauration\/#primaryimage\"},\"thumbnailUrl\":\"https:\/\/tierpark-bern.ch\/web\/app\/uploads\/2022\/02\/tierpark-restaurant-daehlhoelzli-schweiz-2.jpg\",\"datePublished\":\"2020-08-14T09:08:53+00:00\",\"dateModified\":\"2024-03-09T12:13:57+00:00\",\"description\":\"Les visiteuses et visiteurs du parc zoologique ne resteront pas sur leur faim.\",\"breadcrumb\":{\"@id\":\"https:\/\/tierpark-bern.ch\/fr\/visite-au-zoo\/restauration\/#breadcrumb\"},\"inLanguage\":\"fr-FR\",\"potentialAction\":[{\"@type\":\"ReadAction\",\"target\":[\"https:\/\/tierpark-bern.ch\/fr\/visite-au-zoo\/restauration\/\"]}]},{\"@type\":\"ImageObject\",\"inLanguage\":\"fr-FR\",\"@id\":\"https:\/\/tierpark-bern.ch\/fr\/visite-au-zoo\/restauration\/#primaryimage\",\"url\":\"https:\/\/tierpark-bern.ch\/web\/app\/uploads\/2022\/02\/tierpark-restaurant-daehlhoelzli-schweiz-2.jpg\",\"contentUrl\":\"https:\/\/tierpark-bern.ch\/web\/app\/uploads\/2022\/02\/tierpark-restaurant-daehlhoelzli-schweiz-2.jpg\",\"width\":2255,\"height\":1500,\"caption\":\"Am lauschigen Ufer der Aare, am Eingang zum Tierpark.\"},{\"@type\":\"BreadcrumbList\",\"@id\":\"https:\/\/tierpark-bern.ch\/fr\/visite-au-zoo\/restauration\/#breadcrumb\",\"itemListElement\":[{\"@type\":\"ListItem\",\"position\":1,\"name\":\"Home\",\"item\":\"https:\/\/tierpark-bern.ch\/fr\/home\/\"},{\"@type\":\"ListItem\",\"position\":2,\"name\":\"Visite au zoo\",\"item\":\"https:\/\/tierpark-bern.ch\/fr\/visite-au-zoo\/\"},{\"@type\":\"ListItem\",\"position\":3,\"name\":\"Restauration\"}]},{\"@type\":\"WebSite\",\"@id\":\"https:\/\/tierpark-bern.ch\/fr\/#website\",\"url\":\"https:\/\/tierpark-bern.ch\/fr\/\",\"name\":\"Tierpark Bern\",\"description\":\"\",\"publisher\":{\"@id\":\"https:\/\/tierpark-bern.ch\/fr\/#organization\"},\"potentialAction\":[{\"@type\":\"SearchAction\",\"target\":{\"@type\":\"EntryPoint\",\"urlTemplate\":\"https:\/\/tierpark-bern.ch\/fr\/?s={search_term_string}\"},\"query-input\":{\"@type\":\"PropertyValueSpecification\",\"valueRequired\":true,\"valueName\":\"search_term_string\"}}],\"inLanguage\":\"fr-FR\"},{\"@type\":\"Organization\",\"@id\":\"https:\/\/tierpark-bern.ch\/fr\/#organization\",\"name\":\"Tierpark Bern | D\u00e4hlh\u00f6lzli + B\u00e4renPark\",\"alternateName\":\"Tierpark Bern\",\"url\":\"https:\/\/tierpark-bern.ch\/fr\/\",\"logo\":{\"@type\":\"ImageObject\",\"inLanguage\":\"fr-FR\",\"@id\":\"https:\/\/tierpark-bern.ch\/fr\/#\/schema\/logo\/image\/\",\"url\":\"https:\/\/tierpark-bern.ch\/web\/app\/uploads\/2024\/04\/tierpark-bern-696x696-1.jpg\",\"contentUrl\":\"https:\/\/tierpark-bern.ch\/web\/app\/uploads\/2024\/04\/tierpark-bern-696x696-1.jpg\",\"width\":696,\"height\":696,\"caption\":\"Tierpark Bern | D\u00e4hlh\u00f6lzli + B\u00e4renPark\"},\"image\":{\"@id\":\"https:\/\/tierpark-bern.ch\/fr\/#\/schema\/logo\/image\/\"},\"sameAs\":[\"https:\/\/www.facebook.com\/tierparkbern\/\",\"https:\/\/x.com\/tierparkbern\",\"https:\/\/www.instagram.com\/tierparkbern\/\"]}]}<\/script>","yoast_head_json":{"title":"Restauration | Tierpark Bern","description":"Les visiteuses et visiteurs du parc zoologique ne resteront pas sur leur faim.","robots":{"index":"index","follow":"follow","max-snippet":"max-snippet:-1","max-image-preview":"max-image-preview:large","max-video-preview":"max-video-preview:-1"},"canonical":"https:\/\/tierpark-bern.ch\/fr\/visite-au-zoo\/restauration\/","og_locale":"fr_FR","og_type":"article","og_title":"Restauration | Tierpark Bern","og_description":"Les visiteuses et visiteurs du parc zoologique ne resteront pas sur leur faim.","og_url":"https:\/\/tierpark-bern.ch\/fr\/visite-au-zoo\/restauration\/","og_site_name":"Tierpark Bern","article_publisher":"https:\/\/www.facebook.com\/tierparkbern\/","article_modified_time":"2024-03-09T12:13:57+00:00","og_image":[{"width":2255,"height":1500,"url":"https:\/\/tierpark-bern.ch\/web\/app\/uploads\/2022\/02\/tierpark-restaurant-daehlhoelzli-schweiz-2.jpg","type":"image\/jpeg"}],"schema":{"@context":"https:\/\/schema.org","@graph":[{"@type":"WebPage","@id":"https:\/\/tierpark-bern.ch\/fr\/visite-au-zoo\/restauration\/","url":"https:\/\/tierpark-bern.ch\/fr\/visite-au-zoo\/restauration\/","name":"Restauration | Tierpark Bern","isPartOf":{"@id":"https:\/\/tierpark-bern.ch\/fr\/#website"},"primaryImageOfPage":{"@id":"https:\/\/tierpark-bern.ch\/fr\/visite-au-zoo\/restauration\/#primaryimage"},"image":{"@id":"https:\/\/tierpark-bern.ch\/fr\/visite-au-zoo\/restauration\/#primaryimage"},"thumbnailUrl":"https:\/\/tierpark-bern.ch\/web\/app\/uploads\/2022\/02\/tierpark-restaurant-daehlhoelzli-schweiz-2.jpg","datePublished":"2020-08-14T09:08:53+00:00","dateModified":"2024-03-09T12:13:57+00:00","description":"Les visiteuses et visiteurs du parc zoologique ne resteront pas sur leur faim.","breadcrumb":{"@id":"https:\/\/tierpark-bern.ch\/fr\/visite-au-zoo\/restauration\/#breadcrumb"},"inLanguage":"fr-FR","potentialAction":[{"@type":"ReadAction","target":["https:\/\/tierpark-bern.ch\/fr\/visite-au-zoo\/restauration\/"]}]},{"@type":"ImageObject","inLanguage":"fr-FR","@id":"https:\/\/tierpark-bern.ch\/fr\/visite-au-zoo\/restauration\/#primaryimage","url":"https:\/\/tierpark-bern.ch\/web\/app\/uploads\/2022\/02\/tierpark-restaurant-daehlhoelzli-schweiz-2.jpg","contentUrl":"https:\/\/tierpark-bern.ch\/web\/app\/uploads\/2022\/02\/tierpark-restaurant-daehlhoelzli-schweiz-2.jpg","width":2255,"height":1500,"caption":"Am lauschigen Ufer der Aare, am Eingang zum Tierpark."},{"@type":"BreadcrumbList","@id":"https:\/\/tierpark-bern.ch\/fr\/visite-au-zoo\/restauration\/#breadcrumb","itemListElement":[{"@type":"ListItem","position":1,"name":"Home","item":"https:\/\/tierpark-bern.ch\/fr\/home\/"},{"@type":"ListItem","position":2,"name":"Visite au zoo","item":"https:\/\/tierpark-bern.ch\/fr\/visite-au-zoo\/"},{"@type":"ListItem","position":3,"name":"Restauration"}]},{"@type":"WebSite","@id":"https:\/\/tierpark-bern.ch\/fr\/#website","url":"https:\/\/tierpark-bern.ch\/fr\/","name":"Tierpark Bern","description":"","publisher":{"@id":"https:\/\/tierpark-bern.ch\/fr\/#organization"},"potentialAction":[{"@type":"SearchAction","target":{"@type":"EntryPoint","urlTemplate":"https:\/\/tierpark-bern.ch\/fr\/?s={search_term_string}"},"query-input":{"@type":"PropertyValueSpecification","valueRequired":true,"valueName":"search_term_string"}}],"inLanguage":"fr-FR"},{"@type":"Organization","@id":"https:\/\/tierpark-bern.ch\/fr\/#organization","name":"Tierpark Bern | D\u00e4hlh\u00f6lzli + B\u00e4renPark","alternateName":"Tierpark Bern","url":"https:\/\/tierpark-bern.ch\/fr\/","logo":{"@type":"ImageObject","inLanguage":"fr-FR","@id":"https:\/\/tierpark-bern.ch\/fr\/#\/schema\/logo\/image\/","url":"https:\/\/tierpark-bern.ch\/web\/app\/uploads\/2024\/04\/tierpark-bern-696x696-1.jpg","contentUrl":"https:\/\/tierpark-bern.ch\/web\/app\/uploads\/2024\/04\/tierpark-bern-696x696-1.jpg","width":696,"height":696,"caption":"Tierpark Bern | D\u00e4hlh\u00f6lzli + B\u00e4renPark"},"image":{"@id":"https:\/\/tierpark-bern.ch\/fr\/#\/schema\/logo\/image\/"},"sameAs":["https:\/\/www.facebook.com\/tierparkbern\/","https:\/\/x.com\/tierparkbern","https:\/\/www.instagram.com\/tierparkbern\/"]}]}},"_links":{"self":[{"href":"https:\/\/tierpark-bern.ch\/fr\/wp-json\/wp\/v2\/pages\/46117","targetHints":{"allow":["GET"]}}],"collection":[{"href":"https:\/\/tierpark-bern.ch\/fr\/wp-json\/wp\/v2\/pages"}],"about":[{"href":"https:\/\/tierpark-bern.ch\/fr\/wp-json\/wp\/v2\/types\/page"}],"author":[{"embeddable":true,"href":"https:\/\/tierpark-bern.ch\/fr\/wp-json\/wp\/v2\/users\/1"}],"replies":[{"embeddable":true,"href":"https:\/\/tierpark-bern.ch\/fr\/wp-json\/wp\/v2\/comments?post=46117"}],"version-history":[{"count":0,"href":"https:\/\/tierpark-bern.ch\/fr\/wp-json\/wp\/v2\/pages\/46117\/revisions"}],"up":[{"embeddable":true,"href":"https:\/\/tierpark-bern.ch\/fr\/wp-json\/wp\/v2\/pages\/38558"}],"wp:featuredmedia":[{"embeddable":true,"href":"https:\/\/tierpark-bern.ch\/fr\/wp-json\/wp\/v2\/media\/20979"}],"wp:attachment":[{"href":"https:\/\/tierpark-bern.ch\/fr\/wp-json\/wp\/v2\/media?parent=46117"}],"curies":[{"name":"wp","href":"https:\/\/api.w.org\/{rel}","templated":true}]}}