{"id":46124,"date":"2021-08-15T23:20:11","date_gmt":"2021-08-15T21:20:11","guid":{"rendered":"https:\/\/tierpark-bern.ch\/?page_id=46124"},"modified":"2022-10-23T22:09:15","modified_gmt":"2022-10-23T20:09:15","slug":"protection-de-la-nature","status":"publish","type":"page","link":"https:\/\/tierpark-bern.ch\/fr\/protection-de-la-nature-et-animaux\/protection-de-la-nature\/","title":{"rendered":"Protection de la nature"},"content":{"rendered":"<div class=\"wpb-content-wrapper\"><p>[vc_row][vc_column][vc_column_text]<\/p>\n<h1>Protection de la nature<\/h1>\n<p>La biodiversit\u00e9 locale est en chute libre, et la Suisse perd en ce moment de tr\u00e8s nombreuses esp\u00e8ces. Le parc zoologique vise \u00e0 offrir plus de place aux animaux dans la nature et s\u2019engage ainsi pour une plus grande biodiversit\u00e9. Le Parc zoologique de Berne se situe en pleine nature et comprend d\u00e9j\u00e0 diff\u00e9rents habitats semi-naturels. De tels habitats continueront d\u2019\u00eatre promus et d\u2019autres verront encore le jour \u2013 afin de favoriser la diversit\u00e9 au zoo et dans ses environs, et par l\u00e0 d\u2019augmenter la biodiversit\u00e9 en milieu urbain. Contributions en allemand seulement![\/vc_column_text][\/vc_column][\/vc_row][vc_row][vc_column][vc_column_text]<section class=\"section no-padding-top no-padding-bottom\">\n                        <div class=\"wild-news naturschutz-news\">\n                            <div class=\"row-list col-container\"> <div class=\"list-item\">\n                         <div class=\"wild-news-section\" data-href=\"https:\/\/tierpark-bern.ch\/fr\/news\/berner-kaeferprojekt\/\">\n                             <p><img decoding=\"async\" class=\"wild-news__img\" src=\" https:\/\/tierpark-bern.ch\/web\/app\/uploads\/2023\/06\/nashornkaefer_T4A7064-min-630x419.jpg\" alt=\"Nahaufnahme eines Nashornk\u00e4fers\"><\/p>\n                             <div class=\"card card-info background--tiere\">\n                                  <div class=\"card-body\">\n                                      <div class=\"d-flex flex-column h-100\">\n                                          <p class=\"card-title mb-3\">\u00abNash\u00f6rner\u00bb in Bern ausgewildert<\/p>\n                                          <p class=\"mb-0\">Das weltweit beobachtete Insektensterben ist ein grosses und besorgniserregendes Ph\u00e4nomen. F\u00fcr diesen R\u00fcckgang gibt es viele Gr\u00fcnde.<\/p>\n                                      <\/div>\n                                  <\/div>\n                                  <div class=\"card-footer\"><a class=\"button button-wild-news tiere-item__link\" aria-label=\"En savoir plus sur \u00abNash\u00f6rner\u00bb in Bern ausgewildert\" href=\"https:\/\/tierpark-bern.ch\/fr\/news\/berner-kaeferprojekt\/\">En savoir plus <i class=\"vc_btn3-icon fa fa-arrow-right\"><\/i> <\/a><\/div>\n                                  <\/div>\n                             <\/div>\n                         <\/div><div class=\"list-item\">\n                         <div class=\"wild-news-section\" data-href=\"https:\/\/tierpark-bern.ch\/fr\/news\/mehr-raum-fuer-kleinsaeuger\/\">\n                             <p><img decoding=\"async\" class=\"wild-news__img\" src=\" https:\/\/tierpark-bern.ch\/web\/app\/uploads\/2020\/07\/Zoo-Bern-Muscardinus-avellanarius_1500X1000-630x419.jpg\" alt=\"Haselmaus sitzt im Strauch und frisst eine Brombeere\"><\/p>\n                             <div class=\"card card-info background--tiere\">\n                                  <div class=\"card-body\">\n                                      <div class=\"d-flex flex-column h-100\">\n                                          <p class=\"card-title mb-3\">Mehr Raum f\u00fcr Kleins\u00e4uger<\/p>\n                                          <p class=\"mb-0\">F\u00f6rderung und Monitoring der kleinen S\u00e4ugetiere auf dem Areal des Tierpark Bern.<\/p>\n                                      <\/div>\n                                  <\/div>\n                                  <div class=\"card-footer\"><a class=\"button button-wild-news tiere-item__link\" aria-label=\"En savoir plus sur Mehr Raum f\u00fcr Kleins\u00e4uger\" href=\"https:\/\/tierpark-bern.ch\/fr\/news\/mehr-raum-fuer-kleinsaeuger\/\">En savoir plus <i class=\"vc_btn3-icon fa fa-arrow-right\"><\/i> <\/a><\/div>\n                                  <\/div>\n                             <\/div>\n                         <\/div><div class=\"list-item\">\n                         <div class=\"wild-news-section\" data-href=\"https:\/\/tierpark-bern.ch\/fr\/news\/projet-en-faveur-des-amphibiens-et-des-reptiles\/\">\n                             <p><img decoding=\"async\" class=\"wild-news__img\" src=\" https:\/\/tierpark-bern.ch\/web\/app\/uploads\/2020\/07\/Amphibienprojekt-Tierpark-Bern-5-630x419.jpg\" alt=\"Nahaufnahme von zwei Gelbbauchunken\"><\/p>\n                             <div class=\"card card-info background--tiere\">\n                                  <div class=\"card-body\">\n                                      <div class=\"d-flex flex-column h-100\">\n                                          <p class=\"card-title mb-3\">Projet en faveur des amphibiens et des reptiles<\/p>\n                                          <p class=\"mb-0\">Dans le cadre de l\u2019ann\u00e9e de la biodiversit\u00e9 de la ville de Berne, plac\u00e9e sous la devise \u00abNatur braucht Stadt\u00bb <\/p>\n                                      <\/div>\n                                  <\/div>\n                                  <div class=\"card-footer\"><a class=\"button button-wild-news tiere-item__link\" aria-label=\"En savoir plus sur Projet en faveur des amphibiens et des reptiles\" href=\"https:\/\/tierpark-bern.ch\/fr\/news\/projet-en-faveur-des-amphibiens-et-des-reptiles\/\">En savoir plus <i class=\"vc_btn3-icon fa fa-arrow-right\"><\/i> <\/a><\/div>\n                                  <\/div>\n                             <\/div>\n                         <\/div><\/div>\n                    <\/div><div class=\"col-12 top-50\">\n                                    <div id=\"naturschutzloadMore\" class=\"load-more-news\">\n                                     <p class=\"button button-background--tierpark\">Afficher les autres nouveaut\u00e9s<\/p>\n                                    <\/div>\n                                  <\/div><\/section>[\/vc_column_text][\/vc_column][\/vc_row]<\/p>\n<\/div>","protected":false},"excerpt":{"rendered":"<p>La biodiversit\u00e9 locale est en chute libre, et la Suisse perd en ce moment de tr\u00e8s nombreuses esp\u00e8ces.<\/p>\n","protected":false},"author":1,"featured_media":16553,"parent":46121,"menu_order":0,"comment_status":"closed","ping_status":"closed","template":"","meta":{"_acf_changed":false,"footnotes":""},"class_list":["post-46124","page","type-page","status-publish","has-post-thumbnail","hentry"],"acf":[],"yoast_head":"<title>Protection de la nature | Tierpark Bern<\/title>\n<meta name=\"description\" content=\"La biodiversit\u00e9 locale est en chute libre, et la Suisse perd en ce moment de tr\u00e8s nombreuses esp\u00e8ces.\" \/>\n<meta name=\"robots\" content=\"index, follow, max-snippet:-1, max-image-preview:large, max-video-preview:-1\" \/>\n<link rel=\"canonical\" href=\"https:\/\/tierpark-bern.ch\/fr\/protection-de-la-nature-et-animaux\/protection-de-la-nature\/\" \/>\n<meta property=\"og:locale\" content=\"fr_FR\" \/>\n<meta property=\"og:type\" content=\"article\" \/>\n<meta property=\"og:title\" content=\"Protection de la nature | Tierpark Bern\" \/>\n<meta property=\"og:description\" content=\"La biodiversit\u00e9 locale est en chute libre, et la Suisse perd en ce moment de tr\u00e8s nombreuses esp\u00e8ces.\" \/>\n<meta property=\"og:url\" content=\"https:\/\/tierpark-bern.ch\/fr\/protection-de-la-nature-et-animaux\/protection-de-la-nature\/\" \/>\n<meta property=\"og:site_name\" content=\"Tierpark Bern\" \/>\n<meta property=\"article:publisher\" content=\"https:\/\/www.facebook.com\/tierparkbern\/\" \/>\n<meta property=\"article:modified_time\" content=\"2022-10-23T20:09:15+00:00\" \/>\n<meta property=\"og:image\" content=\"https:\/\/tierpark-bern.ch\/web\/app\/uploads\/2021\/08\/frosche_kroten_molche_bergmolche_peter_schlup_004_website.jpg\" \/>\n\t<meta property=\"og:image:width\" content=\"560\" \/>\n\t<meta property=\"og:image:height\" content=\"375\" \/>\n\t<meta property=\"og:image:type\" content=\"image\/jpeg\" \/>\n<script type=\"application\/ld+json\" class=\"yoast-schema-graph\">{\"@context\":\"https:\/\/schema.org\",\"@graph\":[{\"@type\":\"WebPage\",\"@id\":\"https:\/\/tierpark-bern.ch\/fr\/protection-de-la-nature-et-animaux\/protection-de-la-nature\/\",\"url\":\"https:\/\/tierpark-bern.ch\/fr\/protection-de-la-nature-et-animaux\/protection-de-la-nature\/\",\"name\":\"Protection de la nature | Tierpark Bern\",\"isPartOf\":{\"@id\":\"https:\/\/tierpark-bern.ch\/fr\/#website\"},\"primaryImageOfPage\":{\"@id\":\"https:\/\/tierpark-bern.ch\/fr\/protection-de-la-nature-et-animaux\/protection-de-la-nature\/#primaryimage\"},\"image\":{\"@id\":\"https:\/\/tierpark-bern.ch\/fr\/protection-de-la-nature-et-animaux\/protection-de-la-nature\/#primaryimage\"},\"thumbnailUrl\":\"https:\/\/tierpark-bern.ch\/web\/app\/uploads\/2021\/08\/frosche_kroten_molche_bergmolche_peter_schlup_004_website.jpg\",\"datePublished\":\"2021-08-15T21:20:11+00:00\",\"dateModified\":\"2022-10-23T20:09:15+00:00\",\"description\":\"La biodiversit\u00e9 locale est en chute libre, et la Suisse perd en ce moment de tr\u00e8s nombreuses esp\u00e8ces.\",\"breadcrumb\":{\"@id\":\"https:\/\/tierpark-bern.ch\/fr\/protection-de-la-nature-et-animaux\/protection-de-la-nature\/#breadcrumb\"},\"inLanguage\":\"fr-FR\",\"potentialAction\":[{\"@type\":\"ReadAction\",\"target\":[\"https:\/\/tierpark-bern.ch\/fr\/protection-de-la-nature-et-animaux\/protection-de-la-nature\/\"]}]},{\"@type\":\"ImageObject\",\"inLanguage\":\"fr-FR\",\"@id\":\"https:\/\/tierpark-bern.ch\/fr\/protection-de-la-nature-et-animaux\/protection-de-la-nature\/#primaryimage\",\"url\":\"https:\/\/tierpark-bern.ch\/web\/app\/uploads\/2021\/08\/frosche_kroten_molche_bergmolche_peter_schlup_004_website.jpg\",\"contentUrl\":\"https:\/\/tierpark-bern.ch\/web\/app\/uploads\/2021\/08\/frosche_kroten_molche_bergmolche_peter_schlup_004_website.jpg\",\"width\":560,\"height\":375,\"caption\":\"Bergmolche im Hochzeitskleid\"},{\"@type\":\"BreadcrumbList\",\"@id\":\"https:\/\/tierpark-bern.ch\/fr\/protection-de-la-nature-et-animaux\/protection-de-la-nature\/#breadcrumb\",\"itemListElement\":[{\"@type\":\"ListItem\",\"position\":1,\"name\":\"Home\",\"item\":\"https:\/\/tierpark-bern.ch\/fr\/home\/\"},{\"@type\":\"ListItem\",\"position\":2,\"name\":\"Protection de la nature et animaux\",\"item\":\"https:\/\/tierpark-bern.ch\/fr\/protection-de-la-nature-et-animaux\/\"},{\"@type\":\"ListItem\",\"position\":3,\"name\":\"Protection de la nature\"}]},{\"@type\":\"WebSite\",\"@id\":\"https:\/\/tierpark-bern.ch\/fr\/#website\",\"url\":\"https:\/\/tierpark-bern.ch\/fr\/\",\"name\":\"Tierpark Bern\",\"description\":\"\",\"publisher\":{\"@id\":\"https:\/\/tierpark-bern.ch\/fr\/#organization\"},\"potentialAction\":[{\"@type\":\"SearchAction\",\"target\":{\"@type\":\"EntryPoint\",\"urlTemplate\":\"https:\/\/tierpark-bern.ch\/fr\/?s={search_term_string}\"},\"query-input\":{\"@type\":\"PropertyValueSpecification\",\"valueRequired\":true,\"valueName\":\"search_term_string\"}}],\"inLanguage\":\"fr-FR\"},{\"@type\":\"Organization\",\"@id\":\"https:\/\/tierpark-bern.ch\/fr\/#organization\",\"name\":\"Tierpark Bern | D\u00e4hlh\u00f6lzli + B\u00e4renPark\",\"alternateName\":\"Tierpark Bern\",\"url\":\"https:\/\/tierpark-bern.ch\/fr\/\",\"logo\":{\"@type\":\"ImageObject\",\"inLanguage\":\"fr-FR\",\"@id\":\"https:\/\/tierpark-bern.ch\/fr\/#\/schema\/logo\/image\/\",\"url\":\"https:\/\/tierpark-bern.ch\/web\/app\/uploads\/2024\/04\/tierpark-bern-696x696-1.jpg\",\"contentUrl\":\"https:\/\/tierpark-bern.ch\/web\/app\/uploads\/2024\/04\/tierpark-bern-696x696-1.jpg\",\"width\":696,\"height\":696,\"caption\":\"Tierpark Bern | D\u00e4hlh\u00f6lzli + B\u00e4renPark\"},\"image\":{\"@id\":\"https:\/\/tierpark-bern.ch\/fr\/#\/schema\/logo\/image\/\"},\"sameAs\":[\"https:\/\/www.facebook.com\/tierparkbern\/\",\"https:\/\/x.com\/tierparkbern\",\"https:\/\/www.instagram.com\/tierparkbern\/\"]}]}<\/script>","yoast_head_json":{"title":"Protection de la nature | Tierpark Bern","description":"La biodiversit\u00e9 locale est en chute libre, et la Suisse perd en ce moment de tr\u00e8s nombreuses esp\u00e8ces.","robots":{"index":"index","follow":"follow","max-snippet":"max-snippet:-1","max-image-preview":"max-image-preview:large","max-video-preview":"max-video-preview:-1"},"canonical":"https:\/\/tierpark-bern.ch\/fr\/protection-de-la-nature-et-animaux\/protection-de-la-nature\/","og_locale":"fr_FR","og_type":"article","og_title":"Protection de la nature | Tierpark Bern","og_description":"La biodiversit\u00e9 locale est en chute libre, et la Suisse perd en ce moment de tr\u00e8s nombreuses esp\u00e8ces.","og_url":"https:\/\/tierpark-bern.ch\/fr\/protection-de-la-nature-et-animaux\/protection-de-la-nature\/","og_site_name":"Tierpark Bern","article_publisher":"https:\/\/www.facebook.com\/tierparkbern\/","article_modified_time":"2022-10-23T20:09:15+00:00","og_image":[{"width":560,"height":375,"url":"https:\/\/tierpark-bern.ch\/web\/app\/uploads\/2021\/08\/frosche_kroten_molche_bergmolche_peter_schlup_004_website.jpg","type":"image\/jpeg"}],"schema":{"@context":"https:\/\/schema.org","@graph":[{"@type":"WebPage","@id":"https:\/\/tierpark-bern.ch\/fr\/protection-de-la-nature-et-animaux\/protection-de-la-nature\/","url":"https:\/\/tierpark-bern.ch\/fr\/protection-de-la-nature-et-animaux\/protection-de-la-nature\/","name":"Protection de la nature | Tierpark Bern","isPartOf":{"@id":"https:\/\/tierpark-bern.ch\/fr\/#website"},"primaryImageOfPage":{"@id":"https:\/\/tierpark-bern.ch\/fr\/protection-de-la-nature-et-animaux\/protection-de-la-nature\/#primaryimage"},"image":{"@id":"https:\/\/tierpark-bern.ch\/fr\/protection-de-la-nature-et-animaux\/protection-de-la-nature\/#primaryimage"},"thumbnailUrl":"https:\/\/tierpark-bern.ch\/web\/app\/uploads\/2021\/08\/frosche_kroten_molche_bergmolche_peter_schlup_004_website.jpg","datePublished":"2021-08-15T21:20:11+00:00","dateModified":"2022-10-23T20:09:15+00:00","description":"La biodiversit\u00e9 locale est en chute libre, et la Suisse perd en ce moment de tr\u00e8s nombreuses esp\u00e8ces.","breadcrumb":{"@id":"https:\/\/tierpark-bern.ch\/fr\/protection-de-la-nature-et-animaux\/protection-de-la-nature\/#breadcrumb"},"inLanguage":"fr-FR","potentialAction":[{"@type":"ReadAction","target":["https:\/\/tierpark-bern.ch\/fr\/protection-de-la-nature-et-animaux\/protection-de-la-nature\/"]}]},{"@type":"ImageObject","inLanguage":"fr-FR","@id":"https:\/\/tierpark-bern.ch\/fr\/protection-de-la-nature-et-animaux\/protection-de-la-nature\/#primaryimage","url":"https:\/\/tierpark-bern.ch\/web\/app\/uploads\/2021\/08\/frosche_kroten_molche_bergmolche_peter_schlup_004_website.jpg","contentUrl":"https:\/\/tierpark-bern.ch\/web\/app\/uploads\/2021\/08\/frosche_kroten_molche_bergmolche_peter_schlup_004_website.jpg","width":560,"height":375,"caption":"Bergmolche im Hochzeitskleid"},{"@type":"BreadcrumbList","@id":"https:\/\/tierpark-bern.ch\/fr\/protection-de-la-nature-et-animaux\/protection-de-la-nature\/#breadcrumb","itemListElement":[{"@type":"ListItem","position":1,"name":"Home","item":"https:\/\/tierpark-bern.ch\/fr\/home\/"},{"@type":"ListItem","position":2,"name":"Protection de la nature et animaux","item":"https:\/\/tierpark-bern.ch\/fr\/protection-de-la-nature-et-animaux\/"},{"@type":"ListItem","position":3,"name":"Protection de la nature"}]},{"@type":"WebSite","@id":"https:\/\/tierpark-bern.ch\/fr\/#website","url":"https:\/\/tierpark-bern.ch\/fr\/","name":"Tierpark Bern","description":"","publisher":{"@id":"https:\/\/tierpark-bern.ch\/fr\/#organization"},"potentialAction":[{"@type":"SearchAction","target":{"@type":"EntryPoint","urlTemplate":"https:\/\/tierpark-bern.ch\/fr\/?s={search_term_string}"},"query-input":{"@type":"PropertyValueSpecification","valueRequired":true,"valueName":"search_term_string"}}],"inLanguage":"fr-FR"},{"@type":"Organization","@id":"https:\/\/tierpark-bern.ch\/fr\/#organization","name":"Tierpark Bern | D\u00e4hlh\u00f6lzli + B\u00e4renPark","alternateName":"Tierpark Bern","url":"https:\/\/tierpark-bern.ch\/fr\/","logo":{"@type":"ImageObject","inLanguage":"fr-FR","@id":"https:\/\/tierpark-bern.ch\/fr\/#\/schema\/logo\/image\/","url":"https:\/\/tierpark-bern.ch\/web\/app\/uploads\/2024\/04\/tierpark-bern-696x696-1.jpg","contentUrl":"https:\/\/tierpark-bern.ch\/web\/app\/uploads\/2024\/04\/tierpark-bern-696x696-1.jpg","width":696,"height":696,"caption":"Tierpark Bern | D\u00e4hlh\u00f6lzli + B\u00e4renPark"},"image":{"@id":"https:\/\/tierpark-bern.ch\/fr\/#\/schema\/logo\/image\/"},"sameAs":["https:\/\/www.facebook.com\/tierparkbern\/","https:\/\/x.com\/tierparkbern","https:\/\/www.instagram.com\/tierparkbern\/"]}]}},"_links":{"self":[{"href":"https:\/\/tierpark-bern.ch\/fr\/wp-json\/wp\/v2\/pages\/46124","targetHints":{"allow":["GET"]}}],"collection":[{"href":"https:\/\/tierpark-bern.ch\/fr\/wp-json\/wp\/v2\/pages"}],"about":[{"href":"https:\/\/tierpark-bern.ch\/fr\/wp-json\/wp\/v2\/types\/page"}],"author":[{"embeddable":true,"href":"https:\/\/tierpark-bern.ch\/fr\/wp-json\/wp\/v2\/users\/1"}],"replies":[{"embeddable":true,"href":"https:\/\/tierpark-bern.ch\/fr\/wp-json\/wp\/v2\/comments?post=46124"}],"version-history":[{"count":0,"href":"https:\/\/tierpark-bern.ch\/fr\/wp-json\/wp\/v2\/pages\/46124\/revisions"}],"up":[{"embeddable":true,"href":"https:\/\/tierpark-bern.ch\/fr\/wp-json\/wp\/v2\/pages\/46121"}],"wp:featuredmedia":[{"embeddable":true,"href":"https:\/\/tierpark-bern.ch\/fr\/wp-json\/wp\/v2\/media\/16553"}],"wp:attachment":[{"href":"https:\/\/tierpark-bern.ch\/fr\/wp-json\/wp\/v2\/media?parent=46124"}],"curies":[{"name":"wp","href":"https:\/\/api.w.org\/{rel}","templated":true}]}}