{"id":46146,"date":"2021-12-05T19:42:46","date_gmt":"2021-12-05T18:42:46","guid":{"rendered":"https:\/\/tierpark-bern.ch\/?page_id=46146"},"modified":"2023-04-20T09:38:28","modified_gmt":"2023-04-20T07:38:28","slug":"association-des-amis-du-zoo-de-berne","status":"publish","type":"page","link":"https:\/\/tierpark-bern.ch\/fr\/soutenir\/association-des-amis-du-zoo-de-berne\/","title":{"rendered":"Association des amis du zoo de Berne"},"content":{"rendered":"<div class=\"wpb-content-wrapper\"><p>[vc_row][vc_column][vc_column_text]<\/p>\n<h1>Association des amis du zoo de Berne<\/h1>\n<p>L\u2019Association des amis du zoo de Berne contribue activement au d\u00e9veloppement du parc zoologique de Berne aux fins d\u2019une d\u00e9tention respectueuse du bien-\u00eatre des animaux, dans un habitat semi-naturel. L\u2019association a par ailleurs pour mission de sensibiliser un maximum de personnes \u00e0 la protection de la nature et des esp\u00e8ces. Elle encourage ainsi les connaissances sur la diversit\u00e9 et les interactions biologiques.<\/p>\n<h2>Une communaut\u00e9 remontant \u00e0 1930<\/h2>\n<p>L\u2019Association des amis du zoo de Berne compte plus de 8000 membres. Depuis sa cr\u00e9ation en 1930, elle a investi plus de 20 millions de francs dans le parc zoologique de Berne sous forme de contributions \u00e0 la r\u00e9alisation de nouveaux enclos, d\u2019activit\u00e9s p\u00e9dagogiques et de prestations dans le secteur des relations publiques. L&#8217;association du parc zoologique de Berne est pr\u00e9sid\u00e9e par Sergio Zanelli et supervis\u00e9e par un comit\u00e9 de cinq personnes qui mettent gratuitement leur grand savoir-faire \u00e0 disposition.<\/p>\n<h2>Magazine UHU<\/h2>\n<p>Avec son tirage de 15 000 exemplaires, le magazine gratuit du parc zoologique de Berne est largement diffus\u00e9 et tr\u00e8s appr\u00e9ci\u00e9. Quatre \u00e9ditions par an informent les membres \u00e0 propos de la vie de l\u2019association et des derniers d\u00e9veloppements du zoo. Le magazine UHU parvient par poste aux membres de l\u2019association ainsi qu\u2019aux parrains d\u2019un animal du D\u00e4hlh\u00f6lzli.<\/p>\n<p><a class=\"button button--tierpark\" href=\"https:\/\/tierpark-bern.ch\/aktuelles\/vereinszeitschrift\/\" rel=\"noopener\">Vous trouverez ici le dernier num\u00e9ro et les \u00e9ditions ant\u00e9rieures du magazine. (en allemand seulement) <\/a>[\/vc_column_text][vc_column_text]<\/p>\n<h2>Soutenir l\u2019Association des amis du zoo de Berne<\/h2>\n<p>Une cotisation annuelle de membre de 20 francs contribue d\u00e9j\u00e0 \u00e0 pr\u00e9server le parc zoologique de Berne pour nos enfants et nos petits-enfants. Vous recevrez encore notre magazine trimestriel gratuit UHU, le plan illustr\u00e9 du zoo et des invitations aux \u00e9v\u00e9nements organis\u00e9s par le parc zoologique.<\/p>\n<p><a class=\"button button--tierpark\" href=\"https:\/\/www.tierparkverein.ch\/mitgliedschaft\/\" target=\"_blank\" rel=\"noopener\">S\u2019inscrire en 5 minutes \u00e0 l\u2019Association des amis du zoo de Berne (en allemand seulement) <\/a>[\/vc_column_text][\/vc_column][\/vc_row][vc_row][vc_column][vc_empty_space][\/vc_column][\/vc_row][vc_row][vc_column width=&#8221;1\/2&#8243;][vc_single_image image=&#8221;25244&#8243; img_size=&#8221;570&#215;379&#8243; el_class=&#8221;article-image&#8221;][\/vc_column][vc_column width=&#8221;1\/2&#8243;][vc_single_image image=&#8221;25238&#8243; img_size=&#8221;570&#215;379&#8243; el_class=&#8221;article-image&#8221;][\/vc_column][\/vc_row][vc_row][vc_column][vc_empty_space][\/vc_column][\/vc_row][vc_row][vc_column][vc_column_text]<\/p>\n<h2>Adresse du secr\u00e9tariat<\/h2>\n<p>Association des amis du zoo de Berne (TPV)<br \/>\nGerechtigkeitsgasse 22<br \/>\n3011 Berne[\/vc_column_text][vc_column_text]<\/p>\n<h2>T\u00e9l\u00e9phone<\/h2>\n<p>+41 31 311 73 25<\/p>\n<p>Du lundi au vendredi de 08h00 \u00e0 12h00[\/vc_column_text][vc_column_text]<a class=\"button button--tierpark\" href=\"https:\/\/www.tierparkverein.ch\" target=\"_blank\" rel=\"noopener\">Site Web de l\u2019Association des amis du zoo de Berne (en allemand seulement) <\/a>[\/vc_column_text][\/vc_column][\/vc_row][vc_row][vc_column][vc_column_text]<section class=\"section no-padding-bottom page-suggestion-container\">\n            <div class=\"container\">\n                <div class=\"row bottom-50\">\n                    <div class=\"col-12\">\n                        <div class=\"heading heading--primary heading--center\">\n                            <h2 class=\"heading__title no-margin-bottom\"><span>Autres Th\u00e8mes<\/span><\/h2>\n                        <\/div>\n                    <\/div>\n                <\/div>\n                <div class=\"row\"><div class=\"col-md-6 col-xl-4 \">\n                        <div class=\"service-content\" tabindex=\"0\" role=\"link\" onclick=\"suggestionLinkfunction(this);\" data-href=\"https:\/\/tierpark-bern.ch\/fr\/actualites\/magazine-du-parc-animalier\/\">\n                            <img decoding=\"async\" src=\"https:\/\/tierpark-bern.ch\/web\/app\/uploads\/2020\/07\/tierpark-bern-daehlhoelzli-zoo-27-386x230.jpg\" alt=\"\"\/>\n                                <div class=\"service-desc\">\n                                    <div class=\"vcenter\">\n                                        <div class=\"titel\">UHU &#8211; Tierpark Magazin<\/div>\n                                    <\/div>\n                                <\/div>\n                        <\/div>\n                    <\/div><div class=\"col-md-6 col-xl-4 \">\n                        <div class=\"service-content\" tabindex=\"0\" role=\"link\" onclick=\"suggestionLinkfunction(this);\" data-href=\"https:\/\/tierpark-bern.ch\/fr\/soutenir\/parrainages-danimaux\/\">\n                            <img decoding=\"async\" src=\"https:\/\/tierpark-bern.ch\/web\/app\/uploads\/2022\/02\/Sterna-paradisaea-2-386x230.jpg\" alt=\"\"\/>\n                                <div class=\"service-desc\">\n                                    <div class=\"vcenter\">\n                                        <div class=\"titel\">Parrainages d\u2019animaux<\/div>\n                                    <\/div>\n                                <\/div>\n                        <\/div>\n                    <\/div><div class=\"col-md-6 col-xl-4 \">\n                        <div class=\"service-content\" tabindex=\"0\" role=\"link\" onclick=\"suggestionLinkfunction(this);\" data-href=\"https:\/\/tierpark-bern.ch\/fr\/visite-au-zoo\/zoo-shop\/\">\n                            <img decoding=\"async\" src=\"https:\/\/tierpark-bern.ch\/web\/app\/uploads\/2022\/02\/ZooShop-Tierpark-Bern-2-386x230.jpg\" alt=\"\"\/>\n                                <div class=\"service-desc\">\n                                    <div class=\"vcenter\">\n                                        <div class=\"titel\">Zoo Shop<\/div>\n                                    <\/div>\n                                <\/div>\n                        <\/div>\n                    <\/div><\/div>\n            <\/div>\n        <\/section>[\/vc_column_text][\/vc_column][\/vc_row]<\/p>\n<\/div>","protected":false},"excerpt":{"rendered":"<p>L\u2019Association des amis du zoo de Berne contribue activement au d\u00e9veloppement du parc zoologique de Berne<\/p>\n","protected":false},"author":1,"featured_media":23280,"parent":46497,"menu_order":0,"comment_status":"closed","ping_status":"closed","template":"","meta":{"_acf_changed":false,"footnotes":""},"class_list":["post-46146","page","type-page","status-publish","has-post-thumbnail","hentry"],"acf":[],"yoast_head":"<title>Association des amis du zoo de Berne | Tierpark Bern<\/title>\n<meta name=\"description\" content=\"L\u2019Association des amis du zoo de Berne contribue activement au d\u00e9veloppement du parc zoologique de Berne\" \/>\n<meta name=\"robots\" content=\"index, follow, max-snippet:-1, max-image-preview:large, max-video-preview:-1\" \/>\n<link rel=\"canonical\" href=\"https:\/\/tierpark-bern.ch\/fr\/soutenir\/association-des-amis-du-zoo-de-berne\/\" \/>\n<meta property=\"og:locale\" content=\"fr_FR\" \/>\n<meta property=\"og:type\" content=\"article\" \/>\n<meta property=\"og:title\" content=\"Association des amis du zoo de Berne | Tierpark Bern\" \/>\n<meta property=\"og:description\" content=\"L\u2019Association des amis du zoo de Berne contribue activement au d\u00e9veloppement du parc zoologique de Berne\" \/>\n<meta property=\"og:url\" content=\"https:\/\/tierpark-bern.ch\/fr\/soutenir\/association-des-amis-du-zoo-de-berne\/\" \/>\n<meta property=\"og:site_name\" content=\"Tierpark Bern\" \/>\n<meta property=\"article:publisher\" content=\"https:\/\/www.facebook.com\/tierparkbern\/\" \/>\n<meta property=\"article:modified_time\" content=\"2023-04-20T07:38:28+00:00\" \/>\n<meta property=\"og:image\" content=\"https:\/\/tierpark-bern.ch\/web\/app\/uploads\/2022\/02\/uhu-jungtier-tierpark-bern-14.jpg\" \/>\n\t<meta property=\"og:image:width\" content=\"1500\" \/>\n\t<meta property=\"og:image:height\" content=\"998\" \/>\n\t<meta property=\"og:image:type\" content=\"image\/jpeg\" \/>\n<script type=\"application\/ld+json\" class=\"yoast-schema-graph\">{\"@context\":\"https:\/\/schema.org\",\"@graph\":[{\"@type\":\"WebPage\",\"@id\":\"https:\/\/tierpark-bern.ch\/fr\/soutenir\/association-des-amis-du-zoo-de-berne\/\",\"url\":\"https:\/\/tierpark-bern.ch\/fr\/soutenir\/association-des-amis-du-zoo-de-berne\/\",\"name\":\"Association des amis du zoo de Berne | Tierpark Bern\",\"isPartOf\":{\"@id\":\"https:\/\/tierpark-bern.ch\/fr\/#website\"},\"primaryImageOfPage\":{\"@id\":\"https:\/\/tierpark-bern.ch\/fr\/soutenir\/association-des-amis-du-zoo-de-berne\/#primaryimage\"},\"image\":{\"@id\":\"https:\/\/tierpark-bern.ch\/fr\/soutenir\/association-des-amis-du-zoo-de-berne\/#primaryimage\"},\"thumbnailUrl\":\"https:\/\/tierpark-bern.ch\/web\/app\/uploads\/2022\/02\/uhu-jungtier-tierpark-bern-14.jpg\",\"datePublished\":\"2021-12-05T18:42:46+00:00\",\"dateModified\":\"2023-04-20T07:38:28+00:00\",\"description\":\"L\u2019Association des amis du zoo de Berne contribue activement au d\u00e9veloppement du parc zoologique de Berne\",\"breadcrumb\":{\"@id\":\"https:\/\/tierpark-bern.ch\/fr\/soutenir\/association-des-amis-du-zoo-de-berne\/#breadcrumb\"},\"inLanguage\":\"fr-FR\",\"potentialAction\":[{\"@type\":\"ReadAction\",\"target\":[\"https:\/\/tierpark-bern.ch\/fr\/soutenir\/association-des-amis-du-zoo-de-berne\/\"]}]},{\"@type\":\"ImageObject\",\"inLanguage\":\"fr-FR\",\"@id\":\"https:\/\/tierpark-bern.ch\/fr\/soutenir\/association-des-amis-du-zoo-de-berne\/#primaryimage\",\"url\":\"https:\/\/tierpark-bern.ch\/web\/app\/uploads\/2022\/02\/uhu-jungtier-tierpark-bern-14.jpg\",\"contentUrl\":\"https:\/\/tierpark-bern.ch\/web\/app\/uploads\/2022\/02\/uhu-jungtier-tierpark-bern-14.jpg\",\"width\":1500,\"height\":998,\"caption\":\"3\"},{\"@type\":\"BreadcrumbList\",\"@id\":\"https:\/\/tierpark-bern.ch\/fr\/soutenir\/association-des-amis-du-zoo-de-berne\/#breadcrumb\",\"itemListElement\":[{\"@type\":\"ListItem\",\"position\":1,\"name\":\"Home\",\"item\":\"https:\/\/tierpark-bern.ch\/fr\/home\/\"},{\"@type\":\"ListItem\",\"position\":2,\"name\":\"Soutenir\",\"item\":\"https:\/\/tierpark-bern.ch\/fr\/soutenir\/\"},{\"@type\":\"ListItem\",\"position\":3,\"name\":\"Association des amis du zoo de Berne\"}]},{\"@type\":\"WebSite\",\"@id\":\"https:\/\/tierpark-bern.ch\/fr\/#website\",\"url\":\"https:\/\/tierpark-bern.ch\/fr\/\",\"name\":\"Tierpark Bern\",\"description\":\"\",\"publisher\":{\"@id\":\"https:\/\/tierpark-bern.ch\/fr\/#organization\"},\"potentialAction\":[{\"@type\":\"SearchAction\",\"target\":{\"@type\":\"EntryPoint\",\"urlTemplate\":\"https:\/\/tierpark-bern.ch\/fr\/?s={search_term_string}\"},\"query-input\":{\"@type\":\"PropertyValueSpecification\",\"valueRequired\":true,\"valueName\":\"search_term_string\"}}],\"inLanguage\":\"fr-FR\"},{\"@type\":\"Organization\",\"@id\":\"https:\/\/tierpark-bern.ch\/fr\/#organization\",\"name\":\"Tierpark Bern | D\u00e4hlh\u00f6lzli + B\u00e4renPark\",\"alternateName\":\"Tierpark Bern\",\"url\":\"https:\/\/tierpark-bern.ch\/fr\/\",\"logo\":{\"@type\":\"ImageObject\",\"inLanguage\":\"fr-FR\",\"@id\":\"https:\/\/tierpark-bern.ch\/fr\/#\/schema\/logo\/image\/\",\"url\":\"https:\/\/tierpark-bern.ch\/web\/app\/uploads\/2024\/04\/tierpark-bern-696x696-1.jpg\",\"contentUrl\":\"https:\/\/tierpark-bern.ch\/web\/app\/uploads\/2024\/04\/tierpark-bern-696x696-1.jpg\",\"width\":696,\"height\":696,\"caption\":\"Tierpark Bern | D\u00e4hlh\u00f6lzli + B\u00e4renPark\"},\"image\":{\"@id\":\"https:\/\/tierpark-bern.ch\/fr\/#\/schema\/logo\/image\/\"},\"sameAs\":[\"https:\/\/www.facebook.com\/tierparkbern\/\",\"https:\/\/x.com\/tierparkbern\",\"https:\/\/www.instagram.com\/tierparkbern\/\"]}]}<\/script>","yoast_head_json":{"title":"Association des amis du zoo de Berne | Tierpark Bern","description":"L\u2019Association des amis du zoo de Berne contribue activement au d\u00e9veloppement du parc zoologique de Berne","robots":{"index":"index","follow":"follow","max-snippet":"max-snippet:-1","max-image-preview":"max-image-preview:large","max-video-preview":"max-video-preview:-1"},"canonical":"https:\/\/tierpark-bern.ch\/fr\/soutenir\/association-des-amis-du-zoo-de-berne\/","og_locale":"fr_FR","og_type":"article","og_title":"Association des amis du zoo de Berne | Tierpark Bern","og_description":"L\u2019Association des amis du zoo de Berne contribue activement au d\u00e9veloppement du parc zoologique de Berne","og_url":"https:\/\/tierpark-bern.ch\/fr\/soutenir\/association-des-amis-du-zoo-de-berne\/","og_site_name":"Tierpark Bern","article_publisher":"https:\/\/www.facebook.com\/tierparkbern\/","article_modified_time":"2023-04-20T07:38:28+00:00","og_image":[{"width":1500,"height":998,"url":"https:\/\/tierpark-bern.ch\/web\/app\/uploads\/2022\/02\/uhu-jungtier-tierpark-bern-14.jpg","type":"image\/jpeg"}],"schema":{"@context":"https:\/\/schema.org","@graph":[{"@type":"WebPage","@id":"https:\/\/tierpark-bern.ch\/fr\/soutenir\/association-des-amis-du-zoo-de-berne\/","url":"https:\/\/tierpark-bern.ch\/fr\/soutenir\/association-des-amis-du-zoo-de-berne\/","name":"Association des amis du zoo de Berne | Tierpark Bern","isPartOf":{"@id":"https:\/\/tierpark-bern.ch\/fr\/#website"},"primaryImageOfPage":{"@id":"https:\/\/tierpark-bern.ch\/fr\/soutenir\/association-des-amis-du-zoo-de-berne\/#primaryimage"},"image":{"@id":"https:\/\/tierpark-bern.ch\/fr\/soutenir\/association-des-amis-du-zoo-de-berne\/#primaryimage"},"thumbnailUrl":"https:\/\/tierpark-bern.ch\/web\/app\/uploads\/2022\/02\/uhu-jungtier-tierpark-bern-14.jpg","datePublished":"2021-12-05T18:42:46+00:00","dateModified":"2023-04-20T07:38:28+00:00","description":"L\u2019Association des amis du zoo de Berne contribue activement au d\u00e9veloppement du parc zoologique de Berne","breadcrumb":{"@id":"https:\/\/tierpark-bern.ch\/fr\/soutenir\/association-des-amis-du-zoo-de-berne\/#breadcrumb"},"inLanguage":"fr-FR","potentialAction":[{"@type":"ReadAction","target":["https:\/\/tierpark-bern.ch\/fr\/soutenir\/association-des-amis-du-zoo-de-berne\/"]}]},{"@type":"ImageObject","inLanguage":"fr-FR","@id":"https:\/\/tierpark-bern.ch\/fr\/soutenir\/association-des-amis-du-zoo-de-berne\/#primaryimage","url":"https:\/\/tierpark-bern.ch\/web\/app\/uploads\/2022\/02\/uhu-jungtier-tierpark-bern-14.jpg","contentUrl":"https:\/\/tierpark-bern.ch\/web\/app\/uploads\/2022\/02\/uhu-jungtier-tierpark-bern-14.jpg","width":1500,"height":998,"caption":"3"},{"@type":"BreadcrumbList","@id":"https:\/\/tierpark-bern.ch\/fr\/soutenir\/association-des-amis-du-zoo-de-berne\/#breadcrumb","itemListElement":[{"@type":"ListItem","position":1,"name":"Home","item":"https:\/\/tierpark-bern.ch\/fr\/home\/"},{"@type":"ListItem","position":2,"name":"Soutenir","item":"https:\/\/tierpark-bern.ch\/fr\/soutenir\/"},{"@type":"ListItem","position":3,"name":"Association des amis du zoo de Berne"}]},{"@type":"WebSite","@id":"https:\/\/tierpark-bern.ch\/fr\/#website","url":"https:\/\/tierpark-bern.ch\/fr\/","name":"Tierpark Bern","description":"","publisher":{"@id":"https:\/\/tierpark-bern.ch\/fr\/#organization"},"potentialAction":[{"@type":"SearchAction","target":{"@type":"EntryPoint","urlTemplate":"https:\/\/tierpark-bern.ch\/fr\/?s={search_term_string}"},"query-input":{"@type":"PropertyValueSpecification","valueRequired":true,"valueName":"search_term_string"}}],"inLanguage":"fr-FR"},{"@type":"Organization","@id":"https:\/\/tierpark-bern.ch\/fr\/#organization","name":"Tierpark Bern | D\u00e4hlh\u00f6lzli + B\u00e4renPark","alternateName":"Tierpark Bern","url":"https:\/\/tierpark-bern.ch\/fr\/","logo":{"@type":"ImageObject","inLanguage":"fr-FR","@id":"https:\/\/tierpark-bern.ch\/fr\/#\/schema\/logo\/image\/","url":"https:\/\/tierpark-bern.ch\/web\/app\/uploads\/2024\/04\/tierpark-bern-696x696-1.jpg","contentUrl":"https:\/\/tierpark-bern.ch\/web\/app\/uploads\/2024\/04\/tierpark-bern-696x696-1.jpg","width":696,"height":696,"caption":"Tierpark Bern | D\u00e4hlh\u00f6lzli + B\u00e4renPark"},"image":{"@id":"https:\/\/tierpark-bern.ch\/fr\/#\/schema\/logo\/image\/"},"sameAs":["https:\/\/www.facebook.com\/tierparkbern\/","https:\/\/x.com\/tierparkbern","https:\/\/www.instagram.com\/tierparkbern\/"]}]}},"_links":{"self":[{"href":"https:\/\/tierpark-bern.ch\/fr\/wp-json\/wp\/v2\/pages\/46146","targetHints":{"allow":["GET"]}}],"collection":[{"href":"https:\/\/tierpark-bern.ch\/fr\/wp-json\/wp\/v2\/pages"}],"about":[{"href":"https:\/\/tierpark-bern.ch\/fr\/wp-json\/wp\/v2\/types\/page"}],"author":[{"embeddable":true,"href":"https:\/\/tierpark-bern.ch\/fr\/wp-json\/wp\/v2\/users\/1"}],"replies":[{"embeddable":true,"href":"https:\/\/tierpark-bern.ch\/fr\/wp-json\/wp\/v2\/comments?post=46146"}],"version-history":[{"count":0,"href":"https:\/\/tierpark-bern.ch\/fr\/wp-json\/wp\/v2\/pages\/46146\/revisions"}],"up":[{"embeddable":true,"href":"https:\/\/tierpark-bern.ch\/fr\/wp-json\/wp\/v2\/pages\/46497"}],"wp:featuredmedia":[{"embeddable":true,"href":"https:\/\/tierpark-bern.ch\/fr\/wp-json\/wp\/v2\/media\/23280"}],"wp:attachment":[{"href":"https:\/\/tierpark-bern.ch\/fr\/wp-json\/wp\/v2\/media?parent=46146"}],"curies":[{"name":"wp","href":"https:\/\/api.w.org\/{rel}","templated":true}]}}