{"id":46217,"date":"2021-12-14T13:32:20","date_gmt":"2021-12-14T12:32:20","guid":{"rendered":"https:\/\/tierpark-bern.ch\/?page_id=46217"},"modified":"2025-10-29T11:29:52","modified_gmt":"2025-10-29T10:29:52","slug":"billets-prix","status":"publish","type":"page","link":"https:\/\/tierpark-bern.ch\/fr\/visite-au-zoo\/billets-prix\/","title":{"rendered":"Billets &#038; Prix"},"content":{"rendered":"<div class=\"wpb-content-wrapper\"><p>[vc_row][vc_column][vc_column_text]<\/p>\n<h1>BILLETS &amp; PRIX<\/h1>\n<p>Zoo du D\u00e4hlh\u00f6lzli[\/vc_column_text][\/vc_column][\/vc_row][vc_row css=&#8221;.vc_custom_1639480248857{margin-right: 0px !important;margin-left: 0px !important;}&#8221;][vc_column el_class=&#8221;zoo-wrapper&#8221;][vc_row_inner equal_height=&#8221;yes&#8221; gap=&#8221;30&#8243;][vc_column_inner el_class=&#8221;tbl-eintrittspreise&#8221; width=&#8221;1\/2&#8243; css=&#8221;.vc_custom_1639482224331{padding-top: 30px !important;padding-right: 20px !important;padding-left: 20px !important;background-color: #006558 !important;}&#8221;][vc_column_text css=&#8221;.vc_custom_1660681591303{margin-bottom: 15px !important;}&#8221;]<\/p>\n<h2>Billet journalier<\/h2>\n<p>[\/vc_column_text][vc_column_text]<\/p>\n<ul>\n<li><span class=\"item\">Adultes (d\u00e8s 16 ans)<\/span><br \/>\n<span class=\"item\">CHF 11.-*<\/span><\/li>\n<li><span class=\"item\">Enfants de 6 \u00e0 15 ans<\/span><br \/>\n<span class=\"item\">CHF 7.-*<\/span><\/li>\n<li><span class=\"item\">Enfants jusqu\u2019\u00e0 6 ans<\/span><br \/>\n<span class=\"item\">gratuit<\/span><\/li>\n<li><span class=\"item\">Familles (max. 2 adultes, max. 4 enfants de 6 \u00e0 15 ans)<\/span><br \/>\n<span class=\"item\">CHF 28.-***<\/span><\/li>\n<\/ul>\n<p>[\/vc_column_text][vc_btn title=&#8221;Autres billets journaliers&#8221; style=&#8221;flat&#8221; shape=&#8221;square&#8221; color=&#8221;white&#8221; size=&#8221;lg&#8221; i_align=&#8221;right&#8221; i_icon_fontawesome=&#8221;fas fa-arrow-right&#8221; add_icon=&#8221;true&#8221; el_class=&#8221;btn-zoo&#8221; link=&#8221;url:https%3A%2F%2Ftierpark-bern.ch%2Ffr%2Fvisite-au-zoo%2Fbillets-prix%2Fbillet-journalier%2F&#8221;][\/vc_column_inner][vc_column_inner el_class=&#8221;tbl-eintrittspreise&#8221; width=&#8221;1\/2&#8243; css=&#8221;.vc_custom_1639480485949{background-color: #006558 !important;}&#8221;][vc_column_text css=&#8221;.vc_custom_1660681690244{margin-bottom: 15px !important;}&#8221;]<\/p>\n<h2>R\u00e9ductions<\/h2>\n<p>[\/vc_column_text][vc_column_text]<\/p>\n<ul>\n<li><span class=\"item\">AVS\/AI, apprentis, \u00e9tudiants<\/span><br \/>\n<span class=\"item\">CHF 9.-*<\/span><\/li>\n<li><span class=\"item\">AI: enfants de 6 \u00e0 15 ans<\/span><br \/>\n<span class=\"item\">CHF 6.-*<\/span><\/li>\n<li><span class=\"item\">TPV: amis du zoo de Berne, adultes<\/span><br \/>\n<span class=\"item\">CHF 9.-*<\/span><\/li>\n<li><span class=\"item\">TPV: affiliation familiale, enfants de 6 \u00e0 15 ans<\/span><br \/>\n<span class=\"item\">CHF 6.-*<\/span><\/li>\n<\/ul>\n<p>[\/vc_column_text][vc_btn title=&#8221;Autres r\u00e9ductions&#8221; style=&#8221;flat&#8221; shape=&#8221;square&#8221; color=&#8221;white&#8221; size=&#8221;lg&#8221; i_align=&#8221;right&#8221; i_icon_fontawesome=&#8221;fas fa-arrow-right&#8221; add_icon=&#8221;true&#8221; el_class=&#8221;btn-zoo&#8221; link=&#8221;url:https%3A%2F%2Ftierpark-bern.ch%2Ffr%2Fvisite-au-zoo%2Fbillets-prix%2Freductions%2F&#8221;][\/vc_column_inner][\/vc_row_inner][\/vc_column][\/vc_row][vc_row css=&#8221;.vc_custom_1639480248857{margin-right: 0px !important;margin-left: 0px !important;}&#8221;][vc_column el_class=&#8221;zoo-wrapper&#8221;][vc_row_inner equal_height=&#8221;yes&#8221; gap=&#8221;30&#8243;][vc_column_inner el_class=&#8221;tbl-eintrittspreise&#8221; width=&#8221;1\/2&#8243; css=&#8221;.vc_custom_1639482224331{padding-top: 30px !important;padding-right: 20px !important;padding-left: 20px !important;background-color: #006558 !important;}&#8221;][vc_column_text css=&#8221;.vc_custom_1660681837820{margin-bottom: 15px !important;}&#8221;]<\/p>\n<h2>Cartes annuelles<\/h2>\n<p>[\/vc_column_text][vc_column_text]<\/p>\n<ul>\n<li><span class=\"item\">Adultes (d\u00e8s 16 ans)<\/span><br \/>\n<span class=\"item\">CHF 80.-**<\/span><\/li>\n<li><span class=\"item\">Enfants de 6 \u00e0 15 ans<\/span><br \/>\n<span class=\"item\">CHF 45.-****<\/span><\/li>\n<li><span class=\"item\">AI: enfants de 6 \u00e0 15 ans<\/span><br \/>\n<span class=\"item\">CHF 45.-****<\/span><\/li>\n<li><span class=\"item\">Familles (max. 2 adultes, max. 4 enfants de 6 \u00e0 15 ans)<\/span><br \/>\n<span class=\"item\">CHF 140.-**<\/span><\/li>\n<li><span class=\"item\">AVS\/AI<\/span><br \/>\n<span class=\"item\">CHF 60.-**<\/span><\/li>\n<li><span class=\"item\">Apprentis, \u00e9tudiants<\/span><br \/>\n<span class=\"item\">CHF 55.-****<\/span><\/li>\n<\/ul>\n<p>[\/vc_column_text][vc_btn title=&#8221;Autres cartes annuelles&#8221; style=&#8221;flat&#8221; shape=&#8221;square&#8221; color=&#8221;white&#8221; size=&#8221;lg&#8221; i_align=&#8221;right&#8221; i_icon_fontawesome=&#8221;fas fa-arrow-right&#8221; add_icon=&#8221;true&#8221; el_class=&#8221;btn-zoo&#8221; link=&#8221;url:https%3A%2F%2Ftierpark-bern.ch%2Ffr%2Fvisite-au-zoo%2Fbillets-prix%2Fcartes-annuelles%2F&#8221;][\/vc_column_inner][vc_column_inner el_class=&#8221;tbl-eintrittspreise&#8221; width=&#8221;1\/2&#8243; css=&#8221;.vc_custom_1639480485949{background-color: #006558 !important;}&#8221;][vc_column_text css=&#8221;.vc_custom_1660681996794{margin-bottom: 15px !important;}&#8221;]<\/p>\n<h2>\u00c9coles<\/h2>\n<p>[\/vc_column_text][vc_column_text]<\/p>\n<ul>\n<li><span class=\"item\">\u00c9coles de la Ville, enfants d\u00e8s 6 ans + 1 enseignant<\/span><br \/>\n<span class=\"item\">gratis<\/span><\/li>\n<li><span class=\"item\">Autres \u00e9coles, enfants d\u00e8s 6 ans (1 enseignant gratuit)<\/span><br \/>\n<span class=\"item\">CHF 6.-<\/span><\/li>\n<li><span class=\"item\">Formation initiale (1 professeur gratuit)<\/span><br \/>\n<span class=\"item\">CHF 6.-<\/span><\/li>\n<li><span class=\"item\">Accompagnant, cours scolaires<\/span><br \/>\n<span class=\"item\">CHF 8.-<\/span><\/li>\n<\/ul>\n<p>[\/vc_column_text][vc_btn title=&#8221;Infos sur les prix pour les classes&#8221; style=&#8221;flat&#8221; shape=&#8221;square&#8221; color=&#8221;white&#8221; size=&#8221;lg&#8221; i_align=&#8221;right&#8221; i_icon_fontawesome=&#8221;fas fa-arrow-right&#8221; add_icon=&#8221;true&#8221; el_class=&#8221;btn-zoo&#8221; link=&#8221;url:https%3A%2F%2Ftierpark-bern.ch%2Ffr%2Fvisite-au-zoo%2Fbillets-prix%2Fclasses-decole%2F&#8221;][\/vc_column_inner][\/vc_row_inner][\/vc_column][\/vc_row][vc_row css=&#8221;.vc_custom_1639480248857{margin-right: 0px !important;margin-left: 0px !important;}&#8221;][vc_column el_class=&#8221;zoo-wrapper&#8221;][vc_row_inner equal_height=&#8221;yes&#8221; gap=&#8221;30&#8243;][vc_column_inner el_class=&#8221;tbl-eintrittspreise&#8221; width=&#8221;1\/2&#8243; css=&#8221;.vc_custom_1639482224331{padding-top: 30px !important;padding-right: 20px !important;padding-left: 20px !important;background-color: #006558 !important;}&#8221;][vc_column_text css=&#8221;.vc_custom_1660682069248{margin-bottom: 15px !important;}&#8221;]<\/p>\n<h2>Groupes<\/h2>\n<p>[\/vc_column_text][vc_column_text]<\/p>\n<ul>\n<li><span class=\"item\">Soci\u00e9t\u00e9s \/ groupes (d\u00e8s 20 personnes) par personne<\/span><br \/>\n<span class=\"item\">CHF 9.-*<\/span><\/li>\n<\/ul>\n<p>[\/vc_column_text][vc_btn title=&#8221;Prix pour groupes&#8221; style=&#8221;flat&#8221; shape=&#8221;square&#8221; color=&#8221;white&#8221; size=&#8221;lg&#8221; i_align=&#8221;right&#8221; i_icon_fontawesome=&#8221;fas fa-arrow-right&#8221; add_icon=&#8221;true&#8221; el_class=&#8221;btn-zoo&#8221; link=&#8221;url:https%3A%2F%2Ftierpark-bern.ch%2Ffr%2Fvisite-au-zoo%2Fbillets-prix%2Fprix-de-groupe%2F&#8221;][\/vc_column_inner][vc_column_inner el_class=&#8221;tbl-eintrittspreise&#8221; width=&#8221;1\/2&#8243; css=&#8221;.vc_custom_1640003127693{padding-top: 30px !important;padding-right: 20px !important;padding-left: 20px !important;background-color: #006558 !important;}&#8221;][vc_column_text css=&#8221;.vc_custom_1660682101032{margin-bottom: 15px !important;}&#8221;]<\/p>\n<h2>Bons<\/h2>\n<p>[\/vc_column_text][vc_column_text]G\u00e2tez-vos proches! Passez commande de bons-cadeaux personnalis\u00e9s, imprimez-les et offrez-les sans attendre.[\/vc_column_text][vc_btn title=&#8221;Commande de bons&#8221; style=&#8221;flat&#8221; shape=&#8221;square&#8221; color=&#8221;white&#8221; size=&#8221;lg&#8221; i_align=&#8221;right&#8221; i_icon_fontawesome=&#8221;fas fa-arrow-right&#8221; add_icon=&#8221;true&#8221; el_class=&#8221;btn-zoo&#8221; link=&#8221;url:https%3A%2F%2Fshop.e-guma.ch%2Ftierpark-bern%2Ffr%2Fbons-cadeaux|target:_blank&#8221;][\/vc_column_inner][\/vc_row_inner][\/vc_column][\/vc_row][vc_row][vc_column][vc_column_text]<strong>*Les prix comprennent <a href=\"https:\/\/tierpark-bern.ch\/fr\/soutenir\/naturschutzfranken\/\">le franc de protection de la nature<\/a> (* CHF 1.00 \/ ** CHF 10.00\/ *** CHF 4.00, **** CHF 5.00). Les visiteurs qui ne souhaitent pas payer ce montant peuvent le faire savoir \u00e0 la caisse.<\/strong>[\/vc_column_text][vc_empty_space][vc_column_text css=&#8221;&#8221;]<\/p>\n<h3><strong>Veuillez prendre note des documents suivants:<\/strong><\/h3>\n<p><a href=\"https:\/\/tierpark-bern.ch\/fr\/datenschutzerklaerung\/\" target=\"_blank\" rel=\"noopener\">D\u00e9claration de traitement des donn\u00e9es (en allemand seulement)<\/a><\/p>\n<p><a href=\"https:\/\/tierpark-bern.ch\/web\/app\/uploads\/2025\/10\/2025_10_29_AGB_neuer-Claim.pdf\" target=\"_blank\" rel=\"noopener\">CG des cartes journali\u00e8res et des cartes annuelles (PDF, 131 KB, en allemand seulement )<\/a>[\/vc_column_text][vc_empty_space height=&#8221;22px&#8221;][\/vc_column][\/vc_row][vc_row][vc_column][vc_column_text]<\/p>\n<h3>Diversit\u00e9 au D\u00e4hlh\u00f6lzli<\/h3>\n<p>Le zoo du D\u00e4hlh\u00f6lzli abrite essentiellement des esp\u00e8ces locales ou europ\u00e9ennes. Au vivarium, soit au c\u0153ur du zoo, les visiteurs peuvent observer des esp\u00e8ces exotiques tels les ouistitis, des serpents, des varans et des crocodiles, des grenouilles \u00e9mettant de puissants coassements et des oiseaux originaires de r\u00e9gions subtropicales d\u2019Asie, d\u2019Afrique et d\u2019Am\u00e9rique, dont certains volent librement dans la serre. Trois grands aquariums font d\u00e9couvrir les \u00e9cosyst\u00e8mes du bassin amazonien, des r\u00e9cifs coralliens et de la mangrove.<br \/>\nDerri\u00e8re le vivarium, les enclos nordiques avec des b\u0153ufs musqu\u00e9s semblant tout droit sortis de la pr\u00e9histoire et de remuants macareux moines (deux esp\u00e8ces visibles nulle part ailleurs en Suisse) c\u00f4toient les enclos des phoques communs, des l\u00e9opards, des loups, des ours et de bien d\u2019autres esp\u00e8ces encore.<\/p>\n<p>Un billet journalier ou une carte annuelle vous plongeront dans la diversit\u00e9 du zoo du D\u00e4hlh\u00f6lzli.<\/p>\n<h3>Bords de l\u2019Aar et zoo pour enfants avec esp\u00e8ces indig\u00e8nes<\/h3>\n<p>Les enclos longeant l\u2019Aar h\u00e9bergent des esp\u00e8ces presque exclusivement locales, comme le bouquetin, le chamois, la loutre et le sanglier. Chacune et chacun peut ainsi voir gratuitement les animaux \u00e0 l\u2019\u00e9tat naturel, comme d\u2019ailleurs au zoo pour enfants, o\u00f9 vivent diff\u00e9rents animaux de rente.[\/vc_column_text][\/vc_column][\/vc_row][vc_row][vc_column][vc_column_text]<section class=\"section no-padding-bottom page-suggestion-container\">\n            <div class=\"container\">\n                <div class=\"row bottom-50\">\n                    <div class=\"col-12\">\n                        <div class=\"heading heading--primary heading--center\">\n                            <h2 class=\"heading__title no-margin-bottom\"><span>Autres Th\u00e8mes<\/span><\/h2>\n                        <\/div>\n                    <\/div>\n                <\/div>\n                <div class=\"row\"><div class=\"col-md-6 col-xl-4 \">\n                        <div class=\"service-content\" tabindex=\"0\" role=\"link\" onclick=\"suggestionLinkfunction(this);\" data-href=\"https:\/\/tierpark-bern.ch\/fr\/visite-au-zoo\/acces-au-daehlhoelzli\/\">\n                            <img decoding=\"async\" src=\"https:\/\/tierpark-bern.ch\/web\/app\/uploads\/2020\/07\/tierpark-bern-daehlhoelzli-zoo-85-386x230.jpg\" alt=\"\"\/>\n                                <div class=\"service-desc\">\n                                    <div class=\"vcenter\">\n                                        <div class=\"titel\">Acc\u00e8s au D\u00e4hlh\u00f6lzli<\/div>\n                                    <\/div>\n                                <\/div>\n                        <\/div>\n                    <\/div><div class=\"col-md-6 col-xl-4 \">\n                        <div class=\"service-content\" tabindex=\"0\" role=\"link\" onclick=\"suggestionLinkfunction(this);\" data-href=\"https:\/\/tierpark-bern.ch\/fr\/visite-au-zoo\/heures-douverture\/\">\n                            <img decoding=\"async\" src=\"https:\/\/tierpark-bern.ch\/web\/app\/uploads\/2020\/07\/leopard-rando-Tierpark-Bern-96-386x230.jpg\" alt=\"\"\/>\n                                <div class=\"service-desc\">\n                                    <div class=\"vcenter\">\n                                        <div class=\"titel\">Heures d&#8217;ouverture<\/div>\n                                    <\/div>\n                                <\/div>\n                        <\/div>\n                    <\/div><div class=\"col-md-6 col-xl-4 \">\n                        <div class=\"service-content\" tabindex=\"0\" role=\"link\" onclick=\"suggestionLinkfunction(this);\" data-href=\"https:\/\/tierpark-bern.ch\/fr\/visite-au-zoo\/accessibilite-du-parc-zoologique\/\">\n                            <img decoding=\"async\" src=\"https:\/\/tierpark-bern.ch\/web\/app\/uploads\/2020\/07\/reptilien-tierpark-bern-20-386x230.jpg\" alt=\"\"\/>\n                                <div class=\"service-desc\">\n                                    <div class=\"vcenter\">\n                                        <div class=\"titel\">Accessibilit\u00e9 du parc zoologique<\/div>\n                                    <\/div>\n                                <\/div>\n                        <\/div>\n                    <\/div><\/div>\n            <\/div>\n        <\/section>[\/vc_column_text][\/vc_column][\/vc_row]<\/p>\n<\/div>","protected":false},"excerpt":{"rendered":"<p>L&#8217;entr\u00e9e au zoo du D\u00e4hlh\u00f6lzli est payante. Les installations pour animaux au bord de l&#8217;Aar et le zoo pour enfants sont en acc\u00e8s libre.<\/p>\n","protected":false},"author":1,"featured_media":24809,"parent":38558,"menu_order":0,"comment_status":"closed","ping_status":"closed","template":"","meta":{"_acf_changed":false,"footnotes":""},"class_list":["post-46217","page","type-page","status-publish","has-post-thumbnail","hentry"],"acf":[],"yoast_head":"<title>Billets &amp; Prix | Tierpark Bern<\/title>\n<meta name=\"description\" content=\"L&#039;entr\u00e9e au zoo du D\u00e4hlh\u00f6lzli est payante. Les installations pour animaux au bord de l&#039;Aar et le zoo pour enfants sont en acc\u00e8s libre.\" \/>\n<meta name=\"robots\" content=\"index, follow, max-snippet:-1, max-image-preview:large, max-video-preview:-1\" \/>\n<link rel=\"canonical\" href=\"https:\/\/tierpark-bern.ch\/fr\/visite-au-zoo\/billets-prix\/\" \/>\n<meta property=\"og:locale\" content=\"fr_FR\" \/>\n<meta property=\"og:type\" content=\"article\" \/>\n<meta property=\"og:title\" content=\"Billets &amp; Prix | Tierpark Bern\" \/>\n<meta property=\"og:description\" content=\"L&#039;entr\u00e9e au zoo du D\u00e4hlh\u00f6lzli est payante. Les installations pour animaux au bord de l&#039;Aar et le zoo pour enfants sont en acc\u00e8s libre.\" \/>\n<meta property=\"og:url\" content=\"https:\/\/tierpark-bern.ch\/fr\/visite-au-zoo\/billets-prix\/\" \/>\n<meta property=\"og:site_name\" content=\"Tierpark Bern\" \/>\n<meta property=\"article:publisher\" content=\"https:\/\/www.facebook.com\/tierparkbern\/\" \/>\n<meta property=\"article:modified_time\" content=\"2025-10-29T10:29:52+00:00\" \/>\n<meta property=\"og:image\" content=\"https:\/\/tierpark-bern.ch\/web\/app\/uploads\/2022\/03\/Madagaskar-Taggecko.jpg\" \/>\n\t<meta property=\"og:image:width\" content=\"1500\" \/>\n\t<meta property=\"og:image:height\" content=\"998\" \/>\n\t<meta property=\"og:image:type\" content=\"image\/jpeg\" \/>\n<script type=\"application\/ld+json\" class=\"yoast-schema-graph\">{\"@context\":\"https:\/\/schema.org\",\"@graph\":[{\"@type\":\"WebPage\",\"@id\":\"https:\/\/tierpark-bern.ch\/fr\/visite-au-zoo\/billets-prix\/\",\"url\":\"https:\/\/tierpark-bern.ch\/fr\/visite-au-zoo\/billets-prix\/\",\"name\":\"Billets & Prix | Tierpark Bern\",\"isPartOf\":{\"@id\":\"https:\/\/tierpark-bern.ch\/fr\/#website\"},\"primaryImageOfPage\":{\"@id\":\"https:\/\/tierpark-bern.ch\/fr\/visite-au-zoo\/billets-prix\/#primaryimage\"},\"image\":{\"@id\":\"https:\/\/tierpark-bern.ch\/fr\/visite-au-zoo\/billets-prix\/#primaryimage\"},\"thumbnailUrl\":\"https:\/\/tierpark-bern.ch\/web\/app\/uploads\/2022\/03\/Madagaskar-Taggecko.jpg\",\"datePublished\":\"2021-12-14T12:32:20+00:00\",\"dateModified\":\"2025-10-29T10:29:52+00:00\",\"description\":\"L'entr\u00e9e au zoo du D\u00e4hlh\u00f6lzli est payante. Les installations pour animaux au bord de l'Aar et le zoo pour enfants sont en acc\u00e8s libre.\",\"breadcrumb\":{\"@id\":\"https:\/\/tierpark-bern.ch\/fr\/visite-au-zoo\/billets-prix\/#breadcrumb\"},\"inLanguage\":\"fr-FR\",\"potentialAction\":[{\"@type\":\"ReadAction\",\"target\":[\"https:\/\/tierpark-bern.ch\/fr\/visite-au-zoo\/billets-prix\/\"]}]},{\"@type\":\"ImageObject\",\"inLanguage\":\"fr-FR\",\"@id\":\"https:\/\/tierpark-bern.ch\/fr\/visite-au-zoo\/billets-prix\/#primaryimage\",\"url\":\"https:\/\/tierpark-bern.ch\/web\/app\/uploads\/2022\/03\/Madagaskar-Taggecko.jpg\",\"contentUrl\":\"https:\/\/tierpark-bern.ch\/web\/app\/uploads\/2022\/03\/Madagaskar-Taggecko.jpg\",\"width\":1500,\"height\":998},{\"@type\":\"BreadcrumbList\",\"@id\":\"https:\/\/tierpark-bern.ch\/fr\/visite-au-zoo\/billets-prix\/#breadcrumb\",\"itemListElement\":[{\"@type\":\"ListItem\",\"position\":1,\"name\":\"Home\",\"item\":\"https:\/\/tierpark-bern.ch\/fr\/home\/\"},{\"@type\":\"ListItem\",\"position\":2,\"name\":\"Visite au zoo\",\"item\":\"https:\/\/tierpark-bern.ch\/fr\/visite-au-zoo\/\"},{\"@type\":\"ListItem\",\"position\":3,\"name\":\"Billets &#038; Prix\"}]},{\"@type\":\"WebSite\",\"@id\":\"https:\/\/tierpark-bern.ch\/fr\/#website\",\"url\":\"https:\/\/tierpark-bern.ch\/fr\/\",\"name\":\"Tierpark Bern\",\"description\":\"\",\"publisher\":{\"@id\":\"https:\/\/tierpark-bern.ch\/fr\/#organization\"},\"potentialAction\":[{\"@type\":\"SearchAction\",\"target\":{\"@type\":\"EntryPoint\",\"urlTemplate\":\"https:\/\/tierpark-bern.ch\/fr\/?s={search_term_string}\"},\"query-input\":{\"@type\":\"PropertyValueSpecification\",\"valueRequired\":true,\"valueName\":\"search_term_string\"}}],\"inLanguage\":\"fr-FR\"},{\"@type\":\"Organization\",\"@id\":\"https:\/\/tierpark-bern.ch\/fr\/#organization\",\"name\":\"Tierpark Bern | D\u00e4hlh\u00f6lzli + B\u00e4renPark\",\"alternateName\":\"Tierpark Bern\",\"url\":\"https:\/\/tierpark-bern.ch\/fr\/\",\"logo\":{\"@type\":\"ImageObject\",\"inLanguage\":\"fr-FR\",\"@id\":\"https:\/\/tierpark-bern.ch\/fr\/#\/schema\/logo\/image\/\",\"url\":\"https:\/\/tierpark-bern.ch\/web\/app\/uploads\/2024\/04\/tierpark-bern-696x696-1.jpg\",\"contentUrl\":\"https:\/\/tierpark-bern.ch\/web\/app\/uploads\/2024\/04\/tierpark-bern-696x696-1.jpg\",\"width\":696,\"height\":696,\"caption\":\"Tierpark Bern | D\u00e4hlh\u00f6lzli + B\u00e4renPark\"},\"image\":{\"@id\":\"https:\/\/tierpark-bern.ch\/fr\/#\/schema\/logo\/image\/\"},\"sameAs\":[\"https:\/\/www.facebook.com\/tierparkbern\/\",\"https:\/\/x.com\/tierparkbern\",\"https:\/\/www.instagram.com\/tierparkbern\/\"]}]}<\/script>","yoast_head_json":{"title":"Billets & Prix | Tierpark Bern","description":"L'entr\u00e9e au zoo du D\u00e4hlh\u00f6lzli est payante. Les installations pour animaux au bord de l'Aar et le zoo pour enfants sont en acc\u00e8s libre.","robots":{"index":"index","follow":"follow","max-snippet":"max-snippet:-1","max-image-preview":"max-image-preview:large","max-video-preview":"max-video-preview:-1"},"canonical":"https:\/\/tierpark-bern.ch\/fr\/visite-au-zoo\/billets-prix\/","og_locale":"fr_FR","og_type":"article","og_title":"Billets & Prix | Tierpark Bern","og_description":"L'entr\u00e9e au zoo du D\u00e4hlh\u00f6lzli est payante. Les installations pour animaux au bord de l'Aar et le zoo pour enfants sont en acc\u00e8s libre.","og_url":"https:\/\/tierpark-bern.ch\/fr\/visite-au-zoo\/billets-prix\/","og_site_name":"Tierpark Bern","article_publisher":"https:\/\/www.facebook.com\/tierparkbern\/","article_modified_time":"2025-10-29T10:29:52+00:00","og_image":[{"width":1500,"height":998,"url":"https:\/\/tierpark-bern.ch\/web\/app\/uploads\/2022\/03\/Madagaskar-Taggecko.jpg","type":"image\/jpeg"}],"schema":{"@context":"https:\/\/schema.org","@graph":[{"@type":"WebPage","@id":"https:\/\/tierpark-bern.ch\/fr\/visite-au-zoo\/billets-prix\/","url":"https:\/\/tierpark-bern.ch\/fr\/visite-au-zoo\/billets-prix\/","name":"Billets & Prix | Tierpark Bern","isPartOf":{"@id":"https:\/\/tierpark-bern.ch\/fr\/#website"},"primaryImageOfPage":{"@id":"https:\/\/tierpark-bern.ch\/fr\/visite-au-zoo\/billets-prix\/#primaryimage"},"image":{"@id":"https:\/\/tierpark-bern.ch\/fr\/visite-au-zoo\/billets-prix\/#primaryimage"},"thumbnailUrl":"https:\/\/tierpark-bern.ch\/web\/app\/uploads\/2022\/03\/Madagaskar-Taggecko.jpg","datePublished":"2021-12-14T12:32:20+00:00","dateModified":"2025-10-29T10:29:52+00:00","description":"L'entr\u00e9e au zoo du D\u00e4hlh\u00f6lzli est payante. Les installations pour animaux au bord de l'Aar et le zoo pour enfants sont en acc\u00e8s libre.","breadcrumb":{"@id":"https:\/\/tierpark-bern.ch\/fr\/visite-au-zoo\/billets-prix\/#breadcrumb"},"inLanguage":"fr-FR","potentialAction":[{"@type":"ReadAction","target":["https:\/\/tierpark-bern.ch\/fr\/visite-au-zoo\/billets-prix\/"]}]},{"@type":"ImageObject","inLanguage":"fr-FR","@id":"https:\/\/tierpark-bern.ch\/fr\/visite-au-zoo\/billets-prix\/#primaryimage","url":"https:\/\/tierpark-bern.ch\/web\/app\/uploads\/2022\/03\/Madagaskar-Taggecko.jpg","contentUrl":"https:\/\/tierpark-bern.ch\/web\/app\/uploads\/2022\/03\/Madagaskar-Taggecko.jpg","width":1500,"height":998},{"@type":"BreadcrumbList","@id":"https:\/\/tierpark-bern.ch\/fr\/visite-au-zoo\/billets-prix\/#breadcrumb","itemListElement":[{"@type":"ListItem","position":1,"name":"Home","item":"https:\/\/tierpark-bern.ch\/fr\/home\/"},{"@type":"ListItem","position":2,"name":"Visite au zoo","item":"https:\/\/tierpark-bern.ch\/fr\/visite-au-zoo\/"},{"@type":"ListItem","position":3,"name":"Billets &#038; Prix"}]},{"@type":"WebSite","@id":"https:\/\/tierpark-bern.ch\/fr\/#website","url":"https:\/\/tierpark-bern.ch\/fr\/","name":"Tierpark Bern","description":"","publisher":{"@id":"https:\/\/tierpark-bern.ch\/fr\/#organization"},"potentialAction":[{"@type":"SearchAction","target":{"@type":"EntryPoint","urlTemplate":"https:\/\/tierpark-bern.ch\/fr\/?s={search_term_string}"},"query-input":{"@type":"PropertyValueSpecification","valueRequired":true,"valueName":"search_term_string"}}],"inLanguage":"fr-FR"},{"@type":"Organization","@id":"https:\/\/tierpark-bern.ch\/fr\/#organization","name":"Tierpark Bern | D\u00e4hlh\u00f6lzli + B\u00e4renPark","alternateName":"Tierpark Bern","url":"https:\/\/tierpark-bern.ch\/fr\/","logo":{"@type":"ImageObject","inLanguage":"fr-FR","@id":"https:\/\/tierpark-bern.ch\/fr\/#\/schema\/logo\/image\/","url":"https:\/\/tierpark-bern.ch\/web\/app\/uploads\/2024\/04\/tierpark-bern-696x696-1.jpg","contentUrl":"https:\/\/tierpark-bern.ch\/web\/app\/uploads\/2024\/04\/tierpark-bern-696x696-1.jpg","width":696,"height":696,"caption":"Tierpark Bern | D\u00e4hlh\u00f6lzli + B\u00e4renPark"},"image":{"@id":"https:\/\/tierpark-bern.ch\/fr\/#\/schema\/logo\/image\/"},"sameAs":["https:\/\/www.facebook.com\/tierparkbern\/","https:\/\/x.com\/tierparkbern","https:\/\/www.instagram.com\/tierparkbern\/"]}]}},"_links":{"self":[{"href":"https:\/\/tierpark-bern.ch\/fr\/wp-json\/wp\/v2\/pages\/46217","targetHints":{"allow":["GET"]}}],"collection":[{"href":"https:\/\/tierpark-bern.ch\/fr\/wp-json\/wp\/v2\/pages"}],"about":[{"href":"https:\/\/tierpark-bern.ch\/fr\/wp-json\/wp\/v2\/types\/page"}],"author":[{"embeddable":true,"href":"https:\/\/tierpark-bern.ch\/fr\/wp-json\/wp\/v2\/users\/1"}],"replies":[{"embeddable":true,"href":"https:\/\/tierpark-bern.ch\/fr\/wp-json\/wp\/v2\/comments?post=46217"}],"version-history":[{"count":0,"href":"https:\/\/tierpark-bern.ch\/fr\/wp-json\/wp\/v2\/pages\/46217\/revisions"}],"up":[{"embeddable":true,"href":"https:\/\/tierpark-bern.ch\/fr\/wp-json\/wp\/v2\/pages\/38558"}],"wp:featuredmedia":[{"embeddable":true,"href":"https:\/\/tierpark-bern.ch\/fr\/wp-json\/wp\/v2\/media\/24809"}],"wp:attachment":[{"href":"https:\/\/tierpark-bern.ch\/fr\/wp-json\/wp\/v2\/media?parent=46217"}],"curies":[{"name":"wp","href":"https:\/\/api.w.org\/{rel}","templated":true}]}}