{"id":46236,"date":"2021-12-06T07:29:57","date_gmt":"2021-12-06T06:29:57","guid":{"rendered":"https:\/\/tierpark-bern.ch\/?page_id=46236"},"modified":"2023-04-04T14:50:23","modified_gmt":"2023-04-04T12:50:23","slug":"cartes-annuelles","status":"publish","type":"page","link":"https:\/\/tierpark-bern.ch\/fr\/visite-au-zoo\/billets-prix\/cartes-annuelles\/","title":{"rendered":"Cartes annuelles"},"content":{"rendered":"<div class=\"wpb-content-wrapper\"><p>[vc_row][vc_column][vc_column_text]<\/p>\n<h1>Billets &amp; Prix<\/h1>\n<h2>Cartes annuelles<\/h2>\n<p>Enfants: gratuit\u00e9 jusqu\u2019\u00e0 5 ans.[\/vc_column_text][\/vc_column][\/vc_row][vc_row][vc_column width=&#8221;3\/4&#8243;][vc_column_text]<\/p>\n<table class=\"tbl-ticket-list\">\n<tbody>\n<tr>\n<th class=\"tbl-title\">Jahreskarte<\/th>\n<th class=\"tbl-price\">Prix<\/th>\n<\/tr>\n<tr>\n<td>Adultes (d\u00e8s 16 ans)<\/td>\n<td>CHF 80.\u2013**<\/td>\n<\/tr>\n<tr>\n<td>Enfants de 6 \u00e0 15 ans<\/td>\n<td>CHF 45.\u2013****<\/td>\n<\/tr>\n<tr>\n<td>AI: enfants de 6 \u00e0 15 ans<\/td>\n<td>CHF 45.\u2013****<\/td>\n<\/tr>\n<tr>\n<td>Familles (max. 2 adultes, max. 4 enfants de 6 \u00e0 15 ans)<\/td>\n<td>CHF 140.\u2013**<\/td>\n<\/tr>\n<tr>\n<td>AVS\/AI, apprentis, \u00e9tudiants<\/td>\n<td>CHF 60.\u2013**<\/td>\n<\/tr>\n<tr>\n<td>Apprentis, \u00e9tudiants<\/td>\n<td>CHF 55.\u2013****<\/td>\n<\/tr>\n<tr>\n<td>CarteCulture, adultes<\/td>\n<td>CHF 50.\u2013<\/td>\n<\/tr>\n<tr>\n<td>CarteCulture, familles<\/td>\n<td>CHF 75.\u2013<\/td>\n<\/tr>\n<tr>\n<td>Carte annuelle pour grands-parents (max. 2 adultes, max. 4 petits-enfants de 6 \u00e0 15 ans)<\/td>\n<td>CHF 150.-<\/td>\n<\/tr>\n<tr>\n<td>Carte annuelle pour entreprises (jusqu\u2019\u00e0 3 familles admises par jour)<\/td>\n<td>CHF 690.-<\/td>\n<\/tr>\n<\/tbody>\n<\/table>\n<p>[\/vc_column_text][vc_column_text]<\/p>\n<h2>Carte annuelle pour membres de l\u2019Association des amis du zoo de Berne<\/h2>\n<p>Les amis du zoo de Berne (TPV) ont droit \u00e0 des r\u00e9ductions sur le prix d\u2019entr\u00e9e du zoo du D\u00e4hlh\u00f6lzli. <a href=\"https:\/\/www.tierparkverein.ch\/mitgliedschaft\/\" target=\"_blank\" rel=\"noopener\">Cela vous tente? (en allemand seulement) <\/a>[\/vc_column_text][vc_column_text]<\/p>\n<table class=\"tbl-ticket-list\">\n<tbody>\n<tr>\n<th class=\"tbl-title\">Carte annuelle<\/th>\n<th class=\"tbl-price\">Prix<\/th>\n<\/tr>\n<tr>\n<td>TPV: membres de l\u2019Association des amis du zoo de Berne, adultes<\/td>\n<td>CHF 60.\u2013**<\/td>\n<\/tr>\n<tr>\n<td>TPV: enfants de 6 \u00e0 15 ans (membre familial du TPV)<\/td>\n<td>CHF 45.\u2013****<\/td>\n<\/tr>\n<\/tbody>\n<\/table>\n<p>[\/vc_column_text][vc_column_text]<strong>*Les prix comprennent <a href=\"https:\/\/tierpark-bern.ch\/fr\/soutenir\/naturschutzfranken\/\">le franc de protection de la nature<\/a> (* CHF 1.00 \/ ** CHF 10.00\/ *** CHF 4.00, **** CHF 5.00). Les visiteurs qui ne souhaitent pas payer ce montant peuvent le faire savoir \u00e0 la caisse.<\/strong>[\/vc_column_text][vc_empty_space][vc_column_text]<\/p>\n<div class=\"zoo-link-info\">\n<div class=\"container\">\n<div class=\"row\">\n<div class=\"col-md-8 col-sm-12\">\n<div class=\"zoo-link-text-container\"><span class=\"zoo-link-text\">Une carte annuelle vous fait \u00e9conomiser de l\u2019argent et vous permet d\u2019acc\u00e9der toute l\u2019ann\u00e9e au zoo par le tourniquet, sans devoir faire la file (en allemand seulement).\u00a0<\/span><\/div>\n<\/div>\n<div class=\"col-md-4 col-sm-12 zoo-link-btn-container\"><span class=\"zoo-link-btn\"><a class=\"button button-zoo-info\" href=\"https:\/\/tierpark-bern.ch\/zoobesuch\/eintrittspreise\/jahreskarten\/anmelden\/\">Inscription pour une carte annuelle<i class=\"fa fa-long-arrow-right\"><\/i><\/a><\/span><\/div>\n<\/div>\n<\/div>\n<\/div>\n<p>[\/vc_column_text][vc_empty_space][vc_column_text]<\/p>\n<h2>Bons pour les cartes annuelles<\/h2>\n<p>Offrez 365 jours d&#8217;exp\u00e9riences et de rencontres uniques entre l&#8217;homme et l&#8217;animal. <a href=\"https:\/\/shop.e-guma.ch\/tierpark-bern\/fr\/bons-cadeaux\/19300\/bons-pour-des-cartes-annuelles\" target=\"_blank\" rel=\"noopener\">Bons pour nos cartes annuelles<\/a> vous pouvez commander, payer et m\u00eame imprimer confortablement depuis chez vous.[\/vc_column_text][vc_column_text]<a class=\"button button--dahlholzli d-lg-inline-block\" href=\"https:\/\/shop.e-guma.ch\/tierpark-bern\/fr\/bons-cadeaux\/19300\/bons-pour-des-cartes-annuelles\" target=\"_blank\" rel=\"noopener\">COMMANDER DES BONS MAINTENANT<\/a>[\/vc_column_text][vc_empty_space][vc_column_text]<\/p>\n<h2>Questions fr\u00e9quentes \u00e0 propos des cartes annuelles<\/h2>\n<div class=\"faq-section top-20\">\n                <div class=\"row\">\n                    <div class=\"col-12\"><div class=\"accordion accordion--bordered\">\n                                  <div class=\"accordion__title-block\" role=\"button\">\n                                      <span class=\"accordion__title\">Puis-je personnaliser les bons pour les cartes annuelles ?<\/span>\n                                      <span class=\"accordion__close\"><\/span>\n                                  <\/div>\n                                  <div class=\"accordion__text-block\">\n                                       <p><p>Vous pouvez personnaliser en ligne nos bons pour des cartes annuelles. Offrez 365 jours d&#8217;exp\u00e9riences et de rencontres uniques entre l&#8217;homme et l&#8217;animal. <a href=\"https:\/\/shop.e-guma.ch\/tierpark-bern\/fr\/bons-cadeaux\/19300\/bons-pour-des-cartes-annuelles\" target=\"_blank\" rel=\"noopener\">Commander maintenant des bons pour des cartes annuelles<\/a><\/p>\n<\/p>\n                                  <\/div>\n                              <\/div><div class=\"accordion accordion--bordered\">\n                                  <div class=\"accordion__title-block\" role=\"button\">\n                                      <span class=\"accordion__title\">Le Parc zoologique accepte-t-il les animaux \u00e0 donner en p\u00e2ture?<\/span>\n                                      <span class=\"accordion__close\"><\/span>\n                                  <\/div>\n                                  <div class=\"accordion__text-block\">\n                                       <p><p>Nous acceptons en principe des animaux surnum\u00e9raires, qui seront donn\u00e9s en p\u00e2ture \u00e0 nos pensionnaires. Ils doivent \u00eatre en bonne sant\u00e9 et ne pas avoir re\u00e7u de traitement m\u00e9dicamenteux (antibiotiques, antidouleurs, etc.). Il faut amener les animaux \u00e0 l\u2019heure convenue \u00e0 l\u2019entr\u00e9e du zoo du D\u00e4hlh\u00f6lzli. Le transport s\u2019effectuera dans le respect de leurs besoins et rapidement. Lors de la remise, un formulaire officiel pr\u00e9cisant l\u2019esp\u00e8ce, le nombre d\u2019animaux et la date doit \u00eatre compl\u00e9t\u00e9 et sign\u00e9. Pour plus de renseignements et pour fixer un rendez-vous, veuillez appeler directement le n\u00b0 de t\u00e9l. +41 79 396 62 37.<\/p>\n<\/p>\n                                  <\/div>\n                              <\/div><div class=\"accordion accordion--bordered\">\n                                  <div class=\"accordion__title-block\" role=\"button\">\n                                      <span class=\"accordion__title\">O\u00f9 puis-je trouver les conditions g\u00e9n\u00e9rales des cartes annuelles?<\/span>\n                                      <span class=\"accordion__close\"><\/span>\n                                  <\/div>\n                                  <div class=\"accordion__text-block\">\n                                       <div class=\"wpb-content-wrapper\"><p>[vc_row][vc_column][vc_column_text]Vous pouvez consulter ici les conditions g\u00e9n\u00e9rales des cartes journali\u00e8res ou annuelles.<\/p>\n<p>[\/vc_column_text][\/vc_column][\/vc_row][vc_row][vc_column][vc_empty_space][vc_column_text]<a class=\"button button--tierpark\" href=\"https:\/\/tierpark-bern.ch\/web\/app\/uploads\/2020\/07\/AGB-Eintrittskarten-Tierpark-Bern.pdf\" target=\"_blank\" rel=\"noopener\">Conditions g\u00e9n\u00e9rales des cartes journali\u00e8res et des cartes annuelles (PDF, 131 kb, en allemand seulement)<\/a>[\/vc_column_text][\/vc_column][\/vc_row]<\/p>\n<\/div>\n                                  <\/div>\n                              <\/div><div class=\"accordion accordion--bordered\">\n                                  <div class=\"accordion__title-block\" role=\"button\">\n                                      <span class=\"accordion__title\">Un d\u00e9p\u00f4t est-il exig\u00e9 en \u00e9change de la carte annuelle?<\/span>\n                                      <span class=\"accordion__close\"><\/span>\n                                  <\/div>\n                                  <div class=\"accordion__text-block\">\n                                       <p><p>Nos cartes journali\u00e8res sont r\u00e9utilisables. Pour cette raison, nous percevons un d\u00e9p\u00f4t de 10 francs par carte.<\/p>\n<\/p>\n                                  <\/div>\n                              <\/div><div class=\"accordion accordion--bordered\">\n                                  <div class=\"accordion__title-block\" role=\"button\">\n                                      <span class=\"accordion__title\">Ai-je droit en tant que propri\u00e9taire d\u2019une carte annuelle \u00e0 d\u2019autres rabais?<\/span>\n                                      <span class=\"accordion__close\"><\/span>\n                                  <\/div>\n                                  <div class=\"accordion__text-block\">\n                                       <p><p>Le Parc zoologique de Berne est membre de Zoosuisse. Les propri\u00e9taires d\u2019une carte annuelle du Parc zoologique de Berne b\u00e9n\u00e9ficieront du tarif r\u00e9duit aupr\u00e8s des autres <a href=\"https:\/\/zoos.ch\/qui-sommes-nous-notre-mission\/?lang=fr\" target=\"_blank\" rel=\"noopener\">membres de Zoosuisse.<\/a> Veuillez pr\u00e9senter \u00e0 l\u2019entr\u00e9e votre carte annuelle en cours de validit\u00e9 du Parc zoologique de Berne.<\/p>\n<\/p>\n                                  <\/div>\n                              <\/div><\/div>\n                <\/div>\n            <\/div>[\/vc_column_text][\/vc_column][vc_column width=&#8221;1\/4&#8243;][vc_column_text el_class=&#8221;ticket-side-wrapper&#8221;]<\/p>\n<div class=\"ticket-side-container\"><img decoding=\"async\" class=\"ticket-side-img\" src=\"https:\/\/tierpark-bern.ch\/web\/app\/uploads\/2020\/07\/luchs-tierpark-bern.jpg\" alt=\"\" \/><a href=\"https:\/\/tierpark-bern.ch\/fr\/visite-au-zoo\/billets-prix\/billet-journalier\/\"><span class=\"ticket-side-desc\"><span class=\"ticket-side-center\"><span class=\"title\">Billet journalier<\/span><\/span><\/span><\/a><\/div>\n<div class=\"ticket-side-container top-20\"><img decoding=\"async\" class=\"ticket-side-img\" src=\"https:\/\/tierpark-bern.ch\/web\/app\/uploads\/2020\/07\/Totenkopfaffen-ds-Tierpark-Bern-122-1.jpg\" alt=\"\" \/><a href=\"https:\/\/tierpark-bern.ch\/fr\/visite-au-zoo\/billets-prix\/reductions\/\"><span class=\"ticket-side-desc\"><span class=\"ticket-side-center\"><span class=\"title\"> R\u00e9ductions <\/span><\/span><\/span><\/a><\/div>\n<div class=\"ticket-side-container top-20\"><img decoding=\"async\" class=\"ticket-side-img\" src=\"https:\/\/tierpark-bern.ch\/web\/app\/uploads\/2020\/07\/Kleinkantschil-Tierpark-Bern-1.jpg\" alt=\"\" \/><a href=\"https:\/\/tierpark-bern.ch\/fr\/visite-au-zoo\/billets-prix\/classes-decole\/\"><span class=\"ticket-side-desc\"><span class=\"ticket-side-center\"><span class=\"title\">Classes d\u2019\u00e9cole<\/span><\/span><\/span><\/a><\/div>\n<div class=\"ticket-side-container top-20\"><img decoding=\"async\" class=\"ticket-side-img\" src=\"https:\/\/tierpark-bern.ch\/web\/app\/uploads\/2020\/07\/Moschusochse-Tierpark-Bern-1.jpg\" alt=\"\" \/><a href=\"https:\/\/tierpark-bern.ch\/fr\/visite-au-zoo\/billets-prix\/prix-de-groupe\/\"><span class=\"ticket-side-desc\"><span class=\"ticket-side-center\"><span class=\"title\">Prix de groupe<\/span><\/span><\/span><\/a><\/div>\n<p>[\/vc_column_text][\/vc_column][\/vc_row]<\/p>\n<\/div>","protected":false},"excerpt":{"rendered":"<p>La carte annuelle vous permet d&#8217;\u00e9conomiser de l&#8217;argent et d&#8217;acc\u00e9der au parc animalier pendant toute une ann\u00e9e sans attendre en passant par le tourniquet.<\/p>\n","protected":false},"author":1,"featured_media":22850,"parent":46217,"menu_order":0,"comment_status":"closed","ping_status":"closed","template":"","meta":{"_acf_changed":false,"footnotes":""},"class_list":["post-46236","page","type-page","status-publish","has-post-thumbnail","hentry"],"acf":[],"yoast_head":"<title>Cartes annuelles | Tierpark Bern<\/title>\n<meta name=\"description\" content=\"La carte annuelle vous permet d&#039;\u00e9conomiser de l&#039;argent et d&#039;acc\u00e9der au parc animalier pendant toute une ann\u00e9e sans attendre en passant par le tourniquet.\" \/>\n<meta name=\"robots\" content=\"index, follow, max-snippet:-1, max-image-preview:large, max-video-preview:-1\" \/>\n<link rel=\"canonical\" href=\"https:\/\/tierpark-bern.ch\/fr\/visite-au-zoo\/billets-prix\/cartes-annuelles\/\" \/>\n<meta property=\"og:locale\" content=\"fr_FR\" \/>\n<meta property=\"og:type\" content=\"article\" \/>\n<meta property=\"og:title\" content=\"Cartes annuelles | Tierpark Bern\" \/>\n<meta property=\"og:description\" content=\"La carte annuelle vous permet d&#039;\u00e9conomiser de l&#039;argent et d&#039;acc\u00e9der au parc animalier pendant toute une ann\u00e9e sans attendre en passant par le tourniquet.\" \/>\n<meta property=\"og:url\" content=\"https:\/\/tierpark-bern.ch\/fr\/visite-au-zoo\/billets-prix\/cartes-annuelles\/\" \/>\n<meta property=\"og:site_name\" content=\"Tierpark Bern\" \/>\n<meta property=\"article:publisher\" content=\"https:\/\/www.facebook.com\/tierparkbern\/\" \/>\n<meta property=\"article:modified_time\" content=\"2023-04-04T12:50:23+00:00\" \/>\n<meta property=\"og:image\" content=\"https:\/\/tierpark-bern.ch\/web\/app\/uploads\/2022\/02\/leopard-zusammenfuehrung-tierpark-bern-67.jpg\" \/>\n\t<meta property=\"og:image:width\" content=\"1500\" \/>\n\t<meta property=\"og:image:height\" content=\"998\" \/>\n\t<meta property=\"og:image:type\" content=\"image\/jpeg\" \/>\n<script type=\"application\/ld+json\" class=\"yoast-schema-graph\">{\"@context\":\"https:\/\/schema.org\",\"@graph\":[{\"@type\":\"WebPage\",\"@id\":\"https:\/\/tierpark-bern.ch\/fr\/visite-au-zoo\/billets-prix\/cartes-annuelles\/\",\"url\":\"https:\/\/tierpark-bern.ch\/fr\/visite-au-zoo\/billets-prix\/cartes-annuelles\/\",\"name\":\"Cartes annuelles | Tierpark Bern\",\"isPartOf\":{\"@id\":\"https:\/\/tierpark-bern.ch\/fr\/#website\"},\"primaryImageOfPage\":{\"@id\":\"https:\/\/tierpark-bern.ch\/fr\/visite-au-zoo\/billets-prix\/cartes-annuelles\/#primaryimage\"},\"image\":{\"@id\":\"https:\/\/tierpark-bern.ch\/fr\/visite-au-zoo\/billets-prix\/cartes-annuelles\/#primaryimage\"},\"thumbnailUrl\":\"https:\/\/tierpark-bern.ch\/web\/app\/uploads\/2022\/02\/leopard-zusammenfuehrung-tierpark-bern-67.jpg\",\"datePublished\":\"2021-12-06T06:29:57+00:00\",\"dateModified\":\"2023-04-04T12:50:23+00:00\",\"description\":\"La carte annuelle vous permet d'\u00e9conomiser de l'argent et d'acc\u00e9der au parc animalier pendant toute une ann\u00e9e sans attendre en passant par le tourniquet.\",\"breadcrumb\":{\"@id\":\"https:\/\/tierpark-bern.ch\/fr\/visite-au-zoo\/billets-prix\/cartes-annuelles\/#breadcrumb\"},\"inLanguage\":\"fr-FR\",\"potentialAction\":[{\"@type\":\"ReadAction\",\"target\":[\"https:\/\/tierpark-bern.ch\/fr\/visite-au-zoo\/billets-prix\/cartes-annuelles\/\"]}]},{\"@type\":\"ImageObject\",\"inLanguage\":\"fr-FR\",\"@id\":\"https:\/\/tierpark-bern.ch\/fr\/visite-au-zoo\/billets-prix\/cartes-annuelles\/#primaryimage\",\"url\":\"https:\/\/tierpark-bern.ch\/web\/app\/uploads\/2022\/02\/leopard-zusammenfuehrung-tierpark-bern-67.jpg\",\"contentUrl\":\"https:\/\/tierpark-bern.ch\/web\/app\/uploads\/2022\/02\/leopard-zusammenfuehrung-tierpark-bern-67.jpg\",\"width\":1500,\"height\":998,\"caption\":\"Leoparden Zusammenf\u00fchrung\"},{\"@type\":\"BreadcrumbList\",\"@id\":\"https:\/\/tierpark-bern.ch\/fr\/visite-au-zoo\/billets-prix\/cartes-annuelles\/#breadcrumb\",\"itemListElement\":[{\"@type\":\"ListItem\",\"position\":1,\"name\":\"Home\",\"item\":\"https:\/\/tierpark-bern.ch\/fr\/home\/\"},{\"@type\":\"ListItem\",\"position\":2,\"name\":\"Visite au zoo\",\"item\":\"https:\/\/tierpark-bern.ch\/fr\/visite-au-zoo\/\"},{\"@type\":\"ListItem\",\"position\":3,\"name\":\"Billets &#038; Prix\",\"item\":\"https:\/\/tierpark-bern.ch\/fr\/visite-au-zoo\/billets-prix\/\"},{\"@type\":\"ListItem\",\"position\":4,\"name\":\"Cartes annuelles\"}]},{\"@type\":\"WebSite\",\"@id\":\"https:\/\/tierpark-bern.ch\/fr\/#website\",\"url\":\"https:\/\/tierpark-bern.ch\/fr\/\",\"name\":\"Tierpark Bern\",\"description\":\"\",\"publisher\":{\"@id\":\"https:\/\/tierpark-bern.ch\/fr\/#organization\"},\"potentialAction\":[{\"@type\":\"SearchAction\",\"target\":{\"@type\":\"EntryPoint\",\"urlTemplate\":\"https:\/\/tierpark-bern.ch\/fr\/?s={search_term_string}\"},\"query-input\":{\"@type\":\"PropertyValueSpecification\",\"valueRequired\":true,\"valueName\":\"search_term_string\"}}],\"inLanguage\":\"fr-FR\"},{\"@type\":\"Organization\",\"@id\":\"https:\/\/tierpark-bern.ch\/fr\/#organization\",\"name\":\"Tierpark Bern | D\u00e4hlh\u00f6lzli + B\u00e4renPark\",\"alternateName\":\"Tierpark Bern\",\"url\":\"https:\/\/tierpark-bern.ch\/fr\/\",\"logo\":{\"@type\":\"ImageObject\",\"inLanguage\":\"fr-FR\",\"@id\":\"https:\/\/tierpark-bern.ch\/fr\/#\/schema\/logo\/image\/\",\"url\":\"https:\/\/tierpark-bern.ch\/web\/app\/uploads\/2024\/04\/tierpark-bern-696x696-1.jpg\",\"contentUrl\":\"https:\/\/tierpark-bern.ch\/web\/app\/uploads\/2024\/04\/tierpark-bern-696x696-1.jpg\",\"width\":696,\"height\":696,\"caption\":\"Tierpark Bern | D\u00e4hlh\u00f6lzli + B\u00e4renPark\"},\"image\":{\"@id\":\"https:\/\/tierpark-bern.ch\/fr\/#\/schema\/logo\/image\/\"},\"sameAs\":[\"https:\/\/www.facebook.com\/tierparkbern\/\",\"https:\/\/x.com\/tierparkbern\",\"https:\/\/www.instagram.com\/tierparkbern\/\"]}]}<\/script>","yoast_head_json":{"title":"Cartes annuelles | Tierpark Bern","description":"La carte annuelle vous permet d'\u00e9conomiser de l'argent et d'acc\u00e9der au parc animalier pendant toute une ann\u00e9e sans attendre en passant par le tourniquet.","robots":{"index":"index","follow":"follow","max-snippet":"max-snippet:-1","max-image-preview":"max-image-preview:large","max-video-preview":"max-video-preview:-1"},"canonical":"https:\/\/tierpark-bern.ch\/fr\/visite-au-zoo\/billets-prix\/cartes-annuelles\/","og_locale":"fr_FR","og_type":"article","og_title":"Cartes annuelles | Tierpark Bern","og_description":"La carte annuelle vous permet d'\u00e9conomiser de l'argent et d'acc\u00e9der au parc animalier pendant toute une ann\u00e9e sans attendre en passant par le tourniquet.","og_url":"https:\/\/tierpark-bern.ch\/fr\/visite-au-zoo\/billets-prix\/cartes-annuelles\/","og_site_name":"Tierpark Bern","article_publisher":"https:\/\/www.facebook.com\/tierparkbern\/","article_modified_time":"2023-04-04T12:50:23+00:00","og_image":[{"width":1500,"height":998,"url":"https:\/\/tierpark-bern.ch\/web\/app\/uploads\/2022\/02\/leopard-zusammenfuehrung-tierpark-bern-67.jpg","type":"image\/jpeg"}],"schema":{"@context":"https:\/\/schema.org","@graph":[{"@type":"WebPage","@id":"https:\/\/tierpark-bern.ch\/fr\/visite-au-zoo\/billets-prix\/cartes-annuelles\/","url":"https:\/\/tierpark-bern.ch\/fr\/visite-au-zoo\/billets-prix\/cartes-annuelles\/","name":"Cartes annuelles | Tierpark Bern","isPartOf":{"@id":"https:\/\/tierpark-bern.ch\/fr\/#website"},"primaryImageOfPage":{"@id":"https:\/\/tierpark-bern.ch\/fr\/visite-au-zoo\/billets-prix\/cartes-annuelles\/#primaryimage"},"image":{"@id":"https:\/\/tierpark-bern.ch\/fr\/visite-au-zoo\/billets-prix\/cartes-annuelles\/#primaryimage"},"thumbnailUrl":"https:\/\/tierpark-bern.ch\/web\/app\/uploads\/2022\/02\/leopard-zusammenfuehrung-tierpark-bern-67.jpg","datePublished":"2021-12-06T06:29:57+00:00","dateModified":"2023-04-04T12:50:23+00:00","description":"La carte annuelle vous permet d'\u00e9conomiser de l'argent et d'acc\u00e9der au parc animalier pendant toute une ann\u00e9e sans attendre en passant par le tourniquet.","breadcrumb":{"@id":"https:\/\/tierpark-bern.ch\/fr\/visite-au-zoo\/billets-prix\/cartes-annuelles\/#breadcrumb"},"inLanguage":"fr-FR","potentialAction":[{"@type":"ReadAction","target":["https:\/\/tierpark-bern.ch\/fr\/visite-au-zoo\/billets-prix\/cartes-annuelles\/"]}]},{"@type":"ImageObject","inLanguage":"fr-FR","@id":"https:\/\/tierpark-bern.ch\/fr\/visite-au-zoo\/billets-prix\/cartes-annuelles\/#primaryimage","url":"https:\/\/tierpark-bern.ch\/web\/app\/uploads\/2022\/02\/leopard-zusammenfuehrung-tierpark-bern-67.jpg","contentUrl":"https:\/\/tierpark-bern.ch\/web\/app\/uploads\/2022\/02\/leopard-zusammenfuehrung-tierpark-bern-67.jpg","width":1500,"height":998,"caption":"Leoparden Zusammenf\u00fchrung"},{"@type":"BreadcrumbList","@id":"https:\/\/tierpark-bern.ch\/fr\/visite-au-zoo\/billets-prix\/cartes-annuelles\/#breadcrumb","itemListElement":[{"@type":"ListItem","position":1,"name":"Home","item":"https:\/\/tierpark-bern.ch\/fr\/home\/"},{"@type":"ListItem","position":2,"name":"Visite au zoo","item":"https:\/\/tierpark-bern.ch\/fr\/visite-au-zoo\/"},{"@type":"ListItem","position":3,"name":"Billets &#038; Prix","item":"https:\/\/tierpark-bern.ch\/fr\/visite-au-zoo\/billets-prix\/"},{"@type":"ListItem","position":4,"name":"Cartes annuelles"}]},{"@type":"WebSite","@id":"https:\/\/tierpark-bern.ch\/fr\/#website","url":"https:\/\/tierpark-bern.ch\/fr\/","name":"Tierpark Bern","description":"","publisher":{"@id":"https:\/\/tierpark-bern.ch\/fr\/#organization"},"potentialAction":[{"@type":"SearchAction","target":{"@type":"EntryPoint","urlTemplate":"https:\/\/tierpark-bern.ch\/fr\/?s={search_term_string}"},"query-input":{"@type":"PropertyValueSpecification","valueRequired":true,"valueName":"search_term_string"}}],"inLanguage":"fr-FR"},{"@type":"Organization","@id":"https:\/\/tierpark-bern.ch\/fr\/#organization","name":"Tierpark Bern | D\u00e4hlh\u00f6lzli + B\u00e4renPark","alternateName":"Tierpark Bern","url":"https:\/\/tierpark-bern.ch\/fr\/","logo":{"@type":"ImageObject","inLanguage":"fr-FR","@id":"https:\/\/tierpark-bern.ch\/fr\/#\/schema\/logo\/image\/","url":"https:\/\/tierpark-bern.ch\/web\/app\/uploads\/2024\/04\/tierpark-bern-696x696-1.jpg","contentUrl":"https:\/\/tierpark-bern.ch\/web\/app\/uploads\/2024\/04\/tierpark-bern-696x696-1.jpg","width":696,"height":696,"caption":"Tierpark Bern | D\u00e4hlh\u00f6lzli + B\u00e4renPark"},"image":{"@id":"https:\/\/tierpark-bern.ch\/fr\/#\/schema\/logo\/image\/"},"sameAs":["https:\/\/www.facebook.com\/tierparkbern\/","https:\/\/x.com\/tierparkbern","https:\/\/www.instagram.com\/tierparkbern\/"]}]}},"_links":{"self":[{"href":"https:\/\/tierpark-bern.ch\/fr\/wp-json\/wp\/v2\/pages\/46236","targetHints":{"allow":["GET"]}}],"collection":[{"href":"https:\/\/tierpark-bern.ch\/fr\/wp-json\/wp\/v2\/pages"}],"about":[{"href":"https:\/\/tierpark-bern.ch\/fr\/wp-json\/wp\/v2\/types\/page"}],"author":[{"embeddable":true,"href":"https:\/\/tierpark-bern.ch\/fr\/wp-json\/wp\/v2\/users\/1"}],"replies":[{"embeddable":true,"href":"https:\/\/tierpark-bern.ch\/fr\/wp-json\/wp\/v2\/comments?post=46236"}],"version-history":[{"count":0,"href":"https:\/\/tierpark-bern.ch\/fr\/wp-json\/wp\/v2\/pages\/46236\/revisions"}],"up":[{"embeddable":true,"href":"https:\/\/tierpark-bern.ch\/fr\/wp-json\/wp\/v2\/pages\/46217"}],"wp:featuredmedia":[{"embeddable":true,"href":"https:\/\/tierpark-bern.ch\/fr\/wp-json\/wp\/v2\/media\/22850"}],"wp:attachment":[{"href":"https:\/\/tierpark-bern.ch\/fr\/wp-json\/wp\/v2\/media?parent=46236"}],"curies":[{"name":"wp","href":"https:\/\/api.w.org\/{rel}","templated":true}]}}