{"id":46242,"date":"2020-08-05T12:55:41","date_gmt":"2020-08-05T10:55:41","guid":{"rendered":"https:\/\/tierpark-bern.ch\/?page_id=46242"},"modified":"2023-04-19T08:27:24","modified_gmt":"2023-04-19T06:27:24","slug":"billet-journalier","status":"publish","type":"page","link":"https:\/\/tierpark-bern.ch\/fr\/visite-au-zoo\/billets-prix\/billet-journalier\/","title":{"rendered":"Billet journalier"},"content":{"rendered":"<div class=\"wpb-content-wrapper\"><p>[vc_row][vc_column][vc_column_text]<\/p>\n<h1>Billets &amp; Prix<\/h1>\n<p>[\/vc_column_text][vc_column_text]<\/p>\n<h2>Billet journalier<\/h2>\n<p>[\/vc_column_text][\/vc_column][\/vc_row][vc_row][vc_column width=&#8221;3\/4&#8243;][vc_column_text]<\/p>\n<table class=\"tbl-ticket-list\">\n<thead>\n<tr>\n<th class=\"tbl-title\" scope=\"col\">Billets journalier<\/th>\n<th class=\"tbl-price\" scope=\"col\">Prix<\/th>\n<\/tr>\n<\/thead>\n<tbody>\n<tr>\n<td>Adultes (d\u00e8s 16 ans)<\/td>\n<td>CHF 11.-*<\/td>\n<\/tr>\n<tr>\n<td>Enfants de 6 \u00e0 15 ans<\/td>\n<td>CHF 7.-*<\/td>\n<\/tr>\n<tr>\n<td>AI: enfants de 6 \u00e0 15 ans<\/td>\n<td>CHF 6.-*<\/td>\n<\/tr>\n<tr>\n<td>Enfants jusqu&#8217;\u00e0 6 ans<\/td>\n<td>gratuit<\/td>\n<\/tr>\n<tr>\n<td>Familles (max. 2 adultes, max. 4 enfants de 6 \u00e0 15 ans)<\/td>\n<td>CHF 28.-***<\/td>\n<\/tr>\n<tr>\n<td>Personnes en fauteuil roulant, avec accompagnant<\/td>\n<td style=\"height: 24px;\">gratuit<\/td>\n<\/tr>\n<tr>\n<td>Personnes malvoyantes, avec accompagnant<\/td>\n<td>gratuit<\/td>\n<\/tr>\n<tr>\n<td>R\u00e9sidents de homes, avec accompagnants<\/td>\n<td>gratuit<\/td>\n<\/tr>\n<tr>\n<td>CarteCulture, adultes<\/td>\n<td>CHF 10.-<\/td>\n<\/tr>\n<tr>\n<td>CarteCulture, familles<\/td>\n<td>CHF 24.-<\/td>\n<\/tr>\n<\/tbody>\n<\/table>\n<p>[\/vc_column_text][vc_column_text]<strong>*Les prix comprennent <a href=\"https:\/\/tierpark-bern.ch\/fr\/soutenir\/naturschutzfranken\/\">le franc de protection de la nature<\/a> (* CHF 1.00 \/ ** CHF 10.00\/ *** CHF 4.00, **** CHF 5.00). Les visiteurs qui ne souhaitent pas payer ce montant peuvent le faire savoir \u00e0 la caisse.<\/strong>[\/vc_column_text][vc_empty_space][vc_column_text]<\/p>\n<h2>Commande en ligne de bons<\/h2>\n<p>Vous aimeriez offrir une exp\u00e9rience unique? Commandez ici des bons, afin que les personnes qui vous tiennent \u00e0 c\u0153ur puissent faire un voyage autour du monde, le temps d\u2019une journ\u00e9e pass\u00e9e au parc zoologique de Berne.[\/vc_column_text][vc_column_text]<a class=\"button button--dahlholzli d-lg-inline-block\" href=\"https:\/\/shop.e-guma.ch\/tierpark-bern\/fr\/bons-cadeaux\" target=\"_blank\" rel=\"noopener\">COMMANDEZ-MAINTENANT DES BONS<\/a>[\/vc_column_text][vc_empty_space][vc_column_text]<\/p>\n<h2>Questions les plus fr\u00e9quentes sur les cartes journali\u00e8res<\/h2>\n<div class=\"faq-section top-20\">\n                <div class=\"row\">\n                    <div class=\"col-12\"><div class=\"accordion accordion--bordered\">\n                                  <div class=\"accordion__title-block\" role=\"button\">\n                                      <span class=\"accordion__title\">Puis-je payer sans argent liquide \u00e0 la caisse?<\/span>\n                                      <span class=\"accordion__close\"><\/span>\n                                  <\/div>\n                                  <div class=\"accordion__text-block\">\n                                       <p><p>Oui, nous acceptons les cartes suivantes: Postcard, carte Maestro, Mastercard, VISA.<br \/>\nEn outre, il est possible de payer avec TWINT.<\/p>\n<\/p>\n                                  <\/div>\n                              <\/div><div class=\"accordion accordion--bordered\">\n                                  <div class=\"accordion__title-block\" role=\"button\">\n                                      <span class=\"accordion__title\">Que co\u00fbte l\u2019entr\u00e9e du zoo pour les r\u00e9sidents d\u2019institutions?<\/span>\n                                      <span class=\"accordion__close\"><\/span>\n                                  <\/div>\n                                  <div class=\"accordion__text-block\">\n                                       <p><p>L\u2019entr\u00e9e du zoo est gratuite pour les r\u00e9sidents d\u2019institutions et leur personnel d\u2019accompagnement.<\/p>\n<\/p>\n                                  <\/div>\n                              <\/div><div class=\"accordion accordion--bordered\">\n                                  <div class=\"accordion__title-block\" role=\"button\">\n                                      <span class=\"accordion__title\">Que co\u00fbte l\u2019entr\u00e9e du zoo pour les personnes en fauteuil roulant?<\/span>\n                                      <span class=\"accordion__close\"><\/span>\n                                  <\/div>\n                                  <div class=\"accordion__text-block\">\n                                       <p><p>L\u2019entr\u00e9e du zoo est gratuite pour toute personne en fauteuil roulant et pour la personne qui l\u2019accompagne.<\/p>\n<\/p>\n                                  <\/div>\n                              <\/div><div class=\"accordion accordion--bordered\">\n                                  <div class=\"accordion__title-block\" role=\"button\">\n                                      <span class=\"accordion__title\">Que co\u00fbte l\u2019entr\u00e9e du zoo pour les enfants de moins de 6 ans?<\/span>\n                                      <span class=\"accordion__close\"><\/span>\n                                  <\/div>\n                                  <div class=\"accordion__text-block\">\n                                       <p><p>L\u2019entr\u00e9e du zoo est gratuite jusqu\u2019\u00e0 6 ans.<\/p>\n<\/p>\n                                  <\/div>\n                              <\/div><\/div>\n                <\/div>\n            <\/div>[\/vc_column_text][\/vc_column][vc_column width=&#8221;1\/4&#8243;][vc_column_text el_class=&#8221;ticket-side-wrapper&#8221;]<\/p>\n<div class=\"ticket-side-container\"><img decoding=\"async\" class=\"ticket-side-img\" src=\"https:\/\/tierpark-bern.ch\/web\/app\/uploads\/2020\/07\/Totenkopfaffen-ds-Tierpark-Bern-122-1.jpg\" alt=\"\" \/><a tabindex=\"0\" href=\"https:\/\/tierpark-bern.ch\/fr\/visite-au-zoo\/billets-prix\/reductions\/\"><span class=\"ticket-side-desc\"><span class=\"ticket-side-center\"><span class=\"title\"> R\u00e9ductions <\/span><\/span><\/span><\/a><\/div>\n<div class=\"ticket-side-container top-20\"><img decoding=\"async\" class=\"ticket-side-img\" src=\"https:\/\/tierpark-bern.ch\/web\/app\/uploads\/2021\/08\/leoparden-zusammenfuehrung-tierpark-bern.jpg\" alt=\"\" \/><a href=\"https:\/\/tierpark-bern.ch\/fr\/visite-au-zoo\/billets-prix\/cartes-annuelles\/\"><span class=\"ticket-side-desc\"><span class=\"ticket-side-center\"><span class=\"title\">Cartes annuelles<\/span><\/span><\/span><\/a><\/div>\n<div class=\"ticket-side-container top-20\"><img decoding=\"async\" class=\"ticket-side-img\" src=\"https:\/\/tierpark-bern.ch\/web\/app\/uploads\/2020\/07\/Kleinkantschil-Tierpark-Bern-1.jpg\" alt=\"\" \/><a href=\"https:\/\/tierpark-bern.ch\/fr\/visite-au-zoo\/billets-prix\/classes-decole\/\"><span class=\"ticket-side-desc\"><span class=\"ticket-side-center\"><span class=\"title\">Classes d\u2019\u00e9cole<\/span><\/span><\/span><\/a><\/div>\n<div class=\"ticket-side-container top-20\"><img decoding=\"async\" class=\"ticket-side-img\" src=\"https:\/\/tierpark-bern.ch\/web\/app\/uploads\/2020\/07\/Moschusochse-Tierpark-Bern-1.jpg\" alt=\"\" \/><a href=\"https:\/\/tierpark-bern.ch\/fr\/visite-au-zoo\/billets-prix\/prix-de-groupe\/\"><span class=\"ticket-side-desc\"><span class=\"ticket-side-center\"><span class=\"title\"> Prix de groupe<\/span><\/span><\/span><\/a><\/div>\n<p>[\/vc_column_text][\/vc_column][\/vc_row]<\/p>\n<\/div>","protected":false},"excerpt":{"rendered":"<p>Toutes les informations sur les billets et les cartes journali\u00e8res du parc zoologique de Berne.<\/p>\n","protected":false},"author":1,"featured_media":19513,"parent":46217,"menu_order":0,"comment_status":"closed","ping_status":"closed","template":"","meta":{"_acf_changed":false,"footnotes":""},"class_list":["post-46242","page","type-page","status-publish","has-post-thumbnail","hentry"],"acf":[],"yoast_head":"<title>Billet journalier | Tierpark Bern<\/title>\n<meta name=\"description\" content=\"Toutes les informations sur les billets et les cartes journali\u00e8res du parc animalier de Berne.\" \/>\n<meta name=\"robots\" content=\"index, follow, max-snippet:-1, max-image-preview:large, max-video-preview:-1\" \/>\n<link rel=\"canonical\" href=\"https:\/\/tierpark-bern.ch\/fr\/visite-au-zoo\/billets-prix\/billet-journalier\/\" \/>\n<meta property=\"og:locale\" content=\"fr_FR\" \/>\n<meta property=\"og:type\" content=\"article\" \/>\n<meta property=\"og:title\" content=\"Billet journalier | Tierpark Bern\" \/>\n<meta property=\"og:description\" content=\"Toutes les informations sur les billets et les cartes journali\u00e8res du parc animalier de Berne.\" \/>\n<meta property=\"og:url\" content=\"https:\/\/tierpark-bern.ch\/fr\/visite-au-zoo\/billets-prix\/billet-journalier\/\" \/>\n<meta property=\"og:site_name\" content=\"Tierpark Bern\" \/>\n<meta property=\"article:publisher\" content=\"https:\/\/www.facebook.com\/tierparkbern\/\" \/>\n<meta property=\"article:modified_time\" content=\"2023-04-19T06:27:24+00:00\" \/>\n<meta property=\"og:image\" content=\"https:\/\/tierpark-bern.ch\/web\/app\/uploads\/2020\/07\/tierpark-bern-daehlhoelzli-105.jpg\" \/>\n\t<meta property=\"og:image:width\" content=\"2247\" \/>\n\t<meta property=\"og:image:height\" content=\"1500\" \/>\n\t<meta property=\"og:image:type\" content=\"image\/jpeg\" \/>\n<script type=\"application\/ld+json\" class=\"yoast-schema-graph\">{\"@context\":\"https:\/\/schema.org\",\"@graph\":[{\"@type\":\"WebPage\",\"@id\":\"https:\/\/tierpark-bern.ch\/fr\/visite-au-zoo\/billets-prix\/billet-journalier\/\",\"url\":\"https:\/\/tierpark-bern.ch\/fr\/visite-au-zoo\/billets-prix\/billet-journalier\/\",\"name\":\"Billet journalier | Tierpark Bern\",\"isPartOf\":{\"@id\":\"https:\/\/tierpark-bern.ch\/fr\/#website\"},\"primaryImageOfPage\":{\"@id\":\"https:\/\/tierpark-bern.ch\/fr\/visite-au-zoo\/billets-prix\/billet-journalier\/#primaryimage\"},\"image\":{\"@id\":\"https:\/\/tierpark-bern.ch\/fr\/visite-au-zoo\/billets-prix\/billet-journalier\/#primaryimage\"},\"thumbnailUrl\":\"https:\/\/tierpark-bern.ch\/web\/app\/uploads\/2020\/07\/tierpark-bern-daehlhoelzli-105.jpg\",\"datePublished\":\"2020-08-05T10:55:41+00:00\",\"dateModified\":\"2023-04-19T06:27:24+00:00\",\"description\":\"Toutes les informations sur les billets et les cartes journali\u00e8res du parc animalier de Berne.\",\"breadcrumb\":{\"@id\":\"https:\/\/tierpark-bern.ch\/fr\/visite-au-zoo\/billets-prix\/billet-journalier\/#breadcrumb\"},\"inLanguage\":\"fr-FR\",\"potentialAction\":[{\"@type\":\"ReadAction\",\"target\":[\"https:\/\/tierpark-bern.ch\/fr\/visite-au-zoo\/billets-prix\/billet-journalier\/\"]}]},{\"@type\":\"ImageObject\",\"inLanguage\":\"fr-FR\",\"@id\":\"https:\/\/tierpark-bern.ch\/fr\/visite-au-zoo\/billets-prix\/billet-journalier\/#primaryimage\",\"url\":\"https:\/\/tierpark-bern.ch\/web\/app\/uploads\/2020\/07\/tierpark-bern-daehlhoelzli-105.jpg\",\"contentUrl\":\"https:\/\/tierpark-bern.ch\/web\/app\/uploads\/2020\/07\/tierpark-bern-daehlhoelzli-105.jpg\",\"width\":2247,\"height\":1500},{\"@type\":\"BreadcrumbList\",\"@id\":\"https:\/\/tierpark-bern.ch\/fr\/visite-au-zoo\/billets-prix\/billet-journalier\/#breadcrumb\",\"itemListElement\":[{\"@type\":\"ListItem\",\"position\":1,\"name\":\"Home\",\"item\":\"https:\/\/tierpark-bern.ch\/fr\/home\/\"},{\"@type\":\"ListItem\",\"position\":2,\"name\":\"Visite au zoo\",\"item\":\"https:\/\/tierpark-bern.ch\/fr\/visite-au-zoo\/\"},{\"@type\":\"ListItem\",\"position\":3,\"name\":\"Billets &#038; Prix\",\"item\":\"https:\/\/tierpark-bern.ch\/fr\/visite-au-zoo\/billets-prix\/\"},{\"@type\":\"ListItem\",\"position\":4,\"name\":\"Billet journalier\"}]},{\"@type\":\"WebSite\",\"@id\":\"https:\/\/tierpark-bern.ch\/fr\/#website\",\"url\":\"https:\/\/tierpark-bern.ch\/fr\/\",\"name\":\"Tierpark Bern\",\"description\":\"\",\"publisher\":{\"@id\":\"https:\/\/tierpark-bern.ch\/fr\/#organization\"},\"potentialAction\":[{\"@type\":\"SearchAction\",\"target\":{\"@type\":\"EntryPoint\",\"urlTemplate\":\"https:\/\/tierpark-bern.ch\/fr\/?s={search_term_string}\"},\"query-input\":{\"@type\":\"PropertyValueSpecification\",\"valueRequired\":true,\"valueName\":\"search_term_string\"}}],\"inLanguage\":\"fr-FR\"},{\"@type\":\"Organization\",\"@id\":\"https:\/\/tierpark-bern.ch\/fr\/#organization\",\"name\":\"Tierpark Bern | D\u00e4hlh\u00f6lzli + B\u00e4renPark\",\"alternateName\":\"Tierpark Bern\",\"url\":\"https:\/\/tierpark-bern.ch\/fr\/\",\"logo\":{\"@type\":\"ImageObject\",\"inLanguage\":\"fr-FR\",\"@id\":\"https:\/\/tierpark-bern.ch\/fr\/#\/schema\/logo\/image\/\",\"url\":\"https:\/\/tierpark-bern.ch\/web\/app\/uploads\/2024\/04\/tierpark-bern-696x696-1.jpg\",\"contentUrl\":\"https:\/\/tierpark-bern.ch\/web\/app\/uploads\/2024\/04\/tierpark-bern-696x696-1.jpg\",\"width\":696,\"height\":696,\"caption\":\"Tierpark Bern | D\u00e4hlh\u00f6lzli + B\u00e4renPark\"},\"image\":{\"@id\":\"https:\/\/tierpark-bern.ch\/fr\/#\/schema\/logo\/image\/\"},\"sameAs\":[\"https:\/\/www.facebook.com\/tierparkbern\/\",\"https:\/\/x.com\/tierparkbern\",\"https:\/\/www.instagram.com\/tierparkbern\/\"]}]}<\/script>","yoast_head_json":{"title":"Billet journalier | Tierpark Bern","description":"Toutes les informations sur les billets et les cartes journali\u00e8res du parc animalier de Berne.","robots":{"index":"index","follow":"follow","max-snippet":"max-snippet:-1","max-image-preview":"max-image-preview:large","max-video-preview":"max-video-preview:-1"},"canonical":"https:\/\/tierpark-bern.ch\/fr\/visite-au-zoo\/billets-prix\/billet-journalier\/","og_locale":"fr_FR","og_type":"article","og_title":"Billet journalier | Tierpark Bern","og_description":"Toutes les informations sur les billets et les cartes journali\u00e8res du parc animalier de Berne.","og_url":"https:\/\/tierpark-bern.ch\/fr\/visite-au-zoo\/billets-prix\/billet-journalier\/","og_site_name":"Tierpark Bern","article_publisher":"https:\/\/www.facebook.com\/tierparkbern\/","article_modified_time":"2023-04-19T06:27:24+00:00","og_image":[{"width":2247,"height":1500,"url":"https:\/\/tierpark-bern.ch\/web\/app\/uploads\/2020\/07\/tierpark-bern-daehlhoelzli-105.jpg","type":"image\/jpeg"}],"schema":{"@context":"https:\/\/schema.org","@graph":[{"@type":"WebPage","@id":"https:\/\/tierpark-bern.ch\/fr\/visite-au-zoo\/billets-prix\/billet-journalier\/","url":"https:\/\/tierpark-bern.ch\/fr\/visite-au-zoo\/billets-prix\/billet-journalier\/","name":"Billet journalier | Tierpark Bern","isPartOf":{"@id":"https:\/\/tierpark-bern.ch\/fr\/#website"},"primaryImageOfPage":{"@id":"https:\/\/tierpark-bern.ch\/fr\/visite-au-zoo\/billets-prix\/billet-journalier\/#primaryimage"},"image":{"@id":"https:\/\/tierpark-bern.ch\/fr\/visite-au-zoo\/billets-prix\/billet-journalier\/#primaryimage"},"thumbnailUrl":"https:\/\/tierpark-bern.ch\/web\/app\/uploads\/2020\/07\/tierpark-bern-daehlhoelzli-105.jpg","datePublished":"2020-08-05T10:55:41+00:00","dateModified":"2023-04-19T06:27:24+00:00","description":"Toutes les informations sur les billets et les cartes journali\u00e8res du parc animalier de Berne.","breadcrumb":{"@id":"https:\/\/tierpark-bern.ch\/fr\/visite-au-zoo\/billets-prix\/billet-journalier\/#breadcrumb"},"inLanguage":"fr-FR","potentialAction":[{"@type":"ReadAction","target":["https:\/\/tierpark-bern.ch\/fr\/visite-au-zoo\/billets-prix\/billet-journalier\/"]}]},{"@type":"ImageObject","inLanguage":"fr-FR","@id":"https:\/\/tierpark-bern.ch\/fr\/visite-au-zoo\/billets-prix\/billet-journalier\/#primaryimage","url":"https:\/\/tierpark-bern.ch\/web\/app\/uploads\/2020\/07\/tierpark-bern-daehlhoelzli-105.jpg","contentUrl":"https:\/\/tierpark-bern.ch\/web\/app\/uploads\/2020\/07\/tierpark-bern-daehlhoelzli-105.jpg","width":2247,"height":1500},{"@type":"BreadcrumbList","@id":"https:\/\/tierpark-bern.ch\/fr\/visite-au-zoo\/billets-prix\/billet-journalier\/#breadcrumb","itemListElement":[{"@type":"ListItem","position":1,"name":"Home","item":"https:\/\/tierpark-bern.ch\/fr\/home\/"},{"@type":"ListItem","position":2,"name":"Visite au zoo","item":"https:\/\/tierpark-bern.ch\/fr\/visite-au-zoo\/"},{"@type":"ListItem","position":3,"name":"Billets &#038; Prix","item":"https:\/\/tierpark-bern.ch\/fr\/visite-au-zoo\/billets-prix\/"},{"@type":"ListItem","position":4,"name":"Billet journalier"}]},{"@type":"WebSite","@id":"https:\/\/tierpark-bern.ch\/fr\/#website","url":"https:\/\/tierpark-bern.ch\/fr\/","name":"Tierpark Bern","description":"","publisher":{"@id":"https:\/\/tierpark-bern.ch\/fr\/#organization"},"potentialAction":[{"@type":"SearchAction","target":{"@type":"EntryPoint","urlTemplate":"https:\/\/tierpark-bern.ch\/fr\/?s={search_term_string}"},"query-input":{"@type":"PropertyValueSpecification","valueRequired":true,"valueName":"search_term_string"}}],"inLanguage":"fr-FR"},{"@type":"Organization","@id":"https:\/\/tierpark-bern.ch\/fr\/#organization","name":"Tierpark Bern | D\u00e4hlh\u00f6lzli + B\u00e4renPark","alternateName":"Tierpark Bern","url":"https:\/\/tierpark-bern.ch\/fr\/","logo":{"@type":"ImageObject","inLanguage":"fr-FR","@id":"https:\/\/tierpark-bern.ch\/fr\/#\/schema\/logo\/image\/","url":"https:\/\/tierpark-bern.ch\/web\/app\/uploads\/2024\/04\/tierpark-bern-696x696-1.jpg","contentUrl":"https:\/\/tierpark-bern.ch\/web\/app\/uploads\/2024\/04\/tierpark-bern-696x696-1.jpg","width":696,"height":696,"caption":"Tierpark Bern | D\u00e4hlh\u00f6lzli + B\u00e4renPark"},"image":{"@id":"https:\/\/tierpark-bern.ch\/fr\/#\/schema\/logo\/image\/"},"sameAs":["https:\/\/www.facebook.com\/tierparkbern\/","https:\/\/x.com\/tierparkbern","https:\/\/www.instagram.com\/tierparkbern\/"]}]}},"_links":{"self":[{"href":"https:\/\/tierpark-bern.ch\/fr\/wp-json\/wp\/v2\/pages\/46242","targetHints":{"allow":["GET"]}}],"collection":[{"href":"https:\/\/tierpark-bern.ch\/fr\/wp-json\/wp\/v2\/pages"}],"about":[{"href":"https:\/\/tierpark-bern.ch\/fr\/wp-json\/wp\/v2\/types\/page"}],"author":[{"embeddable":true,"href":"https:\/\/tierpark-bern.ch\/fr\/wp-json\/wp\/v2\/users\/1"}],"replies":[{"embeddable":true,"href":"https:\/\/tierpark-bern.ch\/fr\/wp-json\/wp\/v2\/comments?post=46242"}],"version-history":[{"count":0,"href":"https:\/\/tierpark-bern.ch\/fr\/wp-json\/wp\/v2\/pages\/46242\/revisions"}],"up":[{"embeddable":true,"href":"https:\/\/tierpark-bern.ch\/fr\/wp-json\/wp\/v2\/pages\/46217"}],"wp:featuredmedia":[{"embeddable":true,"href":"https:\/\/tierpark-bern.ch\/fr\/wp-json\/wp\/v2\/media\/19513"}],"wp:attachment":[{"href":"https:\/\/tierpark-bern.ch\/fr\/wp-json\/wp\/v2\/media?parent=46242"}],"curies":[{"name":"wp","href":"https:\/\/api.w.org\/{rel}","templated":true}]}}