{"id":46355,"date":"2021-09-03T00:26:39","date_gmt":"2021-09-02T22:26:39","guid":{"rendered":"https:\/\/tierpark-bern.ch\/protection-de-la-nature-et-animaux\/enclos\/papageitaucherhalle\/"},"modified":"2022-11-21T16:58:25","modified_gmt":"2022-11-21T15:58:25","slug":"voliere-des-macareux-moines","status":"publish","type":"page","link":"https:\/\/tierpark-bern.ch\/fr\/protection-de-la-nature-et-animaux\/enclos\/voliere-des-macareux-moines\/","title":{"rendered":"Voli\u00e8re des macareux moines"},"content":{"rendered":"<div class=\"wpb-content-wrapper\"><p>[vc_row][vc_column][vc_column_text]<\/p>\n<h1>Voli\u00e8re des macareux moines<\/h1>\n<p>L\u2019enclos inaugur\u00e9 en 2009 \u00e9voque le paysage de fjords et de falaises-barri\u00e8res des \u00eeles Orcades. Il comprend une paroi rocheuse escarp\u00e9e avec des cavit\u00e9s de nidification et un bassin de plong\u00e9e. Les macareux moines disposent d\u2019un espace de vol de 8 \u00e0 10 m\u00e8tres de haut. Au sous-sol en forme de grotte, une gigantesque paroi de verre permet d\u2019observer leurs fascinantes \u00e9volutions subaquatiques. Deux sternes arctiques cohabitent avec la colonie de \u00abperroquets de mer\u00bb.<\/p>\n<p>Le vaste paysage aquatique sert de cadre de vie \u00e0 diff\u00e9rentes esp\u00e8ces de poissons de rivi\u00e8re. Outre l\u2019alet et le barbeau, deux esp\u00e8ces indig\u00e8nes, on y trouve deux sp\u00e9cimens d\u2019esturgeon b\u00e9luga, esp\u00e8ce particuli\u00e8rement menac\u00e9e.<\/p>\n<p>Le microclimat de la voli\u00e8re \u00e0 ciel ouvert, avec son installation produisant du vent et sa machine \u00e0 vagues, convient visiblement bien \u00e0 cette esp\u00e8ce exigeante et au syst\u00e8me immunitaire faible puisque depuis des ann\u00e9es, le parc zoologique enregistre r\u00e9guli\u00e8rement des naissances.<\/p>\n<p>Le peintre Erlend Brown, originaire des \u00eeles Orcades et install\u00e9 au milieu d\u2019une colonie de macareux moines, a con\u00e7u la paroi de l\u2019espace des visiteurs, o\u00f9 il a distingu\u00e9 quatre champs th\u00e9matiques (Sea \/ Flight.Landscape \/ Words \/ Above-Below).<\/p>\n<p>Vis-\u00e0-vis des vitres d\u2019observation sous l\u2019eau, l\u2019enclos des salamandres tachet\u00e9es a vu le jour en 2021, dans le cadre du projet \u00abLa nature a besoin de la ville\u00bb.[\/vc_column_text][\/vc_column][\/vc_row][vc_row][vc_column width=&#8221;1\/2&#8243;][vc_single_image image=&#8221;20237&#8243; add_caption=&#8221;yes&#8221;][\/vc_column][vc_column width=&#8221;1\/2&#8243;][vc_single_image image=&#8221;20241&#8243; add_caption=&#8221;yes&#8221;][\/vc_column][\/vc_row][vc_row][vc_column width=&#8221;1\/2&#8243;][vc_column_text]<\/p>\n<div class=\"tbl-species-list-container\">\n<h2>Animaux \u00e0 voir dans l\u2019enclos<\/h2>\n<table class=\"tbl-all-species-list\">\n<tbody>\n<tr style=\"height: 24px;\">\n<td style=\"height: 24px;\"><a href=\"https:\/\/tierpark-bern.ch\/fr\/tierlexikon\/papageitaucher\/\"><strong>Macareux moine<\/strong><\/a><\/td>\n<\/tr>\n<tr style=\"height: 24px;\">\n<td style=\"height: 24px;\"><a href=\"https:\/\/tierpark-bern.ch\/fr\/tierlexikon\/kuestenseeschwalbe\/\"><strong>Sterne arctique<\/strong><\/a><\/td>\n<\/tr>\n<tr style=\"height: 24px;\">\n<td style=\"height: 24px;\"><a href=\"https:\/\/tierpark-bern.ch\/fr\/tierlexikon\/beluga-stoer\/\"><strong>Esturgeon b\u00e9luga<\/strong><\/a><\/td>\n<\/tr>\n<tr style=\"height: 24px;\">\n<td style=\"height: 24px;\"><a href=\"https:\/\/tierpark-bern.ch\/fr\/tierlexikon\/alet\/\"><strong>Alet<br \/>\n<\/strong><\/a><\/td>\n<\/tr>\n<tr style=\"height: 24px;\">\n<td style=\"height: 24px;\"><a href=\"https:\/\/tierpark-bern.ch\/fr\/tierlexikon\/barbe\/\"><strong>Barbeau<\/strong><\/a><\/td>\n<\/tr>\n<tr style=\"height: 24px;\">\n<td style=\"height: 24px;\"><a href=\"https:\/\/tierpark-bern.ch\/fr\/tierlexikon\/feuersalamander\/\"><strong>Salamandre tachet\u00e9e<\/strong><\/a><\/td>\n<\/tr>\n<\/tbody>\n<\/table>\n<\/div>\n<p>[\/vc_column_text][\/vc_column][\/vc_row]<\/p>\n<\/div>","protected":false},"excerpt":{"rendered":"<p>L\u2019enclos inaugur\u00e9 en 2009 \u00e9voque le paysage de fjords et de falaises-barri\u00e8res des \u00eeles Orcades. <\/p>\n","protected":false},"author":1,"featured_media":22918,"parent":46318,"menu_order":0,"comment_status":"closed","ping_status":"closed","template":"","meta":{"_acf_changed":false,"footnotes":""},"class_list":["post-46355","page","type-page","status-publish","has-post-thumbnail","hentry"],"acf":[],"yoast_head":"<title>Voli\u00e8re des macareux moines | Tierpark Bern<\/title>\n<meta name=\"description\" content=\"L\u2019enclos inaugur\u00e9 en 2009 \u00e9voque le paysage de fjords et de falaises-barri\u00e8res des \u00eeles Orcades.\" \/>\n<meta name=\"robots\" content=\"index, follow, max-snippet:-1, max-image-preview:large, max-video-preview:-1\" \/>\n<link rel=\"canonical\" href=\"https:\/\/tierpark-bern.ch\/fr\/protection-de-la-nature-et-animaux\/enclos\/voliere-des-macareux-moines\/\" \/>\n<meta property=\"og:locale\" content=\"fr_FR\" \/>\n<meta property=\"og:type\" content=\"article\" \/>\n<meta property=\"og:title\" content=\"Voli\u00e8re des macareux moines | Tierpark Bern\" \/>\n<meta property=\"og:description\" content=\"L\u2019enclos inaugur\u00e9 en 2009 \u00e9voque le paysage de fjords et de falaises-barri\u00e8res des \u00eeles Orcades.\" \/>\n<meta property=\"og:url\" content=\"https:\/\/tierpark-bern.ch\/fr\/protection-de-la-nature-et-animaux\/enclos\/voliere-des-macareux-moines\/\" \/>\n<meta property=\"og:site_name\" content=\"Tierpark Bern\" \/>\n<meta property=\"article:publisher\" content=\"https:\/\/www.facebook.com\/tierparkbern\/\" \/>\n<meta property=\"article:modified_time\" content=\"2022-11-21T15:58:25+00:00\" \/>\n<meta property=\"og:image\" content=\"https:\/\/tierpark-bern.ch\/web\/app\/uploads\/2022\/02\/papageitaucher-tierpark-bern-75.jpg\" \/>\n\t<meta property=\"og:image:width\" content=\"1500\" \/>\n\t<meta property=\"og:image:height\" content=\"998\" \/>\n\t<meta property=\"og:image:type\" content=\"image\/jpeg\" \/>\n<script type=\"application\/ld+json\" class=\"yoast-schema-graph\">{\"@context\":\"https:\/\/schema.org\",\"@graph\":[{\"@type\":\"WebPage\",\"@id\":\"https:\/\/tierpark-bern.ch\/fr\/protection-de-la-nature-et-animaux\/enclos\/voliere-des-macareux-moines\/\",\"url\":\"https:\/\/tierpark-bern.ch\/fr\/protection-de-la-nature-et-animaux\/enclos\/voliere-des-macareux-moines\/\",\"name\":\"Voli\u00e8re des macareux moines | Tierpark Bern\",\"isPartOf\":{\"@id\":\"https:\/\/tierpark-bern.ch\/fr\/#website\"},\"primaryImageOfPage\":{\"@id\":\"https:\/\/tierpark-bern.ch\/fr\/protection-de-la-nature-et-animaux\/enclos\/voliere-des-macareux-moines\/#primaryimage\"},\"image\":{\"@id\":\"https:\/\/tierpark-bern.ch\/fr\/protection-de-la-nature-et-animaux\/enclos\/voliere-des-macareux-moines\/#primaryimage\"},\"thumbnailUrl\":\"https:\/\/tierpark-bern.ch\/web\/app\/uploads\/2022\/02\/papageitaucher-tierpark-bern-75.jpg\",\"datePublished\":\"2021-09-02T22:26:39+00:00\",\"dateModified\":\"2022-11-21T15:58:25+00:00\",\"description\":\"L\u2019enclos inaugur\u00e9 en 2009 \u00e9voque le paysage de fjords et de falaises-barri\u00e8res des \u00eeles Orcades.\",\"breadcrumb\":{\"@id\":\"https:\/\/tierpark-bern.ch\/fr\/protection-de-la-nature-et-animaux\/enclos\/voliere-des-macareux-moines\/#breadcrumb\"},\"inLanguage\":\"fr-FR\",\"potentialAction\":[{\"@type\":\"ReadAction\",\"target\":[\"https:\/\/tierpark-bern.ch\/fr\/protection-de-la-nature-et-animaux\/enclos\/voliere-des-macareux-moines\/\"]}]},{\"@type\":\"ImageObject\",\"inLanguage\":\"fr-FR\",\"@id\":\"https:\/\/tierpark-bern.ch\/fr\/protection-de-la-nature-et-animaux\/enclos\/voliere-des-macareux-moines\/#primaryimage\",\"url\":\"https:\/\/tierpark-bern.ch\/web\/app\/uploads\/2022\/02\/papageitaucher-tierpark-bern-75.jpg\",\"contentUrl\":\"https:\/\/tierpark-bern.ch\/web\/app\/uploads\/2022\/02\/papageitaucher-tierpark-bern-75.jpg\",\"width\":1500,\"height\":998,\"caption\":\"Nahaufnahme von einem schwimmenden Papageitaucher\"},{\"@type\":\"BreadcrumbList\",\"@id\":\"https:\/\/tierpark-bern.ch\/fr\/protection-de-la-nature-et-animaux\/enclos\/voliere-des-macareux-moines\/#breadcrumb\",\"itemListElement\":[{\"@type\":\"ListItem\",\"position\":1,\"name\":\"Home\",\"item\":\"https:\/\/tierpark-bern.ch\/fr\/home\/\"},{\"@type\":\"ListItem\",\"position\":2,\"name\":\"Protection de la nature et animaux\",\"item\":\"https:\/\/tierpark-bern.ch\/fr\/protection-de-la-nature-et-animaux\/\"},{\"@type\":\"ListItem\",\"position\":3,\"name\":\"Enclos\",\"item\":\"https:\/\/tierpark-bern.ch\/fr\/protection-de-la-nature-et-animaux\/enclos\/\"},{\"@type\":\"ListItem\",\"position\":4,\"name\":\"Voli\u00e8re des macareux moines\"}]},{\"@type\":\"WebSite\",\"@id\":\"https:\/\/tierpark-bern.ch\/fr\/#website\",\"url\":\"https:\/\/tierpark-bern.ch\/fr\/\",\"name\":\"Tierpark Bern\",\"description\":\"\",\"publisher\":{\"@id\":\"https:\/\/tierpark-bern.ch\/fr\/#organization\"},\"potentialAction\":[{\"@type\":\"SearchAction\",\"target\":{\"@type\":\"EntryPoint\",\"urlTemplate\":\"https:\/\/tierpark-bern.ch\/fr\/?s={search_term_string}\"},\"query-input\":{\"@type\":\"PropertyValueSpecification\",\"valueRequired\":true,\"valueName\":\"search_term_string\"}}],\"inLanguage\":\"fr-FR\"},{\"@type\":\"Organization\",\"@id\":\"https:\/\/tierpark-bern.ch\/fr\/#organization\",\"name\":\"Tierpark Bern | D\u00e4hlh\u00f6lzli + B\u00e4renPark\",\"alternateName\":\"Tierpark Bern\",\"url\":\"https:\/\/tierpark-bern.ch\/fr\/\",\"logo\":{\"@type\":\"ImageObject\",\"inLanguage\":\"fr-FR\",\"@id\":\"https:\/\/tierpark-bern.ch\/fr\/#\/schema\/logo\/image\/\",\"url\":\"https:\/\/tierpark-bern.ch\/web\/app\/uploads\/2024\/04\/tierpark-bern-696x696-1.jpg\",\"contentUrl\":\"https:\/\/tierpark-bern.ch\/web\/app\/uploads\/2024\/04\/tierpark-bern-696x696-1.jpg\",\"width\":696,\"height\":696,\"caption\":\"Tierpark Bern | D\u00e4hlh\u00f6lzli + B\u00e4renPark\"},\"image\":{\"@id\":\"https:\/\/tierpark-bern.ch\/fr\/#\/schema\/logo\/image\/\"},\"sameAs\":[\"https:\/\/www.facebook.com\/tierparkbern\/\",\"https:\/\/x.com\/tierparkbern\",\"https:\/\/www.instagram.com\/tierparkbern\/\"]}]}<\/script>","yoast_head_json":{"title":"Voli\u00e8re des macareux moines | Tierpark Bern","description":"L\u2019enclos inaugur\u00e9 en 2009 \u00e9voque le paysage de fjords et de falaises-barri\u00e8res des \u00eeles Orcades.","robots":{"index":"index","follow":"follow","max-snippet":"max-snippet:-1","max-image-preview":"max-image-preview:large","max-video-preview":"max-video-preview:-1"},"canonical":"https:\/\/tierpark-bern.ch\/fr\/protection-de-la-nature-et-animaux\/enclos\/voliere-des-macareux-moines\/","og_locale":"fr_FR","og_type":"article","og_title":"Voli\u00e8re des macareux moines | Tierpark Bern","og_description":"L\u2019enclos inaugur\u00e9 en 2009 \u00e9voque le paysage de fjords et de falaises-barri\u00e8res des \u00eeles Orcades.","og_url":"https:\/\/tierpark-bern.ch\/fr\/protection-de-la-nature-et-animaux\/enclos\/voliere-des-macareux-moines\/","og_site_name":"Tierpark Bern","article_publisher":"https:\/\/www.facebook.com\/tierparkbern\/","article_modified_time":"2022-11-21T15:58:25+00:00","og_image":[{"width":1500,"height":998,"url":"https:\/\/tierpark-bern.ch\/web\/app\/uploads\/2022\/02\/papageitaucher-tierpark-bern-75.jpg","type":"image\/jpeg"}],"schema":{"@context":"https:\/\/schema.org","@graph":[{"@type":"WebPage","@id":"https:\/\/tierpark-bern.ch\/fr\/protection-de-la-nature-et-animaux\/enclos\/voliere-des-macareux-moines\/","url":"https:\/\/tierpark-bern.ch\/fr\/protection-de-la-nature-et-animaux\/enclos\/voliere-des-macareux-moines\/","name":"Voli\u00e8re des macareux moines | Tierpark Bern","isPartOf":{"@id":"https:\/\/tierpark-bern.ch\/fr\/#website"},"primaryImageOfPage":{"@id":"https:\/\/tierpark-bern.ch\/fr\/protection-de-la-nature-et-animaux\/enclos\/voliere-des-macareux-moines\/#primaryimage"},"image":{"@id":"https:\/\/tierpark-bern.ch\/fr\/protection-de-la-nature-et-animaux\/enclos\/voliere-des-macareux-moines\/#primaryimage"},"thumbnailUrl":"https:\/\/tierpark-bern.ch\/web\/app\/uploads\/2022\/02\/papageitaucher-tierpark-bern-75.jpg","datePublished":"2021-09-02T22:26:39+00:00","dateModified":"2022-11-21T15:58:25+00:00","description":"L\u2019enclos inaugur\u00e9 en 2009 \u00e9voque le paysage de fjords et de falaises-barri\u00e8res des \u00eeles Orcades.","breadcrumb":{"@id":"https:\/\/tierpark-bern.ch\/fr\/protection-de-la-nature-et-animaux\/enclos\/voliere-des-macareux-moines\/#breadcrumb"},"inLanguage":"fr-FR","potentialAction":[{"@type":"ReadAction","target":["https:\/\/tierpark-bern.ch\/fr\/protection-de-la-nature-et-animaux\/enclos\/voliere-des-macareux-moines\/"]}]},{"@type":"ImageObject","inLanguage":"fr-FR","@id":"https:\/\/tierpark-bern.ch\/fr\/protection-de-la-nature-et-animaux\/enclos\/voliere-des-macareux-moines\/#primaryimage","url":"https:\/\/tierpark-bern.ch\/web\/app\/uploads\/2022\/02\/papageitaucher-tierpark-bern-75.jpg","contentUrl":"https:\/\/tierpark-bern.ch\/web\/app\/uploads\/2022\/02\/papageitaucher-tierpark-bern-75.jpg","width":1500,"height":998,"caption":"Nahaufnahme von einem schwimmenden Papageitaucher"},{"@type":"BreadcrumbList","@id":"https:\/\/tierpark-bern.ch\/fr\/protection-de-la-nature-et-animaux\/enclos\/voliere-des-macareux-moines\/#breadcrumb","itemListElement":[{"@type":"ListItem","position":1,"name":"Home","item":"https:\/\/tierpark-bern.ch\/fr\/home\/"},{"@type":"ListItem","position":2,"name":"Protection de la nature et animaux","item":"https:\/\/tierpark-bern.ch\/fr\/protection-de-la-nature-et-animaux\/"},{"@type":"ListItem","position":3,"name":"Enclos","item":"https:\/\/tierpark-bern.ch\/fr\/protection-de-la-nature-et-animaux\/enclos\/"},{"@type":"ListItem","position":4,"name":"Voli\u00e8re des macareux moines"}]},{"@type":"WebSite","@id":"https:\/\/tierpark-bern.ch\/fr\/#website","url":"https:\/\/tierpark-bern.ch\/fr\/","name":"Tierpark Bern","description":"","publisher":{"@id":"https:\/\/tierpark-bern.ch\/fr\/#organization"},"potentialAction":[{"@type":"SearchAction","target":{"@type":"EntryPoint","urlTemplate":"https:\/\/tierpark-bern.ch\/fr\/?s={search_term_string}"},"query-input":{"@type":"PropertyValueSpecification","valueRequired":true,"valueName":"search_term_string"}}],"inLanguage":"fr-FR"},{"@type":"Organization","@id":"https:\/\/tierpark-bern.ch\/fr\/#organization","name":"Tierpark Bern | D\u00e4hlh\u00f6lzli + B\u00e4renPark","alternateName":"Tierpark Bern","url":"https:\/\/tierpark-bern.ch\/fr\/","logo":{"@type":"ImageObject","inLanguage":"fr-FR","@id":"https:\/\/tierpark-bern.ch\/fr\/#\/schema\/logo\/image\/","url":"https:\/\/tierpark-bern.ch\/web\/app\/uploads\/2024\/04\/tierpark-bern-696x696-1.jpg","contentUrl":"https:\/\/tierpark-bern.ch\/web\/app\/uploads\/2024\/04\/tierpark-bern-696x696-1.jpg","width":696,"height":696,"caption":"Tierpark Bern | D\u00e4hlh\u00f6lzli + B\u00e4renPark"},"image":{"@id":"https:\/\/tierpark-bern.ch\/fr\/#\/schema\/logo\/image\/"},"sameAs":["https:\/\/www.facebook.com\/tierparkbern\/","https:\/\/x.com\/tierparkbern","https:\/\/www.instagram.com\/tierparkbern\/"]}]}},"_links":{"self":[{"href":"https:\/\/tierpark-bern.ch\/fr\/wp-json\/wp\/v2\/pages\/46355","targetHints":{"allow":["GET"]}}],"collection":[{"href":"https:\/\/tierpark-bern.ch\/fr\/wp-json\/wp\/v2\/pages"}],"about":[{"href":"https:\/\/tierpark-bern.ch\/fr\/wp-json\/wp\/v2\/types\/page"}],"author":[{"embeddable":true,"href":"https:\/\/tierpark-bern.ch\/fr\/wp-json\/wp\/v2\/users\/1"}],"replies":[{"embeddable":true,"href":"https:\/\/tierpark-bern.ch\/fr\/wp-json\/wp\/v2\/comments?post=46355"}],"version-history":[{"count":0,"href":"https:\/\/tierpark-bern.ch\/fr\/wp-json\/wp\/v2\/pages\/46355\/revisions"}],"up":[{"embeddable":true,"href":"https:\/\/tierpark-bern.ch\/fr\/wp-json\/wp\/v2\/pages\/46318"}],"wp:featuredmedia":[{"embeddable":true,"href":"https:\/\/tierpark-bern.ch\/fr\/wp-json\/wp\/v2\/media\/22918"}],"wp:attachment":[{"href":"https:\/\/tierpark-bern.ch\/fr\/wp-json\/wp\/v2\/media?parent=46355"}],"curies":[{"name":"wp","href":"https:\/\/api.w.org\/{rel}","templated":true}]}}