{"id":46409,"date":"2022-06-21T15:57:08","date_gmt":"2022-06-21T13:57:08","guid":{"rendered":"https:\/\/tierpark-bern.ch\/protection-de-la-nature-et-animaux\/forschung\/"},"modified":"2022-08-17T12:30:18","modified_gmt":"2022-08-17T10:30:18","slug":"le-parc-zoologique-de-berne-comme-lieu-de-recherche","status":"publish","type":"page","link":"https:\/\/tierpark-bern.ch\/fr\/protection-de-la-nature-et-animaux\/le-parc-zoologique-de-berne-comme-lieu-de-recherche\/","title":{"rendered":"Le Parc zoologique de Berne comme lieu de recherche"},"content":{"rendered":"<div class=\"wpb-content-wrapper\"><p>[vc_row][vc_column][vc_column_text]<\/p>\n<h1>Le Parc zoologique de Berne comme lieu de recherche<\/h1>\n<p>Le parc zoologique de Berne poss\u00e8de \u2013 du corail crystal au b\u0153uf musqu\u00e9 en passant par le grand t\u00e9tras \u2013 une population animale unique et \u00e0 prot\u00e9ger. Son r\u00e8glement signale clairement que le parc zoologique cr\u00e9e de nouvelles connaissances sur le monde animal et sur la d\u00e9tention conforme \u00e0 leurs besoins des esp\u00e8ces sauvages. Et c\u2019est pr\u00e9cis\u00e9ment une des raisons qui rendent le travail dans un zoo \u00e0 la fois si int\u00e9ressant et si exigeant: nous n\u2019en savons jamais assez pour comprendre ces pr\u00e9cieux compagnons de route, mais la recherche peut nous aider \u00e0 questionner notre attitude int\u00e9rieure face aux animaux ainsi qu\u2019\u00e0 am\u00e9liorer leurs conditions de d\u00e9tention. Ainsi seulement l\u2019exploitation d\u2019un parc zoologique moderne prend tout son sens, en s\u2019appuyant sur un r\u00e9seau de chercheuses et chercheurs tout aussi avides de connaissances et enthousiastes. Nous en profitons pour remercier ici toutes les personnes qui \u00e9changent avec nous et soutiennent nos activit\u00e9s de recherche, dans l\u2019optique de poursuivre \u00e0 l\u2019avenir cette fructueuse collaboration![\/vc_column_text][\/vc_column][\/vc_row][vc_row][vc_column][vc_column_text]<section class=\"section no-padding-top no-padding-bottom\">\n                        <div class=\"wild-news \">\n                            <div class=\"row-list col-container\"> <div class=\"list-item\">\n                         <div class=\"wild-news-section\" data-href=\"https:\/\/tierpark-bern.ch\/fr\/news\/aviaere-influenza-vogelgrippe\/\">\n                             <p><img decoding=\"async\" class=\"wild-news__img\" src=\" https:\/\/tierpark-bern.ch\/web\/app\/uploads\/2023\/05\/rosa_flamingo_T4A2692-min-630x419.jpg\" alt=\"Viele Flamingos stehen im Wasser\"><\/p>\n                             <div class=\"card card-info \">\n                                  <div class=\"card-body\">\n                                      <div class=\"d-flex flex-column h-100\">\n                                          <p class=\"card-title mb-3\">Avi\u00e4re Influenza (Vogelgrippe)<\/p>\n                                          <p class=\"mb-0\">Forschungsprojekt im Tierpark Bern: Impfung von Zoov\u00f6geln gegen hochpathogene avi\u00e4re Influenzaviren (H5N1)<\/p>\n                                      <\/div>\n                                  <\/div>\n                                  <div class=\"card-footer\"><a class=\"button button-wild-news \" aria-label=\"En savoir plus sur Avi\u00e4re Influenza (Vogelgrippe)\" href=\"https:\/\/tierpark-bern.ch\/fr\/news\/aviaere-influenza-vogelgrippe\/\">En savoir plus <i class=\"vc_btn3-icon fa fa-arrow-right\"><\/i> <\/a><\/div>\n                                  <\/div>\n                             <\/div>\n                         <\/div><div class=\"list-item\">\n                         <div class=\"wild-news-section\" data-href=\"https:\/\/tierpark-bern.ch\/fr\/news\/biber-ertrinken-immer-wieder-in-abwasserschaechten\/\">\n                             <p><img decoding=\"async\" class=\"wild-news__img\" src=\" https:\/\/tierpark-bern.ch\/web\/app\/uploads\/2020\/07\/tierpark-bern-daehlhoelzli-zoo-167.jpg\" alt=\"\"><\/p>\n                             <div class=\"card card-info \">\n                                  <div class=\"card-body\">\n                                      <div class=\"d-flex flex-column h-100\">\n                                          <p class=\"card-title mb-3\">Biber<\/p>\n                                          <p class=\"mb-0\">Biber ertrinken immer wieder in Abwassersch\u00e4chten. Um die Tiere davor zu sch\u00fctzen, wird im Tierpark Bern eine rostartige Struktur getestet.<\/p>\n                                      <\/div>\n                                  <\/div>\n                                  <div class=\"card-footer\"><a class=\"button button-wild-news \" aria-label=\"En savoir plus sur Biber\" href=\"https:\/\/tierpark-bern.ch\/fr\/news\/biber-ertrinken-immer-wieder-in-abwasserschaechten\/\">En savoir plus <i class=\"vc_btn3-icon fa fa-arrow-right\"><\/i> <\/a><\/div>\n                                  <\/div>\n                             <\/div>\n                         <\/div><div class=\"list-item\">\n                         <div class=\"wild-news-section\" data-href=\"https:\/\/tierpark-bern.ch\/fr\/news\/bison\/\">\n                             <p><img decoding=\"async\" class=\"wild-news__img\" src=\" https:\/\/tierpark-bern.ch\/web\/app\/uploads\/2022\/06\/Wisent-Klauenuntersuchung-Okt_2021_Foto-Slezak-9146-630x419.jpg\" alt=\"\"><\/p>\n                             <div class=\"card card-info \">\n                                  <div class=\"card-body\">\n                                      <div class=\"d-flex flex-column h-100\">\n                                          <p class=\"card-title mb-3\">Bison (en allemand seulement)<\/p>\n                                          <p class=\"mb-0\">Une nouvelle maladie des pieds des bisons d'Europe a r\u00e9cemment \u00e9t\u00e9 d\u00e9crite pour la premi\u00e8re fois au parc animalier de Berne.<\/p>\n                                      <\/div>\n                                  <\/div>\n                                  <div class=\"card-footer\"><a class=\"button button-wild-news \" aria-label=\"En savoir plus sur Bison (en allemand seulement)\" href=\"https:\/\/tierpark-bern.ch\/fr\/news\/bison\/\">En savoir plus <i class=\"vc_btn3-icon fa fa-arrow-right\"><\/i> <\/a><\/div>\n                                  <\/div>\n                             <\/div>\n                         <\/div><div class=\"list-item\">\n                         <div class=\"wild-news-section\" data-href=\"https:\/\/tierpark-bern.ch\/fr\/news\/macareux-moines\/\">\n                             <p><img decoding=\"async\" class=\"wild-news__img\" src=\" https:\/\/tierpark-bern.ch\/web\/app\/uploads\/2021\/08\/papageitaucher-tierpark-bern.jpg\" alt=\"Nahaufnahme von Papageitauchern\"><\/p>\n                             <div class=\"card card-info \">\n                                  <div class=\"card-body\">\n                                      <div class=\"d-flex flex-column h-100\">\n                                          <p class=\"card-title mb-3\">Macareux moines (en allemand seulement)<\/p>\n                                          <p class=\"mb-0\">Der Tierpark Bern ist weltweit einer der ganz wenigen und zudem erfolgreichen Z\u00fcchter von Papageitauchern.<\/p>\n                                      <\/div>\n                                  <\/div>\n                                  <div class=\"card-footer\"><a class=\"button button-wild-news \" aria-label=\"En savoir plus sur Macareux moines (en allemand seulement)\" href=\"https:\/\/tierpark-bern.ch\/fr\/news\/macareux-moines\/\">En savoir plus <i class=\"vc_btn3-icon fa fa-arrow-right\"><\/i> <\/a><\/div>\n                                  <\/div>\n                             <\/div>\n                         <\/div><div class=\"list-item\">\n                         <div class=\"wild-news-section\" data-href=\"https:\/\/tierpark-bern.ch\/fr\/news\/moschusochse\/\">\n                             <p><img decoding=\"async\" class=\"wild-news__img\" src=\" https:\/\/tierpark-bern.ch\/web\/app\/uploads\/2020\/07\/tierpark-bern-moschusochse_T4B09261.jpg\" alt=\"Nahaufnahme von einem Moschusochsen\"><\/p>\n                             <div class=\"card card-info \">\n                                  <div class=\"card-body\">\n                                      <div class=\"d-flex flex-column h-100\">\n                                          <p class=\"card-title mb-3\">Moschusochse (en allemand seulement)<\/p>\n                                          <p class=\"mb-0\">Aufl\u00f6sung eines mysteri\u00f6sen Falls nach 37 Jahren\u2026<\/p>\n                                      <\/div>\n                                  <\/div>\n                                  <div class=\"card-footer\"><a class=\"button button-wild-news \" aria-label=\"En savoir plus sur Moschusochse (en allemand seulement)\" href=\"https:\/\/tierpark-bern.ch\/fr\/news\/moschusochse\/\">En savoir plus <i class=\"vc_btn3-icon fa fa-arrow-right\"><\/i> <\/a><\/div>\n                                  <\/div>\n                             <\/div>\n                         <\/div><div class=\"list-item\">\n                         <div class=\"wild-news-section\" data-href=\"https:\/\/tierpark-bern.ch\/fr\/news\/emys\/\">\n                             <p><img decoding=\"async\" class=\"wild-news__img\" src=\" https:\/\/tierpark-bern.ch\/web\/app\/uploads\/2020\/07\/Emys-Auswilderungsprojekt-August-2019-8-630x419.jpg\" alt=\"\"><\/p>\n                             <div class=\"card card-info \">\n                                  <div class=\"card-body\">\n                                      <div class=\"d-flex flex-column h-100\">\n                                          <p class=\"card-title mb-3\">European pond terrapin (en allemand seulement)<\/p>\n                                          <p class=\"mb-0\">Une bonne sant\u00e9 des animaux d'\u00e9levage et de leurs \u00e9closions est particuli\u00e8rement importante lors de la remise en libert\u00e9 des tortues.<\/p>\n                                      <\/div>\n                                  <\/div>\n                                  <div class=\"card-footer\"><a class=\"button button-wild-news \" aria-label=\"En savoir plus sur European pond terrapin (en allemand seulement)\" href=\"https:\/\/tierpark-bern.ch\/fr\/news\/emys\/\">En savoir plus <i class=\"vc_btn3-icon fa fa-arrow-right\"><\/i> <\/a><\/div>\n                                  <\/div>\n                             <\/div>\n                         <\/div><div class=\"list-item\">\n                         <div class=\"wild-news-section\" data-href=\"https:\/\/tierpark-bern.ch\/fr\/news\/persischer-leopard-erkenntnisse-zur-anaesthesie\/\">\n                             <p><img decoding=\"async\" class=\"wild-news__img\" src=\" https:\/\/tierpark-bern.ch\/web\/app\/uploads\/2022\/02\/Leopard-im-Tierpark-Bern-Daehlhoelzli-2.jpg\" alt=\"\"><\/p>\n                             <div class=\"card card-info \">\n                                  <div class=\"card-body\">\n                                      <div class=\"d-flex flex-column h-100\">\n                                          <p class=\"card-title mb-3\">Persischer Leopard<\/p>\n                                          <p class=\"mb-0\">Erkenntnisse zur An\u00e4sthesie. Zur klinischen Untersuchung eines Leoparden ist zur Sicherheit von Mensch und Tier eine Vollnarkose unumg\u00e4nglich.<\/p>\n                                      <\/div>\n                                  <\/div>\n                                  <div class=\"card-footer\"><a class=\"button button-wild-news \" aria-label=\"En savoir plus sur Persischer Leopard\" href=\"https:\/\/tierpark-bern.ch\/fr\/news\/persischer-leopard-erkenntnisse-zur-anaesthesie\/\">En savoir plus <i class=\"vc_btn3-icon fa fa-arrow-right\"><\/i> <\/a><\/div>\n                                  <\/div>\n                             <\/div>\n                         <\/div><\/div>\n                    <\/div><\/section>[\/vc_column_text][\/vc_column][\/vc_row][vc_row][vc_column][vc_column_text]<section class=\"section no-padding-bottom page-suggestion-container\">\n            <div class=\"container\">\n                <div class=\"row bottom-50\">\n                    <div class=\"col-12\">\n                        <div class=\"heading heading--primary heading--center\">\n                            <h2 class=\"heading__title no-margin-bottom\"><span>Autres Th\u00e8mes<\/span><\/h2>\n                        <\/div>\n                    <\/div>\n                <\/div>\n                <div class=\"row\"><div class=\"col-md-6 col-xl-4 \">\n                        <div class=\"service-content\" tabindex=\"0\" role=\"link\" onclick=\"suggestionLinkfunction(this);\" data-href=\"https:\/\/tierpark-bern.ch\/fr\/protection-de-la-nature-et-animaux\/protection-des-especes\/\">\n                            <img decoding=\"async\" src=\"https:\/\/tierpark-bern.ch\/web\/app\/uploads\/2022\/02\/steinkauz-386x230.jpg\" alt=\"\"\/>\n                                <div class=\"service-desc\">\n                                    <div class=\"vcenter\">\n                                        <div class=\"titel\">Protection des esp\u00e8ces<\/div>\n                                    <\/div>\n                                <\/div>\n                        <\/div>\n                    <\/div><div class=\"col-md-6 col-xl-4 \">\n                        <div class=\"service-content\" tabindex=\"0\" role=\"link\" onclick=\"suggestionLinkfunction(this);\" data-href=\"https:\/\/tierpark-bern.ch\/fr\/protection-de-la-nature-et-animaux\/enclos\/\">\n                            <img decoding=\"async\" src=\"https:\/\/tierpark-bern.ch\/web\/app\/uploads\/2020\/07\/fisch-tierpark-bern-3-386x230.jpg\" alt=\"\"\/>\n                                <div class=\"service-desc\">\n                                    <div class=\"vcenter\">\n                                        <div class=\"titel\">Enclos<\/div>\n                                    <\/div>\n                                <\/div>\n                        <\/div>\n                    <\/div><div class=\"col-md-6 col-xl-4 \">\n                        <div class=\"service-content\" tabindex=\"0\" role=\"link\" onclick=\"suggestionLinkfunction(this);\" data-href=\"https:\/\/tierpark-bern.ch\/fr\/protection-de-la-nature-et-animaux\/protection-de-la-nature\/\">\n                            <img decoding=\"async\" src=\"https:\/\/tierpark-bern.ch\/web\/app\/uploads\/2021\/08\/frosche_kroten_molche_bergmolche_peter_schlup_004_website-386x230.jpg\" alt=\"\"\/>\n                                <div class=\"service-desc\">\n                                    <div class=\"vcenter\">\n                                        <div class=\"titel\">Protection de la nature<\/div>\n                                    <\/div>\n                                <\/div>\n                        <\/div>\n                    <\/div><\/div>\n            <\/div>\n        <\/section>[\/vc_column_text][\/vc_column][\/vc_row]<\/p>\n<\/div>","protected":false},"excerpt":{"rendered":"<p>Le parc zoologique de Berne poss\u00e8de \u2013 du corail crystal au b\u0153uf musqu\u00e9 en passant par le grand t\u00e9tras \u2013 une population animale unique et \u00e0 prot\u00e9ger.<\/p>\n","protected":false},"author":1,"featured_media":0,"parent":46121,"menu_order":0,"comment_status":"closed","ping_status":"closed","template":"","meta":{"_acf_changed":false,"footnotes":""},"class_list":["post-46409","page","type-page","status-publish","hentry"],"acf":[],"yoast_head":"<title>Le Parc zoologique de Berne comme lieu de recherche | Tierpark Bern<\/title>\n<meta name=\"description\" content=\"Ainsi seulement l\u2019exploitation d\u2019un parc zoologique moderne prend tout son sens, en s\u2019appuyant sur un r\u00e9seau de chercheuses et chercheurs tout aussi avides de connaissances et enthousiastes.\" \/>\n<meta name=\"robots\" content=\"index, follow, max-snippet:-1, max-image-preview:large, max-video-preview:-1\" \/>\n<link rel=\"canonical\" href=\"https:\/\/tierpark-bern.ch\/fr\/protection-de-la-nature-et-animaux\/le-parc-zoologique-de-berne-comme-lieu-de-recherche\/\" \/>\n<meta property=\"og:locale\" content=\"fr_FR\" \/>\n<meta property=\"og:type\" content=\"article\" \/>\n<meta property=\"og:title\" content=\"Le Parc zoologique de Berne comme lieu de recherche | Tierpark Bern\" \/>\n<meta property=\"og:description\" content=\"Ainsi seulement l\u2019exploitation d\u2019un parc zoologique moderne prend tout son sens, en s\u2019appuyant sur un r\u00e9seau de chercheuses et chercheurs tout aussi avides de connaissances et enthousiastes.\" \/>\n<meta property=\"og:url\" content=\"https:\/\/tierpark-bern.ch\/fr\/protection-de-la-nature-et-animaux\/le-parc-zoologique-de-berne-comme-lieu-de-recherche\/\" \/>\n<meta property=\"og:site_name\" content=\"Tierpark Bern\" \/>\n<meta property=\"article:publisher\" content=\"https:\/\/www.facebook.com\/tierparkbern\/\" \/>\n<meta property=\"article:modified_time\" content=\"2022-08-17T10:30:18+00:00\" \/>\n<script type=\"application\/ld+json\" class=\"yoast-schema-graph\">{\"@context\":\"https:\/\/schema.org\",\"@graph\":[{\"@type\":\"WebPage\",\"@id\":\"https:\/\/tierpark-bern.ch\/fr\/protection-de-la-nature-et-animaux\/le-parc-zoologique-de-berne-comme-lieu-de-recherche\/\",\"url\":\"https:\/\/tierpark-bern.ch\/fr\/protection-de-la-nature-et-animaux\/le-parc-zoologique-de-berne-comme-lieu-de-recherche\/\",\"name\":\"Le Parc zoologique de Berne comme lieu de recherche | Tierpark Bern\",\"isPartOf\":{\"@id\":\"https:\/\/tierpark-bern.ch\/fr\/#website\"},\"datePublished\":\"2022-06-21T13:57:08+00:00\",\"dateModified\":\"2022-08-17T10:30:18+00:00\",\"description\":\"Ainsi seulement l\u2019exploitation d\u2019un parc zoologique moderne prend tout son sens, en s\u2019appuyant sur un r\u00e9seau de chercheuses et chercheurs tout aussi avides de connaissances et enthousiastes.\",\"breadcrumb\":{\"@id\":\"https:\/\/tierpark-bern.ch\/fr\/protection-de-la-nature-et-animaux\/le-parc-zoologique-de-berne-comme-lieu-de-recherche\/#breadcrumb\"},\"inLanguage\":\"fr-FR\",\"potentialAction\":[{\"@type\":\"ReadAction\",\"target\":[\"https:\/\/tierpark-bern.ch\/fr\/protection-de-la-nature-et-animaux\/le-parc-zoologique-de-berne-comme-lieu-de-recherche\/\"]}]},{\"@type\":\"BreadcrumbList\",\"@id\":\"https:\/\/tierpark-bern.ch\/fr\/protection-de-la-nature-et-animaux\/le-parc-zoologique-de-berne-comme-lieu-de-recherche\/#breadcrumb\",\"itemListElement\":[{\"@type\":\"ListItem\",\"position\":1,\"name\":\"Home\",\"item\":\"https:\/\/tierpark-bern.ch\/fr\/home\/\"},{\"@type\":\"ListItem\",\"position\":2,\"name\":\"Protection de la nature et animaux\",\"item\":\"https:\/\/tierpark-bern.ch\/fr\/protection-de-la-nature-et-animaux\/\"},{\"@type\":\"ListItem\",\"position\":3,\"name\":\"Le Parc zoologique de Berne comme lieu de recherche\"}]},{\"@type\":\"WebSite\",\"@id\":\"https:\/\/tierpark-bern.ch\/fr\/#website\",\"url\":\"https:\/\/tierpark-bern.ch\/fr\/\",\"name\":\"Tierpark Bern\",\"description\":\"\",\"publisher\":{\"@id\":\"https:\/\/tierpark-bern.ch\/fr\/#organization\"},\"potentialAction\":[{\"@type\":\"SearchAction\",\"target\":{\"@type\":\"EntryPoint\",\"urlTemplate\":\"https:\/\/tierpark-bern.ch\/fr\/?s={search_term_string}\"},\"query-input\":{\"@type\":\"PropertyValueSpecification\",\"valueRequired\":true,\"valueName\":\"search_term_string\"}}],\"inLanguage\":\"fr-FR\"},{\"@type\":\"Organization\",\"@id\":\"https:\/\/tierpark-bern.ch\/fr\/#organization\",\"name\":\"Tierpark Bern | D\u00e4hlh\u00f6lzli + B\u00e4renPark\",\"alternateName\":\"Tierpark Bern\",\"url\":\"https:\/\/tierpark-bern.ch\/fr\/\",\"logo\":{\"@type\":\"ImageObject\",\"inLanguage\":\"fr-FR\",\"@id\":\"https:\/\/tierpark-bern.ch\/fr\/#\/schema\/logo\/image\/\",\"url\":\"https:\/\/tierpark-bern.ch\/web\/app\/uploads\/2024\/04\/tierpark-bern-696x696-1.jpg\",\"contentUrl\":\"https:\/\/tierpark-bern.ch\/web\/app\/uploads\/2024\/04\/tierpark-bern-696x696-1.jpg\",\"width\":696,\"height\":696,\"caption\":\"Tierpark Bern | D\u00e4hlh\u00f6lzli + B\u00e4renPark\"},\"image\":{\"@id\":\"https:\/\/tierpark-bern.ch\/fr\/#\/schema\/logo\/image\/\"},\"sameAs\":[\"https:\/\/www.facebook.com\/tierparkbern\/\",\"https:\/\/x.com\/tierparkbern\",\"https:\/\/www.instagram.com\/tierparkbern\/\"]}]}<\/script>","yoast_head_json":{"title":"Le Parc zoologique de Berne comme lieu de recherche | Tierpark Bern","description":"Ainsi seulement l\u2019exploitation d\u2019un parc zoologique moderne prend tout son sens, en s\u2019appuyant sur un r\u00e9seau de chercheuses et chercheurs tout aussi avides de connaissances et enthousiastes.","robots":{"index":"index","follow":"follow","max-snippet":"max-snippet:-1","max-image-preview":"max-image-preview:large","max-video-preview":"max-video-preview:-1"},"canonical":"https:\/\/tierpark-bern.ch\/fr\/protection-de-la-nature-et-animaux\/le-parc-zoologique-de-berne-comme-lieu-de-recherche\/","og_locale":"fr_FR","og_type":"article","og_title":"Le Parc zoologique de Berne comme lieu de recherche | Tierpark Bern","og_description":"Ainsi seulement l\u2019exploitation d\u2019un parc zoologique moderne prend tout son sens, en s\u2019appuyant sur un r\u00e9seau de chercheuses et chercheurs tout aussi avides de connaissances et enthousiastes.","og_url":"https:\/\/tierpark-bern.ch\/fr\/protection-de-la-nature-et-animaux\/le-parc-zoologique-de-berne-comme-lieu-de-recherche\/","og_site_name":"Tierpark Bern","article_publisher":"https:\/\/www.facebook.com\/tierparkbern\/","article_modified_time":"2022-08-17T10:30:18+00:00","schema":{"@context":"https:\/\/schema.org","@graph":[{"@type":"WebPage","@id":"https:\/\/tierpark-bern.ch\/fr\/protection-de-la-nature-et-animaux\/le-parc-zoologique-de-berne-comme-lieu-de-recherche\/","url":"https:\/\/tierpark-bern.ch\/fr\/protection-de-la-nature-et-animaux\/le-parc-zoologique-de-berne-comme-lieu-de-recherche\/","name":"Le Parc zoologique de Berne comme lieu de recherche | Tierpark Bern","isPartOf":{"@id":"https:\/\/tierpark-bern.ch\/fr\/#website"},"datePublished":"2022-06-21T13:57:08+00:00","dateModified":"2022-08-17T10:30:18+00:00","description":"Ainsi seulement l\u2019exploitation d\u2019un parc zoologique moderne prend tout son sens, en s\u2019appuyant sur un r\u00e9seau de chercheuses et chercheurs tout aussi avides de connaissances et enthousiastes.","breadcrumb":{"@id":"https:\/\/tierpark-bern.ch\/fr\/protection-de-la-nature-et-animaux\/le-parc-zoologique-de-berne-comme-lieu-de-recherche\/#breadcrumb"},"inLanguage":"fr-FR","potentialAction":[{"@type":"ReadAction","target":["https:\/\/tierpark-bern.ch\/fr\/protection-de-la-nature-et-animaux\/le-parc-zoologique-de-berne-comme-lieu-de-recherche\/"]}]},{"@type":"BreadcrumbList","@id":"https:\/\/tierpark-bern.ch\/fr\/protection-de-la-nature-et-animaux\/le-parc-zoologique-de-berne-comme-lieu-de-recherche\/#breadcrumb","itemListElement":[{"@type":"ListItem","position":1,"name":"Home","item":"https:\/\/tierpark-bern.ch\/fr\/home\/"},{"@type":"ListItem","position":2,"name":"Protection de la nature et animaux","item":"https:\/\/tierpark-bern.ch\/fr\/protection-de-la-nature-et-animaux\/"},{"@type":"ListItem","position":3,"name":"Le Parc zoologique de Berne comme lieu de recherche"}]},{"@type":"WebSite","@id":"https:\/\/tierpark-bern.ch\/fr\/#website","url":"https:\/\/tierpark-bern.ch\/fr\/","name":"Tierpark Bern","description":"","publisher":{"@id":"https:\/\/tierpark-bern.ch\/fr\/#organization"},"potentialAction":[{"@type":"SearchAction","target":{"@type":"EntryPoint","urlTemplate":"https:\/\/tierpark-bern.ch\/fr\/?s={search_term_string}"},"query-input":{"@type":"PropertyValueSpecification","valueRequired":true,"valueName":"search_term_string"}}],"inLanguage":"fr-FR"},{"@type":"Organization","@id":"https:\/\/tierpark-bern.ch\/fr\/#organization","name":"Tierpark Bern | D\u00e4hlh\u00f6lzli + B\u00e4renPark","alternateName":"Tierpark Bern","url":"https:\/\/tierpark-bern.ch\/fr\/","logo":{"@type":"ImageObject","inLanguage":"fr-FR","@id":"https:\/\/tierpark-bern.ch\/fr\/#\/schema\/logo\/image\/","url":"https:\/\/tierpark-bern.ch\/web\/app\/uploads\/2024\/04\/tierpark-bern-696x696-1.jpg","contentUrl":"https:\/\/tierpark-bern.ch\/web\/app\/uploads\/2024\/04\/tierpark-bern-696x696-1.jpg","width":696,"height":696,"caption":"Tierpark Bern | D\u00e4hlh\u00f6lzli + B\u00e4renPark"},"image":{"@id":"https:\/\/tierpark-bern.ch\/fr\/#\/schema\/logo\/image\/"},"sameAs":["https:\/\/www.facebook.com\/tierparkbern\/","https:\/\/x.com\/tierparkbern","https:\/\/www.instagram.com\/tierparkbern\/"]}]}},"_links":{"self":[{"href":"https:\/\/tierpark-bern.ch\/fr\/wp-json\/wp\/v2\/pages\/46409","targetHints":{"allow":["GET"]}}],"collection":[{"href":"https:\/\/tierpark-bern.ch\/fr\/wp-json\/wp\/v2\/pages"}],"about":[{"href":"https:\/\/tierpark-bern.ch\/fr\/wp-json\/wp\/v2\/types\/page"}],"author":[{"embeddable":true,"href":"https:\/\/tierpark-bern.ch\/fr\/wp-json\/wp\/v2\/users\/1"}],"replies":[{"embeddable":true,"href":"https:\/\/tierpark-bern.ch\/fr\/wp-json\/wp\/v2\/comments?post=46409"}],"version-history":[{"count":0,"href":"https:\/\/tierpark-bern.ch\/fr\/wp-json\/wp\/v2\/pages\/46409\/revisions"}],"up":[{"embeddable":true,"href":"https:\/\/tierpark-bern.ch\/fr\/wp-json\/wp\/v2\/pages\/46121"}],"wp:attachment":[{"href":"https:\/\/tierpark-bern.ch\/fr\/wp-json\/wp\/v2\/media?parent=46409"}],"curies":[{"name":"wp","href":"https:\/\/api.w.org\/{rel}","templated":true}]}}