{"id":46419,"date":"2021-09-03T00:10:17","date_gmt":"2021-09-02T22:10:17","guid":{"rendered":"https:\/\/tierpark-bern.ch\/riff\/"},"modified":"2023-11-28T13:44:07","modified_gmt":"2023-11-28T12:44:07","slug":"recif-corallien-de-berne","status":"publish","type":"page","link":"https:\/\/tierpark-bern.ch\/fr\/protection-de-la-nature-et-animaux\/enclos\/vivarium\/recif-corallien-de-berne\/","title":{"rendered":"R\u00e9cif corallien de Berne"},"content":{"rendered":"<div class=\"wpb-content-wrapper\"><p>[vc_row][vc_column][vc_column_text]<\/p>\n<h1>R\u00e9cif corallien de Berne<\/h1>\n<p>Le parc zoologique de Berne invite \u00e0 se plonger dans le monde color\u00e9 des r\u00e9cifs coralliens. Au vivarium de Berne, un r\u00e9cif artificiel en c\u00e9ramique constitue le squelette et remplace les roches r\u00e9cifales vivantes qu\u2019il aurait fallu sinon pr\u00e9lever dans la nature et importer. Sur cette structure artificielle, les divers coraux se plaisent tant qu\u2019\u00e0 tout moment, les soigneurs sont oblig\u00e9s de s\u2019introduire dans le r\u00e9cif pour effectuer des \u00abtravaux de jardinage\u00bb.<\/p>\n<p>Le bassin r\u00e9cifal renferme 40 000 litres d\u2019eau et a \u00e9t\u00e9 construit en 2013, lors de l\u2019assainissement du toit du vivarium. On y trouve des coraux durs, des coraux mous et des gorgones. De nombreuses esp\u00e8ces d\u2019invert\u00e9br\u00e9s se pressent entre eux \u2013 escargots, moules, \u00e9toiles et vers marins, an\u00e9mones.[\/vc_column_text][\/vc_column][\/vc_row][vc_row][vc_column width=&#8221;1\/2&#8243;][vc_single_image image=&#8221;21748&#8243; add_custom_caption_class=&#8221;yes&#8221;][vc_column_text]R\u00e9cif corallien de Berne: un univers chatoyant.[\/vc_column_text][\/vc_column][vc_column width=&#8221;1\/2&#8243;][vc_single_image image=&#8221;25820&#8243; add_custom_caption_class=&#8221;yes&#8221;][\/vc_column][\/vc_row][vc_row][vc_column][vc_column_text]Les r\u00e9cifs coralliens comptent parmi les \u00e9cosyst\u00e8mes les plus chatoyants de la plan\u00e8te. Pendant longtemps, les avis ont diverg\u00e9 entre experts, quant \u00e0 savoir si les couleurs des poissons qui vivent entre les coraux ont une fonction de camouflage, ou si elles jouent plut\u00f4t un r\u00f4le publicitaire ou avertisseur. Mais comme souvent dans la nature, les choses ne sont pas si simples: les deux explications se valent \u2013 et souvent dans un m\u00eame temps.[\/vc_column_text][\/vc_column][\/vc_row][vc_row][vc_column width=&#8221;1\/2&#8243;][vc_single_image image=&#8221;22963&#8243; add_custom_caption_class=&#8221;yes&#8221;][vc_column_text]De somptueux poissons chirurgiens sillonnent en tous sens l\u2019aquarium r\u00e9cifal, comme le chirurgien \u00e0 voile ou le chirurgien \u00e0 \u00e9paulettes.[\/vc_column_text][\/vc_column][vc_column width=&#8221;1\/2&#8243;][vc_single_image image=&#8221;21817&#8243; add_custom_caption_class=&#8221;yes&#8221;][vc_column_text]Poisson coffre du r\u00e9cif corallien[\/vc_column_text][\/vc_column][\/vc_row][vc_row][vc_column][vc_column_text]<\/p>\n<div class=\"zoo-link-info\">\n<div class=\"container\">\n<div class=\"row\">\n<div class=\"col-md-8 col-sm-12\">\n<div class=\"zoo-link-text-container\"><span class=\"zoo-link-text\">Vous avez s\u00fbrement d\u00e9j\u00e0 observ\u00e9 l\u2019aquarium r\u00e9cifal, du D\u00e4hlh\u00f6lzli en vous demandant pourquoi les poissons coralliens arborent des couleurs aussi vives? (en allemand seulement)<\/span><\/div>\n<\/div>\n<div class=\"col-md-4 col-sm-12 zoo-link-btn-container\"><span class=\"zoo-link-btn\"><a class=\"button button-zoo-info\" href=\"https:\/\/tierpark-bern.ch\/fr\/news\/so-bunt-und-vielfaeltig-ist-das-leben-im-riff\/\" rel=\"noopener\">Pour en savoir plus sur le somptueux habitat corallien <\/a><\/span><\/div>\n<\/div>\n<\/div>\n<\/div>\n<p>[\/vc_column_text][\/vc_column][\/vc_row][vc_row][vc_column width=&#8221;1\/2&#8243;][vc_column_text]<\/p>\n<div class=\"tbl-species-list-container\">\n<h2>Animaux \u00e0 voir dans l\u2019enclos<\/h2>\n<table class=\"tbl-all-species-list\">\n<tbody>\n<tr>\n<td style=\"width: 100%;\"><a href=\"https:\/\/tierpark-bern.ch\/fr\/tierlexikon\/pazifischer-segelflossen-doktorfisch\/\"><strong>Poisson-chirurgien \u00e0 voile indien<\/strong><\/a><\/td>\n<\/tr>\n<tr>\n<td style=\"width: 100%;\"><a href=\"https:\/\/tierpark-bern.ch\/fr\/tierlexikon\/orangefleck-doktorfisch\/\"><strong>Poisson-chirurgien \u00e0 \u00e9paulettes<\/strong><\/a><\/td>\n<\/tr>\n<tr>\n<td style=\"width: 100%;\"><a href=\"https:\/\/tierpark-bern.ch\/fr\/tierlexikon\/rotmeer-doktorfisch\/\"><strong>Poisson-chirurgien de la mer Rouge<\/strong><\/a><\/td>\n<\/tr>\n<tr>\n<td style=\"width: 100%;\"><a href=\"https:\/\/tierpark-bern.ch\/fr\/tierlexikon\/paletten-doktorfisch\/\"><strong>Poisson-chirurgien \u00e0 palette<br \/>\n<\/strong><\/a><\/td>\n<\/tr>\n<tr>\n<td style=\"width: 100%;\"><a href=\"https:\/\/tierpark-bern.ch\/fr\/tierlexikon\/zitronen-segelflossen-doktorfisch\/\"><strong>Poisson-chirurgien citron<\/strong><\/a><\/td>\n<\/tr>\n<tr>\n<td style=\"width: 100%;\"><a href=\"https:\/\/tierpark-bern.ch\/fr\/tierlexikon\/goldringborstenzahn-doktorfisch\/\"><strong>Poisson-chirurgien anneau d\u2019or<\/strong><\/a><\/td>\n<\/tr>\n<tr>\n<td style=\"width: 100%;\"><a href=\"https:\/\/tierpark-bern.ch\/fr\/tierlexikon\/gitter-doktorfisch\/\"><strong>Poisson-chirurgien bagnard<\/strong><\/a><\/td>\n<\/tr>\n<tr>\n<td style=\"width: 100%;\"><a href=\"https:\/\/tierpark-bern.ch\/fr\/tierlexikon\/fuchsgesicht\/\"><strong> Poisson-lapin <\/strong><\/a><\/td>\n<\/tr>\n<tr>\n<td style=\"width: 100%;\"><a href=\"https:\/\/tierpark-bern.ch\/fr\/tierlexikon\/gelbbrauner-kofferfisch\/\"><strong>Poisson coffre jaune<\/strong><\/a><\/td>\n<\/tr>\n<tr>\n<td style=\"width: 100%;\"><a href=\"https:\/\/tierpark-bern.ch\/fr\/tierlexikon\/gelbe-korallengrundel\/\"><strong>Gobie corail jaune<\/strong><\/a><\/td>\n<\/tr>\n<tr>\n<td style=\"width: 100%;\"><a href=\"https:\/\/tierpark-bern.ch\/fr\/tierlexikon\/kopfband-kaninchenfisch\/\"><strong>Sigan \u00e0 deux bandes<\/strong><\/a><\/td>\n<\/tr>\n<tr>\n<td style=\"width: 100%;\"><a href=\"https:\/\/tierpark-bern.ch\/fr\/tierlexikon\/leoparden-junker\/\"><strong>Labre l\u00e9opard<\/strong><\/a><\/td>\n<\/tr>\n<tr>\n<td style=\"width: 100%;\"><a href=\"https:\/\/tierpark-bern.ch\/fr\/tierlexikon\/gemeiner-putzerfisch\/\"><strong>Labre nettoyeur<\/strong><\/a><\/td>\n<\/tr>\n<tr>\n<td style=\"width: 100%;\"><a href=\"https:\/\/tierpark-bern.ch\/fr\/tierlexikon\/indischer-kanarien-lippfisch\/\"><strong>Labre jaune<\/strong><\/a><\/td>\n<\/tr>\n<tr>\n<td style=\"width: 100%;\"><a href=\"https:\/\/tierpark-bern.ch\/fr\/tierlexikon\/clown-anemonenfisch\/\"><strong>Poisson clown<\/strong><\/a><\/td>\n<\/tr>\n<tr>\n<td style=\"width: 100%;\"><a href=\"https:\/\/tierpark-bern.ch\/fr\/tierlexikon\/gruener-schwalbenschwanz\/\"><strong>Demoiselle verte<\/strong><\/a><\/td>\n<\/tr>\n<tr>\n<td style=\"width: 100%;\"><a href=\"https:\/\/tierpark-bern.ch\/fr\/tierlexikon\/flammen-zwergkaiserfisch\/\"><strong>Poisson ange nain flamme<\/strong><\/a><\/td>\n<\/tr>\n<tr>\n<td style=\"width: 100%;\"><a href=\"https:\/\/tierpark-bern.ch\/fr\/tierlexikon\/streifen-zwergkaiserfisch\/\"><strong>Poisson ange nain ray\u00e9<\/strong><\/a><\/td>\n<\/tr>\n<tr>\n<td style=\"width: 100%;\"><a href=\"https:\/\/tierpark-bern.ch\/fr\/tierlexikon\/gelber-pyramidenfalterfisch\/\"><strong>Poisson-papillon pyramide jaune<\/strong><\/a><\/td>\n<\/tr>\n<tr>\n<td style=\"width: 100%;\"><a href=\"https:\/\/tierpark-bern.ch\/fr\/tierlexikon\/orangebinden-pinzettfisch\/\"><strong>Chelmon \u00e0 bec m\u00e9diocre<\/strong><\/a><\/td>\n<\/tr>\n<tr>\n<td style=\"width: 100%;\"><a href=\"https:\/\/tierpark-bern.ch\/fr\/tierlexikon\/banggai-kardinalbarsch\/\"><strong>Apogon de Bangga\u00ef<\/strong><\/a><\/td>\n<\/tr>\n<tr>\n<td style=\"width: 100%;\"><a href=\"https:\/\/tierpark-bern.ch\/fr\/tierlexikon\/pyjama-kardinalbarsch\/\"><strong>Apogon pyjama<\/strong><\/a><\/td>\n<\/tr>\n<tr>\n<td style=\"width: 100%;\"><a href=\"https:\/\/tierpark-bern.ch\/fr\/tierlexikon\/mirakelbarsche\/\"><strong>Poisson-com\u00e8te<\/strong><\/a><\/td>\n<\/tr>\n<tr>\n<td style=\"width: 100%;\"><a href=\"https:\/\/tierpark-bern.ch\/fr\/tierlexikon\/juwelen-fahnenbarsch\/\"><strong>Poisson-barbier<\/strong><\/a><\/td>\n<\/tr>\n<tr>\n<td style=\"width: 100%;\"><a href=\"https:\/\/tierpark-bern.ch\/fr\/tierlexikon\/ohrfleck-roehrenaal\/\"><strong>Anguille-jardini\u00e8re mouchet\u00e9e<\/strong><\/a><\/td>\n<\/tr>\n<tr>\n<td style=\"width: 100%;\"><a href=\"https:\/\/tierpark-bern.ch\/fr\/tierlexikon\/sanddollar\/\"><strong>Oursin<\/strong><\/a><\/td>\n<\/tr>\n<tr>\n<td style=\"width: 100%;\"><strong>Ophiures diverses<\/strong><\/td>\n<\/tr>\n<tr>\n<td style=\"width: 100%;\"><strong>B\u00e9nitiers g\u00e9ants<\/strong><\/td>\n<\/tr>\n<tr>\n<td style=\"width: 100%;\"><strong>Escargots<\/strong><\/td>\n<\/tr>\n<tr>\n<td style=\"width: 100%;\"><strong>An\u00e9mones encro\u00fbtantes<\/strong><\/td>\n<\/tr>\n<tr>\n<td style=\"width: 100%;\"><a href=\"https:\/\/tierpark-bern.ch\/fr\/tierlexikon\/korallen\/\"><strong>Coraux divers<\/strong><\/a><\/td>\n<\/tr>\n<\/tbody>\n<\/table>\n<\/div>\n<p>[\/vc_column_text][\/vc_column][vc_column width=&#8221;1\/2&#8243;][\/vc_column][\/vc_row]<\/p>\n<\/div>","protected":false},"excerpt":{"rendered":"<p>Le parc zoologique de Berne invite \u00e0 se plonger dans le monde color\u00e9 des r\u00e9cifs coralliens. <\/p>\n","protected":false},"author":1,"featured_media":22967,"parent":46427,"menu_order":0,"comment_status":"closed","ping_status":"closed","template":"","meta":{"_acf_changed":false,"footnotes":""},"class_list":["post-46419","page","type-page","status-publish","has-post-thumbnail","hentry"],"acf":[],"yoast_head":"<title>R\u00e9cif corallien de Berne | Tierpark Bern<\/title>\n<meta name=\"description\" content=\"Le parc zoologique de Berne invite \u00e0 se plonger dans le monde color\u00e9 des r\u00e9cifs coralliens.\" \/>\n<meta name=\"robots\" content=\"index, follow, max-snippet:-1, max-image-preview:large, max-video-preview:-1\" \/>\n<link rel=\"canonical\" href=\"https:\/\/tierpark-bern.ch\/fr\/protection-de-la-nature-et-animaux\/enclos\/vivarium\/recif-corallien-de-berne\/\" \/>\n<meta property=\"og:locale\" content=\"fr_FR\" \/>\n<meta property=\"og:type\" content=\"article\" \/>\n<meta property=\"og:title\" content=\"R\u00e9cif corallien de Berne | Tierpark Bern\" \/>\n<meta property=\"og:description\" content=\"Le parc zoologique de Berne invite \u00e0 se plonger dans le monde color\u00e9 des r\u00e9cifs coralliens.\" \/>\n<meta property=\"og:url\" content=\"https:\/\/tierpark-bern.ch\/fr\/protection-de-la-nature-et-animaux\/enclos\/vivarium\/recif-corallien-de-berne\/\" \/>\n<meta property=\"og:site_name\" content=\"Tierpark Bern\" \/>\n<meta property=\"article:publisher\" content=\"https:\/\/www.facebook.com\/tierparkbern\/\" \/>\n<meta property=\"article:modified_time\" content=\"2023-11-28T12:44:07+00:00\" \/>\n<meta property=\"og:image\" content=\"https:\/\/tierpark-bern.ch\/web\/app\/uploads\/2022\/02\/riff-bern-tierpark-bern-2.jpg\" \/>\n\t<meta property=\"og:image:width\" content=\"1500\" \/>\n\t<meta property=\"og:image:height\" content=\"998\" \/>\n\t<meta property=\"og:image:type\" content=\"image\/jpeg\" \/>\n<script type=\"application\/ld+json\" class=\"yoast-schema-graph\">{\"@context\":\"https:\/\/schema.org\",\"@graph\":[{\"@type\":\"WebPage\",\"@id\":\"https:\/\/tierpark-bern.ch\/fr\/protection-de-la-nature-et-animaux\/enclos\/vivarium\/recif-corallien-de-berne\/\",\"url\":\"https:\/\/tierpark-bern.ch\/fr\/protection-de-la-nature-et-animaux\/enclos\/vivarium\/recif-corallien-de-berne\/\",\"name\":\"R\u00e9cif corallien de Berne | Tierpark Bern\",\"isPartOf\":{\"@id\":\"https:\/\/tierpark-bern.ch\/fr\/#website\"},\"primaryImageOfPage\":{\"@id\":\"https:\/\/tierpark-bern.ch\/fr\/protection-de-la-nature-et-animaux\/enclos\/vivarium\/recif-corallien-de-berne\/#primaryimage\"},\"image\":{\"@id\":\"https:\/\/tierpark-bern.ch\/fr\/protection-de-la-nature-et-animaux\/enclos\/vivarium\/recif-corallien-de-berne\/#primaryimage\"},\"thumbnailUrl\":\"https:\/\/tierpark-bern.ch\/web\/app\/uploads\/2022\/02\/riff-bern-tierpark-bern-2.jpg\",\"datePublished\":\"2021-09-02T22:10:17+00:00\",\"dateModified\":\"2023-11-28T12:44:07+00:00\",\"description\":\"Le parc zoologique de Berne invite \u00e0 se plonger dans le monde color\u00e9 des r\u00e9cifs coralliens.\",\"breadcrumb\":{\"@id\":\"https:\/\/tierpark-bern.ch\/fr\/protection-de-la-nature-et-animaux\/enclos\/vivarium\/recif-corallien-de-berne\/#breadcrumb\"},\"inLanguage\":\"fr-FR\",\"potentialAction\":[{\"@type\":\"ReadAction\",\"target\":[\"https:\/\/tierpark-bern.ch\/fr\/protection-de-la-nature-et-animaux\/enclos\/vivarium\/recif-corallien-de-berne\/\"]}]},{\"@type\":\"ImageObject\",\"inLanguage\":\"fr-FR\",\"@id\":\"https:\/\/tierpark-bern.ch\/fr\/protection-de-la-nature-et-animaux\/enclos\/vivarium\/recif-corallien-de-berne\/#primaryimage\",\"url\":\"https:\/\/tierpark-bern.ch\/web\/app\/uploads\/2022\/02\/riff-bern-tierpark-bern-2.jpg\",\"contentUrl\":\"https:\/\/tierpark-bern.ch\/web\/app\/uploads\/2022\/02\/riff-bern-tierpark-bern-2.jpg\",\"width\":1500,\"height\":998},{\"@type\":\"BreadcrumbList\",\"@id\":\"https:\/\/tierpark-bern.ch\/fr\/protection-de-la-nature-et-animaux\/enclos\/vivarium\/recif-corallien-de-berne\/#breadcrumb\",\"itemListElement\":[{\"@type\":\"ListItem\",\"position\":1,\"name\":\"Home\",\"item\":\"https:\/\/tierpark-bern.ch\/fr\/home\/\"},{\"@type\":\"ListItem\",\"position\":2,\"name\":\"Protection de la nature et animaux\",\"item\":\"https:\/\/tierpark-bern.ch\/fr\/protection-de-la-nature-et-animaux\/\"},{\"@type\":\"ListItem\",\"position\":3,\"name\":\"Enclos\",\"item\":\"https:\/\/tierpark-bern.ch\/fr\/protection-de-la-nature-et-animaux\/enclos\/\"},{\"@type\":\"ListItem\",\"position\":4,\"name\":\"Vivarium\",\"item\":\"https:\/\/tierpark-bern.ch\/fr\/protection-de-la-nature-et-animaux\/enclos\/vivarium\/\"},{\"@type\":\"ListItem\",\"position\":5,\"name\":\"R\u00e9cif corallien de Berne\"}]},{\"@type\":\"WebSite\",\"@id\":\"https:\/\/tierpark-bern.ch\/fr\/#website\",\"url\":\"https:\/\/tierpark-bern.ch\/fr\/\",\"name\":\"Tierpark Bern\",\"description\":\"\",\"publisher\":{\"@id\":\"https:\/\/tierpark-bern.ch\/fr\/#organization\"},\"potentialAction\":[{\"@type\":\"SearchAction\",\"target\":{\"@type\":\"EntryPoint\",\"urlTemplate\":\"https:\/\/tierpark-bern.ch\/fr\/?s={search_term_string}\"},\"query-input\":{\"@type\":\"PropertyValueSpecification\",\"valueRequired\":true,\"valueName\":\"search_term_string\"}}],\"inLanguage\":\"fr-FR\"},{\"@type\":\"Organization\",\"@id\":\"https:\/\/tierpark-bern.ch\/fr\/#organization\",\"name\":\"Tierpark Bern | D\u00e4hlh\u00f6lzli + B\u00e4renPark\",\"alternateName\":\"Tierpark Bern\",\"url\":\"https:\/\/tierpark-bern.ch\/fr\/\",\"logo\":{\"@type\":\"ImageObject\",\"inLanguage\":\"fr-FR\",\"@id\":\"https:\/\/tierpark-bern.ch\/fr\/#\/schema\/logo\/image\/\",\"url\":\"https:\/\/tierpark-bern.ch\/web\/app\/uploads\/2024\/04\/tierpark-bern-696x696-1.jpg\",\"contentUrl\":\"https:\/\/tierpark-bern.ch\/web\/app\/uploads\/2024\/04\/tierpark-bern-696x696-1.jpg\",\"width\":696,\"height\":696,\"caption\":\"Tierpark Bern | D\u00e4hlh\u00f6lzli + B\u00e4renPark\"},\"image\":{\"@id\":\"https:\/\/tierpark-bern.ch\/fr\/#\/schema\/logo\/image\/\"},\"sameAs\":[\"https:\/\/www.facebook.com\/tierparkbern\/\",\"https:\/\/x.com\/tierparkbern\",\"https:\/\/www.instagram.com\/tierparkbern\/\"]}]}<\/script>","yoast_head_json":{"title":"R\u00e9cif corallien de Berne | Tierpark Bern","description":"Le parc zoologique de Berne invite \u00e0 se plonger dans le monde color\u00e9 des r\u00e9cifs coralliens.","robots":{"index":"index","follow":"follow","max-snippet":"max-snippet:-1","max-image-preview":"max-image-preview:large","max-video-preview":"max-video-preview:-1"},"canonical":"https:\/\/tierpark-bern.ch\/fr\/protection-de-la-nature-et-animaux\/enclos\/vivarium\/recif-corallien-de-berne\/","og_locale":"fr_FR","og_type":"article","og_title":"R\u00e9cif corallien de Berne | Tierpark Bern","og_description":"Le parc zoologique de Berne invite \u00e0 se plonger dans le monde color\u00e9 des r\u00e9cifs coralliens.","og_url":"https:\/\/tierpark-bern.ch\/fr\/protection-de-la-nature-et-animaux\/enclos\/vivarium\/recif-corallien-de-berne\/","og_site_name":"Tierpark Bern","article_publisher":"https:\/\/www.facebook.com\/tierparkbern\/","article_modified_time":"2023-11-28T12:44:07+00:00","og_image":[{"width":1500,"height":998,"url":"https:\/\/tierpark-bern.ch\/web\/app\/uploads\/2022\/02\/riff-bern-tierpark-bern-2.jpg","type":"image\/jpeg"}],"schema":{"@context":"https:\/\/schema.org","@graph":[{"@type":"WebPage","@id":"https:\/\/tierpark-bern.ch\/fr\/protection-de-la-nature-et-animaux\/enclos\/vivarium\/recif-corallien-de-berne\/","url":"https:\/\/tierpark-bern.ch\/fr\/protection-de-la-nature-et-animaux\/enclos\/vivarium\/recif-corallien-de-berne\/","name":"R\u00e9cif corallien de Berne | Tierpark Bern","isPartOf":{"@id":"https:\/\/tierpark-bern.ch\/fr\/#website"},"primaryImageOfPage":{"@id":"https:\/\/tierpark-bern.ch\/fr\/protection-de-la-nature-et-animaux\/enclos\/vivarium\/recif-corallien-de-berne\/#primaryimage"},"image":{"@id":"https:\/\/tierpark-bern.ch\/fr\/protection-de-la-nature-et-animaux\/enclos\/vivarium\/recif-corallien-de-berne\/#primaryimage"},"thumbnailUrl":"https:\/\/tierpark-bern.ch\/web\/app\/uploads\/2022\/02\/riff-bern-tierpark-bern-2.jpg","datePublished":"2021-09-02T22:10:17+00:00","dateModified":"2023-11-28T12:44:07+00:00","description":"Le parc zoologique de Berne invite \u00e0 se plonger dans le monde color\u00e9 des r\u00e9cifs coralliens.","breadcrumb":{"@id":"https:\/\/tierpark-bern.ch\/fr\/protection-de-la-nature-et-animaux\/enclos\/vivarium\/recif-corallien-de-berne\/#breadcrumb"},"inLanguage":"fr-FR","potentialAction":[{"@type":"ReadAction","target":["https:\/\/tierpark-bern.ch\/fr\/protection-de-la-nature-et-animaux\/enclos\/vivarium\/recif-corallien-de-berne\/"]}]},{"@type":"ImageObject","inLanguage":"fr-FR","@id":"https:\/\/tierpark-bern.ch\/fr\/protection-de-la-nature-et-animaux\/enclos\/vivarium\/recif-corallien-de-berne\/#primaryimage","url":"https:\/\/tierpark-bern.ch\/web\/app\/uploads\/2022\/02\/riff-bern-tierpark-bern-2.jpg","contentUrl":"https:\/\/tierpark-bern.ch\/web\/app\/uploads\/2022\/02\/riff-bern-tierpark-bern-2.jpg","width":1500,"height":998},{"@type":"BreadcrumbList","@id":"https:\/\/tierpark-bern.ch\/fr\/protection-de-la-nature-et-animaux\/enclos\/vivarium\/recif-corallien-de-berne\/#breadcrumb","itemListElement":[{"@type":"ListItem","position":1,"name":"Home","item":"https:\/\/tierpark-bern.ch\/fr\/home\/"},{"@type":"ListItem","position":2,"name":"Protection de la nature et animaux","item":"https:\/\/tierpark-bern.ch\/fr\/protection-de-la-nature-et-animaux\/"},{"@type":"ListItem","position":3,"name":"Enclos","item":"https:\/\/tierpark-bern.ch\/fr\/protection-de-la-nature-et-animaux\/enclos\/"},{"@type":"ListItem","position":4,"name":"Vivarium","item":"https:\/\/tierpark-bern.ch\/fr\/protection-de-la-nature-et-animaux\/enclos\/vivarium\/"},{"@type":"ListItem","position":5,"name":"R\u00e9cif corallien de Berne"}]},{"@type":"WebSite","@id":"https:\/\/tierpark-bern.ch\/fr\/#website","url":"https:\/\/tierpark-bern.ch\/fr\/","name":"Tierpark Bern","description":"","publisher":{"@id":"https:\/\/tierpark-bern.ch\/fr\/#organization"},"potentialAction":[{"@type":"SearchAction","target":{"@type":"EntryPoint","urlTemplate":"https:\/\/tierpark-bern.ch\/fr\/?s={search_term_string}"},"query-input":{"@type":"PropertyValueSpecification","valueRequired":true,"valueName":"search_term_string"}}],"inLanguage":"fr-FR"},{"@type":"Organization","@id":"https:\/\/tierpark-bern.ch\/fr\/#organization","name":"Tierpark Bern | D\u00e4hlh\u00f6lzli + B\u00e4renPark","alternateName":"Tierpark Bern","url":"https:\/\/tierpark-bern.ch\/fr\/","logo":{"@type":"ImageObject","inLanguage":"fr-FR","@id":"https:\/\/tierpark-bern.ch\/fr\/#\/schema\/logo\/image\/","url":"https:\/\/tierpark-bern.ch\/web\/app\/uploads\/2024\/04\/tierpark-bern-696x696-1.jpg","contentUrl":"https:\/\/tierpark-bern.ch\/web\/app\/uploads\/2024\/04\/tierpark-bern-696x696-1.jpg","width":696,"height":696,"caption":"Tierpark Bern | D\u00e4hlh\u00f6lzli + B\u00e4renPark"},"image":{"@id":"https:\/\/tierpark-bern.ch\/fr\/#\/schema\/logo\/image\/"},"sameAs":["https:\/\/www.facebook.com\/tierparkbern\/","https:\/\/x.com\/tierparkbern","https:\/\/www.instagram.com\/tierparkbern\/"]}]}},"_links":{"self":[{"href":"https:\/\/tierpark-bern.ch\/fr\/wp-json\/wp\/v2\/pages\/46419","targetHints":{"allow":["GET"]}}],"collection":[{"href":"https:\/\/tierpark-bern.ch\/fr\/wp-json\/wp\/v2\/pages"}],"about":[{"href":"https:\/\/tierpark-bern.ch\/fr\/wp-json\/wp\/v2\/types\/page"}],"author":[{"embeddable":true,"href":"https:\/\/tierpark-bern.ch\/fr\/wp-json\/wp\/v2\/users\/1"}],"replies":[{"embeddable":true,"href":"https:\/\/tierpark-bern.ch\/fr\/wp-json\/wp\/v2\/comments?post=46419"}],"version-history":[{"count":0,"href":"https:\/\/tierpark-bern.ch\/fr\/wp-json\/wp\/v2\/pages\/46419\/revisions"}],"up":[{"embeddable":true,"href":"https:\/\/tierpark-bern.ch\/fr\/wp-json\/wp\/v2\/pages\/46427"}],"wp:featuredmedia":[{"embeddable":true,"href":"https:\/\/tierpark-bern.ch\/fr\/wp-json\/wp\/v2\/media\/22967"}],"wp:attachment":[{"href":"https:\/\/tierpark-bern.ch\/fr\/wp-json\/wp\/v2\/media?parent=46419"}],"curies":[{"name":"wp","href":"https:\/\/api.w.org\/{rel}","templated":true}]}}