{"id":46437,"date":"2021-09-03T00:54:04","date_gmt":"2021-09-02T22:54:04","guid":{"rendered":"https:\/\/tierpark-bern.ch\/protection-de-la-nature-et-animaux\/enclos\/weitere-anlagen\/"},"modified":"2024-02-18T16:35:23","modified_gmt":"2024-02-18T15:35:23","slug":"autres-enclos-du-zoo-du-daehlhoelzli","status":"publish","type":"page","link":"https:\/\/tierpark-bern.ch\/fr\/protection-de-la-nature-et-animaux\/enclos\/autres-enclos-du-zoo-du-daehlhoelzli\/","title":{"rendered":"Autres enclos du zoo du D\u00e4hlh\u00f6lzli"},"content":{"rendered":"<div class=\"wpb-content-wrapper\"><p>[vc_row][vc_column][vc_column_text]<\/p>\n<h1>Autres enclos du zoo du D\u00e4hlh\u00f6lzli<\/h1>\n<p>La partie en plein air du zoo du D\u00e4hlh\u00f6lzli comporte encore d\u2019autres enclos, tels que ceux du chat sauvage europ\u00e9en, du souslik d\u2019Europe ou spermophile, de la tortue bord\u00e9e, de la vip\u00e8re ottomane et les cigognes noires. Ces derni\u00e8res cohabitent avec les fuligules nyrocas et les garrots \u00e0 \u0153il d\u2019or.[\/vc_column_text][\/vc_column][\/vc_row][vc_row][vc_column width=&#8221;1\/2&#8243;][vc_single_image image=&#8221;24462&#8243; add_caption=&#8221;yes&#8221;][\/vc_column][vc_column width=&#8221;1\/2&#8243;][vc_single_image image=&#8221;24408&#8243; add_caption=&#8221;yes&#8221;][\/vc_column][\/vc_row][vc_row][vc_column][vc_column_text]<\/p>\n<h2>Enclos de la zone d\u2019entr\u00e9e<\/h2>\n<p>Une riche vari\u00e9t\u00e9 d\u2019oiseaux accueille les visiteuses et visiteurs \u00e0 l\u2019entr\u00e9e du zoo D\u00e4hlh\u00f6lzli. Alors que sur la gauche les bruyants flamants roses ne passent pas inaper\u00e7us, les grands t\u00e9tras en voie d\u2019extinction se cachent dans les voli\u00e8res bordant le chemin sur la droite. Au printemps toutefois, les cris nuptiaux des grands t\u00e9tras rivalisent avec le brouhaha des flamants. Les grands t\u00e9tras partagent leur enclos avec des chouettes chev\u00eaches et des chouettes de Tengmalm. Dans les voli\u00e8res contigu\u00ebs, les craves \u00e0 bec rouge se font remarquer et juste apr\u00e8s, les perdrix bartavelles recherchent activement des graines au sol.<\/p>\n<p>Quelques pas plus loin en direction de l\u2019entr\u00e9e, un enclos sablonneux est peupl\u00e9 d\u2019avocettes et de r\u00e2les des gen\u00eats.<br \/>\n[\/vc_column_text][\/vc_column][\/vc_row][vc_row][vc_column width=&#8221;1\/2&#8243;][vc_single_image image=&#8221;32545&#8243; add_caption=&#8221;yes&#8221;][\/vc_column][vc_column width=&#8221;1\/2&#8243;][vc_single_image image=&#8221;24110&#8243; add_caption=&#8221;yes&#8221;][\/vc_column][\/vc_row][vc_row][vc_column][vc_column_text]<\/p>\n<h2>Autres enclos au bord de l\u2019Aar<\/h2>\n<p>En remontant l\u2019Aar, apr\u00e8s le nouvel enclos simulant le cadre alpin (AareAlpen), on trouve les enclos des ch\u00e8vres sauvages et des sangliers. Les ratons-laveurs et les chiens viverrins ont leur enclos entre la place de jeu pr\u00e9c\u00e9dant le zoo pour enfants et le restaurant D\u00e4hlh\u00f6lzli, pr\u00e8s du rond-point.[\/vc_column_text][\/vc_column][\/vc_row][vc_row][vc_column width=&#8221;1\/2&#8243;][vc_single_image image=&#8221;30301&#8243; add_caption=&#8221;yes&#8221;][\/vc_column][vc_column width=&#8221;1\/2&#8243;][vc_single_image image=&#8221;32467&#8243; add_caption=&#8221;yes&#8221;][\/vc_column][\/vc_row][vc_row][vc_column][vc_column_text]<\/p>\n<h2>Enclos des lynx<\/h2>\n<p>Le vaste enclos des lynx occupe toute la pente bois\u00e9e jusqu\u2019\u00e0 l\u2019Aar, en contrebas de la for\u00eat des bisons. Avec un peu de patience, on finit par d\u00e9couvrir en parcourant le sentier forestier le timide lynx cach\u00e9 dans les \u00e9pais buissons.[\/vc_column_text][\/vc_column][\/vc_row][vc_row][vc_column width=&#8221;1\/2&#8243;][vc_single_image image=&#8221;52669&#8243; add_caption=&#8221;yes&#8221;][\/vc_column][vc_column width=&#8221;1\/2&#8243;][vc_single_image image=&#8221;52657&#8243; green_bar=&#8221;yes&#8221;][\/vc_column][\/vc_row][vc_row][vc_column width=&#8221;1\/2&#8243;][vc_column_text]<\/p>\n<div class=\"tbl-species-list-container\">\n<h2>Animaux \u00e0 voir dans l\u2019enclos<\/h2>\n<table class=\"tbl-all-species-list\">\n<tbody>\n<tr>\n<td style=\"width: 100%;\"><a href=\"https:\/\/tierpark-bern.ch\/fr\/tierlexikon\/europaeische-wildkatze\/\"><strong>Chat sauvage d\u2019Europe<\/strong><\/a><\/td>\n<\/tr>\n<tr>\n<td style=\"width: 100%;\"><a href=\"https:\/\/tierpark-bern.ch\/fr\/tierlexikon\/europaeischer-ziesel\/\"><strong>Souslik d\u2019Europe ou spermophile<\/strong><\/a><\/td>\n<\/tr>\n<tr>\n<td style=\"width: 100%;\"><a href=\"https:\/\/tierpark-bern.ch\/fr\/tierlexikon\/kleinasiatische-bergotter\/\"><strong>Vip\u00e8re ottomane<\/strong><\/a><\/td>\n<\/tr>\n<tr>\n<td style=\"width: 100%;\"><a href=\"https:\/\/tierpark-bern.ch\/fr\/tierlexikon\/breitrandschildkroete\/\"><strong>Tortue bord\u00e9e<\/strong><\/a><\/td>\n<\/tr>\n<tr>\n<td style=\"width: 100%;\"><a href=\"https:\/\/tierpark-bern.ch\/fr\/tierlexikon\/schwarzstorch\/\"><strong>Cigogne noire<br \/>\n<\/strong><\/a><\/td>\n<\/tr>\n<tr>\n<td style=\"width: 100%;\"><a href=\"https:\/\/tierpark-bern.ch\/fr\/tierlexikon\/moorente\/\"><strong>Fuligule nyroca<\/strong><\/a><\/td>\n<\/tr>\n<tr>\n<td style=\"width: 100%;\"><a href=\"https:\/\/tierpark-bern.ch\/fr\/tierlexikon\/schellente\/\"><strong>Garrot \u00e0 \u0153il d\u2019or<\/strong><\/a><\/td>\n<\/tr>\n<tr>\n<td style=\"width: 100%;\"><a href=\"https:\/\/tierpark-bern.ch\/fr\/tierlexikon\/kreta-bezoarziege\/\"><strong>Ch\u00e8vre sauvage<\/strong><\/a><\/td>\n<\/tr>\n<tr>\n<td style=\"width: 100%;\"><a href=\"https:\/\/tierpark-bern.ch\/fr\/tierlexikon\/wildschwein\/\"><strong>Sanglier<\/strong><\/a><\/td>\n<\/tr>\n<tr>\n<td style=\"width: 100%;\"><a href=\"https:\/\/tierpark-bern.ch\/fr\/tierlexikon\/waschbaer\/\"><strong>Raton-laveur<br \/>\n<\/strong><\/a><\/td>\n<\/tr>\n<tr>\n<td style=\"width: 100%;\"><a href=\"https:\/\/tierpark-bern.ch\/fr\/tierlexikon\/marderhund\/\"><strong>Chien viverrin<\/strong><\/a><\/td>\n<\/tr>\n<tr>\n<td style=\"width: 100%;\"><a href=\"https:\/\/tierpark-bern.ch\/fr\/tierlexikon\/rosaflamingo\/\"><strong>Flamant rose<\/strong><\/a><\/td>\n<\/tr>\n<tr>\n<td style=\"width: 100%;\"><a href=\"https:\/\/tierpark-bern.ch\/fr\/tierlexikon\/auerhuhn\/\"><strong>Grand t\u00e9tras<\/strong><\/a><\/td>\n<\/tr>\n<tr>\n<td style=\"width: 100%;\"><a href=\"https:\/\/tierpark-bern.ch\/fr\/tierlexikon\/alpensteinhuhn\/\"><strong>Perdrix bartavelle<\/strong><\/a><\/td>\n<\/tr>\n<tr>\n<td style=\"width: 100%;\"><a href=\"https:\/\/tierpark-bern.ch\/fr\/tierlexikon\/rauhfusskauz\/\"><strong>Chouette de Tengmalm<\/strong><\/a><\/td>\n<\/tr>\n<tr>\n<td style=\"width: 100%;\"><a href=\"https:\/\/tierpark-bern.ch\/fr\/tierlexikon\/steinkauz\/\"><strong>Chouette chev\u00eache<\/strong><\/a><\/td>\n<\/tr>\n<tr>\n<td style=\"width: 100%;\"><a href=\"https:\/\/tierpark-bern.ch\/fr\/tierlexikon\/wachtelkoenig\/\"><strong>R\u00e2le des gen\u00eats<\/strong><\/a><\/td>\n<\/tr>\n<tr>\n<td style=\"width: 100%;\"><a href=\"https:\/\/tierpark-bern.ch\/fr\/tierlexikon\/karpaten-luchs\/\"><strong>Lynx des Carpates<\/strong><\/a><\/td>\n<\/tr>\n<\/tbody>\n<\/table>\n<\/div>\n<p>[\/vc_column_text][\/vc_column][vc_column width=&#8221;1\/2&#8243;][\/vc_column][\/vc_row]<\/p>\n<\/div>","protected":false},"excerpt":{"rendered":"<p>Une riche vari\u00e9t\u00e9 d\u2019oiseaux accueille les visiteuses et visiteurs \u00e0 l\u2019entr\u00e9e du zoo D\u00e4hlh\u00f6lzli. <\/p>\n","protected":false},"author":1,"featured_media":23339,"parent":46318,"menu_order":0,"comment_status":"closed","ping_status":"closed","template":"","meta":{"_acf_changed":false,"footnotes":""},"class_list":["post-46437","page","type-page","status-publish","has-post-thumbnail","hentry"],"acf":[],"yoast_head":"<title>Autres enclos du zoo du D\u00e4hlh\u00f6lzli | Tierpark Bern<\/title>\n<meta name=\"description\" content=\"Une riche vari\u00e9t\u00e9 d\u2019oiseaux accueille les visiteuses et visiteurs \u00e0 l\u2019entr\u00e9e du zoo D\u00e4hlh\u00f6lzli.\" \/>\n<meta name=\"robots\" content=\"index, follow, max-snippet:-1, max-image-preview:large, max-video-preview:-1\" \/>\n<link rel=\"canonical\" href=\"https:\/\/tierpark-bern.ch\/fr\/protection-de-la-nature-et-animaux\/enclos\/autres-enclos-du-zoo-du-daehlhoelzli\/\" \/>\n<meta property=\"og:locale\" content=\"fr_FR\" \/>\n<meta property=\"og:type\" content=\"article\" \/>\n<meta property=\"og:title\" content=\"Autres enclos du zoo du D\u00e4hlh\u00f6lzli | Tierpark Bern\" \/>\n<meta property=\"og:description\" content=\"Une riche vari\u00e9t\u00e9 d\u2019oiseaux accueille les visiteuses et visiteurs \u00e0 l\u2019entr\u00e9e du zoo D\u00e4hlh\u00f6lzli.\" \/>\n<meta property=\"og:url\" content=\"https:\/\/tierpark-bern.ch\/fr\/protection-de-la-nature-et-animaux\/enclos\/autres-enclos-du-zoo-du-daehlhoelzli\/\" \/>\n<meta property=\"og:site_name\" content=\"Tierpark Bern\" \/>\n<meta property=\"article:publisher\" content=\"https:\/\/www.facebook.com\/tierparkbern\/\" \/>\n<meta property=\"article:modified_time\" content=\"2024-02-18T15:35:23+00:00\" \/>\n<meta property=\"og:image\" content=\"https:\/\/tierpark-bern.ch\/web\/app\/uploads\/2022\/02\/wildkatze-tierpark-bern-25.jpg\" \/>\n\t<meta property=\"og:image:width\" content=\"1500\" \/>\n\t<meta property=\"og:image:height\" content=\"998\" \/>\n\t<meta property=\"og:image:type\" content=\"image\/jpeg\" \/>\n<script type=\"application\/ld+json\" class=\"yoast-schema-graph\">{\"@context\":\"https:\/\/schema.org\",\"@graph\":[{\"@type\":\"WebPage\",\"@id\":\"https:\/\/tierpark-bern.ch\/fr\/protection-de-la-nature-et-animaux\/enclos\/autres-enclos-du-zoo-du-daehlhoelzli\/\",\"url\":\"https:\/\/tierpark-bern.ch\/fr\/protection-de-la-nature-et-animaux\/enclos\/autres-enclos-du-zoo-du-daehlhoelzli\/\",\"name\":\"Autres enclos du zoo du D\u00e4hlh\u00f6lzli | Tierpark Bern\",\"isPartOf\":{\"@id\":\"https:\/\/tierpark-bern.ch\/fr\/#website\"},\"primaryImageOfPage\":{\"@id\":\"https:\/\/tierpark-bern.ch\/fr\/protection-de-la-nature-et-animaux\/enclos\/autres-enclos-du-zoo-du-daehlhoelzli\/#primaryimage\"},\"image\":{\"@id\":\"https:\/\/tierpark-bern.ch\/fr\/protection-de-la-nature-et-animaux\/enclos\/autres-enclos-du-zoo-du-daehlhoelzli\/#primaryimage\"},\"thumbnailUrl\":\"https:\/\/tierpark-bern.ch\/web\/app\/uploads\/2022\/02\/wildkatze-tierpark-bern-25.jpg\",\"datePublished\":\"2021-09-02T22:54:04+00:00\",\"dateModified\":\"2024-02-18T15:35:23+00:00\",\"description\":\"Une riche vari\u00e9t\u00e9 d\u2019oiseaux accueille les visiteuses et visiteurs \u00e0 l\u2019entr\u00e9e du zoo D\u00e4hlh\u00f6lzli.\",\"breadcrumb\":{\"@id\":\"https:\/\/tierpark-bern.ch\/fr\/protection-de-la-nature-et-animaux\/enclos\/autres-enclos-du-zoo-du-daehlhoelzli\/#breadcrumb\"},\"inLanguage\":\"fr-FR\",\"potentialAction\":[{\"@type\":\"ReadAction\",\"target\":[\"https:\/\/tierpark-bern.ch\/fr\/protection-de-la-nature-et-animaux\/enclos\/autres-enclos-du-zoo-du-daehlhoelzli\/\"]}]},{\"@type\":\"ImageObject\",\"inLanguage\":\"fr-FR\",\"@id\":\"https:\/\/tierpark-bern.ch\/fr\/protection-de-la-nature-et-animaux\/enclos\/autres-enclos-du-zoo-du-daehlhoelzli\/#primaryimage\",\"url\":\"https:\/\/tierpark-bern.ch\/web\/app\/uploads\/2022\/02\/wildkatze-tierpark-bern-25.jpg\",\"contentUrl\":\"https:\/\/tierpark-bern.ch\/web\/app\/uploads\/2022\/02\/wildkatze-tierpark-bern-25.jpg\",\"width\":1500,\"height\":998},{\"@type\":\"BreadcrumbList\",\"@id\":\"https:\/\/tierpark-bern.ch\/fr\/protection-de-la-nature-et-animaux\/enclos\/autres-enclos-du-zoo-du-daehlhoelzli\/#breadcrumb\",\"itemListElement\":[{\"@type\":\"ListItem\",\"position\":1,\"name\":\"Home\",\"item\":\"https:\/\/tierpark-bern.ch\/fr\/home\/\"},{\"@type\":\"ListItem\",\"position\":2,\"name\":\"Protection de la nature et animaux\",\"item\":\"https:\/\/tierpark-bern.ch\/fr\/protection-de-la-nature-et-animaux\/\"},{\"@type\":\"ListItem\",\"position\":3,\"name\":\"Enclos\",\"item\":\"https:\/\/tierpark-bern.ch\/fr\/protection-de-la-nature-et-animaux\/enclos\/\"},{\"@type\":\"ListItem\",\"position\":4,\"name\":\"Autres enclos du zoo du D\u00e4hlh\u00f6lzli\"}]},{\"@type\":\"WebSite\",\"@id\":\"https:\/\/tierpark-bern.ch\/fr\/#website\",\"url\":\"https:\/\/tierpark-bern.ch\/fr\/\",\"name\":\"Tierpark Bern\",\"description\":\"\",\"publisher\":{\"@id\":\"https:\/\/tierpark-bern.ch\/fr\/#organization\"},\"potentialAction\":[{\"@type\":\"SearchAction\",\"target\":{\"@type\":\"EntryPoint\",\"urlTemplate\":\"https:\/\/tierpark-bern.ch\/fr\/?s={search_term_string}\"},\"query-input\":{\"@type\":\"PropertyValueSpecification\",\"valueRequired\":true,\"valueName\":\"search_term_string\"}}],\"inLanguage\":\"fr-FR\"},{\"@type\":\"Organization\",\"@id\":\"https:\/\/tierpark-bern.ch\/fr\/#organization\",\"name\":\"Tierpark Bern | D\u00e4hlh\u00f6lzli + B\u00e4renPark\",\"alternateName\":\"Tierpark Bern\",\"url\":\"https:\/\/tierpark-bern.ch\/fr\/\",\"logo\":{\"@type\":\"ImageObject\",\"inLanguage\":\"fr-FR\",\"@id\":\"https:\/\/tierpark-bern.ch\/fr\/#\/schema\/logo\/image\/\",\"url\":\"https:\/\/tierpark-bern.ch\/web\/app\/uploads\/2024\/04\/tierpark-bern-696x696-1.jpg\",\"contentUrl\":\"https:\/\/tierpark-bern.ch\/web\/app\/uploads\/2024\/04\/tierpark-bern-696x696-1.jpg\",\"width\":696,\"height\":696,\"caption\":\"Tierpark Bern | D\u00e4hlh\u00f6lzli + B\u00e4renPark\"},\"image\":{\"@id\":\"https:\/\/tierpark-bern.ch\/fr\/#\/schema\/logo\/image\/\"},\"sameAs\":[\"https:\/\/www.facebook.com\/tierparkbern\/\",\"https:\/\/x.com\/tierparkbern\",\"https:\/\/www.instagram.com\/tierparkbern\/\"]}]}<\/script>","yoast_head_json":{"title":"Autres enclos du zoo du D\u00e4hlh\u00f6lzli | Tierpark Bern","description":"Une riche vari\u00e9t\u00e9 d\u2019oiseaux accueille les visiteuses et visiteurs \u00e0 l\u2019entr\u00e9e du zoo D\u00e4hlh\u00f6lzli.","robots":{"index":"index","follow":"follow","max-snippet":"max-snippet:-1","max-image-preview":"max-image-preview:large","max-video-preview":"max-video-preview:-1"},"canonical":"https:\/\/tierpark-bern.ch\/fr\/protection-de-la-nature-et-animaux\/enclos\/autres-enclos-du-zoo-du-daehlhoelzli\/","og_locale":"fr_FR","og_type":"article","og_title":"Autres enclos du zoo du D\u00e4hlh\u00f6lzli | Tierpark Bern","og_description":"Une riche vari\u00e9t\u00e9 d\u2019oiseaux accueille les visiteuses et visiteurs \u00e0 l\u2019entr\u00e9e du zoo D\u00e4hlh\u00f6lzli.","og_url":"https:\/\/tierpark-bern.ch\/fr\/protection-de-la-nature-et-animaux\/enclos\/autres-enclos-du-zoo-du-daehlhoelzli\/","og_site_name":"Tierpark Bern","article_publisher":"https:\/\/www.facebook.com\/tierparkbern\/","article_modified_time":"2024-02-18T15:35:23+00:00","og_image":[{"width":1500,"height":998,"url":"https:\/\/tierpark-bern.ch\/web\/app\/uploads\/2022\/02\/wildkatze-tierpark-bern-25.jpg","type":"image\/jpeg"}],"schema":{"@context":"https:\/\/schema.org","@graph":[{"@type":"WebPage","@id":"https:\/\/tierpark-bern.ch\/fr\/protection-de-la-nature-et-animaux\/enclos\/autres-enclos-du-zoo-du-daehlhoelzli\/","url":"https:\/\/tierpark-bern.ch\/fr\/protection-de-la-nature-et-animaux\/enclos\/autres-enclos-du-zoo-du-daehlhoelzli\/","name":"Autres enclos du zoo du D\u00e4hlh\u00f6lzli | Tierpark Bern","isPartOf":{"@id":"https:\/\/tierpark-bern.ch\/fr\/#website"},"primaryImageOfPage":{"@id":"https:\/\/tierpark-bern.ch\/fr\/protection-de-la-nature-et-animaux\/enclos\/autres-enclos-du-zoo-du-daehlhoelzli\/#primaryimage"},"image":{"@id":"https:\/\/tierpark-bern.ch\/fr\/protection-de-la-nature-et-animaux\/enclos\/autres-enclos-du-zoo-du-daehlhoelzli\/#primaryimage"},"thumbnailUrl":"https:\/\/tierpark-bern.ch\/web\/app\/uploads\/2022\/02\/wildkatze-tierpark-bern-25.jpg","datePublished":"2021-09-02T22:54:04+00:00","dateModified":"2024-02-18T15:35:23+00:00","description":"Une riche vari\u00e9t\u00e9 d\u2019oiseaux accueille les visiteuses et visiteurs \u00e0 l\u2019entr\u00e9e du zoo D\u00e4hlh\u00f6lzli.","breadcrumb":{"@id":"https:\/\/tierpark-bern.ch\/fr\/protection-de-la-nature-et-animaux\/enclos\/autres-enclos-du-zoo-du-daehlhoelzli\/#breadcrumb"},"inLanguage":"fr-FR","potentialAction":[{"@type":"ReadAction","target":["https:\/\/tierpark-bern.ch\/fr\/protection-de-la-nature-et-animaux\/enclos\/autres-enclos-du-zoo-du-daehlhoelzli\/"]}]},{"@type":"ImageObject","inLanguage":"fr-FR","@id":"https:\/\/tierpark-bern.ch\/fr\/protection-de-la-nature-et-animaux\/enclos\/autres-enclos-du-zoo-du-daehlhoelzli\/#primaryimage","url":"https:\/\/tierpark-bern.ch\/web\/app\/uploads\/2022\/02\/wildkatze-tierpark-bern-25.jpg","contentUrl":"https:\/\/tierpark-bern.ch\/web\/app\/uploads\/2022\/02\/wildkatze-tierpark-bern-25.jpg","width":1500,"height":998},{"@type":"BreadcrumbList","@id":"https:\/\/tierpark-bern.ch\/fr\/protection-de-la-nature-et-animaux\/enclos\/autres-enclos-du-zoo-du-daehlhoelzli\/#breadcrumb","itemListElement":[{"@type":"ListItem","position":1,"name":"Home","item":"https:\/\/tierpark-bern.ch\/fr\/home\/"},{"@type":"ListItem","position":2,"name":"Protection de la nature et animaux","item":"https:\/\/tierpark-bern.ch\/fr\/protection-de-la-nature-et-animaux\/"},{"@type":"ListItem","position":3,"name":"Enclos","item":"https:\/\/tierpark-bern.ch\/fr\/protection-de-la-nature-et-animaux\/enclos\/"},{"@type":"ListItem","position":4,"name":"Autres enclos du zoo du D\u00e4hlh\u00f6lzli"}]},{"@type":"WebSite","@id":"https:\/\/tierpark-bern.ch\/fr\/#website","url":"https:\/\/tierpark-bern.ch\/fr\/","name":"Tierpark Bern","description":"","publisher":{"@id":"https:\/\/tierpark-bern.ch\/fr\/#organization"},"potentialAction":[{"@type":"SearchAction","target":{"@type":"EntryPoint","urlTemplate":"https:\/\/tierpark-bern.ch\/fr\/?s={search_term_string}"},"query-input":{"@type":"PropertyValueSpecification","valueRequired":true,"valueName":"search_term_string"}}],"inLanguage":"fr-FR"},{"@type":"Organization","@id":"https:\/\/tierpark-bern.ch\/fr\/#organization","name":"Tierpark Bern | D\u00e4hlh\u00f6lzli + B\u00e4renPark","alternateName":"Tierpark Bern","url":"https:\/\/tierpark-bern.ch\/fr\/","logo":{"@type":"ImageObject","inLanguage":"fr-FR","@id":"https:\/\/tierpark-bern.ch\/fr\/#\/schema\/logo\/image\/","url":"https:\/\/tierpark-bern.ch\/web\/app\/uploads\/2024\/04\/tierpark-bern-696x696-1.jpg","contentUrl":"https:\/\/tierpark-bern.ch\/web\/app\/uploads\/2024\/04\/tierpark-bern-696x696-1.jpg","width":696,"height":696,"caption":"Tierpark Bern | D\u00e4hlh\u00f6lzli + B\u00e4renPark"},"image":{"@id":"https:\/\/tierpark-bern.ch\/fr\/#\/schema\/logo\/image\/"},"sameAs":["https:\/\/www.facebook.com\/tierparkbern\/","https:\/\/x.com\/tierparkbern","https:\/\/www.instagram.com\/tierparkbern\/"]}]}},"_links":{"self":[{"href":"https:\/\/tierpark-bern.ch\/fr\/wp-json\/wp\/v2\/pages\/46437","targetHints":{"allow":["GET"]}}],"collection":[{"href":"https:\/\/tierpark-bern.ch\/fr\/wp-json\/wp\/v2\/pages"}],"about":[{"href":"https:\/\/tierpark-bern.ch\/fr\/wp-json\/wp\/v2\/types\/page"}],"author":[{"embeddable":true,"href":"https:\/\/tierpark-bern.ch\/fr\/wp-json\/wp\/v2\/users\/1"}],"replies":[{"embeddable":true,"href":"https:\/\/tierpark-bern.ch\/fr\/wp-json\/wp\/v2\/comments?post=46437"}],"version-history":[{"count":0,"href":"https:\/\/tierpark-bern.ch\/fr\/wp-json\/wp\/v2\/pages\/46437\/revisions"}],"up":[{"embeddable":true,"href":"https:\/\/tierpark-bern.ch\/fr\/wp-json\/wp\/v2\/pages\/46318"}],"wp:featuredmedia":[{"embeddable":true,"href":"https:\/\/tierpark-bern.ch\/fr\/wp-json\/wp\/v2\/media\/23339"}],"wp:attachment":[{"href":"https:\/\/tierpark-bern.ch\/fr\/wp-json\/wp\/v2\/media?parent=46437"}],"curies":[{"name":"wp","href":"https:\/\/api.w.org\/{rel}","templated":true}]}}