{"id":46447,"date":"2021-09-02T23:53:31","date_gmt":"2021-09-02T21:53:31","guid":{"rendered":"https:\/\/tierpark-bern.ch\/protection-de-la-nature-et-animaux\/enclos\/vivarium\/frei-im-vivarium\/"},"modified":"2023-09-14T21:32:36","modified_gmt":"2023-09-14T19:32:36","slug":"en-liberte-au-vivarium","status":"publish","type":"page","link":"https:\/\/tierpark-bern.ch\/fr\/protection-de-la-nature-et-animaux\/enclos\/vivarium\/en-liberte-au-vivarium\/","title":{"rendered":"En libert\u00e9 au vivarium"},"content":{"rendered":"<div class=\"wpb-content-wrapper\"><p>[vc_row][vc_column][vc_column_text]<\/p>\n<h1>En libert\u00e9 au vivarium<\/h1>\n<p>De nombreux oiseaux volent en libert\u00e9 au-dessus de la t\u00eate des visiteurs parmi la dense v\u00e9g\u00e9tation tropicale, tandis qu\u2019un basilic vert franchit furtivement le sentier des visiteurs. Quand le soir tombe sur le parc zoologique et que les bruits environnants s\u2019estompent, un concert polyphonique s\u2019\u00e9l\u00e8ve au vivarium. De nombreuses petites grenouilles d\u2019esp\u00e8ces diff\u00e9rentes sont en qu\u00eate de partenaires sexuels ou d\u00e9fendent leur territoire. Le vivarium sert de cadre de vie \u00e0 de nombreux animaux en libert\u00e9.[\/vc_column_text][\/vc_column][\/vc_row][vc_row][vc_column width=&#8221;1\/2&#8243;][vc_single_image image=&#8221;19378&#8243; add_custom_caption_class=&#8221;yes&#8221;][vc_column_text]Les touracos de Pauline nichent r\u00e9guli\u00e8rement dans la couronne des arbres du vivarium.[\/vc_column_text][\/vc_column][vc_column width=&#8221;1\/2&#8243;][vc_single_image image=&#8221;21839&#8243; add_custom_caption_class=&#8221;yes&#8221;][vc_column_text]Les basilics verts se multiplient dans le vivarium.[\/vc_column_text][\/vc_column][\/vc_row][vc_row][vc_column width=&#8221;1\/2&#8243;][vc_single_image image=&#8221;20298&#8243; equal_height_img_class=&#8221;yes&#8221; add_custom_caption_class=&#8221;yes&#8221;][vc_column_text]Les grenouilles epipebobates tricolor sont difficiles \u00e0 d\u00e9couvrir et d\u2019autant plus bruyantes.[\/vc_column_text][\/vc_column][vc_column width=&#8221;1\/2&#8243;][vc_single_image image=&#8221;30965&#8243; equal_height_img_class=&#8221;yes&#8221; add_custom_caption_class=&#8221;yes&#8221;][vc_column_text]On voit g\u00e9n\u00e9ralement le calliste diable-enrhum\u00e9 quand il vole au-dessus de la t\u00eate des visiteurs.[\/vc_column_text][\/vc_column][\/vc_row][vc_row][vc_column width=&#8221;1\/2&#8243;][vc_column_text]<\/p>\n<div class=\"tbl-species-list-container\">\n<h2>Animaux \u00e0 voir dans l\u2019enclos<\/h2>\n<table class=\"tbl-all-species-list\">\n<tbody>\n<tr>\n<td><a href=\"https:\/\/tierpark-bern.ch\/fr\/tierlexikon\/madagaskar-taggecko\/\"><strong>Grand gecko diurne de Madagascar<\/strong><\/a><\/td>\n<\/tr>\n<tr>\n<td><a href=\"https:\/\/tierpark-bern.ch\/fr\/tierlexikon\/rotkopf-papageiamadine\/\"><strong>Rotkopf-Papageiamadine<\/strong><\/a><\/td>\n<\/tr>\n<tr>\n<td><a href=\"https:\/\/tierpark-bern.ch\/fr\/tierlexikon\/stirnlappenbasilisk\/\"><strong>Basilic vert<\/strong><\/a><\/td>\n<\/tr>\n<tr>\n<td><a href=\"https:\/\/tierpark-bern.ch\/fr\/tierlexikon\/tuerkistangare\/\"><strong>Calliste diable-enrhum\u00e9<\/strong><\/a><\/td>\n<\/tr>\n<tr>\n<td><a href=\"https:\/\/tierpark-bern.ch\/fr\/tierlexikon\/dreistreifen-baumsteigerfrosch\/\"><strong>Grenouille venimeuse tricolore<\/strong><\/a><\/td>\n<\/tr>\n<tr>\n<td><a href=\"https:\/\/tierpark-bern.ch\/fr\/tierlexikon\/gelbruecken-baumsteiger\/\"><strong>Grenouille venimeuse \u00e0 dos jaune<\/strong><\/a><\/td>\n<\/tr>\n<tr>\n<td><a href=\"https:\/\/tierpark-bern.ch\/fr\/tierlexikon\/gewaechshausfrosch\/\"><strong>Grenouille vivipare de Porto Rico<\/strong><\/a><\/td>\n<\/tr>\n<tr>\n<td><a href=\"https:\/\/tierpark-bern.ch\/fr\/tierlexikon\/himmelblauer-zwerggecko\/\"><strong>Gecko nain de William<\/strong><\/a><\/td>\n<\/tr>\n<tr>\n<td><a href=\"https:\/\/tierpark-bern.ch\/fr\/tierlexikon\/warmhaus-riesenkrabbenspinne\/\"><strong>Araign\u00e9e-crabe g\u00e9ante<\/strong><\/a><\/td>\n<\/tr>\n<tr>\n<td><a href=\"https:\/\/tierpark-bern.ch\/fr\/tierlexikon\/roetliche-saugbarbe\/\"><strong>Garra Rufa<br \/>\n<\/strong><\/a><\/td>\n<\/tr>\n<tr>\n<td><a href=\"https:\/\/tierpark-bern.ch\/fr\/tierlexikon\/afrikanischer-riedfrosch\/\"><strong>Grenouille des roseaux africaine<\/strong><\/a><\/td>\n<\/tr>\n<tr>\n<td><a href=\"https:\/\/tierpark-bern.ch\/fr\/tierlexikon\/blattsteiger\/\"><strong>Phyllobates<\/strong><\/a><\/td>\n<\/tr>\n<tr>\n<td><a href=\"https:\/\/tierpark-bern.ch\/fr\/tierlexikon\/mauritius-taggecko\/\"><strong>Gecko diurne orn\u00e9 de l&#8217;\u00eele Maurice<\/strong><\/a><\/td>\n<\/tr>\n<tr>\n<td><a href=\"https:\/\/tierpark-bern.ch\/fr\/tierlexikon\/baumhoehlen-kroetenlaubfrosch\/\"><strong>Rainette kunawalu<\/strong><\/a><\/td>\n<\/tr>\n<tr>\n<td><a href=\"https:\/\/tierpark-bern.ch\/fr\/tierlexikon\/blaunacken-mausvogel\/\"><strong>Coliou hupp\u00e9<\/strong><\/a><\/td>\n<\/tr>\n<tr>\n<td><a href=\"https:\/\/tierpark-bern.ch\/fr\/tierlexikon\/tuerkisnaschvogel\/\"><strong>T\u00fcrkisnaschvogel<\/strong><\/a><\/td>\n<\/tr>\n<tr>\n<td><a href=\"https:\/\/tierpark-bern.ch\/fr\/tierlexikon\/blaukopfanolis\/\"><strong>Anolis \u00e0 t\u00eate bleue<br \/>\n<\/strong><\/a><\/td>\n<\/tr>\n<\/tbody>\n<\/table>\n<\/div>\n<p>[\/vc_column_text][\/vc_column][\/vc_row]<\/p>\n<\/div>","protected":false},"excerpt":{"rendered":"<p>De nombreux oiseaux volent en libert\u00e9 au-dessus de la t\u00eate des visiteurs parmi la dense v\u00e9g\u00e9tation tropicale, tandis qu\u2019un basilic vert franchit furtivement<\/p>\n","protected":false},"author":1,"featured_media":21853,"parent":46427,"menu_order":0,"comment_status":"closed","ping_status":"closed","template":"","meta":{"_acf_changed":false,"footnotes":""},"class_list":["post-46447","page","type-page","status-publish","has-post-thumbnail","hentry"],"acf":[],"yoast_head":"<title>En libert\u00e9 au vivarium | Tierpark Bern<\/title>\n<meta name=\"description\" content=\"De nombreux oiseaux volent en libert\u00e9 au-dessus de la t\u00eate des visiteurs parmi la dense v\u00e9g\u00e9tation tropicale, tandis qu\u2019un basilic vert franchit furtivement le sentier des visiteurs.\" \/>\n<meta name=\"robots\" content=\"index, follow, max-snippet:-1, max-image-preview:large, max-video-preview:-1\" \/>\n<link rel=\"canonical\" href=\"https:\/\/tierpark-bern.ch\/fr\/protection-de-la-nature-et-animaux\/enclos\/vivarium\/en-liberte-au-vivarium\/\" \/>\n<meta property=\"og:locale\" content=\"fr_FR\" \/>\n<meta property=\"og:type\" content=\"article\" \/>\n<meta property=\"og:title\" content=\"En libert\u00e9 au vivarium | Tierpark Bern\" \/>\n<meta property=\"og:description\" content=\"De nombreux oiseaux volent en libert\u00e9 au-dessus de la t\u00eate des visiteurs parmi la dense v\u00e9g\u00e9tation tropicale, tandis qu\u2019un basilic vert franchit furtivement le sentier des visiteurs.\" \/>\n<meta property=\"og:url\" content=\"https:\/\/tierpark-bern.ch\/fr\/protection-de-la-nature-et-animaux\/enclos\/vivarium\/en-liberte-au-vivarium\/\" \/>\n<meta property=\"og:site_name\" content=\"Tierpark Bern\" \/>\n<meta property=\"article:publisher\" content=\"https:\/\/www.facebook.com\/tierparkbern\/\" \/>\n<meta property=\"article:modified_time\" content=\"2023-09-14T19:32:36+00:00\" \/>\n<meta property=\"og:image\" content=\"https:\/\/tierpark-bern.ch\/web\/app\/uploads\/2020\/07\/Stirnlappenbasilisk-Tierpark-Bern.jpg\" \/>\n\t<meta property=\"og:image:width\" content=\"1500\" \/>\n\t<meta property=\"og:image:height\" content=\"998\" \/>\n\t<meta property=\"og:image:type\" content=\"image\/jpeg\" \/>\n<script type=\"application\/ld+json\" class=\"yoast-schema-graph\">{\"@context\":\"https:\/\/schema.org\",\"@graph\":[{\"@type\":\"WebPage\",\"@id\":\"https:\/\/tierpark-bern.ch\/fr\/protection-de-la-nature-et-animaux\/enclos\/vivarium\/en-liberte-au-vivarium\/\",\"url\":\"https:\/\/tierpark-bern.ch\/fr\/protection-de-la-nature-et-animaux\/enclos\/vivarium\/en-liberte-au-vivarium\/\",\"name\":\"En libert\u00e9 au vivarium | Tierpark Bern\",\"isPartOf\":{\"@id\":\"https:\/\/tierpark-bern.ch\/fr\/#website\"},\"primaryImageOfPage\":{\"@id\":\"https:\/\/tierpark-bern.ch\/fr\/protection-de-la-nature-et-animaux\/enclos\/vivarium\/en-liberte-au-vivarium\/#primaryimage\"},\"image\":{\"@id\":\"https:\/\/tierpark-bern.ch\/fr\/protection-de-la-nature-et-animaux\/enclos\/vivarium\/en-liberte-au-vivarium\/#primaryimage\"},\"thumbnailUrl\":\"https:\/\/tierpark-bern.ch\/web\/app\/uploads\/2020\/07\/Stirnlappenbasilisk-Tierpark-Bern.jpg\",\"datePublished\":\"2021-09-02T21:53:31+00:00\",\"dateModified\":\"2023-09-14T19:32:36+00:00\",\"description\":\"De nombreux oiseaux volent en libert\u00e9 au-dessus de la t\u00eate des visiteurs parmi la dense v\u00e9g\u00e9tation tropicale, tandis qu\u2019un basilic vert franchit furtivement le sentier des visiteurs.\",\"breadcrumb\":{\"@id\":\"https:\/\/tierpark-bern.ch\/fr\/protection-de-la-nature-et-animaux\/enclos\/vivarium\/en-liberte-au-vivarium\/#breadcrumb\"},\"inLanguage\":\"fr-FR\",\"potentialAction\":[{\"@type\":\"ReadAction\",\"target\":[\"https:\/\/tierpark-bern.ch\/fr\/protection-de-la-nature-et-animaux\/enclos\/vivarium\/en-liberte-au-vivarium\/\"]}]},{\"@type\":\"ImageObject\",\"inLanguage\":\"fr-FR\",\"@id\":\"https:\/\/tierpark-bern.ch\/fr\/protection-de-la-nature-et-animaux\/enclos\/vivarium\/en-liberte-au-vivarium\/#primaryimage\",\"url\":\"https:\/\/tierpark-bern.ch\/web\/app\/uploads\/2020\/07\/Stirnlappenbasilisk-Tierpark-Bern.jpg\",\"contentUrl\":\"https:\/\/tierpark-bern.ch\/web\/app\/uploads\/2020\/07\/Stirnlappenbasilisk-Tierpark-Bern.jpg\",\"width\":1500,\"height\":998},{\"@type\":\"BreadcrumbList\",\"@id\":\"https:\/\/tierpark-bern.ch\/fr\/protection-de-la-nature-et-animaux\/enclos\/vivarium\/en-liberte-au-vivarium\/#breadcrumb\",\"itemListElement\":[{\"@type\":\"ListItem\",\"position\":1,\"name\":\"Home\",\"item\":\"https:\/\/tierpark-bern.ch\/fr\/home\/\"},{\"@type\":\"ListItem\",\"position\":2,\"name\":\"Protection de la nature et animaux\",\"item\":\"https:\/\/tierpark-bern.ch\/fr\/protection-de-la-nature-et-animaux\/\"},{\"@type\":\"ListItem\",\"position\":3,\"name\":\"Enclos\",\"item\":\"https:\/\/tierpark-bern.ch\/fr\/protection-de-la-nature-et-animaux\/enclos\/\"},{\"@type\":\"ListItem\",\"position\":4,\"name\":\"Vivarium\",\"item\":\"https:\/\/tierpark-bern.ch\/fr\/protection-de-la-nature-et-animaux\/enclos\/vivarium\/\"},{\"@type\":\"ListItem\",\"position\":5,\"name\":\"En libert\u00e9 au vivarium\"}]},{\"@type\":\"WebSite\",\"@id\":\"https:\/\/tierpark-bern.ch\/fr\/#website\",\"url\":\"https:\/\/tierpark-bern.ch\/fr\/\",\"name\":\"Tierpark Bern\",\"description\":\"\",\"publisher\":{\"@id\":\"https:\/\/tierpark-bern.ch\/fr\/#organization\"},\"potentialAction\":[{\"@type\":\"SearchAction\",\"target\":{\"@type\":\"EntryPoint\",\"urlTemplate\":\"https:\/\/tierpark-bern.ch\/fr\/?s={search_term_string}\"},\"query-input\":{\"@type\":\"PropertyValueSpecification\",\"valueRequired\":true,\"valueName\":\"search_term_string\"}}],\"inLanguage\":\"fr-FR\"},{\"@type\":\"Organization\",\"@id\":\"https:\/\/tierpark-bern.ch\/fr\/#organization\",\"name\":\"Tierpark Bern | D\u00e4hlh\u00f6lzli + B\u00e4renPark\",\"alternateName\":\"Tierpark Bern\",\"url\":\"https:\/\/tierpark-bern.ch\/fr\/\",\"logo\":{\"@type\":\"ImageObject\",\"inLanguage\":\"fr-FR\",\"@id\":\"https:\/\/tierpark-bern.ch\/fr\/#\/schema\/logo\/image\/\",\"url\":\"https:\/\/tierpark-bern.ch\/web\/app\/uploads\/2024\/04\/tierpark-bern-696x696-1.jpg\",\"contentUrl\":\"https:\/\/tierpark-bern.ch\/web\/app\/uploads\/2024\/04\/tierpark-bern-696x696-1.jpg\",\"width\":696,\"height\":696,\"caption\":\"Tierpark Bern | D\u00e4hlh\u00f6lzli + B\u00e4renPark\"},\"image\":{\"@id\":\"https:\/\/tierpark-bern.ch\/fr\/#\/schema\/logo\/image\/\"},\"sameAs\":[\"https:\/\/www.facebook.com\/tierparkbern\/\",\"https:\/\/x.com\/tierparkbern\",\"https:\/\/www.instagram.com\/tierparkbern\/\"]}]}<\/script>","yoast_head_json":{"title":"En libert\u00e9 au vivarium | Tierpark Bern","description":"De nombreux oiseaux volent en libert\u00e9 au-dessus de la t\u00eate des visiteurs parmi la dense v\u00e9g\u00e9tation tropicale, tandis qu\u2019un basilic vert franchit furtivement le sentier des visiteurs.","robots":{"index":"index","follow":"follow","max-snippet":"max-snippet:-1","max-image-preview":"max-image-preview:large","max-video-preview":"max-video-preview:-1"},"canonical":"https:\/\/tierpark-bern.ch\/fr\/protection-de-la-nature-et-animaux\/enclos\/vivarium\/en-liberte-au-vivarium\/","og_locale":"fr_FR","og_type":"article","og_title":"En libert\u00e9 au vivarium | Tierpark Bern","og_description":"De nombreux oiseaux volent en libert\u00e9 au-dessus de la t\u00eate des visiteurs parmi la dense v\u00e9g\u00e9tation tropicale, tandis qu\u2019un basilic vert franchit furtivement le sentier des visiteurs.","og_url":"https:\/\/tierpark-bern.ch\/fr\/protection-de-la-nature-et-animaux\/enclos\/vivarium\/en-liberte-au-vivarium\/","og_site_name":"Tierpark Bern","article_publisher":"https:\/\/www.facebook.com\/tierparkbern\/","article_modified_time":"2023-09-14T19:32:36+00:00","og_image":[{"width":1500,"height":998,"url":"https:\/\/tierpark-bern.ch\/web\/app\/uploads\/2020\/07\/Stirnlappenbasilisk-Tierpark-Bern.jpg","type":"image\/jpeg"}],"schema":{"@context":"https:\/\/schema.org","@graph":[{"@type":"WebPage","@id":"https:\/\/tierpark-bern.ch\/fr\/protection-de-la-nature-et-animaux\/enclos\/vivarium\/en-liberte-au-vivarium\/","url":"https:\/\/tierpark-bern.ch\/fr\/protection-de-la-nature-et-animaux\/enclos\/vivarium\/en-liberte-au-vivarium\/","name":"En libert\u00e9 au vivarium | Tierpark Bern","isPartOf":{"@id":"https:\/\/tierpark-bern.ch\/fr\/#website"},"primaryImageOfPage":{"@id":"https:\/\/tierpark-bern.ch\/fr\/protection-de-la-nature-et-animaux\/enclos\/vivarium\/en-liberte-au-vivarium\/#primaryimage"},"image":{"@id":"https:\/\/tierpark-bern.ch\/fr\/protection-de-la-nature-et-animaux\/enclos\/vivarium\/en-liberte-au-vivarium\/#primaryimage"},"thumbnailUrl":"https:\/\/tierpark-bern.ch\/web\/app\/uploads\/2020\/07\/Stirnlappenbasilisk-Tierpark-Bern.jpg","datePublished":"2021-09-02T21:53:31+00:00","dateModified":"2023-09-14T19:32:36+00:00","description":"De nombreux oiseaux volent en libert\u00e9 au-dessus de la t\u00eate des visiteurs parmi la dense v\u00e9g\u00e9tation tropicale, tandis qu\u2019un basilic vert franchit furtivement le sentier des visiteurs.","breadcrumb":{"@id":"https:\/\/tierpark-bern.ch\/fr\/protection-de-la-nature-et-animaux\/enclos\/vivarium\/en-liberte-au-vivarium\/#breadcrumb"},"inLanguage":"fr-FR","potentialAction":[{"@type":"ReadAction","target":["https:\/\/tierpark-bern.ch\/fr\/protection-de-la-nature-et-animaux\/enclos\/vivarium\/en-liberte-au-vivarium\/"]}]},{"@type":"ImageObject","inLanguage":"fr-FR","@id":"https:\/\/tierpark-bern.ch\/fr\/protection-de-la-nature-et-animaux\/enclos\/vivarium\/en-liberte-au-vivarium\/#primaryimage","url":"https:\/\/tierpark-bern.ch\/web\/app\/uploads\/2020\/07\/Stirnlappenbasilisk-Tierpark-Bern.jpg","contentUrl":"https:\/\/tierpark-bern.ch\/web\/app\/uploads\/2020\/07\/Stirnlappenbasilisk-Tierpark-Bern.jpg","width":1500,"height":998},{"@type":"BreadcrumbList","@id":"https:\/\/tierpark-bern.ch\/fr\/protection-de-la-nature-et-animaux\/enclos\/vivarium\/en-liberte-au-vivarium\/#breadcrumb","itemListElement":[{"@type":"ListItem","position":1,"name":"Home","item":"https:\/\/tierpark-bern.ch\/fr\/home\/"},{"@type":"ListItem","position":2,"name":"Protection de la nature et animaux","item":"https:\/\/tierpark-bern.ch\/fr\/protection-de-la-nature-et-animaux\/"},{"@type":"ListItem","position":3,"name":"Enclos","item":"https:\/\/tierpark-bern.ch\/fr\/protection-de-la-nature-et-animaux\/enclos\/"},{"@type":"ListItem","position":4,"name":"Vivarium","item":"https:\/\/tierpark-bern.ch\/fr\/protection-de-la-nature-et-animaux\/enclos\/vivarium\/"},{"@type":"ListItem","position":5,"name":"En libert\u00e9 au vivarium"}]},{"@type":"WebSite","@id":"https:\/\/tierpark-bern.ch\/fr\/#website","url":"https:\/\/tierpark-bern.ch\/fr\/","name":"Tierpark Bern","description":"","publisher":{"@id":"https:\/\/tierpark-bern.ch\/fr\/#organization"},"potentialAction":[{"@type":"SearchAction","target":{"@type":"EntryPoint","urlTemplate":"https:\/\/tierpark-bern.ch\/fr\/?s={search_term_string}"},"query-input":{"@type":"PropertyValueSpecification","valueRequired":true,"valueName":"search_term_string"}}],"inLanguage":"fr-FR"},{"@type":"Organization","@id":"https:\/\/tierpark-bern.ch\/fr\/#organization","name":"Tierpark Bern | D\u00e4hlh\u00f6lzli + B\u00e4renPark","alternateName":"Tierpark Bern","url":"https:\/\/tierpark-bern.ch\/fr\/","logo":{"@type":"ImageObject","inLanguage":"fr-FR","@id":"https:\/\/tierpark-bern.ch\/fr\/#\/schema\/logo\/image\/","url":"https:\/\/tierpark-bern.ch\/web\/app\/uploads\/2024\/04\/tierpark-bern-696x696-1.jpg","contentUrl":"https:\/\/tierpark-bern.ch\/web\/app\/uploads\/2024\/04\/tierpark-bern-696x696-1.jpg","width":696,"height":696,"caption":"Tierpark Bern | D\u00e4hlh\u00f6lzli + B\u00e4renPark"},"image":{"@id":"https:\/\/tierpark-bern.ch\/fr\/#\/schema\/logo\/image\/"},"sameAs":["https:\/\/www.facebook.com\/tierparkbern\/","https:\/\/x.com\/tierparkbern","https:\/\/www.instagram.com\/tierparkbern\/"]}]}},"_links":{"self":[{"href":"https:\/\/tierpark-bern.ch\/fr\/wp-json\/wp\/v2\/pages\/46447","targetHints":{"allow":["GET"]}}],"collection":[{"href":"https:\/\/tierpark-bern.ch\/fr\/wp-json\/wp\/v2\/pages"}],"about":[{"href":"https:\/\/tierpark-bern.ch\/fr\/wp-json\/wp\/v2\/types\/page"}],"author":[{"embeddable":true,"href":"https:\/\/tierpark-bern.ch\/fr\/wp-json\/wp\/v2\/users\/1"}],"replies":[{"embeddable":true,"href":"https:\/\/tierpark-bern.ch\/fr\/wp-json\/wp\/v2\/comments?post=46447"}],"version-history":[{"count":0,"href":"https:\/\/tierpark-bern.ch\/fr\/wp-json\/wp\/v2\/pages\/46447\/revisions"}],"up":[{"embeddable":true,"href":"https:\/\/tierpark-bern.ch\/fr\/wp-json\/wp\/v2\/pages\/46427"}],"wp:featuredmedia":[{"embeddable":true,"href":"https:\/\/tierpark-bern.ch\/fr\/wp-json\/wp\/v2\/media\/21853"}],"wp:attachment":[{"href":"https:\/\/tierpark-bern.ch\/fr\/wp-json\/wp\/v2\/media?parent=46447"}],"curies":[{"name":"wp","href":"https:\/\/api.w.org\/{rel}","templated":true}]}}