{"id":46483,"date":"2021-03-01T13:52:36","date_gmt":"2021-03-01T12:52:36","guid":{"rendered":"https:\/\/tierpark-bern.ch\/boutique-en-ligne\/claude-kuhn\/"},"modified":"2023-12-31T14:09:48","modified_gmt":"2023-12-31T13:09:48","slug":"affiches-du-parc-zoologique-de-claude-kuhn","status":"publish","type":"page","link":"https:\/\/tierpark-bern.ch\/fr\/boutique-en-ligne\/affiches-du-parc-zoologique-de-claude-kuhn\/","title":{"rendered":"Affiches du parc zoologique de Claude Kuhn"},"content":{"rendered":"<div class=\"wpb-content-wrapper\"><p>[vc_row][vc_column][vc_column_text]<\/p>\n<h1>Affiches du parc zoologique de Claude Kuhn<\/h1>\n<p>Claude Kuhn a cr\u00e9\u00e9 pour le parc zoologique de nombreuses affiches, dont certaines ont valu au graphiste bernois des prix internationaux. Que diriez-vous d\u2019en acheter une ou plusieurs pour d\u00e9corer chez vous?<\/p>\n<h2>Dimensions des affiches<\/h2>\n<p>90.5 * 128 cm<\/p>\n<h2>Prix par affiche<\/h2>\n<p>Les affiches co\u00fbtent 40 CHF chacune, quel que soit le sujet (des frais suppl\u00e9mentaires sont factur\u00e9s en fonction du mode de livraison). L&#8217;envoi se fait sur facture.<\/p>\n<h2>Exp\u00e9dition<\/h2>\n<p>Envoi par la poste en Suisse (suppl\u00e9ment pour l&#8217;emballage Fr. 15.50 et le port Fr. 8.50). Pas d&#8217;enl\u00e8vement par le client possible.<\/p>\n<h2>Commandez ici votre\/vos affiche(s) souhait\u00e9e(s):<\/h2>\n<p>[\/vc_column_text][\/vc_column][\/vc_row][vc_row][vc_column][vc_column_text]\n<div class=\"wpcf7 no-js\" id=\"wpcf7-f46682-o1\" lang=\"fr-FR\" dir=\"ltr\" data-wpcf7-id=\"46682\">\n<div class=\"screen-reader-response\"><p role=\"status\" aria-live=\"polite\" aria-atomic=\"true\"><\/p> <ul><\/ul><\/div>\n<form action=\"\/fr\/wp-json\/wp\/v2\/pages\/46483#wpcf7-f46682-o1\" method=\"post\" class=\"wpcf7-form init\" aria-label=\"Contact form\" novalidate=\"novalidate\" data-status=\"init\">\n<fieldset class=\"hidden-fields-container\"><input type=\"hidden\" name=\"_wpcf7\" value=\"46682\" \/><input type=\"hidden\" name=\"_wpcf7_version\" value=\"6.1.5\" \/><input type=\"hidden\" name=\"_wpcf7_locale\" value=\"fr_FR\" \/><input type=\"hidden\" name=\"_wpcf7_unit_tag\" value=\"wpcf7-f46682-o1\" \/><input type=\"hidden\" name=\"_wpcf7_container_post\" value=\"0\" \/><input type=\"hidden\" name=\"_wpcf7_posted_data_hash\" value=\"\" \/><input type=\"hidden\" name=\"_wpcf7cf_hidden_group_fields\" value=\"[]\" \/><input type=\"hidden\" name=\"_wpcf7cf_hidden_groups\" value=\"[]\" \/><input type=\"hidden\" name=\"_wpcf7cf_visible_groups\" value=\"[]\" \/><input type=\"hidden\" name=\"_wpcf7cf_repeaters\" value=\"[]\" \/><input type=\"hidden\" name=\"_wpcf7cf_steps\" value=\"{}\" \/><input type=\"hidden\" name=\"_wpcf7cf_options\" value=\"{&quot;form_id&quot;:46682,&quot;conditions&quot;:[],&quot;settings&quot;:{&quot;animation&quot;:&quot;yes&quot;,&quot;animation_intime&quot;:200,&quot;animation_outtime&quot;:200,&quot;conditions_ui&quot;:&quot;normal&quot;,&quot;notice_dismissed&quot;:false,&quot;notice_dismissed_update-cf7-6.0.4&quot;:true}}\" \/>\n<\/fieldset>\n<div class=\"wpcf7-turnstile cf-turnstile\" data-sitekey=\"0x4AAAAAAALIW4ni69mt6aLp\" data-response-field-name=\"_wpcf7_turnstile_response\"><\/div>\n\n<div class=\"claude-kuhn-container\">\n\t<div class=\"claude-kuhn-poster-container\">\n\t\t<div class=\"row\">\n\t\t\t<div class=\"col-lg-3 col-md-6 col-sm-6\">\n                        <div class=\"claude-container-img\">\n                        <img decoding=\"async\" class=\"thumbnail\" src=\"https:\/\/tierpark-bern.ch\/web\/app\/uploads\/2021\/03\/Brombeeren-Brummbaeren-Tierpark-Bern-Plakat-Claude-Kuhn.jpg\" alt=\"Gr\u00fcnes Plakat mit B\u00e4ren Silhouette\">\n                        <\/div>\n                        <div class=\"claude-container-txt\">\n                           <p><span class=\"item-desc\">Brombeeren Brummb\u00e4r in gr\u00fcn_2009<\/span><\/p><label for=\"poster-no-1\">Nombre:<span class=\"wpcf7-form-control-wrap Brombeeren-Brummbaer-in-gruen\">\n                                    <input type=\"number\" name=\"Brombeeren-Brummbaer-in-gruen\" value=\"\" class=\"wpcf7-form-control wpcf7-number wpcf7-validates-as-number poster-input\" min=\"1\" max=\"100\" aria-invalid=\"false\" id=\"poster-no1\">\n                                    <\/span><\/label><\/div>\n                      <\/div><div class=\"col-lg-3 col-md-6 col-sm-6\">\n                        <div class=\"claude-container-img\">\n                        <img decoding=\"async\" class=\"thumbnail\" src=\"https:\/\/tierpark-bern.ch\/web\/app\/uploads\/2020\/08\/plakate-2.jpg\" alt=\"Plakat von Claude Kuhn\">\n                        <\/div>\n                        <div class=\"claude-container-txt\">\n                           <p><span class=\"item-desc\">10 Jahre B\u00e4renPark Bern_2019<\/span><\/p><label for=\"poster-no-2\">Nombre:<span class=\"wpcf7-form-control-wrap Jahre-BaerenPark-Bern\">\n                                    <input type=\"number\" name=\"Jahre-BaerenPark-Bern\" value=\"\" class=\"wpcf7-form-control wpcf7-number wpcf7-validates-as-number poster-input\" min=\"1\" max=\"100\" aria-invalid=\"false\" id=\"poster-no2\">\n                                    <\/span><\/label><\/div>\n                      <\/div><div class=\"col-lg-3 col-md-6 col-sm-6\">\n                        <div class=\"claude-container-img\">\n                        <img decoding=\"async\" class=\"thumbnail\" src=\"https:\/\/tierpark-bern.ch\/web\/app\/uploads\/2020\/08\/plakate-3.jpg\" alt=\"Plakat von Claude Kuhn\">\n                        <\/div>\n                        <div class=\"claude-container-txt\">\n                           <p><span class=\"item-desc\">Waldrapp_2018<\/span><\/p><label for=\"poster-no-3\">Nombre:<span class=\"wpcf7-form-control-wrap Waldrapp\">\n                                    <input type=\"number\" name=\"Waldrapp\" value=\"\" class=\"wpcf7-form-control wpcf7-number wpcf7-validates-as-number poster-input\" min=\"1\" max=\"100\" aria-invalid=\"false\" id=\"poster-no3\">\n                                    <\/span><\/label><\/div>\n                      <\/div><div class=\"col-lg-3 col-md-6 col-sm-6\">\n                        <div class=\"claude-container-img\">\n                        <img decoding=\"async\" class=\"thumbnail\" src=\"https:\/\/tierpark-bern.ch\/web\/app\/uploads\/2020\/08\/plakate-7.jpg\" alt=\"Plakat von Claude Kuhn\">\n                        <\/div>\n                        <div class=\"claude-container-txt\">\n                           <p><span class=\"item-desc\">60 Jahre TPD Calla_1997<\/span><\/p><label for=\"poster-no-4\">Nombre:<span class=\"wpcf7-form-control-wrap Jahre-TPD-Calla\">\n                                    <input type=\"number\" name=\"Jahre-TPD-Calla\" value=\"\" class=\"wpcf7-form-control wpcf7-number wpcf7-validates-as-number poster-input\" min=\"1\" max=\"100\" aria-invalid=\"false\" id=\"poster-no4\">\n                                    <\/span><\/label><\/div>\n                      <\/div><div class=\"col-lg-3 col-md-6 col-sm-6\">\n                        <div class=\"claude-container-img\">\n                        <img decoding=\"async\" class=\"thumbnail\" src=\"https:\/\/tierpark-bern.ch\/web\/app\/uploads\/2020\/08\/plakate-8.jpg\" alt=\"Plakat von Claude Kuhn\">\n                        <\/div>\n                        <div class=\"claude-container-txt\">\n                           <p><span class=\"item-desc\">Seehund_2003<\/span><\/p><label for=\"poster-no-5\">Nombre:<span class=\"wpcf7-form-control-wrap Seehundeanlage\">\n                                    <input type=\"number\" name=\"Seehundeanlage\" value=\"\" class=\"wpcf7-form-control wpcf7-number wpcf7-validates-as-number poster-input\" min=\"1\" max=\"100\" aria-invalid=\"false\" id=\"poster-no5\">\n                                    <\/span><\/label><\/div>\n                      <\/div><div class=\"col-lg-3 col-md-6 col-sm-6\">\n                        <div class=\"claude-container-img\">\n                        <img decoding=\"async\" class=\"thumbnail\" src=\"https:\/\/tierpark-bern.ch\/web\/app\/uploads\/2020\/08\/plakate-13.jpg\" alt=\"Plakat von Claude Kuhn\">\n                        <\/div>\n                        <div class=\"claude-container-txt\">\n                           <p><span class=\"item-desc\">B\u00e4renwald_2012<\/span><\/p><label for=\"poster-no-6\">Nombre:<span class=\"wpcf7-form-control-wrap Baerenwald\">\n                                    <input type=\"number\" name=\"Baerenwald\" value=\"\" class=\"wpcf7-form-control wpcf7-number wpcf7-validates-as-number poster-input\" min=\"1\" max=\"100\" aria-invalid=\"false\" id=\"poster-no6\">\n                                    <\/span><\/label><\/div>\n                      <\/div><div class=\"col-lg-3 col-md-6 col-sm-6\">\n                        <div class=\"claude-container-img\">\n                        <img decoding=\"async\" class=\"thumbnail\" src=\"https:\/\/tierpark-bern.ch\/web\/app\/uploads\/2020\/08\/plakate-18.jpg\" alt=\"Plakat von Claude Kuhn\">\n                        <\/div>\n                        <div class=\"claude-container-txt\">\n                           <p><span class=\"item-desc\">Flamingo_1999<\/span><\/p><label for=\"poster-no-7\">Nombre:<span class=\"wpcf7-form-control-wrap Flamingoanlage\">\n                                    <input type=\"number\" name=\"Flamingoanlage\" value=\"\" class=\"wpcf7-form-control wpcf7-number wpcf7-validates-as-number poster-input\" min=\"1\" max=\"100\" aria-invalid=\"false\" id=\"poster-no7\">\n                                    <\/span><\/label><\/div>\n                      <\/div><div class=\"col-lg-3 col-md-6 col-sm-6\">\n                        <div class=\"claude-container-img\">\n                        <img decoding=\"async\" class=\"thumbnail\" src=\"https:\/\/tierpark-bern.ch\/web\/app\/uploads\/2020\/08\/plakate-19.jpg\" alt=\"Plakat von Claude Kuhn\">\n                        <\/div>\n                        <div class=\"claude-container-txt\">\n                           <p><span class=\"item-desc\">75 Jahre TPD_2012<\/span><\/p><label for=\"poster-no-8\">Nombre:<span class=\"wpcf7-form-control-wrap Jahre-TPD\">\n                                    <input type=\"number\" name=\"Jahre-TPD\" value=\"\" class=\"wpcf7-form-control wpcf7-number wpcf7-validates-as-number poster-input\" min=\"1\" max=\"100\" aria-invalid=\"false\" id=\"poster-no8\">\n                                    <\/span><\/label><\/div>\n                      <\/div>\n\t\t<\/div>\n\t<\/div>\n\t<div class=\"claude-kuhn-form-container top-30\">\n\t\t<p class=\"heading__sub-title-1 title15\"><strong>Vos coordonn\u00e9es<\/strong>\n\t\t<\/p>\n\t\t<p>Pour commander des affiches, veuillez remplir int\u00e9gralement ce formulaire.\n\t\t<\/p>\n\t\t<p>Veuillez remplir tous les champs marqu\u00e9s d'un ast\u00e9risque *.\n\t\t<\/p>\n\t\t<div class=\"formblock\">\n\t\t\t<div class=\"row\">\n\t\t\t\t<div class=\"col-sm-12 col-md-6\">\n\t\t\t\t\t<p><label for=\"nachname\">Nom de famille<span class=\"required\">*<\/span><\/label><br \/>\n<span class=\"wpcf7-form-control-wrap\" data-name=\"nachname\"><input size=\"40\" maxlength=\"400\" class=\"wpcf7-form-control wpcf7-text wpcf7-validates-as-required\" id=\"nachname\" aria-required=\"true\" aria-invalid=\"false\" value=\"\" type=\"text\" name=\"nachname\" \/><\/span>\n\t\t\t\t\t<\/p>\n\t\t\t\t<\/div>\n\t\t\t\t<div class=\"col-sm-12 col-md-6\">\n\t\t\t\t\t<p><label for=\"vorname\">Pr\u00e9nom<span class=\"required\">*<\/span><\/label><br \/>\n<span class=\"wpcf7-form-control-wrap\" data-name=\"vorname\"><input size=\"40\" maxlength=\"400\" class=\"wpcf7-form-control wpcf7-text wpcf7-validates-as-required\" id=\"vorname\" aria-required=\"true\" aria-invalid=\"false\" value=\"\" type=\"text\" name=\"vorname\" \/><\/span>\n\t\t\t\t\t<\/p>\n\t\t\t\t<\/div>\n\t\t\t\t<div class=\"col-sm-12 col-md-6\">\n\t\t\t\t\t<p><label for=\"adresse\">Adresse<span class=\"required\">*<\/span><\/label><br \/>\n<span class=\"wpcf7-form-control-wrap\" data-name=\"adresse\"><input size=\"40\" maxlength=\"400\" class=\"wpcf7-form-control wpcf7-text wpcf7-validates-as-required\" id=\"adresse\" aria-required=\"true\" aria-invalid=\"false\" value=\"\" type=\"text\" name=\"adresse\" \/><\/span>\n\t\t\t\t\t<\/p>\n\t\t\t\t<\/div>\n\t\t\t\t<div class=\"col-sm-12 col-md-6\">\n\t\t\t\t\t<p><label for=\"ort\">NPA\/localit\u00e9<span class=\"required\">*<\/span><\/label><br \/>\n<span class=\"wpcf7-form-control-wrap\" data-name=\"ort\"><input size=\"40\" maxlength=\"400\" class=\"wpcf7-form-control wpcf7-text wpcf7-validates-as-required\" id=\"ort\" aria-required=\"true\" aria-invalid=\"false\" value=\"\" type=\"text\" name=\"ort\" \/><\/span>\n\t\t\t\t\t<\/p>\n\t\t\t\t<\/div>\n\t\t\t\t<div class=\"col-sm-12 col-md-6\">\n\t\t\t\t\t<p><label for=\"email\">Courrier \u00e9lectronique<span class=\"required\">*<\/span><\/label><br \/>\n<span class=\"wpcf7-form-control-wrap\" data-name=\"email\"><input size=\"40\" maxlength=\"400\" class=\"wpcf7-form-control wpcf7-email wpcf7-validates-as-required wpcf7-text wpcf7-validates-as-email\" id=\"email\" aria-required=\"true\" aria-invalid=\"false\" value=\"\" type=\"email\" name=\"email\" \/><\/span>\n\t\t\t\t\t<\/p>\n\t\t\t\t<\/div>\n\t\t\t<\/div>\n\t\t<\/div>\n\t\t<div class=\"formblock\">\n\t\t\t<fieldset>\n\t\t\t\t<legend><strong>Bulletin d'information<\/strong>\n\t\t\t\t<\/legend>\n\t\t\t\t<p>Je souhaite recevoir r\u00e9guli\u00e8rement des informations sur les nouveaut\u00e9s du parc animalier de Berne. J'autorise ainsi la collecte et le traitement de mon adresse e-mail pour l'envoi de la newsletter. Je peux annuler la r\u00e9ception \u00e0 tout moment.\n\t\t\t\t<\/p>\n\t\t\t\t<p><label for=\"newsletter\">S'abonner \u00e0 la newsletter ?<span class=\"required\">*<\/span><\/label><br \/>\n<span class=\"wpcf7-form-control-wrap\" data-name=\"newsletter\"><span class=\"wpcf7-form-control wpcf7-radio newsletter\" id=\"newsletter\"><span class=\"wpcf7-list-item first\"><label><input type=\"radio\" name=\"newsletter\" value=\"Oui\" \/><span class=\"wpcf7-list-item-label\">Oui<\/span><\/label><\/span><span class=\"wpcf7-list-item\"><label><input type=\"radio\" name=\"newsletter\" value=\"J&#039;ai d\u00e9j\u00e0\" \/><span class=\"wpcf7-list-item-label\">J&#039;ai d\u00e9j\u00e0<\/span><\/label><\/span><span class=\"wpcf7-list-item last\"><label><input type=\"radio\" name=\"newsletter\" value=\"Non\" checked=\"checked\" \/><span class=\"wpcf7-list-item-label\">Non<\/span><\/label><\/span><\/span><\/span>\n\t\t\t\t<\/p>\n\t\t\t<\/fieldset>\n\t\t<\/div>\n\t<\/div>\n<\/div>\n<p><input class=\"wpcf7-form-control wpcf7-submit has-spinner button\" id=\"claude-kuhn-btn\" type=\"submit\" value=\"Envoyer\" \/>\n<\/p><div class=\"wpcf7-response-output\" aria-hidden=\"true\"><\/div>\n<\/form>\n<\/div>\n[\/vc_column_text][\/vc_column][\/vc_row]<\/p>\n<\/div>","protected":false},"excerpt":{"rendered":"<p>Claude Kuhn a cr\u00e9\u00e9 de nombreuses affiches pour le parc animalier. Pour certaines d&#8217;entre elles, le graphiste bernois a m\u00eame remport\u00e9 des prix internationaux<\/p>\n","protected":false},"author":1,"featured_media":25234,"parent":46479,"menu_order":0,"comment_status":"closed","ping_status":"closed","template":"","meta":{"_acf_changed":false,"footnotes":""},"class_list":["post-46483","page","type-page","status-publish","has-post-thumbnail","hentry"],"acf":[],"yoast_head":"<title>Affiches du parc zoologique de Claude Kuhn | Tierpark Bern<\/title>\n<meta name=\"description\" content=\"Claude Kuhn a cr\u00e9\u00e9 de nombreuses affiches pour le parc animalier. Pour certaines d&#039;entre elles, le graphiste bernois a m\u00eame remport\u00e9 des prix internationaux.\" \/>\n<meta name=\"robots\" content=\"index, follow, max-snippet:-1, max-image-preview:large, max-video-preview:-1\" \/>\n<link rel=\"canonical\" href=\"https:\/\/tierpark-bern.ch\/fr\/boutique-en-ligne\/affiches-du-parc-zoologique-de-claude-kuhn\/\" \/>\n<meta property=\"og:locale\" content=\"fr_FR\" \/>\n<meta property=\"og:type\" content=\"article\" \/>\n<meta property=\"og:title\" content=\"Affiches du parc zoologique de Claude Kuhn | Tierpark Bern\" \/>\n<meta property=\"og:description\" content=\"Claude Kuhn a cr\u00e9\u00e9 de nombreuses affiches pour le parc animalier. Pour certaines d&#039;entre elles, le graphiste bernois a m\u00eame remport\u00e9 des prix internationaux.\" \/>\n<meta property=\"og:url\" content=\"https:\/\/tierpark-bern.ch\/fr\/boutique-en-ligne\/affiches-du-parc-zoologique-de-claude-kuhn\/\" \/>\n<meta property=\"og:site_name\" content=\"Tierpark Bern\" \/>\n<meta property=\"article:publisher\" content=\"https:\/\/www.facebook.com\/tierparkbern\/\" \/>\n<meta property=\"article:modified_time\" content=\"2023-12-31T13:09:48+00:00\" \/>\n<meta property=\"og:image\" content=\"https:\/\/tierpark-bern.ch\/web\/app\/uploads\/2022\/03\/Claude-Kuhn-2.jpg\" \/>\n\t<meta property=\"og:image:width\" content=\"1500\" \/>\n\t<meta property=\"og:image:height\" content=\"998\" \/>\n\t<meta property=\"og:image:type\" content=\"image\/jpeg\" \/>\n<script type=\"application\/ld+json\" class=\"yoast-schema-graph\">{\"@context\":\"https:\/\/schema.org\",\"@graph\":[{\"@type\":\"WebPage\",\"@id\":\"https:\/\/tierpark-bern.ch\/fr\/boutique-en-ligne\/affiches-du-parc-zoologique-de-claude-kuhn\/\",\"url\":\"https:\/\/tierpark-bern.ch\/fr\/boutique-en-ligne\/affiches-du-parc-zoologique-de-claude-kuhn\/\",\"name\":\"Affiches du parc zoologique de Claude Kuhn | Tierpark Bern\",\"isPartOf\":{\"@id\":\"https:\/\/tierpark-bern.ch\/fr\/#website\"},\"primaryImageOfPage\":{\"@id\":\"https:\/\/tierpark-bern.ch\/fr\/boutique-en-ligne\/affiches-du-parc-zoologique-de-claude-kuhn\/#primaryimage\"},\"image\":{\"@id\":\"https:\/\/tierpark-bern.ch\/fr\/boutique-en-ligne\/affiches-du-parc-zoologique-de-claude-kuhn\/#primaryimage\"},\"thumbnailUrl\":\"https:\/\/tierpark-bern.ch\/web\/app\/uploads\/2022\/03\/Claude-Kuhn-2.jpg\",\"datePublished\":\"2021-03-01T12:52:36+00:00\",\"dateModified\":\"2023-12-31T13:09:48+00:00\",\"description\":\"Claude Kuhn a cr\u00e9\u00e9 de nombreuses affiches pour le parc animalier. Pour certaines d'entre elles, le graphiste bernois a m\u00eame remport\u00e9 des prix internationaux.\",\"breadcrumb\":{\"@id\":\"https:\/\/tierpark-bern.ch\/fr\/boutique-en-ligne\/affiches-du-parc-zoologique-de-claude-kuhn\/#breadcrumb\"},\"inLanguage\":\"fr-FR\",\"potentialAction\":[{\"@type\":\"ReadAction\",\"target\":[\"https:\/\/tierpark-bern.ch\/fr\/boutique-en-ligne\/affiches-du-parc-zoologique-de-claude-kuhn\/\"]}]},{\"@type\":\"ImageObject\",\"inLanguage\":\"fr-FR\",\"@id\":\"https:\/\/tierpark-bern.ch\/fr\/boutique-en-ligne\/affiches-du-parc-zoologique-de-claude-kuhn\/#primaryimage\",\"url\":\"https:\/\/tierpark-bern.ch\/web\/app\/uploads\/2022\/03\/Claude-Kuhn-2.jpg\",\"contentUrl\":\"https:\/\/tierpark-bern.ch\/web\/app\/uploads\/2022\/03\/Claude-Kuhn-2.jpg\",\"width\":1500,\"height\":998},{\"@type\":\"BreadcrumbList\",\"@id\":\"https:\/\/tierpark-bern.ch\/fr\/boutique-en-ligne\/affiches-du-parc-zoologique-de-claude-kuhn\/#breadcrumb\",\"itemListElement\":[{\"@type\":\"ListItem\",\"position\":1,\"name\":\"Home\",\"item\":\"https:\/\/tierpark-bern.ch\/fr\/home\/\"},{\"@type\":\"ListItem\",\"position\":2,\"name\":\"Boutique en ligne\",\"item\":\"https:\/\/tierpark-bern.ch\/fr\/boutique-en-ligne\/\"},{\"@type\":\"ListItem\",\"position\":3,\"name\":\"Affiches du parc zoologique de Claude Kuhn\"}]},{\"@type\":\"WebSite\",\"@id\":\"https:\/\/tierpark-bern.ch\/fr\/#website\",\"url\":\"https:\/\/tierpark-bern.ch\/fr\/\",\"name\":\"Tierpark Bern\",\"description\":\"\",\"publisher\":{\"@id\":\"https:\/\/tierpark-bern.ch\/fr\/#organization\"},\"potentialAction\":[{\"@type\":\"SearchAction\",\"target\":{\"@type\":\"EntryPoint\",\"urlTemplate\":\"https:\/\/tierpark-bern.ch\/fr\/?s={search_term_string}\"},\"query-input\":{\"@type\":\"PropertyValueSpecification\",\"valueRequired\":true,\"valueName\":\"search_term_string\"}}],\"inLanguage\":\"fr-FR\"},{\"@type\":\"Organization\",\"@id\":\"https:\/\/tierpark-bern.ch\/fr\/#organization\",\"name\":\"Tierpark Bern | D\u00e4hlh\u00f6lzli + B\u00e4renPark\",\"alternateName\":\"Tierpark Bern\",\"url\":\"https:\/\/tierpark-bern.ch\/fr\/\",\"logo\":{\"@type\":\"ImageObject\",\"inLanguage\":\"fr-FR\",\"@id\":\"https:\/\/tierpark-bern.ch\/fr\/#\/schema\/logo\/image\/\",\"url\":\"https:\/\/tierpark-bern.ch\/web\/app\/uploads\/2024\/04\/tierpark-bern-696x696-1.jpg\",\"contentUrl\":\"https:\/\/tierpark-bern.ch\/web\/app\/uploads\/2024\/04\/tierpark-bern-696x696-1.jpg\",\"width\":696,\"height\":696,\"caption\":\"Tierpark Bern | D\u00e4hlh\u00f6lzli + B\u00e4renPark\"},\"image\":{\"@id\":\"https:\/\/tierpark-bern.ch\/fr\/#\/schema\/logo\/image\/\"},\"sameAs\":[\"https:\/\/www.facebook.com\/tierparkbern\/\",\"https:\/\/x.com\/tierparkbern\",\"https:\/\/www.instagram.com\/tierparkbern\/\"]}]}<\/script>","yoast_head_json":{"title":"Affiches du parc zoologique de Claude Kuhn | Tierpark Bern","description":"Claude Kuhn a cr\u00e9\u00e9 de nombreuses affiches pour le parc animalier. Pour certaines d'entre elles, le graphiste bernois a m\u00eame remport\u00e9 des prix internationaux.","robots":{"index":"index","follow":"follow","max-snippet":"max-snippet:-1","max-image-preview":"max-image-preview:large","max-video-preview":"max-video-preview:-1"},"canonical":"https:\/\/tierpark-bern.ch\/fr\/boutique-en-ligne\/affiches-du-parc-zoologique-de-claude-kuhn\/","og_locale":"fr_FR","og_type":"article","og_title":"Affiches du parc zoologique de Claude Kuhn | Tierpark Bern","og_description":"Claude Kuhn a cr\u00e9\u00e9 de nombreuses affiches pour le parc animalier. Pour certaines d'entre elles, le graphiste bernois a m\u00eame remport\u00e9 des prix internationaux.","og_url":"https:\/\/tierpark-bern.ch\/fr\/boutique-en-ligne\/affiches-du-parc-zoologique-de-claude-kuhn\/","og_site_name":"Tierpark Bern","article_publisher":"https:\/\/www.facebook.com\/tierparkbern\/","article_modified_time":"2023-12-31T13:09:48+00:00","og_image":[{"width":1500,"height":998,"url":"https:\/\/tierpark-bern.ch\/web\/app\/uploads\/2022\/03\/Claude-Kuhn-2.jpg","type":"image\/jpeg"}],"schema":{"@context":"https:\/\/schema.org","@graph":[{"@type":"WebPage","@id":"https:\/\/tierpark-bern.ch\/fr\/boutique-en-ligne\/affiches-du-parc-zoologique-de-claude-kuhn\/","url":"https:\/\/tierpark-bern.ch\/fr\/boutique-en-ligne\/affiches-du-parc-zoologique-de-claude-kuhn\/","name":"Affiches du parc zoologique de Claude Kuhn | Tierpark Bern","isPartOf":{"@id":"https:\/\/tierpark-bern.ch\/fr\/#website"},"primaryImageOfPage":{"@id":"https:\/\/tierpark-bern.ch\/fr\/boutique-en-ligne\/affiches-du-parc-zoologique-de-claude-kuhn\/#primaryimage"},"image":{"@id":"https:\/\/tierpark-bern.ch\/fr\/boutique-en-ligne\/affiches-du-parc-zoologique-de-claude-kuhn\/#primaryimage"},"thumbnailUrl":"https:\/\/tierpark-bern.ch\/web\/app\/uploads\/2022\/03\/Claude-Kuhn-2.jpg","datePublished":"2021-03-01T12:52:36+00:00","dateModified":"2023-12-31T13:09:48+00:00","description":"Claude Kuhn a cr\u00e9\u00e9 de nombreuses affiches pour le parc animalier. Pour certaines d'entre elles, le graphiste bernois a m\u00eame remport\u00e9 des prix internationaux.","breadcrumb":{"@id":"https:\/\/tierpark-bern.ch\/fr\/boutique-en-ligne\/affiches-du-parc-zoologique-de-claude-kuhn\/#breadcrumb"},"inLanguage":"fr-FR","potentialAction":[{"@type":"ReadAction","target":["https:\/\/tierpark-bern.ch\/fr\/boutique-en-ligne\/affiches-du-parc-zoologique-de-claude-kuhn\/"]}]},{"@type":"ImageObject","inLanguage":"fr-FR","@id":"https:\/\/tierpark-bern.ch\/fr\/boutique-en-ligne\/affiches-du-parc-zoologique-de-claude-kuhn\/#primaryimage","url":"https:\/\/tierpark-bern.ch\/web\/app\/uploads\/2022\/03\/Claude-Kuhn-2.jpg","contentUrl":"https:\/\/tierpark-bern.ch\/web\/app\/uploads\/2022\/03\/Claude-Kuhn-2.jpg","width":1500,"height":998},{"@type":"BreadcrumbList","@id":"https:\/\/tierpark-bern.ch\/fr\/boutique-en-ligne\/affiches-du-parc-zoologique-de-claude-kuhn\/#breadcrumb","itemListElement":[{"@type":"ListItem","position":1,"name":"Home","item":"https:\/\/tierpark-bern.ch\/fr\/home\/"},{"@type":"ListItem","position":2,"name":"Boutique en ligne","item":"https:\/\/tierpark-bern.ch\/fr\/boutique-en-ligne\/"},{"@type":"ListItem","position":3,"name":"Affiches du parc zoologique de Claude Kuhn"}]},{"@type":"WebSite","@id":"https:\/\/tierpark-bern.ch\/fr\/#website","url":"https:\/\/tierpark-bern.ch\/fr\/","name":"Tierpark Bern","description":"","publisher":{"@id":"https:\/\/tierpark-bern.ch\/fr\/#organization"},"potentialAction":[{"@type":"SearchAction","target":{"@type":"EntryPoint","urlTemplate":"https:\/\/tierpark-bern.ch\/fr\/?s={search_term_string}"},"query-input":{"@type":"PropertyValueSpecification","valueRequired":true,"valueName":"search_term_string"}}],"inLanguage":"fr-FR"},{"@type":"Organization","@id":"https:\/\/tierpark-bern.ch\/fr\/#organization","name":"Tierpark Bern | D\u00e4hlh\u00f6lzli + B\u00e4renPark","alternateName":"Tierpark Bern","url":"https:\/\/tierpark-bern.ch\/fr\/","logo":{"@type":"ImageObject","inLanguage":"fr-FR","@id":"https:\/\/tierpark-bern.ch\/fr\/#\/schema\/logo\/image\/","url":"https:\/\/tierpark-bern.ch\/web\/app\/uploads\/2024\/04\/tierpark-bern-696x696-1.jpg","contentUrl":"https:\/\/tierpark-bern.ch\/web\/app\/uploads\/2024\/04\/tierpark-bern-696x696-1.jpg","width":696,"height":696,"caption":"Tierpark Bern | D\u00e4hlh\u00f6lzli + B\u00e4renPark"},"image":{"@id":"https:\/\/tierpark-bern.ch\/fr\/#\/schema\/logo\/image\/"},"sameAs":["https:\/\/www.facebook.com\/tierparkbern\/","https:\/\/x.com\/tierparkbern","https:\/\/www.instagram.com\/tierparkbern\/"]}]}},"_links":{"self":[{"href":"https:\/\/tierpark-bern.ch\/fr\/wp-json\/wp\/v2\/pages\/46483","targetHints":{"allow":["GET"]}}],"collection":[{"href":"https:\/\/tierpark-bern.ch\/fr\/wp-json\/wp\/v2\/pages"}],"about":[{"href":"https:\/\/tierpark-bern.ch\/fr\/wp-json\/wp\/v2\/types\/page"}],"author":[{"embeddable":true,"href":"https:\/\/tierpark-bern.ch\/fr\/wp-json\/wp\/v2\/users\/1"}],"replies":[{"embeddable":true,"href":"https:\/\/tierpark-bern.ch\/fr\/wp-json\/wp\/v2\/comments?post=46483"}],"version-history":[{"count":0,"href":"https:\/\/tierpark-bern.ch\/fr\/wp-json\/wp\/v2\/pages\/46483\/revisions"}],"up":[{"embeddable":true,"href":"https:\/\/tierpark-bern.ch\/fr\/wp-json\/wp\/v2\/pages\/46479"}],"wp:featuredmedia":[{"embeddable":true,"href":"https:\/\/tierpark-bern.ch\/fr\/wp-json\/wp\/v2\/media\/25234"}],"wp:attachment":[{"href":"https:\/\/tierpark-bern.ch\/fr\/wp-json\/wp\/v2\/media?parent=46483"}],"curies":[{"name":"wp","href":"https:\/\/api.w.org\/{rel}","templated":true}]}}