{"id":46491,"date":"2020-08-26T13:44:34","date_gmt":"2020-08-26T11:44:34","guid":{"rendered":"https:\/\/tierpark-bern.ch\/erklaerung-zur-barrierefreiheit\/"},"modified":"2023-04-19T08:28:33","modified_gmt":"2023-04-19T06:28:33","slug":"declaration-relative-a-laccessibilite-du-site","status":"publish","type":"page","link":"https:\/\/tierpark-bern.ch\/fr\/declaration-relative-a-laccessibilite-du-site\/","title":{"rendered":"D\u00e9claration relative \u00e0 l\u2019accessibilit\u00e9 du site"},"content":{"rendered":"<div class=\"wpb-content-wrapper\"><p>[vc_row][vc_column][vc_column_text]<\/p>\n<h1>D\u00e9claration relative \u00e0 l\u2019accessibilit\u00e9 du site<\/h1>\n<p>Le parc zoologique de Berne s\u2019efforce de rendre le site <a title=\"Tierpark Bern\" href=\"https:\/\/tierpark-bern.ch\/\" target=\"_blank\" rel=\"noopener noreferrer\">www.tierpark-bern.ch<\/a> facilement accessible. Les bases juridiques sont ici la Convention de l\u2019ONU relative aux droits des personnes handicap\u00e9es et la loi sur l\u2019\u00e9galit\u00e9 pour les personnes handicap\u00e9es (LHand) dans leur version actuelle. Nous voyons dans l\u2019accessibilit\u00e9 un processus continu et visons \u00e0 satisfaire aux exigences en la mati\u00e8re. Si vous avez constat\u00e9 des lacunes dans l\u2019accessibilit\u00e9 des contenus de notre site Internet ou si vous avez des questions \u00e0 ce sujet, veuillez utiliser notre formulaire de feedback pour nous envoyer un message.<\/p>\n<p class=\"hinweis\">La partie allemande du site Internet respecte les directives relatives \u00e0 l\u2019accessibilit\u00e9 du contenu Web (WCAG) 2.1 AA. Cette d\u00e9claration remonte au 26 avril 2022 et repose sur une auto\u00e9valuation (principalement autotest BITV). Seules des v\u00e9rifications sur le site allemand ont \u00e9t\u00e9 effectu\u00e9es.<\/p>\n<p>[\/vc_column_text][\/vc_column][\/vc_row][vc_row][vc_column][vc_column_text]<\/p>\n<h2>Adapter la taille des caract\u00e8res<\/h2>\n<p>La fonction d\u2019agrandissement (zoom) de votre navigateur permet d\u2019agrandir ou de r\u00e9duire la taille d\u2019une page web enti\u00e8re, ou seulement la taille du texte.<\/p>\n<h2>Commande par clavier<\/h2>\n<p>M\u00eame sans souris, il est possible d\u2019acc\u00e9der \u00e0 tous les contenus et d\u2019utiliser toutes les fonctions de notre site Internet.<\/p>\n<h2>Touches d\u2019acc\u00e8s<\/h2>\n<p>Les touches d\u2019acc\u00e8s permettent un acc\u00e8s rapide par le clavier \u00e0 des pages ou contenus sp\u00e9cifiques de notre site. L\u2019ordre des onglets retenu avec les six marques de saut suivantes est tr\u00e8s pratique:<\/p>\n<p>Aller \u00e0 la navigation principale<br \/>\nAller \u00e0 la page de contenu<br \/>\nPied de page<br \/>\nContact<br \/>\nAller \u00e0 la recherche<br \/>\nTable des mati\u00e8res<\/p>\n<h2>Am\u00e9liorations constantes<\/h2>\n<p>Certains contenus ne sont pas totalement accessibles \u00e0 ce jour. Il s\u2019agit surtout d\u2019applications complexes \u00e0 programmer et d\u2019anciens documents, qui seront rendus autant que possible accessibles.<\/p>\n<p><strong>Les d\u00e9ficits et lacunes identifi\u00e9s font l\u2019objet d\u2019un processus d\u2019am\u00e9lioration continue.<\/strong>[\/vc_column_text][\/vc_column][\/vc_row][vc_row][vc_column][vc_column_text]<\/p>\n<h2>Accessibilit\u00e9 du site<\/h2>\n<p>Avez-vous constat\u00e9 des lacunes dans l\u2019accessibilit\u00e9 des contenus de notre site Internet? Si tel est le cas, veuillez utiliser notre formulaire de feedback pour nous envoyer un message.<\/p>\n<p>Vous aimeriez peut-\u00eatre nous adresser un message \u00e0 caract\u00e8re g\u00e9n\u00e9ral? Pour toute question ne portant pas sur l\u2019accessibilit\u00e9, <a href=\"https:\/\/tierpark-bern.ch\/ueber-uns\/kontakt\/\">veuillez compl\u00e9ter notre formulaire de contact.<\/a><\/p>\n<p>Vous pouvez \u00e9galement nous informer par \u00e9crit.<\/p>\n<p>Parc zoologique de Berne<br \/>\nTierparkweg 1<br \/>\n3005 Berne<br \/>\nSuisse<\/p>\n<p>Courriel: <a href=\"mailto:barrierefreiheit@tierpark-bern.ch\">barrierefreiheit@tierpark-bern.ch<\/a><\/p>\n<p>Les champs signal\u00e9s par un ast\u00e9risque (*) sont obligatoires et doivent \u00eatre remplis.<\/p>\n<p>Nous respectons naturellement les prescriptions sur la protection des donn\u00e9es. Cliquez ici pour acc\u00e9der \u00e0 la <a href=\"https:\/\/tierpark-bern.ch\/datenschutzerklaerung\/\">d\u00e9claration de confidentialit\u00e9 (en allemand seulement).<\/a><\/p>\n<div class=\"top-30\"><\/div>\n<p>[\/vc_column_text][\/vc_column][\/vc_row][vc_row][vc_column][vc_column_text]\n<div class=\"wpcf7 no-js\" id=\"wpcf7-f46159-o1\" lang=\"fr-FR\" dir=\"ltr\" data-wpcf7-id=\"46159\">\n<div class=\"screen-reader-response\"><p role=\"status\" aria-live=\"polite\" aria-atomic=\"true\"><\/p> <ul><\/ul><\/div>\n<form action=\"\/fr\/wp-json\/wp\/v2\/pages\/46491#wpcf7-f46159-o1\" method=\"post\" class=\"wpcf7-form init\" aria-label=\"Contact form\" novalidate=\"novalidate\" data-status=\"init\">\n<fieldset class=\"hidden-fields-container\"><input type=\"hidden\" name=\"_wpcf7\" value=\"46159\" \/><input type=\"hidden\" name=\"_wpcf7_version\" value=\"6.1.5\" \/><input type=\"hidden\" name=\"_wpcf7_locale\" value=\"fr_FR\" \/><input type=\"hidden\" name=\"_wpcf7_unit_tag\" value=\"wpcf7-f46159-o1\" \/><input type=\"hidden\" name=\"_wpcf7_container_post\" value=\"0\" \/><input type=\"hidden\" name=\"_wpcf7_posted_data_hash\" value=\"\" \/><input type=\"hidden\" name=\"_wpcf7cf_hidden_group_fields\" value=\"[]\" \/><input type=\"hidden\" name=\"_wpcf7cf_hidden_groups\" value=\"[]\" \/><input type=\"hidden\" name=\"_wpcf7cf_visible_groups\" value=\"[]\" \/><input type=\"hidden\" name=\"_wpcf7cf_repeaters\" value=\"[]\" \/><input type=\"hidden\" name=\"_wpcf7cf_steps\" value=\"{}\" \/><input type=\"hidden\" name=\"_wpcf7cf_options\" value=\"{&quot;form_id&quot;:46159,&quot;conditions&quot;:[],&quot;settings&quot;:{&quot;animation&quot;:&quot;yes&quot;,&quot;animation_intime&quot;:200,&quot;animation_outtime&quot;:200,&quot;conditions_ui&quot;:&quot;normal&quot;,&quot;notice_dismissed&quot;:false,&quot;notice_dismissed_update-cf7-6.0.4&quot;:true}}\" \/>\n<\/fieldset>\n<div class=\"wpcf7-turnstile cf-turnstile\" data-sitekey=\"0x4AAAAAAALIW4ni69mt6aLp\" data-response-field-name=\"_wpcf7_turnstile_response\"><\/div>\n\n<div class=\"formblock\">\n\t<div class=\"row\">\n\t\t<div class=\"col-sm-12 col-md-6\">\n\t\t\t<p><label for=\"vorname\">Pr\u00e9nom<span class=\"required\">*<\/span><\/label><br \/>\n<span class=\"wpcf7-form-control-wrap\" data-name=\"vorname\"><input size=\"40\" maxlength=\"400\" class=\"wpcf7-form-control wpcf7-text wpcf7-validates-as-required\" id=\"vorname\" aria-required=\"true\" aria-invalid=\"false\" value=\"\" type=\"text\" name=\"vorname\" \/><\/span>\n\t\t\t<\/p>\n\t\t<\/div>\n\t\t<div class=\"col-sm-12 col-md-6\">\n\t\t\t<p><label for=\"nachname\">Nom de famille<span class=\"required\">*<\/span><\/label><br \/>\n<span class=\"wpcf7-form-control-wrap\" data-name=\"nachname\"><input size=\"40\" maxlength=\"400\" class=\"wpcf7-form-control wpcf7-text wpcf7-validates-as-required\" id=\"nachname\" aria-required=\"true\" aria-invalid=\"false\" value=\"\" type=\"text\" name=\"nachname\" \/><\/span>\n\t\t\t<\/p>\n\t\t<\/div>\n\t\t<div class=\"col-sm-12 col-md-6\">\n\t\t\t<p><label for=\"adresse\">Rue et num\u00e9ro<\/label><br \/>\n<span class=\"wpcf7-form-control-wrap\" data-name=\"adresse\"><input size=\"40\" maxlength=\"400\" class=\"wpcf7-form-control wpcf7-text\" id=\"adresse\" aria-invalid=\"false\" value=\"\" type=\"text\" name=\"adresse\" \/><\/span>\n\t\t\t<\/p>\n\t\t<\/div>\n\t\t<div class=\"col-sm-12 col-md-6\">\n\t\t\t<p><label  for=\"plz-ort\">Code postal et ville<\/label><br \/>\n<span class=\"wpcf7-form-control-wrap\" data-name=\"ort\"><input size=\"40\" maxlength=\"400\" class=\"wpcf7-form-control wpcf7-text\" id=\"plz-ort\" aria-invalid=\"false\" value=\"\" type=\"text\" name=\"ort\" \/><\/span>\n\t\t\t<\/p>\n\t\t<\/div>\n\t\t<div class=\"col-sm-12 col-md-6\">\n\t\t\t<p><label for=\"email\">Courrier \u00e9lectronique<span class=\"required\">*<\/span><\/label><br \/>\n<span class=\"wpcf7-form-control-wrap\" data-name=\"email\"><input size=\"40\" maxlength=\"400\" class=\"wpcf7-form-control wpcf7-email wpcf7-validates-as-required wpcf7-text wpcf7-validates-as-email\" id=\"email\" aria-required=\"true\" aria-invalid=\"false\" value=\"\" type=\"email\" name=\"email\" \/><\/span>\n\t\t\t<\/p>\n\t\t<\/div>\n\t\t<div class=\"col-sm-12 col-md-6\">\n\t\t\t<p><label for=\"telefon\">T\u00e9l\u00e9phone<\/label><br \/>\n<span class=\"wpcf7-form-control-wrap\" data-name=\"telefon\"><input size=\"40\" maxlength=\"400\" class=\"wpcf7-form-control wpcf7-tel wpcf7-text wpcf7-validates-as-tel\" id=\"telefon\" aria-invalid=\"false\" value=\"\" type=\"tel\" name=\"telefon\" \/><\/span>\n\t\t\t<\/p>\n\t\t<\/div>\n\t\t<div class=\"col-sm-12 col-md-12\">\n\t\t\t<p><label for=\"subject\">Sujet<span class=\"required\">*<\/span><\/label><br \/>\n<span class=\"wpcf7-form-control-wrap\" data-name=\"subject\"><input size=\"40\" maxlength=\"400\" class=\"wpcf7-form-control wpcf7-text wpcf7-validates-as-required\" id=\"subject\" aria-required=\"true\" aria-invalid=\"false\" value=\"\" type=\"text\" name=\"subject\" \/><\/span>\n\t\t\t<\/p>\n\t\t<\/div>\n\t\t<div class=\"col-sm-12 col-md-12\">\n\t\t\t<p><label for=\"message\">Votre message<span class=\"required\">*<\/span><\/label><br \/>\n<span class=\"wpcf7-form-control-wrap\" data-name=\"message\"><textarea cols=\"100\" rows=\"5\" maxlength=\"2000\" class=\"wpcf7-form-control wpcf7-textarea wpcf7-validates-as-required\" id=\"message\" aria-required=\"true\" aria-invalid=\"false\" name=\"message\"><\/textarea><\/span>\n\t\t\t<\/p>\n\t\t<\/div>\n\t<\/div>\n<\/div>\n<p><input class=\"wpcf7-form-control wpcf7-submit has-spinner button\" type=\"submit\" value=\"Envoyer\" \/>\n<\/p><div class=\"wpcf7-response-output\" aria-hidden=\"true\"><\/div>\n<\/form>\n<\/div>\n[\/vc_column_text][\/vc_column][\/vc_row]<\/p>\n<\/div>","protected":false},"excerpt":{"rendered":"<p>Le parc zoologique de Berne s&#8217;efforce de rendre son site Internet www.tierpark-bern.ch accessible \u00e0 tous. <\/p>\n","protected":false},"author":1,"featured_media":24678,"parent":0,"menu_order":0,"comment_status":"closed","ping_status":"closed","template":"","meta":{"_acf_changed":false,"footnotes":""},"class_list":["post-46491","page","type-page","status-publish","has-post-thumbnail","hentry"],"acf":[],"yoast_head":"<title>D\u00e9claration relative \u00e0 l\u2019accessibilit\u00e9 du site | Tierpark Bern<\/title>\n<meta name=\"description\" content=\"Le parc zoologique de Berne s&#039;efforce de rendre son site Internet www.tierpark-bern.ch accessible \u00e0 tous.\" \/>\n<meta name=\"robots\" content=\"index, follow, max-snippet:-1, max-image-preview:large, max-video-preview:-1\" \/>\n<link rel=\"canonical\" href=\"https:\/\/tierpark-bern.ch\/fr\/declaration-relative-a-laccessibilite-du-site\/\" \/>\n<meta property=\"og:locale\" content=\"fr_FR\" \/>\n<meta property=\"og:type\" content=\"article\" \/>\n<meta property=\"og:title\" content=\"D\u00e9claration relative \u00e0 l\u2019accessibilit\u00e9 du site | Tierpark Bern\" \/>\n<meta property=\"og:description\" content=\"Le parc zoologique de Berne s&#039;efforce de rendre son site Internet www.tierpark-bern.ch accessible \u00e0 tous.\" \/>\n<meta property=\"og:url\" content=\"https:\/\/tierpark-bern.ch\/fr\/declaration-relative-a-laccessibilite-du-site\/\" \/>\n<meta property=\"og:site_name\" content=\"Tierpark Bern\" \/>\n<meta property=\"article:publisher\" content=\"https:\/\/www.facebook.com\/tierparkbern\/\" \/>\n<meta property=\"article:modified_time\" content=\"2023-04-19T06:28:33+00:00\" \/>\n<meta property=\"og:image\" content=\"https:\/\/tierpark-bern.ch\/web\/app\/uploads\/2020\/07\/Wisentwald-Tierpark-Bern-8.jpg\" \/>\n\t<meta property=\"og:image:width\" content=\"2258\" \/>\n\t<meta property=\"og:image:height\" content=\"1434\" \/>\n\t<meta property=\"og:image:type\" content=\"image\/jpeg\" \/>\n<script type=\"application\/ld+json\" class=\"yoast-schema-graph\">{\"@context\":\"https:\/\/schema.org\",\"@graph\":[{\"@type\":\"WebPage\",\"@id\":\"https:\/\/tierpark-bern.ch\/fr\/declaration-relative-a-laccessibilite-du-site\/\",\"url\":\"https:\/\/tierpark-bern.ch\/fr\/declaration-relative-a-laccessibilite-du-site\/\",\"name\":\"D\u00e9claration relative \u00e0 l\u2019accessibilit\u00e9 du site | Tierpark Bern\",\"isPartOf\":{\"@id\":\"https:\/\/tierpark-bern.ch\/fr\/#website\"},\"primaryImageOfPage\":{\"@id\":\"https:\/\/tierpark-bern.ch\/fr\/declaration-relative-a-laccessibilite-du-site\/#primaryimage\"},\"image\":{\"@id\":\"https:\/\/tierpark-bern.ch\/fr\/declaration-relative-a-laccessibilite-du-site\/#primaryimage\"},\"thumbnailUrl\":\"https:\/\/tierpark-bern.ch\/web\/app\/uploads\/2020\/07\/Wisentwald-Tierpark-Bern-8.jpg\",\"datePublished\":\"2020-08-26T11:44:34+00:00\",\"dateModified\":\"2023-04-19T06:28:33+00:00\",\"description\":\"Le parc zoologique de Berne s'efforce de rendre son site Internet www.tierpark-bern.ch accessible \u00e0 tous.\",\"breadcrumb\":{\"@id\":\"https:\/\/tierpark-bern.ch\/fr\/declaration-relative-a-laccessibilite-du-site\/#breadcrumb\"},\"inLanguage\":\"fr-FR\",\"potentialAction\":[{\"@type\":\"ReadAction\",\"target\":[\"https:\/\/tierpark-bern.ch\/fr\/declaration-relative-a-laccessibilite-du-site\/\"]}]},{\"@type\":\"ImageObject\",\"inLanguage\":\"fr-FR\",\"@id\":\"https:\/\/tierpark-bern.ch\/fr\/declaration-relative-a-laccessibilite-du-site\/#primaryimage\",\"url\":\"https:\/\/tierpark-bern.ch\/web\/app\/uploads\/2020\/07\/Wisentwald-Tierpark-Bern-8.jpg\",\"contentUrl\":\"https:\/\/tierpark-bern.ch\/web\/app\/uploads\/2020\/07\/Wisentwald-Tierpark-Bern-8.jpg\",\"width\":2258,\"height\":1434,\"caption\":\"Nahaufnahme von zwei Hirschen\"},{\"@type\":\"BreadcrumbList\",\"@id\":\"https:\/\/tierpark-bern.ch\/fr\/declaration-relative-a-laccessibilite-du-site\/#breadcrumb\",\"itemListElement\":[{\"@type\":\"ListItem\",\"position\":1,\"name\":\"Home\",\"item\":\"https:\/\/tierpark-bern.ch\/fr\/home\/\"},{\"@type\":\"ListItem\",\"position\":2,\"name\":\"D\u00e9claration relative \u00e0 l\u2019accessibilit\u00e9 du site\"}]},{\"@type\":\"WebSite\",\"@id\":\"https:\/\/tierpark-bern.ch\/fr\/#website\",\"url\":\"https:\/\/tierpark-bern.ch\/fr\/\",\"name\":\"Tierpark Bern\",\"description\":\"\",\"publisher\":{\"@id\":\"https:\/\/tierpark-bern.ch\/fr\/#organization\"},\"potentialAction\":[{\"@type\":\"SearchAction\",\"target\":{\"@type\":\"EntryPoint\",\"urlTemplate\":\"https:\/\/tierpark-bern.ch\/fr\/?s={search_term_string}\"},\"query-input\":{\"@type\":\"PropertyValueSpecification\",\"valueRequired\":true,\"valueName\":\"search_term_string\"}}],\"inLanguage\":\"fr-FR\"},{\"@type\":\"Organization\",\"@id\":\"https:\/\/tierpark-bern.ch\/fr\/#organization\",\"name\":\"Tierpark Bern | D\u00e4hlh\u00f6lzli + B\u00e4renPark\",\"alternateName\":\"Tierpark Bern\",\"url\":\"https:\/\/tierpark-bern.ch\/fr\/\",\"logo\":{\"@type\":\"ImageObject\",\"inLanguage\":\"fr-FR\",\"@id\":\"https:\/\/tierpark-bern.ch\/fr\/#\/schema\/logo\/image\/\",\"url\":\"https:\/\/tierpark-bern.ch\/web\/app\/uploads\/2024\/04\/tierpark-bern-696x696-1.jpg\",\"contentUrl\":\"https:\/\/tierpark-bern.ch\/web\/app\/uploads\/2024\/04\/tierpark-bern-696x696-1.jpg\",\"width\":696,\"height\":696,\"caption\":\"Tierpark Bern | D\u00e4hlh\u00f6lzli + B\u00e4renPark\"},\"image\":{\"@id\":\"https:\/\/tierpark-bern.ch\/fr\/#\/schema\/logo\/image\/\"},\"sameAs\":[\"https:\/\/www.facebook.com\/tierparkbern\/\",\"https:\/\/x.com\/tierparkbern\",\"https:\/\/www.instagram.com\/tierparkbern\/\"]}]}<\/script>","yoast_head_json":{"title":"D\u00e9claration relative \u00e0 l\u2019accessibilit\u00e9 du site | Tierpark Bern","description":"Le parc zoologique de Berne s'efforce de rendre son site Internet www.tierpark-bern.ch accessible \u00e0 tous.","robots":{"index":"index","follow":"follow","max-snippet":"max-snippet:-1","max-image-preview":"max-image-preview:large","max-video-preview":"max-video-preview:-1"},"canonical":"https:\/\/tierpark-bern.ch\/fr\/declaration-relative-a-laccessibilite-du-site\/","og_locale":"fr_FR","og_type":"article","og_title":"D\u00e9claration relative \u00e0 l\u2019accessibilit\u00e9 du site | Tierpark Bern","og_description":"Le parc zoologique de Berne s'efforce de rendre son site Internet www.tierpark-bern.ch accessible \u00e0 tous.","og_url":"https:\/\/tierpark-bern.ch\/fr\/declaration-relative-a-laccessibilite-du-site\/","og_site_name":"Tierpark Bern","article_publisher":"https:\/\/www.facebook.com\/tierparkbern\/","article_modified_time":"2023-04-19T06:28:33+00:00","og_image":[{"width":2258,"height":1434,"url":"https:\/\/tierpark-bern.ch\/web\/app\/uploads\/2020\/07\/Wisentwald-Tierpark-Bern-8.jpg","type":"image\/jpeg"}],"schema":{"@context":"https:\/\/schema.org","@graph":[{"@type":"WebPage","@id":"https:\/\/tierpark-bern.ch\/fr\/declaration-relative-a-laccessibilite-du-site\/","url":"https:\/\/tierpark-bern.ch\/fr\/declaration-relative-a-laccessibilite-du-site\/","name":"D\u00e9claration relative \u00e0 l\u2019accessibilit\u00e9 du site | Tierpark Bern","isPartOf":{"@id":"https:\/\/tierpark-bern.ch\/fr\/#website"},"primaryImageOfPage":{"@id":"https:\/\/tierpark-bern.ch\/fr\/declaration-relative-a-laccessibilite-du-site\/#primaryimage"},"image":{"@id":"https:\/\/tierpark-bern.ch\/fr\/declaration-relative-a-laccessibilite-du-site\/#primaryimage"},"thumbnailUrl":"https:\/\/tierpark-bern.ch\/web\/app\/uploads\/2020\/07\/Wisentwald-Tierpark-Bern-8.jpg","datePublished":"2020-08-26T11:44:34+00:00","dateModified":"2023-04-19T06:28:33+00:00","description":"Le parc zoologique de Berne s'efforce de rendre son site Internet www.tierpark-bern.ch accessible \u00e0 tous.","breadcrumb":{"@id":"https:\/\/tierpark-bern.ch\/fr\/declaration-relative-a-laccessibilite-du-site\/#breadcrumb"},"inLanguage":"fr-FR","potentialAction":[{"@type":"ReadAction","target":["https:\/\/tierpark-bern.ch\/fr\/declaration-relative-a-laccessibilite-du-site\/"]}]},{"@type":"ImageObject","inLanguage":"fr-FR","@id":"https:\/\/tierpark-bern.ch\/fr\/declaration-relative-a-laccessibilite-du-site\/#primaryimage","url":"https:\/\/tierpark-bern.ch\/web\/app\/uploads\/2020\/07\/Wisentwald-Tierpark-Bern-8.jpg","contentUrl":"https:\/\/tierpark-bern.ch\/web\/app\/uploads\/2020\/07\/Wisentwald-Tierpark-Bern-8.jpg","width":2258,"height":1434,"caption":"Nahaufnahme von zwei Hirschen"},{"@type":"BreadcrumbList","@id":"https:\/\/tierpark-bern.ch\/fr\/declaration-relative-a-laccessibilite-du-site\/#breadcrumb","itemListElement":[{"@type":"ListItem","position":1,"name":"Home","item":"https:\/\/tierpark-bern.ch\/fr\/home\/"},{"@type":"ListItem","position":2,"name":"D\u00e9claration relative \u00e0 l\u2019accessibilit\u00e9 du site"}]},{"@type":"WebSite","@id":"https:\/\/tierpark-bern.ch\/fr\/#website","url":"https:\/\/tierpark-bern.ch\/fr\/","name":"Tierpark Bern","description":"","publisher":{"@id":"https:\/\/tierpark-bern.ch\/fr\/#organization"},"potentialAction":[{"@type":"SearchAction","target":{"@type":"EntryPoint","urlTemplate":"https:\/\/tierpark-bern.ch\/fr\/?s={search_term_string}"},"query-input":{"@type":"PropertyValueSpecification","valueRequired":true,"valueName":"search_term_string"}}],"inLanguage":"fr-FR"},{"@type":"Organization","@id":"https:\/\/tierpark-bern.ch\/fr\/#organization","name":"Tierpark Bern | D\u00e4hlh\u00f6lzli + B\u00e4renPark","alternateName":"Tierpark Bern","url":"https:\/\/tierpark-bern.ch\/fr\/","logo":{"@type":"ImageObject","inLanguage":"fr-FR","@id":"https:\/\/tierpark-bern.ch\/fr\/#\/schema\/logo\/image\/","url":"https:\/\/tierpark-bern.ch\/web\/app\/uploads\/2024\/04\/tierpark-bern-696x696-1.jpg","contentUrl":"https:\/\/tierpark-bern.ch\/web\/app\/uploads\/2024\/04\/tierpark-bern-696x696-1.jpg","width":696,"height":696,"caption":"Tierpark Bern | D\u00e4hlh\u00f6lzli + B\u00e4renPark"},"image":{"@id":"https:\/\/tierpark-bern.ch\/fr\/#\/schema\/logo\/image\/"},"sameAs":["https:\/\/www.facebook.com\/tierparkbern\/","https:\/\/x.com\/tierparkbern","https:\/\/www.instagram.com\/tierparkbern\/"]}]}},"_links":{"self":[{"href":"https:\/\/tierpark-bern.ch\/fr\/wp-json\/wp\/v2\/pages\/46491","targetHints":{"allow":["GET"]}}],"collection":[{"href":"https:\/\/tierpark-bern.ch\/fr\/wp-json\/wp\/v2\/pages"}],"about":[{"href":"https:\/\/tierpark-bern.ch\/fr\/wp-json\/wp\/v2\/types\/page"}],"author":[{"embeddable":true,"href":"https:\/\/tierpark-bern.ch\/fr\/wp-json\/wp\/v2\/users\/1"}],"replies":[{"embeddable":true,"href":"https:\/\/tierpark-bern.ch\/fr\/wp-json\/wp\/v2\/comments?post=46491"}],"version-history":[{"count":0,"href":"https:\/\/tierpark-bern.ch\/fr\/wp-json\/wp\/v2\/pages\/46491\/revisions"}],"wp:featuredmedia":[{"embeddable":true,"href":"https:\/\/tierpark-bern.ch\/fr\/wp-json\/wp\/v2\/media\/24678"}],"wp:attachment":[{"href":"https:\/\/tierpark-bern.ch\/fr\/wp-json\/wp\/v2\/media?parent=46491"}],"curies":[{"name":"wp","href":"https:\/\/api.w.org\/{rel}","templated":true}]}}