{"id":46497,"date":"2020-08-19T15:11:27","date_gmt":"2020-08-19T13:11:27","guid":{"rendered":"https:\/\/tierpark-bern.ch\/unterstuetzen\/"},"modified":"2023-04-19T08:35:34","modified_gmt":"2023-04-19T06:35:34","slug":"soutenir","status":"publish","type":"page","link":"https:\/\/tierpark-bern.ch\/fr\/soutenir\/","title":{"rendered":"Soutenir"},"content":{"rendered":"<div class=\"wpb-content-wrapper\"><p>[vc_row][vc_column][vc_column_text]<\/p>\n<h1>Toute aide compte!<\/h1>\n<p>Le parc zoologique de Berne s&#8217;efforce de rendre la vie des animaux aussi proche de la nature, adapt\u00e9e \u00e0 leur esp\u00e8ce et int\u00e9ressante que possible. Des am\u00e9liorations dans la d\u00e9tention des animaux sont toutefois toujours possibles, mais elles co\u00fbtent de l&#8217;argent. L&#8217;aide apport\u00e9e au parc zoologique de Berne, qu&#8217;elle provienne de particuliers ou d&#8217;entreprises, permet non seulement d&#8217;am\u00e9liorer la d\u00e9tention des animaux, mais aussi de rapprocher le plus grand nombre possible de personnes de la nature et de leur faire d\u00e9couvrir le monde animal et ses interactions. Il existe de nombreuses possibilit\u00e9s de soutenir le parc zoologique de Berne. Avec un <a href=\"https:\/\/tierpark-bern.ch\/fr\/soutenir\/parrainages-danimaux\/\">Parrainage<\/a>, d&#8217;une adh\u00e9sion au <a href=\"https:\/\/tierpark-bern.ch\/fr\/soutenir\/association-des-amis-du-zoo-de-berne\/\">Tierparkverein Bern<\/a>, avec l&#8217;acquisition d&#8217;un <a href=\"https:\/\/shop.e-guma.ch\/tierpark-bern\/de\/gutscheine\" target=\"_blank\" rel=\"noopener\">Bon d&#8217;achat<\/a>,\u00a0en faisant un don direct au <a href=\"https:\/\/tierpark-bern.ch\/fr\/soutenir\/spenden\/\">Fonds Gabus<\/a> ou le\u00a0<a href=\"https:\/\/tierpark-bern.ch\/fr\/soutenir\/naturschutzfranken\/\">Fonds de protection de la nature et des esp\u00e8ces.<\/a> Nous sommes tr\u00e8s heureux si vous souhaitez vous aussi soutenir le parc zoologique de Berne et ses habitants.[\/vc_column_text][\/vc_column][\/vc_row][vc_row css=&#8221;.vc_custom_1633522446455{margin-right: 0px !important;margin-left: 0px !important;padding-top: 35px !important;padding-right: 30px !important;padding-bottom: 35px !important;padding-left: 30px !important;background-color: #e5efee !important;}&#8221; el_class=&#8221;page-unterstuetzen-section&#8221;][vc_column css=&#8221;.vc_custom_1633522344364{padding-top: 0px !important;}&#8221; el_class=&#8221;zoo-wrapper&#8221;][vc_row_inner equal_height=&#8221;yes&#8221; gap=&#8221;30&#8243;][vc_column_inner width=&#8221;1\/3&#8243; css=&#8221;.vc_custom_1630584880640{padding-top: 0px !important;padding-right: 0px !important;padding-bottom: 0px !important;padding-left: 0px !important;background-color: #45a1b5 !important;}&#8221;][vc_single_image image=&#8221;54103&#8243; img_size=&#8221;540 x 320&#8243; alignment=&#8221;center&#8221; onclick=&#8221;custom_link&#8221; link=&#8221;https:\/\/tierpark-bern.ch\/fr\/soutenir\/spenden\/&#8221;][vc_column_text css=&#8221;.vc_custom_1679991726545{padding-right: 30px !important;padding-left: 30px !important;}&#8221;]<\/p>\n<div class=\"zoo-news-section\">\n<h2>Dons<\/h2>\n<p>Le fonds Gabus est g\u00e9r\u00e9 par l&#8217;administration des finances et l&#8217;argent de ce fonds est \u00e0 100 % \u00e0 la disposition des animaux et des installations du parc zoologique de Berne.<\/p>\n<\/div>\n<p>[\/vc_column_text][vc_btn title=&#8221;Faire un don maintenant&#8221; style=&#8221;flat&#8221; shape=&#8221;square&#8221; color=&#8221;white&#8221; size=&#8221;lg&#8221; i_align=&#8221;right&#8221; i_icon_fontawesome=&#8221;fas fa-arrow-right&#8221; add_icon=&#8221;true&#8221; link=&#8221;url:https%3A%2F%2Ftierpark-bern.ch%2Ffr%2Fsoutenir%2Fspenden%2F&#8221; el_class=&#8221;btn-zoo&#8221; css=&#8221;.vc_custom_1679991700501{padding-right: 30px !important;padding-left: 30px !important;}&#8221;][\/vc_column_inner][vc_column_inner width=&#8221;1\/3&#8243; css=&#8221;.vc_custom_1630585001701{padding-top: 0px !important;padding-right: 0px !important;padding-bottom: 0px !important;padding-left: 0px !important;background-color: #45a1b5 !important;}&#8221;][vc_single_image image=&#8221;54273&#8243; img_size=&#8221;540 x 320&#8243; alignment=&#8221;center&#8221; onclick=&#8221;custom_link&#8221; link=&#8221;https:\/\/tierpark-bern.ch\/fr\/soutenir\/naturschutzfranken\/&#8221;][vc_column_text css=&#8221;.vc_custom_1679991662387{padding-right: 30px !important;padding-left: 30px !important;}&#8221;]<\/p>\n<div class=\"zoo-news-section\">\n<h2>Naturschutzfranken<\/h2>\n<p>Le franc de protection de la nature est vers\u00e9 dans le pot du fonds de protection de la nature et des esp\u00e8ces. Le fonds est g\u00e9r\u00e9 par l&#8217;administration des finances et l&#8217;argent est \u00e0 100 % \u00e0 la disposition du parc zoologique de Berne.<\/p>\n<\/div>\n<p>[\/vc_column_text][vc_btn title=&#8221;Faire un don maintenant&#8221; style=&#8221;flat&#8221; shape=&#8221;square&#8221; color=&#8221;white&#8221; size=&#8221;lg&#8221; i_align=&#8221;right&#8221; i_icon_fontawesome=&#8221;fas fa-arrow-right&#8221; add_icon=&#8221;true&#8221; link=&#8221;url:https%3A%2F%2Ftierpark-bern.ch%2Ffr%2Fsoutenir%2Fnaturschutzfranken%2F&#8221; el_class=&#8221;btn-zoo&#8221; css=&#8221;.vc_custom_1679991605264{padding-right: 30px !important;padding-left: 30px !important;}&#8221;][\/vc_column_inner][vc_column_inner width=&#8221;1\/3&#8243; css=&#8221;.vc_custom_1630584994746{padding-top: 0px !important;padding-right: 0px !important;padding-bottom: 0px !important;padding-left: 0px !important;background-color: #45a1b5 !important;}&#8221;][vc_single_image image=&#8221;52683&#8243; img_size=&#8221;540 x 320&#8243; alignment=&#8221;center&#8221; onclick=&#8221;custom_link&#8221; link=&#8221;https:\/\/tierpark-bern.ch\/fr\/soutenir\/parrainages-danimaux\/&#8221;][vc_column_text css=&#8221;.vc_custom_1660737086965{padding-right: 30px !important;padding-left: 30px !important;}&#8221;]<\/p>\n<div class=\"zoo-news-section\">\n<h2>Parrainages<\/h2>\n<p>En faisant un parrainage, vous aidez le parc zoologique de Berne \u00e0 d\u00e9tenir les animaux de mani\u00e8re conforme \u00e0 leurs besoins dans un environnement presque naturel, et vous recevrez un certificat de parrainage.<\/p>\n<\/div>\n<p>[\/vc_column_text][vc_btn title=&#8221;Parrainages&#8221; style=&#8221;flat&#8221; shape=&#8221;square&#8221; color=&#8221;white&#8221; size=&#8221;lg&#8221; i_align=&#8221;right&#8221; i_icon_fontawesome=&#8221;fas fa-arrow-right&#8221; add_icon=&#8221;true&#8221; link=&#8221;url:https%3A%2F%2Ftierpark-bern.ch%2Ffr%2Fsoutenir%2Fparrainages-danimaux%2F&#8221; el_class=&#8221;btn-zoo&#8221; css=&#8221;.vc_custom_1660781612413{padding-right: 30px !important;padding-left: 30px !important;}&#8221;][\/vc_column_inner][\/vc_row_inner][vc_row_inner equal_height=&#8221;yes&#8221; gap=&#8221;30&#8243;][vc_column_inner width=&#8221;1\/3&#8243; css=&#8221;.vc_custom_1630585022708{padding-top: 0px !important;padding-right: 0px !important;padding-bottom: 0px !important;padding-left: 0px !important;background-color: #45a1b5 !important;}&#8221;][vc_single_image image=&#8221;23269&#8243; img_size=&#8221;540 x 320&#8243; alignment=&#8221;center&#8221; onclick=&#8221;custom_link&#8221; link=&#8221;https:\/\/tierpark-bern.ch\/fr\/soutenir\/association-des-amis-du-zoo-de-berne\/&#8221;][vc_column_text css=&#8221;.vc_custom_1660737117038{padding-right: 30px !important;padding-left: 30px !important;}&#8221;]<\/p>\n<div class=\"zoo-news-section\">\n<h2>Association des amis du zoo<\/h2>\n<p>Avec plus de 8000 membres, l\u2019Association des amis du zoo de Berne contribue au d\u00e9veloppement du parc zoologique et encourage les connaissances sur la diversit\u00e9 des esp\u00e8ces dans la nature.<\/p>\n<\/div>\n<p>[\/vc_column_text][vc_btn title=&#8221;Association des amis du zoo&#8221; style=&#8221;flat&#8221; shape=&#8221;square&#8221; color=&#8221;white&#8221; size=&#8221;lg&#8221; i_align=&#8221;right&#8221; i_icon_fontawesome=&#8221;fas fa-arrow-right&#8221; add_icon=&#8221;true&#8221; link=&#8221;url:https%3A%2F%2Ftierpark-bern.ch%2Ffr%2Fsoutenir%2Fassociation-des-amis-du-zoo-de-berne%2F&#8221; el_class=&#8221;btn-zoo&#8221; css=&#8221;.vc_custom_1660781632853{padding-right: 30px !important;padding-left: 30px !important;}&#8221;][\/vc_column_inner][vc_column_inner width=&#8221;1\/3&#8243; css=&#8221;.vc_custom_1630585008659{padding-top: 0px !important;padding-right: 0px !important;padding-bottom: 0px !important;padding-left: 0px !important;background-color: #45a1b5 !important;}&#8221;][vc_single_image image=&#8221;16713&#8243; img_size=&#8221;540 x 320&#8243; alignment=&#8221;center&#8221; onclick=&#8221;custom_link&#8221; link=&#8221;https:\/\/tierpark-bern.ch\/fr\/soutenir\/heritages-et-legs\/&#8221;][vc_column_text css=&#8221;.vc_custom_1660737137530{padding-right: 30px !important;padding-left: 30px !important;}&#8221;]<\/p>\n<div class=\"zoo-news-section\">\n<h2>Legs<\/h2>\n<p>Les legs et donations aident le parc zoologique de Berne \u00e0 atteindre ses objectifs au service des animaux ainsi qu\u2019en mati\u00e8re de protection de la nature et des esp\u00e8ces.<\/p>\n<\/div>\n<p>[\/vc_column_text][vc_btn title=&#8221;Legs au parc zoologique&#8221; style=&#8221;flat&#8221; shape=&#8221;square&#8221; color=&#8221;white&#8221; size=&#8221;lg&#8221; i_align=&#8221;right&#8221; i_icon_fontawesome=&#8221;fas fa-arrow-right&#8221; add_icon=&#8221;true&#8221; link=&#8221;url:https%3A%2F%2Ftierpark-bern.ch%2Ffr%2Fsoutenir%2Fheritages-et-legs%2F&#8221; el_class=&#8221;btn-zoo&#8221; css=&#8221;.vc_custom_1660781943519{padding-right: 30px !important;padding-left: 30px !important;}&#8221;][\/vc_column_inner][vc_column_inner width=&#8221;1\/3&#8243; css=&#8221;.vc_custom_1646582060995{padding-top: 0px !important;padding-right: 0px !important;padding-bottom: 0px !important;padding-left: 0px !important;background-color: #45a1b5 !important;}&#8221;][vc_single_image image=&#8221;24239&#8243; img_size=&#8221;540 x 320&#8243; alignment=&#8221;center&#8221; onclick=&#8221;custom_link&#8221; link=&#8221;https:\/\/tierpark-bern.ch\/fr\/soutenir\/partenaires-du-parc-zoologique-de-berne\/&#8221;][vc_column_text css=&#8221;.vc_custom_1660737186764{padding-right: 30px !important;padding-left: 30px !important;}&#8221;]<\/p>\n<div class=\"zoo-news-section\">\n<h2>Nos partenaires<\/h2>\n<p>Nos partenaires nous soutiennent dans notre mission de susciter l\u2019int\u00e9r\u00eat des gens pour la diversit\u00e9 de la faune et d\u2019apporter une contribution durable \u00e0 la protection des esp\u00e8ces.<\/p>\n<\/div>\n<p>[\/vc_column_text][vc_btn title=&#8221;Nos partenaires&#8221; style=&#8221;flat&#8221; shape=&#8221;square&#8221; color=&#8221;white&#8221; size=&#8221;lg&#8221; i_align=&#8221;right&#8221; i_icon_fontawesome=&#8221;fas fa-arrow-right&#8221; add_icon=&#8221;true&#8221; link=&#8221;url:https%3A%2F%2Ftierpark-bern.ch%2Ffr%2Fsoutenir%2Fpartenaires-du-parc-zoologique-de-berne%2F&#8221; el_class=&#8221;btn-zoo&#8221; css=&#8221;.vc_custom_1660781687115{padding-right: 30px !important;padding-left: 30px !important;}&#8221;][\/vc_column_inner][\/vc_row_inner][\/vc_column][\/vc_row]<\/p>\n<\/div>","protected":false},"excerpt":{"rendered":"<p>Le parc zoologique de Berne s&#8217;efforce de rendre la vie des animaux aussi proche de la nature, adapt\u00e9e \u00e0 leur esp\u00e8ce et int\u00e9ressante que possible.<\/p>\n","protected":false},"author":1,"featured_media":23267,"parent":0,"menu_order":0,"comment_status":"closed","ping_status":"closed","template":"","meta":{"_acf_changed":false,"footnotes":""},"class_list":["post-46497","page","type-page","status-publish","has-post-thumbnail","hentry"],"acf":[],"yoast_head":"<title>Soutenir | Tierpark Bern<\/title>\n<meta name=\"description\" content=\"Le parc zoologique de Berne s&#039;efforce de rendre la vie des animaux aussi proche de la nature, adapt\u00e9e \u00e0 leur esp\u00e8ce et int\u00e9ressante que possible.\" \/>\n<meta name=\"robots\" content=\"index, follow, max-snippet:-1, max-image-preview:large, max-video-preview:-1\" \/>\n<link rel=\"canonical\" href=\"https:\/\/tierpark-bern.ch\/fr\/soutenir\/\" \/>\n<meta property=\"og:locale\" content=\"fr_FR\" \/>\n<meta property=\"og:type\" content=\"article\" \/>\n<meta property=\"og:title\" content=\"Soutenir | Tierpark Bern\" \/>\n<meta property=\"og:description\" content=\"Le parc zoologique de Berne s&#039;efforce de rendre la vie des animaux aussi proche de la nature, adapt\u00e9e \u00e0 leur esp\u00e8ce et int\u00e9ressante que possible.\" \/>\n<meta property=\"og:url\" content=\"https:\/\/tierpark-bern.ch\/fr\/soutenir\/\" \/>\n<meta property=\"og:site_name\" content=\"Tierpark Bern\" \/>\n<meta property=\"article:publisher\" content=\"https:\/\/www.facebook.com\/tierparkbern\/\" \/>\n<meta property=\"article:modified_time\" content=\"2023-04-19T06:35:34+00:00\" \/>\n<meta property=\"og:image\" content=\"https:\/\/tierpark-bern.ch\/web\/app\/uploads\/2022\/02\/uhu-jungtier-tierpark-bern-10.jpg\" \/>\n\t<meta property=\"og:image:width\" content=\"1500\" \/>\n\t<meta property=\"og:image:height\" content=\"998\" \/>\n\t<meta property=\"og:image:type\" content=\"image\/jpeg\" \/>\n<script type=\"application\/ld+json\" class=\"yoast-schema-graph\">{\"@context\":\"https:\/\/schema.org\",\"@graph\":[{\"@type\":\"WebPage\",\"@id\":\"https:\/\/tierpark-bern.ch\/fr\/soutenir\/\",\"url\":\"https:\/\/tierpark-bern.ch\/fr\/soutenir\/\",\"name\":\"Soutenir | Tierpark Bern\",\"isPartOf\":{\"@id\":\"https:\/\/tierpark-bern.ch\/fr\/#website\"},\"primaryImageOfPage\":{\"@id\":\"https:\/\/tierpark-bern.ch\/fr\/soutenir\/#primaryimage\"},\"image\":{\"@id\":\"https:\/\/tierpark-bern.ch\/fr\/soutenir\/#primaryimage\"},\"thumbnailUrl\":\"https:\/\/tierpark-bern.ch\/web\/app\/uploads\/2022\/02\/uhu-jungtier-tierpark-bern-10.jpg\",\"datePublished\":\"2020-08-19T13:11:27+00:00\",\"dateModified\":\"2023-04-19T06:35:34+00:00\",\"description\":\"Le parc zoologique de Berne s'efforce de rendre la vie des animaux aussi proche de la nature, adapt\u00e9e \u00e0 leur esp\u00e8ce et int\u00e9ressante que possible.\",\"breadcrumb\":{\"@id\":\"https:\/\/tierpark-bern.ch\/fr\/soutenir\/#breadcrumb\"},\"inLanguage\":\"fr-FR\",\"potentialAction\":[{\"@type\":\"ReadAction\",\"target\":[\"https:\/\/tierpark-bern.ch\/fr\/soutenir\/\"]}]},{\"@type\":\"ImageObject\",\"inLanguage\":\"fr-FR\",\"@id\":\"https:\/\/tierpark-bern.ch\/fr\/soutenir\/#primaryimage\",\"url\":\"https:\/\/tierpark-bern.ch\/web\/app\/uploads\/2022\/02\/uhu-jungtier-tierpark-bern-10.jpg\",\"contentUrl\":\"https:\/\/tierpark-bern.ch\/web\/app\/uploads\/2022\/02\/uhu-jungtier-tierpark-bern-10.jpg\",\"width\":1500,\"height\":998,\"caption\":\"Naissances chez les grands-ducs\"},{\"@type\":\"BreadcrumbList\",\"@id\":\"https:\/\/tierpark-bern.ch\/fr\/soutenir\/#breadcrumb\",\"itemListElement\":[{\"@type\":\"ListItem\",\"position\":1,\"name\":\"Home\",\"item\":\"https:\/\/tierpark-bern.ch\/fr\/home\/\"},{\"@type\":\"ListItem\",\"position\":2,\"name\":\"Soutenir\"}]},{\"@type\":\"WebSite\",\"@id\":\"https:\/\/tierpark-bern.ch\/fr\/#website\",\"url\":\"https:\/\/tierpark-bern.ch\/fr\/\",\"name\":\"Tierpark Bern\",\"description\":\"\",\"publisher\":{\"@id\":\"https:\/\/tierpark-bern.ch\/fr\/#organization\"},\"potentialAction\":[{\"@type\":\"SearchAction\",\"target\":{\"@type\":\"EntryPoint\",\"urlTemplate\":\"https:\/\/tierpark-bern.ch\/fr\/?s={search_term_string}\"},\"query-input\":{\"@type\":\"PropertyValueSpecification\",\"valueRequired\":true,\"valueName\":\"search_term_string\"}}],\"inLanguage\":\"fr-FR\"},{\"@type\":\"Organization\",\"@id\":\"https:\/\/tierpark-bern.ch\/fr\/#organization\",\"name\":\"Tierpark Bern | D\u00e4hlh\u00f6lzli + B\u00e4renPark\",\"alternateName\":\"Tierpark Bern\",\"url\":\"https:\/\/tierpark-bern.ch\/fr\/\",\"logo\":{\"@type\":\"ImageObject\",\"inLanguage\":\"fr-FR\",\"@id\":\"https:\/\/tierpark-bern.ch\/fr\/#\/schema\/logo\/image\/\",\"url\":\"https:\/\/tierpark-bern.ch\/web\/app\/uploads\/2024\/04\/tierpark-bern-696x696-1.jpg\",\"contentUrl\":\"https:\/\/tierpark-bern.ch\/web\/app\/uploads\/2024\/04\/tierpark-bern-696x696-1.jpg\",\"width\":696,\"height\":696,\"caption\":\"Tierpark Bern | D\u00e4hlh\u00f6lzli + B\u00e4renPark\"},\"image\":{\"@id\":\"https:\/\/tierpark-bern.ch\/fr\/#\/schema\/logo\/image\/\"},\"sameAs\":[\"https:\/\/www.facebook.com\/tierparkbern\/\",\"https:\/\/x.com\/tierparkbern\",\"https:\/\/www.instagram.com\/tierparkbern\/\"]}]}<\/script>","yoast_head_json":{"title":"Soutenir | Tierpark Bern","description":"Le parc zoologique de Berne s'efforce de rendre la vie des animaux aussi proche de la nature, adapt\u00e9e \u00e0 leur esp\u00e8ce et int\u00e9ressante que possible.","robots":{"index":"index","follow":"follow","max-snippet":"max-snippet:-1","max-image-preview":"max-image-preview:large","max-video-preview":"max-video-preview:-1"},"canonical":"https:\/\/tierpark-bern.ch\/fr\/soutenir\/","og_locale":"fr_FR","og_type":"article","og_title":"Soutenir | Tierpark Bern","og_description":"Le parc zoologique de Berne s'efforce de rendre la vie des animaux aussi proche de la nature, adapt\u00e9e \u00e0 leur esp\u00e8ce et int\u00e9ressante que possible.","og_url":"https:\/\/tierpark-bern.ch\/fr\/soutenir\/","og_site_name":"Tierpark Bern","article_publisher":"https:\/\/www.facebook.com\/tierparkbern\/","article_modified_time":"2023-04-19T06:35:34+00:00","og_image":[{"width":1500,"height":998,"url":"https:\/\/tierpark-bern.ch\/web\/app\/uploads\/2022\/02\/uhu-jungtier-tierpark-bern-10.jpg","type":"image\/jpeg"}],"schema":{"@context":"https:\/\/schema.org","@graph":[{"@type":"WebPage","@id":"https:\/\/tierpark-bern.ch\/fr\/soutenir\/","url":"https:\/\/tierpark-bern.ch\/fr\/soutenir\/","name":"Soutenir | Tierpark Bern","isPartOf":{"@id":"https:\/\/tierpark-bern.ch\/fr\/#website"},"primaryImageOfPage":{"@id":"https:\/\/tierpark-bern.ch\/fr\/soutenir\/#primaryimage"},"image":{"@id":"https:\/\/tierpark-bern.ch\/fr\/soutenir\/#primaryimage"},"thumbnailUrl":"https:\/\/tierpark-bern.ch\/web\/app\/uploads\/2022\/02\/uhu-jungtier-tierpark-bern-10.jpg","datePublished":"2020-08-19T13:11:27+00:00","dateModified":"2023-04-19T06:35:34+00:00","description":"Le parc zoologique de Berne s'efforce de rendre la vie des animaux aussi proche de la nature, adapt\u00e9e \u00e0 leur esp\u00e8ce et int\u00e9ressante que possible.","breadcrumb":{"@id":"https:\/\/tierpark-bern.ch\/fr\/soutenir\/#breadcrumb"},"inLanguage":"fr-FR","potentialAction":[{"@type":"ReadAction","target":["https:\/\/tierpark-bern.ch\/fr\/soutenir\/"]}]},{"@type":"ImageObject","inLanguage":"fr-FR","@id":"https:\/\/tierpark-bern.ch\/fr\/soutenir\/#primaryimage","url":"https:\/\/tierpark-bern.ch\/web\/app\/uploads\/2022\/02\/uhu-jungtier-tierpark-bern-10.jpg","contentUrl":"https:\/\/tierpark-bern.ch\/web\/app\/uploads\/2022\/02\/uhu-jungtier-tierpark-bern-10.jpg","width":1500,"height":998,"caption":"Naissances chez les grands-ducs"},{"@type":"BreadcrumbList","@id":"https:\/\/tierpark-bern.ch\/fr\/soutenir\/#breadcrumb","itemListElement":[{"@type":"ListItem","position":1,"name":"Home","item":"https:\/\/tierpark-bern.ch\/fr\/home\/"},{"@type":"ListItem","position":2,"name":"Soutenir"}]},{"@type":"WebSite","@id":"https:\/\/tierpark-bern.ch\/fr\/#website","url":"https:\/\/tierpark-bern.ch\/fr\/","name":"Tierpark Bern","description":"","publisher":{"@id":"https:\/\/tierpark-bern.ch\/fr\/#organization"},"potentialAction":[{"@type":"SearchAction","target":{"@type":"EntryPoint","urlTemplate":"https:\/\/tierpark-bern.ch\/fr\/?s={search_term_string}"},"query-input":{"@type":"PropertyValueSpecification","valueRequired":true,"valueName":"search_term_string"}}],"inLanguage":"fr-FR"},{"@type":"Organization","@id":"https:\/\/tierpark-bern.ch\/fr\/#organization","name":"Tierpark Bern | D\u00e4hlh\u00f6lzli + B\u00e4renPark","alternateName":"Tierpark Bern","url":"https:\/\/tierpark-bern.ch\/fr\/","logo":{"@type":"ImageObject","inLanguage":"fr-FR","@id":"https:\/\/tierpark-bern.ch\/fr\/#\/schema\/logo\/image\/","url":"https:\/\/tierpark-bern.ch\/web\/app\/uploads\/2024\/04\/tierpark-bern-696x696-1.jpg","contentUrl":"https:\/\/tierpark-bern.ch\/web\/app\/uploads\/2024\/04\/tierpark-bern-696x696-1.jpg","width":696,"height":696,"caption":"Tierpark Bern | D\u00e4hlh\u00f6lzli + B\u00e4renPark"},"image":{"@id":"https:\/\/tierpark-bern.ch\/fr\/#\/schema\/logo\/image\/"},"sameAs":["https:\/\/www.facebook.com\/tierparkbern\/","https:\/\/x.com\/tierparkbern","https:\/\/www.instagram.com\/tierparkbern\/"]}]}},"_links":{"self":[{"href":"https:\/\/tierpark-bern.ch\/fr\/wp-json\/wp\/v2\/pages\/46497","targetHints":{"allow":["GET"]}}],"collection":[{"href":"https:\/\/tierpark-bern.ch\/fr\/wp-json\/wp\/v2\/pages"}],"about":[{"href":"https:\/\/tierpark-bern.ch\/fr\/wp-json\/wp\/v2\/types\/page"}],"author":[{"embeddable":true,"href":"https:\/\/tierpark-bern.ch\/fr\/wp-json\/wp\/v2\/users\/1"}],"replies":[{"embeddable":true,"href":"https:\/\/tierpark-bern.ch\/fr\/wp-json\/wp\/v2\/comments?post=46497"}],"version-history":[{"count":0,"href":"https:\/\/tierpark-bern.ch\/fr\/wp-json\/wp\/v2\/pages\/46497\/revisions"}],"wp:featuredmedia":[{"embeddable":true,"href":"https:\/\/tierpark-bern.ch\/fr\/wp-json\/wp\/v2\/media\/23267"}],"wp:attachment":[{"href":"https:\/\/tierpark-bern.ch\/fr\/wp-json\/wp\/v2\/media?parent=46497"}],"curies":[{"name":"wp","href":"https:\/\/api.w.org\/{rel}","templated":true}]}}