{"id":46517,"date":"2020-08-19T15:21:31","date_gmt":"2020-08-19T13:21:31","guid":{"rendered":"https:\/\/tierpark-bern.ch\/soutenir\/erbschaften\/"},"modified":"2022-08-17T14:10:41","modified_gmt":"2022-08-17T12:10:41","slug":"heritages-et-legs","status":"publish","type":"page","link":"https:\/\/tierpark-bern.ch\/fr\/soutenir\/heritages-et-legs\/","title":{"rendered":"H\u00e9ritages et legs"},"content":{"rendered":"<div class=\"wpb-content-wrapper\"><p>[vc_row][vc_column][vc_column_text]<\/p>\n<h1>H\u00e9ritages et legs<\/h1>\n<p>Il vaut la peine de r\u00e9gler sa succession \u00e0 l\u2019avance. Outre vos proches, vous pouvez inclure dans votre testament le parc zoologique de Berne. Vous soutiendrez ainsi la faune du parc animalier, nos activit\u00e9s de recherche ax\u00e9es sur le bien-\u00eatre animal, notre engagement pour plus de biodiversit\u00e9 ainsi que nos projets en faveur de la protection de la nature et des esp\u00e8ces.<\/p>\n<p>L\u2019argent des successions ou legs en faveur du parc zoologique de Berne est collect\u00e9 au moyen du fonds Gabus. Le fonds Gabus est g\u00e9r\u00e9 par l\u2019administration des finances, et l\u2019argent est enti\u00e8rement destin\u00e9 aux animaux et aux enclos du zoo de Berne. Le fonds Gabus b\u00e9n\u00e9ficie d\u2019une exon\u00e9ration d\u2019imp\u00f4t.<br \/>\n[\/vc_column_text][\/vc_column][\/vc_row][vc_row][vc_column][vc_column_text]<\/p>\n<h2>Vous avez encore des questions?<\/h2>\n<p>Manuela K\u00fcnzi, responsable du personnel et des finances, se tient \u00e0 votre disposition au n\u00b0 +41 31 321 15 16.[\/vc_column_text][\/vc_column][\/vc_row][vc_row][vc_column][vc_column_text]<section class=\"section no-padding-bottom page-suggestion-container\">\n            <div class=\"container\">\n                <div class=\"row bottom-50\">\n                    <div class=\"col-12\">\n                        <div class=\"heading heading--primary heading--center\">\n                            <h2 class=\"heading__title no-margin-bottom\"><span>Autres Th\u00e8mes<\/span><\/h2>\n                        <\/div>\n                    <\/div>\n                <\/div>\n                <div class=\"row\"><div class=\"col-md-6 col-xl-4 offset-xl-2\">\n                        <div class=\"service-content\" tabindex=\"0\" role=\"link\" onclick=\"suggestionLinkfunction(this);\" data-href=\"https:\/\/tierpark-bern.ch\/fr\/soutenir\/parrainages-danimaux\/\">\n                            <img decoding=\"async\" src=\"https:\/\/tierpark-bern.ch\/web\/app\/uploads\/2022\/02\/Sterna-paradisaea-2-386x230.jpg\" alt=\"\"\/>\n                                <div class=\"service-desc\">\n                                    <div class=\"vcenter\">\n                                        <div class=\"titel\">Parrainages d\u2019animaux<\/div>\n                                    <\/div>\n                                <\/div>\n                        <\/div>\n                    <\/div><div class=\"col-md-6 col-xl-4 \">\n                        <div class=\"service-content\" tabindex=\"0\" role=\"link\" onclick=\"suggestionLinkfunction(this);\" data-href=\"https:\/\/tierpark-bern.ch\/fr\/soutenir\/association-des-amis-du-zoo-de-berne\/\">\n                            <img decoding=\"async\" src=\"https:\/\/tierpark-bern.ch\/web\/app\/uploads\/2022\/02\/uhu-jungtier-tierpark-bern-14-386x230.jpg\" alt=\"\"\/>\n                                <div class=\"service-desc\">\n                                    <div class=\"vcenter\">\n                                        <div class=\"titel\">Association des amis du zoo de Berne<\/div>\n                                    <\/div>\n                                <\/div>\n                        <\/div>\n                    <\/div><\/div>\n            <\/div>\n        <\/section>[\/vc_column_text][\/vc_column][\/vc_row]<\/p>\n<\/div>","protected":false},"excerpt":{"rendered":"<p>R\u00e9gler sa propre succession est une affaire tr\u00e8s personnelle. En plus de vos proches, favorisez le parc animalier dans votre testament.<\/p>\n","protected":false},"author":1,"featured_media":21474,"parent":46497,"menu_order":0,"comment_status":"closed","ping_status":"closed","template":"","meta":{"_acf_changed":false,"footnotes":""},"class_list":["post-46517","page","type-page","status-publish","has-post-thumbnail","hentry"],"acf":[],"yoast_head":"<title>H\u00e9ritages et legs | Tierpark Bern<\/title>\n<meta name=\"description\" content=\"R\u00e9gler sa propre succession est une affaire tr\u00e8s personnelle. En plus de vos proches, favorisez le parc animalier dans votre testament.\" \/>\n<meta name=\"robots\" content=\"index, follow, max-snippet:-1, max-image-preview:large, max-video-preview:-1\" \/>\n<link rel=\"canonical\" href=\"https:\/\/tierpark-bern.ch\/fr\/soutenir\/heritages-et-legs\/\" \/>\n<meta property=\"og:locale\" content=\"fr_FR\" \/>\n<meta property=\"og:type\" content=\"article\" \/>\n<meta property=\"og:title\" content=\"H\u00e9ritages et legs | Tierpark Bern\" \/>\n<meta property=\"og:description\" content=\"R\u00e9gler sa propre succession est une affaire tr\u00e8s personnelle. En plus de vos proches, favorisez le parc animalier dans votre testament.\" \/>\n<meta property=\"og:url\" content=\"https:\/\/tierpark-bern.ch\/fr\/soutenir\/heritages-et-legs\/\" \/>\n<meta property=\"og:site_name\" content=\"Tierpark Bern\" \/>\n<meta property=\"article:publisher\" content=\"https:\/\/www.facebook.com\/tierparkbern\/\" \/>\n<meta property=\"article:modified_time\" content=\"2022-08-17T12:10:41+00:00\" \/>\n<meta property=\"og:image\" content=\"https:\/\/tierpark-bern.ch\/web\/app\/uploads\/2020\/07\/kinderzoo-im-Tierpark-Bern-19.jpg\" \/>\n\t<meta property=\"og:image:width\" content=\"1500\" \/>\n\t<meta property=\"og:image:height\" content=\"998\" \/>\n\t<meta property=\"og:image:type\" content=\"image\/jpeg\" \/>\n<script type=\"application\/ld+json\" class=\"yoast-schema-graph\">{\"@context\":\"https:\/\/schema.org\",\"@graph\":[{\"@type\":\"WebPage\",\"@id\":\"https:\/\/tierpark-bern.ch\/fr\/soutenir\/heritages-et-legs\/\",\"url\":\"https:\/\/tierpark-bern.ch\/fr\/soutenir\/heritages-et-legs\/\",\"name\":\"H\u00e9ritages et legs | Tierpark Bern\",\"isPartOf\":{\"@id\":\"https:\/\/tierpark-bern.ch\/fr\/#website\"},\"primaryImageOfPage\":{\"@id\":\"https:\/\/tierpark-bern.ch\/fr\/soutenir\/heritages-et-legs\/#primaryimage\"},\"image\":{\"@id\":\"https:\/\/tierpark-bern.ch\/fr\/soutenir\/heritages-et-legs\/#primaryimage\"},\"thumbnailUrl\":\"https:\/\/tierpark-bern.ch\/web\/app\/uploads\/2020\/07\/kinderzoo-im-Tierpark-Bern-19.jpg\",\"datePublished\":\"2020-08-19T13:21:31+00:00\",\"dateModified\":\"2022-08-17T12:10:41+00:00\",\"description\":\"R\u00e9gler sa propre succession est une affaire tr\u00e8s personnelle. En plus de vos proches, favorisez le parc animalier dans votre testament.\",\"breadcrumb\":{\"@id\":\"https:\/\/tierpark-bern.ch\/fr\/soutenir\/heritages-et-legs\/#breadcrumb\"},\"inLanguage\":\"fr-FR\",\"potentialAction\":[{\"@type\":\"ReadAction\",\"target\":[\"https:\/\/tierpark-bern.ch\/fr\/soutenir\/heritages-et-legs\/\"]}]},{\"@type\":\"ImageObject\",\"inLanguage\":\"fr-FR\",\"@id\":\"https:\/\/tierpark-bern.ch\/fr\/soutenir\/heritages-et-legs\/#primaryimage\",\"url\":\"https:\/\/tierpark-bern.ch\/web\/app\/uploads\/2020\/07\/kinderzoo-im-Tierpark-Bern-19.jpg\",\"contentUrl\":\"https:\/\/tierpark-bern.ch\/web\/app\/uploads\/2020\/07\/kinderzoo-im-Tierpark-Bern-19.jpg\",\"width\":1500,\"height\":998},{\"@type\":\"BreadcrumbList\",\"@id\":\"https:\/\/tierpark-bern.ch\/fr\/soutenir\/heritages-et-legs\/#breadcrumb\",\"itemListElement\":[{\"@type\":\"ListItem\",\"position\":1,\"name\":\"Home\",\"item\":\"https:\/\/tierpark-bern.ch\/fr\/home\/\"},{\"@type\":\"ListItem\",\"position\":2,\"name\":\"Soutenir\",\"item\":\"https:\/\/tierpark-bern.ch\/fr\/soutenir\/\"},{\"@type\":\"ListItem\",\"position\":3,\"name\":\"H\u00e9ritages et legs\"}]},{\"@type\":\"WebSite\",\"@id\":\"https:\/\/tierpark-bern.ch\/fr\/#website\",\"url\":\"https:\/\/tierpark-bern.ch\/fr\/\",\"name\":\"Tierpark Bern\",\"description\":\"\",\"publisher\":{\"@id\":\"https:\/\/tierpark-bern.ch\/fr\/#organization\"},\"potentialAction\":[{\"@type\":\"SearchAction\",\"target\":{\"@type\":\"EntryPoint\",\"urlTemplate\":\"https:\/\/tierpark-bern.ch\/fr\/?s={search_term_string}\"},\"query-input\":{\"@type\":\"PropertyValueSpecification\",\"valueRequired\":true,\"valueName\":\"search_term_string\"}}],\"inLanguage\":\"fr-FR\"},{\"@type\":\"Organization\",\"@id\":\"https:\/\/tierpark-bern.ch\/fr\/#organization\",\"name\":\"Tierpark Bern | D\u00e4hlh\u00f6lzli + B\u00e4renPark\",\"alternateName\":\"Tierpark Bern\",\"url\":\"https:\/\/tierpark-bern.ch\/fr\/\",\"logo\":{\"@type\":\"ImageObject\",\"inLanguage\":\"fr-FR\",\"@id\":\"https:\/\/tierpark-bern.ch\/fr\/#\/schema\/logo\/image\/\",\"url\":\"https:\/\/tierpark-bern.ch\/web\/app\/uploads\/2024\/04\/tierpark-bern-696x696-1.jpg\",\"contentUrl\":\"https:\/\/tierpark-bern.ch\/web\/app\/uploads\/2024\/04\/tierpark-bern-696x696-1.jpg\",\"width\":696,\"height\":696,\"caption\":\"Tierpark Bern | D\u00e4hlh\u00f6lzli + B\u00e4renPark\"},\"image\":{\"@id\":\"https:\/\/tierpark-bern.ch\/fr\/#\/schema\/logo\/image\/\"},\"sameAs\":[\"https:\/\/www.facebook.com\/tierparkbern\/\",\"https:\/\/x.com\/tierparkbern\",\"https:\/\/www.instagram.com\/tierparkbern\/\"]}]}<\/script>","yoast_head_json":{"title":"H\u00e9ritages et legs | Tierpark Bern","description":"R\u00e9gler sa propre succession est une affaire tr\u00e8s personnelle. En plus de vos proches, favorisez le parc animalier dans votre testament.","robots":{"index":"index","follow":"follow","max-snippet":"max-snippet:-1","max-image-preview":"max-image-preview:large","max-video-preview":"max-video-preview:-1"},"canonical":"https:\/\/tierpark-bern.ch\/fr\/soutenir\/heritages-et-legs\/","og_locale":"fr_FR","og_type":"article","og_title":"H\u00e9ritages et legs | Tierpark Bern","og_description":"R\u00e9gler sa propre succession est une affaire tr\u00e8s personnelle. En plus de vos proches, favorisez le parc animalier dans votre testament.","og_url":"https:\/\/tierpark-bern.ch\/fr\/soutenir\/heritages-et-legs\/","og_site_name":"Tierpark Bern","article_publisher":"https:\/\/www.facebook.com\/tierparkbern\/","article_modified_time":"2022-08-17T12:10:41+00:00","og_image":[{"width":1500,"height":998,"url":"https:\/\/tierpark-bern.ch\/web\/app\/uploads\/2020\/07\/kinderzoo-im-Tierpark-Bern-19.jpg","type":"image\/jpeg"}],"schema":{"@context":"https:\/\/schema.org","@graph":[{"@type":"WebPage","@id":"https:\/\/tierpark-bern.ch\/fr\/soutenir\/heritages-et-legs\/","url":"https:\/\/tierpark-bern.ch\/fr\/soutenir\/heritages-et-legs\/","name":"H\u00e9ritages et legs | Tierpark Bern","isPartOf":{"@id":"https:\/\/tierpark-bern.ch\/fr\/#website"},"primaryImageOfPage":{"@id":"https:\/\/tierpark-bern.ch\/fr\/soutenir\/heritages-et-legs\/#primaryimage"},"image":{"@id":"https:\/\/tierpark-bern.ch\/fr\/soutenir\/heritages-et-legs\/#primaryimage"},"thumbnailUrl":"https:\/\/tierpark-bern.ch\/web\/app\/uploads\/2020\/07\/kinderzoo-im-Tierpark-Bern-19.jpg","datePublished":"2020-08-19T13:21:31+00:00","dateModified":"2022-08-17T12:10:41+00:00","description":"R\u00e9gler sa propre succession est une affaire tr\u00e8s personnelle. En plus de vos proches, favorisez le parc animalier dans votre testament.","breadcrumb":{"@id":"https:\/\/tierpark-bern.ch\/fr\/soutenir\/heritages-et-legs\/#breadcrumb"},"inLanguage":"fr-FR","potentialAction":[{"@type":"ReadAction","target":["https:\/\/tierpark-bern.ch\/fr\/soutenir\/heritages-et-legs\/"]}]},{"@type":"ImageObject","inLanguage":"fr-FR","@id":"https:\/\/tierpark-bern.ch\/fr\/soutenir\/heritages-et-legs\/#primaryimage","url":"https:\/\/tierpark-bern.ch\/web\/app\/uploads\/2020\/07\/kinderzoo-im-Tierpark-Bern-19.jpg","contentUrl":"https:\/\/tierpark-bern.ch\/web\/app\/uploads\/2020\/07\/kinderzoo-im-Tierpark-Bern-19.jpg","width":1500,"height":998},{"@type":"BreadcrumbList","@id":"https:\/\/tierpark-bern.ch\/fr\/soutenir\/heritages-et-legs\/#breadcrumb","itemListElement":[{"@type":"ListItem","position":1,"name":"Home","item":"https:\/\/tierpark-bern.ch\/fr\/home\/"},{"@type":"ListItem","position":2,"name":"Soutenir","item":"https:\/\/tierpark-bern.ch\/fr\/soutenir\/"},{"@type":"ListItem","position":3,"name":"H\u00e9ritages et legs"}]},{"@type":"WebSite","@id":"https:\/\/tierpark-bern.ch\/fr\/#website","url":"https:\/\/tierpark-bern.ch\/fr\/","name":"Tierpark Bern","description":"","publisher":{"@id":"https:\/\/tierpark-bern.ch\/fr\/#organization"},"potentialAction":[{"@type":"SearchAction","target":{"@type":"EntryPoint","urlTemplate":"https:\/\/tierpark-bern.ch\/fr\/?s={search_term_string}"},"query-input":{"@type":"PropertyValueSpecification","valueRequired":true,"valueName":"search_term_string"}}],"inLanguage":"fr-FR"},{"@type":"Organization","@id":"https:\/\/tierpark-bern.ch\/fr\/#organization","name":"Tierpark Bern | D\u00e4hlh\u00f6lzli + B\u00e4renPark","alternateName":"Tierpark Bern","url":"https:\/\/tierpark-bern.ch\/fr\/","logo":{"@type":"ImageObject","inLanguage":"fr-FR","@id":"https:\/\/tierpark-bern.ch\/fr\/#\/schema\/logo\/image\/","url":"https:\/\/tierpark-bern.ch\/web\/app\/uploads\/2024\/04\/tierpark-bern-696x696-1.jpg","contentUrl":"https:\/\/tierpark-bern.ch\/web\/app\/uploads\/2024\/04\/tierpark-bern-696x696-1.jpg","width":696,"height":696,"caption":"Tierpark Bern | D\u00e4hlh\u00f6lzli + B\u00e4renPark"},"image":{"@id":"https:\/\/tierpark-bern.ch\/fr\/#\/schema\/logo\/image\/"},"sameAs":["https:\/\/www.facebook.com\/tierparkbern\/","https:\/\/x.com\/tierparkbern","https:\/\/www.instagram.com\/tierparkbern\/"]}]}},"_links":{"self":[{"href":"https:\/\/tierpark-bern.ch\/fr\/wp-json\/wp\/v2\/pages\/46517","targetHints":{"allow":["GET"]}}],"collection":[{"href":"https:\/\/tierpark-bern.ch\/fr\/wp-json\/wp\/v2\/pages"}],"about":[{"href":"https:\/\/tierpark-bern.ch\/fr\/wp-json\/wp\/v2\/types\/page"}],"author":[{"embeddable":true,"href":"https:\/\/tierpark-bern.ch\/fr\/wp-json\/wp\/v2\/users\/1"}],"replies":[{"embeddable":true,"href":"https:\/\/tierpark-bern.ch\/fr\/wp-json\/wp\/v2\/comments?post=46517"}],"version-history":[{"count":0,"href":"https:\/\/tierpark-bern.ch\/fr\/wp-json\/wp\/v2\/pages\/46517\/revisions"}],"up":[{"embeddable":true,"href":"https:\/\/tierpark-bern.ch\/fr\/wp-json\/wp\/v2\/pages\/46497"}],"wp:featuredmedia":[{"embeddable":true,"href":"https:\/\/tierpark-bern.ch\/fr\/wp-json\/wp\/v2\/media\/21474"}],"wp:attachment":[{"href":"https:\/\/tierpark-bern.ch\/fr\/wp-json\/wp\/v2\/media?parent=46517"}],"curies":[{"name":"wp","href":"https:\/\/api.w.org\/{rel}","templated":true}]}}