{"id":46522,"date":"2020-09-16T09:32:09","date_gmt":"2020-09-16T07:32:09","guid":{"rendered":"https:\/\/tierpark-bern.ch\/soutenir\/parrainages-danimaux\/patentier-news\/"},"modified":"2023-07-04T08:40:07","modified_gmt":"2023-07-04T06:40:07","slug":"news-sur-les-parrainages","status":"publish","type":"page","link":"https:\/\/tierpark-bern.ch\/fr\/soutenir\/parrainages-danimaux\/news-sur-les-parrainages\/","title":{"rendered":"News sur les parrainages"},"content":{"rendered":"<div class=\"wpb-content-wrapper\"><p>[vc_row][vc_column][vc_column_text][patentier-news-shortcode][\/vc_column_text][\/vc_column][\/vc_row]<\/p>\n<\/div>","protected":false},"excerpt":{"rendered":"<p>Vous souhaitez conna\u00eetre l&#8217;actualit\u00e9 de votre animal parrain\u00e9 ? D\u00e9couvrez maintenant l&#8217;actualit\u00e9 des animaux parrain\u00e9s au parc zoologique de Berne.<\/p>\n","protected":false},"author":1,"featured_media":24462,"parent":46149,"menu_order":0,"comment_status":"closed","ping_status":"closed","template":"","meta":{"_acf_changed":false,"footnotes":""},"class_list":["post-46522","page","type-page","status-publish","has-post-thumbnail","hentry"],"acf":[],"yoast_head":"<title>News sur les parrainages | Tierpark Bern<\/title>\n<meta name=\"description\" content=\"Vous souhaitez conna\u00eetre l&#039;actualit\u00e9 de votre animal parrain\u00e9 ? D\u00e9couvrez maintenant l&#039;actualit\u00e9 des animaux parrain\u00e9s au parc zoologique de Berne.\" \/>\n<meta name=\"robots\" content=\"index, follow, max-snippet:-1, max-image-preview:large, max-video-preview:-1\" \/>\n<link rel=\"canonical\" href=\"https:\/\/tierpark-bern.ch\/fr\/soutenir\/parrainages-danimaux\/news-sur-les-parrainages\/\" \/>\n<meta property=\"og:locale\" content=\"fr_FR\" \/>\n<meta property=\"og:type\" content=\"article\" \/>\n<meta property=\"og:title\" content=\"News sur les parrainages | Tierpark Bern\" \/>\n<meta property=\"og:description\" content=\"Vous souhaitez conna\u00eetre l&#039;actualit\u00e9 de votre animal parrain\u00e9 ? D\u00e9couvrez maintenant l&#039;actualit\u00e9 des animaux parrain\u00e9s au parc zoologique de Berne.\" \/>\n<meta property=\"og:url\" content=\"https:\/\/tierpark-bern.ch\/fr\/soutenir\/parrainages-danimaux\/news-sur-les-parrainages\/\" \/>\n<meta property=\"og:site_name\" content=\"Tierpark Bern\" \/>\n<meta property=\"article:publisher\" content=\"https:\/\/www.facebook.com\/tierparkbern\/\" \/>\n<meta property=\"article:modified_time\" content=\"2023-07-04T06:40:07+00:00\" \/>\n<meta property=\"og:image\" content=\"https:\/\/tierpark-bern.ch\/web\/app\/uploads\/2020\/07\/ziesel-tierpark-bern.jpg\" \/>\n\t<meta property=\"og:image:width\" content=\"1500\" \/>\n\t<meta property=\"og:image:height\" content=\"998\" \/>\n\t<meta property=\"og:image:type\" content=\"image\/jpeg\" \/>\n<script type=\"application\/ld+json\" class=\"yoast-schema-graph\">{\"@context\":\"https:\/\/schema.org\",\"@graph\":[{\"@type\":\"WebPage\",\"@id\":\"https:\/\/tierpark-bern.ch\/fr\/soutenir\/parrainages-danimaux\/news-sur-les-parrainages\/\",\"url\":\"https:\/\/tierpark-bern.ch\/fr\/soutenir\/parrainages-danimaux\/news-sur-les-parrainages\/\",\"name\":\"News sur les parrainages | Tierpark Bern\",\"isPartOf\":{\"@id\":\"https:\/\/tierpark-bern.ch\/fr\/#website\"},\"primaryImageOfPage\":{\"@id\":\"https:\/\/tierpark-bern.ch\/fr\/soutenir\/parrainages-danimaux\/news-sur-les-parrainages\/#primaryimage\"},\"image\":{\"@id\":\"https:\/\/tierpark-bern.ch\/fr\/soutenir\/parrainages-danimaux\/news-sur-les-parrainages\/#primaryimage\"},\"thumbnailUrl\":\"https:\/\/tierpark-bern.ch\/web\/app\/uploads\/2020\/07\/ziesel-tierpark-bern.jpg\",\"datePublished\":\"2020-09-16T07:32:09+00:00\",\"dateModified\":\"2023-07-04T06:40:07+00:00\",\"description\":\"Vous souhaitez conna\u00eetre l'actualit\u00e9 de votre animal parrain\u00e9 ? D\u00e9couvrez maintenant l'actualit\u00e9 des animaux parrain\u00e9s au parc zoologique de Berne.\",\"breadcrumb\":{\"@id\":\"https:\/\/tierpark-bern.ch\/fr\/soutenir\/parrainages-danimaux\/news-sur-les-parrainages\/#breadcrumb\"},\"inLanguage\":\"fr-FR\",\"potentialAction\":[{\"@type\":\"ReadAction\",\"target\":[\"https:\/\/tierpark-bern.ch\/fr\/soutenir\/parrainages-danimaux\/news-sur-les-parrainages\/\"]}]},{\"@type\":\"ImageObject\",\"inLanguage\":\"fr-FR\",\"@id\":\"https:\/\/tierpark-bern.ch\/fr\/soutenir\/parrainages-danimaux\/news-sur-les-parrainages\/#primaryimage\",\"url\":\"https:\/\/tierpark-bern.ch\/web\/app\/uploads\/2020\/07\/ziesel-tierpark-bern.jpg\",\"contentUrl\":\"https:\/\/tierpark-bern.ch\/web\/app\/uploads\/2020\/07\/ziesel-tierpark-bern.jpg\",\"width\":1500,\"height\":998,\"caption\":\"1\"},{\"@type\":\"BreadcrumbList\",\"@id\":\"https:\/\/tierpark-bern.ch\/fr\/soutenir\/parrainages-danimaux\/news-sur-les-parrainages\/#breadcrumb\",\"itemListElement\":[{\"@type\":\"ListItem\",\"position\":1,\"name\":\"Home\",\"item\":\"https:\/\/tierpark-bern.ch\/fr\/home\/\"},{\"@type\":\"ListItem\",\"position\":2,\"name\":\"Soutenir\",\"item\":\"https:\/\/tierpark-bern.ch\/fr\/soutenir\/\"},{\"@type\":\"ListItem\",\"position\":3,\"name\":\"Parrainages d\u2019animaux\",\"item\":\"https:\/\/tierpark-bern.ch\/fr\/soutenir\/parrainages-danimaux\/\"},{\"@type\":\"ListItem\",\"position\":4,\"name\":\"News sur les parrainages\"}]},{\"@type\":\"WebSite\",\"@id\":\"https:\/\/tierpark-bern.ch\/fr\/#website\",\"url\":\"https:\/\/tierpark-bern.ch\/fr\/\",\"name\":\"Tierpark Bern\",\"description\":\"\",\"publisher\":{\"@id\":\"https:\/\/tierpark-bern.ch\/fr\/#organization\"},\"potentialAction\":[{\"@type\":\"SearchAction\",\"target\":{\"@type\":\"EntryPoint\",\"urlTemplate\":\"https:\/\/tierpark-bern.ch\/fr\/?s={search_term_string}\"},\"query-input\":{\"@type\":\"PropertyValueSpecification\",\"valueRequired\":true,\"valueName\":\"search_term_string\"}}],\"inLanguage\":\"fr-FR\"},{\"@type\":\"Organization\",\"@id\":\"https:\/\/tierpark-bern.ch\/fr\/#organization\",\"name\":\"Tierpark Bern | D\u00e4hlh\u00f6lzli + B\u00e4renPark\",\"alternateName\":\"Tierpark Bern\",\"url\":\"https:\/\/tierpark-bern.ch\/fr\/\",\"logo\":{\"@type\":\"ImageObject\",\"inLanguage\":\"fr-FR\",\"@id\":\"https:\/\/tierpark-bern.ch\/fr\/#\/schema\/logo\/image\/\",\"url\":\"https:\/\/tierpark-bern.ch\/web\/app\/uploads\/2024\/04\/tierpark-bern-696x696-1.jpg\",\"contentUrl\":\"https:\/\/tierpark-bern.ch\/web\/app\/uploads\/2024\/04\/tierpark-bern-696x696-1.jpg\",\"width\":696,\"height\":696,\"caption\":\"Tierpark Bern | D\u00e4hlh\u00f6lzli + B\u00e4renPark\"},\"image\":{\"@id\":\"https:\/\/tierpark-bern.ch\/fr\/#\/schema\/logo\/image\/\"},\"sameAs\":[\"https:\/\/www.facebook.com\/tierparkbern\/\",\"https:\/\/x.com\/tierparkbern\",\"https:\/\/www.instagram.com\/tierparkbern\/\"]}]}<\/script>","yoast_head_json":{"title":"News sur les parrainages | Tierpark Bern","description":"Vous souhaitez conna\u00eetre l'actualit\u00e9 de votre animal parrain\u00e9 ? D\u00e9couvrez maintenant l'actualit\u00e9 des animaux parrain\u00e9s au parc zoologique de Berne.","robots":{"index":"index","follow":"follow","max-snippet":"max-snippet:-1","max-image-preview":"max-image-preview:large","max-video-preview":"max-video-preview:-1"},"canonical":"https:\/\/tierpark-bern.ch\/fr\/soutenir\/parrainages-danimaux\/news-sur-les-parrainages\/","og_locale":"fr_FR","og_type":"article","og_title":"News sur les parrainages | Tierpark Bern","og_description":"Vous souhaitez conna\u00eetre l'actualit\u00e9 de votre animal parrain\u00e9 ? D\u00e9couvrez maintenant l'actualit\u00e9 des animaux parrain\u00e9s au parc zoologique de Berne.","og_url":"https:\/\/tierpark-bern.ch\/fr\/soutenir\/parrainages-danimaux\/news-sur-les-parrainages\/","og_site_name":"Tierpark Bern","article_publisher":"https:\/\/www.facebook.com\/tierparkbern\/","article_modified_time":"2023-07-04T06:40:07+00:00","og_image":[{"width":1500,"height":998,"url":"https:\/\/tierpark-bern.ch\/web\/app\/uploads\/2020\/07\/ziesel-tierpark-bern.jpg","type":"image\/jpeg"}],"schema":{"@context":"https:\/\/schema.org","@graph":[{"@type":"WebPage","@id":"https:\/\/tierpark-bern.ch\/fr\/soutenir\/parrainages-danimaux\/news-sur-les-parrainages\/","url":"https:\/\/tierpark-bern.ch\/fr\/soutenir\/parrainages-danimaux\/news-sur-les-parrainages\/","name":"News sur les parrainages | Tierpark Bern","isPartOf":{"@id":"https:\/\/tierpark-bern.ch\/fr\/#website"},"primaryImageOfPage":{"@id":"https:\/\/tierpark-bern.ch\/fr\/soutenir\/parrainages-danimaux\/news-sur-les-parrainages\/#primaryimage"},"image":{"@id":"https:\/\/tierpark-bern.ch\/fr\/soutenir\/parrainages-danimaux\/news-sur-les-parrainages\/#primaryimage"},"thumbnailUrl":"https:\/\/tierpark-bern.ch\/web\/app\/uploads\/2020\/07\/ziesel-tierpark-bern.jpg","datePublished":"2020-09-16T07:32:09+00:00","dateModified":"2023-07-04T06:40:07+00:00","description":"Vous souhaitez conna\u00eetre l'actualit\u00e9 de votre animal parrain\u00e9 ? D\u00e9couvrez maintenant l'actualit\u00e9 des animaux parrain\u00e9s au parc zoologique de Berne.","breadcrumb":{"@id":"https:\/\/tierpark-bern.ch\/fr\/soutenir\/parrainages-danimaux\/news-sur-les-parrainages\/#breadcrumb"},"inLanguage":"fr-FR","potentialAction":[{"@type":"ReadAction","target":["https:\/\/tierpark-bern.ch\/fr\/soutenir\/parrainages-danimaux\/news-sur-les-parrainages\/"]}]},{"@type":"ImageObject","inLanguage":"fr-FR","@id":"https:\/\/tierpark-bern.ch\/fr\/soutenir\/parrainages-danimaux\/news-sur-les-parrainages\/#primaryimage","url":"https:\/\/tierpark-bern.ch\/web\/app\/uploads\/2020\/07\/ziesel-tierpark-bern.jpg","contentUrl":"https:\/\/tierpark-bern.ch\/web\/app\/uploads\/2020\/07\/ziesel-tierpark-bern.jpg","width":1500,"height":998,"caption":"1"},{"@type":"BreadcrumbList","@id":"https:\/\/tierpark-bern.ch\/fr\/soutenir\/parrainages-danimaux\/news-sur-les-parrainages\/#breadcrumb","itemListElement":[{"@type":"ListItem","position":1,"name":"Home","item":"https:\/\/tierpark-bern.ch\/fr\/home\/"},{"@type":"ListItem","position":2,"name":"Soutenir","item":"https:\/\/tierpark-bern.ch\/fr\/soutenir\/"},{"@type":"ListItem","position":3,"name":"Parrainages d\u2019animaux","item":"https:\/\/tierpark-bern.ch\/fr\/soutenir\/parrainages-danimaux\/"},{"@type":"ListItem","position":4,"name":"News sur les parrainages"}]},{"@type":"WebSite","@id":"https:\/\/tierpark-bern.ch\/fr\/#website","url":"https:\/\/tierpark-bern.ch\/fr\/","name":"Tierpark Bern","description":"","publisher":{"@id":"https:\/\/tierpark-bern.ch\/fr\/#organization"},"potentialAction":[{"@type":"SearchAction","target":{"@type":"EntryPoint","urlTemplate":"https:\/\/tierpark-bern.ch\/fr\/?s={search_term_string}"},"query-input":{"@type":"PropertyValueSpecification","valueRequired":true,"valueName":"search_term_string"}}],"inLanguage":"fr-FR"},{"@type":"Organization","@id":"https:\/\/tierpark-bern.ch\/fr\/#organization","name":"Tierpark Bern | D\u00e4hlh\u00f6lzli + B\u00e4renPark","alternateName":"Tierpark Bern","url":"https:\/\/tierpark-bern.ch\/fr\/","logo":{"@type":"ImageObject","inLanguage":"fr-FR","@id":"https:\/\/tierpark-bern.ch\/fr\/#\/schema\/logo\/image\/","url":"https:\/\/tierpark-bern.ch\/web\/app\/uploads\/2024\/04\/tierpark-bern-696x696-1.jpg","contentUrl":"https:\/\/tierpark-bern.ch\/web\/app\/uploads\/2024\/04\/tierpark-bern-696x696-1.jpg","width":696,"height":696,"caption":"Tierpark Bern | D\u00e4hlh\u00f6lzli + B\u00e4renPark"},"image":{"@id":"https:\/\/tierpark-bern.ch\/fr\/#\/schema\/logo\/image\/"},"sameAs":["https:\/\/www.facebook.com\/tierparkbern\/","https:\/\/x.com\/tierparkbern","https:\/\/www.instagram.com\/tierparkbern\/"]}]}},"_links":{"self":[{"href":"https:\/\/tierpark-bern.ch\/fr\/wp-json\/wp\/v2\/pages\/46522","targetHints":{"allow":["GET"]}}],"collection":[{"href":"https:\/\/tierpark-bern.ch\/fr\/wp-json\/wp\/v2\/pages"}],"about":[{"href":"https:\/\/tierpark-bern.ch\/fr\/wp-json\/wp\/v2\/types\/page"}],"author":[{"embeddable":true,"href":"https:\/\/tierpark-bern.ch\/fr\/wp-json\/wp\/v2\/users\/1"}],"replies":[{"embeddable":true,"href":"https:\/\/tierpark-bern.ch\/fr\/wp-json\/wp\/v2\/comments?post=46522"}],"version-history":[{"count":0,"href":"https:\/\/tierpark-bern.ch\/fr\/wp-json\/wp\/v2\/pages\/46522\/revisions"}],"up":[{"embeddable":true,"href":"https:\/\/tierpark-bern.ch\/fr\/wp-json\/wp\/v2\/pages\/46149"}],"wp:featuredmedia":[{"embeddable":true,"href":"https:\/\/tierpark-bern.ch\/fr\/wp-json\/wp\/v2\/media\/24462"}],"wp:attachment":[{"href":"https:\/\/tierpark-bern.ch\/fr\/wp-json\/wp\/v2\/media?parent=46522"}],"curies":[{"name":"wp","href":"https:\/\/api.w.org\/{rel}","templated":true}]}}