{"id":47235,"date":"2020-07-16T13:07:30","date_gmt":"2020-07-16T11:07:30","guid":{"rendered":"https:\/\/tierpark-bern.ch\/protection-de-la-nature-et-animaux\/tierlexikon\/"},"modified":"2022-09-12T16:28:26","modified_gmt":"2022-09-12T14:28:26","slug":"encyclopedie-des-animaux","status":"publish","type":"page","link":"https:\/\/tierpark-bern.ch\/fr\/protection-de-la-nature-et-animaux\/encyclopedie-des-animaux\/","title":{"rendered":"Tierlexikon"},"content":{"rendered":"<div class=\"wpb-content-wrapper\"><p>[vc_row][vc_column][vc_column_text]<\/p>\n<h1 style=\"text-align: center;\">DICTIONNAIRE DES ANIMAUX<\/h1>\n<p style=\"text-align: center;\">Parcourez notre lexique des animaux et lisez ce qu&#8217;il faut savoir sur les diff\u00e9rents animaux du zoo (en allemand uniquement).<\/p>\n<p>[\/vc_column_text][\/vc_column][\/vc_row][vc_row][vc_column][vc_column_text]<div class=\"container\">\n                <div class=\"row bottom-30 animal-filter-search\">\n                    <div class=\"offset-md-4 col-md-4 offset-md-4\">\n                        <form class=\"search-form-animal-filter\" action=\"javascript:void(0);\">\n                            <input id=\"quicksearch-tiere\" class=\"search-form__input\" type=\"search\" name=\"search\" placeholder=\"Chercher un animal\" aria-label=\"Chercher un animal\">\n                            <span class=\"search-form_filter\">\n\t\t\t\t\t\t<i class=\"fas fa-search\" aria-hidden=\"true\"><\/i>\n\t\t\t\t\t\t<\/span>\n                        <\/form>\n                    <\/div>\n                <\/div>\n                <div class=\"row bottom-40 align-items-end\">\n                    <div class=\"col-12\">\n                        <!-- filter panel start-->\n                        <nav class=\"gel-filter\" aria-label=\"Filtrer les animaux\" role=\"navigation\">\n                        <ul class=\"filter-panel animal-filter-panel\">\n                            <li class=\"filter-panel__item all__item tiere-type filter-panel__item--active\" data-tiertype=\"\" tabindex=\"0\"><span>Tous<\/span><\/li><li class=\"filter-panel__item tiere-type\" data-tiertype=\"saugetiere\" tabindex=\"0\"><span>Mammif\u00e8res<\/span><\/li><li class=\"filter-panel__item tiere-type\" data-tiertype=\"vogel\" tabindex=\"0\"><span>Oiseaux<\/span><\/li><li class=\"filter-panel__item tiere-type\" data-tiertype=\"reptilien\" tabindex=\"0\"><span>Reptiles<\/span><\/li><li class=\"filter-panel__item tiere-type\" data-tiertype=\"amphibien\" tabindex=\"0\"><span>Amphibiens<\/span><\/li><li class=\"filter-panel__item tiere-type\" data-tiertype=\"fische\" tabindex=\"0\"><span>Poissons<\/span><\/li><li class=\"filter-panel__item tiere-type\" data-tiertype=\"wirbellose\" tabindex=\"0\"><span>Invert\u00e9br\u00e9s<\/span><\/li><li class=\"filter-panel__item tiere-type\" data-tiertype=\"patentiere\" tabindex=\"0\"><span>Parrainages d\u2019animaux<\/span><\/li><\/ul>\n<\/nav>\n                        <!-- filter panel end-->\n                    <\/div>\n                <\/div>\n            <\/div>\n\n            <input type=\"hidden\" id=\"hidden-tiere-type\" name=\"hidden-tiere-type\" value=\"\">\n            <input type=\"hidden\" id=\"tiere-search-val\" name=\"tiere-search\" value=\"\"><div class=\"tierlexikon-html\"><div class=\"tierlexikon-gallery-container new-tier-load\">\n\t\t\t    <div class=\"row gallery-masonry no-gutters\"><div class=\"col-sm-6 col-lg-3 col-xl-3 gallery-masonry__item gallery-masonry__item--tierpark\">\n                            <div class=\"tier-container\" tabindex=\"0\" role=\"link\" onclick=\"tierlinkfunction(this);\" data-href=\"https:\/\/tierpark-bern.ch\/fr\/tierlexikon\/korallen\/\">\n                                <div class=\"gallery-masonry__img gallery-masonry__item--height-1\"><img decoding=\"async\" class=\"img--bg\" src=\"https:\/\/tierpark-bern.ch\/web\/app\/uploads\/2022\/08\/Korallen-Zoo-Bern-Schweiz-4422-520x400.jpg\" alt=\"Nahaufnahme einer Koralle\"\/><div class=\"population-content\"><\/div><\/div>\n\t\t\t\t\t\t\t<div class=\"gallery-masonry__description\">\n\t\t\t\t\t\t\t    <div class=\"gallery-masonry_sub_desc\"><span>Invert\u00e9br\u00e9s<\/span><span>Korallen<\/span>\n\t\t\t\t\t\t\t    <\/div>\n\t\t\t\t\t\t\t<\/div>\n\t\t\t\t\t\t<\/div>\n\t\t\t\t\t<\/div><div class=\"col-sm-6 col-lg-3 col-xl-3 gallery-masonry__item gallery-masonry__item--tierpark\">\n                            <div class=\"tier-container\" tabindex=\"0\" role=\"link\" onclick=\"tierlinkfunction(this);\" data-href=\"https:\/\/tierpark-bern.ch\/fr\/tierlexikon\/zitronen-segelflossen-doktorfisch\/\">\n                                <div class=\"gallery-masonry__img gallery-masonry__item--height-1\"><img decoding=\"async\" class=\"img--bg\" src=\"https:\/\/tierpark-bern.ch\/web\/app\/uploads\/2020\/07\/tierpark-bern-daehlhoelzli-zoo-85-520x400.jpg\" alt=\"\"\/><div class=\"population-content\"><div class=\"global-polulation-icon\"><img decoding=\"async\" src=\"https:\/\/tierpark-bern.ch\/web\/app\/themes\/tierpark-bern\/assets\/images\/leastconcern.svg\" alt=\"Least Concern (nicht gef\u00e4hrdet)\" \/><\/div><\/div><\/div>\n\t\t\t\t\t\t\t<div class=\"gallery-masonry__description\">\n\t\t\t\t\t\t\t    <div class=\"gallery-masonry_sub_desc\"><span>Poissons<\/span><span>Zitronenflossen-Doktorfisch<\/span>\n\t\t\t\t\t\t\t    <\/div>\n\t\t\t\t\t\t\t<\/div>\n\t\t\t\t\t\t<\/div>\n\t\t\t\t\t<\/div><div class=\"col-sm-6 col-lg-3 col-xl-3 gallery-masonry__item gallery-masonry__item--tierpark\">\n                            <div class=\"tier-container\" tabindex=\"0\" role=\"link\" onclick=\"tierlinkfunction(this);\" data-href=\"https:\/\/tierpark-bern.ch\/fr\/tierlexikon\/wildschwein\/\">\n                                <div class=\"gallery-masonry__img gallery-masonry__item--height-1\"><img decoding=\"async\" class=\"img--bg\" src=\"https:\/\/tierpark-bern.ch\/web\/app\/uploads\/2022\/02\/wildschwein-tierpark-bern-27-520x400.jpg\" alt=\"\"\/><div class=\"population-content\"><div class=\"local-polulation-icon\"><img decoding=\"async\" src=\"https:\/\/tierpark-bern.ch\/web\/app\/themes\/tierpark-bern\/assets\/images\/LC.png\" alt=\"LC - Least Concern (nicht gef\u00e4hrdet)\" \/><\/div><div class=\"global-polulation-icon\"><img decoding=\"async\" src=\"https:\/\/tierpark-bern.ch\/web\/app\/themes\/tierpark-bern\/assets\/images\/leastconcern.svg\" alt=\"Least Concern (nicht gef\u00e4hrdet)\" \/><\/div><\/div><\/div>\n\t\t\t\t\t\t\t<div class=\"gallery-masonry__description\">\n\t\t\t\t\t\t\t    <div class=\"gallery-masonry_sub_desc\"><span>Mammif\u00e8res<\/span><span>Wildschwein<\/span>\n\t\t\t\t\t\t\t    <\/div>\n\t\t\t\t\t\t\t<\/div>\n\t\t\t\t\t\t<\/div>\n\t\t\t\t\t<\/div><div class=\"col-sm-6 col-lg-3 col-xl-3 gallery-masonry__item gallery-masonry__item--tierpark\">\n                            <div class=\"tier-container\" tabindex=\"0\" role=\"link\" onclick=\"tierlinkfunction(this);\" data-href=\"https:\/\/tierpark-bern.ch\/fr\/tierlexikon\/grasfrosch\/\">\n                                <div class=\"gallery-masonry__img gallery-masonry__item--height-1\"><img decoding=\"async\" class=\"img--bg\" src=\"https:\/\/tierpark-bern.ch\/web\/app\/uploads\/2022\/03\/grasfrosch__T4A7520-520x400.jpg\" alt=\"Grasfrosch schaut in die Kamera\"\/><div class=\"population-content\"><div class=\"local-polulation-icon\"><img decoding=\"async\" src=\"https:\/\/tierpark-bern.ch\/web\/app\/themes\/tierpark-bern\/assets\/images\/LC.png\" alt=\"LC - Least Concern (nicht gef\u00e4hrdet)\" \/><\/div><div class=\"global-polulation-icon\"><img decoding=\"async\" src=\"https:\/\/tierpark-bern.ch\/web\/app\/themes\/tierpark-bern\/assets\/images\/leastconcern.svg\" alt=\"Least Concern (nicht gef\u00e4hrdet)\" \/><\/div><\/div><\/div>\n\t\t\t\t\t\t\t<div class=\"gallery-masonry__description\">\n\t\t\t\t\t\t\t    <div class=\"gallery-masonry_sub_desc\"><span>Amphibiens<\/span><span>Grasfrosch<\/span>\n\t\t\t\t\t\t\t    <\/div>\n\t\t\t\t\t\t\t<\/div>\n\t\t\t\t\t\t<\/div>\n\t\t\t\t\t<\/div><div class=\"col-sm-6 col-lg-3 col-xl-3 gallery-masonry__item gallery-masonry__item--tierpark\">\n                            <div class=\"tier-container\" tabindex=\"0\" role=\"link\" onclick=\"tierlinkfunction(this);\" data-href=\"https:\/\/tierpark-bern.ch\/fr\/tierlexikon\/ussurischer-braunbaer\/\">\n                                <div class=\"gallery-masonry__img gallery-masonry__item--height-1\"><img decoding=\"async\" class=\"img--bg\" src=\"https:\/\/tierpark-bern.ch\/web\/app\/uploads\/2020\/07\/Ursus-arctos-lasiotus-ussurischer-braunbaer-4-1-520x400.jpg\" alt=\"Ussurischer Braunb\u00e4r schaut in die Kamera\"\/><div class=\"population-content\"><div class=\"local-polulation-icon\"><img decoding=\"async\" src=\"https:\/\/tierpark-bern.ch\/web\/app\/themes\/tierpark-bern\/assets\/images\/RE.png\" alt=\"RE - Extinct in Switzerland (In der Schweiz ausgestorben)\" \/><\/div><div class=\"global-polulation-icon\"><img decoding=\"async\" src=\"https:\/\/tierpark-bern.ch\/web\/app\/themes\/tierpark-bern\/assets\/images\/leastconcern.svg\" alt=\"Least Concern (nicht gef\u00e4hrdet)\" \/><\/div><\/div><\/div>\n\t\t\t\t\t\t\t<div class=\"gallery-masonry__description\">\n\t\t\t\t\t\t\t    <div class=\"gallery-masonry_sub_desc\"><span>Mammif\u00e8res<\/span><span>Ussurischer Braunb\u00e4r<\/span>\n\t\t\t\t\t\t\t    <\/div>\n\t\t\t\t\t\t\t<\/div>\n\t\t\t\t\t\t<\/div>\n\t\t\t\t\t<\/div><div class=\"col-sm-6 col-lg-3 col-xl-3 gallery-masonry__item gallery-masonry__item--tierpark\">\n                            <div class=\"tier-container\" tabindex=\"0\" role=\"link\" onclick=\"tierlinkfunction(this);\" data-href=\"https:\/\/tierpark-bern.ch\/fr\/tierlexikon\/graugans\/\">\n                                <div class=\"gallery-masonry__img gallery-masonry__item--height-1\"><img decoding=\"async\" class=\"img--bg\" src=\"https:\/\/tierpark-bern.ch\/web\/app\/uploads\/2023\/12\/graugans_T4A1842-min-520x400.jpg\" alt=\"Nahaufnahme von zwei Graug\u00e4nsen\"\/><div class=\"population-content\"><div class=\"global-polulation-icon\"><img decoding=\"async\" src=\"https:\/\/tierpark-bern.ch\/web\/app\/themes\/tierpark-bern\/assets\/images\/leastconcern.svg\" alt=\"Least Concern (nicht gef\u00e4hrdet)\" \/><\/div><\/div><\/div>\n\t\t\t\t\t\t\t<div class=\"gallery-masonry__description\">\n\t\t\t\t\t\t\t    <div class=\"gallery-masonry_sub_desc\"><span>Oiseaux<\/span><span>Graugans<\/span>\n\t\t\t\t\t\t\t    <\/div>\n\t\t\t\t\t\t\t<\/div>\n\t\t\t\t\t\t<\/div>\n\t\t\t\t\t<\/div><div class=\"col-sm-6 col-lg-3 col-xl-3 gallery-masonry__item gallery-masonry__item--tierpark\">\n                            <div class=\"tier-container\" tabindex=\"0\" role=\"link\" onclick=\"tierlinkfunction(this);\" data-href=\"https:\/\/tierpark-bern.ch\/fr\/tierlexikon\/dreistreifen-baumsteigerfrosch\/\">\n                                <div class=\"gallery-masonry__img gallery-masonry__item--height-1\"><img decoding=\"async\" class=\"img--bg\" src=\"https:\/\/tierpark-bern.ch\/web\/app\/uploads\/2020\/07\/tierpark-bern-daehlhoelzli-zoo-6-520x400.jpg\" alt=\"\"\/><div class=\"population-content\"><div class=\"global-polulation-icon\"><img decoding=\"async\" src=\"https:\/\/tierpark-bern.ch\/web\/app\/themes\/tierpark-bern\/assets\/images\/nearthreatened.svg\" alt=\"Near Threatened (gering gef\u00e4hrdet)\" \/><\/div><\/div><\/div>\n\t\t\t\t\t\t\t<div class=\"gallery-masonry__description\">\n\t\t\t\t\t\t\t    <div class=\"gallery-masonry_sub_desc\"><span>Amphibiens<\/span><span>Dreistreifen-Baumsteigerfrosch<\/span>\n\t\t\t\t\t\t\t    <\/div>\n\t\t\t\t\t\t\t<\/div>\n\t\t\t\t\t\t<\/div>\n\t\t\t\t\t<\/div><div class=\"col-sm-6 col-lg-3 col-xl-3 gallery-masonry__item gallery-masonry__item--tierpark\">\n                            <div class=\"tier-container\" tabindex=\"0\" role=\"link\" onclick=\"tierlinkfunction(this);\" data-href=\"https:\/\/tierpark-bern.ch\/fr\/tierlexikon\/breitrandschildkroete\/\">\n                                <div class=\"gallery-masonry__img gallery-masonry__item--height-1\"><img decoding=\"async\" class=\"img--bg\" src=\"https:\/\/tierpark-bern.ch\/web\/app\/uploads\/2022\/02\/breitrandschildkroete-im-tierpark-bern-40-520x400.jpg\" alt=\"Breitrandschildkr\u00f6te schaut in die Kamera\"\/><div class=\"population-content\"><div class=\"global-polulation-icon\"><img decoding=\"async\" src=\"https:\/\/tierpark-bern.ch\/web\/app\/themes\/tierpark-bern\/assets\/images\/leastconcern.svg\" alt=\"Least Concern (nicht gef\u00e4hrdet)\" \/><\/div><\/div><\/div>\n\t\t\t\t\t\t\t<div class=\"gallery-masonry__description\">\n\t\t\t\t\t\t\t    <div class=\"gallery-masonry_sub_desc\"><span>Reptiles<\/span><span>Breitrandschildkr\u00f6te<\/span>\n\t\t\t\t\t\t\t    <\/div>\n\t\t\t\t\t\t\t<\/div>\n\t\t\t\t\t\t<\/div>\n\t\t\t\t\t<\/div><\/div>\n          <\/div><\/div><div id=\"loader\" class=\"loader hidden\"><\/div><div class=\"col-12 text-center\"><div class=\"load-more-btn button button--primary button--tierpark\" data-page=\"1\" id=\"load-more-animals\" role=\"button\" tabindex=\"0\">Charger plus d'animaux<\/div><\/div>[\/vc_column_text][\/vc_column][\/vc_row]<\/p>\n<\/div>","protected":false},"excerpt":{"rendered":"<p>Durchst\u00f6bern Sie unser Tierlexikon und lesen Sie Wissenswertes \u00fcber die verschiedenen Zootiere.<\/p>\n","protected":false},"author":1,"featured_media":23918,"parent":46121,"menu_order":0,"comment_status":"closed","ping_status":"closed","template":"","meta":{"_acf_changed":false,"footnotes":""},"class_list":["post-47235","page","type-page","status-publish","has-post-thumbnail","hentry"],"acf":[],"yoast_head":"<title>Tierlexikon | Tierpark Bern<\/title>\n<meta name=\"description\" content=\"Durchst\u00f6bern Sie unser Tierlexikon und lesen Sie Wissenswertes \u00fcber die verschiedenen Zootiere im Tierpark Bern.\" \/>\n<meta name=\"robots\" content=\"index, follow, max-snippet:-1, max-image-preview:large, max-video-preview:-1\" \/>\n<link rel=\"canonical\" href=\"https:\/\/tierpark-bern.ch\/fr\/protection-de-la-nature-et-animaux\/encyclopedie-des-animaux\/\" \/>\n<meta property=\"og:locale\" content=\"fr_FR\" \/>\n<meta property=\"og:type\" content=\"article\" \/>\n<meta property=\"og:title\" content=\"Tierlexikon | Tierpark Bern\" \/>\n<meta property=\"og:description\" content=\"Durchst\u00f6bern Sie unser Tierlexikon und lesen Sie Wissenswertes \u00fcber die verschiedenen Zootiere im Tierpark Bern.\" \/>\n<meta property=\"og:url\" content=\"https:\/\/tierpark-bern.ch\/fr\/protection-de-la-nature-et-animaux\/encyclopedie-des-animaux\/\" \/>\n<meta property=\"og:site_name\" content=\"Tierpark Bern\" \/>\n<meta property=\"article:publisher\" content=\"https:\/\/www.facebook.com\/tierparkbern\/\" \/>\n<meta property=\"article:modified_time\" content=\"2022-09-12T14:28:26+00:00\" \/>\n<meta property=\"og:image\" content=\"https:\/\/tierpark-bern.ch\/web\/app\/uploads\/2020\/07\/sumpfschildkroete-auswilderung-tierpark-bern-2.jpg\" \/>\n\t<meta property=\"og:image:width\" content=\"2258\" \/>\n\t<meta property=\"og:image:height\" content=\"1494\" \/>\n\t<meta property=\"og:image:type\" content=\"image\/jpeg\" \/>\n<script type=\"application\/ld+json\" class=\"yoast-schema-graph\">{\"@context\":\"https:\/\/schema.org\",\"@graph\":[{\"@type\":\"WebPage\",\"@id\":\"https:\/\/tierpark-bern.ch\/fr\/protection-de-la-nature-et-animaux\/encyclopedie-des-animaux\/\",\"url\":\"https:\/\/tierpark-bern.ch\/fr\/protection-de-la-nature-et-animaux\/encyclopedie-des-animaux\/\",\"name\":\"Tierlexikon | Tierpark Bern\",\"isPartOf\":{\"@id\":\"https:\/\/tierpark-bern.ch\/fr\/#website\"},\"primaryImageOfPage\":{\"@id\":\"https:\/\/tierpark-bern.ch\/fr\/protection-de-la-nature-et-animaux\/encyclopedie-des-animaux\/#primaryimage\"},\"image\":{\"@id\":\"https:\/\/tierpark-bern.ch\/fr\/protection-de-la-nature-et-animaux\/encyclopedie-des-animaux\/#primaryimage\"},\"thumbnailUrl\":\"https:\/\/tierpark-bern.ch\/web\/app\/uploads\/2020\/07\/sumpfschildkroete-auswilderung-tierpark-bern-2.jpg\",\"datePublished\":\"2020-07-16T11:07:30+00:00\",\"dateModified\":\"2022-09-12T14:28:26+00:00\",\"description\":\"Durchst\u00f6bern Sie unser Tierlexikon und lesen Sie Wissenswertes \u00fcber die verschiedenen Zootiere im Tierpark Bern.\",\"breadcrumb\":{\"@id\":\"https:\/\/tierpark-bern.ch\/fr\/protection-de-la-nature-et-animaux\/encyclopedie-des-animaux\/#breadcrumb\"},\"inLanguage\":\"fr-FR\",\"potentialAction\":[{\"@type\":\"ReadAction\",\"target\":[\"https:\/\/tierpark-bern.ch\/fr\/protection-de-la-nature-et-animaux\/encyclopedie-des-animaux\/\"]}]},{\"@type\":\"ImageObject\",\"inLanguage\":\"fr-FR\",\"@id\":\"https:\/\/tierpark-bern.ch\/fr\/protection-de-la-nature-et-animaux\/encyclopedie-des-animaux\/#primaryimage\",\"url\":\"https:\/\/tierpark-bern.ch\/web\/app\/uploads\/2020\/07\/sumpfschildkroete-auswilderung-tierpark-bern-2.jpg\",\"contentUrl\":\"https:\/\/tierpark-bern.ch\/web\/app\/uploads\/2020\/07\/sumpfschildkroete-auswilderung-tierpark-bern-2.jpg\",\"width\":2258,\"height\":1494},{\"@type\":\"BreadcrumbList\",\"@id\":\"https:\/\/tierpark-bern.ch\/fr\/protection-de-la-nature-et-animaux\/encyclopedie-des-animaux\/#breadcrumb\",\"itemListElement\":[{\"@type\":\"ListItem\",\"position\":1,\"name\":\"Home\",\"item\":\"https:\/\/tierpark-bern.ch\/fr\/home\/\"},{\"@type\":\"ListItem\",\"position\":2,\"name\":\"Protection de la nature et animaux\",\"item\":\"https:\/\/tierpark-bern.ch\/fr\/protection-de-la-nature-et-animaux\/\"},{\"@type\":\"ListItem\",\"position\":3,\"name\":\"Tierlexikon\"}]},{\"@type\":\"WebSite\",\"@id\":\"https:\/\/tierpark-bern.ch\/fr\/#website\",\"url\":\"https:\/\/tierpark-bern.ch\/fr\/\",\"name\":\"Tierpark Bern\",\"description\":\"\",\"publisher\":{\"@id\":\"https:\/\/tierpark-bern.ch\/fr\/#organization\"},\"potentialAction\":[{\"@type\":\"SearchAction\",\"target\":{\"@type\":\"EntryPoint\",\"urlTemplate\":\"https:\/\/tierpark-bern.ch\/fr\/?s={search_term_string}\"},\"query-input\":{\"@type\":\"PropertyValueSpecification\",\"valueRequired\":true,\"valueName\":\"search_term_string\"}}],\"inLanguage\":\"fr-FR\"},{\"@type\":\"Organization\",\"@id\":\"https:\/\/tierpark-bern.ch\/fr\/#organization\",\"name\":\"Tierpark Bern | D\u00e4hlh\u00f6lzli + B\u00e4renPark\",\"alternateName\":\"Tierpark Bern\",\"url\":\"https:\/\/tierpark-bern.ch\/fr\/\",\"logo\":{\"@type\":\"ImageObject\",\"inLanguage\":\"fr-FR\",\"@id\":\"https:\/\/tierpark-bern.ch\/fr\/#\/schema\/logo\/image\/\",\"url\":\"https:\/\/tierpark-bern.ch\/web\/app\/uploads\/2024\/04\/tierpark-bern-696x696-1.jpg\",\"contentUrl\":\"https:\/\/tierpark-bern.ch\/web\/app\/uploads\/2024\/04\/tierpark-bern-696x696-1.jpg\",\"width\":696,\"height\":696,\"caption\":\"Tierpark Bern | D\u00e4hlh\u00f6lzli + B\u00e4renPark\"},\"image\":{\"@id\":\"https:\/\/tierpark-bern.ch\/fr\/#\/schema\/logo\/image\/\"},\"sameAs\":[\"https:\/\/www.facebook.com\/tierparkbern\/\",\"https:\/\/x.com\/tierparkbern\",\"https:\/\/www.instagram.com\/tierparkbern\/\"]}]}<\/script>","yoast_head_json":{"title":"Tierlexikon | Tierpark Bern","description":"Durchst\u00f6bern Sie unser Tierlexikon und lesen Sie Wissenswertes \u00fcber die verschiedenen Zootiere im Tierpark Bern.","robots":{"index":"index","follow":"follow","max-snippet":"max-snippet:-1","max-image-preview":"max-image-preview:large","max-video-preview":"max-video-preview:-1"},"canonical":"https:\/\/tierpark-bern.ch\/fr\/protection-de-la-nature-et-animaux\/encyclopedie-des-animaux\/","og_locale":"fr_FR","og_type":"article","og_title":"Tierlexikon | Tierpark Bern","og_description":"Durchst\u00f6bern Sie unser Tierlexikon und lesen Sie Wissenswertes \u00fcber die verschiedenen Zootiere im Tierpark Bern.","og_url":"https:\/\/tierpark-bern.ch\/fr\/protection-de-la-nature-et-animaux\/encyclopedie-des-animaux\/","og_site_name":"Tierpark Bern","article_publisher":"https:\/\/www.facebook.com\/tierparkbern\/","article_modified_time":"2022-09-12T14:28:26+00:00","og_image":[{"width":2258,"height":1494,"url":"https:\/\/tierpark-bern.ch\/web\/app\/uploads\/2020\/07\/sumpfschildkroete-auswilderung-tierpark-bern-2.jpg","type":"image\/jpeg"}],"schema":{"@context":"https:\/\/schema.org","@graph":[{"@type":"WebPage","@id":"https:\/\/tierpark-bern.ch\/fr\/protection-de-la-nature-et-animaux\/encyclopedie-des-animaux\/","url":"https:\/\/tierpark-bern.ch\/fr\/protection-de-la-nature-et-animaux\/encyclopedie-des-animaux\/","name":"Tierlexikon | Tierpark Bern","isPartOf":{"@id":"https:\/\/tierpark-bern.ch\/fr\/#website"},"primaryImageOfPage":{"@id":"https:\/\/tierpark-bern.ch\/fr\/protection-de-la-nature-et-animaux\/encyclopedie-des-animaux\/#primaryimage"},"image":{"@id":"https:\/\/tierpark-bern.ch\/fr\/protection-de-la-nature-et-animaux\/encyclopedie-des-animaux\/#primaryimage"},"thumbnailUrl":"https:\/\/tierpark-bern.ch\/web\/app\/uploads\/2020\/07\/sumpfschildkroete-auswilderung-tierpark-bern-2.jpg","datePublished":"2020-07-16T11:07:30+00:00","dateModified":"2022-09-12T14:28:26+00:00","description":"Durchst\u00f6bern Sie unser Tierlexikon und lesen Sie Wissenswertes \u00fcber die verschiedenen Zootiere im Tierpark Bern.","breadcrumb":{"@id":"https:\/\/tierpark-bern.ch\/fr\/protection-de-la-nature-et-animaux\/encyclopedie-des-animaux\/#breadcrumb"},"inLanguage":"fr-FR","potentialAction":[{"@type":"ReadAction","target":["https:\/\/tierpark-bern.ch\/fr\/protection-de-la-nature-et-animaux\/encyclopedie-des-animaux\/"]}]},{"@type":"ImageObject","inLanguage":"fr-FR","@id":"https:\/\/tierpark-bern.ch\/fr\/protection-de-la-nature-et-animaux\/encyclopedie-des-animaux\/#primaryimage","url":"https:\/\/tierpark-bern.ch\/web\/app\/uploads\/2020\/07\/sumpfschildkroete-auswilderung-tierpark-bern-2.jpg","contentUrl":"https:\/\/tierpark-bern.ch\/web\/app\/uploads\/2020\/07\/sumpfschildkroete-auswilderung-tierpark-bern-2.jpg","width":2258,"height":1494},{"@type":"BreadcrumbList","@id":"https:\/\/tierpark-bern.ch\/fr\/protection-de-la-nature-et-animaux\/encyclopedie-des-animaux\/#breadcrumb","itemListElement":[{"@type":"ListItem","position":1,"name":"Home","item":"https:\/\/tierpark-bern.ch\/fr\/home\/"},{"@type":"ListItem","position":2,"name":"Protection de la nature et animaux","item":"https:\/\/tierpark-bern.ch\/fr\/protection-de-la-nature-et-animaux\/"},{"@type":"ListItem","position":3,"name":"Tierlexikon"}]},{"@type":"WebSite","@id":"https:\/\/tierpark-bern.ch\/fr\/#website","url":"https:\/\/tierpark-bern.ch\/fr\/","name":"Tierpark Bern","description":"","publisher":{"@id":"https:\/\/tierpark-bern.ch\/fr\/#organization"},"potentialAction":[{"@type":"SearchAction","target":{"@type":"EntryPoint","urlTemplate":"https:\/\/tierpark-bern.ch\/fr\/?s={search_term_string}"},"query-input":{"@type":"PropertyValueSpecification","valueRequired":true,"valueName":"search_term_string"}}],"inLanguage":"fr-FR"},{"@type":"Organization","@id":"https:\/\/tierpark-bern.ch\/fr\/#organization","name":"Tierpark Bern | D\u00e4hlh\u00f6lzli + B\u00e4renPark","alternateName":"Tierpark Bern","url":"https:\/\/tierpark-bern.ch\/fr\/","logo":{"@type":"ImageObject","inLanguage":"fr-FR","@id":"https:\/\/tierpark-bern.ch\/fr\/#\/schema\/logo\/image\/","url":"https:\/\/tierpark-bern.ch\/web\/app\/uploads\/2024\/04\/tierpark-bern-696x696-1.jpg","contentUrl":"https:\/\/tierpark-bern.ch\/web\/app\/uploads\/2024\/04\/tierpark-bern-696x696-1.jpg","width":696,"height":696,"caption":"Tierpark Bern | D\u00e4hlh\u00f6lzli + B\u00e4renPark"},"image":{"@id":"https:\/\/tierpark-bern.ch\/fr\/#\/schema\/logo\/image\/"},"sameAs":["https:\/\/www.facebook.com\/tierparkbern\/","https:\/\/x.com\/tierparkbern","https:\/\/www.instagram.com\/tierparkbern\/"]}]}},"_links":{"self":[{"href":"https:\/\/tierpark-bern.ch\/fr\/wp-json\/wp\/v2\/pages\/47235","targetHints":{"allow":["GET"]}}],"collection":[{"href":"https:\/\/tierpark-bern.ch\/fr\/wp-json\/wp\/v2\/pages"}],"about":[{"href":"https:\/\/tierpark-bern.ch\/fr\/wp-json\/wp\/v2\/types\/page"}],"author":[{"embeddable":true,"href":"https:\/\/tierpark-bern.ch\/fr\/wp-json\/wp\/v2\/users\/1"}],"replies":[{"embeddable":true,"href":"https:\/\/tierpark-bern.ch\/fr\/wp-json\/wp\/v2\/comments?post=47235"}],"version-history":[{"count":0,"href":"https:\/\/tierpark-bern.ch\/fr\/wp-json\/wp\/v2\/pages\/47235\/revisions"}],"up":[{"embeddable":true,"href":"https:\/\/tierpark-bern.ch\/fr\/wp-json\/wp\/v2\/pages\/46121"}],"wp:featuredmedia":[{"embeddable":true,"href":"https:\/\/tierpark-bern.ch\/fr\/wp-json\/wp\/v2\/media\/23918"}],"wp:attachment":[{"href":"https:\/\/tierpark-bern.ch\/fr\/wp-json\/wp\/v2\/media?parent=47235"}],"curies":[{"name":"wp","href":"https:\/\/api.w.org\/{rel}","templated":true}]}}