{"id":48519,"date":"2021-12-02T21:29:03","date_gmt":"2021-12-02T20:29:03","guid":{"rendered":"https:\/\/tierpark-bern.ch\/ecoles\/bildung-fuer-nachhaltige-entwicklung\/"},"modified":"2022-12-21T11:00:31","modified_gmt":"2022-12-21T10:00:31","slug":"education-en-vue-dun-developpement-durable-edd","status":"publish","type":"page","link":"https:\/\/tierpark-bern.ch\/fr\/ecoles\/education-en-vue-dun-developpement-durable-edd\/","title":{"rendered":"Education en vue d\u2019un D\u00e9veloppement Durable (EDD)"},"content":{"rendered":"<div class=\"wpb-content-wrapper\"><p>[vc_row][vc_column][vc_column_text]<\/p>\n<h1>Education en vue d\u2019un D\u00e9veloppement Durable (EDD) (en allemand seulement)<\/h1>\n<p>Bildung f\u00fcr Nachhaltige Entwicklung (BNE) macht Lernen im Sinne einer nachhaltigen Entwicklung m\u00f6glich und ist darauf ausgerichtet, Kompetenzen zu erwerben, die f\u00fcr eine Beteiligung an einer \u00f6kologisch, sozial und wirtschaftlich nachhaltigen Entwicklung n\u00f6tig sind.<\/p>\n<p>Wichtigstes Ziel von BNE ist, die Lernenden zu bef\u00e4higen, sich aktiv und selbstbestimmt an der Gestaltung von Gegenwart und Zukunft zu beteiligen.<\/p>\n<p>BNE ist kein neues Fach, sondern kn\u00fcpft an viele aktuelle Theman an, die in der Schule etabliert und im Lehrplan verankert sind. BNE basiert auf einem gesamtheitlichen, systemischen Verst\u00e4ndnis der Welt und thematisiert Zusammenh\u00e4nge, wechselseitige Abh\u00e4ngigkeiten, aber auch Grenzen\u00a0 im Spannungsfeld von Umwelt, Wirtschaft, Gesellschaft und Individuum.[\/vc_column_text][\/vc_column][\/vc_row][vc_row][vc_column][vc_column_text]<\/p>\n<h2>Der Tierpark als BNE-Lernort<\/h2>\n<p>Solche Zusammenh\u00e4nge und Abh\u00e4ngigkeiten k\u00f6nnen im Tierpark Bern exemplarisch aufgezeigt und erlebbar gemacht werden. In diversen schulischen und ausserschulischen Angeboten bieten wir den Kindern direkte emotionale Begegnungen, die zum Entdecken und Ph\u00e4nomen orientierten Lernen anregen. Das Ziel ist, Kinder zu sensibilisieren und sie dazu anzuregen, isch f\u00fcr bedrohte Lebensr\u00e4ume und Tierarten einzusetzen. Dabei setzen wir den Schwerpunkt auf die Zusammenh\u00e4nge in der Natur im Sinne: Nur was wir kennen, verstehen wir, nur was wir verstehen, sch\u00e4tzen wir, nur was wir sch\u00e4tzen, lieben wir und nur was wir lieben sch\u00fctzen wir.<\/p>\n<p>An vorderster Stelle steht das direkte Erlebnis Tier, welches durch Staunen die Faszination ausl\u00f6sen und dadurch zur entsprechenden Wertsch\u00e4tzung anregen soll. Als n\u00e4chstes steht das \u00abBe-greifen\u00bb; d.h. mit geeignetem Anschauungsmaterial zum Ber\u00fchren und Vergleichen verstehen die Kinder, weshalb sich etwas im Verlauf der Evolution so entwickelt hat, wie wir es heute begegnen. In all unserem Tun wollen wir auf den Mahnfinger verzichten, sondern konzentrieren uns auf die emotionale Ebene.[\/vc_column_text][vc_column_text]<\/p>\n<h2>Schulische Angebote<\/h2>\n<p>In unserem breiten F\u00e4cher an m\u00f6glichen Schulkurs-Themen hat es diverse Angebote, die eng an die BNE ankn\u00fcpfen.<\/p>\n<p>Unser Workshop \u00abVielfalt erleben, verstehen und f\u00f6rdern\u00bb ist ganz speziell auf BNE ausgerichtet. In der Biodiversit\u00e4tswerkstatt, die wir zusammen mit dem Botanischen Garten, dem Pro Natura Zentrum Eichholz und Stadtgr\u00fcn Bern anbieten, k\u00f6nnen Sch\u00fclerinnen und Sch\u00fcler der 5. und 6. Klasse aus der Stadt Bern an vier \u00fcber das Jahr verteilten Daten der Vielfalt auf die Spur kommen. Haben Sie Interesse? Dann freuen wir uns auf Ihren Anruf.<\/p>\n<h2>Ausserschulische Angebote<\/h2>\n<p>Unser Ziel ist, f\u00fcr Kinder zwischen 3 und 16 Jahren ein jeweils stufengerechtes Angebot zu entwickeln und anzubieten:<\/p>\n<p>Die J\u00fcngsten (von 3 Jahren bis Kindergarteneintritt) nehmen wir in <a href=\"https:\/\/tierpark-bern.ch\/erlebnisse\/bildung-im-vorschulalter\/\">\u00abdi chline D\u00e4hlh\u00f6lzli Forscher\u00bb<\/a> mit auf eine nachhaltige Reise durch das D\u00e4hlh\u00f6lzli.<\/p>\n<p>Sch\u00fclerinnen und Sch\u00fcler von 9 bis 11 Jahren k\u00f6nnen im traditionellen <a href=\"https:\/\/tierpark-bern.ch\/erlebnisse\/uhu-klub\/\">Uhu Klub<\/a> w\u00e4hrend zwei Jahren den Tierpark und seine Tiere erlebnisreich kennenlernen.<\/p>\n<p>Weitere Angebote f\u00fcr Kinder zwischen 6 bis 9 Jahre und f\u00fcr Jugendliche ab 12 Jahren sind am Entstehen.[\/vc_column_text][\/vc_column][\/vc_row][vc_row][vc_column width=&#8221;1\/2&#8243;][vc_single_image image=&#8221;25094&#8243; img_size=&#8221;570&#215;379&#8243; add_caption=&#8221;yes&#8221;][\/vc_column][vc_column width=&#8221;1\/2&#8243;][vc_single_image image=&#8221;25100&#8243; img_size=&#8221;570&#215;379&#8243; add_caption=&#8221;yes&#8221;][\/vc_column][\/vc_row][vc_row][vc_column][vc_column_text]<a class=\"button button--tierpark-dark\" href=\"https:\/\/www.eda.admin.ch\/agenda2030\/fr\/home\/agenda-2030\/die-17-ziele-fuer-eine-nachhaltige-entwicklung.html\" target=\"_blank\" rel=\"noopener\">Mehr zu den 17 Zielen f\u00fcr nachhaltige Entwicklung<\/a>[\/vc_column_text][\/vc_column][\/vc_row][vc_row][vc_column][vc_column_text]<section class=\"section no-padding-bottom page-suggestion-container\">\n            <div class=\"container\">\n                <div class=\"row bottom-50\">\n                    <div class=\"col-12\">\n                        <div class=\"heading heading--primary heading--center\">\n                            <h2 class=\"heading__title no-margin-bottom\"><span>Autres Th\u00e8mes<\/span><\/h2>\n                        <\/div>\n                    <\/div>\n                <\/div>\n                <div class=\"row\"><div class=\"col-md-6 col-xl-4 \">\n                        <div class=\"service-content\" tabindex=\"0\" role=\"link\" onclick=\"suggestionLinkfunction(this);\" data-href=\"https:\/\/tierpark-bern.ch\/fr\/ecoles\/schulkurse-workshops\/\">\n                            <img decoding=\"async\" src=\"https:\/\/tierpark-bern.ch\/web\/app\/uploads\/2022\/02\/schulkurs-tierpark-bern-386x230.jpg\" alt=\"\"\/>\n                                <div class=\"service-desc\">\n                                    <div class=\"vcenter\">\n                                        <div class=\"titel\">Erlebnisse f\u00fcr Schulen<\/div>\n                                    <\/div>\n                                <\/div>\n                        <\/div>\n                    <\/div><div class=\"col-md-6 col-xl-4 \">\n                        <div class=\"service-content\" tabindex=\"0\" role=\"link\" onclick=\"suggestionLinkfunction(this);\" data-href=\"https:\/\/tierpark-bern.ch\/fr\/ecoles\/primar-und-sekundarschule\/\">\n                            <img decoding=\"async\" src=\"https:\/\/tierpark-bern.ch\/web\/app\/uploads\/2020\/08\/Zoop\u00e4dagogik-Kindergarten-Primar-Sekundarschule-386x230.png\" alt=\"\"\/>\n                                <div class=\"service-desc\">\n                                    <div class=\"vcenter\">\n                                        <div class=\"titel\">Primar und Sekundarschule<\/div>\n                                    <\/div>\n                                <\/div>\n                        <\/div>\n                    <\/div><div class=\"col-md-6 col-xl-4 \">\n                        <div class=\"service-content\" tabindex=\"0\" role=\"link\" onclick=\"suggestionLinkfunction(this);\" data-href=\"https:\/\/tierpark-bern.ch\/fr\/ecoles\/gymnasien\/\">\n                            <img decoding=\"async\" src=\"https:\/\/tierpark-bern.ch\/web\/app\/uploads\/2020\/08\/Zoop\u00e4dagogik-Gymnasien-386x230.png\" alt=\"\"\/>\n                                <div class=\"service-desc\">\n                                    <div class=\"vcenter\">\n                                        <div class=\"titel\">Gymnasien<\/div>\n                                    <\/div>\n                                <\/div>\n                        <\/div>\n                    <\/div><\/div>\n            <\/div>\n        <\/section>[\/vc_column_text][\/vc_column][\/vc_row]<\/p>\n<\/div>","protected":false},"excerpt":{"rendered":"<p>[vc_row][vc_column][vc_column_text] Education en vue d\u2019un D\u00e9veloppement Durable (EDD) (en allemand seulement) Bildung f\u00fcr Nachhaltige Entwicklung (BNE) macht Lernen im Sinne einer nachhaltigen Entwicklung m\u00f6glich und ist darauf ausgerichtet, Kompetenzen zu erwerben, die f\u00fcr eine Beteiligung an einer \u00f6kologisch, sozial und wirtschaftlich nachhaltigen Entwicklung n\u00f6tig sind. Wichtigstes Ziel von BNE ist, die Lernenden zu bef\u00e4higen, sich [&hellip;]<\/p>\n","protected":false},"author":1,"featured_media":0,"parent":47223,"menu_order":0,"comment_status":"closed","ping_status":"closed","template":"","meta":{"_acf_changed":false,"footnotes":""},"class_list":["post-48519","page","type-page","status-publish","hentry"],"acf":[],"yoast_head":"<title>Education en vue d\u2019un D\u00e9veloppement Durable (EDD) | Tierpark Bern<\/title>\n<meta name=\"description\" content=\"Wichtigstes Ziel ist, die Lernenden zu bef\u00e4higen, sich aktiv und selbstbestimmt an der Gestaltung von Gegenwart und Zukunft zu beteiligen.\" \/>\n<meta name=\"robots\" content=\"index, follow, max-snippet:-1, max-image-preview:large, max-video-preview:-1\" \/>\n<link rel=\"canonical\" href=\"https:\/\/tierpark-bern.ch\/fr\/ecoles\/education-en-vue-dun-developpement-durable-edd\/\" \/>\n<meta property=\"og:locale\" content=\"fr_FR\" \/>\n<meta property=\"og:type\" content=\"article\" \/>\n<meta property=\"og:title\" content=\"Education en vue d\u2019un D\u00e9veloppement Durable (EDD) | Tierpark Bern\" \/>\n<meta property=\"og:description\" content=\"Wichtigstes Ziel ist, die Lernenden zu bef\u00e4higen, sich aktiv und selbstbestimmt an der Gestaltung von Gegenwart und Zukunft zu beteiligen.\" \/>\n<meta property=\"og:url\" content=\"https:\/\/tierpark-bern.ch\/fr\/ecoles\/education-en-vue-dun-developpement-durable-edd\/\" \/>\n<meta property=\"og:site_name\" content=\"Tierpark Bern\" \/>\n<meta property=\"article:publisher\" content=\"https:\/\/www.facebook.com\/tierparkbern\/\" \/>\n<meta property=\"article:modified_time\" content=\"2022-12-21T10:00:31+00:00\" \/>\n<script type=\"application\/ld+json\" class=\"yoast-schema-graph\">{\"@context\":\"https:\/\/schema.org\",\"@graph\":[{\"@type\":\"WebPage\",\"@id\":\"https:\/\/tierpark-bern.ch\/fr\/ecoles\/education-en-vue-dun-developpement-durable-edd\/\",\"url\":\"https:\/\/tierpark-bern.ch\/fr\/ecoles\/education-en-vue-dun-developpement-durable-edd\/\",\"name\":\"Education en vue d\u2019un D\u00e9veloppement Durable (EDD) | Tierpark Bern\",\"isPartOf\":{\"@id\":\"https:\/\/tierpark-bern.ch\/fr\/#website\"},\"datePublished\":\"2021-12-02T20:29:03+00:00\",\"dateModified\":\"2022-12-21T10:00:31+00:00\",\"description\":\"Wichtigstes Ziel ist, die Lernenden zu bef\u00e4higen, sich aktiv und selbstbestimmt an der Gestaltung von Gegenwart und Zukunft zu beteiligen.\",\"breadcrumb\":{\"@id\":\"https:\/\/tierpark-bern.ch\/fr\/ecoles\/education-en-vue-dun-developpement-durable-edd\/#breadcrumb\"},\"inLanguage\":\"fr-FR\",\"potentialAction\":[{\"@type\":\"ReadAction\",\"target\":[\"https:\/\/tierpark-bern.ch\/fr\/ecoles\/education-en-vue-dun-developpement-durable-edd\/\"]}]},{\"@type\":\"BreadcrumbList\",\"@id\":\"https:\/\/tierpark-bern.ch\/fr\/ecoles\/education-en-vue-dun-developpement-durable-edd\/#breadcrumb\",\"itemListElement\":[{\"@type\":\"ListItem\",\"position\":1,\"name\":\"Home\",\"item\":\"https:\/\/tierpark-bern.ch\/fr\/home\/\"},{\"@type\":\"ListItem\",\"position\":2,\"name\":\"\u00c9coles\",\"item\":\"https:\/\/tierpark-bern.ch\/fr\/ecoles\/\"},{\"@type\":\"ListItem\",\"position\":3,\"name\":\"Education en vue d\u2019un D\u00e9veloppement Durable (EDD)\"}]},{\"@type\":\"WebSite\",\"@id\":\"https:\/\/tierpark-bern.ch\/fr\/#website\",\"url\":\"https:\/\/tierpark-bern.ch\/fr\/\",\"name\":\"Tierpark Bern\",\"description\":\"\",\"publisher\":{\"@id\":\"https:\/\/tierpark-bern.ch\/fr\/#organization\"},\"potentialAction\":[{\"@type\":\"SearchAction\",\"target\":{\"@type\":\"EntryPoint\",\"urlTemplate\":\"https:\/\/tierpark-bern.ch\/fr\/?s={search_term_string}\"},\"query-input\":{\"@type\":\"PropertyValueSpecification\",\"valueRequired\":true,\"valueName\":\"search_term_string\"}}],\"inLanguage\":\"fr-FR\"},{\"@type\":\"Organization\",\"@id\":\"https:\/\/tierpark-bern.ch\/fr\/#organization\",\"name\":\"Tierpark Bern | D\u00e4hlh\u00f6lzli + B\u00e4renPark\",\"alternateName\":\"Tierpark Bern\",\"url\":\"https:\/\/tierpark-bern.ch\/fr\/\",\"logo\":{\"@type\":\"ImageObject\",\"inLanguage\":\"fr-FR\",\"@id\":\"https:\/\/tierpark-bern.ch\/fr\/#\/schema\/logo\/image\/\",\"url\":\"https:\/\/tierpark-bern.ch\/web\/app\/uploads\/2024\/04\/tierpark-bern-696x696-1.jpg\",\"contentUrl\":\"https:\/\/tierpark-bern.ch\/web\/app\/uploads\/2024\/04\/tierpark-bern-696x696-1.jpg\",\"width\":696,\"height\":696,\"caption\":\"Tierpark Bern | D\u00e4hlh\u00f6lzli + B\u00e4renPark\"},\"image\":{\"@id\":\"https:\/\/tierpark-bern.ch\/fr\/#\/schema\/logo\/image\/\"},\"sameAs\":[\"https:\/\/www.facebook.com\/tierparkbern\/\",\"https:\/\/x.com\/tierparkbern\",\"https:\/\/www.instagram.com\/tierparkbern\/\"]}]}<\/script>","yoast_head_json":{"title":"Education en vue d\u2019un D\u00e9veloppement Durable (EDD) | Tierpark Bern","description":"Wichtigstes Ziel ist, die Lernenden zu bef\u00e4higen, sich aktiv und selbstbestimmt an der Gestaltung von Gegenwart und Zukunft zu beteiligen.","robots":{"index":"index","follow":"follow","max-snippet":"max-snippet:-1","max-image-preview":"max-image-preview:large","max-video-preview":"max-video-preview:-1"},"canonical":"https:\/\/tierpark-bern.ch\/fr\/ecoles\/education-en-vue-dun-developpement-durable-edd\/","og_locale":"fr_FR","og_type":"article","og_title":"Education en vue d\u2019un D\u00e9veloppement Durable (EDD) | Tierpark Bern","og_description":"Wichtigstes Ziel ist, die Lernenden zu bef\u00e4higen, sich aktiv und selbstbestimmt an der Gestaltung von Gegenwart und Zukunft zu beteiligen.","og_url":"https:\/\/tierpark-bern.ch\/fr\/ecoles\/education-en-vue-dun-developpement-durable-edd\/","og_site_name":"Tierpark Bern","article_publisher":"https:\/\/www.facebook.com\/tierparkbern\/","article_modified_time":"2022-12-21T10:00:31+00:00","schema":{"@context":"https:\/\/schema.org","@graph":[{"@type":"WebPage","@id":"https:\/\/tierpark-bern.ch\/fr\/ecoles\/education-en-vue-dun-developpement-durable-edd\/","url":"https:\/\/tierpark-bern.ch\/fr\/ecoles\/education-en-vue-dun-developpement-durable-edd\/","name":"Education en vue d\u2019un D\u00e9veloppement Durable (EDD) | Tierpark Bern","isPartOf":{"@id":"https:\/\/tierpark-bern.ch\/fr\/#website"},"datePublished":"2021-12-02T20:29:03+00:00","dateModified":"2022-12-21T10:00:31+00:00","description":"Wichtigstes Ziel ist, die Lernenden zu bef\u00e4higen, sich aktiv und selbstbestimmt an der Gestaltung von Gegenwart und Zukunft zu beteiligen.","breadcrumb":{"@id":"https:\/\/tierpark-bern.ch\/fr\/ecoles\/education-en-vue-dun-developpement-durable-edd\/#breadcrumb"},"inLanguage":"fr-FR","potentialAction":[{"@type":"ReadAction","target":["https:\/\/tierpark-bern.ch\/fr\/ecoles\/education-en-vue-dun-developpement-durable-edd\/"]}]},{"@type":"BreadcrumbList","@id":"https:\/\/tierpark-bern.ch\/fr\/ecoles\/education-en-vue-dun-developpement-durable-edd\/#breadcrumb","itemListElement":[{"@type":"ListItem","position":1,"name":"Home","item":"https:\/\/tierpark-bern.ch\/fr\/home\/"},{"@type":"ListItem","position":2,"name":"\u00c9coles","item":"https:\/\/tierpark-bern.ch\/fr\/ecoles\/"},{"@type":"ListItem","position":3,"name":"Education en vue d\u2019un D\u00e9veloppement Durable (EDD)"}]},{"@type":"WebSite","@id":"https:\/\/tierpark-bern.ch\/fr\/#website","url":"https:\/\/tierpark-bern.ch\/fr\/","name":"Tierpark Bern","description":"","publisher":{"@id":"https:\/\/tierpark-bern.ch\/fr\/#organization"},"potentialAction":[{"@type":"SearchAction","target":{"@type":"EntryPoint","urlTemplate":"https:\/\/tierpark-bern.ch\/fr\/?s={search_term_string}"},"query-input":{"@type":"PropertyValueSpecification","valueRequired":true,"valueName":"search_term_string"}}],"inLanguage":"fr-FR"},{"@type":"Organization","@id":"https:\/\/tierpark-bern.ch\/fr\/#organization","name":"Tierpark Bern | D\u00e4hlh\u00f6lzli + B\u00e4renPark","alternateName":"Tierpark Bern","url":"https:\/\/tierpark-bern.ch\/fr\/","logo":{"@type":"ImageObject","inLanguage":"fr-FR","@id":"https:\/\/tierpark-bern.ch\/fr\/#\/schema\/logo\/image\/","url":"https:\/\/tierpark-bern.ch\/web\/app\/uploads\/2024\/04\/tierpark-bern-696x696-1.jpg","contentUrl":"https:\/\/tierpark-bern.ch\/web\/app\/uploads\/2024\/04\/tierpark-bern-696x696-1.jpg","width":696,"height":696,"caption":"Tierpark Bern | D\u00e4hlh\u00f6lzli + B\u00e4renPark"},"image":{"@id":"https:\/\/tierpark-bern.ch\/fr\/#\/schema\/logo\/image\/"},"sameAs":["https:\/\/www.facebook.com\/tierparkbern\/","https:\/\/x.com\/tierparkbern","https:\/\/www.instagram.com\/tierparkbern\/"]}]}},"_links":{"self":[{"href":"https:\/\/tierpark-bern.ch\/fr\/wp-json\/wp\/v2\/pages\/48519","targetHints":{"allow":["GET"]}}],"collection":[{"href":"https:\/\/tierpark-bern.ch\/fr\/wp-json\/wp\/v2\/pages"}],"about":[{"href":"https:\/\/tierpark-bern.ch\/fr\/wp-json\/wp\/v2\/types\/page"}],"author":[{"embeddable":true,"href":"https:\/\/tierpark-bern.ch\/fr\/wp-json\/wp\/v2\/users\/1"}],"replies":[{"embeddable":true,"href":"https:\/\/tierpark-bern.ch\/fr\/wp-json\/wp\/v2\/comments?post=48519"}],"version-history":[{"count":0,"href":"https:\/\/tierpark-bern.ch\/fr\/wp-json\/wp\/v2\/pages\/48519\/revisions"}],"up":[{"embeddable":true,"href":"https:\/\/tierpark-bern.ch\/fr\/wp-json\/wp\/v2\/pages\/47223"}],"wp:attachment":[{"href":"https:\/\/tierpark-bern.ch\/fr\/wp-json\/wp\/v2\/media?parent=48519"}],"curies":[{"name":"wp","href":"https:\/\/api.w.org\/{rel}","templated":true}]}}