{"id":48552,"date":"2022-11-03T11:10:31","date_gmt":"2022-11-03T10:10:31","guid":{"rendered":"https:\/\/tierpark-bern.ch\/soutenir\/partner-im-baerenpark\/"},"modified":"2023-04-19T09:25:59","modified_gmt":"2023-04-19T07:25:59","slug":"partenaire-au-parc-des-ours","status":"publish","type":"page","link":"https:\/\/tierpark-bern.ch\/fr\/soutenir\/partenaire-au-parc-des-ours\/","title":{"rendered":"Partenaire au parc aux ours"},"content":{"rendered":"<div class=\"wpb-content-wrapper\"><p>[vc_row][vc_column][vc_column_text]<\/p>\n<h1>PARTENAIRES DU PARC AUX OURS<\/h1>\n<p>Nous remercions nos partenaires et sponsors du soutien apport\u00e9 au Parc aux ours. Gr\u00e2ce \u00e0 leur engagement la fosse aux ours, v\u00e9ritable symbole national depuis 150 ans, est devenue un attrayant centre de rencontre entre l\u2019humain et l\u2019animal, adapt\u00e9 aux besoins des ours bernois. La Mobili\u00e8re a soutenu le Parc aux ours en tant que partenaire privil\u00e9gi\u00e9 (presenting partner) \u00e0 hauteur de 2,5 millions de francs.[\/vc_column_text][\/vc_column][\/vc_row][vc_row][vc_column width=&#8221;1\/2&#8243;][vc_single_image image=&#8221;22315&#8243;][\/vc_column][vc_column width=&#8221;1\/2&#8243;][vc_single_image image=&#8221;52937&#8243;][\/vc_column][\/vc_row][vc_row][vc_column][vc_column_text]<\/p>\n<h2>Partenaire privil\u00e9gi\u00e9<\/h2>\n<p>[\/vc_column_text][\/vc_column][\/vc_row][vc_row el_class=&#8221;community-section&#8221;][vc_column width=&#8221;1\/4&#8243; el_class=&#8221;partner-container&#8221;][vc_row_inner css=&#8221;.vc_custom_1648789105245{padding-top: 10px !important;padding-bottom: 40px !important;}&#8221; el_class=&#8221;partner-logo-section&#8221;][vc_column_inner][vc_single_image image=&#8221;26176&#8243; img_size=&#8221;medium&#8221; onclick=&#8221;custom_link&#8221; img_link_target=&#8221;_blank&#8221;][\/vc_column_inner][\/vc_row_inner][\/vc_column][vc_column width=&#8221;1\/4&#8243;][\/vc_column][vc_column width=&#8221;1\/4&#8243;][\/vc_column][vc_column width=&#8221;1\/4&#8243;][\/vc_column][\/vc_row][vc_row][vc_column][vc_empty_space][\/vc_column][\/vc_row][vc_row][vc_column][vc_column_text]<\/p>\n<h2>Partner<\/h2>\n<p>[\/vc_column_text][\/vc_column][\/vc_row][vc_row el_class=&#8221;community-section&#8221;][vc_column width=&#8221;1\/4&#8243; el_class=&#8221;partner-container&#8221;][vc_row_inner css=&#8221;.vc_custom_1639642474931{padding-top: 10px !important;padding-bottom: 40px !important;}&#8221; el_class=&#8221;partner-logo-section&#8221;][vc_column_inner][vc_single_image image=&#8221;26192&#8243; img_size=&#8221;medium&#8221; onclick=&#8221;custom_link&#8221; img_link_target=&#8221;_blank&#8221;][\/vc_column_inner][\/vc_row_inner][\/vc_column][vc_column width=&#8221;1\/4&#8243; el_class=&#8221;partner-container&#8221;][vc_row_inner css=&#8221;.vc_custom_1639642482074{padding-top: 10px !important;padding-bottom: 40px !important;}&#8221; el_class=&#8221;partner-logo-section&#8221;][vc_column_inner][vc_single_image image=&#8221;26174&#8243; img_size=&#8221;medium&#8221; onclick=&#8221;custom_link&#8221; img_link_target=&#8221;_blank&#8221;][\/vc_column_inner][\/vc_row_inner][\/vc_column][vc_column width=&#8221;1\/4&#8243; el_class=&#8221;partner-container&#8221;][vc_row_inner css=&#8221;.vc_custom_1639642482074{padding-top: 10px !important;padding-bottom: 40px !important;}&#8221; el_class=&#8221;partner-logo-section&#8221;][vc_column_inner][vc_single_image image=&#8221;26206&#8243; img_size=&#8221;medium&#8221; onclick=&#8221;custom_link&#8221; img_link_target=&#8221;_blank&#8221;][\/vc_column_inner][\/vc_row_inner][\/vc_column][vc_column width=&#8221;1\/4&#8243; el_class=&#8221;partner-container&#8221;][vc_row_inner css=&#8221;.vc_custom_1639642482074{padding-top: 10px !important;padding-bottom: 40px !important;}&#8221; el_class=&#8221;partner-logo-section&#8221;][vc_column_inner][vc_single_image image=&#8221;26208&#8243; img_size=&#8221;medium&#8221; onclick=&#8221;custom_link&#8221; img_link_target=&#8221;_blank&#8221;][\/vc_column_inner][\/vc_row_inner][\/vc_column][\/vc_row][vc_row el_class=&#8221;community-section&#8221;][vc_column width=&#8221;1\/4&#8243; el_class=&#8221;partner-container&#8221;][vc_row_inner css=&#8221;.vc_custom_1639642482074{padding-top: 10px !important;padding-bottom: 40px !important;}&#8221; el_class=&#8221;partner-logo-section&#8221;][vc_column_inner][vc_single_image image=&#8221;26200&#8243; img_size=&#8221;medium&#8221; onclick=&#8221;custom_link&#8221; img_link_target=&#8221;_blank&#8221;][\/vc_column_inner][\/vc_row_inner][\/vc_column][vc_column width=&#8221;1\/4&#8243; el_class=&#8221;partner-container&#8221;][vc_row_inner css=&#8221;.vc_custom_1639642482074{padding-top: 10px !important;padding-bottom: 40px !important;}&#8221; el_class=&#8221;partner-logo-section&#8221;][vc_column_inner][vc_single_image image=&#8221;26186&#8243; img_size=&#8221;medium&#8221; onclick=&#8221;custom_link&#8221; img_link_target=&#8221;_blank&#8221;][\/vc_column_inner][\/vc_row_inner][\/vc_column][vc_column width=&#8221;1\/4&#8243;][\/vc_column][vc_column width=&#8221;1\/4&#8243;][\/vc_column][\/vc_row][vc_row][vc_column][vc_empty_space][\/vc_column][\/vc_row][vc_row][vc_column][vc_column_text]<\/p>\n<h2>Donatoren<\/h2>\n<ul class=\"tiere-list-style\">\n<li>Mandelb\u00e4rli<\/li>\n<li>iba B\u00fcroVersand<\/li>\n<li>Gurten Bier<\/li>\n<li>Emch + Berger<\/li>\n<li>Securitas<\/li>\n<li>Pro Patria<\/li>\n<\/ul>\n<p>[\/vc_column_text][\/vc_column][\/vc_row][vc_row][vc_column][vc_empty_space][\/vc_column][\/vc_row][vc_row][vc_column][vc_column_text]<\/p>\n<h2>Supporter Gold<\/h2>\n<ul class=\"tiere-list-style\">\n<li>Migros Bank<\/li>\n<li>Hotelleriesuisse Bern Mittelland<\/li>\n<li>Gastro Stadt Bern und Umgebung<\/li>\n<li>ms bautec<\/li>\n<\/ul>\n<p>[\/vc_column_text][\/vc_column][\/vc_row][vc_row][vc_column][vc_empty_space][\/vc_column][\/vc_row][vc_row][vc_column][vc_column_text]<\/p>\n<h2>Supporter Silver<\/h2>\n<ul class=\"tiere-list-style\">\n<li>Infanteriebataillon 13<\/li>\n<li>coop<\/li>\n<\/ul>\n<p>[\/vc_column_text][\/vc_column][\/vc_row][vc_row][vc_column][vc_column_text]<section class=\"section no-padding-bottom page-suggestion-container\">\n            <div class=\"container\">\n                <div class=\"row bottom-50\">\n                    <div class=\"col-12\">\n                        <div class=\"heading heading--primary heading--center\">\n                            <h2 class=\"heading__title no-margin-bottom\"><span>Autres Th\u00e8mes<\/span><\/h2>\n                        <\/div>\n                    <\/div>\n                <\/div>\n                <div class=\"row\"><div class=\"col-md-6 col-xl-4 offset-xl-2\">\n                        <div class=\"service-content\" tabindex=\"0\" role=\"link\" onclick=\"suggestionLinkfunction(this);\" data-href=\"https:\/\/tierpark-bern.ch\/fr\/parc-zoologique-de-berne\/organisation\/\">\n                            <img decoding=\"async\" src=\"https:\/\/tierpark-bern.ch\/web\/app\/uploads\/2022\/04\/wolf-tierpark-bern-2-2-386x230.jpg\" alt=\"\"\/>\n                                <div class=\"service-desc\">\n                                    <div class=\"vcenter\">\n                                        <div class=\"titel\">Organisation<\/div>\n                                    <\/div>\n                                <\/div>\n                        <\/div>\n                    <\/div><div class=\"col-md-6 col-xl-4 \">\n                        <div class=\"service-content\" tabindex=\"0\" role=\"link\" onclick=\"suggestionLinkfunction(this);\" data-href=\"https:\/\/tierpark-bern.ch\/fr\/parc-zoologique-de-berne\/personne-de-contact\/\">\n                            <img decoding=\"async\" src=\"https:\/\/tierpark-bern.ch\/web\/app\/uploads\/2020\/07\/braun-bear-386x230.jpg\" alt=\"\"\/>\n                                <div class=\"service-desc\">\n                                    <div class=\"vcenter\">\n                                        <div class=\"titel\">Personne de contact<\/div>\n                                    <\/div>\n                                <\/div>\n                        <\/div>\n                    <\/div><\/div>\n            <\/div>\n        <\/section>[\/vc_column_text][\/vc_column][\/vc_row]<\/p>\n<\/div>","protected":false},"excerpt":{"rendered":"<p>Nous remercions nos partenaires et sponsors du soutien apport\u00e9 au Parc aux ours.<\/p>\n","protected":false},"author":1,"featured_media":22163,"parent":46497,"menu_order":0,"comment_status":"closed","ping_status":"closed","template":"","meta":{"_acf_changed":false,"footnotes":""},"class_list":["post-48552","page","type-page","status-publish","has-post-thumbnail","hentry"],"acf":[],"yoast_head":"<title>Partenaire au parc aux ours | Tierpark Bern<\/title>\n<meta name=\"description\" content=\"Nous remercions nos partenaires et sponsors du soutien apport\u00e9 au Parc aux ours.\" \/>\n<meta name=\"robots\" content=\"index, follow, max-snippet:-1, max-image-preview:large, max-video-preview:-1\" \/>\n<link rel=\"canonical\" href=\"https:\/\/tierpark-bern.ch\/fr\/soutenir\/partenaire-au-parc-des-ours\/\" \/>\n<meta property=\"og:locale\" content=\"fr_FR\" \/>\n<meta property=\"og:type\" content=\"article\" \/>\n<meta property=\"og:title\" content=\"Partenaire au parc aux ours | Tierpark Bern\" \/>\n<meta property=\"og:description\" content=\"Nous remercions nos partenaires et sponsors du soutien apport\u00e9 au Parc aux ours.\" \/>\n<meta property=\"og:url\" content=\"https:\/\/tierpark-bern.ch\/fr\/soutenir\/partenaire-au-parc-des-ours\/\" \/>\n<meta property=\"og:site_name\" content=\"Tierpark Bern\" \/>\n<meta property=\"article:publisher\" content=\"https:\/\/www.facebook.com\/tierparkbern\/\" \/>\n<meta property=\"article:modified_time\" content=\"2023-04-19T07:25:59+00:00\" \/>\n<meta property=\"og:image\" content=\"https:\/\/tierpark-bern.ch\/web\/app\/uploads\/2020\/07\/baeren-park-24-bern-schweiz.jpg\" \/>\n\t<meta property=\"og:image:width\" content=\"1500\" \/>\n\t<meta property=\"og:image:height\" content=\"998\" \/>\n\t<meta property=\"og:image:type\" content=\"image\/jpeg\" \/>\n<script type=\"application\/ld+json\" class=\"yoast-schema-graph\">{\"@context\":\"https:\/\/schema.org\",\"@graph\":[{\"@type\":\"WebPage\",\"@id\":\"https:\/\/tierpark-bern.ch\/fr\/soutenir\/partenaire-au-parc-des-ours\/\",\"url\":\"https:\/\/tierpark-bern.ch\/fr\/soutenir\/partenaire-au-parc-des-ours\/\",\"name\":\"Partenaire au parc aux ours | Tierpark Bern\",\"isPartOf\":{\"@id\":\"https:\/\/tierpark-bern.ch\/fr\/#website\"},\"primaryImageOfPage\":{\"@id\":\"https:\/\/tierpark-bern.ch\/fr\/soutenir\/partenaire-au-parc-des-ours\/#primaryimage\"},\"image\":{\"@id\":\"https:\/\/tierpark-bern.ch\/fr\/soutenir\/partenaire-au-parc-des-ours\/#primaryimage\"},\"thumbnailUrl\":\"https:\/\/tierpark-bern.ch\/web\/app\/uploads\/2020\/07\/baeren-park-24-bern-schweiz.jpg\",\"datePublished\":\"2022-11-03T10:10:31+00:00\",\"dateModified\":\"2023-04-19T07:25:59+00:00\",\"description\":\"Nous remercions nos partenaires et sponsors du soutien apport\u00e9 au Parc aux ours.\",\"breadcrumb\":{\"@id\":\"https:\/\/tierpark-bern.ch\/fr\/soutenir\/partenaire-au-parc-des-ours\/#breadcrumb\"},\"inLanguage\":\"fr-FR\",\"potentialAction\":[{\"@type\":\"ReadAction\",\"target\":[\"https:\/\/tierpark-bern.ch\/fr\/soutenir\/partenaire-au-parc-des-ours\/\"]}]},{\"@type\":\"ImageObject\",\"inLanguage\":\"fr-FR\",\"@id\":\"https:\/\/tierpark-bern.ch\/fr\/soutenir\/partenaire-au-parc-des-ours\/#primaryimage\",\"url\":\"https:\/\/tierpark-bern.ch\/web\/app\/uploads\/2020\/07\/baeren-park-24-bern-schweiz.jpg\",\"contentUrl\":\"https:\/\/tierpark-bern.ch\/web\/app\/uploads\/2020\/07\/baeren-park-24-bern-schweiz.jpg\",\"width\":1500,\"height\":998,\"caption\":\"5\"},{\"@type\":\"BreadcrumbList\",\"@id\":\"https:\/\/tierpark-bern.ch\/fr\/soutenir\/partenaire-au-parc-des-ours\/#breadcrumb\",\"itemListElement\":[{\"@type\":\"ListItem\",\"position\":1,\"name\":\"Home\",\"item\":\"https:\/\/tierpark-bern.ch\/fr\/home\/\"},{\"@type\":\"ListItem\",\"position\":2,\"name\":\"Soutenir\",\"item\":\"https:\/\/tierpark-bern.ch\/fr\/soutenir\/\"},{\"@type\":\"ListItem\",\"position\":3,\"name\":\"Partenaire au parc aux ours\"}]},{\"@type\":\"WebSite\",\"@id\":\"https:\/\/tierpark-bern.ch\/fr\/#website\",\"url\":\"https:\/\/tierpark-bern.ch\/fr\/\",\"name\":\"Tierpark Bern\",\"description\":\"\",\"publisher\":{\"@id\":\"https:\/\/tierpark-bern.ch\/fr\/#organization\"},\"potentialAction\":[{\"@type\":\"SearchAction\",\"target\":{\"@type\":\"EntryPoint\",\"urlTemplate\":\"https:\/\/tierpark-bern.ch\/fr\/?s={search_term_string}\"},\"query-input\":{\"@type\":\"PropertyValueSpecification\",\"valueRequired\":true,\"valueName\":\"search_term_string\"}}],\"inLanguage\":\"fr-FR\"},{\"@type\":\"Organization\",\"@id\":\"https:\/\/tierpark-bern.ch\/fr\/#organization\",\"name\":\"Tierpark Bern | D\u00e4hlh\u00f6lzli + B\u00e4renPark\",\"alternateName\":\"Tierpark Bern\",\"url\":\"https:\/\/tierpark-bern.ch\/fr\/\",\"logo\":{\"@type\":\"ImageObject\",\"inLanguage\":\"fr-FR\",\"@id\":\"https:\/\/tierpark-bern.ch\/fr\/#\/schema\/logo\/image\/\",\"url\":\"https:\/\/tierpark-bern.ch\/web\/app\/uploads\/2024\/04\/tierpark-bern-696x696-1.jpg\",\"contentUrl\":\"https:\/\/tierpark-bern.ch\/web\/app\/uploads\/2024\/04\/tierpark-bern-696x696-1.jpg\",\"width\":696,\"height\":696,\"caption\":\"Tierpark Bern | D\u00e4hlh\u00f6lzli + B\u00e4renPark\"},\"image\":{\"@id\":\"https:\/\/tierpark-bern.ch\/fr\/#\/schema\/logo\/image\/\"},\"sameAs\":[\"https:\/\/www.facebook.com\/tierparkbern\/\",\"https:\/\/x.com\/tierparkbern\",\"https:\/\/www.instagram.com\/tierparkbern\/\"]}]}<\/script>","yoast_head_json":{"title":"Partenaire au parc aux ours | Tierpark Bern","description":"Nous remercions nos partenaires et sponsors du soutien apport\u00e9 au Parc aux ours.","robots":{"index":"index","follow":"follow","max-snippet":"max-snippet:-1","max-image-preview":"max-image-preview:large","max-video-preview":"max-video-preview:-1"},"canonical":"https:\/\/tierpark-bern.ch\/fr\/soutenir\/partenaire-au-parc-des-ours\/","og_locale":"fr_FR","og_type":"article","og_title":"Partenaire au parc aux ours | Tierpark Bern","og_description":"Nous remercions nos partenaires et sponsors du soutien apport\u00e9 au Parc aux ours.","og_url":"https:\/\/tierpark-bern.ch\/fr\/soutenir\/partenaire-au-parc-des-ours\/","og_site_name":"Tierpark Bern","article_publisher":"https:\/\/www.facebook.com\/tierparkbern\/","article_modified_time":"2023-04-19T07:25:59+00:00","og_image":[{"width":1500,"height":998,"url":"https:\/\/tierpark-bern.ch\/web\/app\/uploads\/2020\/07\/baeren-park-24-bern-schweiz.jpg","type":"image\/jpeg"}],"schema":{"@context":"https:\/\/schema.org","@graph":[{"@type":"WebPage","@id":"https:\/\/tierpark-bern.ch\/fr\/soutenir\/partenaire-au-parc-des-ours\/","url":"https:\/\/tierpark-bern.ch\/fr\/soutenir\/partenaire-au-parc-des-ours\/","name":"Partenaire au parc aux ours | Tierpark Bern","isPartOf":{"@id":"https:\/\/tierpark-bern.ch\/fr\/#website"},"primaryImageOfPage":{"@id":"https:\/\/tierpark-bern.ch\/fr\/soutenir\/partenaire-au-parc-des-ours\/#primaryimage"},"image":{"@id":"https:\/\/tierpark-bern.ch\/fr\/soutenir\/partenaire-au-parc-des-ours\/#primaryimage"},"thumbnailUrl":"https:\/\/tierpark-bern.ch\/web\/app\/uploads\/2020\/07\/baeren-park-24-bern-schweiz.jpg","datePublished":"2022-11-03T10:10:31+00:00","dateModified":"2023-04-19T07:25:59+00:00","description":"Nous remercions nos partenaires et sponsors du soutien apport\u00e9 au Parc aux ours.","breadcrumb":{"@id":"https:\/\/tierpark-bern.ch\/fr\/soutenir\/partenaire-au-parc-des-ours\/#breadcrumb"},"inLanguage":"fr-FR","potentialAction":[{"@type":"ReadAction","target":["https:\/\/tierpark-bern.ch\/fr\/soutenir\/partenaire-au-parc-des-ours\/"]}]},{"@type":"ImageObject","inLanguage":"fr-FR","@id":"https:\/\/tierpark-bern.ch\/fr\/soutenir\/partenaire-au-parc-des-ours\/#primaryimage","url":"https:\/\/tierpark-bern.ch\/web\/app\/uploads\/2020\/07\/baeren-park-24-bern-schweiz.jpg","contentUrl":"https:\/\/tierpark-bern.ch\/web\/app\/uploads\/2020\/07\/baeren-park-24-bern-schweiz.jpg","width":1500,"height":998,"caption":"5"},{"@type":"BreadcrumbList","@id":"https:\/\/tierpark-bern.ch\/fr\/soutenir\/partenaire-au-parc-des-ours\/#breadcrumb","itemListElement":[{"@type":"ListItem","position":1,"name":"Home","item":"https:\/\/tierpark-bern.ch\/fr\/home\/"},{"@type":"ListItem","position":2,"name":"Soutenir","item":"https:\/\/tierpark-bern.ch\/fr\/soutenir\/"},{"@type":"ListItem","position":3,"name":"Partenaire au parc aux ours"}]},{"@type":"WebSite","@id":"https:\/\/tierpark-bern.ch\/fr\/#website","url":"https:\/\/tierpark-bern.ch\/fr\/","name":"Tierpark Bern","description":"","publisher":{"@id":"https:\/\/tierpark-bern.ch\/fr\/#organization"},"potentialAction":[{"@type":"SearchAction","target":{"@type":"EntryPoint","urlTemplate":"https:\/\/tierpark-bern.ch\/fr\/?s={search_term_string}"},"query-input":{"@type":"PropertyValueSpecification","valueRequired":true,"valueName":"search_term_string"}}],"inLanguage":"fr-FR"},{"@type":"Organization","@id":"https:\/\/tierpark-bern.ch\/fr\/#organization","name":"Tierpark Bern | D\u00e4hlh\u00f6lzli + B\u00e4renPark","alternateName":"Tierpark Bern","url":"https:\/\/tierpark-bern.ch\/fr\/","logo":{"@type":"ImageObject","inLanguage":"fr-FR","@id":"https:\/\/tierpark-bern.ch\/fr\/#\/schema\/logo\/image\/","url":"https:\/\/tierpark-bern.ch\/web\/app\/uploads\/2024\/04\/tierpark-bern-696x696-1.jpg","contentUrl":"https:\/\/tierpark-bern.ch\/web\/app\/uploads\/2024\/04\/tierpark-bern-696x696-1.jpg","width":696,"height":696,"caption":"Tierpark Bern | D\u00e4hlh\u00f6lzli + B\u00e4renPark"},"image":{"@id":"https:\/\/tierpark-bern.ch\/fr\/#\/schema\/logo\/image\/"},"sameAs":["https:\/\/www.facebook.com\/tierparkbern\/","https:\/\/x.com\/tierparkbern","https:\/\/www.instagram.com\/tierparkbern\/"]}]}},"_links":{"self":[{"href":"https:\/\/tierpark-bern.ch\/fr\/wp-json\/wp\/v2\/pages\/48552","targetHints":{"allow":["GET"]}}],"collection":[{"href":"https:\/\/tierpark-bern.ch\/fr\/wp-json\/wp\/v2\/pages"}],"about":[{"href":"https:\/\/tierpark-bern.ch\/fr\/wp-json\/wp\/v2\/types\/page"}],"author":[{"embeddable":true,"href":"https:\/\/tierpark-bern.ch\/fr\/wp-json\/wp\/v2\/users\/1"}],"replies":[{"embeddable":true,"href":"https:\/\/tierpark-bern.ch\/fr\/wp-json\/wp\/v2\/comments?post=48552"}],"version-history":[{"count":0,"href":"https:\/\/tierpark-bern.ch\/fr\/wp-json\/wp\/v2\/pages\/48552\/revisions"}],"up":[{"embeddable":true,"href":"https:\/\/tierpark-bern.ch\/fr\/wp-json\/wp\/v2\/pages\/46497"}],"wp:featuredmedia":[{"embeddable":true,"href":"https:\/\/tierpark-bern.ch\/fr\/wp-json\/wp\/v2\/media\/22163"}],"wp:attachment":[{"href":"https:\/\/tierpark-bern.ch\/fr\/wp-json\/wp\/v2\/media?parent=48552"}],"curies":[{"name":"wp","href":"https:\/\/api.w.org\/{rel}","templated":true}]}}