{"id":51210,"date":"2020-08-19T15:23:39","date_gmt":"2020-08-19T13:23:39","guid":{"rendered":"https:\/\/tierpark-bern.ch\/aktuelles\/"},"modified":"2023-05-26T10:44:09","modified_gmt":"2023-05-26T08:44:09","slug":"actualites","status":"publish","type":"page","link":"https:\/\/tierpark-bern.ch\/fr\/actualites\/","title":{"rendered":"Actualit\u00e9s"},"content":{"rendered":"<div class=\"wpb-content-wrapper\"><p>[vc_row][vc_column][vc_column_text]<\/p>\n<h1>Actualit\u00e9s<\/h1>\n<p>Des naissances chez les animaux du zoo, de nouveaux projets de protection des esp\u00e8ces ou l&#8217;avancement des travaux &#8211; vous trouverez ici toutes les nouveaut\u00e9s concernant le parc zoologique de Berne et ses habitants animaux.[\/vc_column_text][\/vc_column][\/vc_row][vc_row css=&#8221;.vc_custom_1638275906751{margin-right: 0px !important;margin-left: 0px !important;padding-top: 35px !important;padding-right: 30px !important;padding-bottom: 35px !important;padding-left: 30px !important;background-color: #e5efee !important;}&#8221; el_class=&#8221;page-aktuelles-section&#8221;][vc_column css=&#8221;.vc_custom_1633524751907{padding-top: 0px !important;}&#8221; el_class=&#8221;zoo-wrapper&#8221;][vc_row_inner equal_height=&#8221;yes&#8221; gap=&#8221;30&#8243;][vc_column_inner width=&#8221;1\/3&#8243; css=&#8221;.vc_custom_1638275293395{padding-top: 0px !important;padding-right: 0px !important;padding-bottom: 0px !important;padding-left: 0px !important;background-color: #dbbf56 !important;}&#8221;][vc_single_image image=&#8221;24285&#8243; img_size=&#8221;540 x 320&#8243; alignment=&#8221;center&#8221; onclick=&#8221;custom_link&#8221; link=&#8221;https:\/\/tierpark-bern.ch\/fr\/news\/&#8221;][vc_column_text css=&#8221;.vc_custom_1674166956271{padding-right: 30px !important;padding-left: 30px !important;}&#8221; el_class=&#8221;zoo-news-section&#8221;]<\/p>\n<div class=\"zoo-news-section\">\n<h2>News<\/h2>\n<p>D\u00e9couvrez en permanence les nouveaut\u00e9s concernant nos animaux et les projets pr\u00e9vus au D\u00e4hlh\u00f6lzli et au B\u00e4renPark.<\/p>\n<\/div>\n<p>[\/vc_column_text][vc_btn title=&#8221;Afficher toutes les actualit\u00e9s&#8221; style=&#8221;flat&#8221; shape=&#8221;square&#8221; color=&#8221;white&#8221; size=&#8221;lg&#8221; i_align=&#8221;right&#8221; i_icon_fontawesome=&#8221;fas fa-arrow-right&#8221; add_icon=&#8221;true&#8221; link=&#8221;url:https%3A%2F%2Ftierpark-bern.ch%2Ffr%2Fnews%2F&#8221; el_class=&#8221;btn-zoo&#8221; css=&#8221;.vc_custom_1674166991394{padding-right: 30px !important;padding-left: 30px !important;}&#8221;][\/vc_column_inner][vc_column_inner width=&#8221;1\/3&#8243; css=&#8221;.vc_custom_1638275304095{padding-top: 0px !important;padding-right: 0px !important;padding-bottom: 0px !important;padding-left: 0px !important;background-color: #dbbf56 !important;}&#8221;][vc_single_image image=&#8221;23116&#8243; img_size=&#8221;540 x 320&#8243; alignment=&#8221;center&#8221; onclick=&#8221;custom_link&#8221; link=&#8221;https:\/\/tierpark-bern.ch\/fr\/manifestations\/&#8221;][vc_column_text css=&#8221;.vc_custom_1674167034544{padding-right: 30px !important;padding-left: 30px !important;}&#8221;]<\/p>\n<div class=\"zoo-news-section\">\n<h2>Manifestations<\/h2>\n<p>Il se passe toujours quelque chose au parc zoologique de Berne. Soyez de la partie ! Nous vous informons ici des manifestations \u00e0 venir au D\u00e4hlh\u00f6lzli et au B\u00e4renPark.<\/p>\n<\/div>\n<p>[\/vc_column_text][vc_btn title=&#8221;Vers les \u00e9v\u00e9nements&#8221; style=&#8221;flat&#8221; shape=&#8221;square&#8221; color=&#8221;white&#8221; size=&#8221;lg&#8221; i_align=&#8221;right&#8221; i_icon_fontawesome=&#8221;fas fa-arrow-right&#8221; add_icon=&#8221;true&#8221; link=&#8221;url:https%3A%2F%2Ftierpark-bern.ch%2Ffr%2Fmanifestations%2F&#8221; el_class=&#8221;btn-zoo&#8221; css=&#8221;.vc_custom_1674167060592{padding-right: 30px !important;padding-left: 30px !important;}&#8221;][\/vc_column_inner][vc_column_inner width=&#8221;1\/3&#8243; css=&#8221;.vc_custom_1638275313133{padding-top: 0px !important;padding-right: 0px !important;padding-bottom: 0px !important;padding-left: 0px !important;background-color: #dbbf56 !important;}&#8221;][vc_single_image image=&#8221;23267&#8243; img_size=&#8221;540 x 320&#8243; alignment=&#8221;center&#8221; onclick=&#8221;custom_link&#8221; link=&#8221;https:\/\/tierpark-bern.ch\/fr\/protection-de-la-nature-et-animaux\/naissances\/&#8221;][vc_column_text css=&#8221;.vc_custom_1674167096944{padding-right: 30px !important;padding-left: 30px !important;}&#8221;]<\/p>\n<div class=\"zoo-news-section\">\n<h2>Naissances<\/h2>\n<p>Restez inform\u00e9 et d\u00e9couvrez ici toutes les nouveaut\u00e9s animali\u00e8res des plus jeunes habitants du zoo de Berne.<\/p>\n<\/div>\n<p>[\/vc_column_text][vc_btn title=&#8221;Vers les jeunes animaux&#8221; style=&#8221;flat&#8221; shape=&#8221;square&#8221; color=&#8221;white&#8221; size=&#8221;lg&#8221; i_align=&#8221;right&#8221; i_icon_fontawesome=&#8221;fas fa-arrow-right&#8221; add_icon=&#8221;true&#8221; link=&#8221;url:https%3A%2F%2Ftierpark-bern.ch%2Ffr%2Fprotection-de-la-nature-et-animaux%2Fnaissances%2F&#8221; el_class=&#8221;btn-zoo&#8221; css=&#8221;.vc_custom_1674167119483{padding-right: 30px !important;padding-left: 30px !important;}&#8221;][\/vc_column_inner][\/vc_row_inner][vc_row_inner equal_height=&#8221;yes&#8221; gap=&#8221;30&#8243;][vc_column_inner width=&#8221;1\/3&#8243; css=&#8221;.vc_custom_1638275442092{padding-top: 0px !important;padding-right: 0px !important;padding-bottom: 0px !important;padding-left: 0px !important;background-color: #dbbf56 !important;}&#8221;][vc_single_image image=&#8221;56053&#8243; img_size=&#8221;540 x 320&#8243; alignment=&#8221;center&#8221; onclick=&#8221;custom_link&#8221; link=&#8221;https:\/\/tierpark-bern.ch\/fr\/actualites\/podcast\/&#8221;][vc_column_text css=&#8221;.vc_custom_1685090644637{padding-right: 30px !important;padding-left: 30px !important;}&#8221;]<\/p>\n<div class=\"zoo-news-section\">\n<h2>Podcast<\/h2>\n<p>Ah!nimal \u2013 le podcast du parc zoologique de Berne<\/p>\n<\/div>\n<p>[\/vc_column_text][vc_btn title=&#8221;Vers le podcast&#8221; style=&#8221;flat&#8221; shape=&#8221;square&#8221; color=&#8221;white&#8221; size=&#8221;lg&#8221; i_align=&#8221;right&#8221; i_icon_fontawesome=&#8221;fas fa-arrow-right&#8221; add_icon=&#8221;true&#8221; link=&#8221;url:https%3A%2F%2Ftierpark-bern.ch%2Ffr%2Factualites%2Fpodcast%2F&#8221; el_class=&#8221;btn-zoo&#8221; css=&#8221;.vc_custom_1684994034466{padding-right: 30px !important;padding-left: 30px !important;}&#8221;][\/vc_column_inner][vc_column_inner width=&#8221;1\/3&#8243; css=&#8221;.vc_custom_1638275425314{padding-top: 0px !important;padding-right: 0px !important;padding-bottom: 0px !important;padding-left: 0px !important;background-color: #dbbf56 !important;}&#8221;][vc_single_image image=&#8221;24750&#8243; img_size=&#8221;540 x 320&#8243; alignment=&#8221;center&#8221; onclick=&#8221;custom_link&#8221; link=&#8221;https:\/\/tierpark-bern.ch\/fr\/protection-de-la-nature-et-animaux\/enclos\/projets\/&#8221;][vc_column_text css=&#8221;.vc_custom_1678970524628{padding-right: 30px !important;padding-left: 30px !important;}&#8221;]<\/p>\n<div class=\"zoo-news-section\">\n<h2>Projets<\/h2>\n<p>Nous vous pr\u00e9sentons ici nos projets scientifiques et vous tenons au courant de nos projets de construction.<\/p>\n<\/div>\n<p>[\/vc_column_text][vc_btn title=&#8221;Vers les projets&#8221; style=&#8221;flat&#8221; shape=&#8221;square&#8221; color=&#8221;white&#8221; size=&#8221;lg&#8221; i_align=&#8221;right&#8221; i_icon_fontawesome=&#8221;fas fa-arrow-right&#8221; add_icon=&#8221;true&#8221; link=&#8221;url:https%3A%2F%2Ftierpark-bern.ch%2Ffr%2Fprotection-de-la-nature-et-animaux%2Fenclos%2Fprojets%2F&#8221; el_class=&#8221;btn-zoo&#8221; css=&#8221;.vc_custom_1678970904434{padding-right: 30px !important;padding-left: 30px !important;}&#8221;][\/vc_column_inner][vc_column_inner width=&#8221;1\/3&#8243; css=&#8221;.vc_custom_1638275433827{padding-top: 0px !important;padding-right: 0px !important;padding-bottom: 0px !important;padding-left: 0px !important;background-color: #dbbf56 !important;}&#8221;][vc_single_image image=&#8221;17027&#8243; img_size=&#8221;540 x 320&#8243; alignment=&#8221;center&#8221; onclick=&#8221;custom_link&#8221; link=&#8221;https:\/\/tierpark-bern.ch\/fr\/actualites\/blog\/&#8221;][vc_column_text css=&#8221;.vc_custom_1674167357379{padding-right: 30px !important;padding-left: 30px !important;}&#8221;]<\/p>\n<div class=\"zoo-news-section\">\n<h2>Blog<\/h2>\n<p>Vous trouverez ici des informations de fond sur le parc animalier et ses animaux.<\/p>\n<\/div>\n<p>[\/vc_column_text][vc_btn title=&#8221;Vers le blog&#8221; style=&#8221;flat&#8221; shape=&#8221;square&#8221; color=&#8221;white&#8221; size=&#8221;lg&#8221; i_align=&#8221;right&#8221; i_icon_fontawesome=&#8221;fas fa-arrow-right&#8221; add_icon=&#8221;true&#8221; link=&#8221;url:https%3A%2F%2Ftierpark-bern.ch%2Ffr%2Factualites%2Fblog%2F&#8221; el_class=&#8221;btn-zoo&#8221; css=&#8221;.vc_custom_1674167373390{padding-right: 30px !important;padding-left: 30px !important;}&#8221;][\/vc_column_inner][\/vc_row_inner][vc_row_inner equal_height=&#8221;yes&#8221; gap=&#8221;30&#8243;][vc_column_inner width=&#8221;1\/3&#8243; css=&#8221;.vc_custom_1638275469848{padding-top: 0px !important;padding-right: 0px !important;padding-bottom: 0px !important;padding-left: 0px !important;background-color: #dbbf56 !important;}&#8221;][vc_single_image image=&#8221;15747&#8243; img_size=&#8221;540 x 320&#8243; alignment=&#8221;center&#8221; onclick=&#8221;custom_link&#8221; link=&#8221;https:\/\/tierpark-bern.ch\/fr\/actualites\/magazine-du-parc-animalier\/&#8221;][vc_column_text css=&#8221;.vc_custom_1674167417063{padding-right: 30px !important;padding-left: 30px !important;}&#8221;]<\/p>\n<div class=\"zoo-news-section\">\n<h2>Le magazine du parc animalier UHU<\/h2>\n<p>Avec un tirage de 15&#8217;000 exemplaires, la revue gratuite et tr\u00e8s appr\u00e9ci\u00e9e de l&#8217;association du parc zoologique de Berne, UHU, est largement diffus\u00e9e.<\/p>\n<\/div>\n<p>[\/vc_column_text][vc_btn title=&#8221;En savoir plus&#8221; style=&#8221;flat&#8221; shape=&#8221;square&#8221; color=&#8221;white&#8221; size=&#8221;lg&#8221; i_align=&#8221;right&#8221; i_icon_fontawesome=&#8221;fas fa-arrow-right&#8221; add_icon=&#8221;true&#8221; link=&#8221;url:https%3A%2F%2Ftierpark-bern.ch%2Ffr%2Factualites%2Fmagazine-du-parc-animalier%2F&#8221; el_class=&#8221;btn-zoo&#8221; css=&#8221;.vc_custom_1674167444041{padding-right: 30px !important;padding-left: 30px !important;}&#8221;][\/vc_column_inner][vc_column_inner width=&#8221;1\/3&#8243; css=&#8221;.vc_custom_1638275452218{padding-top: 0px !important;padding-right: 0px !important;padding-bottom: 0px !important;padding-left: 0px !important;background-color: #dbbf56 !important;}&#8221;][vc_single_image image=&#8221;23563&#8243; img_size=&#8221;540 x 320&#8243; alignment=&#8221;center&#8221; onclick=&#8221;custom_link&#8221; link=&#8221;https:\/\/tierpark-bern.ch\/fr\/actualites\/newsletter\/&#8221;][vc_column_text css=&#8221;.vc_custom_1674168039565{padding-right: 30px !important;padding-left: 30px !important;}&#8221;]<\/p>\n<div class=\"zoo-news-section\">\n<h2>Newsletter<\/h2>\n<p>Abonnez-vous \u00e0 notre newsletter gratuite pour recevoir chaque mois des nouvelles et des conseils sur les \u00e9v\u00e9nements du parc zoologique de Berne.<\/p>\n<\/div>\n<p>[\/vc_column_text][vc_btn title=&#8221;En savoir plus&#8221; style=&#8221;flat&#8221; shape=&#8221;square&#8221; color=&#8221;white&#8221; size=&#8221;lg&#8221; i_align=&#8221;right&#8221; i_icon_fontawesome=&#8221;fas fa-arrow-right&#8221; add_icon=&#8221;true&#8221; link=&#8221;url:https%3A%2F%2Ftierpark-bern.ch%2Ffr%2Factualites%2Fnewsletter%2F&#8221; el_class=&#8221;btn-zoo&#8221; css=&#8221;.vc_custom_1674168076659{padding-right: 30px !important;padding-left: 30px !important;}&#8221;][\/vc_column_inner][vc_column_inner width=&#8221;1\/3&#8243; css=&#8221;.vc_custom_1638275460962{padding-top: 0px !important;padding-right: 0px !important;padding-bottom: 0px !important;padding-left: 0px !important;background-color: #dbbf56 !important;}&#8221;][vc_single_image image=&#8221;19495&#8243; img_size=&#8221;540 x 320&#8243; alignment=&#8221;center&#8221; onclick=&#8221;custom_link&#8221; link=&#8221;https:\/\/tierpark-bern.ch\/fr\/faq\/&#8221;][vc_column_text css=&#8221;.vc_custom_1674168107687{padding-right: 30px !important;padding-left: 30px !important;}&#8221;]<\/p>\n<div class=\"zoo-news-section\">\n<h2>FAQ<\/h2>\n<p>Questions et r\u00e9ponses concernant votre visite au parc zoologique de Berne. Obtenez un aper\u00e7u des \u00e9ventuelles restrictions.<\/p>\n<\/div>\n<p>[\/vc_column_text][vc_btn title=&#8221;En savoir plus&#8221; style=&#8221;flat&#8221; shape=&#8221;square&#8221; color=&#8221;white&#8221; size=&#8221;lg&#8221; i_align=&#8221;right&#8221; i_icon_fontawesome=&#8221;fas fa-arrow-right&#8221; add_icon=&#8221;true&#8221; link=&#8221;url:https%3A%2F%2Ftierpark-bern.ch%2Ffr%2Ffaq%2F&#8221; el_class=&#8221;btn-zoo&#8221; css=&#8221;.vc_custom_1674168125665{padding-right: 30px !important;padding-left: 30px !important;}&#8221;][\/vc_column_inner][\/vc_row_inner][\/vc_column][\/vc_row]<\/p>\n<\/div>","protected":false},"excerpt":{"rendered":"<p>Vous trouverez ici toutes les nouveaut\u00e9s concernant le parc zoologique de Berne et ses habitants animaux.<\/p>\n","protected":false},"author":1,"featured_media":24417,"parent":0,"menu_order":0,"comment_status":"closed","ping_status":"closed","template":"","meta":{"_acf_changed":false,"footnotes":""},"class_list":["post-51210","page","type-page","status-publish","has-post-thumbnail","hentry"],"acf":[],"yoast_head":"<title>Actualit\u00e9s | Tierpark Bern<\/title>\n<meta name=\"description\" content=\"Vous trouverez ici toutes les nouveaut\u00e9s concernant le parc zoologique de Berne et ses habitants animaux.\" \/>\n<meta name=\"robots\" content=\"index, follow, max-snippet:-1, max-image-preview:large, max-video-preview:-1\" \/>\n<link rel=\"canonical\" href=\"https:\/\/tierpark-bern.ch\/fr\/actualites\/\" \/>\n<meta property=\"og:locale\" content=\"fr_FR\" \/>\n<meta property=\"og:type\" content=\"article\" \/>\n<meta property=\"og:title\" content=\"Actualit\u00e9s | Tierpark Bern\" \/>\n<meta property=\"og:description\" content=\"Vous trouverez ici toutes les nouveaut\u00e9s concernant le parc zoologique de Berne et ses habitants animaux.\" \/>\n<meta property=\"og:url\" content=\"https:\/\/tierpark-bern.ch\/fr\/actualites\/\" \/>\n<meta property=\"og:site_name\" content=\"Tierpark Bern\" \/>\n<meta property=\"article:publisher\" content=\"https:\/\/www.facebook.com\/tierparkbern\/\" \/>\n<meta property=\"article:modified_time\" content=\"2023-05-26T08:44:09+00:00\" \/>\n<meta property=\"og:image\" content=\"https:\/\/tierpark-bern.ch\/web\/app\/uploads\/2020\/07\/Stumpfkrokodil-91-tierpark-bern.jpg\" \/>\n\t<meta property=\"og:image:width\" content=\"1500\" \/>\n\t<meta property=\"og:image:height\" content=\"998\" \/>\n\t<meta property=\"og:image:type\" content=\"image\/jpeg\" \/>\n<script type=\"application\/ld+json\" class=\"yoast-schema-graph\">{\"@context\":\"https:\/\/schema.org\",\"@graph\":[{\"@type\":\"WebPage\",\"@id\":\"https:\/\/tierpark-bern.ch\/fr\/actualites\/\",\"url\":\"https:\/\/tierpark-bern.ch\/fr\/actualites\/\",\"name\":\"Actualit\u00e9s | Tierpark Bern\",\"isPartOf\":{\"@id\":\"https:\/\/tierpark-bern.ch\/fr\/#website\"},\"primaryImageOfPage\":{\"@id\":\"https:\/\/tierpark-bern.ch\/fr\/actualites\/#primaryimage\"},\"image\":{\"@id\":\"https:\/\/tierpark-bern.ch\/fr\/actualites\/#primaryimage\"},\"thumbnailUrl\":\"https:\/\/tierpark-bern.ch\/web\/app\/uploads\/2020\/07\/Stumpfkrokodil-91-tierpark-bern.jpg\",\"datePublished\":\"2020-08-19T13:23:39+00:00\",\"dateModified\":\"2023-05-26T08:44:09+00:00\",\"description\":\"Vous trouverez ici toutes les nouveaut\u00e9s concernant le parc zoologique de Berne et ses habitants animaux.\",\"breadcrumb\":{\"@id\":\"https:\/\/tierpark-bern.ch\/fr\/actualites\/#breadcrumb\"},\"inLanguage\":\"fr-FR\",\"potentialAction\":[{\"@type\":\"ReadAction\",\"target\":[\"https:\/\/tierpark-bern.ch\/fr\/actualites\/\"]}]},{\"@type\":\"ImageObject\",\"inLanguage\":\"fr-FR\",\"@id\":\"https:\/\/tierpark-bern.ch\/fr\/actualites\/#primaryimage\",\"url\":\"https:\/\/tierpark-bern.ch\/web\/app\/uploads\/2020\/07\/Stumpfkrokodil-91-tierpark-bern.jpg\",\"contentUrl\":\"https:\/\/tierpark-bern.ch\/web\/app\/uploads\/2020\/07\/Stumpfkrokodil-91-tierpark-bern.jpg\",\"width\":1500,\"height\":998},{\"@type\":\"BreadcrumbList\",\"@id\":\"https:\/\/tierpark-bern.ch\/fr\/actualites\/#breadcrumb\",\"itemListElement\":[{\"@type\":\"ListItem\",\"position\":1,\"name\":\"Home\",\"item\":\"https:\/\/tierpark-bern.ch\/fr\/home\/\"},{\"@type\":\"ListItem\",\"position\":2,\"name\":\"Actualit\u00e9s\"}]},{\"@type\":\"WebSite\",\"@id\":\"https:\/\/tierpark-bern.ch\/fr\/#website\",\"url\":\"https:\/\/tierpark-bern.ch\/fr\/\",\"name\":\"Tierpark Bern\",\"description\":\"\",\"publisher\":{\"@id\":\"https:\/\/tierpark-bern.ch\/fr\/#organization\"},\"potentialAction\":[{\"@type\":\"SearchAction\",\"target\":{\"@type\":\"EntryPoint\",\"urlTemplate\":\"https:\/\/tierpark-bern.ch\/fr\/?s={search_term_string}\"},\"query-input\":{\"@type\":\"PropertyValueSpecification\",\"valueRequired\":true,\"valueName\":\"search_term_string\"}}],\"inLanguage\":\"fr-FR\"},{\"@type\":\"Organization\",\"@id\":\"https:\/\/tierpark-bern.ch\/fr\/#organization\",\"name\":\"Tierpark Bern | D\u00e4hlh\u00f6lzli + B\u00e4renPark\",\"alternateName\":\"Tierpark Bern\",\"url\":\"https:\/\/tierpark-bern.ch\/fr\/\",\"logo\":{\"@type\":\"ImageObject\",\"inLanguage\":\"fr-FR\",\"@id\":\"https:\/\/tierpark-bern.ch\/fr\/#\/schema\/logo\/image\/\",\"url\":\"https:\/\/tierpark-bern.ch\/web\/app\/uploads\/2024\/04\/tierpark-bern-696x696-1.jpg\",\"contentUrl\":\"https:\/\/tierpark-bern.ch\/web\/app\/uploads\/2024\/04\/tierpark-bern-696x696-1.jpg\",\"width\":696,\"height\":696,\"caption\":\"Tierpark Bern | D\u00e4hlh\u00f6lzli + B\u00e4renPark\"},\"image\":{\"@id\":\"https:\/\/tierpark-bern.ch\/fr\/#\/schema\/logo\/image\/\"},\"sameAs\":[\"https:\/\/www.facebook.com\/tierparkbern\/\",\"https:\/\/x.com\/tierparkbern\",\"https:\/\/www.instagram.com\/tierparkbern\/\"]}]}<\/script>","yoast_head_json":{"title":"Actualit\u00e9s | Tierpark Bern","description":"Vous trouverez ici toutes les nouveaut\u00e9s concernant le parc zoologique de Berne et ses habitants animaux.","robots":{"index":"index","follow":"follow","max-snippet":"max-snippet:-1","max-image-preview":"max-image-preview:large","max-video-preview":"max-video-preview:-1"},"canonical":"https:\/\/tierpark-bern.ch\/fr\/actualites\/","og_locale":"fr_FR","og_type":"article","og_title":"Actualit\u00e9s | Tierpark Bern","og_description":"Vous trouverez ici toutes les nouveaut\u00e9s concernant le parc zoologique de Berne et ses habitants animaux.","og_url":"https:\/\/tierpark-bern.ch\/fr\/actualites\/","og_site_name":"Tierpark Bern","article_publisher":"https:\/\/www.facebook.com\/tierparkbern\/","article_modified_time":"2023-05-26T08:44:09+00:00","og_image":[{"width":1500,"height":998,"url":"https:\/\/tierpark-bern.ch\/web\/app\/uploads\/2020\/07\/Stumpfkrokodil-91-tierpark-bern.jpg","type":"image\/jpeg"}],"schema":{"@context":"https:\/\/schema.org","@graph":[{"@type":"WebPage","@id":"https:\/\/tierpark-bern.ch\/fr\/actualites\/","url":"https:\/\/tierpark-bern.ch\/fr\/actualites\/","name":"Actualit\u00e9s | Tierpark Bern","isPartOf":{"@id":"https:\/\/tierpark-bern.ch\/fr\/#website"},"primaryImageOfPage":{"@id":"https:\/\/tierpark-bern.ch\/fr\/actualites\/#primaryimage"},"image":{"@id":"https:\/\/tierpark-bern.ch\/fr\/actualites\/#primaryimage"},"thumbnailUrl":"https:\/\/tierpark-bern.ch\/web\/app\/uploads\/2020\/07\/Stumpfkrokodil-91-tierpark-bern.jpg","datePublished":"2020-08-19T13:23:39+00:00","dateModified":"2023-05-26T08:44:09+00:00","description":"Vous trouverez ici toutes les nouveaut\u00e9s concernant le parc zoologique de Berne et ses habitants animaux.","breadcrumb":{"@id":"https:\/\/tierpark-bern.ch\/fr\/actualites\/#breadcrumb"},"inLanguage":"fr-FR","potentialAction":[{"@type":"ReadAction","target":["https:\/\/tierpark-bern.ch\/fr\/actualites\/"]}]},{"@type":"ImageObject","inLanguage":"fr-FR","@id":"https:\/\/tierpark-bern.ch\/fr\/actualites\/#primaryimage","url":"https:\/\/tierpark-bern.ch\/web\/app\/uploads\/2020\/07\/Stumpfkrokodil-91-tierpark-bern.jpg","contentUrl":"https:\/\/tierpark-bern.ch\/web\/app\/uploads\/2020\/07\/Stumpfkrokodil-91-tierpark-bern.jpg","width":1500,"height":998},{"@type":"BreadcrumbList","@id":"https:\/\/tierpark-bern.ch\/fr\/actualites\/#breadcrumb","itemListElement":[{"@type":"ListItem","position":1,"name":"Home","item":"https:\/\/tierpark-bern.ch\/fr\/home\/"},{"@type":"ListItem","position":2,"name":"Actualit\u00e9s"}]},{"@type":"WebSite","@id":"https:\/\/tierpark-bern.ch\/fr\/#website","url":"https:\/\/tierpark-bern.ch\/fr\/","name":"Tierpark Bern","description":"","publisher":{"@id":"https:\/\/tierpark-bern.ch\/fr\/#organization"},"potentialAction":[{"@type":"SearchAction","target":{"@type":"EntryPoint","urlTemplate":"https:\/\/tierpark-bern.ch\/fr\/?s={search_term_string}"},"query-input":{"@type":"PropertyValueSpecification","valueRequired":true,"valueName":"search_term_string"}}],"inLanguage":"fr-FR"},{"@type":"Organization","@id":"https:\/\/tierpark-bern.ch\/fr\/#organization","name":"Tierpark Bern | D\u00e4hlh\u00f6lzli + B\u00e4renPark","alternateName":"Tierpark Bern","url":"https:\/\/tierpark-bern.ch\/fr\/","logo":{"@type":"ImageObject","inLanguage":"fr-FR","@id":"https:\/\/tierpark-bern.ch\/fr\/#\/schema\/logo\/image\/","url":"https:\/\/tierpark-bern.ch\/web\/app\/uploads\/2024\/04\/tierpark-bern-696x696-1.jpg","contentUrl":"https:\/\/tierpark-bern.ch\/web\/app\/uploads\/2024\/04\/tierpark-bern-696x696-1.jpg","width":696,"height":696,"caption":"Tierpark Bern | D\u00e4hlh\u00f6lzli + B\u00e4renPark"},"image":{"@id":"https:\/\/tierpark-bern.ch\/fr\/#\/schema\/logo\/image\/"},"sameAs":["https:\/\/www.facebook.com\/tierparkbern\/","https:\/\/x.com\/tierparkbern","https:\/\/www.instagram.com\/tierparkbern\/"]}]}},"_links":{"self":[{"href":"https:\/\/tierpark-bern.ch\/fr\/wp-json\/wp\/v2\/pages\/51210","targetHints":{"allow":["GET"]}}],"collection":[{"href":"https:\/\/tierpark-bern.ch\/fr\/wp-json\/wp\/v2\/pages"}],"about":[{"href":"https:\/\/tierpark-bern.ch\/fr\/wp-json\/wp\/v2\/types\/page"}],"author":[{"embeddable":true,"href":"https:\/\/tierpark-bern.ch\/fr\/wp-json\/wp\/v2\/users\/1"}],"replies":[{"embeddable":true,"href":"https:\/\/tierpark-bern.ch\/fr\/wp-json\/wp\/v2\/comments?post=51210"}],"version-history":[{"count":0,"href":"https:\/\/tierpark-bern.ch\/fr\/wp-json\/wp\/v2\/pages\/51210\/revisions"}],"wp:featuredmedia":[{"embeddable":true,"href":"https:\/\/tierpark-bern.ch\/fr\/wp-json\/wp\/v2\/media\/24417"}],"wp:attachment":[{"href":"https:\/\/tierpark-bern.ch\/fr\/wp-json\/wp\/v2\/media?parent=51210"}],"curies":[{"name":"wp","href":"https:\/\/api.w.org\/{rel}","templated":true}]}}