{"id":51962,"date":"2020-08-29T09:06:57","date_gmt":"2020-08-29T07:06:57","guid":{"rendered":"https:\/\/tierpark-bern.ch\/ecoles\/schulkurse-workshops\/"},"modified":"2023-11-21T11:54:06","modified_gmt":"2023-11-21T10:54:06","slug":"schulkurse-workshops","status":"publish","type":"page","link":"https:\/\/tierpark-bern.ch\/fr\/ecoles\/schulkurse-workshops\/","title":{"rendered":"Erlebnisse f\u00fcr Schulen"},"content":{"rendered":"<div class=\"wpb-content-wrapper\"><p>[vc_row][vc_column][vc_column_text]<\/p>\n<h1>Ein Staunen, eine Verantwortung<\/h1>\n<p>Das Ziel unserer Schulkurse und Workshops\u00a0ist es, Verst\u00e4ndnis f\u00fcr Tiere und deren Umwelt zu wecken und unvergessliche Erlebnisse zu vermitteln; dies sowohl bei Vorschul- und Schulkindern wie auch bei Erwachsenen.[\/vc_column_text][\/vc_column][\/vc_row][vc_row][vc_column width=&#8221;1\/2&#8243;][vc_single_image image=&#8221;17658&#8243; add_caption=&#8221;yes&#8221;][\/vc_column][vc_column width=&#8221;1\/2&#8243;][vc_single_image image=&#8221;17660&#8243; add_caption=&#8221;yes&#8221;][\/vc_column][\/vc_row][vc_row][vc_column][vc_column_text]<\/p>\n<h2>Schulkurse und Workshops<\/h2>\n<p>Unsere Schulkurse sollen den Unterricht erweitern, erg\u00e4nzen und vertiefen. Aktives Sehen, angeleitetes Beobachten, Erleben und Begreifen und Hinterfragen sind uns besonders wichtig. Die direkte Begegnung mit den Tieren steht dabei im Zentrum. Zudem bieten wir auch Workshops an, dies sind explizit auf den Lehrplan 21 zugeschnittene Schulkurse.<\/p>\n<p><a class=\"button button--tierpark\" href=\"https:\/\/tierpark-bern.ch\/zoopaedagogik\/kindergarten\/\">1. Zyklus: Kindergarten<\/a><\/p>\n<p><a class=\"button button--tierpark\" href=\"https:\/\/tierpark-bern.ch\/zoopaedagogik\/primar-und-sekundarschule\/\">1. Zyklus: 1.\/2. Klasse<\/a><\/p>\n<p><a class=\"button button--tierpark\" href=\"https:\/\/tierpark-bern.ch\/zoopaedagogik\/gymnasien\/\">2. und 3. Zyklus Gymnasien<\/a>[\/vc_column_text][\/vc_column][\/vc_row][vc_row][vc_column width=&#8221;1\/2&#8243;][vc_single_image image=&#8221;17664&#8243; add_caption=&#8221;yes&#8221;][\/vc_column][vc_column width=&#8221;1\/2&#8243;][vc_single_image image=&#8221;17666&#8243; add_caption=&#8221;yes&#8221;][\/vc_column][\/vc_row][vc_row][vc_column][vc_column_text]<\/p>\n<h2>Themenkisten<\/h2>\n<p>Zu Reptilien, Fischen, V\u00f6geln, B\u00e4ren, Artenschutz und vielen weiteren Themen bieten wir f\u00fcr den Unterricht Themenkisten an. Sie enthalten Materialen wie Federn, Felle, H\u00e4ute und Sch\u00e4del sowie Unterrichtshilfen, Bastelanleitungen, Spiele, Fach- und Bilderb\u00fccher und vieles mehr.<\/p>\n<p><a class=\"button button--tierpark\" href=\"https:\/\/tierpark-bern.ch\/zoopaedagogik\/themenkisten\/\">Zu den Themenkisten<\/a>[\/vc_column_text][vc_column_text]<\/p>\n<h2>Weiterbildung f\u00fcr Lehrkr\u00e4fte<\/h2>\n<p>Zusammen mit der PH Bern bieten wir regelm\u00e4ssig Weiterbildungskurse f\u00fcr Lehrpersonen an. Zudem k\u00f6nnen auch Weiterbildungsanl\u00e4sse f\u00fcr Kollegien gebucht werden.<\/p>\n<p><a class=\"button button--tierpark\" href=\"https:\/\/tierpark-bern.ch\/zoopaedagogik\/lehrkraft-weiterbildung\/\">Zur Weiterbildung<\/a>[\/vc_column_text][vc_column_text]<\/p>\n<h2>Betreuung und Beratung von Semester- und Maturaarbeiten<\/h2>\n<p>Gerne helfen wir bei der Betreuung von Semester- oder Maturaarbeiten mit.<br \/>\n[\/vc_column_text][vc_column_text]<\/p>\n<h2>Schulprojekt im Tierpark<\/h2>\n<p>F\u00fcr l\u00e4ngerfristige Projekte, welche mehrere Besuche im Tierpark umfassen, bieten wir die M\u00f6glichkeit, dass der Eintritt nur einmal bezahlt werden muss. Bitte nehmen Sie bei der Planung eines solchen Projekts fr\u00fchzeitig mit uns Kontakt auf, damit wir die M\u00f6glichkeiten und das zu entstehende Endprodukt, welches dem Tierpark zur Verf\u00fcgung gestellt werden muss, besprechen k\u00f6nnen. Wenn das Projekt von uns gutgeheissen wird, ben\u00f6tigen wir die von Ihnen die untenstehende ausgef\u00fcllte \u00abVereinbarung Schulprojekte\u00bb.<\/p>\n<p><a class=\"button button--tierpark\" title=\"Download Vereinbarung Schulprojekte.docx (583.7kB), Version vom 29.06.2019 11:45\" href=\"https:\/\/tierpark-bern.ch\/web\/app\/uploads\/2020\/08\/Vereinbarung-Schulprojekte.docx\" target=\"_blank\" rel=\"noopener noreferrer\">Vereinbarung Schulprojekte (Word Dokument, 584 KB, nicht barrierefrei)<\/a>[\/vc_column_text][vc_column_text]<\/p>\n<h2>Die Schulkurse in den Medien<\/h2>\n<p>Lesen Sie hier die elektronischen Ausgaben der &#8220;Schulpraxis&#8221; \u00fcber die Tierische P\u00e4dagogik vom Kindergarten bis ins Erwachsenenalter im Tierpark Bern.<\/p>\n<p><a class=\"button button--tierpark\" href=\"https:\/\/tierpark-bern.ch\/web\/app\/uploads\/2020\/08\/unterrichtsfragen.pdf\" target=\"_blank\" rel=\"noopener noreferrer\" aria-label=\"Beitrag in der Zeitschrift \">Beitrag in der Zeitschrift &#8220;die neue schulpraxis&#8221; 3 \/ 2018 (PDF, 356 KB, nicht barrierefrei)<\/a>[\/vc_column_text][vc_column_text]<\/p>\n<h2>Kontakt<\/h2>\n<p>Sie erreichen uns in der Regel von Montag bis Freitag zwischen 9.00 und 16.00 Uhr unter +41 31 321 15 26. In den Schulferienwochen kann es vereinzelt zu Abweichungen der Pr\u00e4senzzeiten kommen.[\/vc_column_text][\/vc_column][\/vc_row][vc_row][vc_column][vc_column_text]<section class=\"section no-padding-bottom page-suggestion-container\">\n            <div class=\"container\">\n                <div class=\"row bottom-50\">\n                    <div class=\"col-12\">\n                        <div class=\"heading heading--primary heading--center\">\n                            <h2 class=\"heading__title no-margin-bottom\"><span>Autres Th\u00e8mes<\/span><\/h2>\n                        <\/div>\n                    <\/div>\n                <\/div>\n                <div class=\"row\"><div class=\"col-md-6 col-xl-4 \">\n                        <div class=\"service-content\" tabindex=\"0\" role=\"link\" onclick=\"suggestionLinkfunction(this);\" data-href=\"https:\/\/tierpark-bern.ch\/fr\/ecoles\/kindergarten\/\">\n                            <img decoding=\"async\" src=\"https:\/\/tierpark-bern.ch\/web\/app\/uploads\/2020\/08\/Zoop\u00e4dagogik-Kindergarten-386x230.png\" alt=\"\"\/>\n                                <div class=\"service-desc\">\n                                    <div class=\"vcenter\">\n                                        <div class=\"titel\">Kindergarten<\/div>\n                                    <\/div>\n                                <\/div>\n                        <\/div>\n                    <\/div><div class=\"col-md-6 col-xl-4 \">\n                        <div class=\"service-content\" tabindex=\"0\" role=\"link\" onclick=\"suggestionLinkfunction(this);\" data-href=\"https:\/\/tierpark-bern.ch\/fr\/ecoles\/primar-und-sekundarschule\/\">\n                            <img decoding=\"async\" src=\"https:\/\/tierpark-bern.ch\/web\/app\/uploads\/2020\/08\/Zoop\u00e4dagogik-Kindergarten-Primar-Sekundarschule-386x230.png\" alt=\"\"\/>\n                                <div class=\"service-desc\">\n                                    <div class=\"vcenter\">\n                                        <div class=\"titel\">Primar und Sekundarschule<\/div>\n                                    <\/div>\n                                <\/div>\n                        <\/div>\n                    <\/div><div class=\"col-md-6 col-xl-4 \">\n                        <div class=\"service-content\" tabindex=\"0\" role=\"link\" onclick=\"suggestionLinkfunction(this);\" data-href=\"https:\/\/tierpark-bern.ch\/fr\/ecoles\/gymnasien\/\">\n                            <img decoding=\"async\" src=\"https:\/\/tierpark-bern.ch\/web\/app\/uploads\/2020\/08\/Zoop\u00e4dagogik-Gymnasien-386x230.png\" alt=\"\"\/>\n                                <div class=\"service-desc\">\n                                    <div class=\"vcenter\">\n                                        <div class=\"titel\">Gymnasien<\/div>\n                                    <\/div>\n                                <\/div>\n                        <\/div>\n                    <\/div><\/div>\n            <\/div>\n        <\/section>[\/vc_column_text][\/vc_column][\/vc_row]<\/p>\n<\/div>","protected":false},"excerpt":{"rendered":"<p>Zooschulen begeistern f\u00fcr Natur und Tiere, sie f\u00f6rdert das Wissen \u00fcber die biologische Vielfalt sowie die Zusammenh\u00e4nge in der Natur.<\/p>\n","protected":false},"author":1,"featured_media":17658,"parent":47223,"menu_order":0,"comment_status":"closed","ping_status":"closed","template":"","meta":{"_acf_changed":false,"footnotes":""},"class_list":["post-51962","page","type-page","status-publish","has-post-thumbnail","hentry"],"acf":[],"yoast_head":"<title>Erlebnisse f\u00fcr Schulen | Tierpark Bern<\/title>\n<meta name=\"description\" content=\"Zooschulen begeistern f\u00fcr Natur und Tiere, sie f\u00f6rdert das Wissen \u00fcber die biologische Vielfalt sowie die Zusammenh\u00e4nge in der Natur.\" \/>\n<meta name=\"robots\" content=\"index, follow, max-snippet:-1, max-image-preview:large, max-video-preview:-1\" \/>\n<link rel=\"canonical\" href=\"https:\/\/tierpark-bern.ch\/fr\/ecoles\/schulkurse-workshops\/\" \/>\n<meta property=\"og:locale\" content=\"fr_FR\" \/>\n<meta property=\"og:type\" content=\"article\" \/>\n<meta property=\"og:title\" content=\"Erlebnisse f\u00fcr Schulen | Tierpark Bern\" \/>\n<meta property=\"og:description\" content=\"Zooschulen begeistern f\u00fcr Natur und Tiere, sie f\u00f6rdert das Wissen \u00fcber die biologische Vielfalt sowie die Zusammenh\u00e4nge in der Natur.\" \/>\n<meta property=\"og:url\" content=\"https:\/\/tierpark-bern.ch\/fr\/ecoles\/schulkurse-workshops\/\" \/>\n<meta property=\"og:site_name\" content=\"Tierpark Bern\" \/>\n<meta property=\"article:publisher\" content=\"https:\/\/www.facebook.com\/tierparkbern\/\" \/>\n<meta property=\"article:modified_time\" content=\"2023-11-21T10:54:06+00:00\" \/>\n<meta property=\"og:image\" content=\"https:\/\/tierpark-bern.ch\/web\/app\/uploads\/2022\/02\/schulkurs-tierpark-bern.jpg\" \/>\n\t<meta property=\"og:image:width\" content=\"1500\" \/>\n\t<meta property=\"og:image:height\" content=\"1125\" \/>\n\t<meta property=\"og:image:type\" content=\"image\/jpeg\" \/>\n<script type=\"application\/ld+json\" class=\"yoast-schema-graph\">{\"@context\":\"https:\/\/schema.org\",\"@graph\":[{\"@type\":\"WebPage\",\"@id\":\"https:\/\/tierpark-bern.ch\/fr\/ecoles\/schulkurse-workshops\/\",\"url\":\"https:\/\/tierpark-bern.ch\/fr\/ecoles\/schulkurse-workshops\/\",\"name\":\"Erlebnisse f\u00fcr Schulen | Tierpark Bern\",\"isPartOf\":{\"@id\":\"https:\/\/tierpark-bern.ch\/fr\/#website\"},\"primaryImageOfPage\":{\"@id\":\"https:\/\/tierpark-bern.ch\/fr\/ecoles\/schulkurse-workshops\/#primaryimage\"},\"image\":{\"@id\":\"https:\/\/tierpark-bern.ch\/fr\/ecoles\/schulkurse-workshops\/#primaryimage\"},\"thumbnailUrl\":\"https:\/\/tierpark-bern.ch\/web\/app\/uploads\/2022\/02\/schulkurs-tierpark-bern.jpg\",\"datePublished\":\"2020-08-29T07:06:57+00:00\",\"dateModified\":\"2023-11-21T10:54:06+00:00\",\"description\":\"Zooschulen begeistern f\u00fcr Natur und Tiere, sie f\u00f6rdert das Wissen \u00fcber die biologische Vielfalt sowie die Zusammenh\u00e4nge in der Natur.\",\"breadcrumb\":{\"@id\":\"https:\/\/tierpark-bern.ch\/fr\/ecoles\/schulkurse-workshops\/#breadcrumb\"},\"inLanguage\":\"fr-FR\",\"potentialAction\":[{\"@type\":\"ReadAction\",\"target\":[\"https:\/\/tierpark-bern.ch\/fr\/ecoles\/schulkurse-workshops\/\"]}]},{\"@type\":\"ImageObject\",\"inLanguage\":\"fr-FR\",\"@id\":\"https:\/\/tierpark-bern.ch\/fr\/ecoles\/schulkurse-workshops\/#primaryimage\",\"url\":\"https:\/\/tierpark-bern.ch\/web\/app\/uploads\/2022\/02\/schulkurs-tierpark-bern.jpg\",\"contentUrl\":\"https:\/\/tierpark-bern.ch\/web\/app\/uploads\/2022\/02\/schulkurs-tierpark-bern.jpg\",\"width\":1500,\"height\":1125,\"caption\":\"Das D\u00e4hlh\u00f6lzli, ein Ort, wo man auch dann lernt, wenn man gar nichts zu lernen beabsichtigt!\"},{\"@type\":\"BreadcrumbList\",\"@id\":\"https:\/\/tierpark-bern.ch\/fr\/ecoles\/schulkurse-workshops\/#breadcrumb\",\"itemListElement\":[{\"@type\":\"ListItem\",\"position\":1,\"name\":\"Home\",\"item\":\"https:\/\/tierpark-bern.ch\/fr\/home\/\"},{\"@type\":\"ListItem\",\"position\":2,\"name\":\"\u00c9coles\",\"item\":\"https:\/\/tierpark-bern.ch\/fr\/ecoles\/\"},{\"@type\":\"ListItem\",\"position\":3,\"name\":\"Erlebnisse f\u00fcr Schulen\"}]},{\"@type\":\"WebSite\",\"@id\":\"https:\/\/tierpark-bern.ch\/fr\/#website\",\"url\":\"https:\/\/tierpark-bern.ch\/fr\/\",\"name\":\"Tierpark Bern\",\"description\":\"\",\"publisher\":{\"@id\":\"https:\/\/tierpark-bern.ch\/fr\/#organization\"},\"potentialAction\":[{\"@type\":\"SearchAction\",\"target\":{\"@type\":\"EntryPoint\",\"urlTemplate\":\"https:\/\/tierpark-bern.ch\/fr\/?s={search_term_string}\"},\"query-input\":{\"@type\":\"PropertyValueSpecification\",\"valueRequired\":true,\"valueName\":\"search_term_string\"}}],\"inLanguage\":\"fr-FR\"},{\"@type\":\"Organization\",\"@id\":\"https:\/\/tierpark-bern.ch\/fr\/#organization\",\"name\":\"Tierpark Bern | D\u00e4hlh\u00f6lzli + B\u00e4renPark\",\"alternateName\":\"Tierpark Bern\",\"url\":\"https:\/\/tierpark-bern.ch\/fr\/\",\"logo\":{\"@type\":\"ImageObject\",\"inLanguage\":\"fr-FR\",\"@id\":\"https:\/\/tierpark-bern.ch\/fr\/#\/schema\/logo\/image\/\",\"url\":\"https:\/\/tierpark-bern.ch\/web\/app\/uploads\/2024\/04\/tierpark-bern-696x696-1.jpg\",\"contentUrl\":\"https:\/\/tierpark-bern.ch\/web\/app\/uploads\/2024\/04\/tierpark-bern-696x696-1.jpg\",\"width\":696,\"height\":696,\"caption\":\"Tierpark Bern | D\u00e4hlh\u00f6lzli + B\u00e4renPark\"},\"image\":{\"@id\":\"https:\/\/tierpark-bern.ch\/fr\/#\/schema\/logo\/image\/\"},\"sameAs\":[\"https:\/\/www.facebook.com\/tierparkbern\/\",\"https:\/\/x.com\/tierparkbern\",\"https:\/\/www.instagram.com\/tierparkbern\/\"]}]}<\/script>","yoast_head_json":{"title":"Erlebnisse f\u00fcr Schulen | Tierpark Bern","description":"Zooschulen begeistern f\u00fcr Natur und Tiere, sie f\u00f6rdert das Wissen \u00fcber die biologische Vielfalt sowie die Zusammenh\u00e4nge in der Natur.","robots":{"index":"index","follow":"follow","max-snippet":"max-snippet:-1","max-image-preview":"max-image-preview:large","max-video-preview":"max-video-preview:-1"},"canonical":"https:\/\/tierpark-bern.ch\/fr\/ecoles\/schulkurse-workshops\/","og_locale":"fr_FR","og_type":"article","og_title":"Erlebnisse f\u00fcr Schulen | Tierpark Bern","og_description":"Zooschulen begeistern f\u00fcr Natur und Tiere, sie f\u00f6rdert das Wissen \u00fcber die biologische Vielfalt sowie die Zusammenh\u00e4nge in der Natur.","og_url":"https:\/\/tierpark-bern.ch\/fr\/ecoles\/schulkurse-workshops\/","og_site_name":"Tierpark Bern","article_publisher":"https:\/\/www.facebook.com\/tierparkbern\/","article_modified_time":"2023-11-21T10:54:06+00:00","og_image":[{"width":1500,"height":1125,"url":"https:\/\/tierpark-bern.ch\/web\/app\/uploads\/2022\/02\/schulkurs-tierpark-bern.jpg","type":"image\/jpeg"}],"schema":{"@context":"https:\/\/schema.org","@graph":[{"@type":"WebPage","@id":"https:\/\/tierpark-bern.ch\/fr\/ecoles\/schulkurse-workshops\/","url":"https:\/\/tierpark-bern.ch\/fr\/ecoles\/schulkurse-workshops\/","name":"Erlebnisse f\u00fcr Schulen | Tierpark Bern","isPartOf":{"@id":"https:\/\/tierpark-bern.ch\/fr\/#website"},"primaryImageOfPage":{"@id":"https:\/\/tierpark-bern.ch\/fr\/ecoles\/schulkurse-workshops\/#primaryimage"},"image":{"@id":"https:\/\/tierpark-bern.ch\/fr\/ecoles\/schulkurse-workshops\/#primaryimage"},"thumbnailUrl":"https:\/\/tierpark-bern.ch\/web\/app\/uploads\/2022\/02\/schulkurs-tierpark-bern.jpg","datePublished":"2020-08-29T07:06:57+00:00","dateModified":"2023-11-21T10:54:06+00:00","description":"Zooschulen begeistern f\u00fcr Natur und Tiere, sie f\u00f6rdert das Wissen \u00fcber die biologische Vielfalt sowie die Zusammenh\u00e4nge in der Natur.","breadcrumb":{"@id":"https:\/\/tierpark-bern.ch\/fr\/ecoles\/schulkurse-workshops\/#breadcrumb"},"inLanguage":"fr-FR","potentialAction":[{"@type":"ReadAction","target":["https:\/\/tierpark-bern.ch\/fr\/ecoles\/schulkurse-workshops\/"]}]},{"@type":"ImageObject","inLanguage":"fr-FR","@id":"https:\/\/tierpark-bern.ch\/fr\/ecoles\/schulkurse-workshops\/#primaryimage","url":"https:\/\/tierpark-bern.ch\/web\/app\/uploads\/2022\/02\/schulkurs-tierpark-bern.jpg","contentUrl":"https:\/\/tierpark-bern.ch\/web\/app\/uploads\/2022\/02\/schulkurs-tierpark-bern.jpg","width":1500,"height":1125,"caption":"Das D\u00e4hlh\u00f6lzli, ein Ort, wo man auch dann lernt, wenn man gar nichts zu lernen beabsichtigt!"},{"@type":"BreadcrumbList","@id":"https:\/\/tierpark-bern.ch\/fr\/ecoles\/schulkurse-workshops\/#breadcrumb","itemListElement":[{"@type":"ListItem","position":1,"name":"Home","item":"https:\/\/tierpark-bern.ch\/fr\/home\/"},{"@type":"ListItem","position":2,"name":"\u00c9coles","item":"https:\/\/tierpark-bern.ch\/fr\/ecoles\/"},{"@type":"ListItem","position":3,"name":"Erlebnisse f\u00fcr Schulen"}]},{"@type":"WebSite","@id":"https:\/\/tierpark-bern.ch\/fr\/#website","url":"https:\/\/tierpark-bern.ch\/fr\/","name":"Tierpark Bern","description":"","publisher":{"@id":"https:\/\/tierpark-bern.ch\/fr\/#organization"},"potentialAction":[{"@type":"SearchAction","target":{"@type":"EntryPoint","urlTemplate":"https:\/\/tierpark-bern.ch\/fr\/?s={search_term_string}"},"query-input":{"@type":"PropertyValueSpecification","valueRequired":true,"valueName":"search_term_string"}}],"inLanguage":"fr-FR"},{"@type":"Organization","@id":"https:\/\/tierpark-bern.ch\/fr\/#organization","name":"Tierpark Bern | D\u00e4hlh\u00f6lzli + B\u00e4renPark","alternateName":"Tierpark Bern","url":"https:\/\/tierpark-bern.ch\/fr\/","logo":{"@type":"ImageObject","inLanguage":"fr-FR","@id":"https:\/\/tierpark-bern.ch\/fr\/#\/schema\/logo\/image\/","url":"https:\/\/tierpark-bern.ch\/web\/app\/uploads\/2024\/04\/tierpark-bern-696x696-1.jpg","contentUrl":"https:\/\/tierpark-bern.ch\/web\/app\/uploads\/2024\/04\/tierpark-bern-696x696-1.jpg","width":696,"height":696,"caption":"Tierpark Bern | D\u00e4hlh\u00f6lzli + B\u00e4renPark"},"image":{"@id":"https:\/\/tierpark-bern.ch\/fr\/#\/schema\/logo\/image\/"},"sameAs":["https:\/\/www.facebook.com\/tierparkbern\/","https:\/\/x.com\/tierparkbern","https:\/\/www.instagram.com\/tierparkbern\/"]}]}},"_links":{"self":[{"href":"https:\/\/tierpark-bern.ch\/fr\/wp-json\/wp\/v2\/pages\/51962","targetHints":{"allow":["GET"]}}],"collection":[{"href":"https:\/\/tierpark-bern.ch\/fr\/wp-json\/wp\/v2\/pages"}],"about":[{"href":"https:\/\/tierpark-bern.ch\/fr\/wp-json\/wp\/v2\/types\/page"}],"author":[{"embeddable":true,"href":"https:\/\/tierpark-bern.ch\/fr\/wp-json\/wp\/v2\/users\/1"}],"replies":[{"embeddable":true,"href":"https:\/\/tierpark-bern.ch\/fr\/wp-json\/wp\/v2\/comments?post=51962"}],"version-history":[{"count":0,"href":"https:\/\/tierpark-bern.ch\/fr\/wp-json\/wp\/v2\/pages\/51962\/revisions"}],"up":[{"embeddable":true,"href":"https:\/\/tierpark-bern.ch\/fr\/wp-json\/wp\/v2\/pages\/47223"}],"wp:featuredmedia":[{"embeddable":true,"href":"https:\/\/tierpark-bern.ch\/fr\/wp-json\/wp\/v2\/media\/17658"}],"wp:attachment":[{"href":"https:\/\/tierpark-bern.ch\/fr\/wp-json\/wp\/v2\/media?parent=51962"}],"curies":[{"name":"wp","href":"https:\/\/api.w.org\/{rel}","templated":true}]}}