{"id":51968,"date":"2020-08-20T10:02:22","date_gmt":"2020-08-20T08:02:22","guid":{"rendered":"https:\/\/tierpark-bern.ch\/ecoles\/lehrkraft-weiterbildung\/"},"modified":"2023-11-21T11:56:27","modified_gmt":"2023-11-21T10:56:27","slug":"lehrkraft-weiterbildung","status":"publish","type":"page","link":"https:\/\/tierpark-bern.ch\/fr\/ecoles\/lehrkraft-weiterbildung\/","title":{"rendered":"Lehrkraft Weiterbildung"},"content":{"rendered":"<div class=\"wpb-content-wrapper\"><p>[vc_row][vc_column][vc_column_text]<\/p>\n<h1>Weiterbildung f\u00fcr Lehrpersonen<\/h1>\n<p>Lehrerinnen und Lehrer haben in Zusammenarbeit mit der P\u00e4dagogische Hochschule PHBern die M\u00f6glichkeit, sich \u00fcber die Tierwelt im Tierpark Bern weiterzubilden. Der Tierpark Bern eignet sich bestens als ausserschulischer Lernort. Auch Fortbildungen f\u00fcr ein Kollegium zu bestimmten Themen sind m\u00f6glich. Nehmen Sie bitte fr\u00fchzeitig Kontakt mit der Sektion Bildung und Erlebnis auf.[\/vc_column_text][\/vc_column][\/vc_row][vc_row][vc_column][vc_column_text]<\/p>\n<h2>Kontakt Sektion Bildung und Erlebnis<\/h2>\n<p>Sie erreichen uns in der Regel von Montag bis Freitag zwischen 9.00 und 16.00 Uhr unter +41 31 321 15 26. In den Schulferienwochen kann es vereinzelt zu Abweichungen der Pr\u00e4senzzeiten kommen.[\/vc_column_text][\/vc_column][\/vc_row][vc_row][vc_column][vc_column_text]<\/p>\n<h2>N\u00e4chste Weiterbildungskurse<\/h2>\n<p><a class=\"button button--tierpark\" href=\"https:\/\/www.phbern.ch\/weiterbildung\/weiterbildungssuche?keys=tierpark%20bern\" target=\"_blank\" rel=\"noopener\">Zu den Weiterbildungen mit der P\u00e4dagogische Hochschule PHBern<\/a>[\/vc_column_text][\/vc_column][\/vc_row][vc_row][vc_column][vc_column_text]<section class=\"section no-padding-bottom page-suggestion-container\">\n            <div class=\"container\">\n                <div class=\"row bottom-50\">\n                    <div class=\"col-12\">\n                        <div class=\"heading heading--primary heading--center\">\n                            <h2 class=\"heading__title no-margin-bottom\"><span>Autres Th\u00e8mes<\/span><\/h2>\n                        <\/div>\n                    <\/div>\n                <\/div>\n                <div class=\"row\"><div class=\"col-md-6 col-xl-4 \">\n                        <div class=\"service-content\" tabindex=\"0\" role=\"link\" onclick=\"suggestionLinkfunction(this);\" data-href=\"https:\/\/tierpark-bern.ch\/fr\/ecoles\/schulkurse-workshops\/\">\n                            <img decoding=\"async\" src=\"https:\/\/tierpark-bern.ch\/web\/app\/uploads\/2022\/02\/schulkurs-tierpark-bern-386x230.jpg\" alt=\"\"\/>\n                                <div class=\"service-desc\">\n                                    <div class=\"vcenter\">\n                                        <div class=\"titel\">Erlebnisse f\u00fcr Schulen<\/div>\n                                    <\/div>\n                                <\/div>\n                        <\/div>\n                    <\/div><div class=\"col-md-6 col-xl-4 \">\n                        <div class=\"service-content\" tabindex=\"0\" role=\"link\" onclick=\"suggestionLinkfunction(this);\" data-href=\"https:\/\/tierpark-bern.ch\/fr\/ecoles\/primar-und-sekundarschule\/\">\n                            <img decoding=\"async\" src=\"https:\/\/tierpark-bern.ch\/web\/app\/uploads\/2020\/08\/Zoop\u00e4dagogik-Kindergarten-Primar-Sekundarschule-386x230.png\" alt=\"\"\/>\n                                <div class=\"service-desc\">\n                                    <div class=\"vcenter\">\n                                        <div class=\"titel\">Primar und Sekundarschule<\/div>\n                                    <\/div>\n                                <\/div>\n                        <\/div>\n                    <\/div><div class=\"col-md-6 col-xl-4 \">\n                        <div class=\"service-content\" tabindex=\"0\" role=\"link\" onclick=\"suggestionLinkfunction(this);\" data-href=\"https:\/\/tierpark-bern.ch\/fr\/ecoles\/kindergarten\/\">\n                            <img decoding=\"async\" src=\"https:\/\/tierpark-bern.ch\/web\/app\/uploads\/2020\/08\/Zoop\u00e4dagogik-Kindergarten-386x230.png\" alt=\"\"\/>\n                                <div class=\"service-desc\">\n                                    <div class=\"vcenter\">\n                                        <div class=\"titel\">Kindergarten<\/div>\n                                    <\/div>\n                                <\/div>\n                        <\/div>\n                    <\/div><\/div>\n            <\/div>\n        <\/section>[\/vc_column_text][\/vc_column][\/vc_row]<\/p>\n<\/div>","protected":false},"excerpt":{"rendered":"<p>[vc_row][vc_column][vc_column_text] Weiterbildung f\u00fcr Lehrpersonen Lehrerinnen und Lehrer haben in Zusammenarbeit mit der P\u00e4dagogische Hochschule PHBern die M\u00f6glichkeit, sich \u00fcber die Tierwelt im Tierpark Bern weiterzubilden. Der Tierpark Bern eignet sich bestens als ausserschulischer Lernort. Auch Fortbildungen f\u00fcr ein Kollegium zu bestimmten Themen sind m\u00f6glich. Nehmen Sie bitte fr\u00fchzeitig Kontakt mit der Sektion Bildung und Erlebnis [&hellip;]<\/p>\n","protected":false},"author":1,"featured_media":20722,"parent":47223,"menu_order":0,"comment_status":"closed","ping_status":"closed","template":"","meta":{"_acf_changed":false,"footnotes":""},"class_list":["post-51968","page","type-page","status-publish","has-post-thumbnail","hentry"],"acf":[],"yoast_head":"<title>Lehrkraft Weiterbildung | Tierpark Bern<\/title>\n<meta name=\"description\" content=\"Lehrerinnen und Lehrer haben in Zusammenarbeit mit der P\u00e4dagogische Hochschule PHBern die M\u00f6glichkeit, sich \u00fcber die Tierwelt weiterzubilden.\" \/>\n<meta name=\"robots\" content=\"index, follow, max-snippet:-1, max-image-preview:large, max-video-preview:-1\" \/>\n<link rel=\"canonical\" href=\"https:\/\/tierpark-bern.ch\/fr\/ecoles\/lehrkraft-weiterbildung\/\" \/>\n<meta property=\"og:locale\" content=\"fr_FR\" \/>\n<meta property=\"og:type\" content=\"article\" \/>\n<meta property=\"og:title\" content=\"Lehrkraft Weiterbildung | Tierpark Bern\" \/>\n<meta property=\"og:description\" content=\"Lehrerinnen und Lehrer haben in Zusammenarbeit mit der P\u00e4dagogische Hochschule PHBern die M\u00f6glichkeit, sich \u00fcber die Tierwelt weiterzubilden.\" \/>\n<meta property=\"og:url\" content=\"https:\/\/tierpark-bern.ch\/fr\/ecoles\/lehrkraft-weiterbildung\/\" \/>\n<meta property=\"og:site_name\" content=\"Tierpark Bern\" \/>\n<meta property=\"article:publisher\" content=\"https:\/\/www.facebook.com\/tierparkbern\/\" \/>\n<meta property=\"article:modified_time\" content=\"2023-11-21T10:56:27+00:00\" \/>\n<meta property=\"og:image\" content=\"https:\/\/tierpark-bern.ch\/web\/app\/uploads\/2020\/07\/tierpark-bern-daehlhoelzli-zoo-287.jpg\" \/>\n\t<meta property=\"og:image:width\" content=\"2258\" \/>\n\t<meta property=\"og:image:height\" content=\"1500\" \/>\n\t<meta property=\"og:image:type\" content=\"image\/jpeg\" \/>\n<script type=\"application\/ld+json\" class=\"yoast-schema-graph\">{\"@context\":\"https:\/\/schema.org\",\"@graph\":[{\"@type\":\"WebPage\",\"@id\":\"https:\/\/tierpark-bern.ch\/fr\/ecoles\/lehrkraft-weiterbildung\/\",\"url\":\"https:\/\/tierpark-bern.ch\/fr\/ecoles\/lehrkraft-weiterbildung\/\",\"name\":\"Lehrkraft Weiterbildung | Tierpark Bern\",\"isPartOf\":{\"@id\":\"https:\/\/tierpark-bern.ch\/fr\/#website\"},\"primaryImageOfPage\":{\"@id\":\"https:\/\/tierpark-bern.ch\/fr\/ecoles\/lehrkraft-weiterbildung\/#primaryimage\"},\"image\":{\"@id\":\"https:\/\/tierpark-bern.ch\/fr\/ecoles\/lehrkraft-weiterbildung\/#primaryimage\"},\"thumbnailUrl\":\"https:\/\/tierpark-bern.ch\/web\/app\/uploads\/2020\/07\/tierpark-bern-daehlhoelzli-zoo-287.jpg\",\"datePublished\":\"2020-08-20T08:02:22+00:00\",\"dateModified\":\"2023-11-21T10:56:27+00:00\",\"description\":\"Lehrerinnen und Lehrer haben in Zusammenarbeit mit der P\u00e4dagogische Hochschule PHBern die M\u00f6glichkeit, sich \u00fcber die Tierwelt weiterzubilden.\",\"breadcrumb\":{\"@id\":\"https:\/\/tierpark-bern.ch\/fr\/ecoles\/lehrkraft-weiterbildung\/#breadcrumb\"},\"inLanguage\":\"fr-FR\",\"potentialAction\":[{\"@type\":\"ReadAction\",\"target\":[\"https:\/\/tierpark-bern.ch\/fr\/ecoles\/lehrkraft-weiterbildung\/\"]}]},{\"@type\":\"ImageObject\",\"inLanguage\":\"fr-FR\",\"@id\":\"https:\/\/tierpark-bern.ch\/fr\/ecoles\/lehrkraft-weiterbildung\/#primaryimage\",\"url\":\"https:\/\/tierpark-bern.ch\/web\/app\/uploads\/2020\/07\/tierpark-bern-daehlhoelzli-zoo-287.jpg\",\"contentUrl\":\"https:\/\/tierpark-bern.ch\/web\/app\/uploads\/2020\/07\/tierpark-bern-daehlhoelzli-zoo-287.jpg\",\"width\":2258,\"height\":1500,\"caption\":\"Nahaufnahme von einem Persischen Leoparden\"},{\"@type\":\"BreadcrumbList\",\"@id\":\"https:\/\/tierpark-bern.ch\/fr\/ecoles\/lehrkraft-weiterbildung\/#breadcrumb\",\"itemListElement\":[{\"@type\":\"ListItem\",\"position\":1,\"name\":\"Home\",\"item\":\"https:\/\/tierpark-bern.ch\/fr\/home\/\"},{\"@type\":\"ListItem\",\"position\":2,\"name\":\"\u00c9coles\",\"item\":\"https:\/\/tierpark-bern.ch\/fr\/ecoles\/\"},{\"@type\":\"ListItem\",\"position\":3,\"name\":\"Lehrkraft Weiterbildung\"}]},{\"@type\":\"WebSite\",\"@id\":\"https:\/\/tierpark-bern.ch\/fr\/#website\",\"url\":\"https:\/\/tierpark-bern.ch\/fr\/\",\"name\":\"Tierpark Bern\",\"description\":\"\",\"publisher\":{\"@id\":\"https:\/\/tierpark-bern.ch\/fr\/#organization\"},\"potentialAction\":[{\"@type\":\"SearchAction\",\"target\":{\"@type\":\"EntryPoint\",\"urlTemplate\":\"https:\/\/tierpark-bern.ch\/fr\/?s={search_term_string}\"},\"query-input\":{\"@type\":\"PropertyValueSpecification\",\"valueRequired\":true,\"valueName\":\"search_term_string\"}}],\"inLanguage\":\"fr-FR\"},{\"@type\":\"Organization\",\"@id\":\"https:\/\/tierpark-bern.ch\/fr\/#organization\",\"name\":\"Tierpark Bern | D\u00e4hlh\u00f6lzli + B\u00e4renPark\",\"alternateName\":\"Tierpark Bern\",\"url\":\"https:\/\/tierpark-bern.ch\/fr\/\",\"logo\":{\"@type\":\"ImageObject\",\"inLanguage\":\"fr-FR\",\"@id\":\"https:\/\/tierpark-bern.ch\/fr\/#\/schema\/logo\/image\/\",\"url\":\"https:\/\/tierpark-bern.ch\/web\/app\/uploads\/2024\/04\/tierpark-bern-696x696-1.jpg\",\"contentUrl\":\"https:\/\/tierpark-bern.ch\/web\/app\/uploads\/2024\/04\/tierpark-bern-696x696-1.jpg\",\"width\":696,\"height\":696,\"caption\":\"Tierpark Bern | D\u00e4hlh\u00f6lzli + B\u00e4renPark\"},\"image\":{\"@id\":\"https:\/\/tierpark-bern.ch\/fr\/#\/schema\/logo\/image\/\"},\"sameAs\":[\"https:\/\/www.facebook.com\/tierparkbern\/\",\"https:\/\/x.com\/tierparkbern\",\"https:\/\/www.instagram.com\/tierparkbern\/\"]}]}<\/script>","yoast_head_json":{"title":"Lehrkraft Weiterbildung | Tierpark Bern","description":"Lehrerinnen und Lehrer haben in Zusammenarbeit mit der P\u00e4dagogische Hochschule PHBern die M\u00f6glichkeit, sich \u00fcber die Tierwelt weiterzubilden.","robots":{"index":"index","follow":"follow","max-snippet":"max-snippet:-1","max-image-preview":"max-image-preview:large","max-video-preview":"max-video-preview:-1"},"canonical":"https:\/\/tierpark-bern.ch\/fr\/ecoles\/lehrkraft-weiterbildung\/","og_locale":"fr_FR","og_type":"article","og_title":"Lehrkraft Weiterbildung | Tierpark Bern","og_description":"Lehrerinnen und Lehrer haben in Zusammenarbeit mit der P\u00e4dagogische Hochschule PHBern die M\u00f6glichkeit, sich \u00fcber die Tierwelt weiterzubilden.","og_url":"https:\/\/tierpark-bern.ch\/fr\/ecoles\/lehrkraft-weiterbildung\/","og_site_name":"Tierpark Bern","article_publisher":"https:\/\/www.facebook.com\/tierparkbern\/","article_modified_time":"2023-11-21T10:56:27+00:00","og_image":[{"width":2258,"height":1500,"url":"https:\/\/tierpark-bern.ch\/web\/app\/uploads\/2020\/07\/tierpark-bern-daehlhoelzli-zoo-287.jpg","type":"image\/jpeg"}],"schema":{"@context":"https:\/\/schema.org","@graph":[{"@type":"WebPage","@id":"https:\/\/tierpark-bern.ch\/fr\/ecoles\/lehrkraft-weiterbildung\/","url":"https:\/\/tierpark-bern.ch\/fr\/ecoles\/lehrkraft-weiterbildung\/","name":"Lehrkraft Weiterbildung | Tierpark Bern","isPartOf":{"@id":"https:\/\/tierpark-bern.ch\/fr\/#website"},"primaryImageOfPage":{"@id":"https:\/\/tierpark-bern.ch\/fr\/ecoles\/lehrkraft-weiterbildung\/#primaryimage"},"image":{"@id":"https:\/\/tierpark-bern.ch\/fr\/ecoles\/lehrkraft-weiterbildung\/#primaryimage"},"thumbnailUrl":"https:\/\/tierpark-bern.ch\/web\/app\/uploads\/2020\/07\/tierpark-bern-daehlhoelzli-zoo-287.jpg","datePublished":"2020-08-20T08:02:22+00:00","dateModified":"2023-11-21T10:56:27+00:00","description":"Lehrerinnen und Lehrer haben in Zusammenarbeit mit der P\u00e4dagogische Hochschule PHBern die M\u00f6glichkeit, sich \u00fcber die Tierwelt weiterzubilden.","breadcrumb":{"@id":"https:\/\/tierpark-bern.ch\/fr\/ecoles\/lehrkraft-weiterbildung\/#breadcrumb"},"inLanguage":"fr-FR","potentialAction":[{"@type":"ReadAction","target":["https:\/\/tierpark-bern.ch\/fr\/ecoles\/lehrkraft-weiterbildung\/"]}]},{"@type":"ImageObject","inLanguage":"fr-FR","@id":"https:\/\/tierpark-bern.ch\/fr\/ecoles\/lehrkraft-weiterbildung\/#primaryimage","url":"https:\/\/tierpark-bern.ch\/web\/app\/uploads\/2020\/07\/tierpark-bern-daehlhoelzli-zoo-287.jpg","contentUrl":"https:\/\/tierpark-bern.ch\/web\/app\/uploads\/2020\/07\/tierpark-bern-daehlhoelzli-zoo-287.jpg","width":2258,"height":1500,"caption":"Nahaufnahme von einem Persischen Leoparden"},{"@type":"BreadcrumbList","@id":"https:\/\/tierpark-bern.ch\/fr\/ecoles\/lehrkraft-weiterbildung\/#breadcrumb","itemListElement":[{"@type":"ListItem","position":1,"name":"Home","item":"https:\/\/tierpark-bern.ch\/fr\/home\/"},{"@type":"ListItem","position":2,"name":"\u00c9coles","item":"https:\/\/tierpark-bern.ch\/fr\/ecoles\/"},{"@type":"ListItem","position":3,"name":"Lehrkraft Weiterbildung"}]},{"@type":"WebSite","@id":"https:\/\/tierpark-bern.ch\/fr\/#website","url":"https:\/\/tierpark-bern.ch\/fr\/","name":"Tierpark Bern","description":"","publisher":{"@id":"https:\/\/tierpark-bern.ch\/fr\/#organization"},"potentialAction":[{"@type":"SearchAction","target":{"@type":"EntryPoint","urlTemplate":"https:\/\/tierpark-bern.ch\/fr\/?s={search_term_string}"},"query-input":{"@type":"PropertyValueSpecification","valueRequired":true,"valueName":"search_term_string"}}],"inLanguage":"fr-FR"},{"@type":"Organization","@id":"https:\/\/tierpark-bern.ch\/fr\/#organization","name":"Tierpark Bern | D\u00e4hlh\u00f6lzli + B\u00e4renPark","alternateName":"Tierpark Bern","url":"https:\/\/tierpark-bern.ch\/fr\/","logo":{"@type":"ImageObject","inLanguage":"fr-FR","@id":"https:\/\/tierpark-bern.ch\/fr\/#\/schema\/logo\/image\/","url":"https:\/\/tierpark-bern.ch\/web\/app\/uploads\/2024\/04\/tierpark-bern-696x696-1.jpg","contentUrl":"https:\/\/tierpark-bern.ch\/web\/app\/uploads\/2024\/04\/tierpark-bern-696x696-1.jpg","width":696,"height":696,"caption":"Tierpark Bern | D\u00e4hlh\u00f6lzli + B\u00e4renPark"},"image":{"@id":"https:\/\/tierpark-bern.ch\/fr\/#\/schema\/logo\/image\/"},"sameAs":["https:\/\/www.facebook.com\/tierparkbern\/","https:\/\/x.com\/tierparkbern","https:\/\/www.instagram.com\/tierparkbern\/"]}]}},"_links":{"self":[{"href":"https:\/\/tierpark-bern.ch\/fr\/wp-json\/wp\/v2\/pages\/51968","targetHints":{"allow":["GET"]}}],"collection":[{"href":"https:\/\/tierpark-bern.ch\/fr\/wp-json\/wp\/v2\/pages"}],"about":[{"href":"https:\/\/tierpark-bern.ch\/fr\/wp-json\/wp\/v2\/types\/page"}],"author":[{"embeddable":true,"href":"https:\/\/tierpark-bern.ch\/fr\/wp-json\/wp\/v2\/users\/1"}],"replies":[{"embeddable":true,"href":"https:\/\/tierpark-bern.ch\/fr\/wp-json\/wp\/v2\/comments?post=51968"}],"version-history":[{"count":0,"href":"https:\/\/tierpark-bern.ch\/fr\/wp-json\/wp\/v2\/pages\/51968\/revisions"}],"up":[{"embeddable":true,"href":"https:\/\/tierpark-bern.ch\/fr\/wp-json\/wp\/v2\/pages\/47223"}],"wp:featuredmedia":[{"embeddable":true,"href":"https:\/\/tierpark-bern.ch\/fr\/wp-json\/wp\/v2\/media\/20722"}],"wp:attachment":[{"href":"https:\/\/tierpark-bern.ch\/fr\/wp-json\/wp\/v2\/media?parent=51968"}],"curies":[{"name":"wp","href":"https:\/\/api.w.org\/{rel}","templated":true}]}}