{"id":51974,"date":"2021-12-06T23:23:51","date_gmt":"2021-12-06T22:23:51","guid":{"rendered":"https:\/\/tierpark-bern.ch\/ecoles\/primar-und-sekundarschule\/"},"modified":"2023-11-21T11:09:07","modified_gmt":"2023-11-21T10:09:07","slug":"primar-und-sekundarschule","status":"publish","type":"page","link":"https:\/\/tierpark-bern.ch\/fr\/ecoles\/primar-und-sekundarschule\/","title":{"rendered":"Primar und Sekundarschule"},"content":{"rendered":"<div class=\"wpb-content-wrapper\"><p>[vc_row][vc_column][vc_column_text]<\/p>\n<h1>1. Zyklus (1.\/2. Klasse), 2. und 3. Zyklus<\/h1>\n<p>Unsere Schulkurse und Workshops sollen den Schulunterricht im Fachbereich Natur-Mensch-Gesellschaft (1.\/2. Zyklus) sowie Natur und Technik (3. Zyklus) erg\u00e4nzen und vertiefen. Mit Erlebnissen im Tierpark Bern wollen wir das Naturverst\u00e4ndnis f\u00f6rdern und zu nachhaltigem Verhalten anregen. Aktives Sehen, angeleitetes Beobachten, Erleben, Begreifen und Hinterfragen sind uns besonders wichtig. Die direkte Begegnung mit den Tieren steht dabei im Zentrum. Zudem bieten wir auch Workshops an, die explizit auf den Lehrplan 21 zugeschnitten sind.<\/p>\n<p>[\/vc_column_text][\/vc_column][\/vc_row][vc_row][vc_column][vc_column_text]<\/p>\n<h2>Kurse<\/h2>\n<p>Unsere Schulkurse sind nach dem Flow-Learning-Prinzip aufgebaut. Als Einstieg wird mit einem Besuch im mit viel tierischem Material (Sch\u00e4del, Geweihe, Abdr\u00fccke, Tierpr\u00e4parate, etc.) ausgestattetem Tierpark-Schulzimmer die Begeisterung und Neugierde geweckt. Anschliessend werden ausgew\u00e4hlte Materialien und Themen mit den Sch\u00fclern und Sch\u00fclerinnen besprochen. Im dritten Teil steht das direkte Erlebnis mit den lebenden Tierparktieren im Vordergrund. Die vorher erarbeiteten Themen werden dadurch illustriert, erg\u00e4nzt und ausgebaut.<\/p>\n<h3>Voraussetzung<\/h3>\n<p>Das Kurs-Thema wird \/ wurde im Schulunterricht eingef\u00fchrt und bearbeitet.<\/p>\n<h3>Dauer<\/h3>\n<p>2 Stunden, inkl. 15 Minuten Pause<\/p>\n<h3>Kosten<\/h3>\n<p>CHF 120.- plus <a href=\"https:\/\/tierpark-bern.ch\/fr\/visite-au-zoo\/billets-prix\/\">Eintritte f\u00fcr Kinder ab 6 Jahren<\/a>, 1 Lehrperson gratis[\/vc_column_text][vc_empty_space height=&#8221;12px&#8221;][vc_column_text el_class=&#8221;tbl-themen&#8221;]<\/p>\n<h3>M\u00f6gliche Themen im 1. Zyklus<\/h3>\n<h4>Begegnung mit Tieren<\/h4>\n<ul>\n<li>Faszination Fische (NMG 2.1)<\/li>\n<li>Tiere im Regenwald (NMG 2.1)<\/li>\n<li>Reptilien (NMG 2.1, NMG 2.4, NT 9.3)<\/li>\n<li>Papageitaucher (Vergleich Pinguin) (NMG 2.1)<\/li>\n<li>B\u00e4r (NMG 2.1)<\/li>\n<li>Einheimische Waldtiere (NMG 2.1)<\/li>\n<li>Wildschweine (NMG 2.1)<\/li>\n<li>Auf leisen Schwingen durch die Nacht: Eulen (NMG 2.1, NMG 2.4)<\/li>\n<\/ul>\n<h4 class=\"top-30\">\u00d6kologie, Evolution und Ethik<\/h4>\n<ul>\n<li>Die wilde Seite der Stadt: was in Bern lebt(e) (NMG 2.1, NMG 2.6, NT 9.3)<\/li>\n<li>Tiere im Winter (NMG 2.2, NT 9.2)<\/li>\n<li>Domestikation \/ Heim- und Nutztiere (NMG 2.4)<\/li>\n<\/ul>\n<p>[\/vc_column_text][\/vc_column][\/vc_row][vc_row][vc_column][vc_column_text el_class=&#8221;tbl-themen&#8221;]<\/p>\n<h3>M\u00f6gliche Themen im 2. Zyklus<\/h3>\n<h4>Begegnung mit Tieren<\/h4>\n<ul>\n<li>Faszination Fische (NMG 2.1)<\/li>\n<li>Reptilien (NMG 2.1, NMG 2.4, NT 9.3)<\/li>\n<li>Papageitaucher (Vergleich Pinguin) (NMG 2.1)<\/li>\n<li>Grossraubtiere der Schweiz (NMG 2.1, NMG 2.4, NT 9.3)<\/li>\n<li>Auf leisen Schwingen durch die Nacht: Eulen (NMG 2.1, NMG 2.4)<\/li>\n<\/ul>\n<h4 class=\"top-30\">\u00d6kologie, Evolution und Ethik<\/h4>\n<ul>\n<li>Die wilde Seite der Stadt: was in Bern lebt(e)(NMG 2.1, NMG 2.6, NT 9.3)<\/li>\n<li>\u00d6kosysteme (Regenwald, Korallenriff, o.a.)(NMG 2.2, NMG 2.4, NT 9.2, NT 9.3)<\/li>\n<li>Tiere im Winter (NMG 2.2, NT 9.2)<\/li>\n<li>Farben im Tierreich (NMG 4.1, NT 6.1)<\/li>\n<li>Domestikation \/ Heim- und Nutztiere (NMG 2.4)<\/li>\n<li>Perfekt angepasste Tiere im Klimawandel (NMG 2.2, NT 9.3)<\/li>\n<\/ul>\n<p>[\/vc_column_text][vc_column_text el_class=&#8221;tbl-themen&#8221;]<\/p>\n<h3>M\u00f6gliche Themen im 3. Zyklus<\/h3>\n<h4>Begegnung mit Tieren<\/h4>\n<ul>\n<li>Reptilien (NMG 2.1, NMG 2.4, NT 9.3)<\/li>\n<li>Grossraubtiere der Schweiz (NMG 2.1, NMG 2.4, NT 9.3)<\/li>\n<\/ul>\n<h4 class=\"top-30\">\u00d6kologie, Evolution und Ethik<\/h4>\n<ul>\n<li>Die wilde Seite der Stadt: was in Bern lebt(e)(NMG 2.1, NMG 2.6, NT 9.3)<\/li>\n<li>\u00d6kosysteme (Regenwald, Korallenriff, o.a.)(NMG 2.2, NMG 2.4, NT 9.2, NT 9.3)<\/li>\n<li>Tiere im Winter (NMG 2.2, NT 9.2)<\/li>\n<li>Farben im Tierreich (NMG 4.1, NT 6.1)<\/li>\n<li>Domestikation \/ Heim- und Nutztiere (NMG 2.4)<\/li>\n<li>Ethik in der Tierhaltung (Zoo, Nutztiere\u2026) (NMG 2.6, NT 6.3)<\/li>\n<li>Biodiversit\u00e4t und Artenschutz (NT 9.2)<\/li>\n<li>Verhaltensbeobachtungen<\/li>\n<li>Perfekt angepasste Tiere im Klimawandel (NMG 2.2, NT 9.3)<\/li>\n<\/ul>\n<p>[\/vc_column_text][\/vc_column][\/vc_row][vc_row][vc_column][vc_column_text]<\/p>\n<h2>Workshops<\/h2>\n<p>Workshops sind speziell auf den Lehrplan 21 und die Kompetenzf\u00f6rderung ausgelegte Schulkurse, bei welchen viel Wert auf die selbst\u00e4ndige T\u00e4tigkeit der Sch\u00fclerinnen und Sch\u00fcler gelegt wird. Dazu werden verschiedene Sozial- und Arbeitsformen eingesetzt, unter anderem auch Kurzpr\u00e4sentationen, in welchen die Sch\u00fclerinnen und Sch\u00fcler die erarbeiteten Erkenntnisse vorstellen.<\/p>\n<h3>Voraussetzung<\/h3>\n<p>Das Thema wird \/ wurde im Schulunterricht eingef\u00fchrt und bearbeitet<\/p>\n<h3>Dauer<\/h3>\n<p>3 Stunden, inkl. 15 Minuten Pause<\/p>\n<h3>Kosten<\/h3>\n<p>CHF 180.- plus <a href=\"https:\/\/tierpark-bern.ch\/fr\/visite-au-zoo\/billets-prix\/\">Eintritte<\/a>, 1 Lehrperson gratis[\/vc_column_text][vc_empty_space height=&#8221;12px&#8221;][vc_column_text el_class=&#8221;tbl-themen&#8221;]<\/p>\n<h3>M\u00f6gliche Themen im 1. Zyklus<\/h3>\n<ul>\n<li>Vielfalt der Wirbeltiere (NMG 2.1, NT 8.1)<\/li>\n<li>Formen der V\u00f6gel (NMG 2.1, NMG 2.4, NT 8.1)<\/li>\n<\/ul>\n<h3 class=\"top-30\">M\u00f6gliche Themen im 2. Zyklus<\/h3>\n<ul>\n<li>Vielfalt der Wirbeltiere (NMG 2.1, NT 8.1)<\/li>\n<li>Formen der V\u00f6gel (NMG 2.1, NMG 2.4, NT 8.1)<\/li>\n<\/ul>\n<h3 class=\"top-30\">M\u00f6gliche Themen im 3. Zyklus<\/h3>\n<ul>\n<li>Vielfalt der Wirbeltiere (NMG 2.1, NT 8.1)<\/li>\n<li>Formen der V\u00f6gel (NMG 2.1, NMG 2.4, NT 8.1)<\/li>\n<\/ul>\n<p>[\/vc_column_text][vc_column_text]Weitere Themen sind in Absprache mit der Sektion Bildung und Erlebnis m\u00f6glich.[\/vc_column_text][\/vc_column][\/vc_row][vc_row][vc_column][vc_column_text]<\/p>\n<h2>Schulrundg\u00e4nge<\/h2>\n<p>Unsere Rundg\u00e4nge eignen sich f\u00fcr den begleiteten Besuch im Tierpark, ohne dass Sie ein bestimmtes Thema im Unterricht bearbeitet haben (z.B. Schulreise, Ausflug, u.a.). Diese erlebnisreichen Rundg\u00e4nge sind speziell an das jeweilige Alter der Sch\u00fclerinnen und Sch\u00fcler angepasst.<\/p>\n<h3>Dauer<\/h3>\n<p>1 Std<\/p>\n<h3>Kosten<\/h3>\n<p>CHF 120.- plus <a href=\"https:\/\/tierpark-bern.ch\/fr\/visite-au-zoo\/billets-prix\/\">Eintritte<\/a>, 1 Lehrperson gratis[\/vc_column_text][vc_empty_space height=&#8221;12px&#8221;][\/vc_column][\/vc_row][vc_row][vc_column][vc_column_text]<\/p>\n<h2>Kontakt<\/h2>\n<p>Sie erreichen uns in der Regel von Montag bis Freitag zwischen 9.00 und 16.00 Uhr unter +41 31 321 15 26. In den Schulferienwochen kann es vereinzelt zu Abweichungen der Pr\u00e4senzzeiten kommen.<\/p>\n<h2>Regeln f\u00fcr Schulklassen<\/h2>\n<p>F\u00fcr den selbst\u00e4ndigen Besuch beachten Sie bitte die <a href=\"https:\/\/tierpark-bern.ch\/web\/app\/uploads\/2021\/12\/VerhaltensregelnFlyer2011.pdf\" target=\"_blank\" rel=\"noopener\">Regeln f\u00fcr Schulklassen (PDF,\u00a0655 KB,\u00a0nicht barrierefrei).<\/a>[\/vc_column_text][vc_column_text]<section class=\"section no-padding-bottom page-suggestion-container\">\n            <div class=\"container\">\n                <div class=\"row bottom-50\">\n                    <div class=\"col-12\">\n                        <div class=\"heading heading--primary heading--center\">\n                            <h2 class=\"heading__title no-margin-bottom\"><span>Autres Th\u00e8mes<\/span><\/h2>\n                        <\/div>\n                    <\/div>\n                <\/div>\n                <div class=\"row\"><div class=\"col-md-6 col-xl-4 \">\n                        <div class=\"service-content\" tabindex=\"0\" role=\"link\" onclick=\"suggestionLinkfunction(this);\" data-href=\"https:\/\/tierpark-bern.ch\/fr\/ecoles\/schulkurse-workshops\/\">\n                            <img decoding=\"async\" src=\"https:\/\/tierpark-bern.ch\/web\/app\/uploads\/2022\/02\/schulkurs-tierpark-bern-386x230.jpg\" alt=\"\"\/>\n                                <div class=\"service-desc\">\n                                    <div class=\"vcenter\">\n                                        <div class=\"titel\">Erlebnisse f\u00fcr Schulen<\/div>\n                                    <\/div>\n                                <\/div>\n                        <\/div>\n                    <\/div><div class=\"col-md-6 col-xl-4 \">\n                        <div class=\"service-content\" tabindex=\"0\" role=\"link\" onclick=\"suggestionLinkfunction(this);\" data-href=\"https:\/\/tierpark-bern.ch\/fr\/ecoles\/kindergarten\/\">\n                            <img decoding=\"async\" src=\"https:\/\/tierpark-bern.ch\/web\/app\/uploads\/2020\/08\/Zoop\u00e4dagogik-Kindergarten-386x230.png\" alt=\"\"\/>\n                                <div class=\"service-desc\">\n                                    <div class=\"vcenter\">\n                                        <div class=\"titel\">Kindergarten<\/div>\n                                    <\/div>\n                                <\/div>\n                        <\/div>\n                    <\/div><div class=\"col-md-6 col-xl-4 \">\n                        <div class=\"service-content\" tabindex=\"0\" role=\"link\" onclick=\"suggestionLinkfunction(this);\" data-href=\"https:\/\/tierpark-bern.ch\/fr\/ecoles\/gymnasien\/\">\n                            <img decoding=\"async\" src=\"https:\/\/tierpark-bern.ch\/web\/app\/uploads\/2020\/08\/Zoop\u00e4dagogik-Gymnasien-386x230.png\" alt=\"\"\/>\n                                <div class=\"service-desc\">\n                                    <div class=\"vcenter\">\n                                        <div class=\"titel\">Gymnasien<\/div>\n                                    <\/div>\n                                <\/div>\n                        <\/div>\n                    <\/div><\/div>\n            <\/div>\n        <\/section>[\/vc_column_text][\/vc_column][\/vc_row]<\/p>\n<\/div>","protected":false},"excerpt":{"rendered":"<p>Unsere Schulkurse und Workshops sollen den Schulunterricht im Fachbereich Natur-Mensch-Gesellschaft (1.\/2. Zyklus) sowie Natur und Technik (3. Zyklus) erg\u00e4nzen und vertiefen.<\/p>\n","protected":false},"author":1,"featured_media":15995,"parent":47223,"menu_order":0,"comment_status":"closed","ping_status":"closed","template":"","meta":{"_acf_changed":false,"footnotes":""},"class_list":["post-51974","page","type-page","status-publish","has-post-thumbnail","hentry"],"acf":[],"yoast_head":"<title>Primar und Sekundarschule | Tierpark Bern<\/title>\n<meta name=\"description\" content=\"Aktives Sehen, angeleitetes Beobachten, Erleben, Begreifen und Hinterfragen sind uns besonders wichtig.\" \/>\n<meta name=\"robots\" content=\"index, follow, max-snippet:-1, max-image-preview:large, max-video-preview:-1\" \/>\n<link rel=\"canonical\" href=\"https:\/\/tierpark-bern.ch\/fr\/ecoles\/primar-und-sekundarschule\/\" \/>\n<meta property=\"og:locale\" content=\"fr_FR\" \/>\n<meta property=\"og:type\" content=\"article\" \/>\n<meta property=\"og:title\" content=\"Primar und Sekundarschule | Tierpark Bern\" \/>\n<meta property=\"og:description\" content=\"Aktives Sehen, angeleitetes Beobachten, Erleben, Begreifen und Hinterfragen sind uns besonders wichtig.\" \/>\n<meta property=\"og:url\" content=\"https:\/\/tierpark-bern.ch\/fr\/ecoles\/primar-und-sekundarschule\/\" \/>\n<meta property=\"og:site_name\" content=\"Tierpark Bern\" \/>\n<meta property=\"article:publisher\" content=\"https:\/\/www.facebook.com\/tierparkbern\/\" \/>\n<meta property=\"article:modified_time\" content=\"2023-11-21T10:09:07+00:00\" \/>\n<meta property=\"og:image\" content=\"https:\/\/tierpark-bern.ch\/web\/app\/uploads\/2020\/08\/Zoop\u00e4dagogik-Kindergarten-Primar-Sekundarschule.png\" \/>\n\t<meta property=\"og:image:width\" content=\"570\" \/>\n\t<meta property=\"og:image:height\" content=\"428\" \/>\n\t<meta property=\"og:image:type\" content=\"image\/png\" \/>\n<script type=\"application\/ld+json\" class=\"yoast-schema-graph\">{\"@context\":\"https:\/\/schema.org\",\"@graph\":[{\"@type\":\"WebPage\",\"@id\":\"https:\/\/tierpark-bern.ch\/fr\/ecoles\/primar-und-sekundarschule\/\",\"url\":\"https:\/\/tierpark-bern.ch\/fr\/ecoles\/primar-und-sekundarschule\/\",\"name\":\"Primar und Sekundarschule | Tierpark Bern\",\"isPartOf\":{\"@id\":\"https:\/\/tierpark-bern.ch\/fr\/#website\"},\"primaryImageOfPage\":{\"@id\":\"https:\/\/tierpark-bern.ch\/fr\/ecoles\/primar-und-sekundarschule\/#primaryimage\"},\"image\":{\"@id\":\"https:\/\/tierpark-bern.ch\/fr\/ecoles\/primar-und-sekundarschule\/#primaryimage\"},\"thumbnailUrl\":\"https:\/\/tierpark-bern.ch\/web\/app\/uploads\/2020\/08\/Zoop\u00e4dagogik-Kindergarten-Primar-Sekundarschule.png\",\"datePublished\":\"2021-12-06T22:23:51+00:00\",\"dateModified\":\"2023-11-21T10:09:07+00:00\",\"description\":\"Aktives Sehen, angeleitetes Beobachten, Erleben, Begreifen und Hinterfragen sind uns besonders wichtig.\",\"breadcrumb\":{\"@id\":\"https:\/\/tierpark-bern.ch\/fr\/ecoles\/primar-und-sekundarschule\/#breadcrumb\"},\"inLanguage\":\"fr-FR\",\"potentialAction\":[{\"@type\":\"ReadAction\",\"target\":[\"https:\/\/tierpark-bern.ch\/fr\/ecoles\/primar-und-sekundarschule\/\"]}]},{\"@type\":\"ImageObject\",\"inLanguage\":\"fr-FR\",\"@id\":\"https:\/\/tierpark-bern.ch\/fr\/ecoles\/primar-und-sekundarschule\/#primaryimage\",\"url\":\"https:\/\/tierpark-bern.ch\/web\/app\/uploads\/2020\/08\/Zoop\u00e4dagogik-Kindergarten-Primar-Sekundarschule.png\",\"contentUrl\":\"https:\/\/tierpark-bern.ch\/web\/app\/uploads\/2020\/08\/Zoop\u00e4dagogik-Kindergarten-Primar-Sekundarschule.png\",\"width\":570,\"height\":428},{\"@type\":\"BreadcrumbList\",\"@id\":\"https:\/\/tierpark-bern.ch\/fr\/ecoles\/primar-und-sekundarschule\/#breadcrumb\",\"itemListElement\":[{\"@type\":\"ListItem\",\"position\":1,\"name\":\"Home\",\"item\":\"https:\/\/tierpark-bern.ch\/fr\/home\/\"},{\"@type\":\"ListItem\",\"position\":2,\"name\":\"\u00c9coles\",\"item\":\"https:\/\/tierpark-bern.ch\/fr\/ecoles\/\"},{\"@type\":\"ListItem\",\"position\":3,\"name\":\"Primar und Sekundarschule\"}]},{\"@type\":\"WebSite\",\"@id\":\"https:\/\/tierpark-bern.ch\/fr\/#website\",\"url\":\"https:\/\/tierpark-bern.ch\/fr\/\",\"name\":\"Tierpark Bern\",\"description\":\"\",\"publisher\":{\"@id\":\"https:\/\/tierpark-bern.ch\/fr\/#organization\"},\"potentialAction\":[{\"@type\":\"SearchAction\",\"target\":{\"@type\":\"EntryPoint\",\"urlTemplate\":\"https:\/\/tierpark-bern.ch\/fr\/?s={search_term_string}\"},\"query-input\":{\"@type\":\"PropertyValueSpecification\",\"valueRequired\":true,\"valueName\":\"search_term_string\"}}],\"inLanguage\":\"fr-FR\"},{\"@type\":\"Organization\",\"@id\":\"https:\/\/tierpark-bern.ch\/fr\/#organization\",\"name\":\"Tierpark Bern | D\u00e4hlh\u00f6lzli + B\u00e4renPark\",\"alternateName\":\"Tierpark Bern\",\"url\":\"https:\/\/tierpark-bern.ch\/fr\/\",\"logo\":{\"@type\":\"ImageObject\",\"inLanguage\":\"fr-FR\",\"@id\":\"https:\/\/tierpark-bern.ch\/fr\/#\/schema\/logo\/image\/\",\"url\":\"https:\/\/tierpark-bern.ch\/web\/app\/uploads\/2024\/04\/tierpark-bern-696x696-1.jpg\",\"contentUrl\":\"https:\/\/tierpark-bern.ch\/web\/app\/uploads\/2024\/04\/tierpark-bern-696x696-1.jpg\",\"width\":696,\"height\":696,\"caption\":\"Tierpark Bern | D\u00e4hlh\u00f6lzli + B\u00e4renPark\"},\"image\":{\"@id\":\"https:\/\/tierpark-bern.ch\/fr\/#\/schema\/logo\/image\/\"},\"sameAs\":[\"https:\/\/www.facebook.com\/tierparkbern\/\",\"https:\/\/x.com\/tierparkbern\",\"https:\/\/www.instagram.com\/tierparkbern\/\"]}]}<\/script>","yoast_head_json":{"title":"Primar und Sekundarschule | Tierpark Bern","description":"Aktives Sehen, angeleitetes Beobachten, Erleben, Begreifen und Hinterfragen sind uns besonders wichtig.","robots":{"index":"index","follow":"follow","max-snippet":"max-snippet:-1","max-image-preview":"max-image-preview:large","max-video-preview":"max-video-preview:-1"},"canonical":"https:\/\/tierpark-bern.ch\/fr\/ecoles\/primar-und-sekundarschule\/","og_locale":"fr_FR","og_type":"article","og_title":"Primar und Sekundarschule | Tierpark Bern","og_description":"Aktives Sehen, angeleitetes Beobachten, Erleben, Begreifen und Hinterfragen sind uns besonders wichtig.","og_url":"https:\/\/tierpark-bern.ch\/fr\/ecoles\/primar-und-sekundarschule\/","og_site_name":"Tierpark Bern","article_publisher":"https:\/\/www.facebook.com\/tierparkbern\/","article_modified_time":"2023-11-21T10:09:07+00:00","og_image":[{"width":570,"height":428,"url":"https:\/\/tierpark-bern.ch\/web\/app\/uploads\/2020\/08\/Zoop\u00e4dagogik-Kindergarten-Primar-Sekundarschule.png","type":"image\/png"}],"schema":{"@context":"https:\/\/schema.org","@graph":[{"@type":"WebPage","@id":"https:\/\/tierpark-bern.ch\/fr\/ecoles\/primar-und-sekundarschule\/","url":"https:\/\/tierpark-bern.ch\/fr\/ecoles\/primar-und-sekundarschule\/","name":"Primar und Sekundarschule | Tierpark Bern","isPartOf":{"@id":"https:\/\/tierpark-bern.ch\/fr\/#website"},"primaryImageOfPage":{"@id":"https:\/\/tierpark-bern.ch\/fr\/ecoles\/primar-und-sekundarschule\/#primaryimage"},"image":{"@id":"https:\/\/tierpark-bern.ch\/fr\/ecoles\/primar-und-sekundarschule\/#primaryimage"},"thumbnailUrl":"https:\/\/tierpark-bern.ch\/web\/app\/uploads\/2020\/08\/Zoop\u00e4dagogik-Kindergarten-Primar-Sekundarschule.png","datePublished":"2021-12-06T22:23:51+00:00","dateModified":"2023-11-21T10:09:07+00:00","description":"Aktives Sehen, angeleitetes Beobachten, Erleben, Begreifen und Hinterfragen sind uns besonders wichtig.","breadcrumb":{"@id":"https:\/\/tierpark-bern.ch\/fr\/ecoles\/primar-und-sekundarschule\/#breadcrumb"},"inLanguage":"fr-FR","potentialAction":[{"@type":"ReadAction","target":["https:\/\/tierpark-bern.ch\/fr\/ecoles\/primar-und-sekundarschule\/"]}]},{"@type":"ImageObject","inLanguage":"fr-FR","@id":"https:\/\/tierpark-bern.ch\/fr\/ecoles\/primar-und-sekundarschule\/#primaryimage","url":"https:\/\/tierpark-bern.ch\/web\/app\/uploads\/2020\/08\/Zoop\u00e4dagogik-Kindergarten-Primar-Sekundarschule.png","contentUrl":"https:\/\/tierpark-bern.ch\/web\/app\/uploads\/2020\/08\/Zoop\u00e4dagogik-Kindergarten-Primar-Sekundarschule.png","width":570,"height":428},{"@type":"BreadcrumbList","@id":"https:\/\/tierpark-bern.ch\/fr\/ecoles\/primar-und-sekundarschule\/#breadcrumb","itemListElement":[{"@type":"ListItem","position":1,"name":"Home","item":"https:\/\/tierpark-bern.ch\/fr\/home\/"},{"@type":"ListItem","position":2,"name":"\u00c9coles","item":"https:\/\/tierpark-bern.ch\/fr\/ecoles\/"},{"@type":"ListItem","position":3,"name":"Primar und Sekundarschule"}]},{"@type":"WebSite","@id":"https:\/\/tierpark-bern.ch\/fr\/#website","url":"https:\/\/tierpark-bern.ch\/fr\/","name":"Tierpark Bern","description":"","publisher":{"@id":"https:\/\/tierpark-bern.ch\/fr\/#organization"},"potentialAction":[{"@type":"SearchAction","target":{"@type":"EntryPoint","urlTemplate":"https:\/\/tierpark-bern.ch\/fr\/?s={search_term_string}"},"query-input":{"@type":"PropertyValueSpecification","valueRequired":true,"valueName":"search_term_string"}}],"inLanguage":"fr-FR"},{"@type":"Organization","@id":"https:\/\/tierpark-bern.ch\/fr\/#organization","name":"Tierpark Bern | D\u00e4hlh\u00f6lzli + B\u00e4renPark","alternateName":"Tierpark Bern","url":"https:\/\/tierpark-bern.ch\/fr\/","logo":{"@type":"ImageObject","inLanguage":"fr-FR","@id":"https:\/\/tierpark-bern.ch\/fr\/#\/schema\/logo\/image\/","url":"https:\/\/tierpark-bern.ch\/web\/app\/uploads\/2024\/04\/tierpark-bern-696x696-1.jpg","contentUrl":"https:\/\/tierpark-bern.ch\/web\/app\/uploads\/2024\/04\/tierpark-bern-696x696-1.jpg","width":696,"height":696,"caption":"Tierpark Bern | D\u00e4hlh\u00f6lzli + B\u00e4renPark"},"image":{"@id":"https:\/\/tierpark-bern.ch\/fr\/#\/schema\/logo\/image\/"},"sameAs":["https:\/\/www.facebook.com\/tierparkbern\/","https:\/\/x.com\/tierparkbern","https:\/\/www.instagram.com\/tierparkbern\/"]}]}},"_links":{"self":[{"href":"https:\/\/tierpark-bern.ch\/fr\/wp-json\/wp\/v2\/pages\/51974","targetHints":{"allow":["GET"]}}],"collection":[{"href":"https:\/\/tierpark-bern.ch\/fr\/wp-json\/wp\/v2\/pages"}],"about":[{"href":"https:\/\/tierpark-bern.ch\/fr\/wp-json\/wp\/v2\/types\/page"}],"author":[{"embeddable":true,"href":"https:\/\/tierpark-bern.ch\/fr\/wp-json\/wp\/v2\/users\/1"}],"replies":[{"embeddable":true,"href":"https:\/\/tierpark-bern.ch\/fr\/wp-json\/wp\/v2\/comments?post=51974"}],"version-history":[{"count":0,"href":"https:\/\/tierpark-bern.ch\/fr\/wp-json\/wp\/v2\/pages\/51974\/revisions"}],"up":[{"embeddable":true,"href":"https:\/\/tierpark-bern.ch\/fr\/wp-json\/wp\/v2\/pages\/47223"}],"wp:featuredmedia":[{"embeddable":true,"href":"https:\/\/tierpark-bern.ch\/fr\/wp-json\/wp\/v2\/media\/15995"}],"wp:attachment":[{"href":"https:\/\/tierpark-bern.ch\/fr\/wp-json\/wp\/v2\/media?parent=51974"}],"curies":[{"name":"wp","href":"https:\/\/api.w.org\/{rel}","templated":true}]}}