{"id":52369,"date":"2020-08-27T09:39:55","date_gmt":"2020-08-27T07:39:55","guid":{"rendered":"https:\/\/tierpark-bern.ch\/parc-zoologique-de-berne\/organisation\/tierparkregelement\/"},"modified":"2024-02-19T14:42:49","modified_gmt":"2024-02-19T13:42:49","slug":"tierparkregelement","status":"publish","type":"page","link":"https:\/\/tierpark-bern.ch\/fr\/parc-zoologique-de-berne\/organisation\/tierparkregelement\/","title":{"rendered":"Tierparkregelement"},"content":{"rendered":"<div class=\"wpb-content-wrapper\"><p>[vc_row][vc_column][vc_column_text]<\/p>\n<h1>Tierparkregelement<\/h1>\n<p>Am 18. Mai 2014 fand die Volksabstimmung statt, anl\u00e4sslich derer die Stimmberechtigten dem Tierparkreglement und damit der Einf\u00fchrung einer Sonderrechnung Tierpark zustimmte. Mit 90,15% Ja-Stimmenanteil war das Ergebnis klar und eindeutig.<\/p>\n<p>\u201eEinfachere Strukturen, klare Zust\u00e4ndigkeiten und mehr Handlungsspielraum \u2013 das bringt die Neuorganisation von Tierpark und B\u00e4renPark mit sich\u201c. So das Votum des \u00fcberparteilichen Komitees, das sich f\u00fcr die Annahme der Vorlage an der Urne einsetzte.<\/p>\n<p>\u201eDank dem Tierparkreglement werden die un\u00fcbersichtlichen Zust\u00e4ndigkeiten und komplexen Strukturen, welche den Tierpark heute oft in seiner Entwicklung behindern, stark vereinfacht. K\u00fcnftig werden die Kompetenzen in der Tierparkkommission geb\u00fcndelt. Die relevanten Partner sitzen so an einem Tisch, Entscheide k\u00f6nnen rascher und unkomplizierter gef\u00e4llt werden.\u201c Zu diesen Partnern, die in der Tierpark-kommission vertreten sind, z\u00e4hlt nun auch der <a href=\"https:\/\/www.tierparkverein.ch\/foerderverein\/\" rel=\"noopener\" target=\"_blank\">Tierparkverein<\/a>.<\/p>\n<p>\u201eMit der \u00dcberf\u00fchrung in eine Sonderrechnung mit Spezialfinanzierung wird der unternehmerische Handlungsspielraum des Tierparks erh\u00f6ht. Er kann so einfacher Drittmittel beschaffen und bei gutem Gesch\u00e4ftsgang die Betriebsgewinne ins Folgejahr \u00fcbertragen. Dies gibt dem Tierpark wie potenziellen Geldgebern mehr Planungssicherheit. Trotz mehr Freiheiten bleibt der Tierpark aber auch nach Annahme des Reglements ein Teil der Stadtverwaltung. Kontrollmechanismen und klare Kompetenzregelungen bleiben erhalten\u201c, so das Unterst\u00fctzungskommitee.<\/p>\n<p>Auch klar ist der Name der Einrichtung: Tierpark Bern, mit D\u00e4hlh\u00f6lzli und B\u00e4renPark.[\/vc_column_text][\/vc_column][\/vc_row][vc_row][vc_column][vc_column_text]<a class=\"link target_blank button button--tierpark\" title=\"Tierparkreglement\" href=\"https:\/\/tierpark-bern.ch\/web\/app\/uploads\/2020\/08\/2014-05-18_Botschaft_Tierparkregelement.pdf\" target=\"_blank\" rel=\"noopener noreferrer\">Das ausf\u00fchrliche Tierparkreglement k\u00f6nnen Sie hier herunterladen (PDF,\u00a02,3 MB,\u00a0nicht barrierefrei).<\/a>[\/vc_column_text][\/vc_column][\/vc_row][vc_row][vc_column][vc_column_text]<section class=\"section no-padding-bottom page-suggestion-container\">\n            <div class=\"container\">\n                <div class=\"row bottom-50\">\n                    <div class=\"col-12\">\n                        <div class=\"heading heading--primary heading--center\">\n                            <h2 class=\"heading__title no-margin-bottom\"><span>Autres Th\u00e8mes<\/span><\/h2>\n                        <\/div>\n                    <\/div>\n                <\/div>\n                <div class=\"row\"><div class=\"col-md-6 col-xl-4 offset-xl-2\">\n                        <div class=\"service-content\" tabindex=\"0\" role=\"link\" onclick=\"suggestionLinkfunction(this);\" data-href=\"https:\/\/tierpark-bern.ch\/fr\/parc-zoologique-de-berne\/notre-histoire\/\">\n                            <img decoding=\"async\" src=\"https:\/\/tierpark-bern.ch\/web\/app\/uploads\/2020\/07\/historische-bilder-tierpark-bern-waschbaer-386x230.jpg\" alt=\"\"\/>\n                                <div class=\"service-desc\">\n                                    <div class=\"vcenter\">\n                                        <div class=\"titel\">Notre histoire<\/div>\n                                    <\/div>\n                                <\/div>\n                        <\/div>\n                    <\/div><div class=\"col-md-6 col-xl-4 \">\n                        <div class=\"service-content\" tabindex=\"0\" role=\"link\" onclick=\"suggestionLinkfunction(this);\" data-href=\"https:\/\/tierpark-bern.ch\/fr\/parc-zoologique-de-berne\/notre-engagement\/\">\n                            <img decoding=\"async\" src=\"https:\/\/tierpark-bern.ch\/web\/app\/uploads\/2021\/12\/dreamnight-tierpark-bern-386x230.jpeg\" alt=\"\"\/>\n                                <div class=\"service-desc\">\n                                    <div class=\"vcenter\">\n                                        <div class=\"titel\">Notre engagement<\/div>\n                                    <\/div>\n                                <\/div>\n                        <\/div>\n                    <\/div><\/div>\n            <\/div>\n        <\/section>[\/vc_column_text][\/vc_column][\/vc_row]<\/p>\n<\/div>","protected":false},"excerpt":{"rendered":"<p>[vc_row][vc_column][vc_column_text] Tierparkregelement Am 18. Mai 2014 fand die Volksabstimmung statt, anl\u00e4sslich derer die Stimmberechtigten dem Tierparkreglement und damit der Einf\u00fchrung einer Sonderrechnung Tierpark zustimmte. Mit 90,15% Ja-Stimmenanteil war das Ergebnis klar und eindeutig. \u201eEinfachere Strukturen, klare Zust\u00e4ndigkeiten und mehr Handlungsspielraum \u2013 das bringt die Neuorganisation von Tierpark und B\u00e4renPark mit sich\u201c. So das Votum des [&hellip;]<\/p>\n","protected":false},"author":1,"featured_media":24245,"parent":46103,"menu_order":0,"comment_status":"closed","ping_status":"closed","template":"","meta":{"_acf_changed":false,"footnotes":""},"class_list":["post-52369","page","type-page","status-publish","has-post-thumbnail","hentry"],"acf":[],"yoast_head":"<title>Tierparkregelement | Tierpark Bern<\/title>\n<meta name=\"description\" content=\"Einfachere Strukturen, klare Zust\u00e4ndigkeiten und mehr Handlungsspielraum \u2013 das bringt die Neuorganisation von Tierpark und B\u00e4renPark mit sich\" \/>\n<meta name=\"robots\" content=\"index, follow, max-snippet:-1, max-image-preview:large, max-video-preview:-1\" \/>\n<link rel=\"canonical\" href=\"https:\/\/tierpark-bern.ch\/fr\/parc-zoologique-de-berne\/organisation\/tierparkregelement\/\" \/>\n<meta property=\"og:locale\" content=\"fr_FR\" \/>\n<meta property=\"og:type\" content=\"article\" \/>\n<meta property=\"og:title\" content=\"Tierparkregelement | Tierpark Bern\" \/>\n<meta property=\"og:description\" content=\"Einfachere Strukturen, klare Zust\u00e4ndigkeiten und mehr Handlungsspielraum \u2013 das bringt die Neuorganisation von Tierpark und B\u00e4renPark mit sich\" \/>\n<meta property=\"og:url\" content=\"https:\/\/tierpark-bern.ch\/fr\/parc-zoologique-de-berne\/organisation\/tierparkregelement\/\" \/>\n<meta property=\"og:site_name\" content=\"Tierpark Bern\" \/>\n<meta property=\"article:publisher\" content=\"https:\/\/www.facebook.com\/tierparkbern\/\" \/>\n<meta property=\"article:modified_time\" content=\"2024-02-19T13:42:49+00:00\" \/>\n<meta property=\"og:image\" content=\"https:\/\/tierpark-bern.ch\/web\/app\/uploads\/2022\/02\/Rothaubenturako-2.jpg\" \/>\n\t<meta property=\"og:image:width\" content=\"1500\" \/>\n\t<meta property=\"og:image:height\" content=\"998\" \/>\n\t<meta property=\"og:image:type\" content=\"image\/jpeg\" \/>\n<script type=\"application\/ld+json\" class=\"yoast-schema-graph\">{\"@context\":\"https:\/\/schema.org\",\"@graph\":[{\"@type\":\"WebPage\",\"@id\":\"https:\/\/tierpark-bern.ch\/fr\/parc-zoologique-de-berne\/organisation\/tierparkregelement\/\",\"url\":\"https:\/\/tierpark-bern.ch\/fr\/parc-zoologique-de-berne\/organisation\/tierparkregelement\/\",\"name\":\"Tierparkregelement | Tierpark Bern\",\"isPartOf\":{\"@id\":\"https:\/\/tierpark-bern.ch\/fr\/#website\"},\"primaryImageOfPage\":{\"@id\":\"https:\/\/tierpark-bern.ch\/fr\/parc-zoologique-de-berne\/organisation\/tierparkregelement\/#primaryimage\"},\"image\":{\"@id\":\"https:\/\/tierpark-bern.ch\/fr\/parc-zoologique-de-berne\/organisation\/tierparkregelement\/#primaryimage\"},\"thumbnailUrl\":\"https:\/\/tierpark-bern.ch\/web\/app\/uploads\/2022\/02\/Rothaubenturako-2.jpg\",\"datePublished\":\"2020-08-27T07:39:55+00:00\",\"dateModified\":\"2024-02-19T13:42:49+00:00\",\"description\":\"Einfachere Strukturen, klare Zust\u00e4ndigkeiten und mehr Handlungsspielraum \u2013 das bringt die Neuorganisation von Tierpark und B\u00e4renPark mit sich\",\"breadcrumb\":{\"@id\":\"https:\/\/tierpark-bern.ch\/fr\/parc-zoologique-de-berne\/organisation\/tierparkregelement\/#breadcrumb\"},\"inLanguage\":\"fr-FR\",\"potentialAction\":[{\"@type\":\"ReadAction\",\"target\":[\"https:\/\/tierpark-bern.ch\/fr\/parc-zoologique-de-berne\/organisation\/tierparkregelement\/\"]}]},{\"@type\":\"ImageObject\",\"inLanguage\":\"fr-FR\",\"@id\":\"https:\/\/tierpark-bern.ch\/fr\/parc-zoologique-de-berne\/organisation\/tierparkregelement\/#primaryimage\",\"url\":\"https:\/\/tierpark-bern.ch\/web\/app\/uploads\/2022\/02\/Rothaubenturako-2.jpg\",\"contentUrl\":\"https:\/\/tierpark-bern.ch\/web\/app\/uploads\/2022\/02\/Rothaubenturako-2.jpg\",\"width\":1500,\"height\":998},{\"@type\":\"BreadcrumbList\",\"@id\":\"https:\/\/tierpark-bern.ch\/fr\/parc-zoologique-de-berne\/organisation\/tierparkregelement\/#breadcrumb\",\"itemListElement\":[{\"@type\":\"ListItem\",\"position\":1,\"name\":\"Home\",\"item\":\"https:\/\/tierpark-bern.ch\/fr\/home\/\"},{\"@type\":\"ListItem\",\"position\":2,\"name\":\"Parc zoologique de Berne\",\"item\":\"https:\/\/tierpark-bern.ch\/fr\/parc-zoologique-de-berne\/\"},{\"@type\":\"ListItem\",\"position\":3,\"name\":\"Organisation\",\"item\":\"https:\/\/tierpark-bern.ch\/fr\/parc-zoologique-de-berne\/organisation\/\"},{\"@type\":\"ListItem\",\"position\":4,\"name\":\"Tierparkregelement\"}]},{\"@type\":\"WebSite\",\"@id\":\"https:\/\/tierpark-bern.ch\/fr\/#website\",\"url\":\"https:\/\/tierpark-bern.ch\/fr\/\",\"name\":\"Tierpark Bern\",\"description\":\"\",\"publisher\":{\"@id\":\"https:\/\/tierpark-bern.ch\/fr\/#organization\"},\"potentialAction\":[{\"@type\":\"SearchAction\",\"target\":{\"@type\":\"EntryPoint\",\"urlTemplate\":\"https:\/\/tierpark-bern.ch\/fr\/?s={search_term_string}\"},\"query-input\":{\"@type\":\"PropertyValueSpecification\",\"valueRequired\":true,\"valueName\":\"search_term_string\"}}],\"inLanguage\":\"fr-FR\"},{\"@type\":\"Organization\",\"@id\":\"https:\/\/tierpark-bern.ch\/fr\/#organization\",\"name\":\"Tierpark Bern | D\u00e4hlh\u00f6lzli + B\u00e4renPark\",\"alternateName\":\"Tierpark Bern\",\"url\":\"https:\/\/tierpark-bern.ch\/fr\/\",\"logo\":{\"@type\":\"ImageObject\",\"inLanguage\":\"fr-FR\",\"@id\":\"https:\/\/tierpark-bern.ch\/fr\/#\/schema\/logo\/image\/\",\"url\":\"https:\/\/tierpark-bern.ch\/web\/app\/uploads\/2024\/04\/tierpark-bern-696x696-1.jpg\",\"contentUrl\":\"https:\/\/tierpark-bern.ch\/web\/app\/uploads\/2024\/04\/tierpark-bern-696x696-1.jpg\",\"width\":696,\"height\":696,\"caption\":\"Tierpark Bern | D\u00e4hlh\u00f6lzli + B\u00e4renPark\"},\"image\":{\"@id\":\"https:\/\/tierpark-bern.ch\/fr\/#\/schema\/logo\/image\/\"},\"sameAs\":[\"https:\/\/www.facebook.com\/tierparkbern\/\",\"https:\/\/x.com\/tierparkbern\",\"https:\/\/www.instagram.com\/tierparkbern\/\"]}]}<\/script>","yoast_head_json":{"title":"Tierparkregelement | Tierpark Bern","description":"Einfachere Strukturen, klare Zust\u00e4ndigkeiten und mehr Handlungsspielraum \u2013 das bringt die Neuorganisation von Tierpark und B\u00e4renPark mit sich","robots":{"index":"index","follow":"follow","max-snippet":"max-snippet:-1","max-image-preview":"max-image-preview:large","max-video-preview":"max-video-preview:-1"},"canonical":"https:\/\/tierpark-bern.ch\/fr\/parc-zoologique-de-berne\/organisation\/tierparkregelement\/","og_locale":"fr_FR","og_type":"article","og_title":"Tierparkregelement | Tierpark Bern","og_description":"Einfachere Strukturen, klare Zust\u00e4ndigkeiten und mehr Handlungsspielraum \u2013 das bringt die Neuorganisation von Tierpark und B\u00e4renPark mit sich","og_url":"https:\/\/tierpark-bern.ch\/fr\/parc-zoologique-de-berne\/organisation\/tierparkregelement\/","og_site_name":"Tierpark Bern","article_publisher":"https:\/\/www.facebook.com\/tierparkbern\/","article_modified_time":"2024-02-19T13:42:49+00:00","og_image":[{"width":1500,"height":998,"url":"https:\/\/tierpark-bern.ch\/web\/app\/uploads\/2022\/02\/Rothaubenturako-2.jpg","type":"image\/jpeg"}],"schema":{"@context":"https:\/\/schema.org","@graph":[{"@type":"WebPage","@id":"https:\/\/tierpark-bern.ch\/fr\/parc-zoologique-de-berne\/organisation\/tierparkregelement\/","url":"https:\/\/tierpark-bern.ch\/fr\/parc-zoologique-de-berne\/organisation\/tierparkregelement\/","name":"Tierparkregelement | Tierpark Bern","isPartOf":{"@id":"https:\/\/tierpark-bern.ch\/fr\/#website"},"primaryImageOfPage":{"@id":"https:\/\/tierpark-bern.ch\/fr\/parc-zoologique-de-berne\/organisation\/tierparkregelement\/#primaryimage"},"image":{"@id":"https:\/\/tierpark-bern.ch\/fr\/parc-zoologique-de-berne\/organisation\/tierparkregelement\/#primaryimage"},"thumbnailUrl":"https:\/\/tierpark-bern.ch\/web\/app\/uploads\/2022\/02\/Rothaubenturako-2.jpg","datePublished":"2020-08-27T07:39:55+00:00","dateModified":"2024-02-19T13:42:49+00:00","description":"Einfachere Strukturen, klare Zust\u00e4ndigkeiten und mehr Handlungsspielraum \u2013 das bringt die Neuorganisation von Tierpark und B\u00e4renPark mit sich","breadcrumb":{"@id":"https:\/\/tierpark-bern.ch\/fr\/parc-zoologique-de-berne\/organisation\/tierparkregelement\/#breadcrumb"},"inLanguage":"fr-FR","potentialAction":[{"@type":"ReadAction","target":["https:\/\/tierpark-bern.ch\/fr\/parc-zoologique-de-berne\/organisation\/tierparkregelement\/"]}]},{"@type":"ImageObject","inLanguage":"fr-FR","@id":"https:\/\/tierpark-bern.ch\/fr\/parc-zoologique-de-berne\/organisation\/tierparkregelement\/#primaryimage","url":"https:\/\/tierpark-bern.ch\/web\/app\/uploads\/2022\/02\/Rothaubenturako-2.jpg","contentUrl":"https:\/\/tierpark-bern.ch\/web\/app\/uploads\/2022\/02\/Rothaubenturako-2.jpg","width":1500,"height":998},{"@type":"BreadcrumbList","@id":"https:\/\/tierpark-bern.ch\/fr\/parc-zoologique-de-berne\/organisation\/tierparkregelement\/#breadcrumb","itemListElement":[{"@type":"ListItem","position":1,"name":"Home","item":"https:\/\/tierpark-bern.ch\/fr\/home\/"},{"@type":"ListItem","position":2,"name":"Parc zoologique de Berne","item":"https:\/\/tierpark-bern.ch\/fr\/parc-zoologique-de-berne\/"},{"@type":"ListItem","position":3,"name":"Organisation","item":"https:\/\/tierpark-bern.ch\/fr\/parc-zoologique-de-berne\/organisation\/"},{"@type":"ListItem","position":4,"name":"Tierparkregelement"}]},{"@type":"WebSite","@id":"https:\/\/tierpark-bern.ch\/fr\/#website","url":"https:\/\/tierpark-bern.ch\/fr\/","name":"Tierpark Bern","description":"","publisher":{"@id":"https:\/\/tierpark-bern.ch\/fr\/#organization"},"potentialAction":[{"@type":"SearchAction","target":{"@type":"EntryPoint","urlTemplate":"https:\/\/tierpark-bern.ch\/fr\/?s={search_term_string}"},"query-input":{"@type":"PropertyValueSpecification","valueRequired":true,"valueName":"search_term_string"}}],"inLanguage":"fr-FR"},{"@type":"Organization","@id":"https:\/\/tierpark-bern.ch\/fr\/#organization","name":"Tierpark Bern | D\u00e4hlh\u00f6lzli + B\u00e4renPark","alternateName":"Tierpark Bern","url":"https:\/\/tierpark-bern.ch\/fr\/","logo":{"@type":"ImageObject","inLanguage":"fr-FR","@id":"https:\/\/tierpark-bern.ch\/fr\/#\/schema\/logo\/image\/","url":"https:\/\/tierpark-bern.ch\/web\/app\/uploads\/2024\/04\/tierpark-bern-696x696-1.jpg","contentUrl":"https:\/\/tierpark-bern.ch\/web\/app\/uploads\/2024\/04\/tierpark-bern-696x696-1.jpg","width":696,"height":696,"caption":"Tierpark Bern | D\u00e4hlh\u00f6lzli + B\u00e4renPark"},"image":{"@id":"https:\/\/tierpark-bern.ch\/fr\/#\/schema\/logo\/image\/"},"sameAs":["https:\/\/www.facebook.com\/tierparkbern\/","https:\/\/x.com\/tierparkbern","https:\/\/www.instagram.com\/tierparkbern\/"]}]}},"_links":{"self":[{"href":"https:\/\/tierpark-bern.ch\/fr\/wp-json\/wp\/v2\/pages\/52369","targetHints":{"allow":["GET"]}}],"collection":[{"href":"https:\/\/tierpark-bern.ch\/fr\/wp-json\/wp\/v2\/pages"}],"about":[{"href":"https:\/\/tierpark-bern.ch\/fr\/wp-json\/wp\/v2\/types\/page"}],"author":[{"embeddable":true,"href":"https:\/\/tierpark-bern.ch\/fr\/wp-json\/wp\/v2\/users\/1"}],"replies":[{"embeddable":true,"href":"https:\/\/tierpark-bern.ch\/fr\/wp-json\/wp\/v2\/comments?post=52369"}],"version-history":[{"count":0,"href":"https:\/\/tierpark-bern.ch\/fr\/wp-json\/wp\/v2\/pages\/52369\/revisions"}],"up":[{"embeddable":true,"href":"https:\/\/tierpark-bern.ch\/fr\/wp-json\/wp\/v2\/pages\/46103"}],"wp:featuredmedia":[{"embeddable":true,"href":"https:\/\/tierpark-bern.ch\/fr\/wp-json\/wp\/v2\/media\/24245"}],"wp:attachment":[{"href":"https:\/\/tierpark-bern.ch\/fr\/wp-json\/wp\/v2\/media?parent=52369"}],"curies":[{"name":"wp","href":"https:\/\/api.w.org\/{rel}","templated":true}]}}