{"id":52371,"date":"2022-02-23T23:56:21","date_gmt":"2022-02-23T22:56:21","guid":{"rendered":"https:\/\/tierpark-bern.ch\/parc-zoologique-de-berne\/notre-histoire\/die-daehlhoelzli-geschichte\/"},"modified":"2024-02-19T14:39:50","modified_gmt":"2024-02-19T13:39:50","slug":"die-daehlhoelzli-geschichte","status":"publish","type":"page","link":"https:\/\/tierpark-bern.ch\/fr\/parc-zoologique-de-berne\/notre-histoire\/die-daehlhoelzli-geschichte\/","title":{"rendered":"Die D\u00e4hlh\u00f6lzli-Geschichte"},"content":{"rendered":"<div class=\"wpb-content-wrapper\"><p>[vc_row][vc_column][vc_column_text]<\/p>\n<h1>Die D\u00e4hlh\u00f6lzli-Geschichte<\/h1>\n<p>Wenn eine Institution ein gewisses Alter erreicht hat, dann fragt kaum mehr jemand, wie sie entstanden ist. Eigentlich zu Unrecht. Man muss sich nur vergegenw\u00e4rtigen, was es heute f\u00fcr K\u00e4mpfe, sachliche und unsachliche, politische Redeschlachten, Medienberichte und Leserbriefe absetzen\u00a0w\u00fcrde, wollte man irgendwo in einer Gr\u00fcnzone oder gar in einem Wald einen Zoo bauen. Die Initiative und Weitsicht eines Vereins und seines mit grossem Geschick agierenden Vorstands ist aus heutiger Sicht erstaunlich und verdient es, hier kurz nachgezeichnet zu werden.<\/p>\n<h2>Vorgeschichte<\/h2>\n<p>Die Vorgeschichte beginnt eigentlich schon im vorletzten Jahrhundert, als n\u00e4mlich 1871 eine Gruppe von Optimisten f\u00fcr einen geplanten Zoo mit vorwiegend europ\u00e4ischen Tieren im westlichen Kirchenfeld warb und einen Akklimatisationsverein gr\u00fcndete. Zwei Jahre sp\u00e4ter wurde der Plan mangels Aktion\u00e4ren fallengelassen. Daf\u00fcr entstand die Anlage an der Engehalde, am Hang unterhalb des Bierh\u00fcbelis. Hier wurden Hirsche und Bisons gehalten.<\/p>\n<p>Da die Anlage nicht befriedigte, suchte man neue Standorte &#8211; unter anderem auch im D\u00e4hlh\u00f6lzli. Man dachte 1883 sogar an die Schaffung eines Zoos mit exotischen Tieren. Alle Anl\u00e4ufe scheiterten indes aus verschiedenen Gr\u00fcnden. Dank William Gabus konnte schliesslich die Finanzierungsfrage gel\u00f6st werden. Der 1847 in Le Locle geborene Uhrmacher bereiste als wagemutiger Mann mit Uhren und Musikdosen die Messen Russlands, besass in Moskau Uhrenl\u00e4den und kaufte sp\u00e4ter als wohlhabender Mann das Schloss Worb. 1900 vermachte er der Stadt Bern 150\u02bb000 Franken f\u00fcr die Errichtung eines Tierparks, \u00abwenn m\u00f6glich im D\u00e4hlh\u00f6lzli\u00bb, wie es im Testament hiess. 1901 starb William Gabus im Tessin.<\/p>\n<h2>Gr\u00fcndung des Tierparkverein<\/h2>\n<p>1918 konnte die Stadt die Elfenau-Besitzung erwerben, was in den n\u00e4chsten Jahren dazu f\u00fchrte, dass dieses Gel\u00e4nde mehr und mehr im Vordergrund f\u00fcr den Bau eines Tiergartens stand. Der Gemeinderat entschied 1927 denn auch f\u00fcr diesen Standort. Das Gesch\u00e4ft kam aber nur schleppend voran. Immerhin arbeitete das Hochbauamt zwei Entw\u00fcrfe aus. 1930 wurde der <a href=\"https:\/\/www.tierparkverein.ch\/foerderverein\/\" target=\"_blank\" rel=\"noopener\">Natur- und Tierparkverein<\/a> gegr\u00fcndet, der schon nach zwei Jahren \u00fcber 1800 Mitglieder z\u00e4hlte und sich kompromisslos und mit viel Elan f\u00fcr den Bau eines Tierparks in der Elfenau einsetzte. Durch Werbung in der Presse, in den Kinos(!), durch Filmmatineen und \u201eTierlitagen\u201c wurde ein Fonds von 50\u02bb000 Franken ge\u00e4uffnet. Schon 1933 reichte der Verein einen Entwurf ein, wobei das herrliche Landschaftsbild der Elfenau respektiert werden sollte.<\/p>\n<p>Doch bald erwachten die Bedenken derjenigen Kreise, welche die Elfenau unangetastet lassen wollten. Im M\u00e4rz 1935 f\u00fchrten erneute Verhandlungen dazu, dass die Burgergemeinde einen Teil des D\u00e4hlh\u00f6lzliwaldes zur Verf\u00fcgung stellte und damit die Voraussetzung schuf, von der Elfenau als Standort abzukommen.<\/p>\n<h2>Er\u00f6ffnung des Tierparks<\/h2>\n<p>Noch im gleichen Jahr stimmten die Berner der Schaffung des Tierparks D\u00e4hlh\u00f6lzli zu. Am 5.Juni 1937 wurden die Anlagen mit einem grossen Fest im Beisein des legend\u00e4ren Bundesrates Rudolf Minger er\u00f6ffnet.<\/p>\n<h2>Er\u00f6ffnung des Tierparks<\/h2>\n<p>Zuerst leitete der Tierarzt Dr. Paul Badertscher nebenamtlich den Tierpark. 1938 w\u00e4hlte man den jungen Zoologen Dr. Heini Hediger als Verwalter, der sich bald als Tierpsychologe und Tierg\u00e4rtner einen Namen machte. In seinem Buch \u00abWildtiere in Gefangenschaft, ein Grundriss der Tiergartenbiologie\u00bb griff er zu einem guten Teil auf seine Erfahrungen im D\u00e4hlh\u00f6lzli zur\u00fcck, Erfahrungen, die er in dem jungen Tiergarten w\u00e4hrend der Zeit des Zweiten Weltkrieges oft an vorderster Front machte, wenn er im Milit\u00e4rdienst weilende Tierpfleger ersetzen musste. Er beschreibt in einem Bericht seine Berner Zeit als harte Schule, erw\u00e4hnt die Unterst\u00fctzung, welche er vom <a href=\"https:\/\/www.tierparkverein.ch\/foerderverein\/\" target=\"_blank\" rel=\"noopener\">Tierparkverein<\/a> erfahren durfte und \u00fcber die Schwierigkeiten der Tier- und Futterbeschaffung in der Kriegszeit. Schon nach wenigen Jahren wechselte Professor Hediger an den Basler Zolli.<\/p>\n<h2>Die erste Frau in Europa, die einen Zoo leitete<\/h2>\n<p>An seiner Stelle leitete Frau Prof. Monika Meyer-Holzapfel vom 1. Mai 1943 bis zum 31. Dezember 1969 die Geschicke des Tierparks. Sie war die erste Frau in Europa, die einen Zoo leitete und die erste Frau, welche als Mitglied in den 1946 neu gegr\u00fcndeten International Union of Directors of Zoological Gardens (IUDZG), heute WAZA, aufgenommen wurde.In dieser Zeit vergr\u00f6sserte sich die Artenzahl der Tiere im Vivarium, aber auch draussen entstanden neue Anlagen, zum Teil recht behelfsm\u00e4ssige Holzkonstruktionen. Nicht zuletzt der Zuchterfolge wegen wurde in dieser Zeit die Fachwelt auf den aufstrebenden Tiergarten aufmerksam. Erw\u00e4hnt seien hier die neuen Anlagen f\u00fcr gef\u00e4hrdete oder ausgerottete Tierarten, wie Fischotter, Wildkatzen, Luchse, Wisente und W\u00f6lfe, die Volieren f\u00fcr Greifv\u00f6gel und die Fasanerie. 1954 betrug der Tierbestand 1675 Tiere in 335 Arten; die Zahl der S\u00e4ugetiere blieb aber mit 23 Arten gering. Beides belegt, dass vor allem \u00abpflegeleichte\u00bb Arten gehalten wurden, weil nur sieben W\u00e4rter zur Verf\u00fcgung standen, immerhin drei mehr als bei der Er\u00f6ffnung. Trotz dieser Beschr\u00e4nkung tat der Tierpark in dieser Zeit den entscheidenden Schritt in Richtung Erf\u00fcllung des Auftrags, die einheimische Tierwelt zu zeigen.<\/p>\n<h2>Ausbau des Freigel\u00e4ndes<\/h2>\n<p>\u201eDes Berners Zoo\u201c war der Leitspruch von Prof. Hannes S\u00e4gesser, der die Geschicke des D\u00e4hlh\u00f6lzli vom Januar 1979 bis zu seinem pl\u00f6tzlichen Tod am 18. Januar 1991 leitete. Przewalski Pferde, Seehunde, Moschusochsen und syrische Braunb\u00e4ren sind Tierarten, die in seiner Zeit eingef\u00fchrt wurden. Die Anzahl der gehaltenen S\u00e4ugetierarten wuchs auf 60 an. Der Ausbau des Freigel\u00e4ndes (mit Kleinraubtierhaus, Przewalski-, Fischotter-, Wisent-, Elch-, Tiger-, und B\u00e4renanlage) und der 1988 er\u00f6ffnete Umbau des Vivariums repr\u00e4sentieren sein Wirken. Ausserhalb des Vivariums wurden fast alle exotischen Tierarten durch europ\u00e4ische ersetzt. Im Personalbreich wurde eine wissenschaftliche Adjunktstelle sowie erstmals in der Schweiz eine Zoop\u00e4dagogikstelle geschaffen. In die Zeit des f\u00fcnften Verwalters, Dr. Max M\u00fcller (Mai 1991 bis August 1996), fallen die Erweiterungen des Kinderzoos an der Aare sowie der B\u00e4renanlage im Tierpark und die Renovierung des B\u00e4rengrabens. Bei den gehaltenen Tieren fand eine Trendwende in Richtung exotische Tiere statt (Wallaby, Capybara). Im Jahre 1995 wurde die Leitung des Tierparks Analysen durch externe Experten unterzogen. Gest\u00fctzt auf die entsprechende Berichte wurde die F\u00fchrung des Tierparks neu strukturiert und eine Betriebsleitung eingesetzt.<\/p>\n<h2>Mehr Platz f\u00fcr weniger Tiere<\/h2>\n<p>Nach einer kurzen Interimsleitung durch Dr. Ruth Baumgartner von September 1996 bis M\u00e4rz 1997 wurde Dr. Bernd Schildger Direktor des Tierparks D\u00e4hlh\u00f6lzli. Neue Lebensr\u00e4ume f\u00fcr Tiere, wie z.B. G\u00e4msen, Breitrandschildkr\u00f6ten, Rauhfussh\u00fchner, Flamingos, Seehunde und Waldrappen wurden seither geschaffen. Neben der f\u00fcr die Realisierung von tiergerechten Lebensr\u00e4umen erforderlichen Reduktion der gehaltenen Tierarten wurde ein Leitbild formuliert: \u201eMehr Platz f\u00fcr weniger Tiere\u201c &#8211; Zum Wohle der Tiere und zur Freude der Menschen! Unter seiner F\u00fchrung hat sich der Tierpark in ein Aush\u00e4ngeschild f\u00fcr Tierp\u00e4rke und Zoos auf nationaler und internationaler Ebene entwickelt. Unter dem zukunftsweisenden Motto \u00abMehr Platz f\u00fcr weniger Tiere\u00bb wurde fast 90 Prozent der Tierparkfl\u00e4che neu gestaltet. Menschen k\u00f6nnen neu die Tiere nun in m\u00f6glichst artgem\u00e4ssen Lebensr\u00e4umen im D\u00e4hlh\u00f6lzli und B\u00e4renPark erleben und beim Beobachten Interessantes \u00fcber sie erfahren.<\/p>\n<h2>Friederike von Houwald wird neue Tierparkdirektorin<\/h2>\n<p>Der Gemeinderat ist dem Antrag der Tierparkkommission gefolgt und hat Friederike von Houwald zur neuen Tierparkdirektorin gew\u00e4hlt. Sie tritt per 1. September 2021 die Nachfolge von Bernd Schildger an, der nach \u00fcber 24 Jahren im Dienste des Tierparks Bern in den Ruhestand geht. Friederike von Houwald ist Tiermedizinerin und seit \u00fcber 20 Jahren in verschiedenen Funktionen im Bereich der Nachhaltigkeit und Tierhaltung im Zoo Basel t\u00e4tig. Als Kuratorin ist sie eine in der Zoowelt anerkannte und bestens vernetzte Pers\u00f6nlichkeit. Von ihrem fachlichen Netzwerk und ihrem Engagement in Organisationen wie der European Association of Zoos and Aquaria (EAZA) oder der International Union for the Conservation of Nature (IUCN) profitiert auch der Tierpark Bern. In ihrer T\u00e4tigkeit als Kuratorin des Zoos Basel begleitete Friederike von Houwald unter anderem den strategischen Prozess der Gesamtplanung des Zoos Basel. Mit ihr konnte eine vision\u00e4re und unternehmerische Person gewonnen werden, die motiviert ist, den Tierpark Bern so zu gestalten, dass in eine gesicherte Zukunft geblickt werden kann.[\/vc_column_text][\/vc_column][\/vc_row][vc_row][vc_column][vc_column_text]<\/p>\n<div class=\"zoo-link-info\">\n<div class=\"container\">\n<div class=\"row\">\n<div class=\"col-md-8 col-sm-12\">\n<div class=\"zoo-link-text-container\"><span class=\"zoo-link-text\">Sie m\u00f6chten mehr \u00fcber die gesamte Geschichte des Tierpark Bern erfahren?<\/span><\/div>\n<\/div>\n<div class=\"col-md-4 col-sm-12 zoo-link-btn-container\"><span class=\"zoo-link-btn\"><a class=\"button button-zoo-info\" href=\"https:\/\/tierpark-bern.ch\/fr\/parc-zoologique-de-berne\/notre-histoire\/\">Zur D\u00e4hlh\u00f6lzli und B\u00e4renPark Geschichte\u00a0<i class=\"fa fa-long-arrow-right\"><\/i><\/a><\/span><\/div>\n<\/div>\n<\/div>\n<\/div>\n<p>[\/vc_column_text][\/vc_column][\/vc_row]<\/p>\n<\/div>","protected":false},"excerpt":{"rendered":"<p>[vc_row][vc_column][vc_column_text] Die D\u00e4hlh\u00f6lzli-Geschichte Wenn eine Institution ein gewisses Alter erreicht hat, dann fragt kaum mehr jemand, wie sie entstanden ist. Eigentlich zu Unrecht. Man muss sich nur vergegenw\u00e4rtigen, was es heute f\u00fcr K\u00e4mpfe, sachliche und unsachliche, politische Redeschlachten, Medienberichte und Leserbriefe absetzen\u00a0w\u00fcrde, wollte man irgendwo in einer Gr\u00fcnzone oder gar in einem Wald einen Zoo [&hellip;]<\/p>\n","protected":false},"author":1,"featured_media":25127,"parent":48318,"menu_order":0,"comment_status":"closed","ping_status":"closed","template":"","meta":{"_acf_changed":false,"footnotes":""},"class_list":["post-52371","page","type-page","status-publish","has-post-thumbnail","hentry"],"acf":[],"yoast_head":"<title>Die D\u00e4hlh\u00f6lzli-Geschichte | Tierpark Bern<\/title>\n<meta name=\"description\" content=\"Die Vorgeschichte des Tierpark Bern beginnt schon im vorletzten Jahrhundert, als 1871 eine Gruppe von Optimisten f\u00fcr einen geplanten Zoo\" \/>\n<meta name=\"robots\" content=\"index, follow, max-snippet:-1, max-image-preview:large, max-video-preview:-1\" \/>\n<link rel=\"canonical\" href=\"https:\/\/tierpark-bern.ch\/fr\/parc-zoologique-de-berne\/notre-histoire\/die-daehlhoelzli-geschichte\/\" \/>\n<meta property=\"og:locale\" content=\"fr_FR\" \/>\n<meta property=\"og:type\" content=\"article\" \/>\n<meta property=\"og:title\" content=\"Die D\u00e4hlh\u00f6lzli-Geschichte | Tierpark Bern\" \/>\n<meta property=\"og:description\" content=\"Die Vorgeschichte des Tierpark Bern beginnt schon im vorletzten Jahrhundert, als 1871 eine Gruppe von Optimisten f\u00fcr einen geplanten Zoo\" \/>\n<meta property=\"og:url\" content=\"https:\/\/tierpark-bern.ch\/fr\/parc-zoologique-de-berne\/notre-histoire\/die-daehlhoelzli-geschichte\/\" \/>\n<meta property=\"og:site_name\" content=\"Tierpark Bern\" \/>\n<meta property=\"article:publisher\" content=\"https:\/\/www.facebook.com\/tierparkbern\/\" \/>\n<meta property=\"article:modified_time\" content=\"2024-02-19T13:39:50+00:00\" \/>\n<meta property=\"og:image\" content=\"https:\/\/tierpark-bern.ch\/web\/app\/uploads\/2020\/07\/historische-bilder-tierpark-bern-1952-Damhirsch.jpg\" \/>\n\t<meta property=\"og:image:width\" content=\"1500\" \/>\n\t<meta property=\"og:image:height\" content=\"998\" \/>\n\t<meta property=\"og:image:type\" content=\"image\/jpeg\" \/>\n<script type=\"application\/ld+json\" class=\"yoast-schema-graph\">{\"@context\":\"https:\/\/schema.org\",\"@graph\":[{\"@type\":\"WebPage\",\"@id\":\"https:\/\/tierpark-bern.ch\/fr\/parc-zoologique-de-berne\/notre-histoire\/die-daehlhoelzli-geschichte\/\",\"url\":\"https:\/\/tierpark-bern.ch\/fr\/parc-zoologique-de-berne\/notre-histoire\/die-daehlhoelzli-geschichte\/\",\"name\":\"Die D\u00e4hlh\u00f6lzli-Geschichte | Tierpark Bern\",\"isPartOf\":{\"@id\":\"https:\/\/tierpark-bern.ch\/fr\/#website\"},\"primaryImageOfPage\":{\"@id\":\"https:\/\/tierpark-bern.ch\/fr\/parc-zoologique-de-berne\/notre-histoire\/die-daehlhoelzli-geschichte\/#primaryimage\"},\"image\":{\"@id\":\"https:\/\/tierpark-bern.ch\/fr\/parc-zoologique-de-berne\/notre-histoire\/die-daehlhoelzli-geschichte\/#primaryimage\"},\"thumbnailUrl\":\"https:\/\/tierpark-bern.ch\/web\/app\/uploads\/2020\/07\/historische-bilder-tierpark-bern-1952-Damhirsch.jpg\",\"datePublished\":\"2022-02-23T22:56:21+00:00\",\"dateModified\":\"2024-02-19T13:39:50+00:00\",\"description\":\"Die Vorgeschichte des Tierpark Bern beginnt schon im vorletzten Jahrhundert, als 1871 eine Gruppe von Optimisten f\u00fcr einen geplanten Zoo\",\"breadcrumb\":{\"@id\":\"https:\/\/tierpark-bern.ch\/fr\/parc-zoologique-de-berne\/notre-histoire\/die-daehlhoelzli-geschichte\/#breadcrumb\"},\"inLanguage\":\"fr-FR\",\"potentialAction\":[{\"@type\":\"ReadAction\",\"target\":[\"https:\/\/tierpark-bern.ch\/fr\/parc-zoologique-de-berne\/notre-histoire\/die-daehlhoelzli-geschichte\/\"]}]},{\"@type\":\"ImageObject\",\"inLanguage\":\"fr-FR\",\"@id\":\"https:\/\/tierpark-bern.ch\/fr\/parc-zoologique-de-berne\/notre-histoire\/die-daehlhoelzli-geschichte\/#primaryimage\",\"url\":\"https:\/\/tierpark-bern.ch\/web\/app\/uploads\/2020\/07\/historische-bilder-tierpark-bern-1952-Damhirsch.jpg\",\"contentUrl\":\"https:\/\/tierpark-bern.ch\/web\/app\/uploads\/2020\/07\/historische-bilder-tierpark-bern-1952-Damhirsch.jpg\",\"width\":1500,\"height\":998},{\"@type\":\"BreadcrumbList\",\"@id\":\"https:\/\/tierpark-bern.ch\/fr\/parc-zoologique-de-berne\/notre-histoire\/die-daehlhoelzli-geschichte\/#breadcrumb\",\"itemListElement\":[{\"@type\":\"ListItem\",\"position\":1,\"name\":\"Home\",\"item\":\"https:\/\/tierpark-bern.ch\/fr\/home\/\"},{\"@type\":\"ListItem\",\"position\":2,\"name\":\"Parc zoologique de Berne\",\"item\":\"https:\/\/tierpark-bern.ch\/fr\/parc-zoologique-de-berne\/\"},{\"@type\":\"ListItem\",\"position\":3,\"name\":\"Notre histoire\",\"item\":\"https:\/\/tierpark-bern.ch\/fr\/parc-zoologique-de-berne\/notre-histoire\/\"},{\"@type\":\"ListItem\",\"position\":4,\"name\":\"Die D\u00e4hlh\u00f6lzli-Geschichte\"}]},{\"@type\":\"WebSite\",\"@id\":\"https:\/\/tierpark-bern.ch\/fr\/#website\",\"url\":\"https:\/\/tierpark-bern.ch\/fr\/\",\"name\":\"Tierpark Bern\",\"description\":\"\",\"publisher\":{\"@id\":\"https:\/\/tierpark-bern.ch\/fr\/#organization\"},\"potentialAction\":[{\"@type\":\"SearchAction\",\"target\":{\"@type\":\"EntryPoint\",\"urlTemplate\":\"https:\/\/tierpark-bern.ch\/fr\/?s={search_term_string}\"},\"query-input\":{\"@type\":\"PropertyValueSpecification\",\"valueRequired\":true,\"valueName\":\"search_term_string\"}}],\"inLanguage\":\"fr-FR\"},{\"@type\":\"Organization\",\"@id\":\"https:\/\/tierpark-bern.ch\/fr\/#organization\",\"name\":\"Tierpark Bern | D\u00e4hlh\u00f6lzli + B\u00e4renPark\",\"alternateName\":\"Tierpark Bern\",\"url\":\"https:\/\/tierpark-bern.ch\/fr\/\",\"logo\":{\"@type\":\"ImageObject\",\"inLanguage\":\"fr-FR\",\"@id\":\"https:\/\/tierpark-bern.ch\/fr\/#\/schema\/logo\/image\/\",\"url\":\"https:\/\/tierpark-bern.ch\/web\/app\/uploads\/2024\/04\/tierpark-bern-696x696-1.jpg\",\"contentUrl\":\"https:\/\/tierpark-bern.ch\/web\/app\/uploads\/2024\/04\/tierpark-bern-696x696-1.jpg\",\"width\":696,\"height\":696,\"caption\":\"Tierpark Bern | D\u00e4hlh\u00f6lzli + B\u00e4renPark\"},\"image\":{\"@id\":\"https:\/\/tierpark-bern.ch\/fr\/#\/schema\/logo\/image\/\"},\"sameAs\":[\"https:\/\/www.facebook.com\/tierparkbern\/\",\"https:\/\/x.com\/tierparkbern\",\"https:\/\/www.instagram.com\/tierparkbern\/\"]}]}<\/script>","yoast_head_json":{"title":"Die D\u00e4hlh\u00f6lzli-Geschichte | Tierpark Bern","description":"Die Vorgeschichte des Tierpark Bern beginnt schon im vorletzten Jahrhundert, als 1871 eine Gruppe von Optimisten f\u00fcr einen geplanten Zoo","robots":{"index":"index","follow":"follow","max-snippet":"max-snippet:-1","max-image-preview":"max-image-preview:large","max-video-preview":"max-video-preview:-1"},"canonical":"https:\/\/tierpark-bern.ch\/fr\/parc-zoologique-de-berne\/notre-histoire\/die-daehlhoelzli-geschichte\/","og_locale":"fr_FR","og_type":"article","og_title":"Die D\u00e4hlh\u00f6lzli-Geschichte | Tierpark Bern","og_description":"Die Vorgeschichte des Tierpark Bern beginnt schon im vorletzten Jahrhundert, als 1871 eine Gruppe von Optimisten f\u00fcr einen geplanten Zoo","og_url":"https:\/\/tierpark-bern.ch\/fr\/parc-zoologique-de-berne\/notre-histoire\/die-daehlhoelzli-geschichte\/","og_site_name":"Tierpark Bern","article_publisher":"https:\/\/www.facebook.com\/tierparkbern\/","article_modified_time":"2024-02-19T13:39:50+00:00","og_image":[{"width":1500,"height":998,"url":"https:\/\/tierpark-bern.ch\/web\/app\/uploads\/2020\/07\/historische-bilder-tierpark-bern-1952-Damhirsch.jpg","type":"image\/jpeg"}],"schema":{"@context":"https:\/\/schema.org","@graph":[{"@type":"WebPage","@id":"https:\/\/tierpark-bern.ch\/fr\/parc-zoologique-de-berne\/notre-histoire\/die-daehlhoelzli-geschichte\/","url":"https:\/\/tierpark-bern.ch\/fr\/parc-zoologique-de-berne\/notre-histoire\/die-daehlhoelzli-geschichte\/","name":"Die D\u00e4hlh\u00f6lzli-Geschichte | Tierpark Bern","isPartOf":{"@id":"https:\/\/tierpark-bern.ch\/fr\/#website"},"primaryImageOfPage":{"@id":"https:\/\/tierpark-bern.ch\/fr\/parc-zoologique-de-berne\/notre-histoire\/die-daehlhoelzli-geschichte\/#primaryimage"},"image":{"@id":"https:\/\/tierpark-bern.ch\/fr\/parc-zoologique-de-berne\/notre-histoire\/die-daehlhoelzli-geschichte\/#primaryimage"},"thumbnailUrl":"https:\/\/tierpark-bern.ch\/web\/app\/uploads\/2020\/07\/historische-bilder-tierpark-bern-1952-Damhirsch.jpg","datePublished":"2022-02-23T22:56:21+00:00","dateModified":"2024-02-19T13:39:50+00:00","description":"Die Vorgeschichte des Tierpark Bern beginnt schon im vorletzten Jahrhundert, als 1871 eine Gruppe von Optimisten f\u00fcr einen geplanten Zoo","breadcrumb":{"@id":"https:\/\/tierpark-bern.ch\/fr\/parc-zoologique-de-berne\/notre-histoire\/die-daehlhoelzli-geschichte\/#breadcrumb"},"inLanguage":"fr-FR","potentialAction":[{"@type":"ReadAction","target":["https:\/\/tierpark-bern.ch\/fr\/parc-zoologique-de-berne\/notre-histoire\/die-daehlhoelzli-geschichte\/"]}]},{"@type":"ImageObject","inLanguage":"fr-FR","@id":"https:\/\/tierpark-bern.ch\/fr\/parc-zoologique-de-berne\/notre-histoire\/die-daehlhoelzli-geschichte\/#primaryimage","url":"https:\/\/tierpark-bern.ch\/web\/app\/uploads\/2020\/07\/historische-bilder-tierpark-bern-1952-Damhirsch.jpg","contentUrl":"https:\/\/tierpark-bern.ch\/web\/app\/uploads\/2020\/07\/historische-bilder-tierpark-bern-1952-Damhirsch.jpg","width":1500,"height":998},{"@type":"BreadcrumbList","@id":"https:\/\/tierpark-bern.ch\/fr\/parc-zoologique-de-berne\/notre-histoire\/die-daehlhoelzli-geschichte\/#breadcrumb","itemListElement":[{"@type":"ListItem","position":1,"name":"Home","item":"https:\/\/tierpark-bern.ch\/fr\/home\/"},{"@type":"ListItem","position":2,"name":"Parc zoologique de Berne","item":"https:\/\/tierpark-bern.ch\/fr\/parc-zoologique-de-berne\/"},{"@type":"ListItem","position":3,"name":"Notre histoire","item":"https:\/\/tierpark-bern.ch\/fr\/parc-zoologique-de-berne\/notre-histoire\/"},{"@type":"ListItem","position":4,"name":"Die D\u00e4hlh\u00f6lzli-Geschichte"}]},{"@type":"WebSite","@id":"https:\/\/tierpark-bern.ch\/fr\/#website","url":"https:\/\/tierpark-bern.ch\/fr\/","name":"Tierpark Bern","description":"","publisher":{"@id":"https:\/\/tierpark-bern.ch\/fr\/#organization"},"potentialAction":[{"@type":"SearchAction","target":{"@type":"EntryPoint","urlTemplate":"https:\/\/tierpark-bern.ch\/fr\/?s={search_term_string}"},"query-input":{"@type":"PropertyValueSpecification","valueRequired":true,"valueName":"search_term_string"}}],"inLanguage":"fr-FR"},{"@type":"Organization","@id":"https:\/\/tierpark-bern.ch\/fr\/#organization","name":"Tierpark Bern | D\u00e4hlh\u00f6lzli + B\u00e4renPark","alternateName":"Tierpark Bern","url":"https:\/\/tierpark-bern.ch\/fr\/","logo":{"@type":"ImageObject","inLanguage":"fr-FR","@id":"https:\/\/tierpark-bern.ch\/fr\/#\/schema\/logo\/image\/","url":"https:\/\/tierpark-bern.ch\/web\/app\/uploads\/2024\/04\/tierpark-bern-696x696-1.jpg","contentUrl":"https:\/\/tierpark-bern.ch\/web\/app\/uploads\/2024\/04\/tierpark-bern-696x696-1.jpg","width":696,"height":696,"caption":"Tierpark Bern | D\u00e4hlh\u00f6lzli + B\u00e4renPark"},"image":{"@id":"https:\/\/tierpark-bern.ch\/fr\/#\/schema\/logo\/image\/"},"sameAs":["https:\/\/www.facebook.com\/tierparkbern\/","https:\/\/x.com\/tierparkbern","https:\/\/www.instagram.com\/tierparkbern\/"]}]}},"_links":{"self":[{"href":"https:\/\/tierpark-bern.ch\/fr\/wp-json\/wp\/v2\/pages\/52371","targetHints":{"allow":["GET"]}}],"collection":[{"href":"https:\/\/tierpark-bern.ch\/fr\/wp-json\/wp\/v2\/pages"}],"about":[{"href":"https:\/\/tierpark-bern.ch\/fr\/wp-json\/wp\/v2\/types\/page"}],"author":[{"embeddable":true,"href":"https:\/\/tierpark-bern.ch\/fr\/wp-json\/wp\/v2\/users\/1"}],"replies":[{"embeddable":true,"href":"https:\/\/tierpark-bern.ch\/fr\/wp-json\/wp\/v2\/comments?post=52371"}],"version-history":[{"count":0,"href":"https:\/\/tierpark-bern.ch\/fr\/wp-json\/wp\/v2\/pages\/52371\/revisions"}],"up":[{"embeddable":true,"href":"https:\/\/tierpark-bern.ch\/fr\/wp-json\/wp\/v2\/pages\/48318"}],"wp:featuredmedia":[{"embeddable":true,"href":"https:\/\/tierpark-bern.ch\/fr\/wp-json\/wp\/v2\/media\/25127"}],"wp:attachment":[{"href":"https:\/\/tierpark-bern.ch\/fr\/wp-json\/wp\/v2\/media?parent=52371"}],"curies":[{"name":"wp","href":"https:\/\/api.w.org\/{rel}","templated":true}]}}