{"id":54221,"date":"2023-02-27T17:55:11","date_gmt":"2023-02-27T16:55:11","guid":{"rendered":"https:\/\/tierpark-bern.ch\/soutenir\/spenden\/"},"modified":"2023-10-30T09:13:06","modified_gmt":"2023-10-30T08:13:06","slug":"spenden","status":"publish","type":"page","link":"https:\/\/tierpark-bern.ch\/fr\/soutenir\/spenden\/","title":{"rendered":"Gabusfonds"},"content":{"rendered":"<div class=\"wpb-content-wrapper\"><p>[vc_row][vc_column offset=&#8221;vc_col-lg-9 vc_col-md-9 vc_col-xs-12&#8243;][vc_column_text]<\/p>\n<h1>Dons au Gabusfonds<\/h1>\n<p>Le Gabusfonds est g\u00e9r\u00e9 par l&#8217;administration des finances et les fonds sont \u00e0 100 % \u00e0 la disposition du parc zoologique de Berne. Il est exon\u00e9r\u00e9 d&#8217;imp\u00f4ts et vous recevrez une attestation de don de notre part.<\/p>\n<p>Vous souhaitez soutenir directement le parc zoologique de Berne et ses animaux ? Faites un don au Gabusfonds ! L&#8217;argent de ce fonds est \u00e0 100 % \u00e0 la disposition des animaux et des installations du parc zoologique de Berne.[\/vc_column_text][vc_column_text]<\/p>\n<h2>Faites un don en ligne &#8211; tout simplement par carte de cr\u00e9dit<\/h2>\n<p>S\u00e9lectionnez le Gabusfonds dans le formulaire.[\/vc_column_text][vc_column_text]<a class=\"button button--tierpark\" href=\"https:\/\/formular.bern.ch\/forms\/findform?shortname=spende&amp;formtecid=3&amp;areashortname=tierpark_bern\" target=\"_blank\" rel=\"noopener\">Faire un don en ligne au Gabusfonds d\u00e8s maintenant<\/a>[\/vc_column_text][vc_column_text]<\/p>\n<h2>Effectuez un don rapidement et en toute s\u00e9curit\u00e9 avec TWINT<\/h2>\n<p>[\/vc_column_text][vc_single_image image=&#8221;42646&#8243; img_size=&#8221;500&#215;221&#8243; el_class=&#8221;spenden-qrcode mobile-hide&#8221;][vc_column_text]<a class=\"button button--tierpark\" href=\"https:\/\/donate.raisenow.io\/bszfs\" target=\"_blank\" rel=\"noopener\">Faire un don maintenant via Twint Paylink<\/a>[\/vc_column_text][vc_column_text]<\/p>\n<h2>Banque en ligne<\/h2>\n<p>Scannez le code QR sur le bulletin de versement ou indiquez-le manuellement :<\/p>\n<p>IBAN: CH60 0079 0020 9723 0610 9<\/p>\n<p>Compte aupr\u00e8s de : Berner Kantonalbank AG, 3011 Bern<\/p>\n<p>B\u00e9n\u00e9ficiaire (\u00e0 indiquer obligatoirement !): Einwohnergemeinde Stadt Bern, Tierpark Bern, D\u00e4hlh\u00f6lzli + B\u00e4renPark, Bundesgasse 33, 3011 Bern<\/p>\n<p>Inscrire sous &#8220;informations compl\u00e9mentaires&#8221; : Gabusfonds<br \/>\n[\/vc_column_text][vc_column_text]<\/p>\n<h2>Bulletin de versement<\/h2>\n<p>Appelez-nous au +41 31 321 15 13 et nous vous enverrons volontiers un bulletin de versement par la poste.[\/vc_column_text][vc_column_text]<a class=\"button button--tierpark\" href=\"https:\/\/tierpark-bern.ch\/web\/app\/uploads\/2023\/03\/QR-Einzahlungsschein-Gabusfonds.pdf\" target=\"_blank\" rel=\"noopener\">Bulletin de versement \u00e0 t\u00e9l\u00e9charger<\/a>[\/vc_column_text][vc_column_text]<\/p>\n<h2>Vous vous int\u00e9ressez \u00e0 la base juridique du Gabusfonds ?<\/h2>\n<p>[\/vc_column_text][vc_column_text]<a class=\"button button--tierpark\" href=\"https:\/\/stadtrecht.bern.ch\/lexoverview-home\/lex-631_51?effective-from=20141201\" target=\"_blank\" rel=\"noopener\">Plus d&#8217;informations sur stadtrecht.bern.ch<\/a>[\/vc_column_text][\/vc_column][vc_column offset=&#8221;vc_col-lg-3 vc_col-md-3 vc_col-xs-12&#8243; css=&#8221;.vc_custom_1679981947116{margin-top: 13px !important;}&#8221;][vc_widget_sidebar sidebar_id=&#8221;gabusfonds-widget&#8221;][\/vc_column][\/vc_row][vc_row][vc_column][vc_column_text]<\/p>\n<h2>Foire aux questions sur les dons<\/h2>\n<div class=\"faq-section top-20\">\n                <div class=\"row\">\n                    <div class=\"col-12\"><div class=\"accordion accordion--bordered\">\n                                  <div class=\"accordion__title-block\" role=\"button\">\n                                      <span class=\"accordion__title\">Puis-je faire un don en ligne au Parc zoologique de Berne?<\/span>\n                                      <span class=\"accordion__close\"><\/span>\n                                  <\/div>\n                                  <div class=\"accordion__text-block\">\n                                       <p><p>Vous avez le choix entre diverses formules: carte de cr\u00e9dit (Visa, MasterCard), PostFinance (PostCard, eFinance) ou TWINT. <a href=\"https:\/\/formular.bern.ch\/forms\/findform?shortname=spende&#038;formtecid=3&#038;areashortname=tierpark_bern\" rel=\"noopener\" target=\"_blank\">Vers le formulaire de don<\/a><\/p>\n<\/p>\n                                  <\/div>\n                              <\/div><div class=\"accordion accordion--bordered\">\n                                  <div class=\"accordion__title-block\" role=\"button\">\n                                      <span class=\"accordion__title\">Ai-je droit \u00e0 une attestation de don?<\/span>\n                                      <span class=\"accordion__close\"><\/span>\n                                  <\/div>\n                                  <div class=\"accordion__text-block\">\n                                       <p><p>Sur demande, tout don fera l\u2019objet d\u2019une attestation \u00e9crite.<\/p>\n<\/p>\n                                  <\/div>\n                              <\/div><div class=\"accordion accordion--bordered\">\n                                  <div class=\"accordion__title-block\" role=\"button\">\n                                      <span class=\"accordion__title\">Puis-je d\u00e9duire de mes imp\u00f4ts le montant de mon don?<\/span>\n                                      <span class=\"accordion__close\"><\/span>\n                                  <\/div>\n                                  <div class=\"accordion__text-block\">\n                                       <p><p>Tant les dons effectu\u00e9s au Parc zoologique de Berne que les parrainages sont d\u00e9ductibles des imp\u00f4ts.<\/p>\n<\/p>\n                                  <\/div>\n                              <\/div><div class=\"accordion accordion--bordered\">\n                                  <div class=\"accordion__title-block\" role=\"button\">\n                                      <span class=\"accordion__title\">\u00c0 quelle fin mon don sera-t-il utilis\u00e9?<\/span>\n                                      <span class=\"accordion__close\"><\/span>\n                                  <\/div>\n                                  <div class=\"accordion__text-block\">\n                                       <p><p>Les versements au fonds Gabus sont destin\u00e9s \u00e0 100 % aux animaux et aux enclos du Parc zoologique de Berne.<\/p>\n<\/p>\n                                  <\/div>\n                              <\/div><div class=\"accordion accordion--bordered\">\n                                  <div class=\"accordion__title-block\" role=\"button\">\n                                      <span class=\"accordion__title\">Comment puis-je soutenir financi\u00e8rement le Parc zoologique de Berne?<\/span>\n                                      <span class=\"accordion__close\"><\/span>\n                                  <\/div>\n                                  <div class=\"accordion__text-block\">\n                                       <div class=\"wpb-content-wrapper\"><p>[vc_row][vc_column][vc_column_text]1. Vous faites un <a href=\"https:\/\/tierpark-bern.ch\/fr\/soutenir\/parrainages-danimaux\/\"> parrainage <\/a><\/p>\n<p>2. Vous soutenez <a href=\"https:\/\/www.tierparkverein.ch\/ihre-hilfe\/\" target=\"_blank\" rel=\"noopener noreferrer\">l\u2019association des amis du zoo de Berne<\/a><\/p>\n<p>3. Vous faites un versement direct sur un compte, qui alimentera le fonds Gabus. Les versements destin\u00e9s au fonds Gabus seront ainsi libell\u00e9s:<\/p>\n<p>IBAN: CH60 0079 0020 9723 0610 9<\/p>\n<p>Compte aupr\u00e8s de la: Banque cantonale bernoise SA, 3011 Berne<\/p>\n<p>B\u00e9n\u00e9ficiaire (\u00c0 INDIQUER OBLIGATOIREMENT!) : Einwohnergemeinde Stadt Bern, Tierpark Bern, D\u00e4hlh\u00f6lzli + B\u00e4renPark, Bundesgasse 33, 3011 Bern<\/p>\n<p>Inscrire sous &#8220;informations compl\u00e9mentaires&#8221; : Gabusfonds<\/p>\n<p>ou<\/p>\n<p><a href=\"https:\/\/formular.bern.ch\/forms\/findform?shortname=spende&amp;formtecid=3&amp;areashortname=tierpark_bern\" target=\"_blank\" rel=\"noopener\">Vous faites directement un don en ligne \u00e0 l\u2019aide du formulaire de dons de la Ville de Berne.<\/a><\/p>\n<p>4. vous versez directement sur un compte, d&#8217;o\u00f9 l&#8217;argent sera vers\u00e9 au Fonds pour la protection de la nature et des esp\u00e8ces. Les versements pour le fonds de protection de la nature et des esp\u00e8ces sont \u00e0 adresser \u00e0 :<\/p>\n<p>IBAN : CH60 0079 0020 9723 0610 9<\/p>\n<p>compte aupr\u00e8s de : Banque Cantonale Bernoise SA, 3011 Berne<\/p>\n<p>B\u00e9n\u00e9ficiaire (\u00e0 indiquer imp\u00e9rativement !) : Einwohnergemeinde Stadt Bern, Tierpark Bern, D\u00e4hlh\u00f6lzli + B\u00e4renPark, Bundesgasse 33, 3011 Bern<\/p>\n<p>Inscrire sous &#8220;informations compl\u00e9mentaires&#8221; : protection de la nature et des esp\u00e8ces<\/p>\n<p>ou<\/p>\n<p><a href=\"https:\/\/formular.bern.ch\/forms\/findform?shortname=spende&amp;formtecid=3&amp;areashortname=tierpark_bern\" target=\"_blank\" rel=\"noopener\">Vous faites un don directement en ligne via le formulaire de don de la ville de Berne.<\/a><\/p>\n<p>Le franc de protection de la nature est vers\u00e9 dans le pot du Fonds pour la protection de la nature et des esp\u00e8ces. Le fonds est g\u00e9r\u00e9 par l&#8217;administration des finances et l&#8217;argent est \u00e0 100 % \u00e0 la disposition du parc animalier de Berne. Il est exon\u00e9r\u00e9 d&#8217;imp\u00f4ts et vous recevrez de notre part une attestation de don.<\/p>\n<p>Un grand merci pour votre soutien !<\/p>\n<p>[\/vc_column_text][\/vc_column][\/vc_row]<\/p>\n<\/div>\n                                  <\/div>\n                              <\/div><\/div>\n                <\/div>\n            <\/div>[\/vc_column_text][\/vc_column][\/vc_row][vc_row][vc_column][vc_column_text]<section class=\"section no-padding-bottom page-suggestion-container\">\n            <div class=\"container\">\n                <div class=\"row bottom-50\">\n                    <div class=\"col-12\">\n                        <div class=\"heading heading--primary heading--center\">\n                            <h2 class=\"heading__title no-margin-bottom\"><span>Autres Th\u00e8mes<\/span><\/h2>\n                        <\/div>\n                    <\/div>\n                <\/div>\n                <div class=\"row\"><div class=\"col-md-6 col-xl-4 \">\n                        <div class=\"service-content\" tabindex=\"0\" role=\"link\" onclick=\"suggestionLinkfunction(this);\" data-href=\"https:\/\/tierpark-bern.ch\/fr\/soutenir\/parrainages-danimaux\/\">\n                            <img decoding=\"async\" src=\"https:\/\/tierpark-bern.ch\/web\/app\/uploads\/2022\/02\/Sterna-paradisaea-2-386x230.jpg\" alt=\"\"\/>\n                                <div class=\"service-desc\">\n                                    <div class=\"vcenter\">\n                                        <div class=\"titel\">Parrainages d\u2019animaux<\/div>\n                                    <\/div>\n                                <\/div>\n                        <\/div>\n                    <\/div><div class=\"col-md-6 col-xl-4 \">\n                        <div class=\"service-content\" tabindex=\"0\" role=\"link\" onclick=\"suggestionLinkfunction(this);\" data-href=\"https:\/\/tierpark-bern.ch\/fr\/soutenir\/association-des-amis-du-zoo-de-berne\/\">\n                            <img decoding=\"async\" src=\"https:\/\/tierpark-bern.ch\/web\/app\/uploads\/2022\/02\/uhu-jungtier-tierpark-bern-14-386x230.jpg\" alt=\"\"\/>\n                                <div class=\"service-desc\">\n                                    <div class=\"vcenter\">\n                                        <div class=\"titel\">Association des amis du zoo de Berne<\/div>\n                                    <\/div>\n                                <\/div>\n                        <\/div>\n                    <\/div><div class=\"col-md-6 col-xl-4 \">\n                        <div class=\"service-content\" tabindex=\"0\" role=\"link\" onclick=\"suggestionLinkfunction(this);\" data-href=\"https:\/\/tierpark-bern.ch\/fr\/soutenir\/heritages-et-legs\/\">\n                            <img decoding=\"async\" src=\"https:\/\/tierpark-bern.ch\/web\/app\/uploads\/2020\/07\/kinderzoo-im-Tierpark-Bern-19-386x230.jpg\" alt=\"\"\/>\n                                <div class=\"service-desc\">\n                                    <div class=\"vcenter\">\n                                        <div class=\"titel\">H\u00e9ritages et legs<\/div>\n                                    <\/div>\n                                <\/div>\n                        <\/div>\n                    <\/div><\/div>\n            <\/div>\n        <\/section>[\/vc_column_text][\/vc_column][\/vc_row]<\/p>\n<\/div>","protected":false},"excerpt":{"rendered":"<p>Le Gabusfonds est g\u00e9r\u00e9 par l&#8217;administration des finances et les fonds sont \u00e0 100 % \u00e0 la disposition du parc zoologique de Berne.<\/p>\n","protected":false},"author":1,"featured_media":24514,"parent":46497,"menu_order":0,"comment_status":"closed","ping_status":"closed","template":"","meta":{"_acf_changed":false,"footnotes":""},"class_list":["post-54221","page","type-page","status-publish","has-post-thumbnail","hentry"],"acf":[],"yoast_head":"<title>Gabusfonds | Tierpark Bern<\/title>\n<meta name=\"description\" content=\"Le Gabusfonds est g\u00e9r\u00e9 par l&#039;administration des finances et les fonds sont \u00e0 100 % \u00e0 la disposition du parc zoologique de Berne.\" \/>\n<meta name=\"robots\" content=\"index, follow, max-snippet:-1, max-image-preview:large, max-video-preview:-1\" \/>\n<link rel=\"canonical\" href=\"https:\/\/tierpark-bern.ch\/fr\/soutenir\/spenden\/\" \/>\n<meta property=\"og:locale\" content=\"fr_FR\" \/>\n<meta property=\"og:type\" content=\"article\" \/>\n<meta property=\"og:title\" content=\"Gabusfonds | Tierpark Bern\" \/>\n<meta property=\"og:description\" content=\"Le Gabusfonds est g\u00e9r\u00e9 par l&#039;administration des finances et les fonds sont \u00e0 100 % \u00e0 la disposition du parc zoologique de Berne.\" \/>\n<meta property=\"og:url\" content=\"https:\/\/tierpark-bern.ch\/fr\/soutenir\/spenden\/\" \/>\n<meta property=\"og:site_name\" content=\"Tierpark Bern\" \/>\n<meta property=\"article:publisher\" content=\"https:\/\/www.facebook.com\/tierparkbern\/\" \/>\n<meta property=\"article:modified_time\" content=\"2023-10-30T08:13:06+00:00\" \/>\n<meta property=\"og:image\" content=\"https:\/\/tierpark-bern.ch\/web\/app\/uploads\/2020\/07\/leopard-2-tierpark-bern.jpg\" \/>\n\t<meta property=\"og:image:width\" content=\"1500\" \/>\n\t<meta property=\"og:image:height\" content=\"998\" \/>\n\t<meta property=\"og:image:type\" content=\"image\/jpeg\" \/>\n<script type=\"application\/ld+json\" class=\"yoast-schema-graph\">{\"@context\":\"https:\/\/schema.org\",\"@graph\":[{\"@type\":\"WebPage\",\"@id\":\"https:\/\/tierpark-bern.ch\/fr\/soutenir\/spenden\/\",\"url\":\"https:\/\/tierpark-bern.ch\/fr\/soutenir\/spenden\/\",\"name\":\"Gabusfonds | Tierpark Bern\",\"isPartOf\":{\"@id\":\"https:\/\/tierpark-bern.ch\/fr\/#website\"},\"primaryImageOfPage\":{\"@id\":\"https:\/\/tierpark-bern.ch\/fr\/soutenir\/spenden\/#primaryimage\"},\"image\":{\"@id\":\"https:\/\/tierpark-bern.ch\/fr\/soutenir\/spenden\/#primaryimage\"},\"thumbnailUrl\":\"https:\/\/tierpark-bern.ch\/web\/app\/uploads\/2020\/07\/leopard-2-tierpark-bern.jpg\",\"datePublished\":\"2023-02-27T16:55:11+00:00\",\"dateModified\":\"2023-10-30T08:13:06+00:00\",\"description\":\"Le Gabusfonds est g\u00e9r\u00e9 par l'administration des finances et les fonds sont \u00e0 100 % \u00e0 la disposition du parc zoologique de Berne.\",\"breadcrumb\":{\"@id\":\"https:\/\/tierpark-bern.ch\/fr\/soutenir\/spenden\/#breadcrumb\"},\"inLanguage\":\"fr-FR\",\"potentialAction\":[{\"@type\":\"ReadAction\",\"target\":[\"https:\/\/tierpark-bern.ch\/fr\/soutenir\/spenden\/\"]}]},{\"@type\":\"ImageObject\",\"inLanguage\":\"fr-FR\",\"@id\":\"https:\/\/tierpark-bern.ch\/fr\/soutenir\/spenden\/#primaryimage\",\"url\":\"https:\/\/tierpark-bern.ch\/web\/app\/uploads\/2020\/07\/leopard-2-tierpark-bern.jpg\",\"contentUrl\":\"https:\/\/tierpark-bern.ch\/web\/app\/uploads\/2020\/07\/leopard-2-tierpark-bern.jpg\",\"width\":1500,\"height\":998,\"caption\":\"Nahaufnahme von einem Persischen Leoparden\"},{\"@type\":\"BreadcrumbList\",\"@id\":\"https:\/\/tierpark-bern.ch\/fr\/soutenir\/spenden\/#breadcrumb\",\"itemListElement\":[{\"@type\":\"ListItem\",\"position\":1,\"name\":\"Home\",\"item\":\"https:\/\/tierpark-bern.ch\/fr\/home\/\"},{\"@type\":\"ListItem\",\"position\":2,\"name\":\"Soutenir\",\"item\":\"https:\/\/tierpark-bern.ch\/fr\/soutenir\/\"},{\"@type\":\"ListItem\",\"position\":3,\"name\":\"Gabusfonds\"}]},{\"@type\":\"WebSite\",\"@id\":\"https:\/\/tierpark-bern.ch\/fr\/#website\",\"url\":\"https:\/\/tierpark-bern.ch\/fr\/\",\"name\":\"Tierpark Bern\",\"description\":\"\",\"publisher\":{\"@id\":\"https:\/\/tierpark-bern.ch\/fr\/#organization\"},\"potentialAction\":[{\"@type\":\"SearchAction\",\"target\":{\"@type\":\"EntryPoint\",\"urlTemplate\":\"https:\/\/tierpark-bern.ch\/fr\/?s={search_term_string}\"},\"query-input\":{\"@type\":\"PropertyValueSpecification\",\"valueRequired\":true,\"valueName\":\"search_term_string\"}}],\"inLanguage\":\"fr-FR\"},{\"@type\":\"Organization\",\"@id\":\"https:\/\/tierpark-bern.ch\/fr\/#organization\",\"name\":\"Tierpark Bern | D\u00e4hlh\u00f6lzli + B\u00e4renPark\",\"alternateName\":\"Tierpark Bern\",\"url\":\"https:\/\/tierpark-bern.ch\/fr\/\",\"logo\":{\"@type\":\"ImageObject\",\"inLanguage\":\"fr-FR\",\"@id\":\"https:\/\/tierpark-bern.ch\/fr\/#\/schema\/logo\/image\/\",\"url\":\"https:\/\/tierpark-bern.ch\/web\/app\/uploads\/2024\/04\/tierpark-bern-696x696-1.jpg\",\"contentUrl\":\"https:\/\/tierpark-bern.ch\/web\/app\/uploads\/2024\/04\/tierpark-bern-696x696-1.jpg\",\"width\":696,\"height\":696,\"caption\":\"Tierpark Bern | D\u00e4hlh\u00f6lzli + B\u00e4renPark\"},\"image\":{\"@id\":\"https:\/\/tierpark-bern.ch\/fr\/#\/schema\/logo\/image\/\"},\"sameAs\":[\"https:\/\/www.facebook.com\/tierparkbern\/\",\"https:\/\/x.com\/tierparkbern\",\"https:\/\/www.instagram.com\/tierparkbern\/\"]}]}<\/script>","yoast_head_json":{"title":"Gabusfonds | Tierpark Bern","description":"Le Gabusfonds est g\u00e9r\u00e9 par l'administration des finances et les fonds sont \u00e0 100 % \u00e0 la disposition du parc zoologique de Berne.","robots":{"index":"index","follow":"follow","max-snippet":"max-snippet:-1","max-image-preview":"max-image-preview:large","max-video-preview":"max-video-preview:-1"},"canonical":"https:\/\/tierpark-bern.ch\/fr\/soutenir\/spenden\/","og_locale":"fr_FR","og_type":"article","og_title":"Gabusfonds | Tierpark Bern","og_description":"Le Gabusfonds est g\u00e9r\u00e9 par l'administration des finances et les fonds sont \u00e0 100 % \u00e0 la disposition du parc zoologique de Berne.","og_url":"https:\/\/tierpark-bern.ch\/fr\/soutenir\/spenden\/","og_site_name":"Tierpark Bern","article_publisher":"https:\/\/www.facebook.com\/tierparkbern\/","article_modified_time":"2023-10-30T08:13:06+00:00","og_image":[{"width":1500,"height":998,"url":"https:\/\/tierpark-bern.ch\/web\/app\/uploads\/2020\/07\/leopard-2-tierpark-bern.jpg","type":"image\/jpeg"}],"schema":{"@context":"https:\/\/schema.org","@graph":[{"@type":"WebPage","@id":"https:\/\/tierpark-bern.ch\/fr\/soutenir\/spenden\/","url":"https:\/\/tierpark-bern.ch\/fr\/soutenir\/spenden\/","name":"Gabusfonds | Tierpark Bern","isPartOf":{"@id":"https:\/\/tierpark-bern.ch\/fr\/#website"},"primaryImageOfPage":{"@id":"https:\/\/tierpark-bern.ch\/fr\/soutenir\/spenden\/#primaryimage"},"image":{"@id":"https:\/\/tierpark-bern.ch\/fr\/soutenir\/spenden\/#primaryimage"},"thumbnailUrl":"https:\/\/tierpark-bern.ch\/web\/app\/uploads\/2020\/07\/leopard-2-tierpark-bern.jpg","datePublished":"2023-02-27T16:55:11+00:00","dateModified":"2023-10-30T08:13:06+00:00","description":"Le Gabusfonds est g\u00e9r\u00e9 par l'administration des finances et les fonds sont \u00e0 100 % \u00e0 la disposition du parc zoologique de Berne.","breadcrumb":{"@id":"https:\/\/tierpark-bern.ch\/fr\/soutenir\/spenden\/#breadcrumb"},"inLanguage":"fr-FR","potentialAction":[{"@type":"ReadAction","target":["https:\/\/tierpark-bern.ch\/fr\/soutenir\/spenden\/"]}]},{"@type":"ImageObject","inLanguage":"fr-FR","@id":"https:\/\/tierpark-bern.ch\/fr\/soutenir\/spenden\/#primaryimage","url":"https:\/\/tierpark-bern.ch\/web\/app\/uploads\/2020\/07\/leopard-2-tierpark-bern.jpg","contentUrl":"https:\/\/tierpark-bern.ch\/web\/app\/uploads\/2020\/07\/leopard-2-tierpark-bern.jpg","width":1500,"height":998,"caption":"Nahaufnahme von einem Persischen Leoparden"},{"@type":"BreadcrumbList","@id":"https:\/\/tierpark-bern.ch\/fr\/soutenir\/spenden\/#breadcrumb","itemListElement":[{"@type":"ListItem","position":1,"name":"Home","item":"https:\/\/tierpark-bern.ch\/fr\/home\/"},{"@type":"ListItem","position":2,"name":"Soutenir","item":"https:\/\/tierpark-bern.ch\/fr\/soutenir\/"},{"@type":"ListItem","position":3,"name":"Gabusfonds"}]},{"@type":"WebSite","@id":"https:\/\/tierpark-bern.ch\/fr\/#website","url":"https:\/\/tierpark-bern.ch\/fr\/","name":"Tierpark Bern","description":"","publisher":{"@id":"https:\/\/tierpark-bern.ch\/fr\/#organization"},"potentialAction":[{"@type":"SearchAction","target":{"@type":"EntryPoint","urlTemplate":"https:\/\/tierpark-bern.ch\/fr\/?s={search_term_string}"},"query-input":{"@type":"PropertyValueSpecification","valueRequired":true,"valueName":"search_term_string"}}],"inLanguage":"fr-FR"},{"@type":"Organization","@id":"https:\/\/tierpark-bern.ch\/fr\/#organization","name":"Tierpark Bern | D\u00e4hlh\u00f6lzli + B\u00e4renPark","alternateName":"Tierpark Bern","url":"https:\/\/tierpark-bern.ch\/fr\/","logo":{"@type":"ImageObject","inLanguage":"fr-FR","@id":"https:\/\/tierpark-bern.ch\/fr\/#\/schema\/logo\/image\/","url":"https:\/\/tierpark-bern.ch\/web\/app\/uploads\/2024\/04\/tierpark-bern-696x696-1.jpg","contentUrl":"https:\/\/tierpark-bern.ch\/web\/app\/uploads\/2024\/04\/tierpark-bern-696x696-1.jpg","width":696,"height":696,"caption":"Tierpark Bern | D\u00e4hlh\u00f6lzli + B\u00e4renPark"},"image":{"@id":"https:\/\/tierpark-bern.ch\/fr\/#\/schema\/logo\/image\/"},"sameAs":["https:\/\/www.facebook.com\/tierparkbern\/","https:\/\/x.com\/tierparkbern","https:\/\/www.instagram.com\/tierparkbern\/"]}]}},"_links":{"self":[{"href":"https:\/\/tierpark-bern.ch\/fr\/wp-json\/wp\/v2\/pages\/54221","targetHints":{"allow":["GET"]}}],"collection":[{"href":"https:\/\/tierpark-bern.ch\/fr\/wp-json\/wp\/v2\/pages"}],"about":[{"href":"https:\/\/tierpark-bern.ch\/fr\/wp-json\/wp\/v2\/types\/page"}],"author":[{"embeddable":true,"href":"https:\/\/tierpark-bern.ch\/fr\/wp-json\/wp\/v2\/users\/1"}],"replies":[{"embeddable":true,"href":"https:\/\/tierpark-bern.ch\/fr\/wp-json\/wp\/v2\/comments?post=54221"}],"version-history":[{"count":0,"href":"https:\/\/tierpark-bern.ch\/fr\/wp-json\/wp\/v2\/pages\/54221\/revisions"}],"up":[{"embeddable":true,"href":"https:\/\/tierpark-bern.ch\/fr\/wp-json\/wp\/v2\/pages\/46497"}],"wp:featuredmedia":[{"embeddable":true,"href":"https:\/\/tierpark-bern.ch\/fr\/wp-json\/wp\/v2\/media\/24514"}],"wp:attachment":[{"href":"https:\/\/tierpark-bern.ch\/fr\/wp-json\/wp\/v2\/media?parent=54221"}],"curies":[{"name":"wp","href":"https:\/\/api.w.org\/{rel}","templated":true}]}}