{"id":54229,"date":"2023-01-19T07:23:55","date_gmt":"2023-01-19T06:23:55","guid":{"rendered":"https:\/\/tierpark-bern.ch\/protection-de-la-nature-et-animaux\/naturschutzprojekte\/"},"modified":"2023-06-08T17:34:56","modified_gmt":"2023-06-08T15:34:56","slug":"naturschutzprojekte","status":"publish","type":"page","link":"https:\/\/tierpark-bern.ch\/fr\/protection-de-la-nature-et-animaux\/naturschutzprojekte\/","title":{"rendered":"Projets de protection de la nature"},"content":{"rendered":"<div class=\"wpb-content-wrapper\"><p>[vc_row][vc_column][vc_column_text]<\/p>\n<h1>Projets de protection de la nature<\/h1>\n<p>Fid\u00e8le \u00e0 sa nouvelle devise &#8220;<em>Plus d&#8217;espace pour la diversit\u00e9<\/em>&#8220;, la promotion de la protection de la nature est une priorit\u00e9 absolue pour le parc animalier de Berne.Selon l&#8217;Office f\u00e9d\u00e9ral de l&#8217;environnement, &#8220;la biodiversit\u00e9 en Suisse est sous pression. Les mesures d&#8217;encouragement ont certes des effets au niveau local, mais la biodiversit\u00e9 est toujours en mauvais \u00e9tat et continue de diminuer. Un tiers de toutes les esp\u00e8ces et la moiti\u00e9 des types d&#8217;habitats de Suisse sont menac\u00e9s&#8221;. Dans son engagement pour la protection de la nature, le parc animalier de Berne se concentrera actuellement sur cinq habitats diff\u00e9rents.<\/p>\n<p>Gr\u00e2ce \u00e0 votre franc volontaire pour la protection de la nature, que vous versez \u00e0 l&#8217;achat d&#8217;une carte journali\u00e8re ou annuelle, le parc animalier a la possibilit\u00e9 de soutenir des projets r\u00e9gionaux, nationaux, mais aussi internationaux de protection des habitats menac\u00e9s et de leur biodiversit\u00e9, et d&#8217;y apporter une aide active.[\/vc_column_text][\/vc_column][\/vc_row][vc_row content_placement=&#8221;top&#8221;][vc_column width=&#8221;1\/4&#8243;][vc_single_image image=&#8221;54059&#8243; green_bar=&#8221;yes&#8221; el_class=&#8221;mt-10&#8243;][\/vc_column][vc_column width=&#8221;3\/4&#8243;][vc_column_text]<\/p>\n<h2>Petit geste &#8211; grand effet<\/h2>\n<p>Les recettes suppl\u00e9mentaires g\u00e9n\u00e9r\u00e9es par ce que l&#8217;on appelle le franc volontaire pour la protection de la nature sont affect\u00e9es \u00e0 un fonds et sont enti\u00e8rement utilis\u00e9es par le parc animalier pour des activit\u00e9s de protection de la nature et des esp\u00e8ces. Le petit geste de chaque visiteur a un grand impact sur le parc animalier et donc sur la protection des esp\u00e8ces animales menac\u00e9es. Gr\u00e2ce aux dons affect\u00e9s, le parc animalier peut prot\u00e9ger de mani\u00e8re cibl\u00e9e les esp\u00e8ces animales menac\u00e9es et leurs habitats, par exemple en collaborant avec des partenaires r\u00e9gionaux et internationaux, en \u00e9levant des esp\u00e8ces animales menac\u00e9es ou en participant \u00e0 des projets de recherche.[\/vc_column_text][\/vc_column][\/vc_row][vc_row][vc_column][vc_empty_space][\/vc_column][\/vc_row][vc_row content_placement=&#8221;top&#8221;][vc_column width=&#8221;1\/4&#8243;][vc_single_image image=&#8221;53999&#8243; add_caption=&#8221;yes&#8221; green_bar=&#8221;yes&#8221; add_custom_caption_class=&#8221;yes&#8221; el_class=&#8221;mt-10&#8243;][\/vc_column][vc_column width=&#8221;3\/4&#8243;][vc_column_text]<\/p>\n<h2>Habitat aquatique<\/h2>\n<p>Les rivi\u00e8res et leurs zones alluviales ainsi que les lacs et les marais font partie des \u00e9cosyst\u00e8mes les plus riches en esp\u00e8ces. De nombreuses rivi\u00e8res sont et ont \u00e9t\u00e9 renatur\u00e9es afin de revaloriser l&#8217;habitat des animaux et des plantes. Des esp\u00e8ces fortement menac\u00e9es ou d\u00e9j\u00e0 \u00e9teintes en Suisse y trouvent un nouvel habitat. La loutre, qui avait disparu de Suisse \u00e0 la fin du 20e si\u00e8cle, se r\u00e9pand \u00e0 nouveau depuis quelques ann\u00e9es. Afin de documenter la dynamique d&#8217;une mini-population dans le canton de Berne, qui vit entre Thoune et Berne, nous participons au projet &#8220;Otterspotter&#8221;, initi\u00e9 en 2017 par Pro Lutra, le WWF Berne et le WWF Soleure.[\/vc_column_text][vc_column_text]<\/p>\n<h3>Animaux<\/h3>\n<ul class=\"tiere-list-style\">\n<li>Loutre d\u2019Europe<\/li>\n<\/ul>\n<p>[\/vc_column_text][\/vc_column][\/vc_row][vc_row][vc_column][vc_empty_space][\/vc_column][\/vc_row][vc_row][vc_column width=&#8221;1\/4&#8243;][vc_single_image image=&#8221;54203&#8243; add_caption=&#8221;yes&#8221; green_bar=&#8221;yes&#8221; el_class=&#8221;mt-10&#8243;][\/vc_column][vc_column width=&#8221;3\/4&#8243;][vc_column_text]<\/p>\n<h2>Habitat Prairies urbaines<\/h2>\n<p>La diversit\u00e9 structurelle est aujourd&#8217;hui plus grande en ville que dans les zones agricoles, qui ont perdu de nombreuses structures suite au remembrement des derni\u00e8res d\u00e9cennies. Les surfaces non construites dans l&#8217;espace urbain ont un grand potentiel pour offrir un habitat appropri\u00e9 \u00e0 de nombreuses esp\u00e8ces animales et v\u00e9g\u00e9tales r\u00e9gionales. Le Parc aux ours est situ\u00e9 au c\u0153ur de la ville de Berne et comprend l&#8217;installation des ours proprement dite ainsi que les surfaces environnantes au bord de l&#8217;Aar. L&#8217;Aar et la for\u00eat voisine des installations anglaises constituent des \u00e9l\u00e9ments de liaison \u00e9cologiques importants. Dans l&#8217;esprit de la strat\u00e9gie de d\u00e9veloppement durable, la biodiversit\u00e9 doit \u00eatre encourag\u00e9e.[\/vc_column_text][vc_column_text]<\/p>\n<h3>Animaux<\/h3>\n<ul class=\"tiere-list-style\">\n<li>Petits mammif\u00e8res<\/li>\n<li>Reptiles<\/li>\n<li>Amphibiens<\/li>\n<li>Oiseaux<\/li>\n<li>Insectes<\/li>\n<\/ul>\n<p>[\/vc_column_text][\/vc_column][\/vc_row][vc_row][vc_column][vc_empty_space][\/vc_column][\/vc_row][vc_row][vc_column width=&#8221;1\/4&#8243;][vc_single_image image=&#8221;54017&#8243; add_caption=&#8221;yes&#8221; green_bar=&#8221;yes&#8221; el_class=&#8221;mt-10&#8243;][\/vc_column][vc_column width=&#8221;3\/4&#8243;][vc_column_text]<\/p>\n<h2>L&#8217;habitat forestier<\/h2>\n<p>Une biodiversit\u00e9 \u00e9lev\u00e9e est la base d&#8217;un \u00e9cosyst\u00e8me forestier sain. Plus une for\u00eat est riche en structures, plus elle offre des habitats diversifi\u00e9s, m\u00eame pour les petits animaux comme les col\u00e9opt\u00e8res, les reptiles, les amphibiens ou les oiseaux. Les zones de bois mort sont particuli\u00e8rement importantes en tant qu&#8217;habitats pr\u00e9cieux pour de nombreux animaux. Une for\u00eat richement structur\u00e9e par du bois mort offre par exemple aux salamandres tachet\u00e9es de plus grandes chances de survivre au champignon cutan\u00e9 <em>Batrachochytrium salamandrivorans<\/em>, en abr\u00e9g\u00e9 &#8220;Bsal&#8221;, qui se propage \u00e0 partir du nord et qui est g\u00e9n\u00e9ralement mortel pour elles. Elles constituent \u00e9galement une base pour la pr\u00e9sence d&#8217;esp\u00e8ces de col\u00e9opt\u00e8res rares, comme le Lucanus cervus.[\/vc_column_text][vc_column_text]<\/p>\n<h3>Animaux<\/h3>\n<ul class=\"tiere-list-style\">\n<li>Salamandre tachet\u00e9e<\/li>\n<li>Lucanus cervus et autres esp\u00e8ces de col\u00e9opt\u00e8res du bois mort<\/li>\n<li>Autres insectes, oiseaux, petits mammif\u00e8res, reptiles et amphibiens vivant en for\u00eat<\/li>\n<\/ul>\n<p>[\/vc_column_text][\/vc_column][\/vc_row][vc_row][vc_column][vc_empty_space][\/vc_column][\/vc_row][vc_row][vc_column width=&#8221;1\/4&#8243;][vc_single_image image=&#8221;54032&#8243; add_caption=&#8221;yes&#8221; green_bar=&#8221;yes&#8221; el_class=&#8221;mt-10&#8243;][\/vc_column][vc_column width=&#8221;3\/4&#8243;][vc_column_text]<\/p>\n<h2>L&#8217;habitat marin<\/h2>\n<p>Les r\u00e9cifs coralliens font partie des \u00e9cosyst\u00e8mes les plus riches en esp\u00e8ces et les plus sensibles au monde. Les structures sous-marines des r\u00e9cifs coralliens sont constitu\u00e9es de carbonate de calcium, qui a \u00e9t\u00e9 stock\u00e9 par les coraux pendant plusieurs milliers d&#8217;ann\u00e9es. Le r\u00e9chauffement climatique, la pollution marine et d&#8217;autres facteurs menacent ces \u00e9cosyst\u00e8mes fragiles. L&#8217;installation de syst\u00e8mes de r\u00e9cifs artificiels sous-marins en argile selon le principe de l&#8217;association &#8220;rrreefs&#8221; constitue des structures appropri\u00e9es pour l&#8217;implantation de coraux. Ces structures offrent en outre un habitat \u00e0 une multitude d&#8217;animaux r\u00e9cifaux et contribuent ainsi \u00e0 r\u00e9tablir un \u00e9quilibre naturel dans cet \u00e9cosyst\u00e8me.[\/vc_column_text][vc_column_text]<\/p>\n<h3>Animaux<\/h3>\n<ul class=\"tiere-list-style\">\n<li>Corail<\/li>\n<li>Poissons, tortues, mammif\u00e8res marins<\/li>\n<li>An\u00e9mones<\/li>\n<li>\u00c9ponges<\/li>\n<\/ul>\n<p>[\/vc_column_text][\/vc_column][\/vc_row][vc_row][vc_column][vc_empty_space][\/vc_column][\/vc_row][vc_row][vc_column width=&#8221;1\/4&#8243;][vc_single_image image=&#8221;54002&#8243; add_caption=&#8221;yes&#8221; green_bar=&#8221;yes&#8221; el_class=&#8221;mt-10&#8243;][\/vc_column][vc_column width=&#8221;3\/4&#8243;][vc_column_text]<\/p>\n<h2>La montagne comme espace de vie<\/h2>\n<p>Les Alpes suisses abritent une grande diversit\u00e9 d&#8217;habitats. Chaque \u00e9tage d&#8217;altitude poss\u00e8de sa propre forme de paysage et se caract\u00e9rise par des conditions climatiques et de v\u00e9g\u00e9tation particuli\u00e8res. Mais ils sont de plus en plus mis sous pression par les activit\u00e9s de loisirs, l&#8217;agriculture et la sylviculture. Cela a un impact n\u00e9gatif direct sur la biodiversit\u00e9 de l&#8217;\u00e9tage subalpin.<\/p>\n<p>Les petits mammif\u00e8res, comme la musaraigne des marais (Neomys anomalus), en sont un exemple. Avec son dos brun-noir et son ventre clair, la musaraigne des marais est une esp\u00e8ce de musaraigne belle et charismatique, mais elle est consid\u00e9r\u00e9e comme fortement menac\u00e9e en Suisse. Elle a disparu du Plateau occidental et du Jura il y a plus de 20 ans. Dans l&#8217;Oberland bernois, on ne conna\u00eet que deux mentions plus r\u00e9centes, et dans le canton de Lucerne, une seule.[\/vc_column_text][vc_column_text]<\/p>\n<h3>Animaux<\/h3>\n<ul class=\"tiere-list-style\">\n<li>Musaraigne de Miller<\/li>\n<li>Insectes, araign\u00e9es, autres invert\u00e9br\u00e9s<\/li>\n<\/ul>\n<p>[\/vc_column_text][\/vc_column][\/vc_row][vc_row][vc_column][vc_empty_space][\/vc_column][\/vc_row][vc_row][vc_column][vc_column_text]<\/p>\n<h2>Autres projets de protection de la nature<\/h2>\n<p>La biodiversit\u00e9 locale est en chute libre, et la Suisse perd en ce moment de tr\u00e8s nombreuses esp\u00e8ces. Le parc zoologique vise \u00e0 offrir plus de place aux animaux dans la nature et s\u2019engage ainsi pour une plus grande biodiversit\u00e9. Le Parc zoologique de Berne se situe en pleine nature et comprend d\u00e9j\u00e0 diff\u00e9rents habitats semi-naturels. De tels habitats continueront d\u2019\u00eatre promus et d\u2019autres verront encore le jour \u2013 afin de favoriser la diversit\u00e9 au zoo et dans ses environs, et par l\u00e0 d\u2019augmenter la biodiversit\u00e9 en milieu urbain. Contributions en allemand seulement![\/vc_column_text][\/vc_column][\/vc_row][vc_row][vc_column][vc_empty_space][\/vc_column][\/vc_row][vc_row][vc_column][vc_column_text]<section class=\"section no-padding-top no-padding-bottom\">\n                        <div class=\"wild-news naturschutz-news\">\n                            <div class=\"row-list col-container\"> <div class=\"list-item\">\n                         <div class=\"wild-news-section\" data-href=\"https:\/\/tierpark-bern.ch\/fr\/news\/berner-kaeferprojekt\/\">\n                             <p><img decoding=\"async\" class=\"wild-news__img\" src=\" https:\/\/tierpark-bern.ch\/web\/app\/uploads\/2023\/06\/nashornkaefer_T4A7064-min-630x419.jpg\" alt=\"Nahaufnahme eines Nashornk\u00e4fers\"><\/p>\n                             <div class=\"card card-info background--tiere\">\n                                  <div class=\"card-body\">\n                                      <div class=\"d-flex flex-column h-100\">\n                                          <p class=\"card-title mb-3\">\u00abNash\u00f6rner\u00bb in Bern ausgewildert<\/p>\n                                          <p class=\"mb-0\">Das weltweit beobachtete Insektensterben ist ein grosses und besorgniserregendes Ph\u00e4nomen. F\u00fcr diesen R\u00fcckgang gibt es viele Gr\u00fcnde.<\/p>\n                                      <\/div>\n                                  <\/div>\n                                  <div class=\"card-footer\"><a class=\"button button-wild-news tiere-item__link\" aria-label=\"En savoir plus sur \u00abNash\u00f6rner\u00bb in Bern ausgewildert\" href=\"https:\/\/tierpark-bern.ch\/fr\/news\/berner-kaeferprojekt\/\">En savoir plus <i class=\"vc_btn3-icon fa fa-arrow-right\"><\/i> <\/a><\/div>\n                                  <\/div>\n                             <\/div>\n                         <\/div><div class=\"list-item\">\n                         <div class=\"wild-news-section\" data-href=\"https:\/\/tierpark-bern.ch\/fr\/news\/mehr-raum-fuer-kleinsaeuger\/\">\n                             <p><img decoding=\"async\" class=\"wild-news__img\" src=\" https:\/\/tierpark-bern.ch\/web\/app\/uploads\/2020\/07\/Zoo-Bern-Muscardinus-avellanarius_1500X1000-630x419.jpg\" alt=\"Haselmaus sitzt im Strauch und frisst eine Brombeere\"><\/p>\n                             <div class=\"card card-info background--tiere\">\n                                  <div class=\"card-body\">\n                                      <div class=\"d-flex flex-column h-100\">\n                                          <p class=\"card-title mb-3\">Mehr Raum f\u00fcr Kleins\u00e4uger<\/p>\n                                          <p class=\"mb-0\">F\u00f6rderung und Monitoring der kleinen S\u00e4ugetiere auf dem Areal des Tierpark Bern.<\/p>\n                                      <\/div>\n                                  <\/div>\n                                  <div class=\"card-footer\"><a class=\"button button-wild-news tiere-item__link\" aria-label=\"En savoir plus sur Mehr Raum f\u00fcr Kleins\u00e4uger\" href=\"https:\/\/tierpark-bern.ch\/fr\/news\/mehr-raum-fuer-kleinsaeuger\/\">En savoir plus <i class=\"vc_btn3-icon fa fa-arrow-right\"><\/i> <\/a><\/div>\n                                  <\/div>\n                             <\/div>\n                         <\/div><div class=\"list-item\">\n                         <div class=\"wild-news-section\" data-href=\"https:\/\/tierpark-bern.ch\/fr\/news\/projet-en-faveur-des-amphibiens-et-des-reptiles\/\">\n                             <p><img decoding=\"async\" class=\"wild-news__img\" src=\" https:\/\/tierpark-bern.ch\/web\/app\/uploads\/2020\/07\/Amphibienprojekt-Tierpark-Bern-5-630x419.jpg\" alt=\"Nahaufnahme von zwei Gelbbauchunken\"><\/p>\n                             <div class=\"card card-info background--tiere\">\n                                  <div class=\"card-body\">\n                                      <div class=\"d-flex flex-column h-100\">\n                                          <p class=\"card-title mb-3\">Projet en faveur des amphibiens et des reptiles<\/p>\n                                          <p class=\"mb-0\">Dans le cadre de l\u2019ann\u00e9e de la biodiversit\u00e9 de la ville de Berne, plac\u00e9e sous la devise \u00abNatur braucht Stadt\u00bb <\/p>\n                                      <\/div>\n                                  <\/div>\n                                  <div class=\"card-footer\"><a class=\"button button-wild-news tiere-item__link\" aria-label=\"En savoir plus sur Projet en faveur des amphibiens et des reptiles\" href=\"https:\/\/tierpark-bern.ch\/fr\/news\/projet-en-faveur-des-amphibiens-et-des-reptiles\/\">En savoir plus <i class=\"vc_btn3-icon fa fa-arrow-right\"><\/i> <\/a><\/div>\n                                  <\/div>\n                             <\/div>\n                         <\/div><\/div>\n                    <\/div><div class=\"col-12 top-50\">\n                                    <div id=\"naturschutzloadMore\" class=\"load-more-news\">\n                                     <p class=\"button button-background--tierpark\">Afficher les autres nouveaut\u00e9s<\/p>\n                                    <\/div>\n                                  <\/div><\/section>[\/vc_column_text][\/vc_column][\/vc_row]<\/p>\n<\/div>","protected":false},"excerpt":{"rendered":"<p>Conform\u00e9ment \u00e0 la nouvelle devise &#8220;Plus d&#8217;espace pour la diversit\u00e9&#8221; pr\u00e9sent\u00e9e cet \u00e9t\u00e9, le parc animalier veut \u00e0 l&#8217;avenir s&#8217;engager davantage pour la protect<\/p>\n","protected":false},"author":1,"featured_media":0,"parent":46121,"menu_order":0,"comment_status":"closed","ping_status":"closed","template":"","meta":{"_acf_changed":false,"footnotes":""},"class_list":["post-54229","page","type-page","status-publish","hentry"],"acf":[],"yoast_head":"<title>Projets de protection de la nature | Tierpark Bern<\/title>\n<meta name=\"description\" content=\"Conform\u00e9ment \u00e0 la nouvelle devise &quot;Plus d&#039;espace pour la diversit\u00e9&quot; pr\u00e9sent\u00e9e cet \u00e9t\u00e9, le parc animalier veut \u00e0 l&#039;avenir s&#039;engager davantage pour la protection de la nature et des esp\u00e8ces.\" \/>\n<meta name=\"robots\" content=\"index, follow, max-snippet:-1, max-image-preview:large, max-video-preview:-1\" \/>\n<link rel=\"canonical\" href=\"https:\/\/tierpark-bern.ch\/fr\/protection-de-la-nature-et-animaux\/naturschutzprojekte\/\" \/>\n<meta property=\"og:locale\" content=\"fr_FR\" \/>\n<meta property=\"og:type\" content=\"article\" \/>\n<meta property=\"og:title\" content=\"Projets de protection de la nature | Tierpark Bern\" \/>\n<meta property=\"og:description\" content=\"Conform\u00e9ment \u00e0 la nouvelle devise &quot;Plus d&#039;espace pour la diversit\u00e9&quot; pr\u00e9sent\u00e9e cet \u00e9t\u00e9, le parc animalier veut \u00e0 l&#039;avenir s&#039;engager davantage pour la protection de la nature et des esp\u00e8ces.\" \/>\n<meta property=\"og:url\" content=\"https:\/\/tierpark-bern.ch\/fr\/protection-de-la-nature-et-animaux\/naturschutzprojekte\/\" \/>\n<meta property=\"og:site_name\" content=\"Tierpark Bern\" \/>\n<meta property=\"article:publisher\" content=\"https:\/\/www.facebook.com\/tierparkbern\/\" \/>\n<meta property=\"article:modified_time\" content=\"2023-06-08T15:34:56+00:00\" \/>\n<script type=\"application\/ld+json\" class=\"yoast-schema-graph\">{\"@context\":\"https:\/\/schema.org\",\"@graph\":[{\"@type\":\"WebPage\",\"@id\":\"https:\/\/tierpark-bern.ch\/fr\/protection-de-la-nature-et-animaux\/naturschutzprojekte\/\",\"url\":\"https:\/\/tierpark-bern.ch\/fr\/protection-de-la-nature-et-animaux\/naturschutzprojekte\/\",\"name\":\"Projets de protection de la nature | Tierpark Bern\",\"isPartOf\":{\"@id\":\"https:\/\/tierpark-bern.ch\/fr\/#website\"},\"datePublished\":\"2023-01-19T06:23:55+00:00\",\"dateModified\":\"2023-06-08T15:34:56+00:00\",\"description\":\"Conform\u00e9ment \u00e0 la nouvelle devise \\\"Plus d'espace pour la diversit\u00e9\\\" pr\u00e9sent\u00e9e cet \u00e9t\u00e9, le parc animalier veut \u00e0 l'avenir s'engager davantage pour la protection de la nature et des esp\u00e8ces.\",\"breadcrumb\":{\"@id\":\"https:\/\/tierpark-bern.ch\/fr\/protection-de-la-nature-et-animaux\/naturschutzprojekte\/#breadcrumb\"},\"inLanguage\":\"fr-FR\",\"potentialAction\":[{\"@type\":\"ReadAction\",\"target\":[\"https:\/\/tierpark-bern.ch\/fr\/protection-de-la-nature-et-animaux\/naturschutzprojekte\/\"]}]},{\"@type\":\"BreadcrumbList\",\"@id\":\"https:\/\/tierpark-bern.ch\/fr\/protection-de-la-nature-et-animaux\/naturschutzprojekte\/#breadcrumb\",\"itemListElement\":[{\"@type\":\"ListItem\",\"position\":1,\"name\":\"Home\",\"item\":\"https:\/\/tierpark-bern.ch\/fr\/home\/\"},{\"@type\":\"ListItem\",\"position\":2,\"name\":\"Protection de la nature et animaux\",\"item\":\"https:\/\/tierpark-bern.ch\/fr\/protection-de-la-nature-et-animaux\/\"},{\"@type\":\"ListItem\",\"position\":3,\"name\":\"Projets de protection de la nature\"}]},{\"@type\":\"WebSite\",\"@id\":\"https:\/\/tierpark-bern.ch\/fr\/#website\",\"url\":\"https:\/\/tierpark-bern.ch\/fr\/\",\"name\":\"Tierpark Bern\",\"description\":\"\",\"publisher\":{\"@id\":\"https:\/\/tierpark-bern.ch\/fr\/#organization\"},\"potentialAction\":[{\"@type\":\"SearchAction\",\"target\":{\"@type\":\"EntryPoint\",\"urlTemplate\":\"https:\/\/tierpark-bern.ch\/fr\/?s={search_term_string}\"},\"query-input\":{\"@type\":\"PropertyValueSpecification\",\"valueRequired\":true,\"valueName\":\"search_term_string\"}}],\"inLanguage\":\"fr-FR\"},{\"@type\":\"Organization\",\"@id\":\"https:\/\/tierpark-bern.ch\/fr\/#organization\",\"name\":\"Tierpark Bern | D\u00e4hlh\u00f6lzli + B\u00e4renPark\",\"alternateName\":\"Tierpark Bern\",\"url\":\"https:\/\/tierpark-bern.ch\/fr\/\",\"logo\":{\"@type\":\"ImageObject\",\"inLanguage\":\"fr-FR\",\"@id\":\"https:\/\/tierpark-bern.ch\/fr\/#\/schema\/logo\/image\/\",\"url\":\"https:\/\/tierpark-bern.ch\/web\/app\/uploads\/2024\/04\/tierpark-bern-696x696-1.jpg\",\"contentUrl\":\"https:\/\/tierpark-bern.ch\/web\/app\/uploads\/2024\/04\/tierpark-bern-696x696-1.jpg\",\"width\":696,\"height\":696,\"caption\":\"Tierpark Bern | D\u00e4hlh\u00f6lzli + B\u00e4renPark\"},\"image\":{\"@id\":\"https:\/\/tierpark-bern.ch\/fr\/#\/schema\/logo\/image\/\"},\"sameAs\":[\"https:\/\/www.facebook.com\/tierparkbern\/\",\"https:\/\/x.com\/tierparkbern\",\"https:\/\/www.instagram.com\/tierparkbern\/\"]}]}<\/script>","yoast_head_json":{"title":"Projets de protection de la nature | Tierpark Bern","description":"Conform\u00e9ment \u00e0 la nouvelle devise \"Plus d'espace pour la diversit\u00e9\" pr\u00e9sent\u00e9e cet \u00e9t\u00e9, le parc animalier veut \u00e0 l'avenir s'engager davantage pour la protection de la nature et des esp\u00e8ces.","robots":{"index":"index","follow":"follow","max-snippet":"max-snippet:-1","max-image-preview":"max-image-preview:large","max-video-preview":"max-video-preview:-1"},"canonical":"https:\/\/tierpark-bern.ch\/fr\/protection-de-la-nature-et-animaux\/naturschutzprojekte\/","og_locale":"fr_FR","og_type":"article","og_title":"Projets de protection de la nature | Tierpark Bern","og_description":"Conform\u00e9ment \u00e0 la nouvelle devise \"Plus d'espace pour la diversit\u00e9\" pr\u00e9sent\u00e9e cet \u00e9t\u00e9, le parc animalier veut \u00e0 l'avenir s'engager davantage pour la protection de la nature et des esp\u00e8ces.","og_url":"https:\/\/tierpark-bern.ch\/fr\/protection-de-la-nature-et-animaux\/naturschutzprojekte\/","og_site_name":"Tierpark Bern","article_publisher":"https:\/\/www.facebook.com\/tierparkbern\/","article_modified_time":"2023-06-08T15:34:56+00:00","schema":{"@context":"https:\/\/schema.org","@graph":[{"@type":"WebPage","@id":"https:\/\/tierpark-bern.ch\/fr\/protection-de-la-nature-et-animaux\/naturschutzprojekte\/","url":"https:\/\/tierpark-bern.ch\/fr\/protection-de-la-nature-et-animaux\/naturschutzprojekte\/","name":"Projets de protection de la nature | Tierpark Bern","isPartOf":{"@id":"https:\/\/tierpark-bern.ch\/fr\/#website"},"datePublished":"2023-01-19T06:23:55+00:00","dateModified":"2023-06-08T15:34:56+00:00","description":"Conform\u00e9ment \u00e0 la nouvelle devise \"Plus d'espace pour la diversit\u00e9\" pr\u00e9sent\u00e9e cet \u00e9t\u00e9, le parc animalier veut \u00e0 l'avenir s'engager davantage pour la protection de la nature et des esp\u00e8ces.","breadcrumb":{"@id":"https:\/\/tierpark-bern.ch\/fr\/protection-de-la-nature-et-animaux\/naturschutzprojekte\/#breadcrumb"},"inLanguage":"fr-FR","potentialAction":[{"@type":"ReadAction","target":["https:\/\/tierpark-bern.ch\/fr\/protection-de-la-nature-et-animaux\/naturschutzprojekte\/"]}]},{"@type":"BreadcrumbList","@id":"https:\/\/tierpark-bern.ch\/fr\/protection-de-la-nature-et-animaux\/naturschutzprojekte\/#breadcrumb","itemListElement":[{"@type":"ListItem","position":1,"name":"Home","item":"https:\/\/tierpark-bern.ch\/fr\/home\/"},{"@type":"ListItem","position":2,"name":"Protection de la nature et animaux","item":"https:\/\/tierpark-bern.ch\/fr\/protection-de-la-nature-et-animaux\/"},{"@type":"ListItem","position":3,"name":"Projets de protection de la nature"}]},{"@type":"WebSite","@id":"https:\/\/tierpark-bern.ch\/fr\/#website","url":"https:\/\/tierpark-bern.ch\/fr\/","name":"Tierpark Bern","description":"","publisher":{"@id":"https:\/\/tierpark-bern.ch\/fr\/#organization"},"potentialAction":[{"@type":"SearchAction","target":{"@type":"EntryPoint","urlTemplate":"https:\/\/tierpark-bern.ch\/fr\/?s={search_term_string}"},"query-input":{"@type":"PropertyValueSpecification","valueRequired":true,"valueName":"search_term_string"}}],"inLanguage":"fr-FR"},{"@type":"Organization","@id":"https:\/\/tierpark-bern.ch\/fr\/#organization","name":"Tierpark Bern | D\u00e4hlh\u00f6lzli + B\u00e4renPark","alternateName":"Tierpark Bern","url":"https:\/\/tierpark-bern.ch\/fr\/","logo":{"@type":"ImageObject","inLanguage":"fr-FR","@id":"https:\/\/tierpark-bern.ch\/fr\/#\/schema\/logo\/image\/","url":"https:\/\/tierpark-bern.ch\/web\/app\/uploads\/2024\/04\/tierpark-bern-696x696-1.jpg","contentUrl":"https:\/\/tierpark-bern.ch\/web\/app\/uploads\/2024\/04\/tierpark-bern-696x696-1.jpg","width":696,"height":696,"caption":"Tierpark Bern | D\u00e4hlh\u00f6lzli + B\u00e4renPark"},"image":{"@id":"https:\/\/tierpark-bern.ch\/fr\/#\/schema\/logo\/image\/"},"sameAs":["https:\/\/www.facebook.com\/tierparkbern\/","https:\/\/x.com\/tierparkbern","https:\/\/www.instagram.com\/tierparkbern\/"]}]}},"_links":{"self":[{"href":"https:\/\/tierpark-bern.ch\/fr\/wp-json\/wp\/v2\/pages\/54229","targetHints":{"allow":["GET"]}}],"collection":[{"href":"https:\/\/tierpark-bern.ch\/fr\/wp-json\/wp\/v2\/pages"}],"about":[{"href":"https:\/\/tierpark-bern.ch\/fr\/wp-json\/wp\/v2\/types\/page"}],"author":[{"embeddable":true,"href":"https:\/\/tierpark-bern.ch\/fr\/wp-json\/wp\/v2\/users\/1"}],"replies":[{"embeddable":true,"href":"https:\/\/tierpark-bern.ch\/fr\/wp-json\/wp\/v2\/comments?post=54229"}],"version-history":[{"count":0,"href":"https:\/\/tierpark-bern.ch\/fr\/wp-json\/wp\/v2\/pages\/54229\/revisions"}],"up":[{"embeddable":true,"href":"https:\/\/tierpark-bern.ch\/fr\/wp-json\/wp\/v2\/pages\/46121"}],"wp:attachment":[{"href":"https:\/\/tierpark-bern.ch\/fr\/wp-json\/wp\/v2\/media?parent=54229"}],"curies":[{"name":"wp","href":"https:\/\/api.w.org\/{rel}","templated":true}]}}