{"id":55613,"date":"2023-05-24T18:56:21","date_gmt":"2023-05-24T16:56:21","guid":{"rendered":"https:\/\/tierpark-bern.ch\/actualites\/podcast\/"},"modified":"2023-05-26T13:51:43","modified_gmt":"2023-05-26T11:51:43","slug":"podcast","status":"publish","type":"page","link":"https:\/\/tierpark-bern.ch\/fr\/actualites\/podcast\/","title":{"rendered":"Podcast"},"content":{"rendered":"<div class=\"wpb-content-wrapper\"><p>[vc_row][vc_column][vc_column_text]<\/p>\n<h1>Ah!nimal \u2013 der Podcast aus dem Tierpark Bern<\/h1>\n<p>[\/vc_column_text][\/vc_column][\/vc_row][vc_row][vc_column][vc_column_text]<\/p>\n<h2><strong>Eine Zusammenarbeit vom Tierpark Bern und BernTeens<\/strong><\/h2>\n<p>BernTeens schaut hinter die Kulissen des Tierpark Bern und spricht mit Tierpfleger*innen, Kurator*innen und Expert*innen. So tauchen sie in die Aquarien ein, blicken in die Babystube und nehmen auch die kleinsten Tiere unter die Lupe.<\/p>\n<p><strong>Ah!nimal &#8211; <\/strong>der Podcast aus dem Tierpark Bern. Sie finden ihn auf <a href=\"https:\/\/open.spotify.com\/show\/5wY4p8b3waOeM1oX2dAJZf?si=62c8a4965d4540eb\" target=\"_blank\" rel=\"noopener\">Spotify<\/a>, weitere Plattformen sind noch in Arbeit.[\/vc_column_text][\/vc_column][\/vc_row][vc_row][vc_column][vc_column_text]<\/p>\n<h2>Hosts von Ah!nimal<\/h2>\n<p>Jule Buchmann, Victor Cris und Gael Crus von BernTeens recherchieren und produzieren die Folgen von Ah!nimal.[\/vc_column_text][\/vc_column][\/vc_row][vc_row equal_height=&#8221;yes&#8221; content_placement=&#8221;middle&#8221;][vc_column width=&#8221;1\/6&#8243;][vc_single_image image=&#8221;55772&#8243; img_size=&#8221;thumbnail&#8221; alignment=&#8221;center&#8221; css=&#8221;.vc_custom_1685084560195{margin-bottom: 15px !important;}&#8221;][vc_column_text]<\/p>\n<p style=\"text-align: center;\"><strong>Jule Buchmann<\/strong><\/p>\n<p>[\/vc_column_text][\/vc_column][vc_column width=&#8221;1\/6&#8243;][vc_single_image image=&#8221;55775&#8243; img_size=&#8221;thumbnail&#8221; alignment=&#8221;center&#8221; css=&#8221;.vc_custom_1685084569401{margin-bottom: 15px !important;}&#8221;][vc_column_text]<\/p>\n<p style=\"text-align: center;\"><strong>Victor Cris<\/strong><\/p>\n<p>[\/vc_column_text][\/vc_column][vc_column width=&#8221;1\/6&#8243;][vc_single_image image=&#8221;55778&#8243; img_size=&#8221;thumbnail&#8221; alignment=&#8221;center&#8221; css=&#8221;.vc_custom_1685084577569{margin-bottom: 15px !important;}&#8221;][vc_column_text]<\/p>\n<p style=\"text-align: center;\"><strong>Gael Crus<\/strong><\/p>\n<p>[\/vc_column_text][\/vc_column][vc_column width=&#8221;1\/6&#8243;][\/vc_column][vc_column width=&#8221;1\/6&#8243;][\/vc_column][vc_column width=&#8221;1\/6&#8243;][\/vc_column][\/vc_row][vc_row][vc_column][vc_column_text]<\/p>\n<h2>Wer ist BernTeens?<\/h2>\n<p>Die Jugendsendung auf Radio Rabe. Alle 4 Wochen live on air zu verschiedensten Themen mit Studiog\u00e4sten, Interviews, Infobeitr\u00e4gen und viel gute Musik.[\/vc_column_text][\/vc_column][\/vc_row][vc_row][vc_column][vc_column_text]<section class=\"section no-padding-top no-padding-bottom\">\n                        <div class=\"wild-news\">\n                            <div class=\"row-list col-container\"> <div class=\"list-item\">\n                         <div class=\"wild-news-section\" data-href=\"https:\/\/tierpark-bern.ch\/fr\/podcast\/klimazonen\/\">\n                             <p><img decoding=\"async\" class=\"wild-news__img\" src=\" https:\/\/tierpark-bern.ch\/web\/app\/uploads\/2024\/03\/podcast-tierpark-bern-2024-630x419.jpg\" alt=\"Nahaufnahme von einem Moschusochsen\"><\/p>\n                             <div class=\"card card-info\">\n                                  <div class=\"card-body\">\n                                      <div class=\"d-flex flex-column h-100\">\n                                          <p class=\"card-title mb-3\">Podcast \u2013 Zu warm oder zu kalt? Zootiere aus einem anderen Klima<\/p>\n                                          <p class=\"mb-0\">Die einen Tiere sind f\u00fcr die K\u00e4lte gemacht, die anderen bevorzugen die W\u00e4rme. Bernteens im Interview mit Dr. Stefan Hoby. <\/p>\n                                      <\/div>\n                                  <\/div>\n                                  <div class=\"card-footer\"><a class=\"button button-wild-news\" aria-label=\"En savoir plus sur Podcast \u2013 Zu warm oder zu kalt? Zootiere aus einem anderen Klima\" href=\"https:\/\/tierpark-bern.ch\/fr\/podcast\/klimazonen\/\">En savoir plus <i class=\"vc_btn3-icon fa fa-arrow-right\"><\/i> <\/a><\/div>\n                                  <\/div>\n                             <\/div>\n                         <\/div><div class=\"list-item\">\n                         <div class=\"wild-news-section\" data-href=\"https:\/\/tierpark-bern.ch\/fr\/podcast\/unterwasser\/\">\n                             <p><img decoding=\"async\" class=\"wild-news__img\" src=\" https:\/\/tierpark-bern.ch\/web\/app\/uploads\/2023\/11\/Podcast-aquarium-Bern-Schweiz-min-630x419.jpg\" alt=\"Nahaufnahme von drei Kindern vor einem Aquarium\"><\/p>\n                             <div class=\"card card-info\">\n                                  <div class=\"card-body\">\n                                      <div class=\"d-flex flex-column h-100\">\n                                          <p class=\"card-title mb-3\">Podcast &#8211; Unterwasser im Tierpark Bern<\/p>\n                                          <p class=\"mb-0\">In dieser Folge Ah!nimal tauchen wir ab. Bernteens im Interview mit J\u00fcrg Hadorn, Leiter Projekte und Marina Burri, Tierpflegerin<\/p>\n                                      <\/div>\n                                  <\/div>\n                                  <div class=\"card-footer\"><a class=\"button button-wild-news\" aria-label=\"En savoir plus sur Podcast &#8211; Unterwasser im Tierpark Bern\" href=\"https:\/\/tierpark-bern.ch\/fr\/podcast\/unterwasser\/\">En savoir plus <i class=\"vc_btn3-icon fa fa-arrow-right\"><\/i> <\/a><\/div>\n                                  <\/div>\n                             <\/div>\n                         <\/div><div class=\"list-item\">\n                         <div class=\"wild-news-section\" data-href=\"https:\/\/tierpark-bern.ch\/fr\/podcast\/jungtiere\/\">\n                             <p><img decoding=\"async\" class=\"wild-news__img\" src=\" https:\/\/tierpark-bern.ch\/web\/app\/uploads\/2023\/05\/Podcast-Tierpark-Bern-Schweiz-2-min-630x419.jpg\" alt=\"Nahaufnahme von einem jungen Wolf\"><\/p>\n                             <div class=\"card card-info\">\n                                  <div class=\"card-body\">\n                                      <div class=\"d-flex flex-column h-100\">\n                                          <p class=\"card-title mb-3\">Podcast Jungtiere im Tierpark Bern<\/p>\n                                          <p class=\"mb-0\">Ah!nimal \u2013 der Podcast aus dem Tierpark Bern<\/p>\n                                      <\/div>\n                                  <\/div>\n                                  <div class=\"card-footer\"><a class=\"button button-wild-news\" aria-label=\"En savoir plus sur Podcast Jungtiere im Tierpark Bern\" href=\"https:\/\/tierpark-bern.ch\/fr\/podcast\/jungtiere\/\">En savoir plus <i class=\"vc_btn3-icon fa fa-arrow-right\"><\/i> <\/a><\/div>\n                                  <\/div>\n                             <\/div>\n                         <\/div><div class=\"list-item\">\n                         <div class=\"wild-news-section\" data-href=\"https:\/\/tierpark-bern.ch\/fr\/podcast\/ahnimal-folge-1-insekten\/\">\n                             <p><img decoding=\"async\" class=\"wild-news__img\" src=\" https:\/\/tierpark-bern.ch\/web\/app\/uploads\/2023\/05\/Podcast-Tierpark-Bern-Schweiz-630x419.jpg\" alt=\"Nahaufnahme von einem Hirschk\u00e4fer\"><\/p>\n                             <div class=\"card card-info\">\n                                  <div class=\"card-body\">\n                                      <div class=\"d-flex flex-column h-100\">\n                                          <p class=\"card-title mb-3\">Podcast Insekten: Das grosse Krabbeln<\/p>\n                                          <p class=\"mb-0\">Ah!nimal \u2013 der Podcast aus dem Tierpark Bern<\/p>\n                                      <\/div>\n                                  <\/div>\n                                  <div class=\"card-footer\"><a class=\"button button-wild-news\" aria-label=\"En savoir plus sur Podcast Insekten: Das grosse Krabbeln\" href=\"https:\/\/tierpark-bern.ch\/fr\/podcast\/ahnimal-folge-1-insekten\/\">En savoir plus <i class=\"vc_btn3-icon fa fa-arrow-right\"><\/i> <\/a><\/div>\n                                  <\/div>\n                             <\/div>\n                         <\/div><\/div>\n                    <\/div><\/section>[\/vc_column_text][\/vc_column][\/vc_row]<\/p>\n<\/div>","protected":false},"excerpt":{"rendered":"<p>Ah!nimal \u2013 der Podcast aus dem Tierpark Bern<\/p>\n","protected":false},"author":1,"featured_media":55598,"parent":51210,"menu_order":0,"comment_status":"closed","ping_status":"closed","template":"","meta":{"_acf_changed":false,"footnotes":""},"class_list":["post-55613","page","type-page","status-publish","has-post-thumbnail","hentry"],"acf":[],"yoast_head":"<title>Podcast | Tierpark Bern<\/title>\n<meta name=\"description\" content=\"Ah!nimal \u2013 der Podcast aus dem Tierpark Bern\" \/>\n<meta name=\"robots\" content=\"index, follow, max-snippet:-1, max-image-preview:large, max-video-preview:-1\" \/>\n<link rel=\"canonical\" href=\"https:\/\/tierpark-bern.ch\/fr\/actualites\/podcast\/\" \/>\n<meta property=\"og:locale\" content=\"fr_FR\" \/>\n<meta property=\"og:type\" content=\"article\" \/>\n<meta property=\"og:title\" content=\"Podcast | Tierpark Bern\" \/>\n<meta property=\"og:description\" content=\"Ah!nimal \u2013 der Podcast aus dem Tierpark Bern\" \/>\n<meta property=\"og:url\" content=\"https:\/\/tierpark-bern.ch\/fr\/actualites\/podcast\/\" \/>\n<meta property=\"og:site_name\" content=\"Tierpark Bern\" \/>\n<meta property=\"article:publisher\" content=\"https:\/\/www.facebook.com\/tierparkbern\/\" \/>\n<meta property=\"article:modified_time\" content=\"2023-05-26T11:51:43+00:00\" \/>\n<meta property=\"og:image\" content=\"https:\/\/tierpark-bern.ch\/web\/app\/uploads\/2023\/05\/Kaeferprojekt_Okt_2021_Foto_Doris_Slezak-8843-min.jpg\" \/>\n\t<meta property=\"og:image:width\" content=\"1200\" \/>\n\t<meta property=\"og:image:height\" content=\"801\" \/>\n\t<meta property=\"og:image:type\" content=\"image\/jpeg\" \/>\n<script type=\"application\/ld+json\" class=\"yoast-schema-graph\">{\"@context\":\"https:\/\/schema.org\",\"@graph\":[{\"@type\":\"WebPage\",\"@id\":\"https:\/\/tierpark-bern.ch\/fr\/actualites\/podcast\/\",\"url\":\"https:\/\/tierpark-bern.ch\/fr\/actualites\/podcast\/\",\"name\":\"Podcast | Tierpark Bern\",\"isPartOf\":{\"@id\":\"https:\/\/tierpark-bern.ch\/fr\/#website\"},\"primaryImageOfPage\":{\"@id\":\"https:\/\/tierpark-bern.ch\/fr\/actualites\/podcast\/#primaryimage\"},\"image\":{\"@id\":\"https:\/\/tierpark-bern.ch\/fr\/actualites\/podcast\/#primaryimage\"},\"thumbnailUrl\":\"https:\/\/tierpark-bern.ch\/web\/app\/uploads\/2023\/05\/Kaeferprojekt_Okt_2021_Foto_Doris_Slezak-8843-min.jpg\",\"datePublished\":\"2023-05-24T16:56:21+00:00\",\"dateModified\":\"2023-05-26T11:51:43+00:00\",\"description\":\"Ah!nimal \u2013 der Podcast aus dem Tierpark Bern\",\"breadcrumb\":{\"@id\":\"https:\/\/tierpark-bern.ch\/fr\/actualites\/podcast\/#breadcrumb\"},\"inLanguage\":\"fr-FR\",\"potentialAction\":[{\"@type\":\"ReadAction\",\"target\":[\"https:\/\/tierpark-bern.ch\/fr\/actualites\/podcast\/\"]}]},{\"@type\":\"ImageObject\",\"inLanguage\":\"fr-FR\",\"@id\":\"https:\/\/tierpark-bern.ch\/fr\/actualites\/podcast\/#primaryimage\",\"url\":\"https:\/\/tierpark-bern.ch\/web\/app\/uploads\/2023\/05\/Kaeferprojekt_Okt_2021_Foto_Doris_Slezak-8843-min.jpg\",\"contentUrl\":\"https:\/\/tierpark-bern.ch\/web\/app\/uploads\/2023\/05\/Kaeferprojekt_Okt_2021_Foto_Doris_Slezak-8843-min.jpg\",\"width\":1200,\"height\":801},{\"@type\":\"BreadcrumbList\",\"@id\":\"https:\/\/tierpark-bern.ch\/fr\/actualites\/podcast\/#breadcrumb\",\"itemListElement\":[{\"@type\":\"ListItem\",\"position\":1,\"name\":\"Home\",\"item\":\"https:\/\/tierpark-bern.ch\/fr\/home\/\"},{\"@type\":\"ListItem\",\"position\":2,\"name\":\"Actualit\u00e9s\",\"item\":\"https:\/\/tierpark-bern.ch\/fr\/actualites\/\"},{\"@type\":\"ListItem\",\"position\":3,\"name\":\"Podcast\"}]},{\"@type\":\"WebSite\",\"@id\":\"https:\/\/tierpark-bern.ch\/fr\/#website\",\"url\":\"https:\/\/tierpark-bern.ch\/fr\/\",\"name\":\"Tierpark Bern\",\"description\":\"\",\"publisher\":{\"@id\":\"https:\/\/tierpark-bern.ch\/fr\/#organization\"},\"potentialAction\":[{\"@type\":\"SearchAction\",\"target\":{\"@type\":\"EntryPoint\",\"urlTemplate\":\"https:\/\/tierpark-bern.ch\/fr\/?s={search_term_string}\"},\"query-input\":{\"@type\":\"PropertyValueSpecification\",\"valueRequired\":true,\"valueName\":\"search_term_string\"}}],\"inLanguage\":\"fr-FR\"},{\"@type\":\"Organization\",\"@id\":\"https:\/\/tierpark-bern.ch\/fr\/#organization\",\"name\":\"Tierpark Bern | D\u00e4hlh\u00f6lzli + B\u00e4renPark\",\"alternateName\":\"Tierpark Bern\",\"url\":\"https:\/\/tierpark-bern.ch\/fr\/\",\"logo\":{\"@type\":\"ImageObject\",\"inLanguage\":\"fr-FR\",\"@id\":\"https:\/\/tierpark-bern.ch\/fr\/#\/schema\/logo\/image\/\",\"url\":\"https:\/\/tierpark-bern.ch\/web\/app\/uploads\/2024\/04\/tierpark-bern-696x696-1.jpg\",\"contentUrl\":\"https:\/\/tierpark-bern.ch\/web\/app\/uploads\/2024\/04\/tierpark-bern-696x696-1.jpg\",\"width\":696,\"height\":696,\"caption\":\"Tierpark Bern | D\u00e4hlh\u00f6lzli + B\u00e4renPark\"},\"image\":{\"@id\":\"https:\/\/tierpark-bern.ch\/fr\/#\/schema\/logo\/image\/\"},\"sameAs\":[\"https:\/\/www.facebook.com\/tierparkbern\/\",\"https:\/\/x.com\/tierparkbern\",\"https:\/\/www.instagram.com\/tierparkbern\/\"]}]}<\/script>","yoast_head_json":{"title":"Podcast | Tierpark Bern","description":"Ah!nimal \u2013 der Podcast aus dem Tierpark Bern","robots":{"index":"index","follow":"follow","max-snippet":"max-snippet:-1","max-image-preview":"max-image-preview:large","max-video-preview":"max-video-preview:-1"},"canonical":"https:\/\/tierpark-bern.ch\/fr\/actualites\/podcast\/","og_locale":"fr_FR","og_type":"article","og_title":"Podcast | Tierpark Bern","og_description":"Ah!nimal \u2013 der Podcast aus dem Tierpark Bern","og_url":"https:\/\/tierpark-bern.ch\/fr\/actualites\/podcast\/","og_site_name":"Tierpark Bern","article_publisher":"https:\/\/www.facebook.com\/tierparkbern\/","article_modified_time":"2023-05-26T11:51:43+00:00","og_image":[{"width":1200,"height":801,"url":"https:\/\/tierpark-bern.ch\/web\/app\/uploads\/2023\/05\/Kaeferprojekt_Okt_2021_Foto_Doris_Slezak-8843-min.jpg","type":"image\/jpeg"}],"schema":{"@context":"https:\/\/schema.org","@graph":[{"@type":"WebPage","@id":"https:\/\/tierpark-bern.ch\/fr\/actualites\/podcast\/","url":"https:\/\/tierpark-bern.ch\/fr\/actualites\/podcast\/","name":"Podcast | Tierpark Bern","isPartOf":{"@id":"https:\/\/tierpark-bern.ch\/fr\/#website"},"primaryImageOfPage":{"@id":"https:\/\/tierpark-bern.ch\/fr\/actualites\/podcast\/#primaryimage"},"image":{"@id":"https:\/\/tierpark-bern.ch\/fr\/actualites\/podcast\/#primaryimage"},"thumbnailUrl":"https:\/\/tierpark-bern.ch\/web\/app\/uploads\/2023\/05\/Kaeferprojekt_Okt_2021_Foto_Doris_Slezak-8843-min.jpg","datePublished":"2023-05-24T16:56:21+00:00","dateModified":"2023-05-26T11:51:43+00:00","description":"Ah!nimal \u2013 der Podcast aus dem Tierpark Bern","breadcrumb":{"@id":"https:\/\/tierpark-bern.ch\/fr\/actualites\/podcast\/#breadcrumb"},"inLanguage":"fr-FR","potentialAction":[{"@type":"ReadAction","target":["https:\/\/tierpark-bern.ch\/fr\/actualites\/podcast\/"]}]},{"@type":"ImageObject","inLanguage":"fr-FR","@id":"https:\/\/tierpark-bern.ch\/fr\/actualites\/podcast\/#primaryimage","url":"https:\/\/tierpark-bern.ch\/web\/app\/uploads\/2023\/05\/Kaeferprojekt_Okt_2021_Foto_Doris_Slezak-8843-min.jpg","contentUrl":"https:\/\/tierpark-bern.ch\/web\/app\/uploads\/2023\/05\/Kaeferprojekt_Okt_2021_Foto_Doris_Slezak-8843-min.jpg","width":1200,"height":801},{"@type":"BreadcrumbList","@id":"https:\/\/tierpark-bern.ch\/fr\/actualites\/podcast\/#breadcrumb","itemListElement":[{"@type":"ListItem","position":1,"name":"Home","item":"https:\/\/tierpark-bern.ch\/fr\/home\/"},{"@type":"ListItem","position":2,"name":"Actualit\u00e9s","item":"https:\/\/tierpark-bern.ch\/fr\/actualites\/"},{"@type":"ListItem","position":3,"name":"Podcast"}]},{"@type":"WebSite","@id":"https:\/\/tierpark-bern.ch\/fr\/#website","url":"https:\/\/tierpark-bern.ch\/fr\/","name":"Tierpark Bern","description":"","publisher":{"@id":"https:\/\/tierpark-bern.ch\/fr\/#organization"},"potentialAction":[{"@type":"SearchAction","target":{"@type":"EntryPoint","urlTemplate":"https:\/\/tierpark-bern.ch\/fr\/?s={search_term_string}"},"query-input":{"@type":"PropertyValueSpecification","valueRequired":true,"valueName":"search_term_string"}}],"inLanguage":"fr-FR"},{"@type":"Organization","@id":"https:\/\/tierpark-bern.ch\/fr\/#organization","name":"Tierpark Bern | D\u00e4hlh\u00f6lzli + B\u00e4renPark","alternateName":"Tierpark Bern","url":"https:\/\/tierpark-bern.ch\/fr\/","logo":{"@type":"ImageObject","inLanguage":"fr-FR","@id":"https:\/\/tierpark-bern.ch\/fr\/#\/schema\/logo\/image\/","url":"https:\/\/tierpark-bern.ch\/web\/app\/uploads\/2024\/04\/tierpark-bern-696x696-1.jpg","contentUrl":"https:\/\/tierpark-bern.ch\/web\/app\/uploads\/2024\/04\/tierpark-bern-696x696-1.jpg","width":696,"height":696,"caption":"Tierpark Bern | D\u00e4hlh\u00f6lzli + B\u00e4renPark"},"image":{"@id":"https:\/\/tierpark-bern.ch\/fr\/#\/schema\/logo\/image\/"},"sameAs":["https:\/\/www.facebook.com\/tierparkbern\/","https:\/\/x.com\/tierparkbern","https:\/\/www.instagram.com\/tierparkbern\/"]}]}},"_links":{"self":[{"href":"https:\/\/tierpark-bern.ch\/fr\/wp-json\/wp\/v2\/pages\/55613","targetHints":{"allow":["GET"]}}],"collection":[{"href":"https:\/\/tierpark-bern.ch\/fr\/wp-json\/wp\/v2\/pages"}],"about":[{"href":"https:\/\/tierpark-bern.ch\/fr\/wp-json\/wp\/v2\/types\/page"}],"author":[{"embeddable":true,"href":"https:\/\/tierpark-bern.ch\/fr\/wp-json\/wp\/v2\/users\/1"}],"replies":[{"embeddable":true,"href":"https:\/\/tierpark-bern.ch\/fr\/wp-json\/wp\/v2\/comments?post=55613"}],"version-history":[{"count":0,"href":"https:\/\/tierpark-bern.ch\/fr\/wp-json\/wp\/v2\/pages\/55613\/revisions"}],"up":[{"embeddable":true,"href":"https:\/\/tierpark-bern.ch\/fr\/wp-json\/wp\/v2\/pages\/51210"}],"wp:featuredmedia":[{"embeddable":true,"href":"https:\/\/tierpark-bern.ch\/fr\/wp-json\/wp\/v2\/media\/55598"}],"wp:attachment":[{"href":"https:\/\/tierpark-bern.ch\/fr\/wp-json\/wp\/v2\/media?parent=55613"}],"curies":[{"name":"wp","href":"https:\/\/api.w.org\/{rel}","templated":true}]}}