{"id":61953,"date":"2023-10-12T17:25:41","date_gmt":"2023-10-12T15:25:41","guid":{"rendered":"https:\/\/tierpark-bern.ch\/unsere-infomobile-be-greifen-fuer-gross-und-klein\/"},"modified":"2024-03-18T17:12:43","modified_gmt":"2024-03-18T16:12:43","slug":"infomobil","status":"publish","type":"page","link":"https:\/\/tierpark-bern.ch\/fr\/experiences-du-zoo\/infomobil\/","title":{"rendered":"Unsere Infomobile \u2013 Be-Greifen f\u00fcr Gross und Klein"},"content":{"rendered":"<div class=\"wpb-content-wrapper\"><p>[vc_row][vc_column][vc_column_text]<\/p>\n<h1>Unsere Infomobile \u2013 Be-Greifen f\u00fcr Gross und Klein<\/h1>\n<p><strong>Jeden Sonntag von 13.00 \u2013 17.00 Uhr (M\u00e4rz bis Oktober) bzw. von 12.30 \u2013 16.30 Uhr (November bis Februar) gilt f\u00fcr die kleinen und grossen Besucher*innen des Tierparks Bern \u00abBitte ber\u00fchren\u00bb.<\/strong>[\/vc_column_text][\/vc_column][\/vc_row][vc_row][vc_column width=&#8221;1\/2&#8243;][vc_single_image image=&#8221;62912&#8243; green_bar=&#8221;yes&#8221;][\/vc_column][vc_column width=&#8221;1\/2&#8243;][vc_single_image image=&#8221;69357&#8243; green_bar=&#8221;yes&#8221;][\/vc_column][\/vc_row][vc_row][vc_column][vc_column_text css=&#8221;.vc_custom_1710769766762{margin-bottom: 0px !important;}&#8221;]<\/p>\n<h2>\u00abVerstehen durch ber\u00fchren und vergleichen\u00bb<\/h2>\n<p>Unsere allseits beliebten mobilen Touchtables zu diversen Themen warten mit einem breiten Strauss an Anschauungsmaterial wie Felle, Sch\u00e4del, Knochen, Federn und anderem auf unsere G\u00e4ste. Das Motto ist: Bitte \u00abBe-Greifen\u00bb, was so viel heisst wie \u00abVerstehen durch ber\u00fchren und vergleichen\u00bb: In der einen Hand ein hohler Vogelknochen, in der anderen ein mit Knochenmark ausgef\u00fcllter Pinguinknochen \u2013 beides V\u00f6gel, aber der eine muss nicht mehr fliegen und braucht daher keine Gewichtsreduktion mehr. Im Gegenteil, durch Luft gef\u00fcllte Knochen w\u00fcrde ein Pinguin durch den Auftrieb beim Tauchen behindert. Eine Erkenntnis, die durch ein solches Erlebnis nicht so schnell vergessen wird.[\/vc_column_text][vc_empty_space][\/vc_column][\/vc_row][vc_row][vc_column width=&#8221;1\/2&#8243;][vc_single_image image=&#8221;69315&#8243; green_bar=&#8221;yes&#8221;][\/vc_column][vc_column width=&#8221;1\/2&#8243;][vc_single_image image=&#8221;69318&#8243; green_bar=&#8221;yes&#8221;][\/vc_column][\/vc_row][vc_row][vc_column width=&#8221;1\/2&#8243;][vc_single_image image=&#8221;62909&#8243; green_bar=&#8221;yes&#8221;][\/vc_column][vc_column width=&#8221;1\/2&#8243;][vc_single_image image=&#8221;69330&#8243; green_bar=&#8221;yes&#8221;][\/vc_column][\/vc_row][vc_row][vc_column][vc_column_text css=&#8221;.vc_custom_1710769864799{margin-bottom: 0px !important;}&#8221;]<\/p>\n<h3>Lassen Sie sich von vielen weiteren AHA\u2019s \u00fcberraschen. Unsere Infomobil Betreuer*innen freuen sich auf Ihren Besuch und haben Antworten auf fast alle Fragen. Ein Tierpark-Besuch lohnt sich immer.<\/h3>\n<p>[\/vc_column_text][vc_separator color=&#8221;custom&#8221; accent_color=&#8221;#006558&#8243; css=&#8221;.vc_custom_1698734768847{margin-top: 15px !important;margin-bottom: 15px !important;}&#8221;][vc_empty_space][\/vc_column][\/vc_row][vc_row][vc_column][vc_column_text css=&#8221;.vc_custom_1698733714833{border-top-width: 0px !important;padding-top: 0px !important;}&#8221;]<\/p>\n<h3 class=\"event-details\"><i class=\"fa fa-calendar\" aria-hidden=\"true\"><\/i> Wann:<\/h3>\n<p>Jeden Sonntag von 13.00 \u2013 17.00 Uhr (M\u00e4rz bis Oktober) bzw. von 12.30 \u2013 16.30 Uhr (November bis Februar)<\/p>\n<h3 class=\"event-details\"><i class=\"fa fa-map-marker\" aria-hidden=\"true\"><\/i> Wo:<\/h3>\n<p>D\u00e4hlh\u00f6lzli-Zoo<\/p>\n<h3 class=\"event-details\"><i class=\"fa fa-users\" aria-hidden=\"true\"><\/i> Zielgruppe:<\/h3>\n<p>F\u00fcr Gross und Klein<\/p>\n<h3 class=\"event-details\"><i class=\"fa fa-sticky-note\" aria-hidden=\"true\"><\/i> Besonderheit:<\/h3>\n<p>Es ist keine Anmeldung erforderlich.<\/p>\n<h3 class=\"event-details\"><i class=\"fas fa-fw fa-ticket-alt\" aria-hidden=\"true\"><\/i> Kosten:<\/h3>\n<p>\u00dcbliche Eintrittspreise[\/vc_column_text][\/vc_column][\/vc_row]<\/p>\n<\/div>","protected":false},"excerpt":{"rendered":"<p>Unsere Infomobil Betreuer*innen freuen sich auf Ihren Besuch und haben Antworten auf fast alle Fragen. Ein Tierpark-Besuch lohnt sich immer.<\/p>\n","protected":false},"author":1,"featured_media":69321,"parent":46062,"menu_order":0,"comment_status":"closed","ping_status":"closed","template":"","meta":{"_acf_changed":false,"footnotes":""},"class_list":["post-61953","page","type-page","status-publish","has-post-thumbnail","hentry"],"acf":[],"yoast_head":"<title>Unsere Infomobile \u2013 Be-Greifen f\u00fcr Gross und Klein | Tierpark Bern<\/title>\n<meta name=\"description\" content=\"Unsere Infomobil Betreuer*innen freuen sich auf Ihren Besuch und haben Antworten auf fast alle Fragen. Ein Tierpark-Besuch lohnt sich immer.\" \/>\n<meta name=\"robots\" content=\"index, follow, max-snippet:-1, max-image-preview:large, max-video-preview:-1\" \/>\n<link rel=\"canonical\" href=\"https:\/\/tierpark-bern.ch\/fr\/experiences-du-zoo\/infomobil\/\" \/>\n<meta property=\"og:locale\" content=\"fr_FR\" \/>\n<meta property=\"og:type\" content=\"article\" \/>\n<meta property=\"og:title\" content=\"Unsere Infomobile \u2013 Be-Greifen f\u00fcr Gross und Klein | Tierpark Bern\" \/>\n<meta property=\"og:description\" content=\"Unsere Infomobil Betreuer*innen freuen sich auf Ihren Besuch und haben Antworten auf fast alle Fragen. Ein Tierpark-Besuch lohnt sich immer.\" \/>\n<meta property=\"og:url\" content=\"https:\/\/tierpark-bern.ch\/fr\/experiences-du-zoo\/infomobil\/\" \/>\n<meta property=\"og:site_name\" content=\"Tierpark Bern\" \/>\n<meta property=\"article:publisher\" content=\"https:\/\/www.facebook.com\/tierparkbern\/\" \/>\n<meta property=\"article:modified_time\" content=\"2024-03-18T16:12:43+00:00\" \/>\n<meta property=\"og:image\" content=\"https:\/\/tierpark-bern.ch\/web\/app\/uploads\/2024\/03\/tierpark-bern-DSCN3179_slider.jpg\" \/>\n\t<meta property=\"og:image:width\" content=\"1700\" \/>\n\t<meta property=\"og:image:height\" content=\"1094\" \/>\n\t<meta property=\"og:image:type\" content=\"image\/jpeg\" \/>\n<script type=\"application\/ld+json\" class=\"yoast-schema-graph\">{\"@context\":\"https:\/\/schema.org\",\"@graph\":[{\"@type\":\"WebPage\",\"@id\":\"https:\/\/tierpark-bern.ch\/fr\/experiences-du-zoo\/infomobil\/\",\"url\":\"https:\/\/tierpark-bern.ch\/fr\/experiences-du-zoo\/infomobil\/\",\"name\":\"Unsere Infomobile \u2013 Be-Greifen f\u00fcr Gross und Klein | Tierpark Bern\",\"isPartOf\":{\"@id\":\"https:\/\/tierpark-bern.ch\/fr\/#website\"},\"primaryImageOfPage\":{\"@id\":\"https:\/\/tierpark-bern.ch\/fr\/experiences-du-zoo\/infomobil\/#primaryimage\"},\"image\":{\"@id\":\"https:\/\/tierpark-bern.ch\/fr\/experiences-du-zoo\/infomobil\/#primaryimage\"},\"thumbnailUrl\":\"https:\/\/tierpark-bern.ch\/web\/app\/uploads\/2024\/03\/tierpark-bern-DSCN3179_slider.jpg\",\"datePublished\":\"2023-10-12T15:25:41+00:00\",\"dateModified\":\"2024-03-18T16:12:43+00:00\",\"description\":\"Unsere Infomobil Betreuer*innen freuen sich auf Ihren Besuch und haben Antworten auf fast alle Fragen. Ein Tierpark-Besuch lohnt sich immer.\",\"breadcrumb\":{\"@id\":\"https:\/\/tierpark-bern.ch\/fr\/experiences-du-zoo\/infomobil\/#breadcrumb\"},\"inLanguage\":\"fr-FR\",\"potentialAction\":[{\"@type\":\"ReadAction\",\"target\":[\"https:\/\/tierpark-bern.ch\/fr\/experiences-du-zoo\/infomobil\/\"]}]},{\"@type\":\"ImageObject\",\"inLanguage\":\"fr-FR\",\"@id\":\"https:\/\/tierpark-bern.ch\/fr\/experiences-du-zoo\/infomobil\/#primaryimage\",\"url\":\"https:\/\/tierpark-bern.ch\/web\/app\/uploads\/2024\/03\/tierpark-bern-DSCN3179_slider.jpg\",\"contentUrl\":\"https:\/\/tierpark-bern.ch\/web\/app\/uploads\/2024\/03\/tierpark-bern-DSCN3179_slider.jpg\",\"width\":1700,\"height\":1094,\"caption\":\"Tierfell auf einem Tisch\"},{\"@type\":\"BreadcrumbList\",\"@id\":\"https:\/\/tierpark-bern.ch\/fr\/experiences-du-zoo\/infomobil\/#breadcrumb\",\"itemListElement\":[{\"@type\":\"ListItem\",\"position\":1,\"name\":\"Home\",\"item\":\"https:\/\/tierpark-bern.ch\/fr\/home\/\"},{\"@type\":\"ListItem\",\"position\":2,\"name\":\"Exp\u00e9riences du zoo\",\"item\":\"https:\/\/tierpark-bern.ch\/fr\/experiences-du-zoo\/\"},{\"@type\":\"ListItem\",\"position\":3,\"name\":\"Unsere Infomobile \u2013 Be-Greifen f\u00fcr Gross und Klein\"}]},{\"@type\":\"WebSite\",\"@id\":\"https:\/\/tierpark-bern.ch\/fr\/#website\",\"url\":\"https:\/\/tierpark-bern.ch\/fr\/\",\"name\":\"Tierpark Bern\",\"description\":\"\",\"publisher\":{\"@id\":\"https:\/\/tierpark-bern.ch\/fr\/#organization\"},\"potentialAction\":[{\"@type\":\"SearchAction\",\"target\":{\"@type\":\"EntryPoint\",\"urlTemplate\":\"https:\/\/tierpark-bern.ch\/fr\/?s={search_term_string}\"},\"query-input\":{\"@type\":\"PropertyValueSpecification\",\"valueRequired\":true,\"valueName\":\"search_term_string\"}}],\"inLanguage\":\"fr-FR\"},{\"@type\":\"Organization\",\"@id\":\"https:\/\/tierpark-bern.ch\/fr\/#organization\",\"name\":\"Tierpark Bern | D\u00e4hlh\u00f6lzli + B\u00e4renPark\",\"alternateName\":\"Tierpark Bern\",\"url\":\"https:\/\/tierpark-bern.ch\/fr\/\",\"logo\":{\"@type\":\"ImageObject\",\"inLanguage\":\"fr-FR\",\"@id\":\"https:\/\/tierpark-bern.ch\/fr\/#\/schema\/logo\/image\/\",\"url\":\"https:\/\/tierpark-bern.ch\/web\/app\/uploads\/2024\/04\/tierpark-bern-696x696-1.jpg\",\"contentUrl\":\"https:\/\/tierpark-bern.ch\/web\/app\/uploads\/2024\/04\/tierpark-bern-696x696-1.jpg\",\"width\":696,\"height\":696,\"caption\":\"Tierpark Bern | D\u00e4hlh\u00f6lzli + B\u00e4renPark\"},\"image\":{\"@id\":\"https:\/\/tierpark-bern.ch\/fr\/#\/schema\/logo\/image\/\"},\"sameAs\":[\"https:\/\/www.facebook.com\/tierparkbern\/\",\"https:\/\/x.com\/tierparkbern\",\"https:\/\/www.instagram.com\/tierparkbern\/\"]}]}<\/script>","yoast_head_json":{"title":"Unsere Infomobile \u2013 Be-Greifen f\u00fcr Gross und Klein | Tierpark Bern","description":"Unsere Infomobil Betreuer*innen freuen sich auf Ihren Besuch und haben Antworten auf fast alle Fragen. Ein Tierpark-Besuch lohnt sich immer.","robots":{"index":"index","follow":"follow","max-snippet":"max-snippet:-1","max-image-preview":"max-image-preview:large","max-video-preview":"max-video-preview:-1"},"canonical":"https:\/\/tierpark-bern.ch\/fr\/experiences-du-zoo\/infomobil\/","og_locale":"fr_FR","og_type":"article","og_title":"Unsere Infomobile \u2013 Be-Greifen f\u00fcr Gross und Klein | Tierpark Bern","og_description":"Unsere Infomobil Betreuer*innen freuen sich auf Ihren Besuch und haben Antworten auf fast alle Fragen. Ein Tierpark-Besuch lohnt sich immer.","og_url":"https:\/\/tierpark-bern.ch\/fr\/experiences-du-zoo\/infomobil\/","og_site_name":"Tierpark Bern","article_publisher":"https:\/\/www.facebook.com\/tierparkbern\/","article_modified_time":"2024-03-18T16:12:43+00:00","og_image":[{"width":1700,"height":1094,"url":"https:\/\/tierpark-bern.ch\/web\/app\/uploads\/2024\/03\/tierpark-bern-DSCN3179_slider.jpg","type":"image\/jpeg"}],"schema":{"@context":"https:\/\/schema.org","@graph":[{"@type":"WebPage","@id":"https:\/\/tierpark-bern.ch\/fr\/experiences-du-zoo\/infomobil\/","url":"https:\/\/tierpark-bern.ch\/fr\/experiences-du-zoo\/infomobil\/","name":"Unsere Infomobile \u2013 Be-Greifen f\u00fcr Gross und Klein | Tierpark Bern","isPartOf":{"@id":"https:\/\/tierpark-bern.ch\/fr\/#website"},"primaryImageOfPage":{"@id":"https:\/\/tierpark-bern.ch\/fr\/experiences-du-zoo\/infomobil\/#primaryimage"},"image":{"@id":"https:\/\/tierpark-bern.ch\/fr\/experiences-du-zoo\/infomobil\/#primaryimage"},"thumbnailUrl":"https:\/\/tierpark-bern.ch\/web\/app\/uploads\/2024\/03\/tierpark-bern-DSCN3179_slider.jpg","datePublished":"2023-10-12T15:25:41+00:00","dateModified":"2024-03-18T16:12:43+00:00","description":"Unsere Infomobil Betreuer*innen freuen sich auf Ihren Besuch und haben Antworten auf fast alle Fragen. Ein Tierpark-Besuch lohnt sich immer.","breadcrumb":{"@id":"https:\/\/tierpark-bern.ch\/fr\/experiences-du-zoo\/infomobil\/#breadcrumb"},"inLanguage":"fr-FR","potentialAction":[{"@type":"ReadAction","target":["https:\/\/tierpark-bern.ch\/fr\/experiences-du-zoo\/infomobil\/"]}]},{"@type":"ImageObject","inLanguage":"fr-FR","@id":"https:\/\/tierpark-bern.ch\/fr\/experiences-du-zoo\/infomobil\/#primaryimage","url":"https:\/\/tierpark-bern.ch\/web\/app\/uploads\/2024\/03\/tierpark-bern-DSCN3179_slider.jpg","contentUrl":"https:\/\/tierpark-bern.ch\/web\/app\/uploads\/2024\/03\/tierpark-bern-DSCN3179_slider.jpg","width":1700,"height":1094,"caption":"Tierfell auf einem Tisch"},{"@type":"BreadcrumbList","@id":"https:\/\/tierpark-bern.ch\/fr\/experiences-du-zoo\/infomobil\/#breadcrumb","itemListElement":[{"@type":"ListItem","position":1,"name":"Home","item":"https:\/\/tierpark-bern.ch\/fr\/home\/"},{"@type":"ListItem","position":2,"name":"Exp\u00e9riences du zoo","item":"https:\/\/tierpark-bern.ch\/fr\/experiences-du-zoo\/"},{"@type":"ListItem","position":3,"name":"Unsere Infomobile \u2013 Be-Greifen f\u00fcr Gross und Klein"}]},{"@type":"WebSite","@id":"https:\/\/tierpark-bern.ch\/fr\/#website","url":"https:\/\/tierpark-bern.ch\/fr\/","name":"Tierpark Bern","description":"","publisher":{"@id":"https:\/\/tierpark-bern.ch\/fr\/#organization"},"potentialAction":[{"@type":"SearchAction","target":{"@type":"EntryPoint","urlTemplate":"https:\/\/tierpark-bern.ch\/fr\/?s={search_term_string}"},"query-input":{"@type":"PropertyValueSpecification","valueRequired":true,"valueName":"search_term_string"}}],"inLanguage":"fr-FR"},{"@type":"Organization","@id":"https:\/\/tierpark-bern.ch\/fr\/#organization","name":"Tierpark Bern | D\u00e4hlh\u00f6lzli + B\u00e4renPark","alternateName":"Tierpark Bern","url":"https:\/\/tierpark-bern.ch\/fr\/","logo":{"@type":"ImageObject","inLanguage":"fr-FR","@id":"https:\/\/tierpark-bern.ch\/fr\/#\/schema\/logo\/image\/","url":"https:\/\/tierpark-bern.ch\/web\/app\/uploads\/2024\/04\/tierpark-bern-696x696-1.jpg","contentUrl":"https:\/\/tierpark-bern.ch\/web\/app\/uploads\/2024\/04\/tierpark-bern-696x696-1.jpg","width":696,"height":696,"caption":"Tierpark Bern | D\u00e4hlh\u00f6lzli + B\u00e4renPark"},"image":{"@id":"https:\/\/tierpark-bern.ch\/fr\/#\/schema\/logo\/image\/"},"sameAs":["https:\/\/www.facebook.com\/tierparkbern\/","https:\/\/x.com\/tierparkbern","https:\/\/www.instagram.com\/tierparkbern\/"]}]}},"_links":{"self":[{"href":"https:\/\/tierpark-bern.ch\/fr\/wp-json\/wp\/v2\/pages\/61953","targetHints":{"allow":["GET"]}}],"collection":[{"href":"https:\/\/tierpark-bern.ch\/fr\/wp-json\/wp\/v2\/pages"}],"about":[{"href":"https:\/\/tierpark-bern.ch\/fr\/wp-json\/wp\/v2\/types\/page"}],"author":[{"embeddable":true,"href":"https:\/\/tierpark-bern.ch\/fr\/wp-json\/wp\/v2\/users\/1"}],"replies":[{"embeddable":true,"href":"https:\/\/tierpark-bern.ch\/fr\/wp-json\/wp\/v2\/comments?post=61953"}],"version-history":[{"count":0,"href":"https:\/\/tierpark-bern.ch\/fr\/wp-json\/wp\/v2\/pages\/61953\/revisions"}],"up":[{"embeddable":true,"href":"https:\/\/tierpark-bern.ch\/fr\/wp-json\/wp\/v2\/pages\/46062"}],"wp:featuredmedia":[{"embeddable":true,"href":"https:\/\/tierpark-bern.ch\/fr\/wp-json\/wp\/v2\/media\/69321"}],"wp:attachment":[{"href":"https:\/\/tierpark-bern.ch\/fr\/wp-json\/wp\/v2\/media?parent=61953"}],"curies":[{"name":"wp","href":"https:\/\/api.w.org\/{rel}","templated":true}]}}