{"id":73000,"date":"2024-05-20T08:29:32","date_gmt":"2024-05-20T06:29:32","guid":{"rendered":"https:\/\/tierpark-bern.ch\/visite-au-zoo\/fuetterungszeiten-3\/"},"modified":"2024-06-06T18:01:04","modified_gmt":"2024-06-06T16:01:04","slug":"heures-des-repas","status":"publish","type":"page","link":"https:\/\/tierpark-bern.ch\/fr\/visite-au-zoo\/heures-des-repas\/","title":{"rendered":"Heures des repas"},"content":{"rendered":"<div class=\"wpb-content-wrapper\"><p>[vc_row][vc_column][vc_column_text css=&#8221;&#8221;]<\/p>\n<h1>Heures d&#8217;alimentation<\/h1>\n<p>Nos phoques s\u00e9journent actuellement en Su\u00e8de. L&#8217;installation des phoques a pris de l&#8217;\u00e2ge. Elle sera d\u00e9sormais modernis\u00e9e et offrira \u00e0 l&#8217;avenir aux phoques un nouvel univers sous-marin attrayant. Les zones ext\u00e9rieures ainsi que l&#8217;offre sous-marine seront con\u00e7ues de mani\u00e8re \u00e0 ce que les mammif\u00e8res marins puissent exprimer leur comportement naturel, surtout sous l&#8217;eau, et que des zones de confort suffisantes soient maintenues sur terre.<\/p>\n<p>Nous remplacerons les nourrissages des phoques par d&#8217;autres nourrissages aupr\u00e8s des pr\u00e9dateurs, des poissons ou des singes. Vous trouverez prochainement ici les nouveaux horaires de nourrissage.<\/p>\n<p>En attendant, vous suivez <a href=\"https:\/\/tierpark-bern.ch\/fr\/saluk-blog\/\">ici<\/a>, ce que Saluk blogue de ses vacances.[\/vc_column_text][\/vc_column][\/vc_row][vc_row][vc_column][vc_row_inner content_placement=&#8221;middle&#8221; css=&#8221;.vc_custom_1634821664925{margin-top: 0px !important;margin-right: 0px !important;margin-bottom: 20px !important;margin-left: 0px !important;background-color: #006558 !important;}&#8221; el_class=&#8221;fuetterungszeiten-container&#8221;][vc_column_inner width=&#8221;1\/3&#8243; css=&#8221;.vc_custom_1634734884326{padding-top: 0px !important;padding-right: 0px !important;padding-bottom: 0px !important;padding-left: 0px !important;}&#8221;][vc_single_image image=&#8221;54747&#8243; img_size=&#8221;full&#8221; css=&#8221;.vc_custom_1716221685254{margin-bottom: 0px !important;padding-bottom: 0px !important;}&#8221;][\/vc_column_inner][vc_column_inner width=&#8221;5\/12&#8243;][vc_column_text css=&#8221;.vc_custom_1716299336765{padding-left: 15px !important;}&#8221; el_class=&#8221;fuetterungszeiten-middle&#8221;]Poissons<\/p>\n<p>Lieu de rendez-vous : devant le r\u00e9cif[\/vc_column_text][\/vc_column_inner][vc_column_inner width=&#8221;1\/4&#8243;][vc_column_text css=&#8221;.vc_custom_1716299351526{padding-left: 15px !important;}&#8221;]09:15 Heures[\/vc_column_text][\/vc_column_inner][\/vc_row_inner][vc_row_inner content_placement=&#8221;middle&#8221; css=&#8221;.vc_custom_1634821673530{margin-top: 0px !important;margin-right: 0px !important;margin-bottom: 20px !important;margin-left: 0px !important;background-color: #006558 !important;}&#8221; el_class=&#8221;fuetterungszeiten-container&#8221;][vc_column_inner width=&#8221;1\/3&#8243; css=&#8221;.vc_custom_1634734884326{padding-top: 0px !important;padding-right: 0px !important;padding-bottom: 0px !important;padding-left: 0px !important;}&#8221;][vc_single_image image=&#8221;26060&#8243; img_size=&#8221;full&#8221; css=&#8221;.vc_custom_1648194967409{margin-bottom: 0px !important;padding-bottom: 0px !important;}&#8221;][\/vc_column_inner][vc_column_inner width=&#8221;5\/12&#8243;][vc_column_text css=&#8221;.vc_custom_1716299389316{padding-left: 15px !important;}&#8221; el_class=&#8221;fuetterungszeiten-middle&#8221;]Perroquets<\/p>\n<p>Lieu de rendez-vous : Maison des macareux[\/vc_column_text][\/vc_column_inner][vc_column_inner width=&#8221;1\/4&#8243;][vc_column_text css=&#8221;.vc_custom_1716299358485{padding-left: 15px !important;}&#8221;]14:30 Heures[\/vc_column_text][\/vc_column_inner][\/vc_row_inner][vc_row_inner content_placement=&#8221;middle&#8221; css=&#8221;.vc_custom_1634821683705{margin-top: 0px !important;margin-right: 0px !important;margin-bottom: 20px !important;margin-left: 0px !important;background-color: #006558 !important;}&#8221; el_class=&#8221;fuetterungszeiten-container&#8221;][vc_column_inner width=&#8221;1\/3&#8243; css=&#8221;.vc_custom_1634734884326{padding-top: 0px !important;padding-right: 0px !important;padding-bottom: 0px !important;padding-left: 0px !important;}&#8221;][vc_column_text css=&#8221;.vc_custom_1715683134931{margin-bottom: 0px !important;}&#8221;]<img decoding=\"async\" class=\"vc_single_image-img \" src=\"https:\/\/tierpark-bern.ch\/web\/app\/uploads\/2020\/07\/tierpark-bern-europaeische_wildkatze__T4A0434.jpg\" width=\"545\" height=\"335\" alt=\"\" title=\"tierpark-bern-europaeische_wildkatze__T4A0434\" loading=\"lazy\">[\/vc_column_text][\/vc_column_inner][vc_column_inner width=&#8221;5\/12&#8243;][vc_column_text css=&#8221;.vc_custom_1715682915958{padding-left: 15px !important;}&#8221; el_class=&#8221;fuetterungszeiten-middle&#8221;]<p><strong>Chats<\/strong><\/p><p>Point de rencontre: devant l'installation des chats sauvages<\/p>[\/vc_column_text][\/vc_column_inner][vc_column_inner width=&#8221;1\/4&#8243;][vc_column_text css=&#8221;.vc_custom_1715682446750{padding-left: 15px !important;}&#8221;]<p>15:30 Heures<\/p>[\/vc_column_text][\/vc_column_inner][\/vc_row_inner][\/vc_column][\/vc_row][vc_row][vc_column][vc_column_text css=&#8221;&#8221;]<strong>Tous les autres animaux sont nourris \u00e0 des heures qui varient chaque jour.<\/strong>[\/vc_column_text][\/vc_column][\/vc_row][vc_row][vc_column][vc_column_text css=&#8221;&#8221;]<a class=\"button button--tierpark\" href=\"https:\/\/tierpark-bern.ch\/fr\/visite-au-zoo\/restauration\/\" target=\"_self\" rel=\"noopener\">Vous avez faim ? Cliquez ici pour acc\u00e9der \u00e0 notre offre gastronomique<\/a>[\/vc_column_text][\/vc_column][\/vc_row]<\/p>\n<\/div>","protected":false},"excerpt":{"rendered":"<p>Spannende kommentierte F\u00fctterungen w\u00e4hrend Ihres Zoobesuchs. Erleben Sie die Tiere im Tierpark Bern hautnah.<\/p>\n","protected":false},"author":1,"featured_media":48308,"parent":38558,"menu_order":0,"comment_status":"closed","ping_status":"closed","template":"","meta":{"_acf_changed":false,"footnotes":""},"class_list":["post-73000","page","type-page","status-publish","has-post-thumbnail","hentry"],"acf":[],"yoast_head":"<title>Heures des repas | Tierpark Bern<\/title>\n<meta name=\"description\" content=\"Spannende kommentierte F\u00fctterungen w\u00e4hrend Ihres Zoobesuchs. Erleben Sie die Tiere im Tierpark Bern hautnah.\" \/>\n<meta name=\"robots\" content=\"index, follow, max-snippet:-1, max-image-preview:large, max-video-preview:-1\" \/>\n<link rel=\"canonical\" href=\"https:\/\/tierpark-bern.ch\/fr\/visite-au-zoo\/heures-des-repas\/\" \/>\n<meta property=\"og:locale\" content=\"fr_FR\" \/>\n<meta property=\"og:type\" content=\"article\" \/>\n<meta property=\"og:title\" content=\"Heures des repas | Tierpark Bern\" \/>\n<meta property=\"og:description\" content=\"Spannende kommentierte F\u00fctterungen w\u00e4hrend Ihres Zoobesuchs. Erleben Sie die Tiere im Tierpark Bern hautnah.\" \/>\n<meta property=\"og:url\" content=\"https:\/\/tierpark-bern.ch\/fr\/visite-au-zoo\/heures-des-repas\/\" \/>\n<meta property=\"og:site_name\" content=\"Tierpark Bern\" \/>\n<meta property=\"article:publisher\" content=\"https:\/\/www.facebook.com\/tierparkbern\/\" \/>\n<meta property=\"article:modified_time\" content=\"2024-06-06T16:01:04+00:00\" \/>\n<meta property=\"og:image\" content=\"https:\/\/tierpark-bern.ch\/web\/app\/uploads\/2022\/10\/Zwei-Papageitaucher-im-Tierpark-Bern-zoo-der-schweiz-BST33167-2.jpg\" \/>\n\t<meta property=\"og:image:width\" content=\"1500\" \/>\n\t<meta property=\"og:image:height\" content=\"998\" \/>\n\t<meta property=\"og:image:type\" content=\"image\/jpeg\" \/>\n<script type=\"application\/ld+json\" class=\"yoast-schema-graph\">{\"@context\":\"https:\/\/schema.org\",\"@graph\":[{\"@type\":\"WebPage\",\"@id\":\"https:\/\/tierpark-bern.ch\/fr\/visite-au-zoo\/heures-des-repas\/\",\"url\":\"https:\/\/tierpark-bern.ch\/fr\/visite-au-zoo\/heures-des-repas\/\",\"name\":\"Heures des repas | Tierpark Bern\",\"isPartOf\":{\"@id\":\"https:\/\/tierpark-bern.ch\/fr\/#website\"},\"primaryImageOfPage\":{\"@id\":\"https:\/\/tierpark-bern.ch\/fr\/visite-au-zoo\/heures-des-repas\/#primaryimage\"},\"image\":{\"@id\":\"https:\/\/tierpark-bern.ch\/fr\/visite-au-zoo\/heures-des-repas\/#primaryimage\"},\"thumbnailUrl\":\"https:\/\/tierpark-bern.ch\/web\/app\/uploads\/2022\/10\/Zwei-Papageitaucher-im-Tierpark-Bern-zoo-der-schweiz-BST33167-2.jpg\",\"datePublished\":\"2024-05-20T06:29:32+00:00\",\"dateModified\":\"2024-06-06T16:01:04+00:00\",\"description\":\"Spannende kommentierte F\u00fctterungen w\u00e4hrend Ihres Zoobesuchs. Erleben Sie die Tiere im Tierpark Bern hautnah.\",\"breadcrumb\":{\"@id\":\"https:\/\/tierpark-bern.ch\/fr\/visite-au-zoo\/heures-des-repas\/#breadcrumb\"},\"inLanguage\":\"fr-FR\",\"potentialAction\":[{\"@type\":\"ReadAction\",\"target\":[\"https:\/\/tierpark-bern.ch\/fr\/visite-au-zoo\/heures-des-repas\/\"]}]},{\"@type\":\"ImageObject\",\"inLanguage\":\"fr-FR\",\"@id\":\"https:\/\/tierpark-bern.ch\/fr\/visite-au-zoo\/heures-des-repas\/#primaryimage\",\"url\":\"https:\/\/tierpark-bern.ch\/web\/app\/uploads\/2022\/10\/Zwei-Papageitaucher-im-Tierpark-Bern-zoo-der-schweiz-BST33167-2.jpg\",\"contentUrl\":\"https:\/\/tierpark-bern.ch\/web\/app\/uploads\/2022\/10\/Zwei-Papageitaucher-im-Tierpark-Bern-zoo-der-schweiz-BST33167-2.jpg\",\"width\":1500,\"height\":998,\"caption\":\"Zwei Papageitaucher im Tierpark Bern\"},{\"@type\":\"BreadcrumbList\",\"@id\":\"https:\/\/tierpark-bern.ch\/fr\/visite-au-zoo\/heures-des-repas\/#breadcrumb\",\"itemListElement\":[{\"@type\":\"ListItem\",\"position\":1,\"name\":\"Home\",\"item\":\"https:\/\/tierpark-bern.ch\/fr\/home\/\"},{\"@type\":\"ListItem\",\"position\":2,\"name\":\"Visite au zoo\",\"item\":\"https:\/\/tierpark-bern.ch\/fr\/visite-au-zoo\/\"},{\"@type\":\"ListItem\",\"position\":3,\"name\":\"Heures des repas\"}]},{\"@type\":\"WebSite\",\"@id\":\"https:\/\/tierpark-bern.ch\/fr\/#website\",\"url\":\"https:\/\/tierpark-bern.ch\/fr\/\",\"name\":\"Tierpark Bern\",\"description\":\"\",\"publisher\":{\"@id\":\"https:\/\/tierpark-bern.ch\/fr\/#organization\"},\"potentialAction\":[{\"@type\":\"SearchAction\",\"target\":{\"@type\":\"EntryPoint\",\"urlTemplate\":\"https:\/\/tierpark-bern.ch\/fr\/?s={search_term_string}\"},\"query-input\":{\"@type\":\"PropertyValueSpecification\",\"valueRequired\":true,\"valueName\":\"search_term_string\"}}],\"inLanguage\":\"fr-FR\"},{\"@type\":\"Organization\",\"@id\":\"https:\/\/tierpark-bern.ch\/fr\/#organization\",\"name\":\"Tierpark Bern | D\u00e4hlh\u00f6lzli + B\u00e4renPark\",\"alternateName\":\"Tierpark Bern\",\"url\":\"https:\/\/tierpark-bern.ch\/fr\/\",\"logo\":{\"@type\":\"ImageObject\",\"inLanguage\":\"fr-FR\",\"@id\":\"https:\/\/tierpark-bern.ch\/fr\/#\/schema\/logo\/image\/\",\"url\":\"https:\/\/tierpark-bern.ch\/web\/app\/uploads\/2024\/04\/tierpark-bern-696x696-1.jpg\",\"contentUrl\":\"https:\/\/tierpark-bern.ch\/web\/app\/uploads\/2024\/04\/tierpark-bern-696x696-1.jpg\",\"width\":696,\"height\":696,\"caption\":\"Tierpark Bern | D\u00e4hlh\u00f6lzli + B\u00e4renPark\"},\"image\":{\"@id\":\"https:\/\/tierpark-bern.ch\/fr\/#\/schema\/logo\/image\/\"},\"sameAs\":[\"https:\/\/www.facebook.com\/tierparkbern\/\",\"https:\/\/x.com\/tierparkbern\",\"https:\/\/www.instagram.com\/tierparkbern\/\"]}]}<\/script>","yoast_head_json":{"title":"Heures des repas | Tierpark Bern","description":"Spannende kommentierte F\u00fctterungen w\u00e4hrend Ihres Zoobesuchs. Erleben Sie die Tiere im Tierpark Bern hautnah.","robots":{"index":"index","follow":"follow","max-snippet":"max-snippet:-1","max-image-preview":"max-image-preview:large","max-video-preview":"max-video-preview:-1"},"canonical":"https:\/\/tierpark-bern.ch\/fr\/visite-au-zoo\/heures-des-repas\/","og_locale":"fr_FR","og_type":"article","og_title":"Heures des repas | Tierpark Bern","og_description":"Spannende kommentierte F\u00fctterungen w\u00e4hrend Ihres Zoobesuchs. Erleben Sie die Tiere im Tierpark Bern hautnah.","og_url":"https:\/\/tierpark-bern.ch\/fr\/visite-au-zoo\/heures-des-repas\/","og_site_name":"Tierpark Bern","article_publisher":"https:\/\/www.facebook.com\/tierparkbern\/","article_modified_time":"2024-06-06T16:01:04+00:00","og_image":[{"width":1500,"height":998,"url":"https:\/\/tierpark-bern.ch\/web\/app\/uploads\/2022\/10\/Zwei-Papageitaucher-im-Tierpark-Bern-zoo-der-schweiz-BST33167-2.jpg","type":"image\/jpeg"}],"schema":{"@context":"https:\/\/schema.org","@graph":[{"@type":"WebPage","@id":"https:\/\/tierpark-bern.ch\/fr\/visite-au-zoo\/heures-des-repas\/","url":"https:\/\/tierpark-bern.ch\/fr\/visite-au-zoo\/heures-des-repas\/","name":"Heures des repas | Tierpark Bern","isPartOf":{"@id":"https:\/\/tierpark-bern.ch\/fr\/#website"},"primaryImageOfPage":{"@id":"https:\/\/tierpark-bern.ch\/fr\/visite-au-zoo\/heures-des-repas\/#primaryimage"},"image":{"@id":"https:\/\/tierpark-bern.ch\/fr\/visite-au-zoo\/heures-des-repas\/#primaryimage"},"thumbnailUrl":"https:\/\/tierpark-bern.ch\/web\/app\/uploads\/2022\/10\/Zwei-Papageitaucher-im-Tierpark-Bern-zoo-der-schweiz-BST33167-2.jpg","datePublished":"2024-05-20T06:29:32+00:00","dateModified":"2024-06-06T16:01:04+00:00","description":"Spannende kommentierte F\u00fctterungen w\u00e4hrend Ihres Zoobesuchs. Erleben Sie die Tiere im Tierpark Bern hautnah.","breadcrumb":{"@id":"https:\/\/tierpark-bern.ch\/fr\/visite-au-zoo\/heures-des-repas\/#breadcrumb"},"inLanguage":"fr-FR","potentialAction":[{"@type":"ReadAction","target":["https:\/\/tierpark-bern.ch\/fr\/visite-au-zoo\/heures-des-repas\/"]}]},{"@type":"ImageObject","inLanguage":"fr-FR","@id":"https:\/\/tierpark-bern.ch\/fr\/visite-au-zoo\/heures-des-repas\/#primaryimage","url":"https:\/\/tierpark-bern.ch\/web\/app\/uploads\/2022\/10\/Zwei-Papageitaucher-im-Tierpark-Bern-zoo-der-schweiz-BST33167-2.jpg","contentUrl":"https:\/\/tierpark-bern.ch\/web\/app\/uploads\/2022\/10\/Zwei-Papageitaucher-im-Tierpark-Bern-zoo-der-schweiz-BST33167-2.jpg","width":1500,"height":998,"caption":"Zwei Papageitaucher im Tierpark Bern"},{"@type":"BreadcrumbList","@id":"https:\/\/tierpark-bern.ch\/fr\/visite-au-zoo\/heures-des-repas\/#breadcrumb","itemListElement":[{"@type":"ListItem","position":1,"name":"Home","item":"https:\/\/tierpark-bern.ch\/fr\/home\/"},{"@type":"ListItem","position":2,"name":"Visite au zoo","item":"https:\/\/tierpark-bern.ch\/fr\/visite-au-zoo\/"},{"@type":"ListItem","position":3,"name":"Heures des repas"}]},{"@type":"WebSite","@id":"https:\/\/tierpark-bern.ch\/fr\/#website","url":"https:\/\/tierpark-bern.ch\/fr\/","name":"Tierpark Bern","description":"","publisher":{"@id":"https:\/\/tierpark-bern.ch\/fr\/#organization"},"potentialAction":[{"@type":"SearchAction","target":{"@type":"EntryPoint","urlTemplate":"https:\/\/tierpark-bern.ch\/fr\/?s={search_term_string}"},"query-input":{"@type":"PropertyValueSpecification","valueRequired":true,"valueName":"search_term_string"}}],"inLanguage":"fr-FR"},{"@type":"Organization","@id":"https:\/\/tierpark-bern.ch\/fr\/#organization","name":"Tierpark Bern | D\u00e4hlh\u00f6lzli + B\u00e4renPark","alternateName":"Tierpark Bern","url":"https:\/\/tierpark-bern.ch\/fr\/","logo":{"@type":"ImageObject","inLanguage":"fr-FR","@id":"https:\/\/tierpark-bern.ch\/fr\/#\/schema\/logo\/image\/","url":"https:\/\/tierpark-bern.ch\/web\/app\/uploads\/2024\/04\/tierpark-bern-696x696-1.jpg","contentUrl":"https:\/\/tierpark-bern.ch\/web\/app\/uploads\/2024\/04\/tierpark-bern-696x696-1.jpg","width":696,"height":696,"caption":"Tierpark Bern | D\u00e4hlh\u00f6lzli + B\u00e4renPark"},"image":{"@id":"https:\/\/tierpark-bern.ch\/fr\/#\/schema\/logo\/image\/"},"sameAs":["https:\/\/www.facebook.com\/tierparkbern\/","https:\/\/x.com\/tierparkbern","https:\/\/www.instagram.com\/tierparkbern\/"]}]}},"_links":{"self":[{"href":"https:\/\/tierpark-bern.ch\/fr\/wp-json\/wp\/v2\/pages\/73000","targetHints":{"allow":["GET"]}}],"collection":[{"href":"https:\/\/tierpark-bern.ch\/fr\/wp-json\/wp\/v2\/pages"}],"about":[{"href":"https:\/\/tierpark-bern.ch\/fr\/wp-json\/wp\/v2\/types\/page"}],"author":[{"embeddable":true,"href":"https:\/\/tierpark-bern.ch\/fr\/wp-json\/wp\/v2\/users\/1"}],"replies":[{"embeddable":true,"href":"https:\/\/tierpark-bern.ch\/fr\/wp-json\/wp\/v2\/comments?post=73000"}],"version-history":[{"count":0,"href":"https:\/\/tierpark-bern.ch\/fr\/wp-json\/wp\/v2\/pages\/73000\/revisions"}],"up":[{"embeddable":true,"href":"https:\/\/tierpark-bern.ch\/fr\/wp-json\/wp\/v2\/pages\/38558"}],"wp:featuredmedia":[{"embeddable":true,"href":"https:\/\/tierpark-bern.ch\/fr\/wp-json\/wp\/v2\/media\/48308"}],"wp:attachment":[{"href":"https:\/\/tierpark-bern.ch\/fr\/wp-json\/wp\/v2\/media?parent=73000"}],"curies":[{"name":"wp","href":"https:\/\/api.w.org\/{rel}","templated":true}]}}