{"id":77932,"date":"2025-04-24T11:58:33","date_gmt":"2025-04-24T09:58:33","guid":{"rendered":"https:\/\/tierpark-bern.ch\/?page_id=77932"},"modified":"2025-05-12T23:15:57","modified_gmt":"2025-05-12T21:15:57","slug":"qr-1","status":"publish","type":"page","link":"https:\/\/tierpark-bern.ch\/fr\/seehund\/qr-1\/","title":{"rendered":"Plonge avec moi"},"content":{"rendered":"<div class=\"wpb-content-wrapper\"><p>[vc_row][vc_column][vc_column_text css=&#8221;&#8221;]<\/p>\n<h1 class=\"p1\">Plonge avec moi<\/h1>\n<p>[\/vc_column_text][vc_single_image image=&#8221;77998&#8243; css=&#8221;&#8221;][\/vc_column][\/vc_row][vc_row][vc_column][vc_column_text css=&#8221;&#8221;]<\/p>\n<h2 class=\"p1\">Bienvenue dans l&#8217;oc\u00e9an, mon royaume.<\/h2>\n<p>[\/vc_column_text][\/vc_column][\/vc_row][vc_row][vc_column][vc_column_text css=&#8221;&#8221;]<\/p>\n<h3 class=\"p1\"><b>Le d\u00e9fi: \u00e0 la p\u00eache aux friandises<\/b><\/h3>\n<p class=\"p1\">Se nourrir dans la mer, ce n&#8217;est pas si facile que \u00e7a. Seuls les phoques exp\u00e9riment\u00e9s parviennent \u00e0 capturer des proies en surface. Ici, les poissons qui vivent en bancs comme les harengs, se bousculent certes mais ils sont incroyablement rapides et agiles. Au fond de l&#8217;eau, j&#8217;ai la vie plus facile: de paisibles carrelets, crevettes, moules et morues m&#8217;y attendent. Mais pour commencer, je dois les trouver.<\/p>\n<p>[\/vc_column_text][\/vc_column][\/vc_row][vc_row][vc_column][vc_column_text css=&#8221;&#8221;]<\/p>\n<h3 class=\"p1\"><b>Mon astuce: chasser avec tous mes sens<\/b><\/h3>\n<p class=\"p1\">Dans les eaux peu profondes, mes bons yeux me sont tr\u00e8s utiles. Mais plus je plonge en profondeur, puis il fait noir autour de moi. Ce n&#8217;est pas un probl\u00e8me! En effet, par chance, la plupart des poissons ne sont pas muets \u2013 et moi, j&#8217;ai l&#8217;ou\u00efe fine. De plus, mes longues moustaches per\u00e7oivent le moindre courant g\u00e9n\u00e9r\u00e9 par un poisson qui nage.<\/p>\n<p>[\/vc_column_text][\/vc_column][\/vc_row][vc_row][vc_column][vc_column_text css=&#8221;&#8221;]<\/p>\n<h3 class=\"p1\"><b>\u00abMuet comme une carpe\u00bb, vraiment?<\/b><\/h3>\n<p class=\"p1\">L&#8217;oc\u00e9an n&#8217;est jamais totalement silencieux. Les baleines chantent. Les poissons tambourinent, grognent&#8230; ou p\u00e8tent. Mes comp\u00e8res m\u00e2les attirent l&#8217;attention en \u00e9mettant des grondements sourds. Et que dire des humains dont les machines sont souvent tr\u00e8s bruyantes!<\/p>\n<p>[\/vc_column_text][\/vc_column][\/vc_row][vc_row][vc_column][vc_column_text css=&#8221;&#8221;]<\/p>\n<h3 class=\"p1\"><b>Le savais-tu?<\/b><\/h3>\n<p class=\"p1\">Au total, les oc\u00e9ans contiennent pr\u00e8s d&#8217;1,3\u00a0trilliard de litres d&#8217;eau. Pour transporter un tel volume dans des camions-citernes, il faudrait cr\u00e9er un convoi qui ferait plus de 100\u00a0milliards de fois le tour de la Terre.<\/p>\n<p>[\/vc_column_text][\/vc_column][\/vc_row][vc_row][vc_column][vc_column_text css=&#8221;&#8221;]<\/p>\n<p class=\"p1\">Peux-tu distinguer les sons sous-marins? Un voyant s&#8217;allume pr\u00e8s de l&#8217;animal que tu \u00e9coutes. En soulevant le volet, tu d\u00e9couvriras comment et pourquoi ce son est produit.<\/p>\n<p>[\/vc_column_text][\/vc_column][\/vc_row][vc_row][vc_column][vc_tta_accordion][vc_tta_section title=&#8221;Int\u00e9rieur du volet aiglefin:&#8221; tab_id=&#8221;1747084248013-37fde679-9384&#8243;][vc_column_text css=&#8221;&#8221;]<\/p>\n<p class=\"p1\">L&#8217;aiglefin (<i>Melanogrammus aeglefinus<\/i>) est l&#8217;une de mes proies pr\u00e9f\u00e9r\u00e9es. Avec sa vessie natatoire et des muscles sp\u00e9ciaux, il g\u00e9n\u00e8re un roulement de tambour parfois si rapide qu&#8217;on n&#8217;entend plus qu&#8217;un long vrombissement. Les muscles \u00abmusiciens\u00bb de ce poisson grandissent avec lui et sont de taille diff\u00e9rente chez les m\u00e2les et les femelles. Par cons\u00e9quent, ils nous permettent de deviner l&#8217;\u00e2ge et le sexe d&#8217;un aiglefin au son qu&#8217;il \u00e9met.<\/p>\n<p>[\/vc_column_text][\/vc_tta_section][vc_tta_section title=&#8221;Int\u00e9rieur du volet scorpion de mer:&#8221; tab_id=&#8221;1747084248029-e9b5a08c-bbc7&#8243;][vc_column_text css=&#8221;&#8221;]<\/p>\n<p class=\"p1\">Contrairement \u00e0 ce que son nom pourrait laisser penser, le scorpion de mer (<i>Myoxocephalus scorpius<\/i>) est un poisson inoffensif \u2013 sauf pour les petits crabes et vers qu&#8217;il chasse la nuit. Le scorpion de mer communique en frottant ses muscles cr\u00e2niaux aux os de son \u00e9paule. En s&#8217;aidant de sa grande bouche comme amplificateur, il r\u00e9ussit \u00e0 produire un grondement tr\u00e8s grave. Le scorpion de mer gronde surtout pendant la p\u00e9riode de reproduction, mais aussi quand il se sent menac\u00e9.<\/p>\n<p>[\/vc_column_text][\/vc_tta_section][vc_tta_section title=&#8221;Int\u00e9rieur du volet hareng:&#8221; tab_id=&#8221;1747084301390-57a006d6-0693&#8243;][vc_column_text css=&#8221;&#8221;]<\/p>\n<p class=\"p1\">Les harengs (<i>Clupea harengus<\/i>) avalent de l&#8217;air en surface, le stockent dans un organe sp\u00e9cial et l&#8217;expulsent par le derri\u00e8re. Ils communiquent gr\u00e2ce aux pets sonores qu&#8217;ils \u00e9mettent. Dans leur version originale, ces pets sont brefs et peu spectaculaires. Pour les oreilles humaines, ils ressemblent \u00e0 une sorte de clic. Ce que tu entends, c&#8217;est un son fortement ralenti.<\/p>\n<p>[\/vc_column_text][\/vc_tta_section][vc_tta_section title=&#8221;Int\u00e9rieur du volet crevette alph\u00e9ide:&#8221; tab_id=&#8221;1747084322366-69006359-8b26&#8243;][vc_column_text css=&#8221;&#8221;]<\/p>\n<p class=\"p1\">La crevette cardon rouge (<i>Alpheus glaber<\/i>), \u00e9galement appel\u00e9e crevette-pistolet, est consid\u00e9r\u00e9e comme l&#8217;animal le plus bruyant au monde. En refermant ses pinces creuses d&#8217;un coup sec, elle produit trois choses: un jet d&#8217;eau proche des 100\u00a0km\/h, une implosion et une d\u00e9tonation sup\u00e9rieure \u00e0 200 d\u00e9cibels \u2013 soit plus qu&#8217;un avion \u00e0 r\u00e9action. Le jet d&#8217;eau lui permet de communiquer avec ses comparses ou de menacer ses ennemis. L&#8217;implosion fait bri\u00e8vement bouillir l&#8217;eau autour de la crevette et \u00e9tourdit les petits animaux que la crevette peut ensuite d\u00e9vorer.<\/p>\n<p>[\/vc_column_text][\/vc_tta_section][vc_tta_section title=&#8221;Int\u00e9rieur du volet phoque veau-marin:&#8221; tab_id=&#8221;1747084347252-76f79a1a-4618&#8243;][vc_column_text css=&#8221;&#8221;]<\/p>\n<p class=\"p1\">Nous aussi, les phoques, nous produisons des sons sous l&#8217;eau, mais moins que sur terre. C&#8217;est sans doute mieux ainsi, car nos hurlements sont plut\u00f4t d\u00e9sagr\u00e9ables. Enfin, seulement pour vous, les humains. Pour nous, ce sont des cris d\u2019appel qui veulent dire: \u00abEh, je suis l\u00e0!\u00bb<\/p>\n<p>[\/vc_column_text][\/vc_tta_section][vc_tta_section title=&#8221;Int\u00e9rieur du volet phoque gris:&#8221; tab_id=&#8221;1747084473734-ba66a860-e9cc&#8221;][vc_column_text css=&#8221;&#8221;]<\/p>\n<p class=\"p1\">Mon grand cousin, le phoque gris (<i>Halichoerus grypus<\/i>), vit avec moi dans la mer du Nord et la mer Baltique. Les applaudissements bruyants que vous entendez sont des signaux d&#8217;alerte sous-marins. Les phoques gris font claquer leurs nageoires l&#8217;une contre l&#8217;autre pour avertir les autres du danger.<\/p>\n<p>[\/vc_column_text][\/vc_tta_section][vc_tta_section title=&#8221;Int\u00e9rieur du volet baleine \u00e0 bosse:&#8221; tab_id=&#8221;1747084497222-91e7db95-f2fc&#8221;][vc_column_text css=&#8221;&#8221;]<\/p>\n<p class=\"p1\">Le chant de la baleine \u00e0 bosse (<i>Megaptera novaeangliae<\/i>) est \u00e0 la fois extr\u00eamement m\u00e9lodieux et tr\u00e8s complexe. Les humains disent que ce chant est structur\u00e9 comme votre langue et qu&#8217;il est transmis par les m\u00e8res \u00e0 leurs petits. C&#8217;est donc une v\u00e9ritable langue maternelle. Les baleines \u00e0 bosse communiquent \u00e0 l&#8217;aide de br\u00e8ves m\u00e9lodies, par exemple lorsqu&#8217;elles encerclent des bancs de poissons. Les chants longs sont uniquement produits par les m\u00e2les pendant la saison des amours.<\/p>\n<p>[\/vc_column_text][\/vc_tta_section][vc_tta_section title=&#8221;Int\u00e9rieur du volet bateau:&#8221; tab_id=&#8221;1747084518244-1e4a1723-e848&#8243;][vc_column_text css=&#8221;&#8221;]<\/p>\n<p class=\"p1\">Vous, les humains, avez emprunt\u00e9 le sonar du bateau au dauphin. Cet appareil \u00e9met des sons bruyants qui reviennent comme un \u00e9cho lorsqu&#8217;ils butent sur le fond de la mer ou sur des objets. Plus l&#8217;eau est profonde, plus l&#8217;\u00e9cho est long. Cela permet de d\u00e9tecter les bancs de poissons et les bas-fonds. Malheureusement, le sonar est si bruyant que les baleines, les poissons et de nombreux autres animaux en p\u00e2tissent. Les baleines sont m\u00eame parfois d\u00e9sorient\u00e9es et s&#8217;\u00e9chouent sur les c\u00f4tes quand elles ne peuvent plus entendre leur propre \u00e9cho.<\/p>\n<p>[\/vc_column_text][\/vc_tta_section][\/vc_tta_accordion][\/vc_column][\/vc_row]<\/p>\n<\/div>","protected":false},"excerpt":{"rendered":"<p>[vc_row][vc_column][vc_column_text css=&#8221;&#8221;] Plonge avec moi [\/vc_column_text][vc_single_image image=&#8221;77998&#8243; css=&#8221;&#8221;][\/vc_column][\/vc_row][vc_row][vc_column][vc_column_text css=&#8221;&#8221;] Bienvenue dans l&#8217;oc\u00e9an, mon royaume. [\/vc_column_text][\/vc_column][\/vc_row][vc_row][vc_column][vc_column_text css=&#8221;&#8221;] Le d\u00e9fi: \u00e0 la p\u00eache aux friandises Se nourrir dans la mer, ce n&#8217;est pas si facile que \u00e7a. Seuls les phoques exp\u00e9riment\u00e9s parviennent \u00e0 capturer des proies en surface. Ici, les poissons qui vivent en bancs comme les [&hellip;]<\/p>\n","protected":false},"author":1,"featured_media":0,"parent":77885,"menu_order":0,"comment_status":"closed","ping_status":"closed","template":"bienenfresser-sub-page.php","meta":{"_acf_changed":false,"footnotes":""},"class_list":["post-77932","page","type-page","status-publish","hentry"],"acf":[],"yoast_head":"<title>Plonge avec moi | Tierpark Bern<\/title>\n<meta name=\"robots\" content=\"index, follow, max-snippet:-1, max-image-preview:large, max-video-preview:-1\" \/>\n<link rel=\"canonical\" href=\"https:\/\/tierpark-bern.ch\/fr\/seehund\/qr-1\/\" \/>\n<meta property=\"og:locale\" content=\"fr_FR\" \/>\n<meta property=\"og:type\" content=\"article\" \/>\n<meta property=\"og:title\" content=\"Plonge avec moi | Tierpark Bern\" \/>\n<meta property=\"og:description\" content=\"[vc_row][vc_column][vc_column_text css=&#8221;&#8221;] Plonge avec moi [\/vc_column_text][vc_single_image image=&#8221;77998&#8243; css=&#8221;&#8221;][\/vc_column][\/vc_row][vc_row][vc_column][vc_column_text css=&#8221;&#8221;] Bienvenue dans l&#8217;oc\u00e9an, mon royaume. [\/vc_column_text][\/vc_column][\/vc_row][vc_row][vc_column][vc_column_text css=&#8221;&#8221;] Le d\u00e9fi: \u00e0 la p\u00eache aux friandises Se nourrir dans la mer, ce n&#8217;est pas si facile que \u00e7a. Seuls les phoques exp\u00e9riment\u00e9s parviennent \u00e0 capturer des proies en surface. Ici, les poissons qui vivent en bancs comme les [&hellip;]\" \/>\n<meta property=\"og:url\" content=\"https:\/\/tierpark-bern.ch\/fr\/seehund\/qr-1\/\" \/>\n<meta property=\"og:site_name\" content=\"Tierpark Bern\" \/>\n<meta property=\"article:publisher\" content=\"https:\/\/www.facebook.com\/tierparkbern\/\" \/>\n<meta property=\"article:modified_time\" content=\"2025-05-12T21:15:57+00:00\" \/>\n<script type=\"application\/ld+json\" class=\"yoast-schema-graph\">{\"@context\":\"https:\/\/schema.org\",\"@graph\":[{\"@type\":\"WebPage\",\"@id\":\"https:\/\/tierpark-bern.ch\/fr\/seehund\/qr-1\/\",\"url\":\"https:\/\/tierpark-bern.ch\/fr\/seehund\/qr-1\/\",\"name\":\"Plonge avec moi | Tierpark Bern\",\"isPartOf\":{\"@id\":\"https:\/\/tierpark-bern.ch\/fr\/#website\"},\"datePublished\":\"2025-04-24T09:58:33+00:00\",\"dateModified\":\"2025-05-12T21:15:57+00:00\",\"breadcrumb\":{\"@id\":\"https:\/\/tierpark-bern.ch\/fr\/seehund\/qr-1\/#breadcrumb\"},\"inLanguage\":\"fr-FR\",\"potentialAction\":[{\"@type\":\"ReadAction\",\"target\":[\"https:\/\/tierpark-bern.ch\/fr\/seehund\/qr-1\/\"]}]},{\"@type\":\"BreadcrumbList\",\"@id\":\"https:\/\/tierpark-bern.ch\/fr\/seehund\/qr-1\/#breadcrumb\",\"itemListElement\":[{\"@type\":\"ListItem\",\"position\":1,\"name\":\"Home\",\"item\":\"https:\/\/tierpark-bern.ch\/fr\/home\/\"},{\"@type\":\"ListItem\",\"position\":2,\"name\":\"Seehunde-Anlagebeschriftung\",\"item\":\"https:\/\/tierpark-bern.ch\/fr\/seehund\/\"},{\"@type\":\"ListItem\",\"position\":3,\"name\":\"Plonge avec moi\"}]},{\"@type\":\"WebSite\",\"@id\":\"https:\/\/tierpark-bern.ch\/fr\/#website\",\"url\":\"https:\/\/tierpark-bern.ch\/fr\/\",\"name\":\"Tierpark Bern\",\"description\":\"\",\"publisher\":{\"@id\":\"https:\/\/tierpark-bern.ch\/fr\/#organization\"},\"potentialAction\":[{\"@type\":\"SearchAction\",\"target\":{\"@type\":\"EntryPoint\",\"urlTemplate\":\"https:\/\/tierpark-bern.ch\/fr\/?s={search_term_string}\"},\"query-input\":{\"@type\":\"PropertyValueSpecification\",\"valueRequired\":true,\"valueName\":\"search_term_string\"}}],\"inLanguage\":\"fr-FR\"},{\"@type\":\"Organization\",\"@id\":\"https:\/\/tierpark-bern.ch\/fr\/#organization\",\"name\":\"Tierpark Bern | D\u00e4hlh\u00f6lzli + B\u00e4renPark\",\"alternateName\":\"Tierpark Bern\",\"url\":\"https:\/\/tierpark-bern.ch\/fr\/\",\"logo\":{\"@type\":\"ImageObject\",\"inLanguage\":\"fr-FR\",\"@id\":\"https:\/\/tierpark-bern.ch\/fr\/#\/schema\/logo\/image\/\",\"url\":\"https:\/\/tierpark-bern.ch\/web\/app\/uploads\/2024\/04\/tierpark-bern-696x696-1.jpg\",\"contentUrl\":\"https:\/\/tierpark-bern.ch\/web\/app\/uploads\/2024\/04\/tierpark-bern-696x696-1.jpg\",\"width\":696,\"height\":696,\"caption\":\"Tierpark Bern | D\u00e4hlh\u00f6lzli + B\u00e4renPark\"},\"image\":{\"@id\":\"https:\/\/tierpark-bern.ch\/fr\/#\/schema\/logo\/image\/\"},\"sameAs\":[\"https:\/\/www.facebook.com\/tierparkbern\/\",\"https:\/\/x.com\/tierparkbern\",\"https:\/\/www.instagram.com\/tierparkbern\/\"]}]}<\/script>","yoast_head_json":{"title":"Plonge avec moi | Tierpark Bern","robots":{"index":"index","follow":"follow","max-snippet":"max-snippet:-1","max-image-preview":"max-image-preview:large","max-video-preview":"max-video-preview:-1"},"canonical":"https:\/\/tierpark-bern.ch\/fr\/seehund\/qr-1\/","og_locale":"fr_FR","og_type":"article","og_title":"Plonge avec moi | Tierpark Bern","og_description":"[vc_row][vc_column][vc_column_text css=&#8221;&#8221;] Plonge avec moi [\/vc_column_text][vc_single_image image=&#8221;77998&#8243; css=&#8221;&#8221;][\/vc_column][\/vc_row][vc_row][vc_column][vc_column_text css=&#8221;&#8221;] Bienvenue dans l&#8217;oc\u00e9an, mon royaume. [\/vc_column_text][\/vc_column][\/vc_row][vc_row][vc_column][vc_column_text css=&#8221;&#8221;] Le d\u00e9fi: \u00e0 la p\u00eache aux friandises Se nourrir dans la mer, ce n&#8217;est pas si facile que \u00e7a. Seuls les phoques exp\u00e9riment\u00e9s parviennent \u00e0 capturer des proies en surface. Ici, les poissons qui vivent en bancs comme les [&hellip;]","og_url":"https:\/\/tierpark-bern.ch\/fr\/seehund\/qr-1\/","og_site_name":"Tierpark Bern","article_publisher":"https:\/\/www.facebook.com\/tierparkbern\/","article_modified_time":"2025-05-12T21:15:57+00:00","schema":{"@context":"https:\/\/schema.org","@graph":[{"@type":"WebPage","@id":"https:\/\/tierpark-bern.ch\/fr\/seehund\/qr-1\/","url":"https:\/\/tierpark-bern.ch\/fr\/seehund\/qr-1\/","name":"Plonge avec moi | Tierpark Bern","isPartOf":{"@id":"https:\/\/tierpark-bern.ch\/fr\/#website"},"datePublished":"2025-04-24T09:58:33+00:00","dateModified":"2025-05-12T21:15:57+00:00","breadcrumb":{"@id":"https:\/\/tierpark-bern.ch\/fr\/seehund\/qr-1\/#breadcrumb"},"inLanguage":"fr-FR","potentialAction":[{"@type":"ReadAction","target":["https:\/\/tierpark-bern.ch\/fr\/seehund\/qr-1\/"]}]},{"@type":"BreadcrumbList","@id":"https:\/\/tierpark-bern.ch\/fr\/seehund\/qr-1\/#breadcrumb","itemListElement":[{"@type":"ListItem","position":1,"name":"Home","item":"https:\/\/tierpark-bern.ch\/fr\/home\/"},{"@type":"ListItem","position":2,"name":"Seehunde-Anlagebeschriftung","item":"https:\/\/tierpark-bern.ch\/fr\/seehund\/"},{"@type":"ListItem","position":3,"name":"Plonge avec moi"}]},{"@type":"WebSite","@id":"https:\/\/tierpark-bern.ch\/fr\/#website","url":"https:\/\/tierpark-bern.ch\/fr\/","name":"Tierpark Bern","description":"","publisher":{"@id":"https:\/\/tierpark-bern.ch\/fr\/#organization"},"potentialAction":[{"@type":"SearchAction","target":{"@type":"EntryPoint","urlTemplate":"https:\/\/tierpark-bern.ch\/fr\/?s={search_term_string}"},"query-input":{"@type":"PropertyValueSpecification","valueRequired":true,"valueName":"search_term_string"}}],"inLanguage":"fr-FR"},{"@type":"Organization","@id":"https:\/\/tierpark-bern.ch\/fr\/#organization","name":"Tierpark Bern | D\u00e4hlh\u00f6lzli + B\u00e4renPark","alternateName":"Tierpark Bern","url":"https:\/\/tierpark-bern.ch\/fr\/","logo":{"@type":"ImageObject","inLanguage":"fr-FR","@id":"https:\/\/tierpark-bern.ch\/fr\/#\/schema\/logo\/image\/","url":"https:\/\/tierpark-bern.ch\/web\/app\/uploads\/2024\/04\/tierpark-bern-696x696-1.jpg","contentUrl":"https:\/\/tierpark-bern.ch\/web\/app\/uploads\/2024\/04\/tierpark-bern-696x696-1.jpg","width":696,"height":696,"caption":"Tierpark Bern | D\u00e4hlh\u00f6lzli + B\u00e4renPark"},"image":{"@id":"https:\/\/tierpark-bern.ch\/fr\/#\/schema\/logo\/image\/"},"sameAs":["https:\/\/www.facebook.com\/tierparkbern\/","https:\/\/x.com\/tierparkbern","https:\/\/www.instagram.com\/tierparkbern\/"]}]}},"_links":{"self":[{"href":"https:\/\/tierpark-bern.ch\/fr\/wp-json\/wp\/v2\/pages\/77932","targetHints":{"allow":["GET"]}}],"collection":[{"href":"https:\/\/tierpark-bern.ch\/fr\/wp-json\/wp\/v2\/pages"}],"about":[{"href":"https:\/\/tierpark-bern.ch\/fr\/wp-json\/wp\/v2\/types\/page"}],"author":[{"embeddable":true,"href":"https:\/\/tierpark-bern.ch\/fr\/wp-json\/wp\/v2\/users\/1"}],"replies":[{"embeddable":true,"href":"https:\/\/tierpark-bern.ch\/fr\/wp-json\/wp\/v2\/comments?post=77932"}],"version-history":[{"count":0,"href":"https:\/\/tierpark-bern.ch\/fr\/wp-json\/wp\/v2\/pages\/77932\/revisions"}],"up":[{"embeddable":true,"href":"https:\/\/tierpark-bern.ch\/fr\/wp-json\/wp\/v2\/pages\/77885"}],"wp:attachment":[{"href":"https:\/\/tierpark-bern.ch\/fr\/wp-json\/wp\/v2\/media?parent=77932"}],"curies":[{"name":"wp","href":"https:\/\/api.w.org\/{rel}","templated":true}]}}