{"id":77939,"date":"2025-04-24T12:04:44","date_gmt":"2025-04-24T10:04:44","guid":{"rendered":"https:\/\/tierpark-bern.ch\/?page_id=77939"},"modified":"2025-05-16T15:33:47","modified_gmt":"2025-05-16T13:33:47","slug":"qr-3","status":"publish","type":"page","link":"https:\/\/tierpark-bern.ch\/fr\/seehund\/qr-3\/","title":{"rendered":"Joue avec moi"},"content":{"rendered":"<div class=\"wpb-content-wrapper\"><p>[vc_row][vc_column][vc_column_text css=&#8221;&#8221;]<\/p>\n<h1 class=\"p1\">Joue avec moi<\/h1>\n<p>[\/vc_column_text][vc_single_image image=&#8221;78057&#8243; css=&#8221;&#8221;][\/vc_column][\/vc_row][vc_row][vc_column][vc_column_text css=&#8221;&#8221;]<\/p>\n<p class=\"p1\">Jouer, c&#8217;est amusant, et \u00e7a permet d&#8217;apprendre la vie.<\/p>\n<p>[\/vc_column_text][\/vc_column][\/vc_row][vc_row][vc_column][vc_column_text css=&#8221;&#8221;]<\/p>\n<h3 class=\"p1\"><b>Le d\u00e9fi: un monde complexe<\/b><\/h3>\n<p class=\"p1\">Mon habitat et mon r\u00e9gime alimentaire sont incroyablement vari\u00e9s. De nouveaux d\u00e9fis m&#8217;attendent un peu partout: dans les eaux troubles, je dois chasser diff\u00e9remment que dans la mer transparente, et un hareng ne se cache pas de la m\u00eame mani\u00e8re face \u00e0 moi qu&#8217;une limande. Pour r\u00e9ussir, je dois pourtant m&#8217;adapter \u00e0 tout.<\/p>\n<p>[\/vc_column_text][\/vc_column][\/vc_row][vc_row][vc_column][vc_column_text css=&#8221;&#8221;]<\/p>\n<h3 class=\"p1\"><b>Mon astuce: la curiosit\u00e9 et l&#8217;instinct du jeu <\/b><\/h3>\n<p class=\"p1\">Vous, les humains, vous le savez aussi bien que moi: c&#8217;est en jouant qu&#8217;on apprend le plus vite. Quand je d\u00e9couvre quelque chose de nouveau, je commence par l&#8217;observer tr\u00e8s attentivement. S&#8217;il n&#8217;y a pas danger, je m&#8217;approche en nageant et je regarde ce que je peux en faire. Que se passe-t-il si je mords dedans? Est-ce que c&#8217;est bon? \u00c7a nage ou \u00e7a coule? Ainsi, j&#8217;apprends la vie.<\/p>\n<p>[\/vc_column_text][\/vc_column][\/vc_row][vc_row][vc_column][vc_column_text css=&#8221;&#8221;]<\/p>\n<h3 class=\"p1\"><b>Le savais-tu?<\/b><\/h3>\n<p class=\"p1\">L&#8217;entra\u00eenement avec mes soigneurs est un jeu pour moi. Ils me donnent des consignes que j&#8217;essaie de suivre. Et quand je r\u00e9ussis bien, ils m&#8217;offrent une r\u00e9compense.<\/p>\n<p>[\/vc_column_text][\/vc_column][\/vc_row][vc_row][vc_column][vc_column_text css=&#8221;&#8221;]<\/p>\n<h3 class=\"p1\"><b>Bullons ensemble<\/b><\/h3>\n<p class=\"p1\">Quand quelque chose me pla\u00eet, je joue toujours avec. Je suis totalement fascin\u00e9 par les bulles de savon. Appuie sur le bouton pour en souffler quelques-unes.<br \/>\nSi \u00e7a ne fonctionne pas tout de suite, fais preuve de patience. La machine a besoin d&#8217;une minute pour refaire le plein d&#8217;air.<\/p>\n<p>[\/vc_column_text][\/vc_column][\/vc_row][vc_row][vc_column][vc_column_text css=&#8221;&#8221;]<\/p>\n<h3 class=\"p1\">Le phoque raconte<\/h3>\n<audio class=\"wp-audio-shortcode\" id=\"audio-77939-1\" preload=\"none\" style=\"width: 100%;\" controls=\"controls\"><source type=\"audio\/mpeg\" src=\"https:\/\/tierpark-bern.ch\/web\/app\/uploads\/2025\/05\/FR_Modul-3-Spiel-mit-mir_TZ04.mp3?_=1\" \/><a href=\"https:\/\/tierpark-bern.ch\/web\/app\/uploads\/2025\/05\/FR_Modul-3-Spiel-mit-mir_TZ04.mp3\">https:\/\/tierpark-bern.ch\/web\/app\/uploads\/2025\/05\/FR_Modul-3-Spiel-mit-mir_TZ04.mp3<\/a><\/audio>\n<p>[\/vc_column_text][\/vc_column][\/vc_row]<\/p>\n<\/div>","protected":false},"excerpt":{"rendered":"<p>[vc_row][vc_column][vc_column_text css=&#8221;&#8221;] Joue avec moi [\/vc_column_text][vc_single_image image=&#8221;78057&#8243; css=&#8221;&#8221;][\/vc_column][\/vc_row][vc_row][vc_column][vc_column_text css=&#8221;&#8221;] Jouer, c&#8217;est amusant, et \u00e7a permet d&#8217;apprendre la vie. [\/vc_column_text][\/vc_column][\/vc_row][vc_row][vc_column][vc_column_text css=&#8221;&#8221;] Le d\u00e9fi: un monde complexe Mon habitat et mon r\u00e9gime alimentaire sont incroyablement vari\u00e9s. De nouveaux d\u00e9fis m&#8217;attendent un peu partout: dans les eaux troubles, je dois chasser diff\u00e9remment que dans la mer transparente, et [&hellip;]<\/p>\n","protected":false},"author":1,"featured_media":0,"parent":77885,"menu_order":3,"comment_status":"closed","ping_status":"closed","template":"bienenfresser-sub-page.php","meta":{"_acf_changed":false,"footnotes":""},"class_list":["post-77939","page","type-page","status-publish","hentry"],"acf":[],"yoast_head":"<title>Joue avec moi | Tierpark Bern<\/title>\n<meta name=\"robots\" content=\"index, follow, max-snippet:-1, max-image-preview:large, max-video-preview:-1\" \/>\n<link rel=\"canonical\" href=\"https:\/\/tierpark-bern.ch\/fr\/seehund\/qr-3\/\" \/>\n<meta property=\"og:locale\" content=\"fr_FR\" \/>\n<meta property=\"og:type\" content=\"article\" \/>\n<meta property=\"og:title\" content=\"Joue avec moi | Tierpark Bern\" \/>\n<meta property=\"og:description\" content=\"[vc_row][vc_column][vc_column_text css=&#8221;&#8221;] Joue avec moi [\/vc_column_text][vc_single_image image=&#8221;78057&#8243; css=&#8221;&#8221;][\/vc_column][\/vc_row][vc_row][vc_column][vc_column_text css=&#8221;&#8221;] Jouer, c&#8217;est amusant, et \u00e7a permet d&#8217;apprendre la vie. [\/vc_column_text][\/vc_column][\/vc_row][vc_row][vc_column][vc_column_text css=&#8221;&#8221;] Le d\u00e9fi: un monde complexe Mon habitat et mon r\u00e9gime alimentaire sont incroyablement vari\u00e9s. De nouveaux d\u00e9fis m&#8217;attendent un peu partout: dans les eaux troubles, je dois chasser diff\u00e9remment que dans la mer transparente, et [&hellip;]\" \/>\n<meta property=\"og:url\" content=\"https:\/\/tierpark-bern.ch\/fr\/seehund\/qr-3\/\" \/>\n<meta property=\"og:site_name\" content=\"Tierpark Bern\" \/>\n<meta property=\"article:publisher\" content=\"https:\/\/www.facebook.com\/tierparkbern\/\" \/>\n<meta property=\"article:modified_time\" content=\"2025-05-16T13:33:47+00:00\" \/>\n<script type=\"application\/ld+json\" class=\"yoast-schema-graph\">{\"@context\":\"https:\/\/schema.org\",\"@graph\":[{\"@type\":\"WebPage\",\"@id\":\"https:\/\/tierpark-bern.ch\/fr\/seehund\/qr-3\/\",\"url\":\"https:\/\/tierpark-bern.ch\/fr\/seehund\/qr-3\/\",\"name\":\"Joue avec moi | Tierpark Bern\",\"isPartOf\":{\"@id\":\"https:\/\/tierpark-bern.ch\/fr\/#website\"},\"datePublished\":\"2025-04-24T10:04:44+00:00\",\"dateModified\":\"2025-05-16T13:33:47+00:00\",\"breadcrumb\":{\"@id\":\"https:\/\/tierpark-bern.ch\/fr\/seehund\/qr-3\/#breadcrumb\"},\"inLanguage\":\"fr-FR\",\"potentialAction\":[{\"@type\":\"ReadAction\",\"target\":[\"https:\/\/tierpark-bern.ch\/fr\/seehund\/qr-3\/\"]}]},{\"@type\":\"BreadcrumbList\",\"@id\":\"https:\/\/tierpark-bern.ch\/fr\/seehund\/qr-3\/#breadcrumb\",\"itemListElement\":[{\"@type\":\"ListItem\",\"position\":1,\"name\":\"Home\",\"item\":\"https:\/\/tierpark-bern.ch\/fr\/home\/\"},{\"@type\":\"ListItem\",\"position\":2,\"name\":\"Seehunde-Anlagebeschriftung\",\"item\":\"https:\/\/tierpark-bern.ch\/fr\/seehund\/\"},{\"@type\":\"ListItem\",\"position\":3,\"name\":\"Joue avec moi\"}]},{\"@type\":\"WebSite\",\"@id\":\"https:\/\/tierpark-bern.ch\/fr\/#website\",\"url\":\"https:\/\/tierpark-bern.ch\/fr\/\",\"name\":\"Tierpark Bern\",\"description\":\"\",\"publisher\":{\"@id\":\"https:\/\/tierpark-bern.ch\/fr\/#organization\"},\"potentialAction\":[{\"@type\":\"SearchAction\",\"target\":{\"@type\":\"EntryPoint\",\"urlTemplate\":\"https:\/\/tierpark-bern.ch\/fr\/?s={search_term_string}\"},\"query-input\":{\"@type\":\"PropertyValueSpecification\",\"valueRequired\":true,\"valueName\":\"search_term_string\"}}],\"inLanguage\":\"fr-FR\"},{\"@type\":\"Organization\",\"@id\":\"https:\/\/tierpark-bern.ch\/fr\/#organization\",\"name\":\"Tierpark Bern | D\u00e4hlh\u00f6lzli + B\u00e4renPark\",\"alternateName\":\"Tierpark Bern\",\"url\":\"https:\/\/tierpark-bern.ch\/fr\/\",\"logo\":{\"@type\":\"ImageObject\",\"inLanguage\":\"fr-FR\",\"@id\":\"https:\/\/tierpark-bern.ch\/fr\/#\/schema\/logo\/image\/\",\"url\":\"https:\/\/tierpark-bern.ch\/web\/app\/uploads\/2024\/04\/tierpark-bern-696x696-1.jpg\",\"contentUrl\":\"https:\/\/tierpark-bern.ch\/web\/app\/uploads\/2024\/04\/tierpark-bern-696x696-1.jpg\",\"width\":696,\"height\":696,\"caption\":\"Tierpark Bern | D\u00e4hlh\u00f6lzli + B\u00e4renPark\"},\"image\":{\"@id\":\"https:\/\/tierpark-bern.ch\/fr\/#\/schema\/logo\/image\/\"},\"sameAs\":[\"https:\/\/www.facebook.com\/tierparkbern\/\",\"https:\/\/x.com\/tierparkbern\",\"https:\/\/www.instagram.com\/tierparkbern\/\"]}]}<\/script>","yoast_head_json":{"title":"Joue avec moi | Tierpark Bern","robots":{"index":"index","follow":"follow","max-snippet":"max-snippet:-1","max-image-preview":"max-image-preview:large","max-video-preview":"max-video-preview:-1"},"canonical":"https:\/\/tierpark-bern.ch\/fr\/seehund\/qr-3\/","og_locale":"fr_FR","og_type":"article","og_title":"Joue avec moi | Tierpark Bern","og_description":"[vc_row][vc_column][vc_column_text css=&#8221;&#8221;] Joue avec moi [\/vc_column_text][vc_single_image image=&#8221;78057&#8243; css=&#8221;&#8221;][\/vc_column][\/vc_row][vc_row][vc_column][vc_column_text css=&#8221;&#8221;] Jouer, c&#8217;est amusant, et \u00e7a permet d&#8217;apprendre la vie. [\/vc_column_text][\/vc_column][\/vc_row][vc_row][vc_column][vc_column_text css=&#8221;&#8221;] Le d\u00e9fi: un monde complexe Mon habitat et mon r\u00e9gime alimentaire sont incroyablement vari\u00e9s. De nouveaux d\u00e9fis m&#8217;attendent un peu partout: dans les eaux troubles, je dois chasser diff\u00e9remment que dans la mer transparente, et [&hellip;]","og_url":"https:\/\/tierpark-bern.ch\/fr\/seehund\/qr-3\/","og_site_name":"Tierpark Bern","article_publisher":"https:\/\/www.facebook.com\/tierparkbern\/","article_modified_time":"2025-05-16T13:33:47+00:00","schema":{"@context":"https:\/\/schema.org","@graph":[{"@type":"WebPage","@id":"https:\/\/tierpark-bern.ch\/fr\/seehund\/qr-3\/","url":"https:\/\/tierpark-bern.ch\/fr\/seehund\/qr-3\/","name":"Joue avec moi | Tierpark Bern","isPartOf":{"@id":"https:\/\/tierpark-bern.ch\/fr\/#website"},"datePublished":"2025-04-24T10:04:44+00:00","dateModified":"2025-05-16T13:33:47+00:00","breadcrumb":{"@id":"https:\/\/tierpark-bern.ch\/fr\/seehund\/qr-3\/#breadcrumb"},"inLanguage":"fr-FR","potentialAction":[{"@type":"ReadAction","target":["https:\/\/tierpark-bern.ch\/fr\/seehund\/qr-3\/"]}]},{"@type":"BreadcrumbList","@id":"https:\/\/tierpark-bern.ch\/fr\/seehund\/qr-3\/#breadcrumb","itemListElement":[{"@type":"ListItem","position":1,"name":"Home","item":"https:\/\/tierpark-bern.ch\/fr\/home\/"},{"@type":"ListItem","position":2,"name":"Seehunde-Anlagebeschriftung","item":"https:\/\/tierpark-bern.ch\/fr\/seehund\/"},{"@type":"ListItem","position":3,"name":"Joue avec moi"}]},{"@type":"WebSite","@id":"https:\/\/tierpark-bern.ch\/fr\/#website","url":"https:\/\/tierpark-bern.ch\/fr\/","name":"Tierpark Bern","description":"","publisher":{"@id":"https:\/\/tierpark-bern.ch\/fr\/#organization"},"potentialAction":[{"@type":"SearchAction","target":{"@type":"EntryPoint","urlTemplate":"https:\/\/tierpark-bern.ch\/fr\/?s={search_term_string}"},"query-input":{"@type":"PropertyValueSpecification","valueRequired":true,"valueName":"search_term_string"}}],"inLanguage":"fr-FR"},{"@type":"Organization","@id":"https:\/\/tierpark-bern.ch\/fr\/#organization","name":"Tierpark Bern | D\u00e4hlh\u00f6lzli + B\u00e4renPark","alternateName":"Tierpark Bern","url":"https:\/\/tierpark-bern.ch\/fr\/","logo":{"@type":"ImageObject","inLanguage":"fr-FR","@id":"https:\/\/tierpark-bern.ch\/fr\/#\/schema\/logo\/image\/","url":"https:\/\/tierpark-bern.ch\/web\/app\/uploads\/2024\/04\/tierpark-bern-696x696-1.jpg","contentUrl":"https:\/\/tierpark-bern.ch\/web\/app\/uploads\/2024\/04\/tierpark-bern-696x696-1.jpg","width":696,"height":696,"caption":"Tierpark Bern | D\u00e4hlh\u00f6lzli + B\u00e4renPark"},"image":{"@id":"https:\/\/tierpark-bern.ch\/fr\/#\/schema\/logo\/image\/"},"sameAs":["https:\/\/www.facebook.com\/tierparkbern\/","https:\/\/x.com\/tierparkbern","https:\/\/www.instagram.com\/tierparkbern\/"]}]}},"_links":{"self":[{"href":"https:\/\/tierpark-bern.ch\/fr\/wp-json\/wp\/v2\/pages\/77939","targetHints":{"allow":["GET"]}}],"collection":[{"href":"https:\/\/tierpark-bern.ch\/fr\/wp-json\/wp\/v2\/pages"}],"about":[{"href":"https:\/\/tierpark-bern.ch\/fr\/wp-json\/wp\/v2\/types\/page"}],"author":[{"embeddable":true,"href":"https:\/\/tierpark-bern.ch\/fr\/wp-json\/wp\/v2\/users\/1"}],"replies":[{"embeddable":true,"href":"https:\/\/tierpark-bern.ch\/fr\/wp-json\/wp\/v2\/comments?post=77939"}],"version-history":[{"count":0,"href":"https:\/\/tierpark-bern.ch\/fr\/wp-json\/wp\/v2\/pages\/77939\/revisions"}],"up":[{"embeddable":true,"href":"https:\/\/tierpark-bern.ch\/fr\/wp-json\/wp\/v2\/pages\/77885"}],"wp:attachment":[{"href":"https:\/\/tierpark-bern.ch\/fr\/wp-json\/wp\/v2\/media?parent=77939"}],"curies":[{"name":"wp","href":"https:\/\/api.w.org\/{rel}","templated":true}]}}